{"id":83672,"date":"2024-11-24T15:53:47","date_gmt":"2024-11-24T15:53:47","guid":{"rendered":"https:\/\/electromenagerexpress.com\/product\/barre-de-sonpanasonicsc-htb250eg-noir\/"},"modified":"2024-11-24T15:53:50","modified_gmt":"2024-11-24T15:53:50","slug":"barre-de-sonpanasonicsc-htb250eg-noir","status":"publish","type":"product","link":"https:\/\/electromenagerexpress.com\/en\/product\/barre-de-sonpanasonicsc-htb250eg-noir\/","title":{"rendered":"Barre de son\t\t\t\t\t\t\tPANASONIC\t\t\t\tSC-HTB250EG Noir"},"content":{"rendered":"<div class=\"product-features__content\">\n<ul role=\"list\">\n<li class=\"product-features__item\" role=\"listitem\">\n<h3 class=\"product-features__label\">Son<\/h3>\n<ul role=\"list\">\n<li class=\"product-features__item-list__item\" role=\"listitem\"><span class=\"is--medium\">Puissance :<\/span> 120 Watts RMS\t\t\t\t\t<\/li>\n<li class=\"product-features__item-list__item\" role=\"listitem\"><span class=\"is--medium\">Comprendre les watts RMS :<\/span> ce sont les watts r\u00e9ellement utils\u00e9s pour d\u00e9livrer la puissance de l&rsquo;enceinte\t\t\t\t\t<\/li>\n<li class=\"product-features__item-list__item\" role=\"listitem\"><span class=\"is--medium\">Traitement du son :<\/span> DTS\t\t\t\t\t<\/li>\n<\/ul>\n<\/li>\n<li class=\"product-features__item\" role=\"listitem\">\n<h3 class=\"product-features__label\">Connectiques<\/h3>\n<ul role=\"list\">\n<li class=\"product-features__item-list__item\" role=\"listitem\"><span class=\"is--medium\">Sortie HDMI :<\/span> 1\t\t\t\t\t<\/li>\n<\/ul>\n<\/li>\n<li class=\"product-features__item\" role=\"listitem\">\n<h3 class=\"product-features__label\">Connectivit\u00e9<\/h3>\n<ul role=\"list\">\n<li class=\"product-features__item-list__item\" role=\"listitem\"><span class=\"is--medium\">Bluetooth :<\/span> oui, permet de connecter votre t\u00e9l\u00e9viseur compatible ou vos appareils mobiles pour profiter du son sans fil\t\t\t\t\t<\/li>\n<li class=\"product-features__item-list__item\" role=\"listitem\"><span class=\"is--medium\">DLNA :<\/span> non\t\t\t\t\t<\/li>\n<li class=\"product-features__item-list__item\" role=\"listitem\"><span class=\"is--medium\">Wi-Fi :<\/span> Non\t\t\t\t\t<\/li>\n<li class=\"product-features__item-list__item\" role=\"listitem\"><span class=\"is--medium\">Chromecast :<\/span> Non\t\t\t\t\t<\/li>\n<\/ul>\n<\/li>\n<li class=\"product-features__item\" role=\"listitem\">\n<h3 class=\"product-features__label\">Informations compl\u00e9mentaires<\/h3>\n<ul role=\"list\">\n<li class=\"product-features__item-list__item\" role=\"listitem\"><span class=\"is--medium\">Fabriqu\u00e9 en :<\/span> Chine\t\t\t\t\t<\/li>\n<li class=\"product-features__item-list__item\" role=\"listitem\"><span class=\"is--medium\">Disponibilit\u00e9 des pi\u00e8ces d\u00e9tach\u00e9es (donn\u00e9es fournisseur) :<\/span> Non communiqu\u00e9e\t\t\t\t\t<\/li>\n<\/ul>\n<\/li>\n<\/ul>\n<\/div>\n<div class=\"product__disclosure-content\">\n<div class=\"js-read-more product-description__content\" data-read-more-name=\"description\" style=\"max-height: 500px; overflow: hidden;\">\n<p>Panasonic SC-HTB250EG, une barre de son accompagn\u00e9 d&rsquo;une sortie HDMI ARC<\/p>\n<p>Compact et puissant, le Panasonic SC-HTB250EG est une barre de son compatible DTS ainsi que Dolby Digital. Afin de le brancher \u00e0 une smart TV, il poss\u00e8de une sortie HDMI avec la norme ARC. Pour la connexion avec des appareils mobiles, il met en oeuvre un connecteur Bluetooth version 2.1.<\/p>\n<p>La qualit\u00e9 sonore de cette barre de son<\/p>\n<p>Gr\u00e2ce \u00e0 la technologie Virtuel Surround du Panasonic SC-HTB250EG, l&rsquo;utilisateur peut profiter d&rsquo;une sonorit\u00e9 immersive. En effet, cette fonctionnalit\u00e9 permet d&rsquo;\u00e9largir la spatialisation du son de mani\u00e8re virtuelle. \u00c0 propos des haut-parleurs, ces derniers sont aux nombres de 3, dont deux large bande et un caisson de basses. La puissance de sortie de l&rsquo;ensemble de ces tweeters est de 40 W RMS.<\/p>\n<p>Un accessoire dot\u00e9 de toutes les connectiques n\u00e9cessaires<\/p>\n<p>\u00c0 l&rsquo;arri\u00e8re du Panasonic SC-HTB250EG, vous pouvez trouver une entr\u00e9e audio optique, un port USB aliment\u00e9 et une sortie HDMI compatible CEC\/ARC. De ce fait, cette barre de son peut facilement s&rsquo;associer \u00e0 la plupart des appareils dans la maison.<\/p>\n<\/div>\n<\/div>","protected":false},"excerpt":{"rendered":"<div class=\"keypoints\">\n<h3 class=\"keypoints__title\">Les points cl\u00e9s<\/h3>\n<ul role=\"list\">\n<li class=\"keypoints__item\" role=\"listitem\">                                        120 Watts RMS : id\u00e9al pour une pi\u00e8ce de 20 \u00e0 40m2                      <\/li>\n<li class=\"keypoints__item\" role=\"listitem\">                                        DTS                      <\/li>\n<\/ul>","protected":false},"featured_media":83671,"template":"","meta":{"_glsr_average":0,"_glsr_ranking":0,"_glsr_reviews":0},"product_cat":[453],"product_tag":[454,451],"class_list":{"0":"post-83672","1":"product","2":"type-product","3":"status-publish","4":"has-post-thumbnail","6":"product_cat-barre-de-son","7":"product_tag-barre-de-son","8":"product_tag-tv-image-son","10":"first","11":"instock","12":"sale","13":"shipping-taxable","14":"purchasable","15":"product-type-simple"},"_links":{"self":[{"href":"https:\/\/electromenagerexpress.com\/en\/wp-json\/wp\/v2\/product\/83672","targetHints":{"allow":["GET"]}}],"collection":[{"href":"https:\/\/electromenagerexpress.com\/en\/wp-json\/wp\/v2\/product"}],"about":[{"href":"https:\/\/electromenagerexpress.com\/en\/wp-json\/wp\/v2\/types\/product"}],"wp:featuredmedia":[{"embeddable":true,"href":"https:\/\/electromenagerexpress.com\/en\/wp-json\/wp\/v2\/media\/83671"}],"wp:attachment":[{"href":"https:\/\/electromenagerexpress.com\/en\/wp-json\/wp\/v2\/media?parent=83672"}],"wp:term":[{"taxonomy":"product_cat","embeddable":true,"href":"https:\/\/electromenagerexpress.com\/en\/wp-json\/wp\/v2\/product_cat?post=83672"},{"taxonomy":"product_tag","embeddable":true,"href":"https:\/\/electromenagerexpress.com\/en\/wp-json\/wp\/v2\/product_tag?post=83672"}],"curies":[{"name":"wp","href":"https:\/\/api.w.org\/{rel}","templated":true}]}}