{"id":83585,"date":"2024-11-24T15:52:24","date_gmt":"2024-11-24T15:52:24","guid":{"rendered":"https:\/\/electromenagerexpress.com\/product\/enceinte-tvsonoroportable-ampli-vocal-faller-oskar\/"},"modified":"2024-11-24T15:52:29","modified_gmt":"2024-11-24T15:52:29","slug":"enceinte-tvsonoroportable-ampli-vocal-faller-oskar","status":"publish","type":"product","link":"https:\/\/electromenagerexpress.com\/en\/product\/enceinte-tvsonoroportable-ampli-vocal-faller-oskar\/","title":{"rendered":"Enceinte TV\t\t\t\t\t\t\tSONORO\t\t\t\tportable ampli vocal Faller Oskar"},"content":{"rendered":"<div class=\"product-features__content\">\n<ul role=\"list\">\n<li class=\"product-features__item\" role=\"listitem\">\n<h3 class=\"product-features__label\">Son<\/h3>\n<ul role=\"list\">\n<li class=\"product-features__item-list__item\" role=\"listitem\"><span class=\"is--medium\">Puissance :<\/span> Non communiqu\u00e9e\t\t\t\t\t<\/li>\n<\/ul>\n<\/li>\n<li class=\"product-features__item\" role=\"listitem\">\n<h3 class=\"product-features__label\">Equipement<\/h3>\n<ul role=\"list\">\n<li class=\"product-features__item-list__item\" role=\"listitem\"><span class=\"is--medium\">Typologie :<\/span> barre de son avec caisson int\u00e9gr\u00e9 , sert \u00e0 am\u00e9liorer le son de la t\u00e9l\u00e9 avec une profondeur de basse et une installation \u00e9pur\u00e9e\t\t\t\t\t<\/li>\n<\/ul>\n<\/li>\n<li class=\"product-features__item\" role=\"listitem\">\n<h3 class=\"product-features__label\">Connectiques<\/h3>\n<ul role=\"list\">\n<li class=\"product-features__item-list__item\" role=\"listitem\"><span class=\"is--medium\">Entr\u00e9e Optique :<\/span> oui, permet d&rsquo;envoyer le son de sa TV vers une barre de son en num\u00e9rique, ou un casque TV avec un c\u00e2ble optique\t\t\t\t\t<\/li>\n<li class=\"product-features__item-list__item\" role=\"listitem\"><span class=\"is--medium\">Entr\u00e9e auxiliaire :<\/span> 1\t\t\t\t\t<\/li>\n<\/ul>\n<\/li>\n<li class=\"product-features__item\" role=\"listitem\">\n<h3 class=\"product-features__label\">Consommation<\/h3>\n<ul role=\"list\">\n<li class=\"product-features__item-list__item\" role=\"listitem\"><span class=\"is--medium\">Consommation de la barre en veille :<\/span> 0,1 W\t\t\t\t\t<\/li>\n<li class=\"product-features__item-list__item\" role=\"listitem\"><span class=\"is--medium\">Consommation totale en veille :<\/span> 0,5 W\t\t\t\t\t<\/li>\n<\/ul>\n<\/li>\n<li class=\"product-features__item\" role=\"listitem\">\n<h3 class=\"product-features__label\">Dimensions<\/h3>\n<ul role=\"list\">\n<li class=\"product-features__item-list__item\" role=\"listitem\"><span class=\"is--medium\">LxHxP enceinte :<\/span> 24 x 10.19 x 6 cm\t\t\t\t\t<\/li>\n<li class=\"product-features__item-list__item\" role=\"listitem\"><span class=\"is--medium\">Poids de l&rsquo;enceinte :<\/span> 770,0 g\t\t\t\t\t<\/li>\n<\/ul>\n<\/li>\n<li class=\"product-features__item\" role=\"listitem\">\n<h3 class=\"product-features__label\">Informations compl\u00e9mentaires<\/h3>\n<ul role=\"list\">\n<li class=\"product-features__item-list__item\" role=\"listitem\"><span class=\"is--medium\">Fabriqu\u00e9 en :<\/span> Chine\t\t\t\t\t<\/li>\n<li class=\"product-features__item-list__item\" role=\"listitem\"><span class=\"is--medium\">Disponibilit\u00e9 des pi\u00e8ces d\u00e9tach\u00e9es (donn\u00e9es fournisseur) :<\/span> Pendant 2 ans, \u00e0 compter de la date d&rsquo;achat\t\t\t\t\t<\/li>\n<\/ul>\n<\/li>\n<\/ul>\n<\/div>\n<div class=\"product__disclosure-content\">\n<div class=\"js-read-more product-description__content read-more read-more--truncated\" data-read-more-name=\"description\" style=\"max-height: 500px; overflow: hidden;\">\n<p><center><br \/><img decoding=\"async\" alt=\"URL SCENE7\" src=\"https:\/\/sonoro.com\/wp-content\/uploads\/2023\/08\/Oskar-HTML-2-scaled.jpg\" width=\"750\"\/><\/p>\n<p><\/center><\/div>\n<p><bl-button a11yexpanded=\"false\" arialabel=\"Afficher toute la description\" class=\"read-more__btn\" full=\"false\" link=\"true\"><\/bl-button><\/div>","protected":false},"excerpt":{"rendered":"<div class=\"keypoints\">\n<h3 class=\"keypoints__title\">Les points cl\u00e9s<\/h3>\n<ul role=\"list\">\n<li class=\"keypoints__item\" role=\"listitem\">                                        Barre de son avec caisson int\u00e9gr\u00e9                      <\/li>\n<li class=\"keypoints__item\" role=\"listitem\">                                        Entr\u00e9e Optique                      <\/li>\n<li class=\"keypoints__item\" role=\"listitem\">                                        LxHxP enceinte : 24 x 10.19 x 6 cm                      <\/li>\n<\/ul>","protected":false},"featured_media":83584,"template":"","meta":{"_glsr_average":0,"_glsr_ranking":0,"_glsr_reviews":0},"product_cat":[453],"product_tag":[454,451],"class_list":{"0":"post-83585","1":"product","2":"type-product","3":"status-publish","4":"has-post-thumbnail","6":"product_cat-barre-de-son","7":"product_tag-barre-de-son","8":"product_tag-tv-image-son","10":"first","11":"instock","12":"sale","13":"shipping-taxable","14":"purchasable","15":"product-type-simple"},"_links":{"self":[{"href":"https:\/\/electromenagerexpress.com\/en\/wp-json\/wp\/v2\/product\/83585","targetHints":{"allow":["GET"]}}],"collection":[{"href":"https:\/\/electromenagerexpress.com\/en\/wp-json\/wp\/v2\/product"}],"about":[{"href":"https:\/\/electromenagerexpress.com\/en\/wp-json\/wp\/v2\/types\/product"}],"wp:featuredmedia":[{"embeddable":true,"href":"https:\/\/electromenagerexpress.com\/en\/wp-json\/wp\/v2\/media\/83584"}],"wp:attachment":[{"href":"https:\/\/electromenagerexpress.com\/en\/wp-json\/wp\/v2\/media?parent=83585"}],"wp:term":[{"taxonomy":"product_cat","embeddable":true,"href":"https:\/\/electromenagerexpress.com\/en\/wp-json\/wp\/v2\/product_cat?post=83585"},{"taxonomy":"product_tag","embeddable":true,"href":"https:\/\/electromenagerexpress.com\/en\/wp-json\/wp\/v2\/product_tag?post=83585"}],"curies":[{"name":"wp","href":"https:\/\/api.w.org\/{rel}","templated":true}]}}