{"id":83570,"date":"2024-11-24T15:52:10","date_gmt":"2024-11-24T15:52:10","guid":{"rendered":"https:\/\/electromenagerexpress.com\/product\/barre-de-sonsamsung-hw-q60b\/"},"modified":"2024-11-24T15:52:22","modified_gmt":"2024-11-24T15:52:22","slug":"barre-de-sonsamsung-hw-q60b","status":"publish","type":"product","link":"https:\/\/electromenagerexpress.com\/en\/product\/barre-de-sonsamsung-hw-q60b\/","title":{"rendered":"Barre de son\t\t\t\t\t\t\tSAMSUNG \t\t\t\tHW-Q60B"},"content":{"rendered":"<div class=\"product-features__content\">\n<ul role=\"list\">\n<li class=\"product-features__item\" role=\"listitem\">\n<h3 class=\"product-features__label\">Son<\/h3>\n<ul role=\"list\">\n<li class=\"product-features__item-list__item\" role=\"listitem\"><span class=\"is--medium\">Puissance :<\/span> Non communiqu\u00e9e par Samsung\t\t\t\t\t<\/li>\n<li class=\"product-features__item-list__item\" role=\"listitem\"><span class=\"is--medium\">Nombre de haut-parleur :<\/span> 7\t\t\t\t\t<\/li>\n<li class=\"product-features__item-list__item\" role=\"listitem\"><span class=\"is--medium\">Traitement du son :<\/span> Dolby Atmos, DTS, DTS X\t\t\t\t\t<\/li>\n<li class=\"product-features__item-list__item\" role=\"listitem\"><span class=\"is--medium\">Dolby Atmos :<\/span> le Dolby atmos est un syst\u00e8me d&rsquo;enceintes r\u00e9fl\u00e9chissant le son sur le plafond et les murs pour des effets sonores 3D afin de vous plonger au coeur de l&rsquo;action\t\t\t\t\t<\/li>\n<li class=\"product-features__item-list__item\" role=\"listitem\"><span class=\"is--medium\">DTS X :<\/span> le DTS-X est un mode de traitement du son qui permet de restituer chez soi un effet sonore en trois dimensions\t\t\t\t\t<\/li>\n<li class=\"product-features__item-list__item\" role=\"listitem\"><span class=\"is--medium\">Hi-Res :<\/span> non\t\t\t\t\t<\/li>\n<li class=\"product-features__item-list__item\" role=\"listitem\"><span class=\"is--medium\">Q symphony :<\/span> oui, synchroniser les hauts parleurs de votre t\u00e9l\u00e9vision compatible avec ceux de votre barre de son et vivez une exp\u00e9rience plus immersive\t\t\t\t\t<\/li>\n<li class=\"product-features__item-list__item\" role=\"listitem\"><span class=\"is--medium\">Calibrage automatique :<\/span> non\t\t\t\t\t<\/li>\n<\/ul>\n<\/li>\n<li class=\"product-features__item\" role=\"listitem\">\n<h3 class=\"product-features__label\">Equipement<\/h3>\n<ul role=\"list\">\n<li class=\"product-features__item-list__item\" role=\"listitem\"><span class=\"is--medium\">Typologie :<\/span> barre de son avec caisson sans fil, sert \u00e0 am\u00e9liorer le son de la t\u00e9l\u00e9 et restituer les sons les plus graves\t\t\t\t\t<\/li>\n<li class=\"product-features__item-list__item\" role=\"listitem\"><span class=\"is--medium\">Enceintes arri\u00e8res :<\/span> en option\t\t\t\t\t<\/li>\n<li class=\"product-features__item-list__item\" role=\"listitem\"><span class=\"is--medium\">Le saviez-vous :<\/span> \u00e9quiper sa barre de son avec des enceintes arri\u00e8res permet d&rsquo;am\u00e9liorer l&rsquo;immersion sonore\t\t\t\t\t<\/li>\n<li class=\"product-features__item-list__item\" role=\"listitem\"><span class=\"is--medium\">Kit de fixation de barre de son au mur :<\/span> fourni\t\t\t\t\t<\/li>\n<\/ul>\n<\/li>\n<li class=\"product-features__item\" role=\"listitem\">\n<h3 class=\"product-features__label\">Connectiques<\/h3>\n<ul role=\"list\">\n<li class=\"product-features__item-list__item\" role=\"listitem\"><span class=\"is--medium\">HDMI CEC :<\/span> oui, permet d&rsquo;utiliser la t\u00e9l\u00e9commande de votre TV pour piloter tous vos appareils branch\u00e9s en HDMI disposant de la m\u00eame norme CEC\t\t\t\t\t<\/li>\n<li class=\"product-features__item-list__item\" role=\"listitem\"><span class=\"is--medium\">HDMI Arc :<\/span> oui, permet de simplifier les branchements entre une TV et une barre de son et de limiter le nombre de c\u00e2bles utilis\u00e9s\t\t\t\t\t<\/li>\n<li class=\"product-features__item-list__item\" role=\"listitem\"><span class=\"is--medium\">Entr\u00e9e Optique :<\/span> oui, permet d&rsquo;envoyer le son de sa TV vers une barre de son en num\u00e9rique, ou un casque TV avec un c\u00e2ble optique\t\t\t\t\t<\/li>\n<li class=\"product-features__item-list__item\" role=\"listitem\"><span class=\"is--medium\">Entr\u00e9e auxiliaire :<\/span> 0\t\t\t\t\t<\/li>\n<li class=\"product-features__item-list__item\" role=\"listitem\"><span class=\"is--medium\">Port USB :<\/span> USB de lecture\t\t\t\t\t<\/li>\n<li class=\"product-features__item-list__item\" role=\"listitem\"><span class=\"is--medium\">Entr\u00e9e HDMI :<\/span> 1\t\t\t\t\t<\/li>\n<li class=\"product-features__item-list__item\" role=\"listitem\"><span class=\"is--medium\">Sortie HDMI :<\/span> 1\t\t\t\t\t<\/li>\n<\/ul>\n<\/li>\n<li class=\"product-features__item\" role=\"listitem\">\n<h3 class=\"product-features__label\">Connectivit\u00e9<\/h3>\n<ul role=\"list\">\n<li class=\"product-features__item-list__item\" role=\"listitem\"><span class=\"is--medium\">Bluetooth :<\/span> oui, permet de connecter votre t\u00e9l\u00e9viseur compatible ou vos appareils mobiles pour profiter du son sans fil\t\t\t\t\t<\/li>\n<li class=\"product-features__item-list__item\" role=\"listitem\"><span class=\"is--medium\">DLNA :<\/span> non\t\t\t\t\t<\/li>\n<li class=\"product-features__item-list__item\" role=\"listitem\"><span class=\"is--medium\">Wi-Fi :<\/span> Non\t\t\t\t\t<\/li>\n<li class=\"product-features__item-list__item\" role=\"listitem\"><span class=\"is--medium\">Chromecast :<\/span> Non\t\t\t\t\t<\/li>\n<li class=\"product-features__item-list__item\" role=\"listitem\"><span class=\"is--medium\">Assistant vocal :<\/span> non concern\u00e9\t\t\t\t\t<\/li>\n<\/ul>\n<\/li>\n<li class=\"product-features__item\" role=\"listitem\">\n<h3 class=\"product-features__label\">Consommation<\/h3>\n<ul role=\"list\">\n<li class=\"product-features__item-list__item\" role=\"listitem\"><span class=\"is--medium\">Consommation de la barre :<\/span> 31,0 W\t\t\t\t\t<\/li>\n<li class=\"product-features__item-list__item\" role=\"listitem\"><span class=\"is--medium\">Consommation de la barre en veille :<\/span> 0,5 W\t\t\t\t\t<\/li>\n<li class=\"product-features__item-list__item\" role=\"listitem\"><span class=\"is--medium\">Consommation du caisson :<\/span> 28,0 W\t\t\t\t\t<\/li>\n<li class=\"product-features__item-list__item\" role=\"listitem\"><span class=\"is--medium\">Consommation du caisson en veille :<\/span> 0,5 W\t\t\t\t\t<\/li>\n<\/ul>\n<\/li>\n<li class=\"product-features__item\" role=\"listitem\">\n<h3 class=\"product-features__label\">Dimensions<\/h3>\n<ul role=\"list\">\n<li class=\"product-features__item-list__item\" role=\"listitem\"><span class=\"is--medium\">LxHxP enceinte :<\/span> 103 x 5.7 x 10.5 cm\t\t\t\t\t<\/li>\n<li class=\"product-features__item-list__item\" role=\"listitem\"><span class=\"is--medium\">Poids de l&rsquo;enceinte :<\/span> 9,0 kg\t\t\t\t\t<\/li>\n<\/ul>\n<\/li>\n<li class=\"product-features__item\" role=\"listitem\">\n<h3 class=\"product-features__label\">Informations compl\u00e9mentaires<\/h3>\n<ul role=\"list\">\n<li class=\"product-features__item-list__item\" role=\"listitem\"><span class=\"is--medium\">Garantie :<\/span> 2 ans\t\t\t\t\t<\/li>\n<li class=\"product-features__item-list__item\" role=\"listitem\"><span class=\"is--medium\">Fabriqu\u00e9 en :<\/span> Chine\t\t\t\t\t<\/li>\n<li class=\"product-features__item-list__item\" role=\"listitem\"><span class=\"is--medium\">Disponibilit\u00e9 des pi\u00e8ces d\u00e9tach\u00e9es (donn\u00e9es fournisseur) :<\/span> Pendant 4 ans, \u00e0 compter de la date d&rsquo;achat\t\t\t\t\t<\/li>\n<\/ul>\n<\/li>\n<\/ul>\n<\/div>\n<div class=\"product__disclosure-content\">\n<div class=\"js-read-more product-description__content read-more read-more--truncated\" data-read-more-name=\"description\" style=\"max-height: 500px; overflow: hidden;\">\n<p>Laissez-vous transporter par l&rsquo;immersion sonore que vous offrent les technologies Dolby Atmos\/DTS Virtual\u00a0:X et Q-Symphony 2.0 de la barre de son Samsung HW-Q60B. Gr\u00e2ce \u00e0 l&rsquo;Adaptive Sound Lite, le son sera intelligemment ajust\u00e9 selon le type de vos contenus, \u00e0 l&rsquo;image du Game Mode qui vous garantit un son d&rsquo;une qualit\u00e9 sup\u00e9rieure pour des parties captivantes.<\/p>\n<p><b>Samsung HW-Q60B\u00a0: embarquement imm\u00e9diat pour le cin\u00e9ma<\/b><\/p>\n<p>Laissez-vous transporter par les technologies Virtual Dolby Atmos et Virtual DTS:X de la barre de son Samsung Q60B. C\u00f4t\u00e9 puissance, ses 7 haut-parleurs et ses 3,1 canaux diffuseront des effets surround uniques. Gr\u00e2ce \u00e0 son haut-parleur central, cette barre de son Samsung vous captive et restitue les dialogues \u00e0 la perfection. Inclus avec votre barre de son Samsung HW-Q60B, le caisson de basse sans fil 6,5&Prime; renforce l&rsquo;immersion dans tous vos films et s\u00e9ries. Une seule connexion HDMI suffit pour changer compl\u00e8tement de dimension sonore\u00a0! Branchez votre console de jeu ou votre lecteur blu-ray en HDMI eARC pour profiter des formats de son surround les plus r\u00e9cents \u00e0 un d\u00e9bit binaire \u00e9lev\u00e9, comme Dolby Atmos\u00ae et DTS:X\u00ae(1) et sur\u00e9lever encore la qualit\u00e9 de votre son. Quant \u00e0 la fonction 4K pass-through int\u00e9gr\u00e9e, elle fonctionne m\u00eame avec les sources HDR 10+ pour que vous puissiez profiter d&rsquo;une qualit\u00e9 d&rsquo;image identique \u00e0 celle de votre source.<\/p>\n<\/p>\n<p><center><img decoding=\"async\" alt=\"URL SCENE7\" src=\"https:\/\/boulanger.scene7.com\/is\/image\/Boulanger\/8806094191455_h_f_l_2?wid=1000\" width=\"700\"\/><\/center><\/p>\n<p>(1) Contenu source Dolby Atmos et DTS:X requis.<\/p>\n<p><b>Une sensation d&rsquo;immersion acoustique exceptionnelle<\/b><\/p>\n<p>En avant la musique\u00a0! Avec l&rsquo;innovation Q-Symphony 2.0(2), les haut-parleurs de votre TV QLED Samsung se synchronisent avec ceux de la barre de son Q60B afin de vous offrir une exp\u00e9rience sonore sans pr\u00e9c\u00e9dent. Poussez l&rsquo;exp\u00e9rience gaming \u00e0 son maximum\u00a0! D\u00e8s que vous allumez votre console, le Game Mode s&rsquo;active automatiquement et vous d\u00e9livre un son plus directif et immersif qui vous transporte au coeur du jeu. Installez-vous confortablement, la s\u00e9ance va commencer. Gr\u00e2ce \u00e0 l&rsquo;intelligence artificielle de la technologie Adaptive Sound Lite, votre barre de son Samsung Q60B analyse automatiquement le signal de fr\u00e9quence de votre contenu afin d&rsquo;optimiser chaque sc\u00e8ne, une par une. Le r\u00e9sultat sera bluffant\u00a0!\u00a0\u00a0<\/p>\n<\/p>\n<p><center><img decoding=\"async\" alt=\"URL SCENE7\" src=\"https:\/\/boulanger.scene7.com\/is\/image\/Boulanger\/8806094191455_h_f_l_3?wid=1000\" width=\"700\"\/><\/center><\/p>\n<p>(2)\u00a0La technologie Q-Symphony est compatible avec une s\u00e9lection de TV Samsung. Les fonctionnalit\u00e9s ne sont pas compatibles avec tous les t\u00e9l\u00e9viseurs Samsung. V\u00e9rifiez les caract\u00e9ristiques produit par mod\u00e8le de t\u00e9l\u00e9viseur. * La fonction requiert une connexion HDMI, optique ou Wi-Fi au t\u00e9l\u00e9viseur.<\/p>\n<p><b>Et tu tapes, tapes, tapes<\/b><\/p>\n<p>La fonction Tap Sound(3) consiste \u00e0 appairer vos appareils en touchant votre barre de son Samsung Q60B avec votre smartphone. Que la musique commence\u00a0! Mais ce n&rsquo;est pas la seule simplicit\u00e9 de connexion que vous offre cette barre de son Samsung. Tablette, smartphone, tous vos appareils mobiles(4) peuvent se connecter \u00e0 la Q60B via le Bluetooth Int\u00e9gr\u00e9, de m\u00eame que votre TV Samsung. Et pour baisser le volume de votre barre de son ou changer de chaine sur votre t\u00e9l\u00e9viseur, une seule et m\u00eame t\u00e9l\u00e9commande suffira.\u00a0<\/p>\n<\/p>\n<p><center><img decoding=\"async\" alt=\"URL SCENE7\" src=\"https:\/\/boulanger.scene7.com\/is\/image\/Boulanger\/8806094191455_h_b_l_1?wid=1000\" width=\"700\"\/><\/center><\/p>\n<p>(3)\u00a0Compatible avec les smartphones dot\u00e9s de Bluetooth et wifi uniquement<br \/>(4) La connexion aux appareils mobiles n&rsquo;est pas disponible quand vous \u00eates connect\u00e9s \u00e0 la TV. Appareils compatibles uniquement<\/p>\n<\/p>\n<\/div>\n<p><bl-button a11yexpanded=\"false\" arialabel=\"Afficher toute la description\" class=\"read-more__btn\" full=\"false\" link=\"true\">Voir plus<\/bl-button><\/div>","protected":false},"excerpt":{"rendered":"<div class=\"keypoints\">\n<h3 class=\"keypoints__title\">Les points cl\u00e9s<\/h3>\n<ul role=\"list\">\n<li class=\"keypoints__item\" role=\"listitem\">                                        Barre de son avec caisson sans fil                      <\/li>\n<li class=\"keypoints__item\" role=\"listitem\">                          Dolby Atmos, DTS, DTS X &#8211;                                                      HDMI CEC, HDMI Arc, Entr\u00e9e Optique                      <\/li>\n<li class=\"keypoints__item\" role=\"listitem\">                                        LxHxP enceinte : 103 x 5.7 x 10.5 cm                      <\/li>\n<li class=\"keypoints__item keypoints__item--advantage\" role=\"listitem\"><strong>Le + :<\/strong> Q-symphony : synchronise les haut-parleurs du TV avec la barre de son pour un son \u00e9poustouflant      <\/li>\n<\/ul>","protected":false},"featured_media":83569,"template":"","meta":{"_glsr_average":0,"_glsr_ranking":0,"_glsr_reviews":0},"product_cat":[453],"product_tag":[454,451],"class_list":{"0":"post-83570","1":"product","2":"type-product","3":"status-publish","4":"has-post-thumbnail","6":"product_cat-barre-de-son","7":"product_tag-barre-de-son","8":"product_tag-tv-image-son","10":"first","11":"instock","12":"sale","13":"shipping-taxable","14":"purchasable","15":"product-type-simple"},"_links":{"self":[{"href":"https:\/\/electromenagerexpress.com\/en\/wp-json\/wp\/v2\/product\/83570","targetHints":{"allow":["GET"]}}],"collection":[{"href":"https:\/\/electromenagerexpress.com\/en\/wp-json\/wp\/v2\/product"}],"about":[{"href":"https:\/\/electromenagerexpress.com\/en\/wp-json\/wp\/v2\/types\/product"}],"wp:featuredmedia":[{"embeddable":true,"href":"https:\/\/electromenagerexpress.com\/en\/wp-json\/wp\/v2\/media\/83569"}],"wp:attachment":[{"href":"https:\/\/electromenagerexpress.com\/en\/wp-json\/wp\/v2\/media?parent=83570"}],"wp:term":[{"taxonomy":"product_cat","embeddable":true,"href":"https:\/\/electromenagerexpress.com\/en\/wp-json\/wp\/v2\/product_cat?post=83570"},{"taxonomy":"product_tag","embeddable":true,"href":"https:\/\/electromenagerexpress.com\/en\/wp-json\/wp\/v2\/product_tag?post=83570"}],"curies":[{"name":"wp","href":"https:\/\/api.w.org\/{rel}","templated":true}]}}