{"id":83540,"date":"2024-11-24T15:51:42","date_gmt":"2024-11-24T15:51:42","guid":{"rendered":"https:\/\/electromenagerexpress.com\/product\/barre-de-sonsamsung-hw-q700b\/"},"modified":"2024-11-24T15:51:54","modified_gmt":"2024-11-24T15:51:54","slug":"barre-de-sonsamsung-hw-q700b","status":"publish","type":"product","link":"https:\/\/electromenagerexpress.com\/en\/product\/barre-de-sonsamsung-hw-q700b\/","title":{"rendered":"Barre de son\t\t\t\t\t\t\tSAMSUNG \t\t\t\tHW-Q700B"},"content":{"rendered":"<div class=\"product-features__content\">\n<ul role=\"list\">\n<li class=\"product-features__item\" role=\"listitem\">\n<h3 class=\"product-features__label\">Son<\/h3>\n<ul role=\"list\">\n<li class=\"product-features__item-list__item\" role=\"listitem\"><span class=\"is--medium\">Puissance :<\/span> Non communiqu\u00e9e\t\t\t\t\t<\/li>\n<li class=\"product-features__item-list__item\" role=\"listitem\"><span class=\"is--medium\">Nombre de haut-parleur :<\/span> 9\t\t\t\t\t<\/li>\n<li class=\"product-features__item-list__item\" role=\"listitem\"><span class=\"is--medium\">Traitement du son :<\/span> Dolby Atmos, DTS, DTS X\t\t\t\t\t<\/li>\n<li class=\"product-features__item-list__item\" role=\"listitem\"><span class=\"is--medium\">Dolby Atmos :<\/span> le Dolby atmos est un syst\u00e8me d&rsquo;enceintes r\u00e9fl\u00e9chissant le son sur le plafond et les murs pour des effets sonores 3D afin de vous plonger au coeur de l&rsquo;action\t\t\t\t\t<\/li>\n<li class=\"product-features__item-list__item\" role=\"listitem\"><span class=\"is--medium\">DTS X :<\/span> le DTS-X est un mode de traitement du son qui permet de restituer chez soi un effet sonore en trois dimensions\t\t\t\t\t<\/li>\n<li class=\"product-features__item-list__item\" role=\"listitem\"><span class=\"is--medium\">Hi-Res :<\/span> non\t\t\t\t\t<\/li>\n<li class=\"product-features__item-list__item\" role=\"listitem\"><span class=\"is--medium\">Q symphony :<\/span> oui, synchroniser les hauts parleurs de votre t\u00e9l\u00e9vision compatible avec ceux de votre barre de son et vivez une exp\u00e9rience plus immersive\t\t\t\t\t<\/li>\n<li class=\"product-features__item-list__item\" role=\"listitem\"><span class=\"is--medium\">Calibrage automatique :<\/span> non\t\t\t\t\t<\/li>\n<\/ul>\n<\/li>\n<li class=\"product-features__item\" role=\"listitem\">\n<h3 class=\"product-features__label\">Equipement<\/h3>\n<ul role=\"list\">\n<li class=\"product-features__item-list__item\" role=\"listitem\"><span class=\"is--medium\">Typologie :<\/span> barre de son avec caisson sans fil, sert \u00e0 am\u00e9liorer le son de la t\u00e9l\u00e9 et restituer les sons les plus graves\t\t\t\t\t<\/li>\n<li class=\"product-features__item-list__item\" role=\"listitem\"><span class=\"is--medium\">Enceintes arri\u00e8res :<\/span> en option\t\t\t\t\t<\/li>\n<li class=\"product-features__item-list__item\" role=\"listitem\"><span class=\"is--medium\">Le saviez-vous :<\/span> \u00e9quiper sa barre de son avec des enceintes arri\u00e8res permet d&rsquo;am\u00e9liorer l&rsquo;immersion sonore\t\t\t\t\t<\/li>\n<li class=\"product-features__item-list__item\" role=\"listitem\"><span class=\"is--medium\">Kit de fixation de barre de son au mur :<\/span> fourni\t\t\t\t\t<\/li>\n<\/ul>\n<\/li>\n<li class=\"product-features__item\" role=\"listitem\">\n<h3 class=\"product-features__label\">Connectiques<\/h3>\n<ul role=\"list\">\n<li class=\"product-features__item-list__item\" role=\"listitem\"><span class=\"is--medium\">HDMI CEC :<\/span> oui, permet d&rsquo;utiliser la t\u00e9l\u00e9commande de votre TV pour piloter tous vos appareils branch\u00e9s en HDMI disposant de la m\u00eame norme CEC\t\t\t\t\t<\/li>\n<li class=\"product-features__item-list__item\" role=\"listitem\"><span class=\"is--medium\">HDMI Arc :<\/span> oui, permet de simplifier les branchements entre une TV et une barre de son et de limiter le nombre de c\u00e2bles utilis\u00e9s\t\t\t\t\t<\/li>\n<li class=\"product-features__item-list__item\" role=\"listitem\"><span class=\"is--medium\">Entr\u00e9e Optique :<\/span> oui, permet d&rsquo;envoyer le son de sa TV vers une barre de son en num\u00e9rique, ou un casque TV avec un c\u00e2ble optique\t\t\t\t\t<\/li>\n<li class=\"product-features__item-list__item\" role=\"listitem\"><span class=\"is--medium\">Entr\u00e9e auxiliaire :<\/span> 0\t\t\t\t\t<\/li>\n<li class=\"product-features__item-list__item\" role=\"listitem\"><span class=\"is--medium\">Entr\u00e9e HDMI :<\/span> 1\t\t\t\t\t<\/li>\n<li class=\"product-features__item-list__item\" role=\"listitem\"><span class=\"is--medium\">Sortie HDMI :<\/span> 1\t\t\t\t\t<\/li>\n<\/ul>\n<\/li>\n<li class=\"product-features__item\" role=\"listitem\">\n<h3 class=\"product-features__label\">Connectivit\u00e9<\/h3>\n<ul role=\"list\">\n<li class=\"product-features__item-list__item\" role=\"listitem\"><span class=\"is--medium\">AirPlay :<\/span> oui, une technologie Apple qui permet de partager sans connectique des contenus multim\u00e9dias ( vid\u00e9os, photos, musiques) sur le t\u00e9l\u00e9viseur\t\t\t\t\t<\/li>\n<li class=\"product-features__item-list__item\" role=\"listitem\"><span class=\"is--medium\">Bluetooth :<\/span> oui, permet de connecter votre t\u00e9l\u00e9viseur compatible ou vos appareils mobiles pour profiter du son sans fil\t\t\t\t\t<\/li>\n<li class=\"product-features__item-list__item\" role=\"listitem\"><span class=\"is--medium\">DLNA :<\/span> non\t\t\t\t\t<\/li>\n<li class=\"product-features__item-list__item\" role=\"listitem\"><span class=\"is--medium\">Wi-Fi :<\/span> Oui\t\t\t\t\t<\/li>\n<li class=\"product-features__item-list__item\" role=\"listitem\"><span class=\"is--medium\">Chromecast :<\/span> Oui\t\t\t\t\t<\/li>\n<li class=\"product-features__item-list__item\" role=\"listitem\"><span class=\"is--medium\">Assistant vocal :<\/span> assistant vocal int\u00e9gr\u00e9\t\t\t\t\t<\/li>\n<\/ul>\n<\/li>\n<li class=\"product-features__item\" role=\"listitem\">\n<h3 class=\"product-features__label\">Consommation<\/h3>\n<ul role=\"list\">\n<li class=\"product-features__item-list__item\" role=\"listitem\"><span class=\"is--medium\">Consommation de la barre :<\/span> 37,0 W\t\t\t\t\t<\/li>\n<li class=\"product-features__item-list__item\" role=\"listitem\"><span class=\"is--medium\">Consommation de la barre en veille :<\/span> 0,5 W\t\t\t\t\t<\/li>\n<li class=\"product-features__item-list__item\" role=\"listitem\"><span class=\"is--medium\">Consommation du caisson :<\/span> 28,0 W\t\t\t\t\t<\/li>\n<li class=\"product-features__item-list__item\" role=\"listitem\"><span class=\"is--medium\">Consommation du caisson en veille :<\/span> 0,5 W\t\t\t\t\t<\/li>\n<\/ul>\n<\/li>\n<li class=\"product-features__item\" role=\"listitem\">\n<h3 class=\"product-features__label\">Dimensions<\/h3>\n<ul role=\"list\">\n<li class=\"product-features__item-list__item\" role=\"listitem\"><span class=\"is--medium\">LxHxP enceinte :<\/span> 111.07 x 6.04 x 12 cm\t\t\t\t\t<\/li>\n<li class=\"product-features__item-list__item\" role=\"listitem\"><span class=\"is--medium\">Poids de l&rsquo;enceinte :<\/span> 10,7 kg\t\t\t\t\t<\/li>\n<\/ul>\n<\/li>\n<li class=\"product-features__item\" role=\"listitem\">\n<h3 class=\"product-features__label\">Informations compl\u00e9mentaires<\/h3>\n<ul role=\"list\">\n<li class=\"product-features__item-list__item\" role=\"listitem\"><span class=\"is--medium\">Garantie :<\/span> 2 ans\t\t\t\t\t<\/li>\n<li class=\"product-features__item-list__item\" role=\"listitem\"><span class=\"is--medium\">Fabriqu\u00e9 en :<\/span> Vi\u00eat Nam\t\t\t\t\t<\/li>\n<li class=\"product-features__item-list__item\" role=\"listitem\"><span class=\"is--medium\">Disponibilit\u00e9 des pi\u00e8ces d\u00e9tach\u00e9es (donn\u00e9es fournisseur) :<\/span> Pendant 4 ans, \u00e0 compter de la date d&rsquo;achat\t\t\t\t\t<\/li>\n<\/ul>\n<\/li>\n<\/ul>\n<\/div>\n<div class=\"product__disclosure-content\">\n<div class=\"js-read-more product-description__content read-more read-more--truncated\" data-read-more-name=\"description\" style=\"max-height: 500px; overflow: hidden;\">\n<p>Avec la barre de son Samsung Q-Series HW-Q700B, d\u00e9couvrez pour la premi\u00e8re fois l&rsquo;immersion du son r\u00e9volutionnaire Dolby Atmos sans fil dans votre salon. Dot\u00e9e de la technologie Q-Symphony 2.0, votre barre de son allie sa puissance avec celle de votre TV Samsung pour renforcer l&rsquo;immersion dans tous vos contenus. Une simplicit\u00e9 de synchronisation qui se retrouve avec la fonction Tap Sound. Sans oublier son design \u00e9pur\u00e9 qui saura vous s\u00e9duire et ajoutera une touche unique \u00e0 votre salon.<\/p>\n<p><b>Samsung HW-Q700B\u00a0: un son r\u00e9volutionnaire dans votre salon<\/b><\/p>\n<p>Entrez dans une nouvelle dimension sonore. Disponible pour la premi\u00e8re fois sans fil, l&rsquo;innovation Dolby Atmos (1) produit un son plus immersif, plus r\u00e9aliste et plus enveloppant. Son syst\u00e8me 3.1.2Ch, compos\u00e9 de 9 haut-parleurs, dont plusieurs verticaux, diffuse une couverture sonore encore plus large pour une exp\u00e9rience cin\u00e9ma hors norme. Gr\u00e2ce la fonction SpaceFit Sound (2), votre barre de son Q-Series d\u00e9tecte la forme, la taille et m\u00eame le mobilier de votre pi\u00e8ce afin de calibrer automatiquement le son \u00e0 la perfection.<\/p>\n<\/p>\n<p><center><img decoding=\"async\" alt=\"URL SCENE7\" src=\"https:\/\/boulanger.scene7.com\/is\/image\/Boulanger\/8806094235111_h_f_l_4?wid=1000\" width=\"700\"\/><\/center><\/p>\n<p>(1) Le Dolby Atmos sans fil via Wi-Fi est compatible avec les t\u00e9l\u00e9viseurs Samsung QLED Q80B, la gamme Neo QLED 2022, la gamme OLED 2022 et les t\u00e9l\u00e9viseurs The Frame 2022 (LS03B, hors le 32\u00a0\u00bb). Contenu source Dolby Atmos et DTS:X requis.<br \/>(2) SpaceFit Sound est compatible avec les t\u00e9l\u00e9viseurs Samsung QLED (gamme Q70 et plus).<\/p>\n<p><b>T\u00e9l\u00e9viseur et barre de son en parfaite harmonie<\/b><\/p>\n<p>Dot\u00e9 de 9 haut-parleurs et d&rsquo;un caisson de basse sans fil de 6,5&Prime; le Samsung HW-Q700B impressionne par sa puissance de feu, d\u00e9cupl\u00e9e par l&rsquo;innovation Q-Symphony 2.0 (3). Cette technologique unique synchronise les haut-parleurs de votre TV Samsung avec ceux de votre barre de son. Vos deux appareils allient ainsi leur puissance afin de vous offrir une exp\u00e9rience encore plus immersive.<\/p>\n<\/p>\n<p><center><img decoding=\"async\" alt=\"URL SCENE7\" src=\"https:\/\/boulanger.scene7.com\/is\/image\/Boulanger\/8806094235111_h_f_l_3?wid=1000\" width=\"700\"\/><\/center><\/p>\n<p>(3) La technologie Q-Symphony est compatible avec les t\u00e9l\u00e9viseurs Samsung QLED et Neo QLED \u00e0 partir des mod\u00e8les 2021, OLED 2022 et The Frame 2022. Elle n\u00e9cessite une connexion HDMI, optique ou Wi-Fi au t\u00e9l\u00e9viseur.<\/p>\n<p><b>\u00a0Et tu tapes, tapes, tapes<\/b><\/p>\n<p>Agr\u00e9able \u00e0 \u00e9couter, simple \u00e0 utiliser. Avec la fonction Tap Sound, vous n&rsquo;aurez plus de mal \u00e0 vous connecter \u00e0 votre barre de son. Posez votre smartphone sur votre Samsung HW-Q700B, attendez quelques secondes et le tour est jou\u00e9\u00a0! Parcourez vos playlists pr\u00e9f\u00e9r\u00e9es et faites r\u00e9sonner vos chansons pr\u00e9f\u00e9r\u00e9es dans toute la maison, le tout en qualit\u00e9 Dolby Atmos. Pour vous proposer toujours plus de solutions, cette barre de son Q-Series Samsung int\u00e8gre aussi Chromecast et Airplay 2 (4), afin de partager votre musique sans faire de compromis sur le confort.<\/p>\n<\/p>\n<p><center><img decoding=\"async\" alt=\"URL SCENE7\" src=\"https:\/\/boulanger.scene7.com\/is\/image\/Boulanger\/8806094235111_h_b_l_2?wid=1000\" width=\"700\"\/><\/center><\/p>\n<p>(4) Google et Chromecast built-in sont des marques commerciales de Google LLC. Apple, AirPlay, iPhone, iPad et Mac sont des marques d&rsquo;Apple Inc. d\u00e9pos\u00e9es aux \u00c9tats-Unis et dans d&rsquo;autres pays. Cette barre de son Samsung prend en charge AirPlay 2 et n\u00e9cessite iOS 11.4 ou une version ult\u00e9rieure.\u00a0La disponibilit\u00e9 de ce service peut varier selon la r\u00e9gion \/ le fournisseur de services \/ la langue.<\/p>\n<p><b>Un son pur, un design \u00e9pur\u00e9<\/b><\/p>\n<p>D&rsquo;aspect, la barre de son Samsung HW-Q700B a tout pour vous s\u00e9duire. Son design raffin\u00e9, sa belle couleur noire et sa finition en m\u00e9tal prouvent qu&rsquo;elle n&rsquo;a rien \u00e0 envier \u00e0 vos plus beaux objets de d\u00e9coration. Arborant une silhouette \u00e9pur\u00e9e, gr\u00e2ce notamment \u00e0 ses enceintes arri\u00e8re discr\u00e8tes, cette barre de son se fait remarquer par sa discr\u00e9tion. Cette barre de son HW-Q700B va au-del\u00e0 de l&rsquo;esth\u00e9tisme puisque sa hauteur a \u00e9t\u00e9 r\u00e9duite de sorte qu&rsquo;elle s&rsquo;int\u00e8gre parfaitement sous l&rsquo;\u00e9cran de votre TV QLED sans qu&rsquo;elle ne g\u00eane pour autant le visionnage de votre film ou de votre s\u00e9rie.<\/p>\n<\/p>\n<p><center><img decoding=\"async\" alt=\"URL SCENE7\" src=\"https:\/\/boulanger.scene7.com\/is\/image\/Boulanger\/8806094235111_h_f_l_7?wid=1000\" width=\"700\"\/><\/center><\/p>\n<\/p>\n<\/div>\n<p><bl-button a11yexpanded=\"false\" arialabel=\"Afficher toute la description\" class=\"read-more__btn\" full=\"false\" link=\"true\">Voir plus<\/bl-button><\/div>","protected":false},"excerpt":{"rendered":"<div class=\"keypoints\">\n<h3 class=\"keypoints__title\">Les points cl\u00e9s<\/h3>\n<ul role=\"list\">\n<li class=\"keypoints__item\" role=\"listitem\">                                        Barre de son avec caisson sans fil                      <\/li>\n<li class=\"keypoints__item\" role=\"listitem\">                          Dolby Atmos, DTS, DTS X &#8211;                                                      HDMI CEC, HDMI Arc, Entr\u00e9e Optique                      <\/li>\n<li class=\"keypoints__item\" role=\"listitem\">                                        LxHxP enceinte : 111.07 x 6.04 x 12 cm                      <\/li>\n<li class=\"keypoints__item keypoints__item--advantage\" role=\"listitem\"><strong>Le + :<\/strong> Barre de son 3.1.2Ch &#8211; Dolby Atmos sans fil \/ DTS:X \/ Q-Symphony 2.0- Space Fit Sound 2.0 &#8211; Wifi      <\/li>\n<\/ul>","protected":false},"featured_media":83539,"template":"","meta":{"_glsr_average":0,"_glsr_ranking":0,"_glsr_reviews":0},"product_cat":[453],"product_tag":[454,451],"class_list":{"0":"post-83540","1":"product","2":"type-product","3":"status-publish","4":"has-post-thumbnail","6":"product_cat-barre-de-son","7":"product_tag-barre-de-son","8":"product_tag-tv-image-son","10":"first","11":"instock","12":"sale","13":"shipping-taxable","14":"purchasable","15":"product-type-simple"},"_links":{"self":[{"href":"https:\/\/electromenagerexpress.com\/en\/wp-json\/wp\/v2\/product\/83540","targetHints":{"allow":["GET"]}}],"collection":[{"href":"https:\/\/electromenagerexpress.com\/en\/wp-json\/wp\/v2\/product"}],"about":[{"href":"https:\/\/electromenagerexpress.com\/en\/wp-json\/wp\/v2\/types\/product"}],"wp:featuredmedia":[{"embeddable":true,"href":"https:\/\/electromenagerexpress.com\/en\/wp-json\/wp\/v2\/media\/83539"}],"wp:attachment":[{"href":"https:\/\/electromenagerexpress.com\/en\/wp-json\/wp\/v2\/media?parent=83540"}],"wp:term":[{"taxonomy":"product_cat","embeddable":true,"href":"https:\/\/electromenagerexpress.com\/en\/wp-json\/wp\/v2\/product_cat?post=83540"},{"taxonomy":"product_tag","embeddable":true,"href":"https:\/\/electromenagerexpress.com\/en\/wp-json\/wp\/v2\/product_tag?post=83540"}],"curies":[{"name":"wp","href":"https:\/\/api.w.org\/{rel}","templated":true}]}}