{"id":83520,"date":"2024-11-24T15:51:24","date_gmt":"2024-11-24T15:51:24","guid":{"rendered":"https:\/\/electromenagerexpress.com\/product\/enceintefocaldome-flax-sat-1-0-black\/"},"modified":"2024-11-24T15:51:31","modified_gmt":"2024-11-24T15:51:31","slug":"enceintefocaldome-flax-sat-1-0-black","status":"publish","type":"product","link":"https:\/\/electromenagerexpress.com\/en\/product\/enceintefocaldome-flax-sat-1-0-black\/","title":{"rendered":"Enceinte\t\t\t\t\t\t\tFOCAL\t\t\t\tDOME FLAX SAT 1.0 BLACK"},"content":{"rendered":"<div class=\"product-features__content\">\n<ul role=\"list\">\n<li class=\"product-features__item\" role=\"listitem\">\n<h3 class=\"product-features__label\">Caract\u00e9ristiques g\u00e9n\u00e9rales<\/h3>\n<ul role=\"list\">\n<li class=\"product-features__item-list__item\" role=\"listitem\"><span class=\"is--medium\">Compatibilit\u00e9s :<\/span> ligne D\u00f4me, Lignes Aria et Aria Evo X, 300 Series\t\t\t\t\t<\/li>\n<li class=\"product-features__item-list__item\" role=\"listitem\"><span class=\"is--medium\">Information vente :<\/span> Vendue \u00e0 l&rsquo;unit\u00e9\t\t\t\t\t<\/li>\n<li class=\"product-features__item-list__item\" role=\"listitem\"><span class=\"is--medium\">Finition :<\/span> Laqu\u00e9\t\t\t\t\t<\/li>\n<li class=\"product-features__item-list__item\" role=\"listitem\"><span class=\"is--medium\">Couleur :<\/span> Noir\t\t\t\t\t<\/li>\n<li class=\"product-features__item-list__item\" role=\"listitem\"><span class=\"is--medium\">Origine de la marque :<\/span> Fran\u00e7aise\t\t\t\t\t<\/li>\n<\/ul>\n<\/li>\n<li class=\"product-features__item\" role=\"listitem\">\n<h3 class=\"product-features__label\">Caract\u00e9ristiques sonores<\/h3>\n<ul role=\"list\">\n<li class=\"product-features__item-list__item\" role=\"listitem\"><span class=\"is--medium\">Puissance :<\/span> Non communiqu\u00e9e\t\t\t\t\t<\/li>\n<li class=\"product-features__item-list__item\" role=\"listitem\"><span class=\"is--medium\">Type de charge :<\/span> Clos\t\t\t\t\t<\/li>\n<li class=\"product-features__item-list__item\" role=\"listitem\"><span class=\"is--medium\">R\u00e9ponse en fr\u00e9quence :<\/span> 80 &#8211; 28 000 Hz\t\t\t\t\t<\/li>\n<li class=\"product-features__item-list__item\" role=\"listitem\"><span class=\"is--medium\">Rendement :<\/span> 88 db\t\t\t\t\t<\/li>\n<li class=\"product-features__item-list__item\" role=\"listitem\"><span class=\"is--medium\">Imp\u00e9dance nominale :<\/span> 8,0 Ohms\t\t\t\t\t<\/li>\n<li class=\"product-features__item-list__item\" role=\"listitem\"><span class=\"is--medium\">Imp\u00e9dance minimale :<\/span> 4,0 Ohms\t\t\t\t\t<\/li>\n<li class=\"product-features__item-list__item\" role=\"listitem\"><span class=\"is--medium\">Bi-amplification :<\/span> Non\t\t\t\t\t<\/li>\n<li class=\"product-features__item-list__item\" role=\"listitem\"><span class=\"is--medium\">Fr\u00e9quence de coupure aigu :<\/span> 28.000 Hz\t\t\t\t\t<\/li>\n<li class=\"product-features__item-list__item\" role=\"listitem\"><span class=\"is--medium\">Fr\u00e9quence de coupure grave :<\/span> 80 Hz\t\t\t\t\t<\/li>\n<li class=\"product-features__item-list__item\" role=\"listitem\"><span class=\"is--medium\">Nombre de voies :<\/span> 2\t\t\t\t\t<\/li>\n<li class=\"product-features__item-list__item\" role=\"listitem\"><span class=\"is--medium\">Nombre de haut-parleurs :<\/span> 2\t\t\t\t\t<\/li>\n<li class=\"product-features__item-list__item\" role=\"listitem\"><span class=\"is--medium\">Sp\u00e9cificit\u00e9 Tweeter :<\/span> Tweeter \u00e0 d\u00f4me invers\u00e9 Al\/Mg 25 mm\t\t\t\t\t<\/li>\n<li class=\"product-features__item-list__item\" role=\"listitem\"><span class=\"is--medium\">Sp\u00e9cificit\u00e9 M\u00e9dium\/Grave :<\/span> M\u00e9dium-Grave Flax 10 cm\t\t\t\t\t<\/li>\n<\/ul>\n<\/li>\n<li class=\"product-features__item\" role=\"listitem\">\n<h3 class=\"product-features__label\">Connectivit\u00e9<\/h3>\n<ul role=\"list\">\n<li class=\"product-features__item-list__item\" role=\"listitem\"><span class=\"is--medium\">Bluetooth :<\/span> Non\t\t\t\t\t<\/li>\n<li class=\"product-features__item-list__item\" role=\"listitem\"><span class=\"is--medium\">Wi-Fi :<\/span> Non\t\t\t\t\t<\/li>\n<\/ul>\n<\/li>\n<li class=\"product-features__item\" role=\"listitem\">\n<h3 class=\"product-features__label\">Traitements sonores<\/h3>\n<ul role=\"list\">\n<li class=\"product-features__item-list__item\" role=\"listitem\"><span class=\"is--medium\">Dolby ATMOS :<\/span> Non\t\t\t\t\t<\/li>\n<li class=\"product-features__item-list__item\" role=\"listitem\"><span class=\"is--medium\">Hi-Res audio :<\/span> Non\t\t\t\t\t<\/li>\n<\/ul>\n<\/li>\n<li class=\"product-features__item\" role=\"listitem\">\n<h3 class=\"product-features__label\">Particularit\u00e9s<\/h3>\n<ul role=\"list\">\n<li class=\"product-features__item-list__item\" role=\"listitem\"><span class=\"is--medium\">R\u00e9siste aux projections d&rsquo;eau :<\/span> Non\t\t\t\t\t<\/li>\n<li class=\"product-features__item-list__item\" role=\"listitem\"><span class=\"is--medium\">R\u00e9siste aux chocs :<\/span> Non\t\t\t\t\t<\/li>\n<li class=\"product-features__item-list__item\" role=\"listitem\"><span class=\"is--medium\">Etanche :<\/span> Non\t\t\t\t\t<\/li>\n<li class=\"product-features__item-list__item\" role=\"listitem\"><span class=\"is--medium\">Touches tactiles :<\/span> Non\t\t\t\t\t<\/li>\n<li class=\"product-features__item-list__item\" role=\"listitem\"><span class=\"is--medium\">Bi-Cablage :<\/span> Non\t\t\t\t\t<\/li>\n<li class=\"product-features__item-list__item\" role=\"listitem\"><span class=\"is--medium\">Divers :<\/span> Gr\u00e2ce \u00e0 son c\u00f4ne Flax, membrane composite sandwich \u00e0 base de lin, Dome Flac b\u00e9n\u00e9ficie d&rsquo;un gain manifeste en d\u00e9finition et d&rsquo;une spatialisation plus large du fait d&rsquo;une meilleure lin\u00e9arit\u00e9 de la r\u00e9ponse een Fr\u00e9quence\t\t\t\t\t<\/li>\n<\/ul>\n<\/li>\n<li class=\"product-features__item\" role=\"listitem\">\n<h3 class=\"product-features__label\">Dimensions<\/h3>\n<ul role=\"list\">\n<li class=\"product-features__item-list__item\" role=\"listitem\"><span class=\"is--medium\">Dimensions l x h x p :<\/span> 14.4 x 17.2 x 14.3 cm\t\t\t\t\t<\/li>\n<li class=\"product-features__item-list__item\" role=\"listitem\"><span class=\"is--medium\">Poids (produit d\u00e9ball\u00e9) :<\/span> 1,9 kg\t\t\t\t\t<\/li>\n<li class=\"product-features__item-list__item\" role=\"listitem\"><span class=\"is--medium\">Poids (produit emball\u00e9) :<\/span> 2,4 kg\t\t\t\t\t<\/li>\n<\/ul>\n<\/li>\n<li class=\"product-features__item\" role=\"listitem\">\n<h3 class=\"product-features__label\">Informations compl\u00e9mentaires<\/h3>\n<ul role=\"list\">\n<li class=\"product-features__item-list__item\" role=\"listitem\"><span class=\"is--medium\">Fabriqu\u00e9 en :<\/span> France\t\t\t\t\t<\/li>\n<li class=\"product-features__item-list__item\" role=\"listitem\"><span class=\"is--medium\">Garantie :<\/span> 2 ans\t\t\t\t\t<\/li>\n<li class=\"product-features__item-list__item\" role=\"listitem\"><span class=\"is--medium\">Disponibilit\u00e9 des pi\u00e8ces d\u00e9tach\u00e9es (donn\u00e9es fournisseur) :<\/span> Pendant 2 ans, \u00e0 compter de la date d&rsquo;achat\t\t\t\t\t<\/li>\n<li class=\"product-features__item-list__item\" role=\"listitem\"><span class=\"is--medium\">R\u00e9f\u00e9rence constructeur :<\/span> DOME FLAX SAT 1.0 BLACK\t\t\t\t\t<\/li>\n<li class=\"product-features__item-list__item\" role=\"listitem\"><span class=\"is--medium\">Marque :<\/span> FOCAL\t\t\t\t\t<\/li>\n<\/ul>\n<\/li>\n<\/ul>\n<\/div>\n<div class=\"product__disclosure-content\">\n<div class=\"js-read-more product-description__content read-more read-more--truncated\" data-read-more-name=\"description\" style=\"max-height: 500px; overflow: hidden;\">\n<div class=\"product__description-content read-more\" style=\"\">\n<p>Enceinte FOCAL DOME FLAX SAT 1.0 BLACK : L&rsquo;excellence sonore en format compact<\/p>\n<h3> <img fetchpriority=\"high\" decoding=\"async\" ,=\"\" alt=\"Enceinte FOCAL DOME FLAX SAT 1.0 BLACK\" class=\"wy_tableau_gauche\" height=\"270\" src=\"https:\/\/boulanger.scene7.com\/is\/image\/Boulanger\/3544058690150_h_f_l_0?wid=400&amp;hei=270\" width=\"400\"\/>Un design raffin\u00e9 et une technologie brevet\u00e9e <\/h3>\n<p> L&rsquo;enceinte FOCAL DOME FLAX SAT 1.0 BLACK incarne le savoir-faire fran\u00e7ais en mati\u00e8re d&rsquo;audio haute-fid\u00e9lit\u00e9. Con\u00e7ue et fabriqu\u00e9e en France, cette enceinte 2 voies ultra-compacte est le fruit d&rsquo;une recherche pouss\u00e9e en acoustique, comme en t\u00e9moigne son brevet WO 2014\/106713 a1. Avec son esth\u00e9tique soign\u00e9e et sa finition laqu\u00e9e noire, elle s&rsquo;int\u00e8gre harmonieusement dans tous les int\u00e9rieurs, que ce soit sur une \u00e9tag\u00e8re, fix\u00e9e \u00e0 un mur ou sur un pied optionnel. Le corps en aluminium laqu\u00e9 brillant n&rsquo;est pas seulement \u00e9l\u00e9gant, il contribue \u00e9galement \u00e0 la qualit\u00e9 acoustique de l&rsquo;enceinte. Le D\u00f4me Flax SAT 1.0 est dot\u00e9 d&rsquo;un c\u00f4ne Flax, une membrane composite innovante \u00e0 base de lin, qui offre une d\u00e9finition sonore accrue et une spatialisation am\u00e9lior\u00e9e gr\u00e2ce \u00e0 une r\u00e9ponse en fr\u00e9quence plus lin\u00e9aire. <\/p>\n<\/p>\n<h3> <img decoding=\"async\" ,=\"\" alt=\"Enceinte FOCAL DOME FLAX SAT 1.0 BLACK\" class=\"wy_tableau_right\" height=\"270\" src=\"https:\/\/boulanger.scene7.com\/is\/image\/Boulanger\/3544058690150_h_f_l_1?wid=400&amp;hei=270\" width=\"400\"\/>Performances acoustiques et int\u00e9gration polyvalente <\/h3>\n<p> L&rsquo;enceinte FOCAL DOME FLAX SAT 1.0 BLACK se distingue par ses performances acoustiques de premier plan. Elle est \u00e9quip\u00e9e d&rsquo;un haut-parleur m\u00e9dium-grave Flax de 10 cm et d&rsquo;un tweeter \u00e0 d\u00f4me invers\u00e9 Al\/Mg de 25 mm, offrant une r\u00e9ponse en fr\u00e9quence de 80 Hz \u00e0 28 kHz. Avec une sensibilit\u00e9 de 88 dB et une puissance amplificateur recommand\u00e9e de 25 \u00e0 100 W, elle d\u00e9livre un son clair et puissant, adapt\u00e9 \u00e0 une grande vari\u00e9t\u00e9 de genres musicaux. Sa conception permet une int\u00e9gration facile dans tout espace de vie, offrant une flexibilit\u00e9 d&rsquo;installation au mur, au plafond ou sur un meuble. L&rsquo;enceinte, pesant 1,9 kg pour des dimensions de 172 x 144 x 143 mm, combine discr\u00e9tion et pr\u00e9sence sonore, faisant d&rsquo;elle un choix de pr\u00e9dilection pour les amateurs de son de qualit\u00e9 recherchant \u00e0 la fois performance et esth\u00e9tique. <\/p>\n<\/p><\/div>\n<\/p>\n<\/div>\n<p><bl-button a11yexpanded=\"false\" arialabel=\"Afficher toute la description\" class=\"read-more__btn\" full=\"false\" link=\"true\">Voir plus<\/bl-button><\/div>","protected":false},"excerpt":{"rendered":"<div class=\"keypoints\">\n<h3 class=\"keypoints__title\">Les points cl\u00e9s<\/h3>\n<ul role=\"list\">\n<li class=\"keypoints__item\" role=\"listitem\">                                        Vendue \u00e0 l&rsquo;unit\u00e9                      <\/li>\n<li class=\"keypoints__item\" role=\"listitem\">                                        Puissance : Non communiqu\u00e9e                      <\/li>\n<li class=\"keypoints__item\" role=\"listitem\">                                        Compatibilit\u00e9s : ligne D\u00f4me, Lignes Aria et Aria Evo X, 300 Series                      <\/li>\n<li class=\"keypoints__item keypoints__item--advantage\" role=\"listitem\"><strong>Le + :<\/strong> Enceinte compacte et design, offre un son haute qualit\u00e9 pour une exp\u00e9rience immersive.      <\/li>\n<\/ul>","protected":false},"featured_media":83519,"template":"","meta":{"_glsr_average":0,"_glsr_ranking":0,"_glsr_reviews":0},"product_cat":[453],"product_tag":[454,451],"class_list":{"0":"post-83520","1":"product","2":"type-product","3":"status-publish","4":"has-post-thumbnail","6":"product_cat-barre-de-son","7":"product_tag-barre-de-son","8":"product_tag-tv-image-son","10":"first","11":"instock","12":"sale","13":"shipping-taxable","14":"purchasable","15":"product-type-simple"},"_links":{"self":[{"href":"https:\/\/electromenagerexpress.com\/en\/wp-json\/wp\/v2\/product\/83520","targetHints":{"allow":["GET"]}}],"collection":[{"href":"https:\/\/electromenagerexpress.com\/en\/wp-json\/wp\/v2\/product"}],"about":[{"href":"https:\/\/electromenagerexpress.com\/en\/wp-json\/wp\/v2\/types\/product"}],"wp:featuredmedia":[{"embeddable":true,"href":"https:\/\/electromenagerexpress.com\/en\/wp-json\/wp\/v2\/media\/83519"}],"wp:attachment":[{"href":"https:\/\/electromenagerexpress.com\/en\/wp-json\/wp\/v2\/media?parent=83520"}],"wp:term":[{"taxonomy":"product_cat","embeddable":true,"href":"https:\/\/electromenagerexpress.com\/en\/wp-json\/wp\/v2\/product_cat?post=83520"},{"taxonomy":"product_tag","embeddable":true,"href":"https:\/\/electromenagerexpress.com\/en\/wp-json\/wp\/v2\/product_tag?post=83520"}],"curies":[{"name":"wp","href":"https:\/\/api.w.org\/{rel}","templated":true}]}}