{"id":83490,"date":"2024-11-24T15:50:56","date_gmt":"2024-11-24T15:50:56","guid":{"rendered":"https:\/\/electromenagerexpress.com\/product\/barre-de-sonsamsung-hw-s800b\/"},"modified":"2024-11-24T15:51:09","modified_gmt":"2024-11-24T15:51:09","slug":"barre-de-sonsamsung-hw-s800b","status":"publish","type":"product","link":"https:\/\/electromenagerexpress.com\/en\/product\/barre-de-sonsamsung-hw-s800b\/","title":{"rendered":"Barre de son\t\t\t\t\t\t\tSAMSUNG \t\t\t\tHW-S800B"},"content":{"rendered":"<div class=\"product-features__content\">\n<ul role=\"list\">\n<li class=\"product-features__item\" role=\"listitem\">\n<h3 class=\"product-features__label\">Son<\/h3>\n<ul role=\"list\">\n<li class=\"product-features__item-list__item\" role=\"listitem\"><span class=\"is--medium\">Puissance :<\/span> Non communiqu\u00e9e par Samsung\t\t\t\t\t<\/li>\n<li class=\"product-features__item-list__item\" role=\"listitem\"><span class=\"is--medium\">Nombre de haut-parleur :<\/span> 10\t\t\t\t\t<\/li>\n<li class=\"product-features__item-list__item\" role=\"listitem\"><span class=\"is--medium\">Traitement du son :<\/span> Dolby Atmos, DTS, DTS X\t\t\t\t\t<\/li>\n<li class=\"product-features__item-list__item\" role=\"listitem\"><span class=\"is--medium\">Dolby Atmos :<\/span> le Dolby atmos est un syst\u00e8me d&rsquo;enceintes r\u00e9fl\u00e9chissant le son sur le plafond et les murs pour des effets sonores 3D afin de vous plonger au coeur de l&rsquo;action\t\t\t\t\t<\/li>\n<li class=\"product-features__item-list__item\" role=\"listitem\"><span class=\"is--medium\">DTS X :<\/span> le DTS-X est un mode de traitement du son qui permet de restituer chez soi un effet sonore en trois dimensions\t\t\t\t\t<\/li>\n<li class=\"product-features__item-list__item\" role=\"listitem\"><span class=\"is--medium\">Hi-Res :<\/span> non\t\t\t\t\t<\/li>\n<li class=\"product-features__item-list__item\" role=\"listitem\"><span class=\"is--medium\">Calibrage automatique :<\/span> non\t\t\t\t\t<\/li>\n<\/ul>\n<\/li>\n<li class=\"product-features__item\" role=\"listitem\">\n<h3 class=\"product-features__label\">Equipement<\/h3>\n<ul role=\"list\">\n<li class=\"product-features__item-list__item\" role=\"listitem\"><span class=\"is--medium\">Typologie :<\/span> barre de son avec caisson sans fil, sert \u00e0 am\u00e9liorer le son de la t\u00e9l\u00e9 et restituer les sons les plus graves\t\t\t\t\t<\/li>\n<li class=\"product-features__item-list__item\" role=\"listitem\"><span class=\"is--medium\">Enceintes arri\u00e8res :<\/span> en option\t\t\t\t\t<\/li>\n<li class=\"product-features__item-list__item\" role=\"listitem\"><span class=\"is--medium\">Le saviez-vous :<\/span> \u00e9quiper sa barre de son avec des enceintes arri\u00e8res permet d&rsquo;am\u00e9liorer l&rsquo;immersion sonore\t\t\t\t\t<\/li>\n<li class=\"product-features__item-list__item\" role=\"listitem\"><span class=\"is--medium\">Kit de fixation de barre de son au mur :<\/span> fourni\t\t\t\t\t<\/li>\n<\/ul>\n<\/li>\n<li class=\"product-features__item\" role=\"listitem\">\n<h3 class=\"product-features__label\">Connectiques<\/h3>\n<ul role=\"list\">\n<li class=\"product-features__item-list__item\" role=\"listitem\"><span class=\"is--medium\">HDMI CEC :<\/span> oui, permet d&rsquo;utiliser la t\u00e9l\u00e9commande de votre TV pour piloter tous vos appareils branch\u00e9s en HDMI disposant de la m\u00eame norme CEC\t\t\t\t\t<\/li>\n<li class=\"product-features__item-list__item\" role=\"listitem\"><span class=\"is--medium\">HDMI Arc :<\/span> oui, permet de simplifier les branchements entre une TV et une barre de son et de limiter le nombre de c\u00e2bles utilis\u00e9s\t\t\t\t\t<\/li>\n<li class=\"product-features__item-list__item\" role=\"listitem\"><span class=\"is--medium\">Entr\u00e9e Optique :<\/span> non\t\t\t\t\t<\/li>\n<li class=\"product-features__item-list__item\" role=\"listitem\"><span class=\"is--medium\">Entr\u00e9e auxiliaire :<\/span> 0\t\t\t\t\t<\/li>\n<li class=\"product-features__item-list__item\" role=\"listitem\"><span class=\"is--medium\">Port USB :<\/span> USB de service, permet de faire les mise \u00e0 jour du produit\t\t\t\t\t<\/li>\n<li class=\"product-features__item-list__item\" role=\"listitem\"><span class=\"is--medium\">Entr\u00e9e HDMI :<\/span> 0\t\t\t\t\t<\/li>\n<li class=\"product-features__item-list__item\" role=\"listitem\"><span class=\"is--medium\">Sortie HDMI :<\/span> 1\t\t\t\t\t<\/li>\n<li class=\"product-features__item-list__item\" role=\"listitem\"><span class=\"is--medium\">Port ethernet (RJ45) :<\/span> 0\t\t\t\t\t<\/li>\n<\/ul>\n<\/li>\n<li class=\"product-features__item\" role=\"listitem\">\n<h3 class=\"product-features__label\">Connectivit\u00e9<\/h3>\n<ul role=\"list\">\n<li class=\"product-features__item-list__item\" role=\"listitem\"><span class=\"is--medium\">AirPlay :<\/span> oui, une technologie Apple qui permet de partager sans connectique des contenus multim\u00e9dias ( vid\u00e9os, photos, musiques) sur le t\u00e9l\u00e9viseur\t\t\t\t\t<\/li>\n<li class=\"product-features__item-list__item\" role=\"listitem\"><span class=\"is--medium\">Bluetooth :<\/span> oui, permet de connecter votre t\u00e9l\u00e9viseur compatible ou vos appareils mobiles pour profiter du son sans fil\t\t\t\t\t<\/li>\n<li class=\"product-features__item-list__item\" role=\"listitem\"><span class=\"is--medium\">DLNA :<\/span> non\t\t\t\t\t<\/li>\n<li class=\"product-features__item-list__item\" role=\"listitem\"><span class=\"is--medium\">Wi-Fi :<\/span> Oui\t\t\t\t\t<\/li>\n<li class=\"product-features__item-list__item\" role=\"listitem\"><span class=\"is--medium\">Chromecast :<\/span> Oui\t\t\t\t\t<\/li>\n<li class=\"product-features__item-list__item\" role=\"listitem\"><span class=\"is--medium\">Assistant vocal :<\/span> compatible assistant vocal\t\t\t\t\t<\/li>\n<\/ul>\n<\/li>\n<li class=\"product-features__item\" role=\"listitem\">\n<h3 class=\"product-features__label\">Consommation<\/h3>\n<ul role=\"list\">\n<li class=\"product-features__item-list__item\" role=\"listitem\"><span class=\"is--medium\">Consommation de la barre :<\/span> 28,0 W\t\t\t\t\t<\/li>\n<li class=\"product-features__item-list__item\" role=\"listitem\"><span class=\"is--medium\">Consommation de la barre en veille :<\/span> 0,5 W\t\t\t\t\t<\/li>\n<li class=\"product-features__item-list__item\" role=\"listitem\"><span class=\"is--medium\">Consommation du caisson :<\/span> 26,0 W\t\t\t\t\t<\/li>\n<li class=\"product-features__item-list__item\" role=\"listitem\"><span class=\"is--medium\">Consommation du caisson en veille :<\/span> 0,5 W\t\t\t\t\t<\/li>\n<\/ul>\n<\/li>\n<li class=\"product-features__item\" role=\"listitem\">\n<h3 class=\"product-features__label\">Dimensions<\/h3>\n<ul role=\"list\">\n<li class=\"product-features__item-list__item\" role=\"listitem\"><span class=\"is--medium\">LxHxP enceinte :<\/span> 116 x 3.8 x 3.99 cm\t\t\t\t\t<\/li>\n<li class=\"product-features__item-list__item\" role=\"listitem\"><span class=\"is--medium\">Poids de l&rsquo;enceinte :<\/span> 7,8 kg\t\t\t\t\t<\/li>\n<\/ul>\n<\/li>\n<li class=\"product-features__item\" role=\"listitem\">\n<h3 class=\"product-features__label\">Informations compl\u00e9mentaires<\/h3>\n<ul role=\"list\">\n<li class=\"product-features__item-list__item\" role=\"listitem\"><span class=\"is--medium\">Garantie :<\/span> 2 ans\t\t\t\t\t<\/li>\n<li class=\"product-features__item-list__item\" role=\"listitem\"><span class=\"is--medium\">Fabriqu\u00e9 en :<\/span> Vi\u00eat Nam\t\t\t\t\t<\/li>\n<li class=\"product-features__item-list__item\" role=\"listitem\"><span class=\"is--medium\">Disponibilit\u00e9 des pi\u00e8ces d\u00e9tach\u00e9es (donn\u00e9es fournisseur) :<\/span> Pendant 4 ans, \u00e0 compter de la date d&rsquo;achat\t\t\t\t\t<\/li>\n<\/ul>\n<\/li>\n<\/ul>\n<\/div>\n<div class=\"product__disclosure-content\">\n<div class=\"js-read-more product-description__content read-more read-more--truncated\" data-read-more-name=\"description\" style=\"max-height: 500px; overflow: hidden;\">\n<p>Incroyablement fine et terriblement puissante, la barre de son Samsung HW-S800B se fait une place discr\u00e8te sous votre t\u00e9l\u00e9viseur Samsung. D\u00e9couvrez l&rsquo;immersion unique que procure le format Dolby Atmos et compl\u00e9tez votre exp\u00e9rience sonore avec les diverses fonctionnalit\u00e9s de cette barre de son Samsung (SpaceFit Sound, Active, Voice Amplifier, Gaming Pro).<\/p>\n<p><strong>Samsung HW-S800B\u00a0: un son qui enveloppe tout votre salon<\/strong><\/p>\n<p>Avec la barre de son Samsung HW-S800B, d\u00e9couvrez un son \u00e0 la fois puissant et immersif. Gr\u00e2ce \u00e0 ses 10 haut-parleurs et son caisson de basse 6,5&Prime; inclus, cette barre de son 3.1.2ch cr\u00e9e un environnement audio complet pour une exp\u00e9rience totale et captivante. Disponible pour la premi\u00e8re fois sans fil, le format Dolby Atmos (1) vient renforcer cette immersion en vous offrant un son 3D surround unique sans qu&rsquo;aucun c\u00e2ble ne vienne g\u00eaner votre visionnage\u00a0! En compl\u00e9ment, la technologie DTS Virtual:X recr\u00e9e le son de vos contenus en optimisant le rendu sonore (renforcement des basses, clart\u00e9 des dialogues et effets surround). Les amateurs de films appr\u00e9cieront son haut-parleur central qui clarifie les dialogues et l&rsquo;innovation Q-Symphony 2.0 qui synchronise les haut-parleurs de votre TV Samsung avec ceux de la barre de son pour d\u00e9cupler sa puissance et rendre votre exp\u00e9rience cin\u00e9matographique encore plus immersive et captivante. Vous voulez encore plus d&rsquo;immersion\u00a0? Cr\u00e9ez-vous une solution home cin\u00e9ma compl\u00e8te avec les enceintes arri\u00e8res sans fil SWA-9500S (2) !<\/p>\n<\/p>\n<p><center><img decoding=\"async\" alt=\"URL SCENE7\" src=\"https:\/\/boulanger.scene7.com\/is\/image\/Boulanger\/8806094243482_h_f_l_7?wid=1000\" width=\"700\"\/><\/center><\/p>\n<p>(1) Dolby Atmos sans fil via Wi-Fi est compatible avec une s\u00e9lection de TV Samsung 2022. * Dolby Atmos et DTS:X disponible sur les barres de son Q-SERIES 2022. * Contenu source Dolby Atmos et DTS:X requis. (2) En option<\/p>\n<p><strong>Adapt\u00e9e \u00e0 vos divertissements<\/strong><\/p>\n<p>Le confort d&rsquo;un son adapt\u00e9 \u00e0 son environnement. La fonction SpaceFit Sound (3) du Samsung HW-S800B scanne votre pi\u00e8ce afin de reconfigurer ses r\u00e9glages et vous offrir ainsi un son parfaitement calibr\u00e9 \u00e0 votre pi\u00e8ce. Mais l&rsquo;optimisation ne fait que d\u00e9buter puisque la barre de son Samsung HW-S800B analyse aussi le signal sonore pour que chaque sc\u00e8ne soit optimis\u00e9e. Difficile de suivre votre film quand votre enfant joue de la guitare dans sa chambre. Heureusement, la fonction AVA (Active Voice Amplifier) reconna\u00eet les bruits parasites alentour et amplifie automatiquement les dialogues. Vous ne pourrez plus dire que vous n&rsquo;avez pas entendu. Samsung HW-S800B\u00a0: une barre de son taill\u00e9e pour les films et les jeux vid\u00e9os. Connectez votre console de jeu, le mode Gaming Pro (4) s&rsquo;active automatiquement. Profitez alors d&rsquo;un incroyable son surround et concentrez-vous sur la victoire\u00a0!<\/p>\n<\/p>\n<p><center><img decoding=\"async\" alt=\"URL SCENE7\" src=\"https:\/\/boulanger.scene7.com\/is\/image\/Boulanger\/8806094243482_h_f_l_6?wid=1000\" width=\"700\"\/><\/center><\/p>\n<p>(3) SpaceFit Sound est compatible avec les t\u00e9l\u00e9viseurs Samsung QLED (gamme Q70 et plus). (4)\u00a0Cette fonction n&rsquo;est prise en charge que lorsque la console de jeu est connect\u00e9e \u00e0 une s\u00e9lection de t\u00e9l\u00e9viseurs Samsung 2019 via HDMI (tous les t\u00e9l\u00e9viseurs QLED, s\u00e9rie RU7400 et plus). Les consoles de jeu support\u00e9es incluent la PlayStation 4 et la Xbox. Les t\u00e9l\u00e9viseurs et consoles de jeux compatibles peuvent changer. **Achat d&rsquo;une console de jeu s\u00e9par\u00e9ment.<\/p>\n<p><strong>Une barre de son connect\u00e9e et \u00e9l\u00e9gante<\/strong><\/p>\n<p>Ce qui frappe chez la barre de son Samsung HW-S800B, c&rsquo;est sa finesse. Tr\u00e8s longue (116 cm), elle affiche une hauteur tr\u00e8s faible\u00a0: seulement 3,8 cm\u00a0! Des dimensions parfaites qui lui garantissent une int\u00e9gration subtile dans votre salon. Installez-la avec l&rsquo;accroche murale incluse et profitez d&rsquo;un appareil aussi performant que discret. Et tu tapes, tapes, tapes. Avec la fonction Tap Sound (5), vous connectez votre smartphone \u00e0 votre barre de son Samsung d&rsquo;une simple pression. Votre musique en Dolby Atmos vous attend\u00a0! Aussi simple pour connecter votre smartphone que pour votre t\u00e9l\u00e9viseur. Gr\u00e2ce au Wifi et au Bluetooth, votre TV Samsung s&rsquo;appaire \u00e0 votre barre de son en quelques secondes. Et pour en prendre le contr\u00f4le, servez-vous de la t\u00e9l\u00e9commande unique ou utilisez les assistants int\u00e9gr\u00e9s (Chromecast et AirpPlay2 (6)).<\/p>\n<\/p>\n<p><center><img decoding=\"async\" alt=\"URL SCENE7\" src=\"https:\/\/boulanger.scene7.com\/is\/image\/Boulanger\/8806094243482_h_b_l_0?wid=1000\" width=\"700\"\/><\/center><\/p>\n<p>(5) Compatible avec les smartphones dot\u00e9s de Bluetooth et du Wi-fi uniquement. (6) Google et Chromecast built-in sont des marques commerciales de Google LLC. Apple, Air Play, iPhone, iPad et Mac sont des marques commerciales d&rsquo;Apple Inc. D\u00e9pos\u00e9es aux \u00c9tats-Unis et dans d&rsquo;autres pays. Cette barre de son Samsung prend en charge AirPlay2 et n\u00e9cessite iOS 11.4 ou une version ult\u00e9rieure.<\/p>\n<p>\u00a0<\/p>\n<\/p>\n<p><video class=\"s7Video\" controls=\"\" controlslist=\"nodownload\" poster=\"https:\/\/boulanger.scene7.com\/is\/image\/Boulanger\/8806094243482_v_0?scl=1\" preload=\"metadata\" src=\"https:\/\/boulanger.scene7.com\/is\/content\/Boulanger\/8806094243482_v_0\" width=\"100%\"><\/video><\/p>\n<\/div>\n<p><bl-button a11yexpanded=\"false\" arialabel=\"Afficher toute la description\" class=\"read-more__btn\" full=\"false\" link=\"true\">Voir plus<\/bl-button><\/div>","protected":false},"excerpt":{"rendered":"<div class=\"keypoints\">\n<h3 class=\"keypoints__title\">Les points cl\u00e9s<\/h3>\n<ul role=\"list\">\n<li class=\"keypoints__item\" role=\"listitem\">                                        Barre de son avec caisson sans fil                      <\/li>\n<li class=\"keypoints__item\" role=\"listitem\">                          Dolby Atmos, DTS, DTS X &#8211;                                                      HDMI CEC, HDMI Arc                      <\/li>\n<li class=\"keypoints__item\" role=\"listitem\">                                        LxHxP enceinte : 116 x 3.8 x 3.99 cm                      <\/li>\n<li class=\"keypoints__item keypoints__item--advantage\" role=\"listitem\"><strong>Le + :<\/strong> Barre de son 3.1.2ch &#8211; Atmos sans fil &#8211; Ultra-fine &#8211; Wifi &#8211; Bluetooth &#8211; Contr\u00f4le vocal &#8211; Q-Symphony 2.0      <\/li>\n<\/ul>","protected":false},"featured_media":83489,"template":"","meta":{"_glsr_average":0,"_glsr_ranking":0,"_glsr_reviews":0},"product_cat":[453],"product_tag":[454,451],"class_list":{"0":"post-83490","1":"product","2":"type-product","3":"status-publish","4":"has-post-thumbnail","6":"product_cat-barre-de-son","7":"product_tag-barre-de-son","8":"product_tag-tv-image-son","10":"first","11":"instock","12":"sale","13":"shipping-taxable","14":"purchasable","15":"product-type-simple"},"_links":{"self":[{"href":"https:\/\/electromenagerexpress.com\/en\/wp-json\/wp\/v2\/product\/83490","targetHints":{"allow":["GET"]}}],"collection":[{"href":"https:\/\/electromenagerexpress.com\/en\/wp-json\/wp\/v2\/product"}],"about":[{"href":"https:\/\/electromenagerexpress.com\/en\/wp-json\/wp\/v2\/types\/product"}],"wp:featuredmedia":[{"embeddable":true,"href":"https:\/\/electromenagerexpress.com\/en\/wp-json\/wp\/v2\/media\/83489"}],"wp:attachment":[{"href":"https:\/\/electromenagerexpress.com\/en\/wp-json\/wp\/v2\/media?parent=83490"}],"wp:term":[{"taxonomy":"product_cat","embeddable":true,"href":"https:\/\/electromenagerexpress.com\/en\/wp-json\/wp\/v2\/product_cat?post=83490"},{"taxonomy":"product_tag","embeddable":true,"href":"https:\/\/electromenagerexpress.com\/en\/wp-json\/wp\/v2\/product_tag?post=83490"}],"curies":[{"name":"wp","href":"https:\/\/api.w.org\/{rel}","templated":true}]}}