{"id":83460,"date":"2024-11-24T15:50:29","date_gmt":"2024-11-24T15:50:29","guid":{"rendered":"https:\/\/electromenagerexpress.com\/product\/barre-de-sonsonyhtx8500\/"},"modified":"2024-11-24T15:50:48","modified_gmt":"2024-11-24T15:50:48","slug":"barre-de-sonsonyhtx8500","status":"publish","type":"product","link":"https:\/\/electromenagerexpress.com\/en\/product\/barre-de-sonsonyhtx8500\/","title":{"rendered":"Barre de son\t\t\t\t\t\t\tSONY\t\t\t\tHTX8500"},"content":{"rendered":"<div class=\"product-features__content\">\n<ul role=\"list\">\n<li class=\"product-features__item\" role=\"listitem\">\n<h3 class=\"product-features__label\">Son<\/h3>\n<ul role=\"list\">\n<li class=\"product-features__item-list__item\" role=\"listitem\"><span class=\"is--medium\">Puissance :<\/span> Non communiqu\u00e9e\t\t\t\t\t<\/li>\n<li class=\"product-features__item-list__item\" role=\"listitem\"><span class=\"is--medium\">Nombre de haut-parleur :<\/span> 2\t\t\t\t\t<\/li>\n<li class=\"product-features__item-list__item\" role=\"listitem\"><span class=\"is--medium\">Traitement du son :<\/span> Dolby Atmos, DTS, DTS X\t\t\t\t\t<\/li>\n<li class=\"product-features__item-list__item\" role=\"listitem\"><span class=\"is--medium\">Dolby Atmos :<\/span> le Dolby atmos est un syst\u00e8me d&rsquo;enceintes r\u00e9fl\u00e9chissant le son sur le plafond et les murs pour des effets sonores 3D afin de vous plonger au coeur de l&rsquo;action\t\t\t\t\t<\/li>\n<li class=\"product-features__item-list__item\" role=\"listitem\"><span class=\"is--medium\">DTS X :<\/span> le DTS-X est un mode de traitement du son qui permet de restituer chez soi un effet sonore en trois dimensions\t\t\t\t\t<\/li>\n<li class=\"product-features__item-list__item\" role=\"listitem\"><span class=\"is--medium\">Hi-Res :<\/span> non\t\t\t\t\t<\/li>\n<li class=\"product-features__item-list__item\" role=\"listitem\"><span class=\"is--medium\">Calibrage automatique :<\/span> non\t\t\t\t\t<\/li>\n<\/ul>\n<\/li>\n<li class=\"product-features__item\" role=\"listitem\">\n<h3 class=\"product-features__label\">Equipement<\/h3>\n<ul role=\"list\">\n<li class=\"product-features__item-list__item\" role=\"listitem\"><span class=\"is--medium\">Typologie :<\/span> barre de son sans caisson , sert \u00e0 am\u00e9liorer le son de la t\u00e9l\u00e9\t\t\t\t\t<\/li>\n<li class=\"product-features__item-list__item\" role=\"listitem\"><span class=\"is--medium\">Enceintes arri\u00e8res :<\/span> non concern\u00e9\t\t\t\t\t<\/li>\n<li class=\"product-features__item-list__item\" role=\"listitem\"><span class=\"is--medium\">Kit de fixation de barre de son au mur :<\/span> non\t\t\t\t\t<\/li>\n<\/ul>\n<\/li>\n<li class=\"product-features__item\" role=\"listitem\">\n<h3 class=\"product-features__label\">Connectiques<\/h3>\n<ul role=\"list\">\n<li class=\"product-features__item-list__item\" role=\"listitem\"><span class=\"is--medium\">HDMI CEC :<\/span> non\t\t\t\t\t<\/li>\n<li class=\"product-features__item-list__item\" role=\"listitem\"><span class=\"is--medium\">HDMI Arc :<\/span> oui, permet de simplifier les branchements entre une TV et une barre de son et de limiter le nombre de c\u00e2bles utilis\u00e9s\t\t\t\t\t<\/li>\n<li class=\"product-features__item-list__item\" role=\"listitem\"><span class=\"is--medium\">Entr\u00e9e Optique :<\/span> oui, permet d&rsquo;envoyer le son de sa TV vers une barre de son en num\u00e9rique, ou un casque TV avec un c\u00e2ble optique\t\t\t\t\t<\/li>\n<li class=\"product-features__item-list__item\" role=\"listitem\"><span class=\"is--medium\">Entr\u00e9e auxiliaire :<\/span> 0\t\t\t\t\t<\/li>\n<li class=\"product-features__item-list__item\" role=\"listitem\"><span class=\"is--medium\">Entr\u00e9e HDMI :<\/span> 1\t\t\t\t\t<\/li>\n<li class=\"product-features__item-list__item\" role=\"listitem\"><span class=\"is--medium\">Sortie HDMI :<\/span> 1\t\t\t\t\t<\/li>\n<\/ul>\n<\/li>\n<li class=\"product-features__item\" role=\"listitem\">\n<h3 class=\"product-features__label\">Connectivit\u00e9<\/h3>\n<ul role=\"list\">\n<li class=\"product-features__item-list__item\" role=\"listitem\"><span class=\"is--medium\">Bluetooth :<\/span> oui, permet de connecter votre t\u00e9l\u00e9viseur compatible ou vos appareils mobiles pour profiter du son sans fil\t\t\t\t\t<\/li>\n<li class=\"product-features__item-list__item\" role=\"listitem\"><span class=\"is--medium\">DLNA :<\/span> non\t\t\t\t\t<\/li>\n<li class=\"product-features__item-list__item\" role=\"listitem\"><span class=\"is--medium\">Wi-Fi :<\/span> Non\t\t\t\t\t<\/li>\n<li class=\"product-features__item-list__item\" role=\"listitem\"><span class=\"is--medium\">Chromecast :<\/span> Non\t\t\t\t\t<\/li>\n<li class=\"product-features__item-list__item\" role=\"listitem\"><span class=\"is--medium\">Assistant vocal :<\/span> non concern\u00e9\t\t\t\t\t<\/li>\n<\/ul>\n<\/li>\n<li class=\"product-features__item\" role=\"listitem\">\n<h3 class=\"product-features__label\">Consommation<\/h3>\n<ul role=\"list\">\n<li class=\"product-features__item-list__item\" role=\"listitem\"><span class=\"is--medium\">Consommation de la barre :<\/span> 32,0 W\t\t\t\t\t<\/li>\n<li class=\"product-features__item-list__item\" role=\"listitem\"><span class=\"is--medium\">Consommation de la barre en veille :<\/span> 0,5 W\t\t\t\t\t<\/li>\n<li class=\"product-features__item-list__item\" role=\"listitem\"><span class=\"is--medium\">Consommation totale :<\/span> 32,0 W\t\t\t\t\t<\/li>\n<li class=\"product-features__item-list__item\" role=\"listitem\"><span class=\"is--medium\">Consommation totale en veille :<\/span> 0,5 W\t\t\t\t\t<\/li>\n<\/ul>\n<\/li>\n<li class=\"product-features__item\" role=\"listitem\">\n<h3 class=\"product-features__label\">Dimensions<\/h3>\n<ul role=\"list\">\n<li class=\"product-features__item-list__item\" role=\"listitem\"><span class=\"is--medium\">LxHxP enceinte :<\/span> 89 x 6.4 x 9.6 cm\t\t\t\t\t<\/li>\n<li class=\"product-features__item-list__item\" role=\"listitem\"><span class=\"is--medium\">Poids de l&rsquo;enceinte :<\/span> 5,0 kg\t\t\t\t\t<\/li>\n<\/ul>\n<\/li>\n<li class=\"product-features__item\" role=\"listitem\">\n<h3 class=\"product-features__label\">Informations compl\u00e9mentaires<\/h3>\n<ul role=\"list\">\n<li class=\"product-features__item-list__item\" role=\"listitem\"><span class=\"is--medium\">Garantie :<\/span> 2 ans\t\t\t\t\t<\/li>\n<li class=\"product-features__item-list__item\" role=\"listitem\"><span class=\"is--medium\">Fabriqu\u00e9 en :<\/span> Malaisie\t\t\t\t\t<\/li>\n<li class=\"product-features__item-list__item\" role=\"listitem\"><span class=\"is--medium\">Disponibilit\u00e9 des pi\u00e8ces d\u00e9tach\u00e9es (donn\u00e9es fournisseur) :<\/span> Pendant 2 ans, \u00e0 compter de la date fin de commercialisation\t\t\t\t\t<\/li>\n<\/ul>\n<\/li>\n<\/ul>\n<\/div>\n<div class=\"product__disclosure-content\">\n<div class=\"js-read-more product-description__content read-more read-more--truncated\" data-read-more-name=\"description\" style=\"max-height: 500px; overflow: hidden;\">\n<p>La barre de son<strong> Sony HT-X8500 Dolby Atmos\u00ae\/DTS:X\u00ae 2.1\u00a0<\/strong>canaux avec double caisson de basses et technologie Vertical Sound Engine int\u00e9gr\u00e9s offre une exp\u00e9rience de son Surround en trois dimensions dignes d&rsquo;une salle de cin\u00e9ma, tandis que ses lignes \u00e9l\u00e9gantes s&rsquo;int\u00e8grent parfaitement devant votre t\u00e9l\u00e9viseur.<\/p>\n<p><center><img decoding=\"async\" alt=\"Sony HTX 8500\" src=\"https:\/\/boulanger.scene7.com\/is\/image\/Boulanger\/4548736089389_h_z_l_3?wid=1000\" width=\"700\"\/><\/center><\/p>\n<p>\u00a0<\/p>\n<p><strong>Profitez d&rsquo;un son comme au cin\u00e9ma avec la barre de son HT-X8500<\/strong><\/p>\n<p><center><img decoding=\"async\" alt=\"Sony HTX 8500\" src=\"https:\/\/boulanger.scene7.com\/is\/image\/Boulanger\/4548736089389_h_f_l_5?wid=1000\" width=\"700\"\/><\/center><\/p>\n<p>\u00a0<\/p>\n<p>La nouvelle technologie <strong>de son immersif, Sony Vertical Surround Engine<\/strong>, vous permet de profiter des formats Dolby Atmos\u00ae et DTS\u00a0:X\u00ae avec une barre de son et son caisson de basse. \u00a0Quelle que soit la configuration de la pi\u00e8ce, la technologie DSP avanc\u00e9e permet aux enceintes avant de la barre de son de produire un son intense provenant de toutes les directions, y compris du dessus, pour une exp\u00e9rience digne du cin\u00e9ma.<\/p>\n<p>Le son vous parvient de tous les c\u00f4t\u00e9s avec <strong>la technologie surround stimulant jusqu&rsquo;\u00e0 7.1.2 canaux<\/strong>.<\/p>\n<p>Le traitement num\u00e9rique du signal avanc\u00e9 convertit m\u00eame le son st\u00e9r\u00e9o en un son Surround immersif digne des salles de cin\u00e9ma par une simple pression sur un bouton de la t\u00e9l\u00e9commande.<\/p>\n<p><center><img decoding=\"async\" alt=\"Sony HTX 8500\" src=\"https:\/\/boulanger.scene7.com\/is\/image\/Boulanger\/4548736089389_h_f_l_6?wid=1000\" width=\"700\"\/><\/center><center><\/center><center><\/center><center><\/center><center><\/center><center><\/center><center><img decoding=\"async\" alt=\"Sony HTX 8500\" src=\"https:\/\/boulanger.scene7.com\/is\/image\/Boulanger\/4548736089389_h_z_l_6?wid=1000\" width=\"1000\"\/><\/center><\/p>\n<p>\u00a0<\/p>\n<p><strong>Profitez de basses percutantes avec la barre de son X8500<\/strong> <\/p>\n<p>La HT-X8500 int\u00e8gre au centre deux caissons de basses performants pour que vous puissiez profiter de basses puissantes sans qu&rsquo;aucun \u00e9quipement suppl\u00e9mentaire ne vienne encombrer votre espace de vie.<\/p>\n<p><center><img decoding=\"async\" alt=\"Sony HTX 8500\" src=\"https:\/\/boulanger.scene7.com\/is\/image\/Boulanger\/4548736089389_h_f_l_3?wid=1000\" width=\"700\"\/><\/center><\/p>\n<p><strong>Personnalisez et choisissez votre configuration de son id\u00e9ale<\/strong><\/p>\n<p>La t\u00e9l\u00e9commande de la X8500 offre une lecture claire gr\u00e2ce \u00e0 ses diff\u00e9rents boutons. Un bouton pour chaque mode de son : choisissez celui qui correspond \u00e0 ce que vous regardez ou \u00e9coutez.<\/p>\n<p><img decoding=\"async\" alt=\"Sony HTX 8500\" src=\"https:\/\/boulanger.scene7.com\/is\/image\/Boulanger\/4548736089389_h_a_l_1?wid=1000\" width=\"1000\"\/><\/p>\n<p><strong>Profitez de tous vos films en qualit\u00e9 4K HDR<\/strong><\/p>\n<p>Fonction pass-through 4K HDR 18 Gbit\/s et norme HDCP 2.2\/HDCP 2.3 pour fonctionner avec les Home Cinema les plus r\u00e9cents.<\/p>\n<p><strong>Facile d&rsquo;utilisation avec sa multitude de connectivit\u00e9<\/strong> <\/p>\n<p>Diffusez et profitez de vos morceaux pr\u00e9f\u00e9r\u00e9s en associant votre smartphone ou <strong>tablette avec la technologie Bluetooth<\/strong>\u00ae.<\/p>\n<p>Vous pouvez \u00e9galement connecter votre barre de son sans fil \u00e0 votre t\u00e9l\u00e9viseur en utilisant la fonction Bluetooth TV\u00ae (disponible sur t\u00e9l\u00e9viseur prenant en charge un \u00e9metteur Bluetooth\u00ae compatible).<\/p>\n<p>\u00a0<\/p>\n<p>La barre de son Sony X8500 est dot\u00e9e d&rsquo;une connexion <strong>HDMI eARC*<\/strong> qui vous permet de profiter des formats de son Surround les plus r\u00e9cents \u00e0 d\u00e9bit binaire \u00e9lev\u00e9, comme <strong>Dolby Atmos\u00ae<\/strong> et DTS:X\u00ae, sur votre t\u00e9l\u00e9viseur compatible.<\/p>\n<p><center><img fetchpriority=\"high\" decoding=\"async\" alt=\"Sony HTX 8500\" height=\"408\" src=\"https:\/\/boulanger.scene7.com\/is\/image\/Boulanger\/4548736089389_h_b_l_1?wid=1000\" width=\"672\"\/><\/center><\/p>\n<p>*La technologie HDMI eARC (Enhanced Audio Return Channel ou canal de retour audio am\u00e9lior\u00e9) transmet de l&rsquo;audio 7.1 et 5.1 canaux non compress\u00e9, ou bien de l&rsquo;audio \u00e0 reconnaissance d&rsquo;objets, comme les syst\u00e8mes Dolby Atmos\u00ae et DTS:X\u00ae, via un t\u00e9l\u00e9viseur compatible.<\/p>\n<p>\u00a0<\/p>\n<\/p>\n<p><video class=\"s7Video\" controls=\"\" controlslist=\"nodownload\" poster=\"https:\/\/boulanger.scene7.com\/is\/image\/Boulanger\/4548736089389_v_0?scl=1\" preload=\"metadata\" src=\"https:\/\/boulanger.scene7.com\/is\/content\/Boulanger\/4548736089389_v_0\" width=\"100%\"><\/video><\/p>\n<p><img decoding=\"async\" src=\"https:\/\/boulanger.scene7.com\/is\/image\/Boulanger\/EMS-top_AEM_BARRE_SON_HOME_CIN?wid=1260\"\/><\/p>\n<\/div>\n<p><bl-button a11yexpanded=\"false\" arialabel=\"Afficher toute la description\" class=\"read-more__btn\" full=\"false\" link=\"true\">Voir plus<\/bl-button><\/div>","protected":false},"excerpt":{"rendered":"<div class=\"keypoints\">\n<h3 class=\"keypoints__title\">Les points cl\u00e9s<\/h3>\n<ul role=\"list\">\n<li class=\"keypoints__item\" role=\"listitem\">                                        Barre de son sans caisson                      <\/li>\n<li class=\"keypoints__item\" role=\"listitem\">                          Dolby Atmos, DTS, DTS X &#8211;                                                      HDMI Arc, Entr\u00e9e Optique                      <\/li>\n<li class=\"keypoints__item\" role=\"listitem\">                                        LxHxP enceinte : 89 x 6.4 x 9.6 cm                      <\/li>\n<li class=\"keypoints__item keypoints__item--advantage\" role=\"listitem\"><strong>Le + :<\/strong> Dolby Atmos avec son 3D &#8211; Double caisson de basse int\u00e9gr\u00e9      <\/li>\n<\/ul>","protected":false},"featured_media":83459,"template":"","meta":{"_glsr_average":0,"_glsr_ranking":0,"_glsr_reviews":0},"product_cat":[453],"product_tag":[454,451],"class_list":{"0":"post-83460","1":"product","2":"type-product","3":"status-publish","4":"has-post-thumbnail","6":"product_cat-barre-de-son","7":"product_tag-barre-de-son","8":"product_tag-tv-image-son","10":"first","11":"instock","12":"sale","13":"shipping-taxable","14":"purchasable","15":"product-type-simple"},"_links":{"self":[{"href":"https:\/\/electromenagerexpress.com\/en\/wp-json\/wp\/v2\/product\/83460","targetHints":{"allow":["GET"]}}],"collection":[{"href":"https:\/\/electromenagerexpress.com\/en\/wp-json\/wp\/v2\/product"}],"about":[{"href":"https:\/\/electromenagerexpress.com\/en\/wp-json\/wp\/v2\/types\/product"}],"wp:featuredmedia":[{"embeddable":true,"href":"https:\/\/electromenagerexpress.com\/en\/wp-json\/wp\/v2\/media\/83459"}],"wp:attachment":[{"href":"https:\/\/electromenagerexpress.com\/en\/wp-json\/wp\/v2\/media?parent=83460"}],"wp:term":[{"taxonomy":"product_cat","embeddable":true,"href":"https:\/\/electromenagerexpress.com\/en\/wp-json\/wp\/v2\/product_cat?post=83460"},{"taxonomy":"product_tag","embeddable":true,"href":"https:\/\/electromenagerexpress.com\/en\/wp-json\/wp\/v2\/product_tag?post=83460"}],"curies":[{"name":"wp","href":"https:\/\/api.w.org\/{rel}","templated":true}]}}