{"id":83424,"date":"2024-11-24T15:49:54","date_gmt":"2024-11-24T15:49:54","guid":{"rendered":"https:\/\/electromenagerexpress.com\/product\/barre-de-sonsonosray-noir\/"},"modified":"2024-11-24T15:50:01","modified_gmt":"2024-11-24T15:50:01","slug":"barre-de-sonsonosray-noir","status":"publish","type":"product","link":"https:\/\/electromenagerexpress.com\/en\/product\/barre-de-sonsonosray-noir\/","title":{"rendered":"Barre de son\t\t\t\t\t\t\tSONOS\t\t\t\tRay noir"},"content":{"rendered":"<div class=\"product-features__content\">\n<ul role=\"list\">\n<li class=\"product-features__item\" role=\"listitem\">\n<h3 class=\"product-features__label\">Son<\/h3>\n<ul role=\"list\">\n<li class=\"product-features__item-list__item\" role=\"listitem\"><span class=\"is--medium\">Puissance :<\/span> Non communiqu\u00e9e par Sonos\t\t\t\t\t<\/li>\n<li class=\"product-features__item-list__item\" role=\"listitem\"><span class=\"is--medium\">Nombre de haut-parleur :<\/span> 4\t\t\t\t\t<\/li>\n<li class=\"product-features__item-list__item\" role=\"listitem\"><span class=\"is--medium\">Traitement du son :<\/span> DTS\t\t\t\t\t<\/li>\n<li class=\"product-features__item-list__item\" role=\"listitem\"><span class=\"is--medium\">Dolby Atmos :<\/span> non\t\t\t\t\t<\/li>\n<li class=\"product-features__item-list__item\" role=\"listitem\"><span class=\"is--medium\">DTS X :<\/span> non\t\t\t\t\t<\/li>\n<li class=\"product-features__item-list__item\" role=\"listitem\"><span class=\"is--medium\">Hi-Res :<\/span> non\t\t\t\t\t<\/li>\n<li class=\"product-features__item-list__item\" role=\"listitem\"><span class=\"is--medium\">Calibrage automatique :<\/span> oui, le son s&rsquo;adapte automatiquement \u00e0 la configuration de la pi\u00e8ce pour un son optimal\t\t\t\t\t<\/li>\n<\/ul>\n<\/li>\n<li class=\"product-features__item\" role=\"listitem\">\n<h3 class=\"product-features__label\">Equipement<\/h3>\n<ul role=\"list\">\n<li class=\"product-features__item-list__item\" role=\"listitem\"><span class=\"is--medium\">Typologie :<\/span> barre de son sans caisson , sert \u00e0 am\u00e9liorer le son de la t\u00e9l\u00e9\t\t\t\t\t<\/li>\n<li class=\"product-features__item-list__item\" role=\"listitem\"><span class=\"is--medium\">Enceintes arri\u00e8res :<\/span> en option\t\t\t\t\t<\/li>\n<li class=\"product-features__item-list__item\" role=\"listitem\"><span class=\"is--medium\">Le saviez-vous :<\/span> \u00e9quiper sa barre de son avec des enceintes arri\u00e8res permet d&rsquo;am\u00e9liorer l&rsquo;immersion sonore\t\t\t\t\t<\/li>\n<li class=\"product-features__item-list__item\" role=\"listitem\"><span class=\"is--medium\">Kit de fixation de barre de son au mur :<\/span> non\t\t\t\t\t<\/li>\n<\/ul>\n<\/li>\n<li class=\"product-features__item\" role=\"listitem\">\n<h3 class=\"product-features__label\">Connectiques<\/h3>\n<ul role=\"list\">\n<li class=\"product-features__item-list__item\" role=\"listitem\"><span class=\"is--medium\">HDMI CEC :<\/span> non\t\t\t\t\t<\/li>\n<li class=\"product-features__item-list__item\" role=\"listitem\"><span class=\"is--medium\">HDMI Arc :<\/span> non\t\t\t\t\t<\/li>\n<li class=\"product-features__item-list__item\" role=\"listitem\"><span class=\"is--medium\">Entr\u00e9e Optique :<\/span> oui, permet d&rsquo;envoyer le son de sa TV vers une barre de son en num\u00e9rique, ou un casque TV avec un c\u00e2ble optique\t\t\t\t\t<\/li>\n<li class=\"product-features__item-list__item\" role=\"listitem\"><span class=\"is--medium\">Entr\u00e9e auxiliaire :<\/span> 0\t\t\t\t\t<\/li>\n<li class=\"product-features__item-list__item\" role=\"listitem\"><span class=\"is--medium\">Entr\u00e9e HDMI :<\/span> 0\t\t\t\t\t<\/li>\n<li class=\"product-features__item-list__item\" role=\"listitem\"><span class=\"is--medium\">Sortie HDMI :<\/span> 0\t\t\t\t\t<\/li>\n<\/ul>\n<\/li>\n<li class=\"product-features__item\" role=\"listitem\">\n<h3 class=\"product-features__label\">Connectivit\u00e9<\/h3>\n<ul role=\"list\">\n<li class=\"product-features__item-list__item\" role=\"listitem\"><span class=\"is--medium\">AirPlay :<\/span> oui, une technologie Apple qui permet de partager sans connectique des contenus multim\u00e9dias ( vid\u00e9os, photos, musiques) sur le t\u00e9l\u00e9viseur\t\t\t\t\t<\/li>\n<li class=\"product-features__item-list__item\" role=\"listitem\"><span class=\"is--medium\">Bluetooth :<\/span> non\t\t\t\t\t<\/li>\n<li class=\"product-features__item-list__item\" role=\"listitem\"><span class=\"is--medium\">DLNA :<\/span> non\t\t\t\t\t<\/li>\n<li class=\"product-features__item-list__item\" role=\"listitem\"><span class=\"is--medium\">Wi-Fi :<\/span> Oui\t\t\t\t\t<\/li>\n<li class=\"product-features__item-list__item\" role=\"listitem\"><span class=\"is--medium\">Chromecast :<\/span> Oui\t\t\t\t\t<\/li>\n<li class=\"product-features__item-list__item\" role=\"listitem\"><span class=\"is--medium\">Assistant vocal :<\/span> non concern\u00e9\t\t\t\t\t<\/li>\n<\/ul>\n<\/li>\n<li class=\"product-features__item\" role=\"listitem\">\n<h3 class=\"product-features__label\">Dimensions<\/h3>\n<ul role=\"list\">\n<li class=\"product-features__item-list__item\" role=\"listitem\"><span class=\"is--medium\">LxHxP enceinte :<\/span> 55.7 x 7 x 9.3 cm\t\t\t\t\t<\/li>\n<li class=\"product-features__item-list__item\" role=\"listitem\"><span class=\"is--medium\">Poids de l&rsquo;enceinte :<\/span> 1,9 kg\t\t\t\t\t<\/li>\n<\/ul>\n<\/li>\n<li class=\"product-features__item\" role=\"listitem\">\n<h3 class=\"product-features__label\">Informations compl\u00e9mentaires<\/h3>\n<ul role=\"list\">\n<li class=\"product-features__item-list__item\" role=\"listitem\"><span class=\"is--medium\">Garantie :<\/span> 2 ans\t\t\t\t\t<\/li>\n<li class=\"product-features__item-list__item\" role=\"listitem\"><span class=\"is--medium\">Fabriqu\u00e9 en :<\/span> Chine\t\t\t\t\t<\/li>\n<li class=\"product-features__item-list__item\" role=\"listitem\"><span class=\"is--medium\">Disponibilit\u00e9 des pi\u00e8ces d\u00e9tach\u00e9es (donn\u00e9es fournisseur) :<\/span> Pendant 2 ans, \u00e0 compter de la date d&rsquo;achat\t\t\t\t\t<\/li>\n<\/ul>\n<\/li>\n<\/ul>\n<\/div>\n<div class=\"product__disclosure-content\">\n<div class=\"js-read-more product-description__content read-more read-more--truncated\" data-read-more-name=\"description\" style=\"max-height: 500px; overflow: hidden;\">\n<p>Discr\u00e9tion, \u00e9l\u00e9gance et puissance : voici les promesses de la Barre de son SONOS Ray, une barre de son qui viendra parfaitement compl\u00e9ter votre t\u00e9l\u00e9viseur.<\/p>\n<h3><img fetchpriority=\"high\" decoding=\"async\" ,=\"\" alt=\"Barre de son SONOS Ray noir\" class=\"wy_tableau_gauche\" height=\"270\" src=\"https:\/\/boulanger.scene7.com\/is\/image\/Boulanger\/8717755778512_h_f_l_0?wid=400&amp;hei=270\" width=\"400\"\/>Laissez la qualit\u00e9 s&rsquo;exprimer<\/h3>\n<p>Si vous avez l&rsquo;amour du cin\u00e9ma, des s\u00e9ries ou de la musique, il est important de profiter d&rsquo;un son de qualit\u00e9. Pour r\u00e9pondre \u00e0 vos attentes, voici la Barre de son SONOS Ray. Cette barre de son high-tech s&rsquo;appuie sur un <b>traitement du son DTS<\/b> et des <b>entr\u00e9es optiques<\/b> pour vous assurer un <b>rendu fluide, net et d\u00e9pourvu d&rsquo;interf\u00e9rences<\/b>.<\/p>\n<p>Pour que le son ressorte avec puissance, la Barre de son SONOS Ray comporte <b>4 amplificateurs num\u00e9riques<\/b>. Ces <b>quatre amplis de classe D<\/b> offrent \u00e0 la barre de son une architecture unique. Leur <b>calibrage Trueplay adaptera la diffusion du son \u00e0 la nature et au volume de votre pi\u00e8ce<\/b>, pour un rendu toujours parfait.<\/p>\n<h3><img decoding=\"async\" ,=\"\" alt=\"Barre de son SONOS Ray noir\" class=\"wy_tableau_right\" height=\"270\" src=\"https:\/\/boulanger.scene7.com\/is\/image\/Boulanger\/8717755778512_h_f_l_1?wid=400&amp;hei=270\" width=\"400\"\/>Un son riche, une installation facile<\/h3>\n<p>La Barre de son SONOS Ray vous assurera une <b>clart\u00e9 exceptionnelle<\/b>. Le son sera toujours restitu\u00e9 de fa\u00e7on fid\u00e8le car cette barre dispose de <b>deux mid-woofers<\/b> qui mettront en relief les fr\u00e9quences medium et graves. Ces basses riches et color\u00e9es seront compl\u00e9t\u00e9es par les aigus pr\u00e9cis restitu\u00e9s par les deux tweeters. Gr\u00e2ce au <b>Multiroom<\/b>, vous pourrez diffuser vos sons favoris dans plusieurs pi\u00e8ces simultan\u00e9ment.<\/p>\n<p>Au-del\u00e0 de sa qualit\u00e9 de son, la Barre de son SONOS Ray se distingue par <b>sa praticit\u00e9 et sa simplicit\u00e9 d&rsquo;installation<\/b>. En quelques minutes, vous pourrez la param\u00e9trer, la connecter \u00e0 votre t\u00e9l\u00e9viseur et l&rsquo;utiliser gr\u00e2ce \u00e0 l&rsquo;<b>application Sonos<\/b>. Notez enfin que cette barre de son connect\u00e9e au design unique pourra \u00eatre plac\u00e9e sur n&rsquo;importe quel meuble et qu&rsquo;elle est <b>compatible Spotify, Airplay 2 et Chromecast<\/b>, entre autres.<\/p>\n<\/p>\n<\/div>\n<p><bl-button a11yexpanded=\"false\" arialabel=\"Afficher toute la description\" class=\"read-more__btn\" full=\"false\" link=\"true\"><\/bl-button><\/div>","protected":false},"excerpt":{"rendered":"<div class=\"keypoints\">\n<h3 class=\"keypoints__title\">Les points cl\u00e9s<\/h3>\n<ul role=\"list\">\n<li class=\"keypoints__item\" role=\"listitem\">                                        Barre de son sans caisson                      <\/li>\n<li class=\"keypoints__item\" role=\"listitem\">                          DTS &#8211;                                                      Entr\u00e9e Optique                      <\/li>\n<li class=\"keypoints__item\" role=\"listitem\">                                        LxHxP enceinte : 55.7 x 7 x 9.3 cm                      <\/li>\n<li class=\"keypoints__item keypoints__item--advantage\" role=\"listitem\"><strong>Le + :<\/strong> Multiroom, Airplay 2 et Chromecast int\u00e9gr\u00e9      <\/li>\n<\/ul>","protected":false},"featured_media":83423,"template":"","meta":{"_glsr_average":0,"_glsr_ranking":0,"_glsr_reviews":0},"product_cat":[453],"product_tag":[454,451],"class_list":{"0":"post-83424","1":"product","2":"type-product","3":"status-publish","4":"has-post-thumbnail","6":"product_cat-barre-de-son","7":"product_tag-barre-de-son","8":"product_tag-tv-image-son","10":"first","11":"instock","12":"sale","13":"shipping-taxable","14":"purchasable","15":"product-type-simple"},"_links":{"self":[{"href":"https:\/\/electromenagerexpress.com\/en\/wp-json\/wp\/v2\/product\/83424","targetHints":{"allow":["GET"]}}],"collection":[{"href":"https:\/\/electromenagerexpress.com\/en\/wp-json\/wp\/v2\/product"}],"about":[{"href":"https:\/\/electromenagerexpress.com\/en\/wp-json\/wp\/v2\/types\/product"}],"wp:featuredmedia":[{"embeddable":true,"href":"https:\/\/electromenagerexpress.com\/en\/wp-json\/wp\/v2\/media\/83423"}],"wp:attachment":[{"href":"https:\/\/electromenagerexpress.com\/en\/wp-json\/wp\/v2\/media?parent=83424"}],"wp:term":[{"taxonomy":"product_cat","embeddable":true,"href":"https:\/\/electromenagerexpress.com\/en\/wp-json\/wp\/v2\/product_cat?post=83424"},{"taxonomy":"product_tag","embeddable":true,"href":"https:\/\/electromenagerexpress.com\/en\/wp-json\/wp\/v2\/product_tag?post=83424"}],"curies":[{"name":"wp","href":"https:\/\/api.w.org\/{rel}","templated":true}]}}