{"id":83303,"date":"2024-11-24T15:48:06","date_gmt":"2024-11-24T15:48:06","guid":{"rendered":"https:\/\/electromenagerexpress.com\/product\/barre-de-sonsonosarc-ultra-blanc\/"},"modified":"2024-11-24T15:48:13","modified_gmt":"2024-11-24T15:48:13","slug":"barre-de-sonsonosarc-ultra-blanc","status":"publish","type":"product","link":"https:\/\/electromenagerexpress.com\/en\/product\/barre-de-sonsonosarc-ultra-blanc\/","title":{"rendered":"Barre de son\t\t\t\t\t\t\tSONOS\t\t\t\tArc Ultra Blanc"},"content":{"rendered":"<div class=\"product-features__content\">\n<ul role=\"list\">\n<li class=\"product-features__item\" role=\"listitem\">\n<h3 class=\"product-features__label\">Son<\/h3>\n<ul role=\"list\">\n<li class=\"product-features__item-list__item\" role=\"listitem\"><span class=\"is--medium\">Puissance :<\/span> Non communiqu\u00e9e par Sonos\t\t\t\t\t<\/li>\n<li class=\"product-features__item-list__item\" role=\"listitem\"><span class=\"is--medium\">Nombre de haut-parleur :<\/span> 14\t\t\t\t\t<\/li>\n<li class=\"product-features__item-list__item\" role=\"listitem\"><span class=\"is--medium\">Traitement du son :<\/span> Dolby Atmos\t\t\t\t\t<\/li>\n<li class=\"product-features__item-list__item\" role=\"listitem\"><span class=\"is--medium\">Dolby Atmos :<\/span> le Dolby atmos est un syst\u00e8me d&rsquo;enceintes r\u00e9fl\u00e9chissant le son sur le plafond et les murs pour des effets sonores 3D afin de vous plonger au coeur de l&rsquo;action\t\t\t\t\t<\/li>\n<li class=\"product-features__item-list__item\" role=\"listitem\"><span class=\"is--medium\">Calibrage automatique :<\/span> oui, le son s&rsquo;adapte automatiquement \u00e0 la configuration de la pi\u00e8ce pour un son optimal\t\t\t\t\t<\/li>\n<\/ul>\n<\/li>\n<li class=\"product-features__item\" role=\"listitem\">\n<h3 class=\"product-features__label\">Equipement<\/h3>\n<ul role=\"list\">\n<li class=\"product-features__item-list__item\" role=\"listitem\"><span class=\"is--medium\">Typologie :<\/span> barre de son sans caisson , sert \u00e0 am\u00e9liorer le son de la t\u00e9l\u00e9\t\t\t\t\t<\/li>\n<li class=\"product-features__item-list__item\" role=\"listitem\"><span class=\"is--medium\">Enceintes arri\u00e8res :<\/span> en option\t\t\t\t\t<\/li>\n<li class=\"product-features__item-list__item\" role=\"listitem\"><span class=\"is--medium\">Le saviez-vous :<\/span> \u00e9quiper sa barre de son avec des enceintes arri\u00e8res permet d&rsquo;am\u00e9liorer l&rsquo;immersion sonore\t\t\t\t\t<\/li>\n<li class=\"product-features__item-list__item\" role=\"listitem\"><span class=\"is--medium\">Installation enceintes arri\u00e8res :<\/span> sans fil\t\t\t\t\t<\/li>\n<li class=\"product-features__item-list__item\" role=\"listitem\"><span class=\"is--medium\">Kit de fixation de barre de son au mur :<\/span> en option\t\t\t\t\t<\/li>\n<li class=\"product-features__item-list__item\" role=\"listitem\"><span class=\"is--medium\">Kit de fixation d\u00a0\u00bbenceintes :<\/span> en option\t\t\t\t\t<\/li>\n<\/ul>\n<\/li>\n<li class=\"product-features__item\" role=\"listitem\">\n<h3 class=\"product-features__label\">Connectiques<\/h3>\n<ul role=\"list\">\n<li class=\"product-features__item-list__item\" role=\"listitem\"><span class=\"is--medium\">HDMI Arc :<\/span> oui, permet de simplifier les branchements entre une TV et une barre de son et de limiter le nombre de c\u00e2bles utilis\u00e9s\t\t\t\t\t<\/li>\n<li class=\"product-features__item-list__item\" role=\"listitem\"><span class=\"is--medium\">Entr\u00e9e HDMI :<\/span> 1\t\t\t\t\t<\/li>\n<li class=\"product-features__item-list__item\" role=\"listitem\"><span class=\"is--medium\">Port ethernet (RJ45) :<\/span> 1\t\t\t\t\t<\/li>\n<li class=\"product-features__item-list__item\" role=\"listitem\"><span class=\"is--medium\">HDMI eArc :<\/span> oui, permet d&rsquo;avoir sur la barre de son les signaux sonores comme le Dolby Digital Plus avec Atmos, le Dolby True HD avec Atmos, le DTS HD et le DTS X\t\t\t\t\t<\/li>\n<\/ul>\n<\/li>\n<li class=\"product-features__item\" role=\"listitem\">\n<h3 class=\"product-features__label\">Connectivit\u00e9<\/h3>\n<ul role=\"list\">\n<li class=\"product-features__item-list__item\" role=\"listitem\"><span class=\"is--medium\">AirPlay :<\/span> oui, une technologie Apple qui permet de partager sans connectique des contenus multim\u00e9dias ( vid\u00e9os, photos, musiques) sur le t\u00e9l\u00e9viseur\t\t\t\t\t<\/li>\n<li class=\"product-features__item-list__item\" role=\"listitem\"><span class=\"is--medium\">Bluetooth :<\/span> non\t\t\t\t\t<\/li>\n<li class=\"product-features__item-list__item\" role=\"listitem\"><span class=\"is--medium\">Wi-Fi :<\/span> Oui\t\t\t\t\t<\/li>\n<\/ul>\n<\/li>\n<li class=\"product-features__item\" role=\"listitem\">\n<h3 class=\"product-features__label\">Dimensions<\/h3>\n<ul role=\"list\">\n<li class=\"product-features__item-list__item\" role=\"listitem\"><span class=\"is--medium\">LxHxP enceinte :<\/span> 11.05 x 7.95 x 117.3 cm\t\t\t\t\t<\/li>\n<li class=\"product-features__item-list__item\" role=\"listitem\"><span class=\"is--medium\">Poids de l&rsquo;enceinte :<\/span> 5,8 kg\t\t\t\t\t<\/li>\n<\/ul>\n<\/li>\n<li class=\"product-features__item\" role=\"listitem\">\n<h3 class=\"product-features__label\">Informations compl\u00e9mentaires<\/h3>\n<ul role=\"list\">\n<li class=\"product-features__item-list__item\" role=\"listitem\"><span class=\"is--medium\">Garantie :<\/span> 2 ans\t\t\t\t\t<\/li>\n<li class=\"product-features__item-list__item\" role=\"listitem\"><span class=\"is--medium\">Fabriqu\u00e9 en :<\/span> Chine\t\t\t\t\t<\/li>\n<li class=\"product-features__item-list__item\" role=\"listitem\"><span class=\"is--medium\">Disponibilit\u00e9 des pi\u00e8ces d\u00e9tach\u00e9es (donn\u00e9es fournisseur) :<\/span> Pas de pi\u00e8ce disponible\t\t\t\t\t<\/li>\n<\/ul>\n<\/li>\n<\/ul>\n<\/div>\n<div class=\"product__disclosure-content\">\n<div class=\"js-read-more product-description__content read-more read-more--truncated\" data-read-more-name=\"description\" style=\"max-height: 500px; overflow: hidden;\">\n<div class=\"product__description-content read-more\" style=\"\">\n<p>Sonos Arc Ultra Blanc : L&rsquo;Excellence Sonore dans un Design \u00c9pur\u00e9<\/p>\n<h3> <img fetchpriority=\"high\" decoding=\"async\" ,=\"\" alt=\"Barre de son SONOS Arc Ultra Blanc\" class=\"wy_tableau_gauche\" height=\"270\" src=\"https:\/\/boulanger.scene7.com\/is\/image\/Boulanger\/8720862502840_h_f_l_0?wid=400&amp;hei=270\" width=\"400\"\/>Une immersion sonore r\u00e9volutionnaire avec Sound Motion\u2122                    <\/h3>\n<p>                        La Sonos Arc Ultra Blanc repousse les limites de l&rsquo;audio avec la technologie Sound Motion\u2122, une avanc\u00e9e majeure dans l&rsquo;ing\u00e9nierie sonore des 100 derni\u00e8res ann\u00e9es. Cette innovation permet \u00e0 la barre de son de d\u00e9livrer une qualit\u00e9 sonore exceptionnelle dans un format discret. Avec ses sept tweeters \u00e0 d\u00f4me en soie et ses quinze amplificateurs num\u00e9riques de classe D, elle offre des hautes fr\u00e9quences cristallines et des dialogues d&rsquo;une clart\u00e9 in\u00e9gal\u00e9e. Le woofer \u00e0 quatre moteurs et double membrane annule les vibrations pour produire des basses profondes sans distorsion, compl\u00e9tant ainsi une exp\u00e9rience audio immersive en Dolby Atmos 9.1.4.                    <\/p>\n<\/p>\n<h3> <img decoding=\"async\" ,=\"\" alt=\"Barre de son SONOS Arc Ultra Blanc\" class=\"wy_tableau_right\" height=\"270\" src=\"https:\/\/boulanger.scene7.com\/is\/image\/Boulanger\/8720862502840_h_f_l_1?wid=400&amp;hei=270\" width=\"400\"\/>Design sophistiqu\u00e9 et contr\u00f4le intuitif                    <\/h3>\n<p>                        L&rsquo;\u00e9l\u00e9gance de la Sonos Arc Ultra Blanc se refl\u00e8te dans son design incurv\u00e9, sa finition mate et sa capacit\u00e9 \u00e0 se fondre dans tout type d&rsquo;int\u00e9rieur. Elle ne se contente pas d&rsquo;\u00eatre belle, elle est \u00e9galement intelligente. La barre de son offre une flexibilit\u00e9 de contr\u00f4le via la t\u00e9l\u00e9commande TV, l&rsquo;application Sonos ou les commandes tactiles directement sur l&rsquo;appareil. En outre, le mode Son nocturne r\u00e9duit l&rsquo;intensit\u00e9 des effets sonores tout en amplifiant les sons discrets, assurant une qualit\u00e9 d&rsquo;\u00e9coute optimale m\u00eame \u00e0 faible volume. Compatible avec plus de 80 services de streaming, la Sonos Arc Ultra Blanc est le choix id\u00e9al pour les amateurs de musique et de cin\u00e9ma \u00e0 la recherche d&rsquo;une exp\u00e9rience sonore de qualit\u00e9 exceptionnelle.                    <\/p>\n<\/p><\/div>\n<\/p>\n<\/div>\n<p><bl-button a11yexpanded=\"false\" arialabel=\"Afficher toute la description\" class=\"read-more__btn\" full=\"false\" link=\"true\"><\/bl-button><\/div>","protected":false},"excerpt":{"rendered":"<div class=\"keypoints\">\n<h3 class=\"keypoints__title\">Les points cl\u00e9s<\/h3>\n<ul role=\"list\">\n<li class=\"keypoints__item\" role=\"listitem\">                                        Barre de son sans caisson                      <\/li>\n<li class=\"keypoints__item\" role=\"listitem\">                          Dolby Atmos &#8211;                                                      HDMI Arc, HDMI eArc :                      <\/li>\n<li class=\"keypoints__item\" role=\"listitem\">                                        LxHxP enceinte : 11.05 x 7.95 x 117.3 cm                      <\/li>\n<li class=\"keypoints__item keypoints__item--advantage\" role=\"listitem\"><strong>Le + :<\/strong> Un son d&rsquo;une clart\u00e9 et d&rsquo;une profondeur incomparables, avec la technologie Sound Motion !      <\/li>\n<\/ul>","protected":false},"featured_media":83302,"template":"","meta":{"_glsr_average":0,"_glsr_ranking":0,"_glsr_reviews":0},"product_cat":[453],"product_tag":[454,451],"class_list":{"0":"post-83303","1":"product","2":"type-product","3":"status-publish","4":"has-post-thumbnail","6":"product_cat-barre-de-son","7":"product_tag-barre-de-son","8":"product_tag-tv-image-son","10":"first","11":"instock","12":"sale","13":"shipping-taxable","14":"purchasable","15":"product-type-simple"},"_links":{"self":[{"href":"https:\/\/electromenagerexpress.com\/en\/wp-json\/wp\/v2\/product\/83303","targetHints":{"allow":["GET"]}}],"collection":[{"href":"https:\/\/electromenagerexpress.com\/en\/wp-json\/wp\/v2\/product"}],"about":[{"href":"https:\/\/electromenagerexpress.com\/en\/wp-json\/wp\/v2\/types\/product"}],"wp:featuredmedia":[{"embeddable":true,"href":"https:\/\/electromenagerexpress.com\/en\/wp-json\/wp\/v2\/media\/83302"}],"wp:attachment":[{"href":"https:\/\/electromenagerexpress.com\/en\/wp-json\/wp\/v2\/media?parent=83303"}],"wp:term":[{"taxonomy":"product_cat","embeddable":true,"href":"https:\/\/electromenagerexpress.com\/en\/wp-json\/wp\/v2\/product_cat?post=83303"},{"taxonomy":"product_tag","embeddable":true,"href":"https:\/\/electromenagerexpress.com\/en\/wp-json\/wp\/v2\/product_tag?post=83303"}],"curies":[{"name":"wp","href":"https:\/\/api.w.org\/{rel}","templated":true}]}}