{"id":83293,"date":"2024-11-24T15:47:57","date_gmt":"2024-11-24T15:47:57","guid":{"rendered":"https:\/\/electromenagerexpress.com\/product\/barre-de-sontclts8132\/"},"modified":"2024-11-24T15:48:04","modified_gmt":"2024-11-24T15:48:04","slug":"barre-de-sontclts8132","status":"publish","type":"product","link":"https:\/\/electromenagerexpress.com\/en\/product\/barre-de-sontclts8132\/","title":{"rendered":"Barre de son\t\t\t\t\t\t\tTCL\t\t\t\tTS8132"},"content":{"rendered":"<div class=\"product-features__content\">\n<ul role=\"list\">\n<li class=\"product-features__item\" role=\"listitem\">\n<h3 class=\"product-features__label\">Son<\/h3>\n<ul role=\"list\">\n<li class=\"product-features__item-list__item\" role=\"listitem\"><span class=\"is--medium\">Puissance :<\/span> 350 Watts RMS\t\t\t\t\t<\/li>\n<li class=\"product-features__item-list__item\" role=\"listitem\"><span class=\"is--medium\">Comprendre les watts RMS :<\/span> ce sont les watts r\u00e9ellement utils\u00e9s pour d\u00e9livrer la puissance de l&rsquo;enceinte\t\t\t\t\t<\/li>\n<li class=\"product-features__item-list__item\" role=\"listitem\"><span class=\"is--medium\">Nombre de haut-parleur :<\/span> 2\t\t\t\t\t<\/li>\n<li class=\"product-features__item-list__item\" role=\"listitem\"><span class=\"is--medium\">Traitement du son :<\/span> Dolby Atmos\t\t\t\t\t<\/li>\n<li class=\"product-features__item-list__item\" role=\"listitem\"><span class=\"is--medium\">Dolby Atmos :<\/span> le Dolby atmos est un syst\u00e8me d&rsquo;enceintes r\u00e9fl\u00e9chissant le son sur le plafond et les murs pour des effets sonores 3D afin de vous plonger au coeur de l&rsquo;action\t\t\t\t\t<\/li>\n<li class=\"product-features__item-list__item\" role=\"listitem\"><span class=\"is--medium\">DTS X :<\/span> non\t\t\t\t\t<\/li>\n<li class=\"product-features__item-list__item\" role=\"listitem\"><span class=\"is--medium\">Hi-Res :<\/span> non\t\t\t\t\t<\/li>\n<li class=\"product-features__item-list__item\" role=\"listitem\"><span class=\"is--medium\">Calibrage automatique :<\/span> non\t\t\t\t\t<\/li>\n<\/ul>\n<\/li>\n<li class=\"product-features__item\" role=\"listitem\">\n<h3 class=\"product-features__label\">Equipement<\/h3>\n<ul role=\"list\">\n<li class=\"product-features__item-list__item\" role=\"listitem\"><span class=\"is--medium\">Typologie :<\/span> barre de son avec caisson sans fil, sert \u00e0 am\u00e9liorer le son de la t\u00e9l\u00e9 et restituer les sons les plus graves\t\t\t\t\t<\/li>\n<li class=\"product-features__item-list__item\" role=\"listitem\"><span class=\"is--medium\">Enceintes arri\u00e8res :<\/span> non concern\u00e9\t\t\t\t\t<\/li>\n<li class=\"product-features__item-list__item\" role=\"listitem\"><span class=\"is--medium\">Kit de fixation de barre de son au mur :<\/span> fourni\t\t\t\t\t<\/li>\n<\/ul>\n<\/li>\n<li class=\"product-features__item\" role=\"listitem\">\n<h3 class=\"product-features__label\">Connectiques<\/h3>\n<ul role=\"list\">\n<li class=\"product-features__item-list__item\" role=\"listitem\"><span class=\"is--medium\">HDMI CEC :<\/span> oui, permet d&rsquo;utiliser la t\u00e9l\u00e9commande de votre TV pour piloter tous vos appareils branch\u00e9s en HDMI disposant de la m\u00eame norme CEC\t\t\t\t\t<\/li>\n<li class=\"product-features__item-list__item\" role=\"listitem\"><span class=\"is--medium\">HDMI Arc :<\/span> oui, permet de simplifier les branchements entre une TV et une barre de son et de limiter le nombre de c\u00e2bles utilis\u00e9s\t\t\t\t\t<\/li>\n<li class=\"product-features__item-list__item\" role=\"listitem\"><span class=\"is--medium\">Entr\u00e9e Optique :<\/span> oui, permet d&rsquo;envoyer le son de sa TV vers une barre de son en num\u00e9rique, ou un casque TV avec un c\u00e2ble optique\t\t\t\t\t<\/li>\n<li class=\"product-features__item-list__item\" role=\"listitem\"><span class=\"is--medium\">Entr\u00e9e auxiliaire :<\/span> 0\t\t\t\t\t<\/li>\n<li class=\"product-features__item-list__item\" role=\"listitem\"><span class=\"is--medium\">Entr\u00e9e HDMI :<\/span> 2\t\t\t\t\t<\/li>\n<li class=\"product-features__item-list__item\" role=\"listitem\"><span class=\"is--medium\">Sortie HDMI :<\/span> 1\t\t\t\t\t<\/li>\n<\/ul>\n<\/li>\n<li class=\"product-features__item\" role=\"listitem\">\n<h3 class=\"product-features__label\">Connectivit\u00e9<\/h3>\n<ul role=\"list\">\n<li class=\"product-features__item-list__item\" role=\"listitem\"><span class=\"is--medium\">AirPlay :<\/span> oui, une technologie Apple qui permet de partager sans connectique des contenus multim\u00e9dias ( vid\u00e9os, photos, musiques) sur le t\u00e9l\u00e9viseur\t\t\t\t\t<\/li>\n<li class=\"product-features__item-list__item\" role=\"listitem\"><span class=\"is--medium\">Bluetooth :<\/span> oui, permet de connecter votre t\u00e9l\u00e9viseur compatible ou vos appareils mobiles pour profiter du son sans fil\t\t\t\t\t<\/li>\n<li class=\"product-features__item-list__item\" role=\"listitem\"><span class=\"is--medium\">DLNA :<\/span> non\t\t\t\t\t<\/li>\n<li class=\"product-features__item-list__item\" role=\"listitem\"><span class=\"is--medium\">Wi-Fi :<\/span> Non\t\t\t\t\t<\/li>\n<li class=\"product-features__item-list__item\" role=\"listitem\"><span class=\"is--medium\">Chromecast :<\/span> Oui\t\t\t\t\t<\/li>\n<li class=\"product-features__item-list__item\" role=\"listitem\"><span class=\"is--medium\">Assistant vocal :<\/span> assistant vocal int\u00e9gr\u00e9\t\t\t\t\t<\/li>\n<\/ul>\n<\/li>\n<li class=\"product-features__item\" role=\"listitem\">\n<h3 class=\"product-features__label\">Consommation<\/h3>\n<ul role=\"list\">\n<li class=\"product-features__item-list__item\" role=\"listitem\"><span class=\"is--medium\">Consommation totale :<\/span> 60,0 W\t\t\t\t\t<\/li>\n<li class=\"product-features__item-list__item\" role=\"listitem\"><span class=\"is--medium\">Consommation totale en veille :<\/span> 1,0 W\t\t\t\t\t<\/li>\n<\/ul>\n<\/li>\n<li class=\"product-features__item\" role=\"listitem\">\n<h3 class=\"product-features__label\">Dimensions<\/h3>\n<ul role=\"list\">\n<li class=\"product-features__item-list__item\" role=\"listitem\"><span class=\"is--medium\">LxHxP enceinte :<\/span> 10 x 6.5 x 13 cm\t\t\t\t\t<\/li>\n<li class=\"product-features__item-list__item\" role=\"listitem\"><span class=\"is--medium\">Poids de l&rsquo;enceinte :<\/span> 2,9 kg\t\t\t\t\t<\/li>\n<li class=\"product-features__item-list__item\" role=\"listitem\"><span class=\"is--medium\">Dimensions caisson l x h x p :<\/span> 32.5 x 20 x 20 cm\t\t\t\t\t<\/li>\n<li class=\"product-features__item-list__item\" role=\"listitem\"><span class=\"is--medium\">Poids du caisson :<\/span> 3,9 kg\t\t\t\t\t<\/li>\n<\/ul>\n<\/li>\n<li class=\"product-features__item\" role=\"listitem\">\n<h3 class=\"product-features__label\">Informations compl\u00e9mentaires<\/h3>\n<ul role=\"list\">\n<li class=\"product-features__item-list__item\" role=\"listitem\"><span class=\"is--medium\">Garantie :<\/span> 2 ans\t\t\t\t\t<\/li>\n<li class=\"product-features__item-list__item\" role=\"listitem\"><span class=\"is--medium\">Fabriqu\u00e9 en :<\/span> Chine\t\t\t\t\t<\/li>\n<li class=\"product-features__item-list__item\" role=\"listitem\"><span class=\"is--medium\">Disponibilit\u00e9 des pi\u00e8ces d\u00e9tach\u00e9es (donn\u00e9es fournisseur) :<\/span> Pendant 4 ans, \u00e0 compter de la date d&rsquo;achat\t\t\t\t\t<\/li>\n<\/ul>\n<\/li>\n<\/ul>\n<\/div>\n<div class=\"product__disclosure-content\">\n<div class=\"js-read-more product-description__content read-more read-more--truncated\" data-read-more-name=\"description\" style=\"max-height: 500px; overflow: hidden;\">\n<p><b>350W de puissance audio maximale<\/b><\/p>\n<p>Quand vous voulez \u00eatre immerg\u00e9s, la puissance compte. La puissance audio maximale est ce qui rend votre film ou votre musique v\u00e9ritablement immersif. Ressentez l&rsquo;\u00e9motion, \u00e0 chaque fois<\/p>\n<p>\u00a0<\/p>\n<p><center><img decoding=\"async\" alt=\"URL SCENE7\" src=\"https:\/\/boulanger.scene7.com\/is\/image\/Boulanger\/8720568100012_h_f_l_6?wid=1000\" width=\"1000\"\/><\/center><\/p>\n<p>\u00a0<\/p>\n<p><b>Son immersif, audio en mouvement qui vous entoure<\/b><\/p>\n<p>Profitez de Dolby Atmos avec une nouvelle dimension gr\u00e2ce aux 8 haut-parleurs vous offrant une sc\u00e8ne sonore puissante.<\/p>\n<p>\u00a0<\/p>\n<p><center><img decoding=\"async\" alt=\"URL SCENE7\" src=\"https:\/\/boulanger.scene7.com\/is\/image\/Boulanger\/8720568100012_h_f_l_8?wid=1000\" width=\"1000\"\/><\/center><\/p>\n<p>\u00a0<\/p>\n<p><b>D\u00e9couvrez des basses vibrantes avec le subwoofer sans fil<\/b><\/p>\n<p>Une belle exp\u00e9rience cin\u00e9matographique n&rsquo;est rien sans des explosions bouleversantes ou des moteurs rugissants lors d&rsquo;une poursuite en voiture. Le subwoofer sans fil fournit des basses vibrantes et peut facilement \u00eatre plac\u00e9 dans un coin de votre pi\u00e8ce sans aucun c\u00e2blage vers la barre de son.<\/p>\n<p>\u00a0<\/p>\n<p><center><img decoding=\"async\" alt=\"URL SCENE7\" src=\"https:\/\/boulanger.scene7.com\/is\/image\/Boulanger\/8720568100012_h_f_l_9?wid=1000\" width=\"400\"\/><\/center><\/p>\n<p>\u00a0<\/p>\n<p><b>Compatible avec Hey Google, Apple AirPlay et Amazon Alexa, Chromecast int\u00e9gr\u00e9<\/b><\/p>\n<p>Cela vous permet de facilement jouer ou contr\u00f4ler une musique sur votre barre de son depuis de multiples appareils. Fonctionne avec le multi-room synchronis\u00e9 et Hey Google, Apple AirPlay &amp; Amazon Alexa depuis votre t\u00e9l\u00e9phone ou tout autre appareil avec OK Google, Apple AirPlay &amp; Amazon Alexa.<\/p>\n<p>\u00a0<\/p>\n<p><center><img decoding=\"async\" alt=\"URL SCENE7\" src=\"https:\/\/boulanger.scene7.com\/is\/image\/Boulanger\/8720568100012_h_f_l_2?wid=1000\" width=\"400\"\/><\/center><\/p>\n<p>\u00a0<\/p>\n<p><b>HDMI avec eARC &amp; CEC<\/b><\/p>\n<p>Un seul c\u00e2ble suffit pour connecter votre barre de son \u00e0 votre TV et de plus, il est compatible avec un grand nombre de formats audio. Il n&rsquo;a jamais \u00e9t\u00e9 aussi facile de contr\u00f4ler votre barre de son.<\/p>\n<p> *N\u00e9cessite un TV avec support HDMI-CEC.<\/p>\n<p><center><img decoding=\"async\" alt=\"URL SCENE7\" src=\"https:\/\/boulanger.scene7.com\/is\/image\/Boulanger\/8720568100012_h_f_l_1?wid=1000\" width=\"400\"\/><\/center><\/p>\n<p>\u00a0<\/p>\n<\/p>\n<p><video class=\"s7Video\" controls=\"\" controlslist=\"nodownload\" poster=\"https:\/\/boulanger.scene7.com\/is\/image\/Boulanger\/8720568100012_v_0?scl=1\" preload=\"metadata\" src=\"https:\/\/boulanger.scene7.com\/is\/content\/Boulanger\/8720568100012_v_0\" width=\"100%\"><\/video><\/p>\n<\/div>\n<p><bl-button a11yexpanded=\"false\" arialabel=\"Afficher toute la description\" class=\"read-more__btn\" full=\"false\" link=\"true\">Voir plus<\/bl-button><\/div>","protected":false},"excerpt":{"rendered":"<div class=\"keypoints\">\n<h3 class=\"keypoints__title\">Les points cl\u00e9s<\/h3>\n<ul role=\"list\">\n<li class=\"keypoints__item\" role=\"listitem\">                                        Barre de son avec caisson sans fil                      <\/li>\n<li class=\"keypoints__item\" role=\"listitem\">                                        350 Watts RMS : id\u00e9al pour une pi\u00e8ce de 40m2 et +                      <\/li>\n<li class=\"keypoints__item\" role=\"listitem\">                          Dolby Atmos &#8211;                                                      HDMI CEC, HDMI Arc, Entr\u00e9e Optique                      <\/li>\n<li class=\"keypoints__item\" role=\"listitem\">                                        LxHxP enceinte : 10 x 6.5 x 13 cm                      <\/li>\n<li class=\"keypoints__item keypoints__item--advantage\" role=\"listitem\"><strong>Le + :<\/strong> Son Dolby Atmos &#8211; Chromecast int\u00e9gr\u00e9      <\/li>\n<\/ul>","protected":false},"featured_media":83292,"template":"","meta":{"_glsr_average":0,"_glsr_ranking":0,"_glsr_reviews":0},"product_cat":[453],"product_tag":[454,451],"class_list":{"0":"post-83293","1":"product","2":"type-product","3":"status-publish","4":"has-post-thumbnail","6":"product_cat-barre-de-son","7":"product_tag-barre-de-son","8":"product_tag-tv-image-son","10":"first","11":"instock","12":"sale","13":"shipping-taxable","14":"purchasable","15":"product-type-simple"},"_links":{"self":[{"href":"https:\/\/electromenagerexpress.com\/en\/wp-json\/wp\/v2\/product\/83293","targetHints":{"allow":["GET"]}}],"collection":[{"href":"https:\/\/electromenagerexpress.com\/en\/wp-json\/wp\/v2\/product"}],"about":[{"href":"https:\/\/electromenagerexpress.com\/en\/wp-json\/wp\/v2\/types\/product"}],"wp:featuredmedia":[{"embeddable":true,"href":"https:\/\/electromenagerexpress.com\/en\/wp-json\/wp\/v2\/media\/83292"}],"wp:attachment":[{"href":"https:\/\/electromenagerexpress.com\/en\/wp-json\/wp\/v2\/media?parent=83293"}],"wp:term":[{"taxonomy":"product_cat","embeddable":true,"href":"https:\/\/electromenagerexpress.com\/en\/wp-json\/wp\/v2\/product_cat?post=83293"},{"taxonomy":"product_tag","embeddable":true,"href":"https:\/\/electromenagerexpress.com\/en\/wp-json\/wp\/v2\/product_tag?post=83293"}],"curies":[{"name":"wp","href":"https:\/\/api.w.org\/{rel}","templated":true}]}}