{"id":83228,"date":"2024-11-24T15:46:58","date_gmt":"2024-11-24T15:46:58","guid":{"rendered":"https:\/\/electromenagerexpress.com\/product\/enceintefocaldome-flax-sat-1-0-white\/"},"modified":"2024-11-24T15:47:06","modified_gmt":"2024-11-24T15:47:06","slug":"enceintefocaldome-flax-sat-1-0-white","status":"publish","type":"product","link":"https:\/\/electromenagerexpress.com\/en\/product\/enceintefocaldome-flax-sat-1-0-white\/","title":{"rendered":"Enceinte\t\t\t\t\t\t\tFOCAL\t\t\t\tDOME FLAX SAT 1.0 WHITE"},"content":{"rendered":"<div class=\"product-features__content\">\n<ul role=\"list\">\n<li class=\"product-features__item\" role=\"listitem\">\n<h3 class=\"product-features__label\">Caract\u00e9ristiques g\u00e9n\u00e9rales<\/h3>\n<ul role=\"list\">\n<li class=\"product-features__item-list__item\" role=\"listitem\"><span class=\"is--medium\">Compatibilit\u00e9s :<\/span> ligne D\u00f4me, LIgnes Aria et Aria Evo X, 300 Series\t\t\t\t\t<\/li>\n<li class=\"product-features__item-list__item\" role=\"listitem\"><span class=\"is--medium\">Information vente :<\/span> Vendue \u00e0 l&rsquo;unit\u00e9\t\t\t\t\t<\/li>\n<li class=\"product-features__item-list__item\" role=\"listitem\"><span class=\"is--medium\">Finition :<\/span> Laqu\u00e9\t\t\t\t\t<\/li>\n<li class=\"product-features__item-list__item\" role=\"listitem\"><span class=\"is--medium\">Couleur :<\/span> Blanc\t\t\t\t\t<\/li>\n<li class=\"product-features__item-list__item\" role=\"listitem\"><span class=\"is--medium\">Origine de la marque :<\/span> Fran\u00e7aise\t\t\t\t\t<\/li>\n<\/ul>\n<\/li>\n<li class=\"product-features__item\" role=\"listitem\">\n<h3 class=\"product-features__label\">Caract\u00e9ristiques sonores<\/h3>\n<ul role=\"list\">\n<li class=\"product-features__item-list__item\" role=\"listitem\"><span class=\"is--medium\">Puissance :<\/span> Non communiqu\u00e9e\t\t\t\t\t<\/li>\n<li class=\"product-features__item-list__item\" role=\"listitem\"><span class=\"is--medium\">Type de charge :<\/span> Clos\t\t\t\t\t<\/li>\n<li class=\"product-features__item-list__item\" role=\"listitem\"><span class=\"is--medium\">R\u00e9ponse en fr\u00e9quence :<\/span> 80 &#8211; 28 000 Hz\t\t\t\t\t<\/li>\n<li class=\"product-features__item-list__item\" role=\"listitem\"><span class=\"is--medium\">Rendement :<\/span> 88 db\t\t\t\t\t<\/li>\n<li class=\"product-features__item-list__item\" role=\"listitem\"><span class=\"is--medium\">Imp\u00e9dance nominale :<\/span> 8,0 Ohms\t\t\t\t\t<\/li>\n<li class=\"product-features__item-list__item\" role=\"listitem\"><span class=\"is--medium\">Imp\u00e9dance minimale :<\/span> 4,0 Ohms\t\t\t\t\t<\/li>\n<li class=\"product-features__item-list__item\" role=\"listitem\"><span class=\"is--medium\">Bi-amplification :<\/span> Non\t\t\t\t\t<\/li>\n<li class=\"product-features__item-list__item\" role=\"listitem\"><span class=\"is--medium\">Fr\u00e9quence de coupure aigu :<\/span> 28.000 Hz\t\t\t\t\t<\/li>\n<li class=\"product-features__item-list__item\" role=\"listitem\"><span class=\"is--medium\">Fr\u00e9quence de coupure grave :<\/span> 80 Hz\t\t\t\t\t<\/li>\n<li class=\"product-features__item-list__item\" role=\"listitem\"><span class=\"is--medium\">Nombre de voies :<\/span> 2\t\t\t\t\t<\/li>\n<li class=\"product-features__item-list__item\" role=\"listitem\"><span class=\"is--medium\">Nombre de haut-parleurs :<\/span> 2\t\t\t\t\t<\/li>\n<li class=\"product-features__item-list__item\" role=\"listitem\"><span class=\"is--medium\">Sp\u00e9cificit\u00e9 Tweeter :<\/span> Tweeter \u00e0 d\u00f4me invers\u00e9 Al\/Mg 25 mm\t\t\t\t\t<\/li>\n<li class=\"product-features__item-list__item\" role=\"listitem\"><span class=\"is--medium\">Sp\u00e9cificit\u00e9 M\u00e9dium\/Grave :<\/span> M\u00e9dium-Grave Flax 10 cm\t\t\t\t\t<\/li>\n<\/ul>\n<\/li>\n<li class=\"product-features__item\" role=\"listitem\">\n<h3 class=\"product-features__label\">Connectivit\u00e9<\/h3>\n<ul role=\"list\">\n<li class=\"product-features__item-list__item\" role=\"listitem\"><span class=\"is--medium\">Bluetooth :<\/span> Non\t\t\t\t\t<\/li>\n<li class=\"product-features__item-list__item\" role=\"listitem\"><span class=\"is--medium\">Wi-Fi :<\/span> Non\t\t\t\t\t<\/li>\n<\/ul>\n<\/li>\n<li class=\"product-features__item\" role=\"listitem\">\n<h3 class=\"product-features__label\">Traitements sonores<\/h3>\n<ul role=\"list\">\n<li class=\"product-features__item-list__item\" role=\"listitem\"><span class=\"is--medium\">Dolby ATMOS :<\/span> Non\t\t\t\t\t<\/li>\n<li class=\"product-features__item-list__item\" role=\"listitem\"><span class=\"is--medium\">Hi-Res audio :<\/span> Non\t\t\t\t\t<\/li>\n<\/ul>\n<\/li>\n<li class=\"product-features__item\" role=\"listitem\">\n<h3 class=\"product-features__label\">Particularit\u00e9s<\/h3>\n<ul role=\"list\">\n<li class=\"product-features__item-list__item\" role=\"listitem\"><span class=\"is--medium\">R\u00e9siste aux projections d&rsquo;eau :<\/span> Non\t\t\t\t\t<\/li>\n<li class=\"product-features__item-list__item\" role=\"listitem\"><span class=\"is--medium\">R\u00e9siste aux chocs :<\/span> Non\t\t\t\t\t<\/li>\n<li class=\"product-features__item-list__item\" role=\"listitem\"><span class=\"is--medium\">Etanche :<\/span> Non\t\t\t\t\t<\/li>\n<li class=\"product-features__item-list__item\" role=\"listitem\"><span class=\"is--medium\">Touches tactiles :<\/span> Non\t\t\t\t\t<\/li>\n<li class=\"product-features__item-list__item\" role=\"listitem\"><span class=\"is--medium\">Bi-Cablage :<\/span> Non\t\t\t\t\t<\/li>\n<li class=\"product-features__item-list__item\" role=\"listitem\"><span class=\"is--medium\">Divers :<\/span> Gr\u00e2ce \u00e0 son c\u00f4ne Flax, membrane composite sandwich \u00e0 base de lin, D\u00f4me Flax b\u00e9n\u00e9ficie d&rsquo;un gain manifeste en d\u00e9finition et d&rsquo;une spatialisation plus large du fait d&rsquo;une meilleure lin\u00e9arit\u00e9 de la r\u00e9ponse en fr\u00e9quence.\t\t\t\t\t<\/li>\n<\/ul>\n<\/li>\n<li class=\"product-features__item\" role=\"listitem\">\n<h3 class=\"product-features__label\">Dimensions<\/h3>\n<ul role=\"list\">\n<li class=\"product-features__item-list__item\" role=\"listitem\"><span class=\"is--medium\">Dimensions l x h x p :<\/span> 14.4 x 17.2 x 14.3 cm\t\t\t\t\t<\/li>\n<li class=\"product-features__item-list__item\" role=\"listitem\"><span class=\"is--medium\">Poids (produit d\u00e9ball\u00e9) :<\/span> 1,9 kg\t\t\t\t\t<\/li>\n<li class=\"product-features__item-list__item\" role=\"listitem\"><span class=\"is--medium\">Poids (produit emball\u00e9) :<\/span> 2,4 kg\t\t\t\t\t<\/li>\n<\/ul>\n<\/li>\n<li class=\"product-features__item\" role=\"listitem\">\n<h3 class=\"product-features__label\">Informations compl\u00e9mentaires<\/h3>\n<ul role=\"list\">\n<li class=\"product-features__item-list__item\" role=\"listitem\"><span class=\"is--medium\">Fabriqu\u00e9 en :<\/span> France\t\t\t\t\t<\/li>\n<li class=\"product-features__item-list__item\" role=\"listitem\"><span class=\"is--medium\">Garantie :<\/span> 2 ans\t\t\t\t\t<\/li>\n<li class=\"product-features__item-list__item\" role=\"listitem\"><span class=\"is--medium\">Disponibilit\u00e9 des pi\u00e8ces d\u00e9tach\u00e9es (donn\u00e9es fournisseur) :<\/span> Pendant 2 ans, \u00e0 compter de la date d&rsquo;achat\t\t\t\t\t<\/li>\n<li class=\"product-features__item-list__item\" role=\"listitem\"><span class=\"is--medium\">R\u00e9f\u00e9rence constructeur :<\/span> DOME FLAX SAT 1.0 WHITE\t\t\t\t\t<\/li>\n<li class=\"product-features__item-list__item\" role=\"listitem\"><span class=\"is--medium\">Marque :<\/span> FOCAL\t\t\t\t\t<\/li>\n<\/ul>\n<\/li>\n<\/ul>\n<\/div>\n<div class=\"product__disclosure-content\">\n<div class=\"js-read-more product-description__content read-more read-more--truncated\" data-read-more-name=\"description\" style=\"max-height: 500px; overflow: hidden;\">\n<div class=\"product__description-content read-more\" style=\"\">\n<p>Enceinte FOCAL DOME FLAX SAT 1.0 WHITE : L&rsquo;excellence sonore en format compact<\/p>\n<h3> <img fetchpriority=\"high\" decoding=\"async\" ,=\"\" alt=\"Enceinte FOCAL DOME FLAX SAT 1.0 WHITE\" class=\"wy_tableau_gauche\" height=\"270\" src=\"https:\/\/boulanger.scene7.com\/is\/image\/Boulanger\/3544059690159_h_f_l_0?wid=400&amp;hei=270\" width=\"400\"\/>Design raffin\u00e9 et performance acoustique <\/h3>\n<p> L&rsquo;enceinte FOCAL DOME FLAX SAT 1.0 WHITE incarne le savoir-faire fran\u00e7ais en mati\u00e8re d&rsquo;audio haute-fid\u00e9lit\u00e9. Con\u00e7ue et fabriqu\u00e9e en France, elle allie \u00e9l\u00e9gance et technologie de pointe. Son esth\u00e9tique moderne, avec une finition laqu\u00e9e brillante, permet une int\u00e9gration harmonieuse dans tout type d&rsquo;int\u00e9rieur, que ce soit pos\u00e9e sur un meuble, fix\u00e9e au mur ou au plafond. Le c\u00f4ne Flax, une membrane composite innovante \u00e0 base de lin, conf\u00e8re \u00e0 l&rsquo;enceinte une clart\u00e9 exceptionnelle et une spatialisation sonore \u00e9tendue, gr\u00e2ce \u00e0 une r\u00e9ponse en fr\u00e9quence lin\u00e9aire am\u00e9lior\u00e9e. <\/p>\n<\/p>\n<h3> <img decoding=\"async\" ,=\"\" alt=\"Enceinte FOCAL DOME FLAX SAT 1.0 WHITE\" class=\"wy_tableau_right\" height=\"270\" src=\"https:\/\/boulanger.scene7.com\/is\/image\/Boulanger\/3544059690159_h_f_l_1?wid=400&amp;hei=270\" width=\"400\"\/>Caract\u00e9ristiques techniques avanc\u00e9es pour une exp\u00e9rience auditive in\u00e9gal\u00e9e <\/h3>\n<p> La FOCAL DOME FLAX SAT 1.0 WHITE est une enceinte deux voies ultra-compacte qui int\u00e8gre des haut-parleurs de qualit\u00e9 sup\u00e9rieure : un m\u00e9dium-grave de 10 cm et un tweeter \u00e0 d\u00f4me invers\u00e9 Al\/Mg de 25 mm. Elle offre une r\u00e9ponse en fr\u00e9quence de 80 Hz \u00e0 28 kHz, avec une sensibilit\u00e9 de 88 dB, garantissant une reproduction fid\u00e8le des sons sur une large plage de fr\u00e9quences. Compatible avec des amplificateurs de 25 \u00e0 100 W, cette enceinte est con\u00e7ue pour fonctionner avec une imp\u00e9dance nominale de 8 Ohms, minimale de 4 Ohms, et une fr\u00e9quence de coupure \u00e0 2500 Hz. Compacte, avec des dimensions de 172 x 144 x 143 mm et un poids de 1,9 kg, elle est facile \u00e0 placer pour une exp\u00e9rience auditive immersive. La technologie brevet\u00e9e Flax, associ\u00e9e \u00e0 un corps en aluminium, fait de cette enceinte un choix privil\u00e9gi\u00e9 pour les amateurs de son de qualit\u00e9. <\/p>\n<\/p><\/div>\n<\/p>\n<\/div>\n<p><bl-button a11yexpanded=\"false\" arialabel=\"Afficher toute la description\" class=\"read-more__btn\" full=\"false\" link=\"true\">Voir plus<\/bl-button><\/div>","protected":false},"excerpt":{"rendered":"<div class=\"keypoints\">\n<h3 class=\"keypoints__title\">Les points cl\u00e9s<\/h3>\n<ul role=\"list\">\n<li class=\"keypoints__item\" role=\"listitem\">                                        Vendue \u00e0 l&rsquo;unit\u00e9                      <\/li>\n<li class=\"keypoints__item\" role=\"listitem\">                                        Puissance : Non communiqu\u00e9e                      <\/li>\n<li class=\"keypoints__item\" role=\"listitem\">                                        Compatibilit\u00e9s : ligne D\u00f4me, LIgnes Aria et Aria Evo X, 300 Series                      <\/li>\n<li class=\"keypoints__item keypoints__item--advantage\" role=\"listitem\"><strong>Le + :<\/strong> Enceinte compacte et design, offre un son haute qualit\u00e9 pour une exp\u00e9rience immersive.      <\/li>\n<\/ul>","protected":false},"featured_media":83227,"template":"","meta":{"_glsr_average":0,"_glsr_ranking":0,"_glsr_reviews":0},"product_cat":[453],"product_tag":[454,451],"class_list":{"0":"post-83228","1":"product","2":"type-product","3":"status-publish","4":"has-post-thumbnail","6":"product_cat-barre-de-son","7":"product_tag-barre-de-son","8":"product_tag-tv-image-son","10":"first","11":"instock","12":"sale","13":"shipping-taxable","14":"purchasable","15":"product-type-simple"},"_links":{"self":[{"href":"https:\/\/electromenagerexpress.com\/en\/wp-json\/wp\/v2\/product\/83228","targetHints":{"allow":["GET"]}}],"collection":[{"href":"https:\/\/electromenagerexpress.com\/en\/wp-json\/wp\/v2\/product"}],"about":[{"href":"https:\/\/electromenagerexpress.com\/en\/wp-json\/wp\/v2\/types\/product"}],"wp:featuredmedia":[{"embeddable":true,"href":"https:\/\/electromenagerexpress.com\/en\/wp-json\/wp\/v2\/media\/83227"}],"wp:attachment":[{"href":"https:\/\/electromenagerexpress.com\/en\/wp-json\/wp\/v2\/media?parent=83228"}],"wp:term":[{"taxonomy":"product_cat","embeddable":true,"href":"https:\/\/electromenagerexpress.com\/en\/wp-json\/wp\/v2\/product_cat?post=83228"},{"taxonomy":"product_tag","embeddable":true,"href":"https:\/\/electromenagerexpress.com\/en\/wp-json\/wp\/v2\/product_tag?post=83228"}],"curies":[{"name":"wp","href":"https:\/\/api.w.org\/{rel}","templated":true}]}}