{"id":83131,"date":"2024-11-24T15:45:33","date_gmt":"2024-11-24T15:45:33","guid":{"rendered":"https:\/\/electromenagerexpress.com\/product\/caisson-de-bassebosebass-module-700-blanc\/"},"modified":"2024-11-24T15:45:37","modified_gmt":"2024-11-24T15:45:37","slug":"caisson-de-bassebosebass-module-700-blanc","status":"publish","type":"product","link":"https:\/\/electromenagerexpress.com\/en\/product\/caisson-de-bassebosebass-module-700-blanc\/","title":{"rendered":"Caisson de basse\t\t\t\t\t\t\tBOSE\t\t\t\tBass Module 700 Blanc"},"content":{"rendered":"<div class=\"product-features__content\">\n<ul role=\"list\">\n<li class=\"product-features__item\" role=\"listitem\">\n<h3 class=\"product-features__label\">Construction<\/h3>\n<ul role=\"list\">\n<li class=\"product-features__item-list__item\" role=\"listitem\"><span class=\"is--medium\">Typologie :<\/span> actif, permet de r\u00e9gler les basses et de gagner en puissance et en dynamique gr\u00e2ce \u00e0 un filtre et un amplificateur\t\t\t\t\t<\/li>\n<li class=\"product-features__item-list__item\" role=\"listitem\"><span class=\"is--medium\">Installation :<\/span> sans fil\t\t\t\t\t<\/li>\n<li class=\"product-features__item-list__item\" role=\"listitem\"><span class=\"is--medium\">Type de charge :<\/span> caisson bass reflex, permet d&rsquo;augmenter le rendement du caisson et de descendre plus bas en fr\u00e9quence\t\t\t\t\t<\/li>\n<li class=\"product-features__item-list__item\" role=\"listitem\"><span class=\"is--medium\">Nombre de haut-parleur :<\/span> non communiqu\u00e9\t\t\t\t\t<\/li>\n<li class=\"product-features__item-list__item\" role=\"listitem\"><span class=\"is--medium\">Compatibilit\u00e9 sp\u00e9cifique :<\/span> Bose\t\t\t\t\t<\/li>\n<li class=\"product-features__item-list__item\" role=\"listitem\"><span class=\"is--medium\">R\u00e9f\u00e9rence compatible :<\/span> barre de son Bose Soundbar 300, 500, 700, 900 Bose Tv Speaker et lifestyle 600 et 650\t\t\t\t\t<\/li>\n<li class=\"product-features__item-list__item\" role=\"listitem\"><span class=\"is--medium\">Pour une barre de son :<\/span> Oui\t\t\t\t\t<\/li>\n<li class=\"product-features__item-list__item\" role=\"listitem\"><span class=\"is--medium\">Couleur :<\/span> blanc\t\t\t\t\t<\/li>\n<\/ul>\n<\/li>\n<li class=\"product-features__item\" role=\"listitem\">\n<h3 class=\"product-features__label\">Son<\/h3>\n<ul role=\"list\">\n<li class=\"product-features__item-list__item\" role=\"listitem\"><span class=\"is--medium\">Puissance nominale (en W RMS) :<\/span> non communiqu\u00e9 par la marque\t\t\t\t\t<\/li>\n<li class=\"product-features__item-list__item\" role=\"listitem\"><span class=\"is--medium\">R\u00e9ponse en fr\u00e9quence :<\/span> Non communiqu\u00e9e\t\t\t\t\t<\/li>\n<li class=\"product-features__item-list__item\" role=\"listitem\"><span class=\"is--medium\">R\u00e9glage fr\u00e9quence de coupure :<\/span> non communiqu\u00e9e par la marque\t\t\t\t\t<\/li>\n<\/ul>\n<\/li>\n<li class=\"product-features__item\" role=\"listitem\">\n<h3 class=\"product-features__label\">Commandes<\/h3>\n<ul role=\"list\">\n<li class=\"product-features__item-list__item\" role=\"listitem\"><span class=\"is--medium\">Mise sous tension :<\/span> automatique\t\t\t\t\t<\/li>\n<li class=\"product-features__item-list__item\" role=\"listitem\"><span class=\"is--medium\">Commutateur d&rsquo;inversion de phase :<\/span> Non\t\t\t\t\t<\/li>\n<li class=\"product-features__item-list__item\" role=\"listitem\"><span class=\"is--medium\">Interrupteur marche\/arr\u00eat :<\/span> Non\t\t\t\t\t<\/li>\n<li class=\"product-features__item-list__item\" role=\"listitem\"><span class=\"is--medium\">R\u00e9glage du volume :<\/span> Non\t\t\t\t\t<\/li>\n<\/ul>\n<\/li>\n<li class=\"product-features__item\" role=\"listitem\">\n<h3 class=\"product-features__label\">Connectiques<\/h3>\n<ul role=\"list\">\n<li class=\"product-features__item-list__item\" role=\"listitem\"><span class=\"is--medium\">Port USB :<\/span> non concern\u00e9\t\t\t\t\t<\/li>\n<\/ul>\n<\/li>\n<li class=\"product-features__item\" role=\"listitem\">\n<h3 class=\"product-features__label\">Dimensions<\/h3>\n<ul role=\"list\">\n<li class=\"product-features__item-list__item\" role=\"listitem\"><span class=\"is--medium\">Dimensions l x h x p :<\/span> 29.5 x 32.5 x 29.5 cm\t\t\t\t\t<\/li>\n<li class=\"product-features__item-list__item\" role=\"listitem\"><span class=\"is--medium\">Poids :<\/span> 14 kg\t\t\t\t\t<\/li>\n<\/ul>\n<\/li>\n<li class=\"product-features__item\" role=\"listitem\">\n<h3 class=\"product-features__label\">Informations compl\u00e9mentaires<\/h3>\n<ul role=\"list\">\n<li class=\"product-features__item-list__item\" role=\"listitem\"><span class=\"is--medium\">Garantie :<\/span> 2 ans\t\t\t\t\t<\/li>\n<li class=\"product-features__item-list__item\" role=\"listitem\"><span class=\"is--medium\">Fabriqu\u00e9 en :<\/span> Chine\t\t\t\t\t<\/li>\n<li class=\"product-features__item-list__item\" role=\"listitem\"><span class=\"is--medium\">Disponibilit\u00e9 des pi\u00e8ces d\u00e9tach\u00e9es (donn\u00e9es fournisseur) :<\/span> Pas de pi\u00e8ce disponible\t\t\t\t\t<\/li>\n<\/ul>\n<\/li>\n<\/ul>\n<\/div>\n<div class=\"product__disclosure-content\">\n<div class=\"js-read-more product-description__content read-more read-more--truncated\" data-read-more-name=\"description\" style=\"max-height: 500px; overflow: hidden;\">\n<div class=\"product__description-content read-more\" style=\"\">\n<p>BOSE Bass Module 700 Blanc : L&rsquo;excellence des basses en toute \u00e9l\u00e9gance<\/p>\n<h3> <img fetchpriority=\"high\" decoding=\"async\" ,=\"\" alt=\"Caisson de basse BOSE Bass Module 700 Blanc\" class=\"wy_tableau_gauche\" height=\"270\" src=\"https:\/\/boulanger.scene7.com\/is\/image\/Boulanger\/0017817789530_h_f_l_0?wid=400&amp;hei=270\" width=\"400\"\/>Un design \u00e9pur\u00e9 pour une performance acoustique <\/h3>\n<p> Le BOSE Bass Module 700, dans sa finition blanche immacul\u00e9e, incarne l&rsquo;\u00e9l\u00e9gance au service de la performance. Ce caisson de basse actif est con\u00e7u pour se fondre harmonieusement dans votre int\u00e9rieur tout en offrant une exp\u00e9rience sonore d&rsquo;exception. Gr\u00e2ce \u00e0 son syst\u00e8me Bass reflex, il assure un rendu des graves amplifi\u00e9, permettant ainsi de ressentir chaque pulsation avec une clart\u00e9 et une profondeur in\u00e9gal\u00e9es. Ses dimensions de 29.5 x 32.5 x 29.5 cm et son poids de 14 kg t\u00e9moignent de sa robustesse et de sa capacit\u00e9 \u00e0 d\u00e9livrer une puissance sonore qui transformera votre \u00e9coute en une exp\u00e9rience immersive. <\/p>\n<\/p>\n<h3> <img decoding=\"async\" ,=\"\" alt=\"Caisson de basse BOSE Bass Module 700 Blanc\" class=\"wy_tableau_right\" height=\"270\" src=\"https:\/\/boulanger.scene7.com\/is\/image\/Boulanger\/0017817789530_h_f_l_1?wid=400&amp;hei=270\" width=\"400\"\/>Technologie sans fil et compatibilit\u00e9 optimis\u00e9e <\/h3>\n<p> Le BOSE Bass Module 700 est l&rsquo;alli\u00e9 id\u00e9al des appareils Bose, offrant une installation sans fil simplifi\u00e9e et une int\u00e9gration parfaite avec les barres de son Bose Soundbar 300, 500, 700, 900, Bose Tv Speaker et les syst\u00e8mes lifestyle 600 et 650. Sa modularit\u00e9 et sa synchronisation Multi-room permettent une flexibilit\u00e9 d&rsquo;utilisation et une adaptation \u00e0 tout type d&rsquo;environnement audio domestique. La pr\u00e9-s\u00e9lection programmable et la mise sous tension automatique renforcent son caract\u00e8re pratique et intuitif. Vendu \u00e0 l&rsquo;unit\u00e9, ce module de basses est une pi\u00e8ce ma\u00eetresse pour les amateurs de son de qualit\u00e9 qui souhaitent enrichir leur exp\u00e9rience audio sans compromettre l&rsquo;esth\u00e9tique de leur espace de vie. <\/p>\n<\/p><\/div>\n<\/p>\n<p><video class=\"s7Video\" controls=\"\" controlslist=\"nodownload\" poster=\"https:\/\/boulanger.scene7.com\/is\/image\/Boulanger\/0017817789530_v_0?scl=1\" preload=\"metadata\" src=\"https:\/\/boulanger.scene7.com\/is\/content\/Boulanger\/0017817789530_v_0\" width=\"100%\"><\/video><\/p>\n<\/div>\n<p><bl-button a11yexpanded=\"false\" arialabel=\"Afficher toute la description\" class=\"read-more__btn\" full=\"false\" link=\"true\"><\/bl-button><\/div>","protected":false},"excerpt":{"rendered":"<div class=\"keypoints\">\n<h3 class=\"keypoints__title\">Les points cl\u00e9s<\/h3>\n<ul role=\"list\">\n<li class=\"keypoints__item\" role=\"listitem\">                          Caisson actif &#8211;                                                      blanc                      <\/li>\n<li class=\"keypoints__item\" role=\"listitem\">                                        Nombre de haut-parleur : non communiqu\u00e9                      <\/li>\n<li class=\"keypoints__item\" role=\"listitem\">                                        Compatibilit\u00e9 sp\u00e9cifique : Bose                      <\/li>\n<li class=\"keypoints__item keypoints__item--advantage\" role=\"listitem\"><strong>Le + :<\/strong> Ce module de basses sans fil est plus que performant. Il se connecte sans fil \u00e0 votre barre de son et ajoute de la profondeur \u00e0 chaque rendu      <\/li>\n<\/ul>","protected":false},"featured_media":83130,"template":"","meta":{"_glsr_average":0,"_glsr_ranking":0,"_glsr_reviews":0},"product_cat":[453],"product_tag":[454,451],"class_list":{"0":"post-83131","1":"product","2":"type-product","3":"status-publish","4":"has-post-thumbnail","6":"product_cat-barre-de-son","7":"product_tag-barre-de-son","8":"product_tag-tv-image-son","10":"first","11":"instock","12":"sale","13":"shipping-taxable","14":"purchasable","15":"product-type-simple"},"_links":{"self":[{"href":"https:\/\/electromenagerexpress.com\/en\/wp-json\/wp\/v2\/product\/83131","targetHints":{"allow":["GET"]}}],"collection":[{"href":"https:\/\/electromenagerexpress.com\/en\/wp-json\/wp\/v2\/product"}],"about":[{"href":"https:\/\/electromenagerexpress.com\/en\/wp-json\/wp\/v2\/types\/product"}],"wp:featuredmedia":[{"embeddable":true,"href":"https:\/\/electromenagerexpress.com\/en\/wp-json\/wp\/v2\/media\/83130"}],"wp:attachment":[{"href":"https:\/\/electromenagerexpress.com\/en\/wp-json\/wp\/v2\/media?parent=83131"}],"wp:term":[{"taxonomy":"product_cat","embeddable":true,"href":"https:\/\/electromenagerexpress.com\/en\/wp-json\/wp\/v2\/product_cat?post=83131"},{"taxonomy":"product_tag","embeddable":true,"href":"https:\/\/electromenagerexpress.com\/en\/wp-json\/wp\/v2\/product_tag?post=83131"}],"curies":[{"name":"wp","href":"https:\/\/api.w.org\/{rel}","templated":true}]}}