{"id":82996,"date":"2024-11-24T15:43:33","date_gmt":"2024-11-24T15:43:33","guid":{"rendered":"https:\/\/electromenagerexpress.com\/product\/kit-enceinte-surroundbosesurround-speakers-700-x2-noir\/"},"modified":"2024-11-24T15:43:34","modified_gmt":"2024-11-24T15:43:34","slug":"kit-enceinte-surroundbosesurround-speakers-700-x2-noir","status":"publish","type":"product","link":"https:\/\/electromenagerexpress.com\/en\/product\/kit-enceinte-surroundbosesurround-speakers-700-x2-noir\/","title":{"rendered":"Kit enceinte surround\t\t\t\t\t\t\tBOSE\t\t\t\tSurround Speakers 700 x2 Noir"},"content":{"rendered":"<div class=\"product-features__content\">\n<ul role=\"list\">\n<li class=\"product-features__item\" role=\"listitem\">\n<h3 class=\"product-features__label\">Construction<\/h3>\n<ul role=\"list\">\n<li class=\"product-features__item-list__item\" role=\"listitem\"><span class=\"is--medium\">Installation :<\/span> fixe\t\t\t\t\t<\/li>\n<li class=\"product-features__item-list__item\" role=\"listitem\"><span class=\"is--medium\">Nombre de haut-parleur :<\/span> 2\t\t\t\t\t<\/li>\n<li class=\"product-features__item-list__item\" role=\"listitem\"><span class=\"is--medium\">Compatibilit\u00e9 sp\u00e9cifique :<\/span> Bose\t\t\t\t\t<\/li>\n<li class=\"product-features__item-list__item\" role=\"listitem\"><span class=\"is--medium\">R\u00e9f\u00e9rence compatible :<\/span> Compatible avec la barre de son Bose Soundbar 300, 500 700, 900 et Soundtouch 300\t\t\t\t\t<\/li>\n<li class=\"product-features__item-list__item\" role=\"listitem\"><span class=\"is--medium\">Pour une barre de son :<\/span> Oui\t\t\t\t\t<\/li>\n<li class=\"product-features__item-list__item\" role=\"listitem\"><span class=\"is--medium\">Couleur :<\/span> noir\t\t\t\t\t<\/li>\n<\/ul>\n<\/li>\n<li class=\"product-features__item\" role=\"listitem\">\n<h3 class=\"product-features__label\">Son<\/h3>\n<ul role=\"list\">\n<li class=\"product-features__item-list__item\" role=\"listitem\"><span class=\"is--medium\">Puissance nominale (en W RMS) :<\/span> non communiqu\u00e9 par la marque\t\t\t\t\t<\/li>\n<li class=\"product-features__item-list__item\" role=\"listitem\"><span class=\"is--medium\">R\u00e9ponse en fr\u00e9quence :<\/span> Non communiqu\u00e9e\t\t\t\t\t<\/li>\n<li class=\"product-features__item-list__item\" role=\"listitem\"><span class=\"is--medium\">R\u00e9glage fr\u00e9quence de coupure :<\/span> non\t\t\t\t\t<\/li>\n<\/ul>\n<\/li>\n<li class=\"product-features__item\" role=\"listitem\">\n<h3 class=\"product-features__label\">Commandes<\/h3>\n<ul role=\"list\">\n<li class=\"product-features__item-list__item\" role=\"listitem\"><span class=\"is--medium\">Mise sous tension :<\/span> automatique\t\t\t\t\t<\/li>\n<li class=\"product-features__item-list__item\" role=\"listitem\"><span class=\"is--medium\">Commutateur d&rsquo;inversion de phase :<\/span> Non\t\t\t\t\t<\/li>\n<\/ul>\n<\/li>\n<li class=\"product-features__item\" role=\"listitem\">\n<h3 class=\"product-features__label\">Connectiques<\/h3>\n<ul role=\"list\">\n<li class=\"product-features__item-list__item\" role=\"listitem\"><span class=\"is--medium\">Port USB :<\/span> non concern\u00e9\t\t\t\t\t<\/li>\n<\/ul>\n<\/li>\n<li class=\"product-features__item\" role=\"listitem\">\n<h3 class=\"product-features__label\">Dimensions<\/h3>\n<ul role=\"list\">\n<li class=\"product-features__item-list__item\" role=\"listitem\"><span class=\"is--medium\">Dimensions l x h x p :<\/span> 4.67 x 14.66 x 4.67 cm\t\t\t\t\t<\/li>\n<li class=\"product-features__item-list__item\" role=\"listitem\"><span class=\"is--medium\">Poids :<\/span> 350 g\t\t\t\t\t<\/li>\n<\/ul>\n<\/li>\n<li class=\"product-features__item\" role=\"listitem\">\n<h3 class=\"product-features__label\">Informations compl\u00e9mentaires<\/h3>\n<ul role=\"list\">\n<li class=\"product-features__item-list__item\" role=\"listitem\"><span class=\"is--medium\">Garantie :<\/span> 2 ans\t\t\t\t\t<\/li>\n<li class=\"product-features__item-list__item\" role=\"listitem\"><span class=\"is--medium\">Fabriqu\u00e9 en :<\/span> Mexique\t\t\t\t\t<\/li>\n<li class=\"product-features__item-list__item\" role=\"listitem\"><span class=\"is--medium\">Disponibilit\u00e9 des pi\u00e8ces d\u00e9tach\u00e9es (donn\u00e9es fournisseur) :<\/span> Pendant 2 ans, \u00e0 compter de la date fin de fabrication\t\t\t\t\t<\/li>\n<\/ul>\n<\/li>\n<\/ul>\n<\/div>\n<div class=\"product__disclosure-content\">\n<div class=\"js-read-more product-description__content read-more read-more--truncated\" data-read-more-name=\"description\" style=\"max-height: 500px; overflow: hidden;\">\n<div class=\"product__description-content read-more\" style=\"\">\n<p>BOSE Surround Speakers 700 x2 Noir : Immersion sonore haut de gamme<\/p>\n<h3> <img fetchpriority=\"high\" decoding=\"async\" ,=\"\" alt=\"Kit enceinte surround BOSE Surround Speakers 700 x2 Noir\" class=\"wy_tableau_gauche\" height=\"270\" src=\"https:\/\/boulanger.scene7.com\/is\/image\/Boulanger\/0017817807029_h_f_l_0?wid=400&amp;hei=270\" width=\"400\"\/>Design \u00e9l\u00e9gant et performance acoustique <\/h3>\n<p> Les BOSE Surround Speakers 700 sont con\u00e7us pour compl\u00e9ter esth\u00e9tiquement et acoustiquement votre syst\u00e8me home cin\u00e9ma. Avec leur finition en noir \u00e9l\u00e9gant, ces enceintes s&rsquo;int\u00e8grent harmonieusement dans tout int\u00e9rieur moderne. Chaque enceinte mesure 4.67 x 14.66 x 4.67 cm et p\u00e8se seulement 350 g, ce qui les rend \u00e0 la fois discr\u00e8tes et faciles \u00e0 installer. La configuration est simplifi\u00e9e gr\u00e2ce aux r\u00e9cepteurs sans fil inclus, permettant une connexion ais\u00e9e avec votre barre de son Bose. Destin\u00e9es \u00e0 fonctionner avec les mod\u00e8les de barre de son Bose Soundbar 300, 500, 700, 900 et Soundtouch 300, ces enceintes surround assurent une exp\u00e9rience immersive, enveloppante et de haute qualit\u00e9 sonore. <\/p>\n<\/p>\n<h3> <img decoding=\"async\" ,=\"\" alt=\"Kit enceinte surround BOSE Surround Speakers 700 x2 Noir\" class=\"wy_tableau_right\" height=\"270\" src=\"https:\/\/boulanger.scene7.com\/is\/image\/Boulanger\/0017817807029_h_f_l_1?wid=400&amp;hei=270\" width=\"400\"\/>Compatibilit\u00e9 et installation simplifi\u00e9e <\/h3>\n<p> Le Kit enceinte surround BOSE Surround Speakers 700 est sp\u00e9cifiquement con\u00e7u pour \u00eatre compatible avec les appareils Bose, garantissant ainsi une int\u00e9gration parfaite au sein de votre syst\u00e8me audio existant. Vendues par deux, ces enceintes offrent une installation fixe, ce qui signifie qu&rsquo;une fois en place, elles fournissent un son stable et coh\u00e9rent. La mise sous tension automatique et l&rsquo;absence de c\u00e2blage complexe gr\u00e2ce \u00e0 la technologie sans fil facilitent l&rsquo;usage au quotidien. Profitez d&rsquo;une exp\u00e9rience sonore immersive sans les tracas d&rsquo;une installation compliqu\u00e9e, et laissez-vous transporter par la qualit\u00e9 sonore Bose qui a fait la r\u00e9putation de la marque. <\/p>\n<\/p><\/div>\n<\/p>\n<p><img decoding=\"async\" src=\"https:\/\/boulanger.scene7.com\/is\/image\/Boulanger\/EMS-top_AEM_BARRE_SON_HOME_CIN?wid=1260\"\/><\/p>\n<\/div>\n<p><bl-button a11yexpanded=\"false\" arialabel=\"Afficher toute la description\" class=\"read-more__btn\" full=\"false\" link=\"true\"><\/bl-button><\/div>","protected":false},"excerpt":{"rendered":"<div class=\"keypoints\">\n<h3 class=\"keypoints__title\">Les points cl\u00e9s<\/h3>\n<ul role=\"list\">\n<li class=\"keypoints__item\" role=\"listitem\">                          Kit enceinte surround &#8211;                                                      noir                      <\/li>\n<li class=\"keypoints__item\" role=\"listitem\">                                        Nombre de haut-parleur : 2                      <\/li>\n<li class=\"keypoints__item\" role=\"listitem\">                                        Compatibilit\u00e9 sp\u00e9cifique : Bose                      <\/li>\n<li class=\"keypoints__item keypoints__item--advantage\" role=\"listitem\"><strong>Le + :<\/strong> Enceintes fines et \u00e9l\u00e9gantes avec une finition exceptionnelle.      <\/li>\n<\/ul>","protected":false},"featured_media":82995,"template":"","meta":{"_glsr_average":0,"_glsr_ranking":0,"_glsr_reviews":0},"product_cat":[453],"product_tag":[454,451],"class_list":{"0":"post-82996","1":"product","2":"type-product","3":"status-publish","4":"has-post-thumbnail","6":"product_cat-barre-de-son","7":"product_tag-barre-de-son","8":"product_tag-tv-image-son","10":"first","11":"instock","12":"sale","13":"shipping-taxable","14":"purchasable","15":"product-type-simple"},"_links":{"self":[{"href":"https:\/\/electromenagerexpress.com\/en\/wp-json\/wp\/v2\/product\/82996","targetHints":{"allow":["GET"]}}],"collection":[{"href":"https:\/\/electromenagerexpress.com\/en\/wp-json\/wp\/v2\/product"}],"about":[{"href":"https:\/\/electromenagerexpress.com\/en\/wp-json\/wp\/v2\/types\/product"}],"wp:featuredmedia":[{"embeddable":true,"href":"https:\/\/electromenagerexpress.com\/en\/wp-json\/wp\/v2\/media\/82995"}],"wp:attachment":[{"href":"https:\/\/electromenagerexpress.com\/en\/wp-json\/wp\/v2\/media?parent=82996"}],"wp:term":[{"taxonomy":"product_cat","embeddable":true,"href":"https:\/\/electromenagerexpress.com\/en\/wp-json\/wp\/v2\/product_cat?post=82996"},{"taxonomy":"product_tag","embeddable":true,"href":"https:\/\/electromenagerexpress.com\/en\/wp-json\/wp\/v2\/product_tag?post=82996"}],"curies":[{"name":"wp","href":"https:\/\/api.w.org\/{rel}","templated":true}]}}