{"id":82831,"date":"2024-11-24T15:41:16","date_gmt":"2024-11-24T15:41:16","guid":{"rendered":"https:\/\/electromenagerexpress.com\/product\/barre-de-sonsonosbeam-2-noir\/"},"modified":"2024-11-24T15:41:26","modified_gmt":"2024-11-24T15:41:26","slug":"barre-de-sonsonosbeam-2-noir","status":"publish","type":"product","link":"https:\/\/electromenagerexpress.com\/en\/product\/barre-de-sonsonosbeam-2-noir\/","title":{"rendered":"Barre de son\t\t\t\t\t\t\tSONOS\t\t\t\tBeam 2 Noir"},"content":{"rendered":"<div class=\"product-features__content\">\n<ul role=\"list\">\n<li class=\"product-features__item\" role=\"listitem\">\n<h3 class=\"product-features__label\">Son<\/h3>\n<ul role=\"list\">\n<li class=\"product-features__item-list__item\" role=\"listitem\"><span class=\"is--medium\">Puissance :<\/span> Non communiqu\u00e9e par Sonos\t\t\t\t\t<\/li>\n<li class=\"product-features__item-list__item\" role=\"listitem\"><span class=\"is--medium\">Nombre de haut-parleur :<\/span> 5\t\t\t\t\t<\/li>\n<li class=\"product-features__item-list__item\" role=\"listitem\"><span class=\"is--medium\">Traitement du son :<\/span> Dolby Atmos, DTS\t\t\t\t\t<\/li>\n<li class=\"product-features__item-list__item\" role=\"listitem\"><span class=\"is--medium\">Dolby Atmos :<\/span> le Dolby atmos est un syst\u00e8me d&rsquo;enceintes r\u00e9fl\u00e9chissant le son sur le plafond et les murs pour des effets sonores 3D afin de vous plonger au coeur de l&rsquo;action\t\t\t\t\t<\/li>\n<li class=\"product-features__item-list__item\" role=\"listitem\"><span class=\"is--medium\">DTS X :<\/span> non\t\t\t\t\t<\/li>\n<li class=\"product-features__item-list__item\" role=\"listitem\"><span class=\"is--medium\">Hi-Res :<\/span> non\t\t\t\t\t<\/li>\n<li class=\"product-features__item-list__item\" role=\"listitem\"><span class=\"is--medium\">Calibrage automatique :<\/span> oui, le son s&rsquo;adapte automatiquement \u00e0 la configuration de la pi\u00e8ce pour un son optimal\t\t\t\t\t<\/li>\n<\/ul>\n<\/li>\n<li class=\"product-features__item\" role=\"listitem\">\n<h3 class=\"product-features__label\">Equipement<\/h3>\n<ul role=\"list\">\n<li class=\"product-features__item-list__item\" role=\"listitem\"><span class=\"is--medium\">Typologie :<\/span> barre de son sans caisson , sert \u00e0 am\u00e9liorer le son de la t\u00e9l\u00e9\t\t\t\t\t<\/li>\n<li class=\"product-features__item-list__item\" role=\"listitem\"><span class=\"is--medium\">Enceintes arri\u00e8res :<\/span> non concern\u00e9\t\t\t\t\t<\/li>\n<\/ul>\n<\/li>\n<li class=\"product-features__item\" role=\"listitem\">\n<h3 class=\"product-features__label\">Connectiques<\/h3>\n<ul role=\"list\">\n<li class=\"product-features__item-list__item\" role=\"listitem\"><span class=\"is--medium\">HDMI CEC :<\/span> non\t\t\t\t\t<\/li>\n<li class=\"product-features__item-list__item\" role=\"listitem\"><span class=\"is--medium\">HDMI Arc :<\/span> oui, permet de simplifier les branchements entre une TV et une barre de son et de limiter le nombre de c\u00e2bles utilis\u00e9s\t\t\t\t\t<\/li>\n<li class=\"product-features__item-list__item\" role=\"listitem\"><span class=\"is--medium\">Entr\u00e9e Optique :<\/span> non\t\t\t\t\t<\/li>\n<li class=\"product-features__item-list__item\" role=\"listitem\"><span class=\"is--medium\">Entr\u00e9e auxiliaire :<\/span> 0\t\t\t\t\t<\/li>\n<li class=\"product-features__item-list__item\" role=\"listitem\"><span class=\"is--medium\">Entr\u00e9e HDMI :<\/span> 1\t\t\t\t\t<\/li>\n<li class=\"product-features__item-list__item\" role=\"listitem\"><span class=\"is--medium\">Sortie HDMI :<\/span> 0\t\t\t\t\t<\/li>\n<\/ul>\n<\/li>\n<li class=\"product-features__item\" role=\"listitem\">\n<h3 class=\"product-features__label\">Connectivit\u00e9<\/h3>\n<ul role=\"list\">\n<li class=\"product-features__item-list__item\" role=\"listitem\"><span class=\"is--medium\">AirPlay :<\/span> oui, une technologie Apple qui permet de partager sans connectique des contenus multim\u00e9dias ( vid\u00e9os, photos, musiques) sur le t\u00e9l\u00e9viseur\t\t\t\t\t<\/li>\n<li class=\"product-features__item-list__item\" role=\"listitem\"><span class=\"is--medium\">Bluetooth :<\/span> non\t\t\t\t\t<\/li>\n<li class=\"product-features__item-list__item\" role=\"listitem\"><span class=\"is--medium\">DLNA :<\/span> non\t\t\t\t\t<\/li>\n<li class=\"product-features__item-list__item\" role=\"listitem\"><span class=\"is--medium\">Wi-Fi :<\/span> Oui\t\t\t\t\t<\/li>\n<li class=\"product-features__item-list__item\" role=\"listitem\"><span class=\"is--medium\">Chromecast :<\/span> Non\t\t\t\t\t<\/li>\n<li class=\"product-features__item-list__item\" role=\"listitem\"><span class=\"is--medium\">Assistant vocal :<\/span> assistant vocal int\u00e9gr\u00e9\t\t\t\t\t<\/li>\n<\/ul>\n<\/li>\n<li class=\"product-features__item\" role=\"listitem\">\n<h3 class=\"product-features__label\">Dimensions<\/h3>\n<ul role=\"list\">\n<li class=\"product-features__item-list__item\" role=\"listitem\"><span class=\"is--medium\">LxHxP enceinte :<\/span> 65.1 x 6.8 x 10 cm\t\t\t\t\t<\/li>\n<li class=\"product-features__item-list__item\" role=\"listitem\"><span class=\"is--medium\">Poids de l&rsquo;enceinte :<\/span> 2,9 kg\t\t\t\t\t<\/li>\n<\/ul>\n<\/li>\n<li class=\"product-features__item\" role=\"listitem\">\n<h3 class=\"product-features__label\">Informations compl\u00e9mentaires<\/h3>\n<ul role=\"list\">\n<li class=\"product-features__item-list__item\" role=\"listitem\"><span class=\"is--medium\">Garantie :<\/span> 2 ans\t\t\t\t\t<\/li>\n<li class=\"product-features__item-list__item\" role=\"listitem\"><span class=\"is--medium\">Fabriqu\u00e9 en :<\/span> Chine\t\t\t\t\t<\/li>\n<li class=\"product-features__item-list__item\" role=\"listitem\"><span class=\"is--medium\">Disponibilit\u00e9 des pi\u00e8ces d\u00e9tach\u00e9es (donn\u00e9es fournisseur) :<\/span> Pas de pi\u00e8ce disponible\t\t\t\t\t<\/li>\n<\/ul>\n<\/li>\n<\/ul>\n<\/div>\n<div class=\"product__disclosure-content\">\n<div class=\"js-read-more product-description__content read-more read-more--truncated\" data-read-more-name=\"description\" style=\"max-height: 500px; overflow: hidden;\">\n<p>En rendant sa barre de son Beam 2 compatible au format Dolby Atmos, Sonos offre un son exceptionnel parfaitement r\u00e9parti dans l&rsquo;espace pour une immersion totale. Pour que votre exp\u00e9rience audio soit parfaite, Sonos a dot\u00e9 son Beam 2 du syst\u00e8me de calibration Trueplay pour optimiser le son en fonction de l&rsquo;acoustique de votre pi\u00e8ce.<\/p>\n<h3><img fetchpriority=\"high\" decoding=\"async\" ,=\"\" alt=\"Barre de son SONOS BEAM 2 NOIR\" class=\"wy_tableau_gauche\" height=\"270\" src=\"https:\/\/boulanger.scene7.com\/is\/image\/Boulanger\/8717755778130_h_f_l_0?wid=400&amp;hei=270\" width=\"400\"\/>Un son exceptionnel tout autour de vous<\/h3>\n<p>Comprenant <b>quatre woofers large bande<\/b> pour une restitution haute fid\u00e9lit\u00e9 des mediums et des basses profondes, la barre de son Sonos Beam 2 vous fera vivre une exp\u00e9rience sonore d&rsquo;exception. Son tweeter g\u00e9n\u00e8rera des hautes fr\u00e9quences cristallines et des dialogues limpides gr\u00e2ce \u00e0 la <b>fonction d&rsquo;am\u00e9lioration vocale<\/b>.<\/p>\n<p>Pour un son optimal, Sonos a int\u00e9gr\u00e9 \u00e0 sa barre de son Beam 2 la <b>technologie de calibration Trueplay<\/b>. Celle-ci optimise le son en fonction de l&rsquo;acoustique de la pi\u00e8ce o\u00f9 vous aurez plac\u00e9 la barre de son. Pour encore plus de personnalisation, vous pourrez utiliser l&rsquo;<b>application Sonos<\/b> pour ajuster les basses, les aigus ou la fonction Loudness.<\/p>\n<h3><img decoding=\"async\" ,=\"\" alt=\"Barre de son SONOS BEAM 2 NOIR\" class=\"wy_tableau_right\" height=\"270\" src=\"https:\/\/boulanger.scene7.com\/is\/image\/Boulanger\/8717755778130_h_f_l_1?wid=400&amp;hei=270\" width=\"400\"\/>Une immersion sonore totale<\/h3>\n<p>Compatible avec le <b>format Dolby Atmos<\/b>, la barre de son Sonos Beam 2 offrira un son surround d&rsquo;une qualit\u00e9 exceptionnelle. L&rsquo;espace audio sera reproduite avec une grande pr\u00e9cision pour que vous profitiez d&rsquo;une immersion sonore totale. Sonos a pens\u00e9 \u00e0 votre entourage et a dot\u00e9 la Beam 2 d&rsquo;un <b>mode Son nocturne<\/b>.<\/p>\n<p>Avec son design \u00e9pur\u00e9, la barre de son Sonos Beam 2 s&rsquo;int\u00e8grera dans toutes les int\u00e9rieurs. La <b>connexion HDMI eARC<\/b> prendra en charge tous les formats audio. Pour les fans de musique, vous pourrez diffuser \u00e0 partir plus de 80 services de streaming comme Apple Music, Spotify, Amazon Music et bien d&rsquo;autres via l&rsquo;application Sonos.<\/p>\n<\/p>\n<p><img decoding=\"async\" src=\"https:\/\/boulanger.scene7.com\/is\/image\/Boulanger\/EMS-top_AEM_BARRE_SON_HOME_CIN?wid=1260\"\/><\/p>\n<\/div>\n<p><bl-button a11yexpanded=\"false\" arialabel=\"Afficher toute la description\" class=\"read-more__btn\" full=\"false\" link=\"true\"><\/bl-button><\/div>","protected":false},"excerpt":{"rendered":"<div class=\"keypoints\">\n<h3 class=\"keypoints__title\">Les points cl\u00e9s<\/h3>\n<ul role=\"list\">\n<li class=\"keypoints__item\" role=\"listitem\">                                        Barre de son sans caisson                      <\/li>\n<li class=\"keypoints__item\" role=\"listitem\">                          Dolby Atmos, DTS &#8211;                                                      HDMI Arc                      <\/li>\n<li class=\"keypoints__item\" role=\"listitem\">                                        LxHxP enceinte : 65.1 x 6.8 x 10 cm                      <\/li>\n<li class=\"keypoints__item keypoints__item--advantage\" role=\"listitem\"><strong>Le + :<\/strong> Diffuser des contenus audio en streaming (musique, podcasts, etc.) lorsque la TV est \u00e9teinte      <\/li>\n<\/ul>","protected":false},"featured_media":82830,"template":"","meta":{"_glsr_average":0,"_glsr_ranking":0,"_glsr_reviews":0},"product_cat":[453],"product_tag":[454,451],"class_list":{"0":"post-82831","1":"product","2":"type-product","3":"status-publish","4":"has-post-thumbnail","6":"product_cat-barre-de-son","7":"product_tag-barre-de-son","8":"product_tag-tv-image-son","10":"first","11":"instock","12":"sale","13":"shipping-taxable","14":"purchasable","15":"product-type-simple"},"_links":{"self":[{"href":"https:\/\/electromenagerexpress.com\/en\/wp-json\/wp\/v2\/product\/82831","targetHints":{"allow":["GET"]}}],"collection":[{"href":"https:\/\/electromenagerexpress.com\/en\/wp-json\/wp\/v2\/product"}],"about":[{"href":"https:\/\/electromenagerexpress.com\/en\/wp-json\/wp\/v2\/types\/product"}],"wp:featuredmedia":[{"embeddable":true,"href":"https:\/\/electromenagerexpress.com\/en\/wp-json\/wp\/v2\/media\/82830"}],"wp:attachment":[{"href":"https:\/\/electromenagerexpress.com\/en\/wp-json\/wp\/v2\/media?parent=82831"}],"wp:term":[{"taxonomy":"product_cat","embeddable":true,"href":"https:\/\/electromenagerexpress.com\/en\/wp-json\/wp\/v2\/product_cat?post=82831"},{"taxonomy":"product_tag","embeddable":true,"href":"https:\/\/electromenagerexpress.com\/en\/wp-json\/wp\/v2\/product_tag?post=82831"}],"curies":[{"name":"wp","href":"https:\/\/api.w.org\/{rel}","templated":true}]}}