{"id":82807,"date":"2024-11-24T15:40:53","date_gmt":"2024-11-24T15:40:53","guid":{"rendered":"https:\/\/electromenagerexpress.com\/product\/caisson-de-bassebosebass-module-700\/"},"modified":"2024-11-24T15:40:58","modified_gmt":"2024-11-24T15:40:58","slug":"caisson-de-bassebosebass-module-700","status":"publish","type":"product","link":"https:\/\/electromenagerexpress.com\/en\/product\/caisson-de-bassebosebass-module-700\/","title":{"rendered":"Caisson de basse\t\t\t\t\t\t\tBOSE\t\t\t\tBass Module 700"},"content":{"rendered":"<div class=\"product-features__content\">\n<ul role=\"list\">\n<li class=\"product-features__item\" role=\"listitem\">\n<h3 class=\"product-features__label\">Construction<\/h3>\n<ul role=\"list\">\n<li class=\"product-features__item-list__item\" role=\"listitem\"><span class=\"is--medium\">Typologie :<\/span> actif, permet de r\u00e9gler les basses et de gagner en puissance et en dynamique gr\u00e2ce \u00e0 un filtre et un amplificateur\t\t\t\t\t<\/li>\n<li class=\"product-features__item-list__item\" role=\"listitem\"><span class=\"is--medium\">Installation :<\/span> sans fil\t\t\t\t\t<\/li>\n<li class=\"product-features__item-list__item\" role=\"listitem\"><span class=\"is--medium\">Type de charge :<\/span> caisson bass reflex, permet d&rsquo;augmenter le rendement du caisson et de descendre plus bas en fr\u00e9quence\t\t\t\t\t<\/li>\n<li class=\"product-features__item-list__item\" role=\"listitem\"><span class=\"is--medium\">Nombre de haut-parleur :<\/span> 1\t\t\t\t\t<\/li>\n<li class=\"product-features__item-list__item\" role=\"listitem\"><span class=\"is--medium\">Compatibilit\u00e9 sp\u00e9cifique :<\/span> Bose\t\t\t\t\t<\/li>\n<li class=\"product-features__item-list__item\" role=\"listitem\"><span class=\"is--medium\">R\u00e9f\u00e9rence compatible :<\/span> barre de son Bose Soundbar 300, 500, 700, 900 Bose Tv Speaker et lifestyle 600 et 650\t\t\t\t\t<\/li>\n<li class=\"product-features__item-list__item\" role=\"listitem\"><span class=\"is--medium\">Pour une barre de son :<\/span> Oui\t\t\t\t\t<\/li>\n<li class=\"product-features__item-list__item\" role=\"listitem\"><span class=\"is--medium\">Couleur :<\/span> noir\t\t\t\t\t<\/li>\n<\/ul>\n<\/li>\n<li class=\"product-features__item\" role=\"listitem\">\n<h3 class=\"product-features__label\">Son<\/h3>\n<ul role=\"list\">\n<li class=\"product-features__item-list__item\" role=\"listitem\"><span class=\"is--medium\">Puissance nominale (en W RMS) :<\/span> non communiqu\u00e9 par la marque\t\t\t\t\t<\/li>\n<li class=\"product-features__item-list__item\" role=\"listitem\"><span class=\"is--medium\">R\u00e9ponse en fr\u00e9quence :<\/span> Non communiqu\u00e9e\t\t\t\t\t<\/li>\n<li class=\"product-features__item-list__item\" role=\"listitem\"><span class=\"is--medium\">R\u00e9glage fr\u00e9quence de coupure :<\/span> non communiqu\u00e9e par la marque\t\t\t\t\t<\/li>\n<\/ul>\n<\/li>\n<li class=\"product-features__item\" role=\"listitem\">\n<h3 class=\"product-features__label\">Commandes<\/h3>\n<ul role=\"list\">\n<li class=\"product-features__item-list__item\" role=\"listitem\"><span class=\"is--medium\">Mise sous tension :<\/span> automatique\t\t\t\t\t<\/li>\n<li class=\"product-features__item-list__item\" role=\"listitem\"><span class=\"is--medium\">Commutateur d&rsquo;inversion de phase :<\/span> Non\t\t\t\t\t<\/li>\n<li class=\"product-features__item-list__item\" role=\"listitem\"><span class=\"is--medium\">Interrupteur marche\/arr\u00eat :<\/span> Non\t\t\t\t\t<\/li>\n<li class=\"product-features__item-list__item\" role=\"listitem\"><span class=\"is--medium\">R\u00e9glage du volume :<\/span> Non\t\t\t\t\t<\/li>\n<\/ul>\n<\/li>\n<li class=\"product-features__item\" role=\"listitem\">\n<h3 class=\"product-features__label\">Connectiques<\/h3>\n<ul role=\"list\">\n<li class=\"product-features__item-list__item\" role=\"listitem\"><span class=\"is--medium\">Port USB :<\/span> non concern\u00e9\t\t\t\t\t<\/li>\n<li class=\"product-features__item-list__item\" role=\"listitem\"><span class=\"is--medium\">Wifi :<\/span> oui, permet de connecter votre caisson \u00e0 votre r\u00e9seau domestique sans fil\t\t\t\t\t<\/li>\n<\/ul>\n<\/li>\n<li class=\"product-features__item\" role=\"listitem\">\n<h3 class=\"product-features__label\">Dimensions<\/h3>\n<ul role=\"list\">\n<li class=\"product-features__item-list__item\" role=\"listitem\"><span class=\"is--medium\">Dimensions l x h x p :<\/span> 29.5 x 32.5 x 29.5 cm\t\t\t\t\t<\/li>\n<li class=\"product-features__item-list__item\" role=\"listitem\"><span class=\"is--medium\">Poids :<\/span> 14 kg\t\t\t\t\t<\/li>\n<\/ul>\n<\/li>\n<li class=\"product-features__item\" role=\"listitem\">\n<h3 class=\"product-features__label\">Informations compl\u00e9mentaires<\/h3>\n<ul role=\"list\">\n<li class=\"product-features__item-list__item\" role=\"listitem\"><span class=\"is--medium\">Garantie :<\/span> 2 ans\t\t\t\t\t<\/li>\n<li class=\"product-features__item-list__item\" role=\"listitem\"><span class=\"is--medium\">Fabriqu\u00e9 en :<\/span> Chine\t\t\t\t\t<\/li>\n<li class=\"product-features__item-list__item\" role=\"listitem\"><span class=\"is--medium\">Disponibilit\u00e9 des pi\u00e8ces d\u00e9tach\u00e9es (donn\u00e9es fournisseur) :<\/span> Pas de pi\u00e8ce disponible\t\t\t\t\t<\/li>\n<\/ul>\n<\/li>\n<\/ul>\n<\/div>\n<div class=\"product__disclosure-content\">\n<div class=\"js-read-more product-description__content read-more read-more--truncated\" data-read-more-name=\"description\" style=\"max-height: 500px; overflow: hidden;\">\n<div class=\"product__description-content read-more\" style=\"\">\n<p>BOSE Bass Module 700 : l&rsquo;atout incontournable pour votre Home Cin\u00e9ma<\/p>\n<h3> <img fetchpriority=\"high\" decoding=\"async\" ,=\"\" alt=\"Caisson de basse BOSE Bass Module 700\" class=\"wy_tableau_gauche\" height=\"270\" src=\"https:\/\/boulanger.scene7.com\/is\/image\/Boulanger\/0017817789547_h_f_l_0?wid=400&amp;hei=270\" width=\"400\"\/>Une exp\u00e9rience sonore immersive avec le Bass Module 700 <\/h3>\n<p> Le BOSE Bass Module 700 est con\u00e7u pour enrichir votre exp\u00e9rience audiovisuelle avec des basses profondes et enveloppantes. Dot\u00e9 d&rsquo;un syst\u00e8me bass reflex, ce caisson de graves actif optimise le rendement des basses fr\u00e9quences, permettant ainsi de plonger l&rsquo;auditeur au coeur de l&rsquo;action. Compatible avec les appareils Bose, notamment les barres de son Bose Soundbar 300, 500, 700, 900, Bose Tv Speaker et les syst\u00e8mes lifestyle 600 et 650, ce module s&rsquo;int\u00e8gre parfaitement \u00e0 votre \u00e9quipement existant. Sa connectivit\u00e9 sans fil facilite son installation, vous permettant de profiter d&rsquo;un son de qualit\u00e9 cin\u00e9ma sans les contraintes des c\u00e2bles. <\/p>\n<\/p>\n<h3> <img decoding=\"async\" ,=\"\" alt=\"Caisson de basse BOSE Bass Module 700\" class=\"wy_tableau_right\" height=\"270\" src=\"https:\/\/boulanger.scene7.com\/is\/image\/Boulanger\/0017817789547_h_f_l_1?wid=400&amp;hei=270\" width=\"400\"\/>Design et fonctionnalit\u00e9s pens\u00e9s pour l&rsquo;utilisateur <\/h3>\n<p> Le BOSE Bass Module 700 n&rsquo;est pas seulement performant, il affiche \u00e9galement un design \u00e9l\u00e9gant qui s&rsquo;harmonise avec votre int\u00e9rieur. Sa couleur noire classique et ses lignes \u00e9pur\u00e9es en font un objet discret mais \u00e9l\u00e9gant. La facilit\u00e9 d&rsquo;utilisation est au coeur de la conception de ce caisson de basse : installation sans fil, mise sous tension automatique et absence de r\u00e9glages complexes. Tout est pens\u00e9 pour une int\u00e9gration transparente dans votre syst\u00e8me Home Cin\u00e9ma. Avec le Bass Module 700, BOSE confirme son engagement \u00e0 fournir des solutions audio haut de gamme, alliant esth\u00e9tique et performances pour une exp\u00e9rience utilisateur sans \u00e9gale. <\/p>\n<\/p><\/div>\n<\/p>\n<p><video class=\"s7Video\" controls=\"\" controlslist=\"nodownload\" poster=\"https:\/\/boulanger.scene7.com\/is\/image\/Boulanger\/0017817789547_v_0?scl=1\" preload=\"metadata\" src=\"https:\/\/boulanger.scene7.com\/is\/content\/Boulanger\/0017817789547_v_0\" width=\"100%\"><\/video><\/p>\n<\/div>\n<p><bl-button a11yexpanded=\"false\" arialabel=\"Afficher toute la description\" class=\"read-more__btn\" full=\"false\" link=\"true\"><\/bl-button><\/div>","protected":false},"excerpt":{"rendered":"<div class=\"keypoints\">\n<h3 class=\"keypoints__title\">Les points cl\u00e9s<\/h3>\n<ul role=\"list\">\n<li class=\"keypoints__item\" role=\"listitem\">                          Caisson actif &#8211;                                                      noir                      <\/li>\n<li class=\"keypoints__item\" role=\"listitem\">                                        Nombre de haut-parleur : 1                      <\/li>\n<li class=\"keypoints__item\" role=\"listitem\">                                        Compatibilit\u00e9 sp\u00e9cifique : Bose                      <\/li>\n<li class=\"keypoints__item keypoints__item--advantage\" role=\"listitem\"><strong>Le + :<\/strong> Ce module de basses sans fil est plus que performant. Il se connecte sans fil \u00e0 votre barre de son et ajoute de la profondeur \u00e0 chaque rendu      <\/li>\n<\/ul>","protected":false},"featured_media":82806,"template":"","meta":{"_glsr_average":0,"_glsr_ranking":0,"_glsr_reviews":0},"product_cat":[453],"product_tag":[454,451],"class_list":{"0":"post-82807","1":"product","2":"type-product","3":"status-publish","4":"has-post-thumbnail","6":"product_cat-barre-de-son","7":"product_tag-barre-de-son","8":"product_tag-tv-image-son","10":"first","11":"instock","12":"sale","13":"shipping-taxable","14":"purchasable","15":"product-type-simple"},"_links":{"self":[{"href":"https:\/\/electromenagerexpress.com\/en\/wp-json\/wp\/v2\/product\/82807","targetHints":{"allow":["GET"]}}],"collection":[{"href":"https:\/\/electromenagerexpress.com\/en\/wp-json\/wp\/v2\/product"}],"about":[{"href":"https:\/\/electromenagerexpress.com\/en\/wp-json\/wp\/v2\/types\/product"}],"wp:featuredmedia":[{"embeddable":true,"href":"https:\/\/electromenagerexpress.com\/en\/wp-json\/wp\/v2\/media\/82806"}],"wp:attachment":[{"href":"https:\/\/electromenagerexpress.com\/en\/wp-json\/wp\/v2\/media?parent=82807"}],"wp:term":[{"taxonomy":"product_cat","embeddable":true,"href":"https:\/\/electromenagerexpress.com\/en\/wp-json\/wp\/v2\/product_cat?post=82807"},{"taxonomy":"product_tag","embeddable":true,"href":"https:\/\/electromenagerexpress.com\/en\/wp-json\/wp\/v2\/product_tag?post=82807"}],"curies":[{"name":"wp","href":"https:\/\/api.w.org\/{rel}","templated":true}]}}