{"id":82715,"date":"2024-11-24T15:39:28","date_gmt":"2024-11-24T15:39:28","guid":{"rendered":"https:\/\/electromenagerexpress.com\/product\/barre-de-sonsonyhts2000\/"},"modified":"2024-11-24T15:39:41","modified_gmt":"2024-11-24T15:39:41","slug":"barre-de-sonsonyhts2000","status":"publish","type":"product","link":"https:\/\/electromenagerexpress.com\/en\/product\/barre-de-sonsonyhts2000\/","title":{"rendered":"Barre de son\t\t\t\t\t\t\tSONY\t\t\t\tHTS2000"},"content":{"rendered":"<div class=\"product-features__content\">\n<ul role=\"list\">\n<li class=\"product-features__item\" role=\"listitem\">\n<h3 class=\"product-features__label\">Son<\/h3>\n<ul role=\"list\">\n<li class=\"product-features__item-list__item\" role=\"listitem\"><span class=\"is--medium\">Puissance :<\/span> 250 Watts RMS\t\t\t\t\t<\/li>\n<li class=\"product-features__item-list__item\" role=\"listitem\"><span class=\"is--medium\">Comprendre les watts RMS :<\/span> ce sont les watts r\u00e9ellement utils\u00e9s pour d\u00e9livrer la puissance de l&rsquo;enceinte\t\t\t\t\t<\/li>\n<li class=\"product-features__item-list__item\" role=\"listitem\"><span class=\"is--medium\">Nombre de haut-parleur :<\/span> 5\t\t\t\t\t<\/li>\n<li class=\"product-features__item-list__item\" role=\"listitem\"><span class=\"is--medium\">Traitement du son :<\/span> Dolby Atmos, DTS, DTS X, Hi-Res\t\t\t\t\t<\/li>\n<li class=\"product-features__item-list__item\" role=\"listitem\"><span class=\"is--medium\">Dolby Atmos :<\/span> le Dolby atmos est un syst\u00e8me d&rsquo;enceintes r\u00e9fl\u00e9chissant le son sur le plafond et les murs pour des effets sonores 3D afin de vous plonger au coeur de l&rsquo;action\t\t\t\t\t<\/li>\n<li class=\"product-features__item-list__item\" role=\"listitem\"><span class=\"is--medium\">DTS X :<\/span> le DTS-X est un mode de traitement du son qui permet de restituer chez soi un effet sonore en trois dimensions\t\t\t\t\t<\/li>\n<li class=\"product-features__item-list__item\" role=\"listitem\"><span class=\"is--medium\">Hi-Res :<\/span> le HI-Res audio, permet la restitution d&rsquo;un son de haute qualit\u00e9\t\t\t\t\t<\/li>\n<li class=\"product-features__item-list__item\" role=\"listitem\"><span class=\"is--medium\">Calibrage automatique :<\/span> non\t\t\t\t\t<\/li>\n<\/ul>\n<\/li>\n<li class=\"product-features__item\" role=\"listitem\">\n<h3 class=\"product-features__label\">Equipement<\/h3>\n<ul role=\"list\">\n<li class=\"product-features__item-list__item\" role=\"listitem\"><span class=\"is--medium\">Typologie :<\/span> barre de son avec caisson int\u00e9gr\u00e9 , sert \u00e0 am\u00e9liorer le son de la t\u00e9l\u00e9 avec une profondeur de basse et une installation \u00e9pur\u00e9e\t\t\t\t\t<\/li>\n<li class=\"product-features__item-list__item\" role=\"listitem\"><span class=\"is--medium\">Enceintes arri\u00e8res :<\/span> en option\t\t\t\t\t<\/li>\n<li class=\"product-features__item-list__item\" role=\"listitem\"><span class=\"is--medium\">Le saviez-vous :<\/span> \u00e9quiper sa barre de son avec des enceintes arri\u00e8res permet d&rsquo;am\u00e9liorer l&rsquo;immersion sonore\t\t\t\t\t<\/li>\n<li class=\"product-features__item-list__item\" role=\"listitem\"><span class=\"is--medium\">Installation enceintes arri\u00e8res :<\/span> sans fil\t\t\t\t\t<\/li>\n<li class=\"product-features__item-list__item\" role=\"listitem\"><span class=\"is--medium\">Kit de fixation de barre de son au mur :<\/span> fourni\t\t\t\t\t<\/li>\n<\/ul>\n<\/li>\n<li class=\"product-features__item\" role=\"listitem\">\n<h3 class=\"product-features__label\">Connectiques<\/h3>\n<ul role=\"list\">\n<li class=\"product-features__item-list__item\" role=\"listitem\"><span class=\"is--medium\">HDMI CEC :<\/span> non\t\t\t\t\t<\/li>\n<li class=\"product-features__item-list__item\" role=\"listitem\"><span class=\"is--medium\">HDMI Arc :<\/span> oui, permet de simplifier les branchements entre une TV et une barre de son et de limiter le nombre de c\u00e2bles utilis\u00e9s\t\t\t\t\t<\/li>\n<li class=\"product-features__item-list__item\" role=\"listitem\"><span class=\"is--medium\">Entr\u00e9e Optique :<\/span> oui, permet d&rsquo;envoyer le son de sa TV vers une barre de son en num\u00e9rique, ou un casque TV avec un c\u00e2ble optique\t\t\t\t\t<\/li>\n<li class=\"product-features__item-list__item\" role=\"listitem\"><span class=\"is--medium\">Entr\u00e9e auxiliaire :<\/span> 0\t\t\t\t\t<\/li>\n<li class=\"product-features__item-list__item\" role=\"listitem\"><span class=\"is--medium\">Port USB :<\/span> USB de lecture\t\t\t\t\t<\/li>\n<li class=\"product-features__item-list__item\" role=\"listitem\"><span class=\"is--medium\">Entr\u00e9e HDMI :<\/span> 1\t\t\t\t\t<\/li>\n<li class=\"product-features__item-list__item\" role=\"listitem\"><span class=\"is--medium\">Sortie HDMI :<\/span> 1\t\t\t\t\t<\/li>\n<\/ul>\n<\/li>\n<li class=\"product-features__item\" role=\"listitem\">\n<h3 class=\"product-features__label\">Connectivit\u00e9<\/h3>\n<ul role=\"list\">\n<li class=\"product-features__item-list__item\" role=\"listitem\"><span class=\"is--medium\">Bluetooth :<\/span> oui, permet de connecter votre t\u00e9l\u00e9viseur compatible ou vos appareils mobiles pour profiter du son sans fil\t\t\t\t\t<\/li>\n<li class=\"product-features__item-list__item\" role=\"listitem\"><span class=\"is--medium\">Wi-Fi :<\/span> Oui\t\t\t\t\t<\/li>\n<li class=\"product-features__item-list__item\" role=\"listitem\"><span class=\"is--medium\">Chromecast :<\/span> Non\t\t\t\t\t<\/li>\n<li class=\"product-features__item-list__item\" role=\"listitem\"><span class=\"is--medium\">Assistant vocal :<\/span> non concern\u00e9\t\t\t\t\t<\/li>\n<\/ul>\n<\/li>\n<li class=\"product-features__item\" role=\"listitem\">\n<h3 class=\"product-features__label\">Consommation<\/h3>\n<ul role=\"list\">\n<li class=\"product-features__item-list__item\" role=\"listitem\"><span class=\"is--medium\">Consommation de la barre :<\/span> 42,0 W\t\t\t\t\t<\/li>\n<li class=\"product-features__item-list__item\" role=\"listitem\"><span class=\"is--medium\">Consommation de la barre en veille :<\/span> 2,0 W\t\t\t\t\t<\/li>\n<li class=\"product-features__item-list__item\" role=\"listitem\"><span class=\"is--medium\">Consommation totale :<\/span> 42,0 W\t\t\t\t\t<\/li>\n<li class=\"product-features__item-list__item\" role=\"listitem\"><span class=\"is--medium\">Consommation totale en veille :<\/span> 2,0 W\t\t\t\t\t<\/li>\n<\/ul>\n<\/li>\n<li class=\"product-features__item\" role=\"listitem\">\n<h3 class=\"product-features__label\">Dimensions<\/h3>\n<ul role=\"list\">\n<li class=\"product-features__item-list__item\" role=\"listitem\"><span class=\"is--medium\">LxHxP enceinte :<\/span> 80 x 6.4 x 12.4 cm\t\t\t\t\t<\/li>\n<li class=\"product-features__item-list__item\" role=\"listitem\"><span class=\"is--medium\">Poids de l&rsquo;enceinte :<\/span> 3,7 kg\t\t\t\t\t<\/li>\n<\/ul>\n<\/li>\n<li class=\"product-features__item\" role=\"listitem\">\n<h3 class=\"product-features__label\">Informations compl\u00e9mentaires<\/h3>\n<ul role=\"list\">\n<li class=\"product-features__item-list__item\" role=\"listitem\"><span class=\"is--medium\">Garantie :<\/span> 2 ans\t\t\t\t\t<\/li>\n<li class=\"product-features__item-list__item\" role=\"listitem\"><span class=\"is--medium\">Fabriqu\u00e9 en :<\/span> Chine\t\t\t\t\t<\/li>\n<li class=\"product-features__item-list__item\" role=\"listitem\"><span class=\"is--medium\">Disponibilit\u00e9 des pi\u00e8ces d\u00e9tach\u00e9es (donn\u00e9es fournisseur) :<\/span> Non concern\u00e9\t\t\t\t\t<\/li>\n<\/ul>\n<\/li>\n<\/ul>\n<\/div>\n<div class=\"product__disclosure-content\">\n<div class=\"js-read-more product-description__content read-more read-more--truncated\" data-read-more-name=\"description\" style=\"max-height: 500px; overflow: hidden;\">\n<\/p>\n<p><center><strong>Barre de son HT-S2000 <\/strong><\/center><\/p>\n<p>La barre de son HT-S2000 Dolby Atmos\u00ae et DTS:X 3.1.(2) canaux offre une exp\u00e9rience sonore immersive et puissante, parfaite pour recr\u00e9er l&rsquo;ambiance cin\u00e9matographique chez vous. Gr\u00e2ce \u00e0 des technologies avanc\u00e9es telles que Vertical Surround Engine et S-Force PRO Front Surround, cette barre de son vous plonge dans un son tridimensionnel, m\u00eame lorsque vous \u00e9coutez des contenus st\u00e9r\u00e9o comme des s\u00e9ries t\u00e9l\u00e9vis\u00e9es ou de la musique en ligne. Avec son haut-parleur central d\u00e9di\u00e9, les dialogues sont clairs et le double caisson de graves int\u00e9gr\u00e9 assure des basses profondes et percutantes. Profitez d&rsquo;une sc\u00e8ne sonore \u00e9tendue et r\u00e9aliste gr\u00e2ce \u00e0 notre combinaison de technologies acoustiques de pointe et de traitement du signal.<\/p>\n<\/p>\n<p><center><img decoding=\"async\" alt=\"URL SCENE7\" src=\"https:\/\/boulanger.scene7.com\/is\/image\/Boulanger\/4548736143272_p_1?wid=1000\" width=\"400\"\/><center><\/p>\n<p>L&rsquo;installation de la HT-S2000 est simple et rapide : il suffit de la connecter \u00e0 votre t\u00e9l\u00e9viseur \u00e0 l&rsquo;aide d&rsquo;un c\u00e2ble HDMI et de la brancher. Notre application smartphone, Sony | Home Entertainment Connect, facilite encore plus la configuration et l&rsquo;utilisation de la barre de son. Vous pouvez \u00e9galement la contr\u00f4ler facilement \u00e0 l&rsquo;aide de la t\u00e9l\u00e9commande fournie, qui est conviviale et intuitive.<\/p>\n<\/p>\n<p><center><img decoding=\"async\" alt=\"URL SCENE7\" src=\"https:\/\/boulanger.scene7.com\/is\/image\/Boulanger\/4548736143272_p_2?wid=1000\" width=\"400\"\/><\/center><\/p>\n<p>Pour une exp\u00e9rience sonore encore plus immersive, la HT-S2000 est compatible avec nos caissons de graves sans fil en option (SA-SW5\/SA-SW3), qui ajoutent des basses percutantes \u00e0 votre syst\u00e8me audio. Si vous souhaitez une immersion totale, comme au cin\u00e9ma, vous pouvez \u00e9galement ajouter nos enceintes satellites arri\u00e8re sans fil en option (SA-RS3). De plus, lorsque vous couplez la barre de son \u00e0 un t\u00e9l\u00e9viseur BRAVIA compatible, vous pouvez facilement ajuster les param\u00e8tres audio \u00e0 partir du menu des r\u00e9glages rapides du t\u00e9l\u00e9viseur, ce qui vous permet de contr\u00f4ler ais\u00e9ment des fonctionnalit\u00e9s telles que le champ sonore et le volume.<\/p>\n<p>Enfin, la HT-S2000 est id\u00e9ale pour \u00e9couter de la musique : vous pouvez facilement connecter votre smartphone, tablette ou ordinateur via Bluetooth ou cl\u00e9 USB, en utilisant l&rsquo;application Sony Home Entertainment Connect pour acc\u00e9der \u00e0 tous vos contenus pr\u00e9f\u00e9r\u00e9s.<\/p>\n<\/p>\n<p><center><img decoding=\"async\" alt=\"URL SCENE7\" src=\"https:\/\/boulanger.scene7.com\/is\/image\/Boulanger\/4548736143272_p_3?wid=1000\" width=\"400\"\/><\/center><\/p>\n<\/p>\n<p><video class=\"s7Video\" controls=\"\" controlslist=\"nodownload\" poster=\"https:\/\/boulanger.scene7.com\/is\/image\/Boulanger\/4548736143272_v_0?scl=1\" preload=\"metadata\" src=\"https:\/\/boulanger.scene7.com\/is\/content\/Boulanger\/4548736143272_v_0\" width=\"100%\"><\/video><\/p>\n<p><\/center><\/center><\/div>\n<p><bl-button a11yexpanded=\"false\" arialabel=\"Afficher toute la description\" class=\"read-more__btn\" full=\"false\" link=\"true\">Voir plus<\/bl-button><\/div>","protected":false},"excerpt":{"rendered":"<div class=\"keypoints\">\n<h3 class=\"keypoints__title\">Les points cl\u00e9s<\/h3>\n<ul role=\"list\">\n<li class=\"keypoints__item\" role=\"listitem\">                                        Barre de son avec caisson int\u00e9gr\u00e9                      <\/li>\n<li class=\"keypoints__item\" role=\"listitem\">                                        250 Watts RMS : id\u00e9al pour une pi\u00e8ce de 20 \u00e0 40m2                      <\/li>\n<li class=\"keypoints__item\" role=\"listitem\">                          Dolby Atmos, DTS, DTS X, Hi-Res &#8211;                                                      HDMI Arc, Entr\u00e9e Optique                      <\/li>\n<li class=\"keypoints__item\" role=\"listitem\">                                        LxHxP enceinte : 80 x 6.4 x 12.4 cm                      <\/li>\n<li class=\"keypoints__item keypoints__item--advantage\" role=\"listitem\"><strong>Le + :<\/strong> Une exp\u00e9rience sonore ultra immersive, une spatialisation et un r\u00e9alisme exceptionnels.      <\/li>\n<\/ul>","protected":false},"featured_media":82714,"template":"","meta":{"_glsr_average":0,"_glsr_ranking":0,"_glsr_reviews":0},"product_cat":[453],"product_tag":[454,451],"class_list":{"0":"post-82715","1":"product","2":"type-product","3":"status-publish","4":"has-post-thumbnail","6":"product_cat-barre-de-son","7":"product_tag-barre-de-son","8":"product_tag-tv-image-son","10":"first","11":"instock","12":"sale","13":"shipping-taxable","14":"purchasable","15":"product-type-simple"},"_links":{"self":[{"href":"https:\/\/electromenagerexpress.com\/en\/wp-json\/wp\/v2\/product\/82715","targetHints":{"allow":["GET"]}}],"collection":[{"href":"https:\/\/electromenagerexpress.com\/en\/wp-json\/wp\/v2\/product"}],"about":[{"href":"https:\/\/electromenagerexpress.com\/en\/wp-json\/wp\/v2\/types\/product"}],"wp:featuredmedia":[{"embeddable":true,"href":"https:\/\/electromenagerexpress.com\/en\/wp-json\/wp\/v2\/media\/82714"}],"wp:attachment":[{"href":"https:\/\/electromenagerexpress.com\/en\/wp-json\/wp\/v2\/media?parent=82715"}],"wp:term":[{"taxonomy":"product_cat","embeddable":true,"href":"https:\/\/electromenagerexpress.com\/en\/wp-json\/wp\/v2\/product_cat?post=82715"},{"taxonomy":"product_tag","embeddable":true,"href":"https:\/\/electromenagerexpress.com\/en\/wp-json\/wp\/v2\/product_tag?post=82715"}],"curies":[{"name":"wp","href":"https:\/\/api.w.org\/{rel}","templated":true}]}}