{"id":82699,"date":"2024-11-24T15:39:15","date_gmt":"2024-11-24T15:39:15","guid":{"rendered":"https:\/\/electromenagerexpress.com\/product\/enceinte-fixesamsung-music-frame-hw-ls60d-2024\/"},"modified":"2024-11-24T15:39:26","modified_gmt":"2024-11-24T15:39:26","slug":"enceinte-fixesamsung-music-frame-hw-ls60d-2024","status":"publish","type":"product","link":"https:\/\/electromenagerexpress.com\/en\/product\/enceinte-fixesamsung-music-frame-hw-ls60d-2024\/","title":{"rendered":"Enceinte fixe\t\t\t\t\t\t\tSAMSUNG \t\t\t\tMusic Frame HW-LS60D 2024"},"content":{"rendered":"<div class=\"product-features__content\">\n<ul role=\"list\">\n<li class=\"product-features__item\" role=\"listitem\">\n<h3 class=\"product-features__label\">Son<\/h3>\n<ul role=\"list\">\n<li class=\"product-features__item-list__item\" role=\"listitem\"><span class=\"is--medium\">Puissance :<\/span> Non communiqu\u00e9e\t\t\t\t\t<\/li>\n<li class=\"product-features__item-list__item\" role=\"listitem\"><span class=\"is--medium\">Nombre de haut-parleur :<\/span> 6\t\t\t\t\t<\/li>\n<li class=\"product-features__item-list__item\" role=\"listitem\"><span class=\"is--medium\">Traitement du son :<\/span> Dolby Atmos\t\t\t\t\t<\/li>\n<li class=\"product-features__item-list__item\" role=\"listitem\"><span class=\"is--medium\">Dolby Atmos :<\/span> le Dolby atmos est un syst\u00e8me d&rsquo;enceintes r\u00e9fl\u00e9chissant le son sur le plafond et les murs pour des effets sonores 3D afin de vous plonger au coeur de l&rsquo;action\t\t\t\t\t<\/li>\n<li class=\"product-features__item-list__item\" role=\"listitem\"><span class=\"is--medium\">Q symphony :<\/span> oui, synchroniser les hauts parleurs de votre t\u00e9l\u00e9vision compatible avec ceux de votre barre de son et vivez une exp\u00e9rience plus immersive\t\t\t\t\t<\/li>\n<li class=\"product-features__item-list__item\" role=\"listitem\"><span class=\"is--medium\">Calibrage automatique :<\/span> non\t\t\t\t\t<\/li>\n<\/ul>\n<\/li>\n<li class=\"product-features__item\" role=\"listitem\">\n<h3 class=\"product-features__label\">Equipement<\/h3>\n<ul role=\"list\">\n<li class=\"product-features__item-list__item\" role=\"listitem\"><span class=\"is--medium\">Enceintes arri\u00e8res :<\/span> non concern\u00e9\t\t\t\t\t<\/li>\n<\/ul>\n<\/li>\n<li class=\"product-features__item\" role=\"listitem\">\n<h3 class=\"product-features__label\">Connectiques<\/h3>\n<ul role=\"list\">\n<li class=\"product-features__item-list__item\" role=\"listitem\"><span class=\"is--medium\">HDMI CEC :<\/span> non\t\t\t\t\t<\/li>\n<li class=\"product-features__item-list__item\" role=\"listitem\"><span class=\"is--medium\">HDMI Arc :<\/span> non\t\t\t\t\t<\/li>\n<li class=\"product-features__item-list__item\" role=\"listitem\"><span class=\"is--medium\">Entr\u00e9e Optique :<\/span> non\t\t\t\t\t<\/li>\n<li class=\"product-features__item-list__item\" role=\"listitem\"><span class=\"is--medium\">Entr\u00e9e auxiliaire :<\/span> 0\t\t\t\t\t<\/li>\n<li class=\"product-features__item-list__item\" role=\"listitem\"><span class=\"is--medium\">Entr\u00e9e HDMI :<\/span> 0\t\t\t\t\t<\/li>\n<li class=\"product-features__item-list__item\" role=\"listitem\"><span class=\"is--medium\">Sortie HDMI :<\/span> 0\t\t\t\t\t<\/li>\n<\/ul>\n<\/li>\n<li class=\"product-features__item\" role=\"listitem\">\n<h3 class=\"product-features__label\">Connectivit\u00e9<\/h3>\n<ul role=\"list\">\n<li class=\"product-features__item-list__item\" role=\"listitem\"><span class=\"is--medium\">AirPlay :<\/span> oui, une technologie Apple qui permet de partager sans connectique des contenus multim\u00e9dias ( vid\u00e9os, photos, musiques) sur le t\u00e9l\u00e9viseur\t\t\t\t\t<\/li>\n<li class=\"product-features__item-list__item\" role=\"listitem\"><span class=\"is--medium\">Bluetooth :<\/span> oui, permet de connecter votre t\u00e9l\u00e9viseur compatible ou vos appareils mobiles pour profiter du son sans fil\t\t\t\t\t<\/li>\n<li class=\"product-features__item-list__item\" role=\"listitem\"><span class=\"is--medium\">Wi-Fi :<\/span> Oui\t\t\t\t\t<\/li>\n<li class=\"product-features__item-list__item\" role=\"listitem\"><span class=\"is--medium\">Chromecast :<\/span> Oui\t\t\t\t\t<\/li>\n<li class=\"product-features__item-list__item\" role=\"listitem\"><span class=\"is--medium\">Assistant vocal :<\/span> assistant vocal int\u00e9gr\u00e9\t\t\t\t\t<\/li>\n<\/ul>\n<\/li>\n<li class=\"product-features__item\" role=\"listitem\">\n<h3 class=\"product-features__label\">Consommation<\/h3>\n<ul role=\"list\">\n<li class=\"product-features__item-list__item\" role=\"listitem\"><span class=\"is--medium\">Consommation de la barre :<\/span> 18,0 W\t\t\t\t\t<\/li>\n<li class=\"product-features__item-list__item\" role=\"listitem\"><span class=\"is--medium\">Consommation de la barre en veille :<\/span> 0,5 W\t\t\t\t\t<\/li>\n<li class=\"product-features__item-list__item\" role=\"listitem\"><span class=\"is--medium\">Consommation du caisson en veille :<\/span> 0,5 W\t\t\t\t\t<\/li>\n<\/ul>\n<\/li>\n<li class=\"product-features__item\" role=\"listitem\">\n<h3 class=\"product-features__label\">Dimensions<\/h3>\n<ul role=\"list\">\n<li class=\"product-features__item-list__item\" role=\"listitem\"><span class=\"is--medium\">LxHxP enceinte :<\/span> 35 x 35 x 5.4 cm\t\t\t\t\t<\/li>\n<li class=\"product-features__item-list__item\" role=\"listitem\"><span class=\"is--medium\">Poids de l&rsquo;enceinte :<\/span> 4,6 kg\t\t\t\t\t<\/li>\n<\/ul>\n<\/li>\n<li class=\"product-features__item\" role=\"listitem\">\n<h3 class=\"product-features__label\">Informations compl\u00e9mentaires<\/h3>\n<ul role=\"list\">\n<li class=\"product-features__item-list__item\" role=\"listitem\"><span class=\"is--medium\">Garantie :<\/span> 2 ans\t\t\t\t\t<\/li>\n<li class=\"product-features__item-list__item\" role=\"listitem\"><span class=\"is--medium\">Fabriqu\u00e9 en :<\/span> Vi\u00eat Nam\t\t\t\t\t<\/li>\n<li class=\"product-features__item-list__item\" role=\"listitem\"><span class=\"is--medium\">Disponibilit\u00e9 des pi\u00e8ces d\u00e9tach\u00e9es (donn\u00e9es fournisseur) :<\/span> Pendant 4 ans, \u00e0 compter de la date de fabrication\t\t\t\t\t<\/li>\n<\/ul>\n<\/li>\n<\/ul>\n<\/div>\n<div class=\"product__disclosure-content\">\n<div class=\"js-read-more product-description__content read-more read-more--truncated\" data-read-more-name=\"description\" style=\"max-height: 500px; overflow: hidden;\">\n<p>L&rsquo;enceinte Samsung Music Frame HW-LS60D allie design et performance. Avec son design unique, cette enceinte s&rsquo;int\u00e8gre parfaitement dans votre int\u00e9rieur. Equip\u00e9e des technologies Dolby Atmos, SpaceFit Sound et Q-Symphony, elle garantit une exp\u00e9rience sonore innovante et immersive \u00e0 couper le souffle.<\/p>\n<h3><strong>Design personnalisable <\/strong><\/h3>\n<p>L&rsquo;enceinte qui sort du cadre<\/p>\n<p>L&rsquo;enceinte Samsung Music Frame HW-LS60D embellit votre espace de vie en transformant votre enceinte en un cadre photo design. Gr\u00e2ce \u00e0 la Marie-Louise int\u00e9gr\u00e9e, personnalisez votre enceinte avec vos photos personnelles. Revivez vos souvenirs les plus chers tout en profitant d&rsquo;une qualit\u00e9 sonore exceptionnelle.<\/p>\n<p>L&rsquo;enceinte qui cadre avec votre style<\/p>\n<p>Apportez une touche personnelle \u00e0 votre enceinte Music Frame HW-LS60D, en l&rsquo;habillant avec l&rsquo;oeuvre d&rsquo;art de votre choix. Les panneaux acryliques sur-mesure se fixent ais\u00e9ment sur l&rsquo;enceinte. Cette personnalisation rend chaque Music Frame unique, refl\u00e9tant votre go\u00fbt et votre style pour une int\u00e9gration parfaite dans votre int\u00e9rieur.<\/p>\n<p>Enceinte amovible<\/p>\n<p>Avec son pied int\u00e9gr\u00e9, l&rsquo;enceinte Samsung Music Frame HW-LS60D offre une flexibilit\u00e9 de placement in\u00e9gal\u00e9e. Que vous choisissiez de la poser sur une table, au sol, ou sur une chemin\u00e9e, elle se fond naturellement dans le d\u00e9cor de votre maison.<\/p>\n<p>Installation murale<\/p>\n<p>L&rsquo;enceinte Samsung Music Frame HW-LS60D s&rsquo;accroche facilement au mur gr\u00e2ce \u00e0 son support mural inclus. Cette fonctionnalit\u00e9 assure une installation discr\u00e8te et raffin\u00e9e, gr\u00e2ce \u00e0 son c\u00e2ble invisible. Optez pour cette solution murale pour \u00e9conomiser de l&rsquo;espace tout en ajoutant une touche de sophistication \u00e0 votre int\u00e9rieur, transformant votre enceinte en un v\u00e9ritable objet d&rsquo;art fonctionnel.<\/p>\n<h3><strong>Un son puissant et immersif <\/strong><\/h3>\n<p>Exp\u00e9rience sonore enveloppante<\/p>\n<p>Profitez d&rsquo;un son immersif gr\u00e2ce \u00e0 l&rsquo;enceinte Samsung Music Frame HW-LS60D, \u00e9quip\u00e9e de six haut-parleurs frontaux et de deux woofers robustes. Ensemble, ils cr\u00e9ent une symphonie de sons riches et de basses vibrantes. Chaque note, chaque battement est amplifi\u00e9 pour une exp\u00e9rience sonore \u00e0 couper le souffle.<\/p>\n<p>Un son Dolby Atmos<\/p>\n<p>Le son Dolby Atmos offre un son surround en trois dimensions, vous enveloppant dans une bulle audio immersive. Profitez de cette exp\u00e9rience sans le d\u00e9sagr\u00e9ment des c\u00e2bles gr\u00e2ce \u00e0 une connexion Wi-Fi, pour une libert\u00e9 totale d&rsquo;\u00e9coute.<\/p>\n<p>Clart\u00e9 des dialogues avec AVA<\/p>\n<p>L&rsquo;Amplificateur Vocal (AVA) optimise intelligemment la clart\u00e9 des voix et des dialogues en d\u00e9tectant les bruits ambiants g\u00eanants autour de vous. Il assure que chaque mot soit entendu clairement, m\u00eame dans des sc\u00e8nes complexes ou bruyantes. Cette fonctionnalit\u00e9 vous garantit de ne jamais manquer un instant crucial de vos \u00e9missions, films ou podcasts pr\u00e9f\u00e9r\u00e9s.<\/p>\n<p>SpaceFit Sound<\/p>\n<p>Avec la technologie SpaceFit Sound, l&rsquo;enceinte Samsung Music Frame analyse la taille et l&rsquo;am\u00e9nagement de votre pi\u00e8ce pour s&rsquo;y adapter. Le son et les basses sont calibr\u00e9s sp\u00e9cifiquement pour votre espace de vie. Cette fonctionnalit\u00e9 garantit un son personnalis\u00e9, offrant une qualit\u00e9 audio optimale en fonction de votre int\u00e9rieur.<\/p>\n<h3><strong>Connectivit\u00e9 simplifi\u00e9e <\/strong><\/h3>\n<p>Synchronisation parfaite avec le son de votre t\u00e9l\u00e9viseur<\/p>\n<p>Gr\u00e2ce \u00e0 Q-Symphony, les haut-parleurs de votre t\u00e9l\u00e9viseur sont synchronis\u00e9s avec ceux de l&rsquo;enceinte Samsung. Les sons des deux appareils sont combin\u00e9s pour cr\u00e9er une immersion sonore \u00e0 360 degr\u00e9s. Avec un son immersif, vous profitez de votre contenu comme jamais auparavant.<\/p>\n<p>Connexion sans fil et facile<\/p>\n<p>Finis les c\u00e2bles encombrants et disgracieux ! L&rsquo;enceinte Samsung Music Frame se connecte tr\u00e8s facilement via Bluetooth et Wi-Fi. L&rsquo;installation est simplifi\u00e9e, la connexion est fluide, pour une exp\u00e9rience efficace et \u00e9l\u00e9gante.<\/p>\n<p>Chromecast et Airplay 2 int\u00e9gr\u00e9s<\/p>\n<p>Int\u00e9grant Chromecast et Airplay 2, l&rsquo;enceinte Samsung Music Frame facilite le partage de votre musique pr\u00e9f\u00e9r\u00e9e en conservant une excellente qualit\u00e9 sonore. Vous pouvez partager de la musique directement depuis votre smartphone ou tablette.<\/p>\n<p>Contr\u00f4le vocal avec Alexa<\/p>\n<p>Activez et g\u00e9rez facilement votre enceinte sans lever le petit doigt, en employant simplement votre voix. Gr\u00e2ce \u00e0 la compatibilit\u00e9 avec Google Assistant, vos commandes vocales se transforment en action. Que vous souhaitiez ajuster le volume, changer de piste ou s\u00e9lectionner une playlist, faites-le ais\u00e9ment et rapidement gr\u00e2ce \u00e0 la simplicit\u00e9 du contr\u00f4le vocal.<\/p>\n<\/p>\n<p><video class=\"s7Video\" controls=\"\" controlslist=\"nodownload\" poster=\"https:\/\/boulanger.scene7.com\/is\/image\/Boulanger\/8806095479606_v_0?scl=1\" preload=\"metadata\" src=\"https:\/\/boulanger.scene7.com\/is\/content\/Boulanger\/8806095479606_v_0\" width=\"100%\"><\/video><\/p>\n<\/div>\n<p><bl-button a11yexpanded=\"false\" arialabel=\"Afficher toute la description\" class=\"read-more__btn\" full=\"false\" link=\"true\">Voir plus<\/bl-button><\/div>","protected":false},"excerpt":{"rendered":"<div class=\"keypoints\">\n<h3 class=\"keypoints__title\">Les points cl\u00e9s<\/h3>\n<ul role=\"list\">\n<li class=\"keypoints__item\" role=\"listitem\">                                        Enceintes Satellite                      <\/li>\n<li class=\"keypoints__item\" role=\"listitem\">                                        Dolby Atmos                      <\/li>\n<li class=\"keypoints__item\" role=\"listitem\">                                        LxHxP enceinte : 35 x 35 x 5.4 cm                      <\/li>\n<li class=\"keypoints__item keypoints__item--advantage\" role=\"listitem\"><strong>Le + :<\/strong> Exposez vos plus belles photos ou vos oeuvres d&rsquo;art, tout en \u00e9coutant votre playlist pr\u00e9f\u00e9r\u00e9e      <\/li>\n<\/ul>","protected":false},"featured_media":82698,"template":"","meta":{"_glsr_average":0,"_glsr_ranking":0,"_glsr_reviews":0},"product_cat":[453],"product_tag":[454,451],"class_list":{"0":"post-82699","1":"product","2":"type-product","3":"status-publish","4":"has-post-thumbnail","6":"product_cat-barre-de-son","7":"product_tag-barre-de-son","8":"product_tag-tv-image-son","10":"first","11":"instock","12":"sale","13":"shipping-taxable","14":"purchasable","15":"product-type-simple"},"_links":{"self":[{"href":"https:\/\/electromenagerexpress.com\/en\/wp-json\/wp\/v2\/product\/82699","targetHints":{"allow":["GET"]}}],"collection":[{"href":"https:\/\/electromenagerexpress.com\/en\/wp-json\/wp\/v2\/product"}],"about":[{"href":"https:\/\/electromenagerexpress.com\/en\/wp-json\/wp\/v2\/types\/product"}],"wp:featuredmedia":[{"embeddable":true,"href":"https:\/\/electromenagerexpress.com\/en\/wp-json\/wp\/v2\/media\/82698"}],"wp:attachment":[{"href":"https:\/\/electromenagerexpress.com\/en\/wp-json\/wp\/v2\/media?parent=82699"}],"wp:term":[{"taxonomy":"product_cat","embeddable":true,"href":"https:\/\/electromenagerexpress.com\/en\/wp-json\/wp\/v2\/product_cat?post=82699"},{"taxonomy":"product_tag","embeddable":true,"href":"https:\/\/electromenagerexpress.com\/en\/wp-json\/wp\/v2\/product_tag?post=82699"}],"curies":[{"name":"wp","href":"https:\/\/api.w.org\/{rel}","templated":true}]}}