{"id":82673,"date":"2024-11-24T15:38:50","date_gmt":"2024-11-24T15:38:50","guid":{"rendered":"https:\/\/electromenagerexpress.com\/product\/barre-de-sonsamsung-hw-q600c-2023\/"},"modified":"2024-11-24T15:39:03","modified_gmt":"2024-11-24T15:39:03","slug":"barre-de-sonsamsung-hw-q600c-2023","status":"publish","type":"product","link":"https:\/\/electromenagerexpress.com\/en\/product\/barre-de-sonsamsung-hw-q600c-2023\/","title":{"rendered":"Barre de son\t\t\t\t\t\t\tSAMSUNG \t\t\t\tHW-Q600C 2023"},"content":{"rendered":"<div class=\"product-features__content\">\n<ul role=\"list\">\n<li class=\"product-features__item\" role=\"listitem\">\n<h3 class=\"product-features__label\">Son<\/h3>\n<ul role=\"list\">\n<li class=\"product-features__item-list__item\" role=\"listitem\"><span class=\"is--medium\">Puissance :<\/span> Non communiqu\u00e9e\t\t\t\t\t<\/li>\n<li class=\"product-features__item-list__item\" role=\"listitem\"><span class=\"is--medium\">Nombre de haut-parleur :<\/span> 9\t\t\t\t\t<\/li>\n<li class=\"product-features__item-list__item\" role=\"listitem\"><span class=\"is--medium\">Traitement du son :<\/span> Dolby Atmos, DTS, DTS X\t\t\t\t\t<\/li>\n<li class=\"product-features__item-list__item\" role=\"listitem\"><span class=\"is--medium\">Dolby Atmos :<\/span> le Dolby atmos est un syst\u00e8me d&rsquo;enceintes r\u00e9fl\u00e9chissant le son sur le plafond et les murs pour des effets sonores 3D afin de vous plonger au coeur de l&rsquo;action\t\t\t\t\t<\/li>\n<li class=\"product-features__item-list__item\" role=\"listitem\"><span class=\"is--medium\">DTS X :<\/span> le DTS-X est un mode de traitement du son qui permet de restituer chez soi un effet sonore en trois dimensions\t\t\t\t\t<\/li>\n<li class=\"product-features__item-list__item\" role=\"listitem\"><span class=\"is--medium\">Hi-Res :<\/span> non\t\t\t\t\t<\/li>\n<li class=\"product-features__item-list__item\" role=\"listitem\"><span class=\"is--medium\">Q symphony :<\/span> oui, synchroniser les hauts parleurs de votre t\u00e9l\u00e9vision compatible avec ceux de votre barre de son et vivez une exp\u00e9rience plus immersive\t\t\t\t\t<\/li>\n<li class=\"product-features__item-list__item\" role=\"listitem\"><span class=\"is--medium\">Calibrage automatique :<\/span> non\t\t\t\t\t<\/li>\n<\/ul>\n<\/li>\n<li class=\"product-features__item\" role=\"listitem\">\n<h3 class=\"product-features__label\">Equipement<\/h3>\n<ul role=\"list\">\n<li class=\"product-features__item-list__item\" role=\"listitem\"><span class=\"is--medium\">Typologie :<\/span> barre de son avec caisson sans fil, sert \u00e0 am\u00e9liorer le son de la t\u00e9l\u00e9 et restituer les sons les plus graves\t\t\t\t\t<\/li>\n<li class=\"product-features__item-list__item\" role=\"listitem\"><span class=\"is--medium\">Enceintes arri\u00e8res :<\/span> en option\t\t\t\t\t<\/li>\n<li class=\"product-features__item-list__item\" role=\"listitem\"><span class=\"is--medium\">Le saviez-vous :<\/span> \u00e9quiper sa barre de son avec des enceintes arri\u00e8res permet d&rsquo;am\u00e9liorer l&rsquo;immersion sonore\t\t\t\t\t<\/li>\n<\/ul>\n<\/li>\n<li class=\"product-features__item\" role=\"listitem\">\n<h3 class=\"product-features__label\">Connectiques<\/h3>\n<ul role=\"list\">\n<li class=\"product-features__item-list__item\" role=\"listitem\"><span class=\"is--medium\">HDMI CEC :<\/span> oui, permet d&rsquo;utiliser la t\u00e9l\u00e9commande de votre TV pour piloter tous vos appareils branch\u00e9s en HDMI disposant de la m\u00eame norme CEC\t\t\t\t\t<\/li>\n<li class=\"product-features__item-list__item\" role=\"listitem\"><span class=\"is--medium\">HDMI Arc :<\/span> oui, permet de simplifier les branchements entre une TV et une barre de son et de limiter le nombre de c\u00e2bles utilis\u00e9s\t\t\t\t\t<\/li>\n<li class=\"product-features__item-list__item\" role=\"listitem\"><span class=\"is--medium\">Entr\u00e9e Optique :<\/span> oui, permet d&rsquo;envoyer le son de sa TV vers une barre de son en num\u00e9rique, ou un casque TV avec un c\u00e2ble optique\t\t\t\t\t<\/li>\n<li class=\"product-features__item-list__item\" role=\"listitem\"><span class=\"is--medium\">Entr\u00e9e auxiliaire :<\/span> 0\t\t\t\t\t<\/li>\n<li class=\"product-features__item-list__item\" role=\"listitem\"><span class=\"is--medium\">Port USB :<\/span> USB de service, permet de faire les mise \u00e0 jour du produit\t\t\t\t\t<\/li>\n<li class=\"product-features__item-list__item\" role=\"listitem\"><span class=\"is--medium\">Entr\u00e9e HDMI :<\/span> 1\t\t\t\t\t<\/li>\n<li class=\"product-features__item-list__item\" role=\"listitem\"><span class=\"is--medium\">Sortie HDMI :<\/span> 1\t\t\t\t\t<\/li>\n<\/ul>\n<\/li>\n<li class=\"product-features__item\" role=\"listitem\">\n<h3 class=\"product-features__label\">Connectivit\u00e9<\/h3>\n<ul role=\"list\">\n<li class=\"product-features__item-list__item\" role=\"listitem\"><span class=\"is--medium\">Bluetooth :<\/span> oui, permet de connecter votre t\u00e9l\u00e9viseur compatible ou vos appareils mobiles pour profiter du son sans fil\t\t\t\t\t<\/li>\n<li class=\"product-features__item-list__item\" role=\"listitem\"><span class=\"is--medium\">Wi-Fi :<\/span> Non\t\t\t\t\t<\/li>\n<li class=\"product-features__item-list__item\" role=\"listitem\"><span class=\"is--medium\">Chromecast :<\/span> Non\t\t\t\t\t<\/li>\n<li class=\"product-features__item-list__item\" role=\"listitem\"><span class=\"is--medium\">Assistant vocal :<\/span> non concern\u00e9\t\t\t\t\t<\/li>\n<\/ul>\n<\/li>\n<li class=\"product-features__item\" role=\"listitem\">\n<h3 class=\"product-features__label\">Consommation<\/h3>\n<ul role=\"list\">\n<li class=\"product-features__item-list__item\" role=\"listitem\"><span class=\"is--medium\">Consommation totale :<\/span> 34,0 W\t\t\t\t\t<\/li>\n<\/ul>\n<\/li>\n<li class=\"product-features__item\" role=\"listitem\">\n<h3 class=\"product-features__label\">Dimensions<\/h3>\n<ul role=\"list\">\n<li class=\"product-features__item-list__item\" role=\"listitem\"><span class=\"is--medium\">LxHxP enceinte :<\/span> 103 x 5.7 x 10.5 cm\t\t\t\t\t<\/li>\n<li class=\"product-features__item-list__item\" role=\"listitem\"><span class=\"is--medium\">Poids de l&rsquo;enceinte :<\/span> 3,8 kg\t\t\t\t\t<\/li>\n<li class=\"product-features__item-list__item\" role=\"listitem\"><span class=\"is--medium\">Dimensions caisson l x h x p :<\/span> 18.4 x 34.3 x 29.5 cm\t\t\t\t\t<\/li>\n<li class=\"product-features__item-list__item\" role=\"listitem\"><span class=\"is--medium\">Poids du caisson :<\/span> 5,5 kg\t\t\t\t\t<\/li>\n<\/ul>\n<\/li>\n<li class=\"product-features__item\" role=\"listitem\">\n<h3 class=\"product-features__label\">Informations compl\u00e9mentaires<\/h3>\n<ul role=\"list\">\n<li class=\"product-features__item-list__item\" role=\"listitem\"><span class=\"is--medium\">Garantie :<\/span> 2 ans\t\t\t\t\t<\/li>\n<li class=\"product-features__item-list__item\" role=\"listitem\"><span class=\"is--medium\">Fabriqu\u00e9 en :<\/span> Vi\u00eat Nam\t\t\t\t\t<\/li>\n<li class=\"product-features__item-list__item\" role=\"listitem\"><span class=\"is--medium\">Disponibilit\u00e9 des pi\u00e8ces d\u00e9tach\u00e9es (donn\u00e9es fournisseur) :<\/span> Pendant 4 ans, \u00e0 compter de la date d&rsquo;achat\t\t\t\t\t<\/li>\n<\/ul>\n<\/li>\n<\/ul>\n<\/div>\n<div class=\"product__disclosure-content\">\n<div class=\"js-read-more product-description__content read-more read-more--truncated\" data-read-more-name=\"description\" style=\"max-height: 500px; overflow: hidden;\">\n<p><center><strong>Samsung Q600C\u00a0: une exp\u00e9rience sonore unique, en Dolby Atmos<\/strong><\/center><\/p>\n<p>Accrochez-vous\u00a0! Avec ses 9 haut-parleurs (dont un haut-parleur central), son syst\u00e8me 3.1.2Ch et son caisson de basse 6,5\u00a0\u00bb sans fil, la barre de son HW Q600C associe des basses profondes, une acoustique enveloppante et une qualit\u00e9 sonore \u00e9poustouflante. Rajoutez \u00e0 ce syst\u00e8me une comptabilit\u00e9 avec les formats audio les plus captivants que sont Dolby Atmos et DTS:X et la technologie Acoustic Beam et vous obtenez un son surround 3D parfait.<\/p>\n<p><center><img decoding=\"async\" alt=\"URL SCENE7\" src=\"https:\/\/boulanger.scene7.com\/is\/image\/Boulanger\/8806094906820_h_f_l_2?wid=1000\" width=\"400\"\/><\/center><center><strong>Le confort d&rsquo;une synergie irr\u00e9prochable avec votre t\u00e9l\u00e9viseur<\/strong><\/center><\/p>\n<p>D\u00e9j\u00e0 puissant et enivrant par son mat\u00e9riel, cette barre de son tire aussi profit de votre t\u00e9l\u00e9viseur Samsung pour d\u00e9livrer une prestation sonore impeccable. Outre sa connexion Bluetooth &#8211; indispensable aujourd&rsquo;hui pour s&rsquo;affranchir des c\u00e2bles -, la Samsung HW-Q600C se synchronise avec les haut-parleurs de votre TV (technologie Q-Symphony 3.0 (1)) pour d\u00e9cupler sa puissance et vous transporter dans un environnement sonore \u00e0 360\u00b0. Pour contr\u00f4ler vos appareils, la t\u00e9l\u00e9commande unique suffira amplement, de quoi gagner un peu de place sur votre table basse pour y poser vos pieds et profitez confortablement de votre nouvelle installation.<\/p>\n<p><center><img decoding=\"async\" alt=\"URL SCENE7\" src=\"https:\/\/boulanger.scene7.com\/is\/image\/Boulanger\/8806094906820_h_f_l_3?wid=1000\" width=\"400\"\/><\/center><\/p>\n<p>(1) La technologie Q-Symphony est compatible avec les t\u00e9l\u00e9viseurs Samsung QLED et Neo QLED (\u00e0 partir des mod\u00e8les 2021), OLED (\u00e0 partir des mod\u00e8les 2022) et The Frame (\u00e0 partir des mod\u00e8les 2022). Elle n\u00e9cessite une connexion HDMI, optique ou Wi-Fi au t\u00e9l\u00e9viseur.<\/p>\n<p><center><strong>Une connectivit\u00e9 au service de la qualit\u00e9<\/strong><\/center><\/p>\n<p>Avec ou sans c\u00e2bles, la connectivit\u00e9 est l&rsquo;un des points forts de la barre de son Samsung HW-Q600C. La connectique HDMI eARc am\u00e9liore consid\u00e9rablement la bande passante et la vitesse du son vers votre t\u00e9l\u00e9viseur pour transmettre un son de haute qualit\u00e9. \u00c0 vous les formats de son surround les plus r\u00e9cents \u00e0 un d\u00e9bit binaire \u00e9lev\u00e9, comme Dolby Atmos\u00ae et DTS:X\u00ae\u00a0! Et si vous voulez partager votre musique, tapotez simplement votre smartphone sur votre barre de son, la fonction Tap Sound (2) se chargera du reste.<\/p>\n<p><center><img decoding=\"async\" alt=\"URL SCENE7\" src=\"https:\/\/boulanger.scene7.com\/is\/image\/Boulanger\/8806094906820_h_o_l_0?wid=1000\" width=\"400\"\/><\/center><\/p>\n<p>(2) Compatible avec les smartphones samsung dot\u00e9s de Bluetooth, de Wi-Fi et d&rsquo;Android 8.1 et plus uniquement.<\/p>\n<\/p>\n<\/div>\n<p><bl-button a11yexpanded=\"false\" arialabel=\"Afficher toute la description\" class=\"read-more__btn\" full=\"false\" link=\"true\">Voir plus<\/bl-button><\/div>","protected":false},"excerpt":{"rendered":"<div class=\"keypoints\">\n<h3 class=\"keypoints__title\">Les points cl\u00e9s<\/h3>\n<ul role=\"list\">\n<li class=\"keypoints__item\" role=\"listitem\">                                        Barre de son avec caisson sans fil                      <\/li>\n<li class=\"keypoints__item\" role=\"listitem\">                          Dolby Atmos, DTS, DTS X &#8211;                                                      HDMI CEC, HDMI Arc, Entr\u00e9e Optique                      <\/li>\n<li class=\"keypoints__item\" role=\"listitem\">                                        LxHxP enceinte : 103 x 5.7 x 10.5 cm                      <\/li>\n<li class=\"keypoints__item keypoints__item--advantage\" role=\"listitem\"><strong>Le + :<\/strong> Q-Symphony: Synchronisez les haut-parleurs de votre TV avec votre barre de son pour un son \u00e0 360\u00b0      <\/li>\n<\/ul>","protected":false},"featured_media":82672,"template":"","meta":{"_glsr_average":0,"_glsr_ranking":0,"_glsr_reviews":0},"product_cat":[453],"product_tag":[454,451],"class_list":{"0":"post-82673","1":"product","2":"type-product","3":"status-publish","4":"has-post-thumbnail","6":"product_cat-barre-de-son","7":"product_tag-barre-de-son","8":"product_tag-tv-image-son","10":"first","11":"instock","12":"sale","13":"shipping-taxable","14":"purchasable","15":"product-type-simple"},"_links":{"self":[{"href":"https:\/\/electromenagerexpress.com\/en\/wp-json\/wp\/v2\/product\/82673","targetHints":{"allow":["GET"]}}],"collection":[{"href":"https:\/\/electromenagerexpress.com\/en\/wp-json\/wp\/v2\/product"}],"about":[{"href":"https:\/\/electromenagerexpress.com\/en\/wp-json\/wp\/v2\/types\/product"}],"wp:featuredmedia":[{"embeddable":true,"href":"https:\/\/electromenagerexpress.com\/en\/wp-json\/wp\/v2\/media\/82672"}],"wp:attachment":[{"href":"https:\/\/electromenagerexpress.com\/en\/wp-json\/wp\/v2\/media?parent=82673"}],"wp:term":[{"taxonomy":"product_cat","embeddable":true,"href":"https:\/\/electromenagerexpress.com\/en\/wp-json\/wp\/v2\/product_cat?post=82673"},{"taxonomy":"product_tag","embeddable":true,"href":"https:\/\/electromenagerexpress.com\/en\/wp-json\/wp\/v2\/product_tag?post=82673"}],"curies":[{"name":"wp","href":"https:\/\/api.w.org\/{rel}","templated":true}]}}