{"id":82660,"date":"2024-11-24T15:38:38","date_gmt":"2024-11-24T15:38:38","guid":{"rendered":"https:\/\/electromenagerexpress.com\/product\/barre-de-sonsonytheatre-bar-9-2024\/"},"modified":"2024-11-24T15:38:48","modified_gmt":"2024-11-24T15:38:48","slug":"barre-de-sonsonytheatre-bar-9-2024","status":"publish","type":"product","link":"https:\/\/electromenagerexpress.com\/en\/product\/barre-de-sonsonytheatre-bar-9-2024\/","title":{"rendered":"Barre de son\t\t\t\t\t\t\tSONY\t\t\t\tTheatre Bar 9 2024"},"content":{"rendered":"<div class=\"product-features__content\">\n<ul role=\"list\">\n<li class=\"product-features__item\" role=\"listitem\">\n<h3 class=\"product-features__label\">Son<\/h3>\n<ul role=\"list\">\n<li class=\"product-features__item-list__item\" role=\"listitem\"><span class=\"is--medium\">Puissance :<\/span> Non communiqu\u00e9e\t\t\t\t\t<\/li>\n<li class=\"product-features__item-list__item\" role=\"listitem\"><span class=\"is--medium\">Nombre de haut-parleur :<\/span> 13\t\t\t\t\t<\/li>\n<li class=\"product-features__item-list__item\" role=\"listitem\"><span class=\"is--medium\">Traitement du son :<\/span> Dolby Atmos, DTS X, Hi-Res\t\t\t\t\t<\/li>\n<li class=\"product-features__item-list__item\" role=\"listitem\"><span class=\"is--medium\">Dolby Atmos :<\/span> le Dolby atmos est un syst\u00e8me d&rsquo;enceintes r\u00e9fl\u00e9chissant le son sur le plafond et les murs pour des effets sonores 3D afin de vous plonger au coeur de l&rsquo;action\t\t\t\t\t<\/li>\n<li class=\"product-features__item-list__item\" role=\"listitem\"><span class=\"is--medium\">DTS X :<\/span> le DTS-X est un mode de traitement du son qui permet de restituer chez soi un effet sonore en trois dimensions\t\t\t\t\t<\/li>\n<li class=\"product-features__item-list__item\" role=\"listitem\"><span class=\"is--medium\">Hi-Res :<\/span> le HI-Res audio, permet la restitution d&rsquo;un son de haute qualit\u00e9\t\t\t\t\t<\/li>\n<li class=\"product-features__item-list__item\" role=\"listitem\"><span class=\"is--medium\">Acoustic center sync :<\/span> oui, synchroniser les hauts parleurs de votre t\u00e9l\u00e9vision compatible avec ceux de votre barre de son et vivez une exp\u00e9rience plus immersive\t\t\t\t\t<\/li>\n<li class=\"product-features__item-list__item\" role=\"listitem\"><span class=\"is--medium\">Calibrage automatique :<\/span> oui, le son s&rsquo;adapte automatiquement \u00e0 la configuration de la pi\u00e8ce pour un son optimal\t\t\t\t\t<\/li>\n<\/ul>\n<\/li>\n<li class=\"product-features__item\" role=\"listitem\">\n<h3 class=\"product-features__label\">Equipement<\/h3>\n<ul role=\"list\">\n<li class=\"product-features__item-list__item\" role=\"listitem\"><span class=\"is--medium\">Typologie :<\/span> barre de son avec caisson int\u00e9gr\u00e9 , sert \u00e0 am\u00e9liorer le son de la t\u00e9l\u00e9 avec une profondeur de basse et une installation \u00e9pur\u00e9e\t\t\t\t\t<\/li>\n<li class=\"product-features__item-list__item\" role=\"listitem\"><span class=\"is--medium\">Enceintes arri\u00e8res :<\/span> en option\t\t\t\t\t<\/li>\n<li class=\"product-features__item-list__item\" role=\"listitem\"><span class=\"is--medium\">Le saviez-vous :<\/span> \u00e9quiper sa barre de son avec des enceintes arri\u00e8res permet d&rsquo;am\u00e9liorer l&rsquo;immersion sonore\t\t\t\t\t<\/li>\n<\/ul>\n<\/li>\n<li class=\"product-features__item\" role=\"listitem\">\n<h3 class=\"product-features__label\">Connectiques<\/h3>\n<ul role=\"list\">\n<li class=\"product-features__item-list__item\" role=\"listitem\"><span class=\"is--medium\">HDMI CEC :<\/span> non\t\t\t\t\t<\/li>\n<li class=\"product-features__item-list__item\" role=\"listitem\"><span class=\"is--medium\">HDMI Arc :<\/span> oui, permet de simplifier les branchements entre une TV et une barre de son et de limiter le nombre de c\u00e2bles utilis\u00e9s\t\t\t\t\t<\/li>\n<li class=\"product-features__item-list__item\" role=\"listitem\"><span class=\"is--medium\">Entr\u00e9e Optique :<\/span> non\t\t\t\t\t<\/li>\n<li class=\"product-features__item-list__item\" role=\"listitem\"><span class=\"is--medium\">Entr\u00e9e auxiliaire :<\/span> 0\t\t\t\t\t<\/li>\n<li class=\"product-features__item-list__item\" role=\"listitem\"><span class=\"is--medium\">Entr\u00e9e HDMI :<\/span> 1\t\t\t\t\t<\/li>\n<li class=\"product-features__item-list__item\" role=\"listitem\"><span class=\"is--medium\">Sortie HDMI :<\/span> 1\t\t\t\t\t<\/li>\n<li class=\"product-features__item-list__item\" role=\"listitem\"><span class=\"is--medium\">HDMI eArc :<\/span> oui, permet d&rsquo;avoir sur la barre de son les signaux sonores comme le Dolby Digital Plus avec Atmos, le Dolby True HD avec Atmos, le DTS HD et le DTS X\t\t\t\t\t<\/li>\n<\/ul>\n<\/li>\n<li class=\"product-features__item\" role=\"listitem\">\n<h3 class=\"product-features__label\">Connectivit\u00e9<\/h3>\n<ul role=\"list\">\n<li class=\"product-features__item-list__item\" role=\"listitem\"><span class=\"is--medium\">AirPlay :<\/span> oui, une technologie Apple qui permet de partager sans connectique des contenus multim\u00e9dias ( vid\u00e9os, photos, musiques) sur le t\u00e9l\u00e9viseur\t\t\t\t\t<\/li>\n<li class=\"product-features__item-list__item\" role=\"listitem\"><span class=\"is--medium\">Bluetooth :<\/span> oui, permet de connecter votre t\u00e9l\u00e9viseur compatible ou vos appareils mobiles pour profiter du son sans fil\t\t\t\t\t<\/li>\n<li class=\"product-features__item-list__item\" role=\"listitem\"><span class=\"is--medium\">Wi-Fi :<\/span> Oui\t\t\t\t\t<\/li>\n<li class=\"product-features__item-list__item\" role=\"listitem\"><span class=\"is--medium\">Chromecast :<\/span> Oui\t\t\t\t\t<\/li>\n<li class=\"product-features__item-list__item\" role=\"listitem\"><span class=\"is--medium\">Assistant vocal :<\/span> compatible assistant vocal\t\t\t\t\t<\/li>\n<\/ul>\n<\/li>\n<li class=\"product-features__item\" role=\"listitem\">\n<h3 class=\"product-features__label\">Consommation<\/h3>\n<ul role=\"list\">\n<li class=\"product-features__item-list__item\" role=\"listitem\"><span class=\"is--medium\">Consommation de la barre :<\/span> 62,0 W\t\t\t\t\t<\/li>\n<li class=\"product-features__item-list__item\" role=\"listitem\"><span class=\"is--medium\">Consommation de la barre en veille :<\/span> 2,3 W\t\t\t\t\t<\/li>\n<\/ul>\n<\/li>\n<li class=\"product-features__item\" role=\"listitem\">\n<h3 class=\"product-features__label\">Dimensions<\/h3>\n<ul role=\"list\">\n<li class=\"product-features__item-list__item\" role=\"listitem\"><span class=\"is--medium\">LxHxP enceinte :<\/span> 130 x 6.4 x 11.3 cm\t\t\t\t\t<\/li>\n<li class=\"product-features__item-list__item\" role=\"listitem\"><span class=\"is--medium\">Poids de l&rsquo;enceinte :<\/span> 5,5 kg\t\t\t\t\t<\/li>\n<\/ul>\n<\/li>\n<li class=\"product-features__item\" role=\"listitem\">\n<h3 class=\"product-features__label\">Informations compl\u00e9mentaires<\/h3>\n<ul role=\"list\">\n<li class=\"product-features__item-list__item\" role=\"listitem\"><span class=\"is--medium\">Garantie :<\/span> 2 ans\t\t\t\t\t<\/li>\n<li class=\"product-features__item-list__item\" role=\"listitem\"><span class=\"is--medium\">Fabriqu\u00e9 en :<\/span> Malaisie\t\t\t\t\t<\/li>\n<li class=\"product-features__item-list__item\" role=\"listitem\"><span class=\"is--medium\">Disponibilit\u00e9 des pi\u00e8ces d\u00e9tach\u00e9es (donn\u00e9es fournisseur) :<\/span> Non concern\u00e9\t\t\t\t\t<\/li>\n<\/ul>\n<\/li>\n<\/ul>\n<\/div>\n<div class=\"product__disclosure-content\">\n<div class=\"js-read-more product-description__content read-more read-more--truncated\" data-read-more-name=\"description\" style=\"max-height: 500px; overflow: hidden;\">\n<div class=\"product__description-content read-more\" style=\"\">\n<p>Immersion sonore avec la Barre de son SONY Theatre Bar 9<\/p>\n<h3> <img fetchpriority=\"high\" decoding=\"async\" ,=\"\" alt=\"Barre de son SONY Theatre Bar 9\" class=\"wy_tableau_gauche\" height=\"270\" src=\"https:\/\/boulanger.scene7.com\/is\/image\/Boulanger\/4548736158771_h_f_l_0?wid=400&amp;hei=270\" width=\"400\"\/>Une exp\u00e9rience audiovisuelle r\u00e9volutionnaire                    <\/h3>\n<p>                        La Barre de son SONY Theatre Bar 9 transforme votre salon en une salle de cin\u00e9ma gr\u00e2ce \u00e0 ses technologies de pointe. \u00c9quip\u00e9e du Dolby Atmos et du 360 Spatial Sound Mapping, elle cr\u00e9e un espace sonore tridimensionnel o\u00f9 le son semble provenir de toutes les directions. Cette technologie avanc\u00e9e g\u00e9n\u00e8re jusqu&rsquo;\u00e0 12 enceintes fant\u00f4mes pour une immersion totale. Ajoutez \u00e0 cela le Dolby Vision\u2122 et le DTS:X\u2122 pour une qualit\u00e9 d&rsquo;image et de son optimale. Pour les amateurs de basses, l&rsquo;ajout des caissons de basse SA-SW5 ou SA-SW3 est possible, offrant ainsi une exp\u00e9rience sonore d&rsquo;une puissance in\u00e9gal\u00e9e.                    <\/p>\n<\/p>\n<h3> <img decoding=\"async\" ,=\"\" alt=\"Barre de son SONY Theatre Bar 9\" class=\"wy_tableau_right\" height=\"270\" src=\"https:\/\/boulanger.scene7.com\/is\/image\/Boulanger\/4548736158771_h_f_l_1?wid=400&amp;hei=270\" width=\"400\"\/>Con\u00e7ue pour les t\u00e9l\u00e9viseurs BRAVIA et une qualit\u00e9 sonore sup\u00e9rieure                    <\/h3>\n<p>                        La synchronisation parfaite entre votre TV BRAVIA et la Barre de son SONY Theatre Bar 9 est assur\u00e9e par l&rsquo;Acoustic Center Sync, garantissant que les dialogues soient en parfaite harmonie avec l&rsquo;action \u00e0 l&rsquo;\u00e9cran. La clart\u00e9 des voix est encore am\u00e9lior\u00e9e par la technologie Voice Zoom 3. Les 13 haut-parleurs X-balanced de la barre de son, y compris les haut-parleurs verticaux et lat\u00e9raux, sont con\u00e7us pour minimiser la distorsion et fournir un son de haute fid\u00e9lit\u00e9. Avec son design \u00e9l\u00e9gant et ses dimensions de 1300 x 64 x 113 mm, la Barre de son SONY Theatre Bar 9 s&rsquo;int\u00e8gre parfaitement \u00e0 tout int\u00e9rieur moderne tout en offrant une qualit\u00e9 sonore exceptionnelle.                    <\/p>\n<\/p><\/div>\n<\/p>\n<\/div>\n<p><bl-button a11yexpanded=\"false\" arialabel=\"Afficher toute la description\" class=\"read-more__btn\" full=\"false\" link=\"true\">Voir plus<\/bl-button><\/div>","protected":false},"excerpt":{"rendered":"<div class=\"keypoints\">\n<h3 class=\"keypoints__title\">Les points cl\u00e9s<\/h3>\n<ul role=\"list\">\n<li class=\"keypoints__item\" role=\"listitem\">                                        Barre de son avec caisson int\u00e9gr\u00e9                      <\/li>\n<li class=\"keypoints__item\" role=\"listitem\">                          Dolby Atmos, DTS X, Hi-Res &#8211;                                                      HDMI Arc, HDMI eArc :                      <\/li>\n<li class=\"keypoints__item\" role=\"listitem\">                                        LxHxP enceinte : 130 x 6.4 x 11.3 cm                      <\/li>\n<li class=\"keypoints__item keypoints__item--advantage\" role=\"listitem\"><strong>Le + :<\/strong> Technologie 360 Spatial Sound Mapping int\u00e9gr\u00e9e qui cr\u00e9e jusque 12 enceintes fant\u00f4mes      <\/li>\n<\/ul>","protected":false},"featured_media":82659,"template":"","meta":{"_glsr_average":0,"_glsr_ranking":0,"_glsr_reviews":0},"product_cat":[453],"product_tag":[454,451],"class_list":{"0":"post-82660","1":"product","2":"type-product","3":"status-publish","4":"has-post-thumbnail","6":"product_cat-barre-de-son","7":"product_tag-barre-de-son","8":"product_tag-tv-image-son","10":"first","11":"instock","12":"sale","13":"shipping-taxable","14":"purchasable","15":"product-type-simple"},"_links":{"self":[{"href":"https:\/\/electromenagerexpress.com\/en\/wp-json\/wp\/v2\/product\/82660","targetHints":{"allow":["GET"]}}],"collection":[{"href":"https:\/\/electromenagerexpress.com\/en\/wp-json\/wp\/v2\/product"}],"about":[{"href":"https:\/\/electromenagerexpress.com\/en\/wp-json\/wp\/v2\/types\/product"}],"wp:featuredmedia":[{"embeddable":true,"href":"https:\/\/electromenagerexpress.com\/en\/wp-json\/wp\/v2\/media\/82659"}],"wp:attachment":[{"href":"https:\/\/electromenagerexpress.com\/en\/wp-json\/wp\/v2\/media?parent=82660"}],"wp:term":[{"taxonomy":"product_cat","embeddable":true,"href":"https:\/\/electromenagerexpress.com\/en\/wp-json\/wp\/v2\/product_cat?post=82660"},{"taxonomy":"product_tag","embeddable":true,"href":"https:\/\/electromenagerexpress.com\/en\/wp-json\/wp\/v2\/product_tag?post=82660"}],"curies":[{"name":"wp","href":"https:\/\/api.w.org\/{rel}","templated":true}]}}