{"id":82634,"date":"2024-11-24T15:38:15","date_gmt":"2024-11-24T15:38:15","guid":{"rendered":"https:\/\/electromenagerexpress.com\/product\/barre-de-sonjblbar-500\/"},"modified":"2024-11-24T15:38:21","modified_gmt":"2024-11-24T15:38:21","slug":"barre-de-sonjblbar-500","status":"publish","type":"product","link":"https:\/\/electromenagerexpress.com\/en\/product\/barre-de-sonjblbar-500\/","title":{"rendered":"Barre de son\t\t\t\t\t\t\tJBL\t\t\t\tBar 500"},"content":{"rendered":"<div class=\"product-features__content\">\n<ul role=\"list\">\n<li class=\"product-features__item\" role=\"listitem\">\n<h3 class=\"product-features__label\">Son<\/h3>\n<ul role=\"list\">\n<li class=\"product-features__item-list__item\" role=\"listitem\"><span class=\"is--medium\">Puissance :<\/span> 590 Watts RMS\t\t\t\t\t<\/li>\n<li class=\"product-features__item-list__item\" role=\"listitem\"><span class=\"is--medium\">Comprendre les watts RMS :<\/span> ce sont les watts r\u00e9ellement utils\u00e9s pour d\u00e9livrer la puissance de l&rsquo;enceinte\t\t\t\t\t<\/li>\n<li class=\"product-features__item-list__item\" role=\"listitem\"><span class=\"is--medium\">Nombre de haut-parleur :<\/span> 7\t\t\t\t\t<\/li>\n<li class=\"product-features__item-list__item\" role=\"listitem\"><span class=\"is--medium\">Traitement du son :<\/span> Dolby Atmos\t\t\t\t\t<\/li>\n<li class=\"product-features__item-list__item\" role=\"listitem\"><span class=\"is--medium\">Dolby Atmos :<\/span> le Dolby atmos est un syst\u00e8me d&rsquo;enceintes r\u00e9fl\u00e9chissant le son sur le plafond et les murs pour des effets sonores 3D afin de vous plonger au coeur de l&rsquo;action\t\t\t\t\t<\/li>\n<li class=\"product-features__item-list__item\" role=\"listitem\"><span class=\"is--medium\">Hi-Res :<\/span> non\t\t\t\t\t<\/li>\n<li class=\"product-features__item-list__item\" role=\"listitem\"><span class=\"is--medium\">Calibrage automatique :<\/span> non\t\t\t\t\t<\/li>\n<\/ul>\n<\/li>\n<li class=\"product-features__item\" role=\"listitem\">\n<h3 class=\"product-features__label\">Equipement<\/h3>\n<ul role=\"list\">\n<li class=\"product-features__item-list__item\" role=\"listitem\"><span class=\"is--medium\">Typologie :<\/span> barre de son avec caisson sans fil, sert \u00e0 am\u00e9liorer le son de la t\u00e9l\u00e9 et restituer les sons les plus graves\t\t\t\t\t<\/li>\n<li class=\"product-features__item-list__item\" role=\"listitem\"><span class=\"is--medium\">Enceintes arri\u00e8res :<\/span> non concern\u00e9\t\t\t\t\t<\/li>\n<li class=\"product-features__item-list__item\" role=\"listitem\"><span class=\"is--medium\">Kit de fixation de barre de son au mur :<\/span> fourni\t\t\t\t\t<\/li>\n<\/ul>\n<\/li>\n<li class=\"product-features__item\" role=\"listitem\">\n<h3 class=\"product-features__label\">Connectiques<\/h3>\n<ul role=\"list\">\n<li class=\"product-features__item-list__item\" role=\"listitem\"><span class=\"is--medium\">HDMI CEC :<\/span> non\t\t\t\t\t<\/li>\n<li class=\"product-features__item-list__item\" role=\"listitem\"><span class=\"is--medium\">HDMI Arc :<\/span> oui, permet de simplifier les branchements entre une TV et une barre de son et de limiter le nombre de c\u00e2bles utilis\u00e9s\t\t\t\t\t<\/li>\n<li class=\"product-features__item-list__item\" role=\"listitem\"><span class=\"is--medium\">Entr\u00e9e Optique :<\/span> oui, permet d&rsquo;envoyer le son de sa TV vers une barre de son en num\u00e9rique, ou un casque TV avec un c\u00e2ble optique\t\t\t\t\t<\/li>\n<li class=\"product-features__item-list__item\" role=\"listitem\"><span class=\"is--medium\">Entr\u00e9e auxiliaire :<\/span> 0\t\t\t\t\t<\/li>\n<li class=\"product-features__item-list__item\" role=\"listitem\"><span class=\"is--medium\">Port USB :<\/span> USB de service, permet de faire les mise \u00e0 jour du produit\t\t\t\t\t<\/li>\n<li class=\"product-features__item-list__item\" role=\"listitem\"><span class=\"is--medium\">Entr\u00e9e HDMI :<\/span> 1\t\t\t\t\t<\/li>\n<li class=\"product-features__item-list__item\" role=\"listitem\"><span class=\"is--medium\">Sortie HDMI :<\/span> 1\t\t\t\t\t<\/li>\n<\/ul>\n<\/li>\n<li class=\"product-features__item\" role=\"listitem\">\n<h3 class=\"product-features__label\">Connectivit\u00e9<\/h3>\n<ul role=\"list\">\n<li class=\"product-features__item-list__item\" role=\"listitem\"><span class=\"is--medium\">AirPlay :<\/span> oui, une technologie Apple qui permet de partager sans connectique des contenus multim\u00e9dias ( vid\u00e9os, photos, musiques) sur le t\u00e9l\u00e9viseur\t\t\t\t\t<\/li>\n<li class=\"product-features__item-list__item\" role=\"listitem\"><span class=\"is--medium\">Bluetooth :<\/span> oui, permet de connecter votre t\u00e9l\u00e9viseur compatible ou vos appareils mobiles pour profiter du son sans fil\t\t\t\t\t<\/li>\n<li class=\"product-features__item-list__item\" role=\"listitem\"><span class=\"is--medium\">DLNA :<\/span> non\t\t\t\t\t<\/li>\n<li class=\"product-features__item-list__item\" role=\"listitem\"><span class=\"is--medium\">Wi-Fi :<\/span> Oui\t\t\t\t\t<\/li>\n<li class=\"product-features__item-list__item\" role=\"listitem\"><span class=\"is--medium\">Chromecast :<\/span> Oui\t\t\t\t\t<\/li>\n<li class=\"product-features__item-list__item\" role=\"listitem\"><span class=\"is--medium\">Assistant vocal :<\/span> compatible assistant vocal\t\t\t\t\t<\/li>\n<\/ul>\n<\/li>\n<li class=\"product-features__item\" role=\"listitem\">\n<h3 class=\"product-features__label\">Consommation<\/h3>\n<ul role=\"list\">\n<li class=\"product-features__item-list__item\" role=\"listitem\"><span class=\"is--medium\">Consommation de la barre en veille :<\/span> 2,0 W\t\t\t\t\t<\/li>\n<\/ul>\n<\/li>\n<li class=\"product-features__item\" role=\"listitem\">\n<h3 class=\"product-features__label\">Dimensions<\/h3>\n<ul role=\"list\">\n<li class=\"product-features__item-list__item\" role=\"listitem\"><span class=\"is--medium\">LxHxP enceinte :<\/span> 101.7 x 5.6 x 10.3 cm\t\t\t\t\t<\/li>\n<li class=\"product-features__item-list__item\" role=\"listitem\"><span class=\"is--medium\">Poids de l&rsquo;enceinte :<\/span> 2,8 kg\t\t\t\t\t<\/li>\n<li class=\"product-features__item-list__item\" role=\"listitem\"><span class=\"is--medium\">Dimensions caisson l x h x p :<\/span> 30.5 x 44 x 30.5 cm\t\t\t\t\t<\/li>\n<li class=\"product-features__item-list__item\" role=\"listitem\"><span class=\"is--medium\">Poids du caisson :<\/span> 10,0 kg\t\t\t\t\t<\/li>\n<\/ul>\n<\/li>\n<li class=\"product-features__item\" role=\"listitem\">\n<h3 class=\"product-features__label\">Informations compl\u00e9mentaires<\/h3>\n<ul role=\"list\">\n<li class=\"product-features__item-list__item\" role=\"listitem\"><span class=\"is--medium\">Garantie :<\/span> 2 ans\t\t\t\t\t<\/li>\n<li class=\"product-features__item-list__item\" role=\"listitem\"><span class=\"is--medium\">Fabriqu\u00e9 en :<\/span> Chine\t\t\t\t\t<\/li>\n<li class=\"product-features__item-list__item\" role=\"listitem\"><span class=\"is--medium\">Disponibilit\u00e9 des pi\u00e8ces d\u00e9tach\u00e9es (donn\u00e9es fournisseur) :<\/span> Pendant 2 ans, \u00e0 compter de la date d&rsquo;achat\t\t\t\t\t<\/li>\n<\/ul>\n<\/li>\n<\/ul>\n<\/div>\n<div class=\"product__disclosure-content\">\n<div class=\"js-read-more product-description__content read-more read-more--truncated\" data-read-more-name=\"description\" style=\"max-height: 500px; overflow: hidden;\">\n<p>Obtenez un son clair et immersif avec la barre de son JBL Bar 500. Sa simplicit\u00e9 d&rsquo;utilisation s\u00e9duira tous les profils d&rsquo;utilisateurs.<\/p>\n<h3><img fetchpriority=\"high\" decoding=\"async\" ,=\"\" alt=\"Barre de son JBL Bar 500\" class=\"wy_tableau_gauche\" height=\"270\" src=\"https:\/\/boulanger.scene7.com\/is\/image\/Boulanger\/6925281996641_h_f_l_0?wid=400&amp;hei=270\" width=\"400\"\/>Un son digne des cin\u00e9mas<\/h3>\n<p>Coupl\u00e9e \u00e0 votre t\u00e9l\u00e9viseur HD, la barre de son JBL Bar 500 vous permet de regarder un film comme si vous \u00e9tiez au cin\u00e9ma. Elle plaira aux amateurs de longs m\u00e9trages, mais \u00e9galement aux passionn\u00e9s de musique. Cet ensemble est compos\u00e9 d&rsquo;une <b>barre de son, d&rsquo;un caisson de basses sans fil et d&rsquo;une t\u00e9l\u00e9commande<\/b>.<\/p>\n<p>La barre de son JBL Bar 500 b\u00e9n\u00e9ficie d&rsquo;une connexion Wi-Fi et peut \u00eatre contr\u00f4l\u00e9e via votre smartphone. Elle est compatible avec <b>AirPlay, Alexa ou encore Chromecast<\/b>. Il est \u00e9galement possible de l&rsquo;associer \u00e0 des enceintes pouvant utiliser l&rsquo;assistant vocal pour la piloter \u00e0 l&rsquo;aide de votre voix.<\/p>\n<h3><img decoding=\"async\" ,=\"\" alt=\"Barre de son JBL Bar 500\" class=\"wy_tableau_right\" height=\"270\" src=\"https:\/\/boulanger.scene7.com\/is\/image\/Boulanger\/6925281996641_h_f_l_1?wid=400&amp;hei=270\" width=\"400\"\/>Une exp\u00e9rience pleinement immersive<\/h3>\n<p>La barre de son JBL Bar 500 est \u00e9quip\u00e9e d&rsquo;un <b>caisson de basses sans fil<\/b> qui apporte davantage de dimension \u00e0 vos films. Vous pouvez le positionner derri\u00e8re vous afin de reproduire la configuration des salles obscures. N&rsquo;h\u00e9sitez pas \u00e0 vous servir de l&rsquo;application JBL One pour personnaliser les param\u00e8tres du son.<\/p>\n<p>La qualit\u00e9 du son \u00e9mis par la barre de son JBL Bar 500 est incomparable. L&rsquo;appareil est dot\u00e9 de la <b>technologie PureVoice<\/b> qui compte sur un algorithme unique pour optimiser la clart\u00e9 de la voix. Les dialogues de la s\u00e9rie que vous regardez sont parfaitement clairs et vous pourrez m\u00eame vous passer des sous-titres.<\/p>\n<\/p>\n<\/div>\n<p><bl-button a11yexpanded=\"false\" arialabel=\"Afficher toute la description\" class=\"read-more__btn\" full=\"false\" link=\"true\"><\/bl-button><\/div>","protected":false},"excerpt":{"rendered":"<div class=\"keypoints\">\n<h3 class=\"keypoints__title\">Les points cl\u00e9s<\/h3>\n<ul role=\"list\">\n<li class=\"keypoints__item\" role=\"listitem\">                                        Barre de son avec caisson sans fil                      <\/li>\n<li class=\"keypoints__item\" role=\"listitem\">                                        590 Watts RMS : id\u00e9al pour une pi\u00e8ce de 40m2 et +                      <\/li>\n<li class=\"keypoints__item\" role=\"listitem\">                          Dolby Atmos &#8211;                                                      HDMI Arc, Entr\u00e9e Optique                      <\/li>\n<li class=\"keypoints__item\" role=\"listitem\">                                        LxHxP enceinte : 101.7 x 5.6 x 10.3 cm                      <\/li>\n<li class=\"keypoints__item keypoints__item--advantage\" role=\"listitem\"><strong>Le + :<\/strong> Application JBL One, permet de configurer et personnaliser facilement sa barre de son      <\/li>\n<\/ul>","protected":false},"featured_media":82633,"template":"","meta":{"_glsr_average":0,"_glsr_ranking":0,"_glsr_reviews":0},"product_cat":[453],"product_tag":[454,451],"class_list":{"0":"post-82634","1":"product","2":"type-product","3":"status-publish","4":"has-post-thumbnail","6":"product_cat-barre-de-son","7":"product_tag-barre-de-son","8":"product_tag-tv-image-son","10":"first","11":"instock","12":"sale","13":"shipping-taxable","14":"purchasable","15":"product-type-simple"},"_links":{"self":[{"href":"https:\/\/electromenagerexpress.com\/en\/wp-json\/wp\/v2\/product\/82634","targetHints":{"allow":["GET"]}}],"collection":[{"href":"https:\/\/electromenagerexpress.com\/en\/wp-json\/wp\/v2\/product"}],"about":[{"href":"https:\/\/electromenagerexpress.com\/en\/wp-json\/wp\/v2\/types\/product"}],"wp:featuredmedia":[{"embeddable":true,"href":"https:\/\/electromenagerexpress.com\/en\/wp-json\/wp\/v2\/media\/82633"}],"wp:attachment":[{"href":"https:\/\/electromenagerexpress.com\/en\/wp-json\/wp\/v2\/media?parent=82634"}],"wp:term":[{"taxonomy":"product_cat","embeddable":true,"href":"https:\/\/electromenagerexpress.com\/en\/wp-json\/wp\/v2\/product_cat?post=82634"},{"taxonomy":"product_tag","embeddable":true,"href":"https:\/\/electromenagerexpress.com\/en\/wp-json\/wp\/v2\/product_tag?post=82634"}],"curies":[{"name":"wp","href":"https:\/\/api.w.org\/{rel}","templated":true}]}}