{"id":82618,"date":"2024-11-24T15:38:00","date_gmt":"2024-11-24T15:38:00","guid":{"rendered":"https:\/\/electromenagerexpress.com\/product\/barre-de-sondevialetdione\/"},"modified":"2024-11-24T15:38:13","modified_gmt":"2024-11-24T15:38:13","slug":"barre-de-sondevialetdione","status":"publish","type":"product","link":"https:\/\/electromenagerexpress.com\/en\/product\/barre-de-sondevialetdione\/","title":{"rendered":"Barre de son\t\t\t\t\t\t\tDEVIALET\t\t\t\tDione"},"content":{"rendered":"<div class=\"product-features__content\">\n<ul role=\"list\">\n<li class=\"product-features__item\" role=\"listitem\">\n<h3 class=\"product-features__label\">Son<\/h3>\n<ul role=\"list\">\n<li class=\"product-features__item-list__item\" role=\"listitem\"><span class=\"is--medium\">Puissance :<\/span> 950 Watts RMS\t\t\t\t\t<\/li>\n<li class=\"product-features__item-list__item\" role=\"listitem\"><span class=\"is--medium\">Comprendre les watts RMS :<\/span> ce sont les watts r\u00e9ellement utils\u00e9s pour d\u00e9livrer la puissance de l&rsquo;enceinte\t\t\t\t\t<\/li>\n<li class=\"product-features__item-list__item\" role=\"listitem\"><span class=\"is--medium\">Nombre de haut-parleur :<\/span> 17\t\t\t\t\t<\/li>\n<li class=\"product-features__item-list__item\" role=\"listitem\"><span class=\"is--medium\">Traitement du son :<\/span> Dolby Atmos\t\t\t\t\t<\/li>\n<li class=\"product-features__item-list__item\" role=\"listitem\"><span class=\"is--medium\">Dolby Atmos :<\/span> le Dolby atmos est un syst\u00e8me d&rsquo;enceintes r\u00e9fl\u00e9chissant le son sur le plafond et les murs pour des effets sonores 3D afin de vous plonger au coeur de l&rsquo;action\t\t\t\t\t<\/li>\n<li class=\"product-features__item-list__item\" role=\"listitem\"><span class=\"is--medium\">DTS X :<\/span> non\t\t\t\t\t<\/li>\n<li class=\"product-features__item-list__item\" role=\"listitem\"><span class=\"is--medium\">Hi-Res :<\/span> non\t\t\t\t\t<\/li>\n<li class=\"product-features__item-list__item\" role=\"listitem\"><span class=\"is--medium\">Calibrage automatique :<\/span> oui, le son s&rsquo;adapte automatiquement \u00e0 la configuration de la pi\u00e8ce pour un son optimal\t\t\t\t\t<\/li>\n<\/ul>\n<\/li>\n<li class=\"product-features__item\" role=\"listitem\">\n<h3 class=\"product-features__label\">Equipement<\/h3>\n<ul role=\"list\">\n<li class=\"product-features__item-list__item\" role=\"listitem\"><span class=\"is--medium\">Typologie :<\/span> barre de son avec caisson int\u00e9gr\u00e9 , sert \u00e0 am\u00e9liorer le son de la t\u00e9l\u00e9 avec une profondeur de basse et une installation \u00e9pur\u00e9e\t\t\t\t\t<\/li>\n<li class=\"product-features__item-list__item\" role=\"listitem\"><span class=\"is--medium\">Enceintes arri\u00e8res :<\/span> non concern\u00e9\t\t\t\t\t<\/li>\n<\/ul>\n<\/li>\n<li class=\"product-features__item\" role=\"listitem\">\n<h3 class=\"product-features__label\">Connectiques<\/h3>\n<ul role=\"list\">\n<li class=\"product-features__item-list__item\" role=\"listitem\"><span class=\"is--medium\">HDMI CEC :<\/span> oui, permet d&rsquo;utiliser la t\u00e9l\u00e9commande de votre TV pour piloter tous vos appareils branch\u00e9s en HDMI disposant de la m\u00eame norme CEC\t\t\t\t\t<\/li>\n<li class=\"product-features__item-list__item\" role=\"listitem\"><span class=\"is--medium\">HDMI Arc :<\/span> oui, permet de simplifier les branchements entre une TV et une barre de son et de limiter le nombre de c\u00e2bles utilis\u00e9s\t\t\t\t\t<\/li>\n<li class=\"product-features__item-list__item\" role=\"listitem\"><span class=\"is--medium\">Entr\u00e9e Optique :<\/span> oui, permet d&rsquo;envoyer le son de sa TV vers une barre de son en num\u00e9rique, ou un casque TV avec un c\u00e2ble optique\t\t\t\t\t<\/li>\n<li class=\"product-features__item-list__item\" role=\"listitem\"><span class=\"is--medium\">Entr\u00e9e auxiliaire :<\/span> 0\t\t\t\t\t<\/li>\n<li class=\"product-features__item-list__item\" role=\"listitem\"><span class=\"is--medium\">Entr\u00e9e HDMI :<\/span> 1\t\t\t\t\t<\/li>\n<li class=\"product-features__item-list__item\" role=\"listitem\"><span class=\"is--medium\">Sortie HDMI :<\/span> 1\t\t\t\t\t<\/li>\n<li class=\"product-features__item-list__item\" role=\"listitem\"><span class=\"is--medium\">Port ethernet (RJ45) :<\/span> 1\t\t\t\t\t<\/li>\n<li class=\"product-features__item-list__item\" role=\"listitem\"><span class=\"is--medium\">HDMI eArc :<\/span> oui, permet d&rsquo;avoir sur la barre de son les signaux sonores comme le Dolby Digital Plus avec Atmos, le Dolby True HD avec Atmos, le DTS HD et le DTS X\t\t\t\t\t<\/li>\n<\/ul>\n<\/li>\n<li class=\"product-features__item\" role=\"listitem\">\n<h3 class=\"product-features__label\">Connectivit\u00e9<\/h3>\n<ul role=\"list\">\n<li class=\"product-features__item-list__item\" role=\"listitem\"><span class=\"is--medium\">AirPlay :<\/span> oui, une technologie Apple qui permet de partager sans connectique des contenus multim\u00e9dias ( vid\u00e9os, photos, musiques) sur le t\u00e9l\u00e9viseur\t\t\t\t\t<\/li>\n<li class=\"product-features__item-list__item\" role=\"listitem\"><span class=\"is--medium\">Bluetooth :<\/span> oui, permet de connecter votre t\u00e9l\u00e9viseur compatible ou vos appareils mobiles pour profiter du son sans fil\t\t\t\t\t<\/li>\n<li class=\"product-features__item-list__item\" role=\"listitem\"><span class=\"is--medium\">DLNA :<\/span> non\t\t\t\t\t<\/li>\n<li class=\"product-features__item-list__item\" role=\"listitem\"><span class=\"is--medium\">Wi-Fi :<\/span> Oui\t\t\t\t\t<\/li>\n<li class=\"product-features__item-list__item\" role=\"listitem\"><span class=\"is--medium\">Chromecast :<\/span> Non\t\t\t\t\t<\/li>\n<li class=\"product-features__item-list__item\" role=\"listitem\"><span class=\"is--medium\">Assistant vocal :<\/span> non concern\u00e9\t\t\t\t\t<\/li>\n<\/ul>\n<\/li>\n<li class=\"product-features__item\" role=\"listitem\">\n<h3 class=\"product-features__label\">Consommation<\/h3>\n<ul role=\"list\">\n<li class=\"product-features__item-list__item\" role=\"listitem\"><span class=\"is--medium\">Consommation de la barre :<\/span> 0,5 W\t\t\t\t\t<\/li>\n<\/ul>\n<\/li>\n<li class=\"product-features__item\" role=\"listitem\">\n<h3 class=\"product-features__label\">Dimensions<\/h3>\n<ul role=\"list\">\n<li class=\"product-features__item-list__item\" role=\"listitem\"><span class=\"is--medium\">LxHxP enceinte :<\/span> 7.7 x 120 x 16.5 cm\t\t\t\t\t<\/li>\n<li class=\"product-features__item-list__item\" role=\"listitem\"><span class=\"is--medium\">Poids de l&rsquo;enceinte :<\/span> 12,0 kg\t\t\t\t\t<\/li>\n<\/ul>\n<\/li>\n<li class=\"product-features__item\" role=\"listitem\">\n<h3 class=\"product-features__label\">Informations compl\u00e9mentaires<\/h3>\n<ul role=\"list\">\n<li class=\"product-features__item-list__item\" role=\"listitem\"><span class=\"is--medium\">Garantie :<\/span> 2 ans\t\t\t\t\t<\/li>\n<li class=\"product-features__item-list__item\" role=\"listitem\"><span class=\"is--medium\">Fabriqu\u00e9 en :<\/span> Chine\t\t\t\t\t<\/li>\n<li class=\"product-features__item-list__item\" role=\"listitem\"><span class=\"is--medium\">Disponibilit\u00e9 des pi\u00e8ces d\u00e9tach\u00e9es (donn\u00e9es fournisseur) :<\/span> Pas de pi\u00e8ce disponible\t\t\t\t\t<\/li>\n<\/ul>\n<\/li>\n<\/ul>\n<\/div>\n<div class=\"product__disclosure-content\">\n<div class=\"js-read-more product-description__content read-more read-more--truncated\" data-read-more-name=\"description\" style=\"max-height: 500px; overflow: hidden;\">\n<p><em><strong>Le son lib\u00e9r\u00e9<\/strong><\/em><\/p>\n<p>Devialet Dione est la derni\u00e8re incarnation de l&rsquo;expertise acoustique de Devialet : une barre de son qui transforme vos images. Dix-sept haut-parleurs, un record, se coordonnent pour produire des infrabasses profondes et des aigus cristallins. Huit subwoofers \u00e9quip\u00e9s de SAM\u00a0\u00e9liminent le besoin d&rsquo;un caisson de basse, faisant de Devialet Dione une barre de son ultra-performante qui se suffit \u00e0 elle-m\u00eame.\u00a0<em><strong><br \/><\/strong><\/em><\/p>\n<p><em><strong>Les technologies Devialet Dione<\/strong><\/em><\/p>\n<p><em><strong>SPACE<\/strong><\/em><\/p>\n<p>La technologie SPACE\u00a0fait entrer le son dans une nouvelle dimension. Un algorithme brevet\u00e9 convertit tout signal mono ou st\u00e9r\u00e9o 2.0 en signal 5.1.2 pour une exp\u00e9rience sonore profond\u00e9ment immersive, quel que soit le contenu que vous visionnez.<\/p>\n<p>La technologie SPACE\u00a0exploite tout le potentiel des 17 haut-parleurs du Devialet Dione. Plusieurs modes\/pr\u00e9r\u00e9glages d&rsquo;\u00e9galisation sont disponibles pour optimiser les capacit\u00e9s acoustiques du Devialet Dione et enrichir votre exp\u00e9rience visuelle.<\/p>\n<p>Mode Spatial : un r\u00e9glage de son multi-niveaux qui vous place au coeur de la sc\u00e8ne et vous permet de profiter au mieux de votre musique et de tout autre type de contenu.<\/p>\n<p>Mode Voix : un r\u00e9glage adapt\u00e9 aux contenus \u00e0 dominante vocale, comme les podcasts, les journaux t\u00e9l\u00e9vis\u00e9s, etc.<\/p>\n<p>Mode Musique : ce mode reproduit une configuration st\u00e9r\u00e9o et d\u00e9sactive la spatialisation.<\/p>\n<p>SPACE\u00a0est activ\u00e9 par d\u00e9faut pour les contenus mono ou st\u00e9r\u00e9o, mais peut \u00eatre activ\u00e9\/d\u00e9sactiv\u00e9 via l&rsquo;application Devialet directement pour tout autre type de contenu.<\/p>\n<p><em><strong>ORB<\/strong><\/em><\/p>\n<p>P\u00e9n\u00e9trez dans ORB\u00a0la voie centrale de Devialet Dione. ORB\u00a0s&rsquo;adapte m\u00e9caniquement et acoustiquement pour toujours faire face \u00e0 son audience, que Devialet Dione soit fix\u00e9 au mur ou plac\u00e9 sur un meuble. ORB\u00a0embarque un haut-parleur et deux radiateurs passifs \u00e0 haute excursion de type push-push (qui s&rsquo;opposent l&rsquo;un \u00e0 l&rsquo;autre) : la recette pour un son percutant sans la moindre vibration.<\/p>\n<p><em><strong>AVL<\/strong><\/em><\/p>\n<p>D\u00e9velopp\u00e9 en exclusivit\u00e9 pour Devialet Dione, le syst\u00e8me Devialet Adaptive Volume Level (AVL) fait office d&rsquo;\u00e9galiseur dynamique, en temps r\u00e9el. Il \u00e9quilibre la restitution audio pour offrir une exp\u00e9rience homog\u00e8ne, harmonieuse et confortable, quelle que soit l&rsquo;intensit\u00e9 de la sc\u00e8ne. Une s\u00e9quence d&rsquo;action avec des dialogues calmes ? Gr\u00e2ce \u00e0 AVL, chaque son trouve sa juste place pour que rien ne vous \u00e9chappe.<\/p>\n<p><em><strong>ADE<\/strong><\/em><\/p>\n<p>Devialet Dione fait preuve d&rsquo;une remarquable adaptabilit\u00e9. Qu&rsquo;il soit fix\u00e9 au mur ou plac\u00e9 sur un meuble, il exploite tout le potentiel de notre algorithme de traitement de signal ADE\u00a0(Advanced Dimensional Experience). Deux canaux audio ascendants coupl\u00e9s \u00e0 un gyroscope interne et situ\u00e9s \u00e0 chaque extr\u00e9mit\u00e9 de la barre de son adaptent le signal \u00e0 la position de Devialet Dione afin d&rsquo;utiliser l&rsquo;ensemble des surfaces de la pi\u00e8ce pour cr\u00e9er une image sonore tridimensionnelle aussi immersive que fid\u00e8le.<\/p>\n<p><em><strong>Application Devialet<\/strong><\/em><\/p>\n<p>Devialet Dione a \u00e9t\u00e9 pens\u00e9 pour s&rsquo;approprier l&rsquo;espace. Scannez votre int\u00e9rieur avec l&rsquo;application Devialet en utilisant les quatre microphones de calibration de Devialet Dione pour g\u00e9n\u00e9rer un mod\u00e8le acoustique pr\u00e9cis de votre pi\u00e8ce. Devialet Dione adaptera le signal sonore pour remplir votre espace, \u00e9vitant toute interf\u00e9rence avec le mobilier. Vous n&rsquo;avez alors plus qu&rsquo;\u00e0 profiter du spectacle.<\/p>\n<p>Ce test peut \u00e9galement \u00eatre renouvel\u00e9 \u00e0 tout moment via les param\u00e8tres de l&rsquo;application Devialet.<\/p>\n<\/p>\n<p><video class=\"s7Video\" controls=\"\" controlslist=\"nodownload\" poster=\"https:\/\/boulanger.scene7.com\/is\/image\/Boulanger\/3663424013970_v_0?scl=1\" preload=\"metadata\" src=\"https:\/\/boulanger.scene7.com\/is\/content\/Boulanger\/3663424013970_v_0\" width=\"100%\"><\/video><\/p>\n<\/div>\n<p><bl-button a11yexpanded=\"false\" arialabel=\"Afficher toute la description\" class=\"read-more__btn\" full=\"false\" link=\"true\">Voir plus<\/bl-button><\/div>","protected":false},"excerpt":{"rendered":"<div class=\"keypoints\">\n<h3 class=\"keypoints__title\">Les points cl\u00e9s<\/h3>\n<ul role=\"list\">\n<li class=\"keypoints__item\" role=\"listitem\">                                        Barre de son avec caisson int\u00e9gr\u00e9                      <\/li>\n<li class=\"keypoints__item\" role=\"listitem\">                                        950 Watts RMS : id\u00e9al pour une pi\u00e8ce de 25 \u00e0 30m2                      <\/li>\n<li class=\"keypoints__item\" role=\"listitem\">                          Dolby Atmos &#8211;                                                      HDMI CEC, HDMI Arc, HDMI eArc :, Entr\u00e9e Optique                      <\/li>\n<li class=\"keypoints__item\" role=\"listitem\">                                        LxHxP enceinte : 7.7 x 120 x 16.5 cm                      <\/li>\n<li class=\"keypoints__item keypoints__item--advantage\" role=\"listitem\"><strong>Le + :<\/strong> Calibrage acoustique qui s&rsquo;adapte \u00e0 la physionomie de chaque pi\u00e8ce Adaptable (position horizontale ou murale)      <\/li>\n<\/ul>","protected":false},"featured_media":82617,"template":"","meta":{"_glsr_average":0,"_glsr_ranking":0,"_glsr_reviews":0},"product_cat":[453],"product_tag":[454,451],"class_list":{"0":"post-82618","1":"product","2":"type-product","3":"status-publish","4":"has-post-thumbnail","6":"product_cat-barre-de-son","7":"product_tag-barre-de-son","8":"product_tag-tv-image-son","10":"first","11":"instock","12":"sale","13":"shipping-taxable","14":"purchasable","15":"product-type-simple"},"_links":{"self":[{"href":"https:\/\/electromenagerexpress.com\/en\/wp-json\/wp\/v2\/product\/82618","targetHints":{"allow":["GET"]}}],"collection":[{"href":"https:\/\/electromenagerexpress.com\/en\/wp-json\/wp\/v2\/product"}],"about":[{"href":"https:\/\/electromenagerexpress.com\/en\/wp-json\/wp\/v2\/types\/product"}],"wp:featuredmedia":[{"embeddable":true,"href":"https:\/\/electromenagerexpress.com\/en\/wp-json\/wp\/v2\/media\/82617"}],"wp:attachment":[{"href":"https:\/\/electromenagerexpress.com\/en\/wp-json\/wp\/v2\/media?parent=82618"}],"wp:term":[{"taxonomy":"product_cat","embeddable":true,"href":"https:\/\/electromenagerexpress.com\/en\/wp-json\/wp\/v2\/product_cat?post=82618"},{"taxonomy":"product_tag","embeddable":true,"href":"https:\/\/electromenagerexpress.com\/en\/wp-json\/wp\/v2\/product_tag?post=82618"}],"curies":[{"name":"wp","href":"https:\/\/api.w.org\/{rel}","templated":true}]}}