{"id":82594,"date":"2024-11-24T15:37:40","date_gmt":"2024-11-24T15:37:40","guid":{"rendered":"https:\/\/electromenagerexpress.com\/product\/barre-de-sonbosesoundbar-600\/"},"modified":"2024-11-24T15:37:46","modified_gmt":"2024-11-24T15:37:46","slug":"barre-de-sonbosesoundbar-600","status":"publish","type":"product","link":"https:\/\/electromenagerexpress.com\/en\/product\/barre-de-sonbosesoundbar-600\/","title":{"rendered":"Barre de son\t\t\t\t\t\t\tBOSE\t\t\t\tSoundbar 600"},"content":{"rendered":"<div class=\"product-features__content\">\n<ul role=\"list\">\n<li class=\"product-features__item\" role=\"listitem\">\n<h3 class=\"product-features__label\">Son<\/h3>\n<ul role=\"list\">\n<li class=\"product-features__item-list__item\" role=\"listitem\"><span class=\"is--medium\">Puissance :<\/span> Non communiqu\u00e9e par Bose\t\t\t\t\t<\/li>\n<li class=\"product-features__item-list__item\" role=\"listitem\"><span class=\"is--medium\">Nombre de haut-parleur :<\/span> 5\t\t\t\t\t<\/li>\n<li class=\"product-features__item-list__item\" role=\"listitem\"><span class=\"is--medium\">Traitement du son :<\/span> Dolby Atmos\t\t\t\t\t<\/li>\n<li class=\"product-features__item-list__item\" role=\"listitem\"><span class=\"is--medium\">Dolby Atmos :<\/span> le Dolby atmos est un syst\u00e8me d&rsquo;enceintes r\u00e9fl\u00e9chissant le son sur le plafond et les murs pour des effets sonores 3D afin de vous plonger au coeur de l&rsquo;action\t\t\t\t\t<\/li>\n<li class=\"product-features__item-list__item\" role=\"listitem\"><span class=\"is--medium\">DTS X :<\/span> non\t\t\t\t\t<\/li>\n<li class=\"product-features__item-list__item\" role=\"listitem\"><span class=\"is--medium\">Calibrage automatique :<\/span> oui, le son s&rsquo;adapte automatiquement \u00e0 la configuration de la pi\u00e8ce pour un son optimal\t\t\t\t\t<\/li>\n<\/ul>\n<\/li>\n<li class=\"product-features__item\" role=\"listitem\">\n<h3 class=\"product-features__label\">Equipement<\/h3>\n<ul role=\"list\">\n<li class=\"product-features__item-list__item\" role=\"listitem\"><span class=\"is--medium\">Typologie :<\/span> barre de son sans caisson , sert \u00e0 am\u00e9liorer le son de la t\u00e9l\u00e9\t\t\t\t\t<\/li>\n<li class=\"product-features__item-list__item\" role=\"listitem\"><span class=\"is--medium\">Enceintes arri\u00e8res :<\/span> en option\t\t\t\t\t<\/li>\n<li class=\"product-features__item-list__item\" role=\"listitem\"><span class=\"is--medium\">Le saviez-vous :<\/span> \u00e9quiper sa barre de son avec des enceintes arri\u00e8res permet d&rsquo;am\u00e9liorer l&rsquo;immersion sonore\t\t\t\t\t<\/li>\n<li class=\"product-features__item-list__item\" role=\"listitem\"><span class=\"is--medium\">Installation enceintes arri\u00e8res :<\/span> sans fil\t\t\t\t\t<\/li>\n<li class=\"product-features__item-list__item\" role=\"listitem\"><span class=\"is--medium\">Kit de fixation de barre de son au mur :<\/span> en option\t\t\t\t\t<\/li>\n<li class=\"product-features__item-list__item\" role=\"listitem\"><span class=\"is--medium\">Kit de fixation d\u00a0\u00bbenceintes :<\/span> en option\t\t\t\t\t<\/li>\n<\/ul>\n<\/li>\n<li class=\"product-features__item\" role=\"listitem\">\n<h3 class=\"product-features__label\">Connectiques<\/h3>\n<ul role=\"list\">\n<li class=\"product-features__item-list__item\" role=\"listitem\"><span class=\"is--medium\">HDMI CEC :<\/span> oui, permet d&rsquo;utiliser la t\u00e9l\u00e9commande de votre TV pour piloter tous vos appareils branch\u00e9s en HDMI disposant de la m\u00eame norme CEC\t\t\t\t\t<\/li>\n<li class=\"product-features__item-list__item\" role=\"listitem\"><span class=\"is--medium\">HDMI Arc :<\/span> oui, permet de simplifier les branchements entre une TV et une barre de son et de limiter le nombre de c\u00e2bles utilis\u00e9s\t\t\t\t\t<\/li>\n<li class=\"product-features__item-list__item\" role=\"listitem\"><span class=\"is--medium\">Entr\u00e9e Optique :<\/span> oui, permet d&rsquo;envoyer le son de sa TV vers une barre de son en num\u00e9rique, ou un casque TV avec un c\u00e2ble optique\t\t\t\t\t<\/li>\n<li class=\"product-features__item-list__item\" role=\"listitem\"><span class=\"is--medium\">Entr\u00e9e auxiliaire :<\/span> 0\t\t\t\t\t<\/li>\n<li class=\"product-features__item-list__item\" role=\"listitem\"><span class=\"is--medium\">Entr\u00e9e HDMI :<\/span> 1\t\t\t\t\t<\/li>\n<li class=\"product-features__item-list__item\" role=\"listitem\"><span class=\"is--medium\">Sortie HDMI :<\/span> 0\t\t\t\t\t<\/li>\n<li class=\"product-features__item-list__item\" role=\"listitem\"><span class=\"is--medium\">Port ethernet (RJ45) :<\/span> 1\t\t\t\t\t<\/li>\n<\/ul>\n<\/li>\n<li class=\"product-features__item\" role=\"listitem\">\n<h3 class=\"product-features__label\">Connectivit\u00e9<\/h3>\n<ul role=\"list\">\n<li class=\"product-features__item-list__item\" role=\"listitem\"><span class=\"is--medium\">AirPlay :<\/span> oui, une technologie Apple qui permet de partager sans connectique des contenus multim\u00e9dias ( vid\u00e9os, photos, musiques) sur le t\u00e9l\u00e9viseur\t\t\t\t\t<\/li>\n<li class=\"product-features__item-list__item\" role=\"listitem\"><span class=\"is--medium\">Bluetooth :<\/span> oui, permet de connecter votre t\u00e9l\u00e9viseur compatible ou vos appareils mobiles pour profiter du son sans fil\t\t\t\t\t<\/li>\n<li class=\"product-features__item-list__item\" role=\"listitem\"><span class=\"is--medium\">DLNA :<\/span> non\t\t\t\t\t<\/li>\n<li class=\"product-features__item-list__item\" role=\"listitem\"><span class=\"is--medium\">Wi-Fi :<\/span> Oui\t\t\t\t\t<\/li>\n<li class=\"product-features__item-list__item\" role=\"listitem\"><span class=\"is--medium\">Chromecast :<\/span> Oui\t\t\t\t\t<\/li>\n<li class=\"product-features__item-list__item\" role=\"listitem\"><span class=\"is--medium\">Assistant vocal :<\/span> assistant vocal int\u00e9gr\u00e9\t\t\t\t\t<\/li>\n<\/ul>\n<\/li>\n<li class=\"product-features__item\" role=\"listitem\">\n<h3 class=\"product-features__label\">Dimensions<\/h3>\n<ul role=\"list\">\n<li class=\"product-features__item-list__item\" role=\"listitem\"><span class=\"is--medium\">LxHxP enceinte :<\/span> 69.4 x 5.6 x 10.4 cm\t\t\t\t\t<\/li>\n<li class=\"product-features__item-list__item\" role=\"listitem\"><span class=\"is--medium\">Poids de l&rsquo;enceinte :<\/span> 4,5 kg\t\t\t\t\t<\/li>\n<\/ul>\n<\/li>\n<li class=\"product-features__item\" role=\"listitem\">\n<h3 class=\"product-features__label\">Informations compl\u00e9mentaires<\/h3>\n<ul role=\"list\">\n<li class=\"product-features__item-list__item\" role=\"listitem\"><span class=\"is--medium\">Garantie :<\/span> 2 ans\t\t\t\t\t<\/li>\n<li class=\"product-features__item-list__item\" role=\"listitem\"><span class=\"is--medium\">Fabriqu\u00e9 en :<\/span> Malaisie\t\t\t\t\t<\/li>\n<li class=\"product-features__item-list__item\" role=\"listitem\"><span class=\"is--medium\">Disponibilit\u00e9 des pi\u00e8ces d\u00e9tach\u00e9es (donn\u00e9es fournisseur) :<\/span> Pas de pi\u00e8ce disponible\t\t\t\t\t<\/li>\n<\/ul>\n<\/li>\n<\/ul>\n<\/div>\n<div class=\"product__disclosure-content\">\n<div class=\"js-read-more product-description__content read-more read-more--truncated\" data-read-more-name=\"description\" style=\"max-height: 500px; overflow: hidden;\">\n<p><strong>Immersion totale. Quel que soit votre son.<\/strong><\/p>\n<p>Quand on est passionn\u00e9 de cin\u00e9ma, de t\u00e9l\u00e9vision et de musique, on ne peut pas se contenter de regarder. Con\u00e7ue pour vivre pleinement l&rsquo;exp\u00e9rience, la Smart Soundbar\u00a0600 de Bose offre un son incroyablement immersif dans un format compact. Dot\u00e9e de la technologie Dolby\u00a0Atmos et de la technologie exclusive TrueSpace, la toute derni\u00e8re barre de son Bose a le pouvoir de vous faire ressentir toute l&rsquo;intensit\u00e9 de ce que vous regardez. Vous profitez ainsi d&rsquo;une exp\u00e9rience sonore captivante pour tous vos divertissements, qu&rsquo;il s&rsquo;agisse de s\u00e9ries documentaires tendance, de votre s\u00e9rie du moment \u00e0 visionner sans mod\u00e9ration ou encore de la superproduction en streaming \u00e0 ne pas rater cet \u00e9t\u00e9.<\/p>\n<p><center><img decoding=\"async\" alt=\"URL SCENE7\" src=\"https:\/\/boulanger.scene7.com\/is\/image\/Boulanger\/0017817841511_h_l_l_0?wid=1000\" width=\"400\"\/><\/center><\/p>\n<p><strong>Seule la technologie TrueSpace donne de la hauteur au son.<\/strong><\/p>\n<p>La technologie Dolby\u00a0Atmos permet de profiter d&rsquo;une exp\u00e9rience d&rsquo;\u00e9coute en trois dimensions pour certains films et \u00e9missions de t\u00e9l\u00e9vision. Mais la plupart des contenus ne sont pas encod\u00e9s au format Atmos. Pour profiter d&rsquo;un son totalement immersif en permanence, Bose a con\u00e7u la technologie TrueSpace. Peu importe ce que vous regardez, TrueSpace analyse intelligemment les signaux autres que ceux en Dolby Atmos, comme la st\u00e9r\u00e9o ou le 5.1, et les mixe en trois dimensions pour cr\u00e9er une exp\u00e9rience sonore multicanal immersive. Les instruments, les dialogues et les effets sont dissoci\u00e9s, puis r\u00e9partis \u00e0 travers la pi\u00e8ce.<\/p>\n<p><strong>Un condens\u00e9 de haute technologie dans une barre de son discr\u00e8te.<\/strong><\/p>\n<p>Comme toutes les barres de son intelligentes Bose, c&rsquo;est un concentr\u00e9 de technologie. L&rsquo;architecture acoustique de la Smart Soundbar\u00a0600 renferme cinq haut-parleurs, dont deux orient\u00e9s vers le haut, dans un format r\u00e9duit. Ensemble, ils permettent de diffuser le son partout dans la pi\u00e8ce\u00a0: horizontalement \u00e0 gauche, \u00e0 droite et en avant, mais surtout au-dessus pour \u00a0\u00bb\u00a0rebondir\u00a0\u00a0\u00bb sur le plafond.<\/p>\n<p><center><img decoding=\"async\" alt=\"URL SCENE7\" src=\"https:\/\/boulanger.scene7.com\/is\/image\/Boulanger\/0017817841511_h_b_l_0?wid=1000\" width=\"400\"\/><\/center><\/p>\n<p><strong>Le streaming comme vous l&rsquo;aimez.<\/strong><\/p>\n<p>Si vous pouvez lire votre contenu sur votre t\u00e9l\u00e9phone, vous pouvez le diffuser avec la barre de son Bose Smart\u00a0Soundbar\u00a0600. Et quel que soit le contenu que vous \u00e9coutez en streaming, le son est riche et profond. Connectez-vous au Wi-Fi pour acc\u00e9der aux services de musique et aux stations de radio Internet int\u00e9gr\u00e9s via l&rsquo;application. Vous pouvez \u00e9galement diffuser de la musique ou des vid\u00e9os via les fonctions int\u00e9gr\u00e9es Bluetooth, Apple AirPlay\u00a02, Spotify Connect, ou Chromecast . C&rsquo;est votre divertissement, c&rsquo;est vous qui choisissez comment l&rsquo;\u00e9couter.<\/p>\n<p><strong>Plus de son. Dans plus de pi\u00e8ces<\/strong><\/p>\n<p>La Smart Soundbar\u00a0600 n&rsquo;est qu&rsquo;un moyen parmi d&rsquo;autres de diffuser de la musique chez vous. Associez-la \u00e0 d&rsquo;autres enceintes et barres de son Bose compatibles avec la technologie Wi-Fi pour une exp\u00e9rience audio uniforme dans toute la maison. Vous pouvez ainsi \u00e9couter diff\u00e9rents morceaux de musique dans chaque pi\u00e8ce ou le m\u00eame morceau dans toutes les pi\u00e8ces en m\u00eame temps.<\/p>\n<p><center><img decoding=\"async\" alt=\"URL SCENE7\" src=\"https:\/\/boulanger.scene7.com\/is\/image\/Boulanger\/0017817841511_h_r_l_1?wid=1000\" width=\"400\"\/><\/center><\/p>\n<p><strong>Contr\u00f4le total par la voix, la t\u00e9l\u00e9commande ou l&rsquo;application.<\/strong><\/p>\n<p>Les fonctionnalit\u00e9s d&rsquo;Amazon Alexa sont int\u00e9gr\u00e9es, il suffit donc de prononcer le mot Alexa pour profiter du contr\u00f4le vocal. La technologie exclusive Bose Voice4Video \u00e9largit les fonctionnalit\u00e9s d&rsquo;Alexa pour un contr\u00f4le vocal unique en son genre. En plus de votre barre de son intelligente Bose, vous pouvez contr\u00f4ler votre t\u00e9l\u00e9viseur et votre r\u00e9cepteur c\u00e2ble ou satellite uniquement avec votre voix. Vous pouvez \u00e9galement utiliser votre Smart Soundbar\u00a0600 avec un appareil Google compatible pour acc\u00e9der aux fonctions de l&rsquo;assistant Works With Google Assistant. Votre barre de son est fournie avec une t\u00e9l\u00e9commande et l&rsquo;application Bose Music, pour acc\u00e9der rapidement \u00e0 votre musique.<\/p>\n<p><strong>Barre de son compacte et \u00e9pur\u00e9e<\/strong><\/p>\n<p>Cette barre de son \u00e9l\u00e9gante et compacte mesure 69,5\u00a0cm de large sur 6\u00a0cm de haut, des dimensions parfaites pour se glisser discr\u00e8tement sous n&rsquo;importe quel t\u00e9l\u00e9viseur. Vous pouvez \u00e9galement choisir de la fixer au mur \u00e0 l&rsquo;aide du support optionnel (vendu s\u00e9par\u00e9ment). La surface sup\u00e9rieure d&rsquo;un noir mat sobre est agr\u00e9ment\u00e9e d&rsquo;une grille m\u00e9tallique perfor\u00e9e et enveloppante, pour un design qui s&rsquo;int\u00e8grera parfaitement dans votre int\u00e9rieur.<\/p>\n<\/p>\n<p><video class=\"s7Video\" controls=\"\" controlslist=\"nodownload\" poster=\"https:\/\/boulanger.scene7.com\/is\/image\/Boulanger\/0017817841511_v_0?scl=1\" preload=\"metadata\" src=\"https:\/\/boulanger.scene7.com\/is\/content\/Boulanger\/0017817841511_v_0\" width=\"100%\"><\/video><\/p>\n<\/div>\n<p><bl-button a11yexpanded=\"false\" arialabel=\"Afficher toute la description\" class=\"read-more__btn\" full=\"false\" link=\"true\">Voir plus<\/bl-button><\/div>","protected":false},"excerpt":{"rendered":"<div class=\"keypoints\">\n<h3 class=\"keypoints__title\">Les points cl\u00e9s<\/h3>\n<ul role=\"list\">\n<li class=\"keypoints__item\" role=\"listitem\">                                        Barre de son sans caisson                      <\/li>\n<li class=\"keypoints__item\" role=\"listitem\">                          Dolby Atmos &#8211;                                                      HDMI CEC, HDMI Arc, Entr\u00e9e Optique                      <\/li>\n<li class=\"keypoints__item\" role=\"listitem\">                                        LxHxP enceinte : 69.4 x 5.6 x 10.4 cm                      <\/li>\n<li class=\"keypoints__item keypoints__item--advantage\" role=\"listitem\"><strong>Le + :<\/strong> Technologie Dolby Atmos et technologie spacial TrueSpace pour un son immersif multi directionnel      <\/li>\n<\/ul>","protected":false},"featured_media":82593,"template":"","meta":{"_glsr_average":0,"_glsr_ranking":0,"_glsr_reviews":0},"product_cat":[453],"product_tag":[454,451],"class_list":{"0":"post-82594","1":"product","2":"type-product","3":"status-publish","4":"has-post-thumbnail","6":"product_cat-barre-de-son","7":"product_tag-barre-de-son","8":"product_tag-tv-image-son","10":"first","11":"instock","12":"sale","13":"shipping-taxable","14":"purchasable","15":"product-type-simple"},"_links":{"self":[{"href":"https:\/\/electromenagerexpress.com\/en\/wp-json\/wp\/v2\/product\/82594","targetHints":{"allow":["GET"]}}],"collection":[{"href":"https:\/\/electromenagerexpress.com\/en\/wp-json\/wp\/v2\/product"}],"about":[{"href":"https:\/\/electromenagerexpress.com\/en\/wp-json\/wp\/v2\/types\/product"}],"wp:featuredmedia":[{"embeddable":true,"href":"https:\/\/electromenagerexpress.com\/en\/wp-json\/wp\/v2\/media\/82593"}],"wp:attachment":[{"href":"https:\/\/electromenagerexpress.com\/en\/wp-json\/wp\/v2\/media?parent=82594"}],"wp:term":[{"taxonomy":"product_cat","embeddable":true,"href":"https:\/\/electromenagerexpress.com\/en\/wp-json\/wp\/v2\/product_cat?post=82594"},{"taxonomy":"product_tag","embeddable":true,"href":"https:\/\/electromenagerexpress.com\/en\/wp-json\/wp\/v2\/product_tag?post=82594"}],"curies":[{"name":"wp","href":"https:\/\/api.w.org\/{rel}","templated":true}]}}