{"id":82515,"date":"2024-11-24T15:36:32","date_gmt":"2024-11-24T15:36:32","guid":{"rendered":"https:\/\/electromenagerexpress.com\/product\/barre-de-sonsamsung-hw-b760d\/"},"modified":"2024-11-24T15:36:43","modified_gmt":"2024-11-24T15:36:43","slug":"barre-de-sonsamsung-hw-b760d","status":"publish","type":"product","link":"https:\/\/electromenagerexpress.com\/en\/product\/barre-de-sonsamsung-hw-b760d\/","title":{"rendered":"Barre de son\t\t\t\t\t\t\tSAMSUNG \t\t\t\tHW-B760D"},"content":{"rendered":"<div class=\"product-features__content\">\n<ul role=\"list\">\n<li class=\"product-features__item\" role=\"listitem\">\n<h3 class=\"product-features__label\">Son<\/h3>\n<ul role=\"list\">\n<li class=\"product-features__item-list__item\" role=\"listitem\"><span class=\"is--medium\">Puissance :<\/span> Non communiqu\u00e9e\t\t\t\t\t<\/li>\n<li class=\"product-features__item-list__item\" role=\"listitem\"><span class=\"is--medium\">Nombre de haut-parleur :<\/span> 6\t\t\t\t\t<\/li>\n<li class=\"product-features__item-list__item\" role=\"listitem\"><span class=\"is--medium\">Traitement du son :<\/span> DTS\t\t\t\t\t<\/li>\n<li class=\"product-features__item-list__item\" role=\"listitem\"><span class=\"is--medium\">Dolby Atmos :<\/span> non\t\t\t\t\t<\/li>\n<li class=\"product-features__item-list__item\" role=\"listitem\"><span class=\"is--medium\">DTS X :<\/span> non\t\t\t\t\t<\/li>\n<li class=\"product-features__item-list__item\" role=\"listitem\"><span class=\"is--medium\">Calibrage automatique :<\/span> non\t\t\t\t\t<\/li>\n<\/ul>\n<\/li>\n<li class=\"product-features__item\" role=\"listitem\">\n<h3 class=\"product-features__label\">Equipement<\/h3>\n<ul role=\"list\">\n<li class=\"product-features__item-list__item\" role=\"listitem\"><span class=\"is--medium\">Typologie :<\/span> barre de son avec caisson sans fil, sert \u00e0 am\u00e9liorer le son de la t\u00e9l\u00e9 et restituer les sons les plus graves\t\t\t\t\t<\/li>\n<li class=\"product-features__item-list__item\" role=\"listitem\"><span class=\"is--medium\">Enceintes arri\u00e8res :<\/span> en option\t\t\t\t\t<\/li>\n<li class=\"product-features__item-list__item\" role=\"listitem\"><span class=\"is--medium\">Le saviez-vous :<\/span> \u00e9quiper sa barre de son avec des enceintes arri\u00e8res permet d&rsquo;am\u00e9liorer l&rsquo;immersion sonore\t\t\t\t\t<\/li>\n<\/ul>\n<\/li>\n<li class=\"product-features__item\" role=\"listitem\">\n<h3 class=\"product-features__label\">Connectiques<\/h3>\n<ul role=\"list\">\n<li class=\"product-features__item-list__item\" role=\"listitem\"><span class=\"is--medium\">HDMI CEC :<\/span> oui, permet d&rsquo;utiliser la t\u00e9l\u00e9commande de votre TV pour piloter tous vos appareils branch\u00e9s en HDMI disposant de la m\u00eame norme CEC\t\t\t\t\t<\/li>\n<li class=\"product-features__item-list__item\" role=\"listitem\"><span class=\"is--medium\">HDMI Arc :<\/span> oui, permet de simplifier les branchements entre une TV et une barre de son et de limiter le nombre de c\u00e2bles utilis\u00e9s\t\t\t\t\t<\/li>\n<li class=\"product-features__item-list__item\" role=\"listitem\"><span class=\"is--medium\">Entr\u00e9e Optique :<\/span> oui, permet d&rsquo;envoyer le son de sa TV vers une barre de son en num\u00e9rique, ou un casque TV avec un c\u00e2ble optique\t\t\t\t\t<\/li>\n<li class=\"product-features__item-list__item\" role=\"listitem\"><span class=\"is--medium\">Entr\u00e9e auxiliaire :<\/span> 0\t\t\t\t\t<\/li>\n<li class=\"product-features__item-list__item\" role=\"listitem\"><span class=\"is--medium\">Port USB :<\/span> USB de service, permet de faire les mise \u00e0 jour du produit\t\t\t\t\t<\/li>\n<li class=\"product-features__item-list__item\" role=\"listitem\"><span class=\"is--medium\">Entr\u00e9e HDMI :<\/span> 1\t\t\t\t\t<\/li>\n<li class=\"product-features__item-list__item\" role=\"listitem\"><span class=\"is--medium\">Sortie HDMI :<\/span> 1\t\t\t\t\t<\/li>\n<\/ul>\n<\/li>\n<li class=\"product-features__item\" role=\"listitem\">\n<h3 class=\"product-features__label\">Connectivit\u00e9<\/h3>\n<ul role=\"list\">\n<li class=\"product-features__item-list__item\" role=\"listitem\"><span class=\"is--medium\">Bluetooth :<\/span> oui, permet de connecter votre t\u00e9l\u00e9viseur compatible ou vos appareils mobiles pour profiter du son sans fil\t\t\t\t\t<\/li>\n<li class=\"product-features__item-list__item\" role=\"listitem\"><span class=\"is--medium\">Wi-Fi :<\/span> Non\t\t\t\t\t<\/li>\n<li class=\"product-features__item-list__item\" role=\"listitem\"><span class=\"is--medium\">Chromecast :<\/span> Non\t\t\t\t\t<\/li>\n<li class=\"product-features__item-list__item\" role=\"listitem\"><span class=\"is--medium\">Assistant vocal :<\/span> non concern\u00e9\t\t\t\t\t<\/li>\n<\/ul>\n<\/li>\n<li class=\"product-features__item\" role=\"listitem\">\n<h3 class=\"product-features__label\">Consommation<\/h3>\n<ul role=\"list\">\n<li class=\"product-features__item-list__item\" role=\"listitem\"><span class=\"is--medium\">Consommation de la barre :<\/span> 25,0 W\t\t\t\t\t<\/li>\n<li class=\"product-features__item-list__item\" role=\"listitem\"><span class=\"is--medium\">Consommation de la barre en veille :<\/span> 0,5 W\t\t\t\t\t<\/li>\n<li class=\"product-features__item-list__item\" role=\"listitem\"><span class=\"is--medium\">Consommation du caisson :<\/span> 45,0 W\t\t\t\t\t<\/li>\n<li class=\"product-features__item-list__item\" role=\"listitem\"><span class=\"is--medium\">Consommation du caisson en veille :<\/span> 0,5 W\t\t\t\t\t<\/li>\n<\/ul>\n<\/li>\n<li class=\"product-features__item\" role=\"listitem\">\n<h3 class=\"product-features__label\">Dimensions<\/h3>\n<ul role=\"list\">\n<li class=\"product-features__item-list__item\" role=\"listitem\"><span class=\"is--medium\">LxHxP enceinte :<\/span> 103 x 5.9 x 10.5 cm\t\t\t\t\t<\/li>\n<li class=\"product-features__item-list__item\" role=\"listitem\"><span class=\"is--medium\">Poids de l&rsquo;enceinte :<\/span> 3,1 kg\t\t\t\t\t<\/li>\n<li class=\"product-features__item-list__item\" role=\"listitem\"><span class=\"is--medium\">Dimensions caisson l x h x p :<\/span> 18.4 x 34.3 x 29.5 cm\t\t\t\t\t<\/li>\n<li class=\"product-features__item-list__item\" role=\"listitem\"><span class=\"is--medium\">Poids du caisson :<\/span> 5,1 kg\t\t\t\t\t<\/li>\n<\/ul>\n<\/li>\n<li class=\"product-features__item\" role=\"listitem\">\n<h3 class=\"product-features__label\">Informations compl\u00e9mentaires<\/h3>\n<ul role=\"list\">\n<li class=\"product-features__item-list__item\" role=\"listitem\"><span class=\"is--medium\">Garantie :<\/span> 2 ans\t\t\t\t\t<\/li>\n<li class=\"product-features__item-list__item\" role=\"listitem\"><span class=\"is--medium\">Fabriqu\u00e9 en :<\/span> Vi\u00eat Nam\t\t\t\t\t<\/li>\n<li class=\"product-features__item-list__item\" role=\"listitem\"><span class=\"is--medium\">Disponibilit\u00e9 des pi\u00e8ces d\u00e9tach\u00e9es (donn\u00e9es fournisseur) :<\/span> Pendant 4 ans, \u00e0 compter de la date fin de fabrication\t\t\t\t\t<\/li>\n<\/ul>\n<\/li>\n<\/ul>\n<\/div>\n<div class=\"product__disclosure-content\">\n<div class=\"js-read-more product-description__content read-more read-more--truncated\" data-read-more-name=\"description\" style=\"max-height: 500px; overflow: hidden;\">\n<p>La barre de son Samsung HW-B760D avec ses six haut-parleurs et son caisson de basse sans fil, vous fait vivre une exp\u00e9rience sonore riche et puissante. Gr\u00e2ce \u00e0 ses modes sonores personnalis\u00e9s tels que mode Nuit, Gaming ou Adaptative Sound, vous r\u00e9conciliez confort de vie et confort d&rsquo;\u00e9coute.<\/p>\n<h3><strong>Barre de son B-Series <\/strong><\/h3>\n<p>Avec sa gamme B-Series, les barres de son Samsung compl\u00e8tent le son du t\u00e9l\u00e9viseur et offrent une exp\u00e9rience sonore immersive avec des basses puissantes.<\/p>\n<h3><strong>Qualit\u00e9 sonore puissante<\/strong><\/h3>\n<p><strong>Un son puissant<\/strong><\/p>\n<p>La barre de son Samsung HW-B760D est \u00e9quip\u00e9e de six haut-parleurs, dont un haut-parleur central pour des dialogues clairs et des haut-parleurs lat\u00e9raux pour les effets surround. Cette configuration compl\u00e8te le son du t\u00e9l\u00e9viseur. Films, musiques ou jeux, plongez au coeur de l&rsquo;action pour une immersion sonore puissante.<\/p>\n<p><strong>Un son 3D surround <\/strong><\/p>\n<p>Plongez au coeur de vos films pr\u00e9f\u00e9r\u00e9s avec la barre de son Samsung HW-B760D, \u00e9quip\u00e9e des technologies DTS Virtual:X et Dolby 5.1Ch. Ces technologies cr\u00e9ent un champ sonore enveloppant qui vous transportent directement au coeur de l&rsquo;action.<\/p>\n<p><strong>Caisson de basse sans fil <\/strong><\/p>\n<p>Profitez d&rsquo;une v\u00e9ritable immersion sonore avec le caisson de basse 6,5 pouce sans fil inclus avec la barre de son Samsung HW-B760D. En activant le mode Bass Boost, enrichissez votre exp\u00e9rience sonore avec des basses d&rsquo;une profondeur saisissante. Ajoutez une dimension suppl\u00e9mentaire \u00e0 chaque explosion !<\/p>\n<h3><strong>Modes audio personnalis\u00e9s <\/strong><\/h3>\n<p><strong>Mode Nuit <\/strong><\/p>\n<p>Ne jouez plus avec la t\u00e9l\u00e9commande pour baisser le son au moment des sc\u00e8nes bruyantes. Activez le mode Nuit sur votre barre de son Samsung HW-B760D pour r\u00e9duire automatiquement le volume et compresser les basses. Un environnement calme est au rendez-vous pour ne interrompre le sommeil des enfants.<\/p>\n<p><strong>Mode Gaming <\/strong><\/p>\n<p>Connectez votre console de jeu et laissez la barre de son ajuster ses param\u00e8tres pour un son plus riche et captivant. Les r\u00e9glages se font automatiquement pour que vous profitiez ainsi pleinement de votre session de jeu pour une exp\u00e9rience gaming immersive.<\/p>\n<p><strong>Mode Adaptative Sound <\/strong><\/p>\n<p>La fonction Adaptative Sound met l&rsquo;accent sur la clart\u00e9 des dialogues. Elle analyse et ajuste le son sc\u00e8ne par sc\u00e8ne, pour distinguer les bruits de fond et am\u00e9liore significativement la compr\u00e9hension des dialogues sans augmenter le volume g\u00e9n\u00e9ral.<\/p>\n<h3><strong>Connectivit\u00e9 et contr\u00f4le simplifi\u00e9s <\/strong><\/h3>\n<p><strong>Connexion sans fil <\/strong><\/p>\n<p>\u00c9liminez le d\u00e9sordre des c\u00e2bles gr\u00e2ce \u00e0 une connexion Bluetooth simplifi\u00e9e entre votre t\u00e9l\u00e9viseur et la barre de son Samsung HW-B760D. Ce mode de connexion sans tracas facilite le partage de votre contenu audio favori, tout en maintenant votre espace de vie net et ordonn\u00e9. Profitez d&rsquo;une installation \u00e9pur\u00e9e qui compl\u00e8te l&rsquo;esth\u00e9tique de votre int\u00e9rieur, tout en b\u00e9n\u00e9ficiant d&rsquo;une qualit\u00e9 sonore exceptionnelle pour une exp\u00e9rience audiovisuelle immersive.<\/p>\n<p><strong>Qualit\u00e9 sonore sup\u00e9rieure via HDMI ARC <\/strong><\/p>\n<p>Le port HDMI Audio Return channel (ARC) simplifie les branchements entre la barre de son et le t\u00e9l\u00e9viseur compatible. Ce port HDMI permet \u00e0 la barre de son compatible de recevoir le son du t\u00e9l\u00e9viseur, par le biais d&rsquo;un seul c\u00e2ble HDMI. Parfait pour les cin\u00e9philes et les amateurs du son surround, le port HDMI ARC assure une synchronisation parfaite entre l&rsquo;image et le son pour une exp\u00e9rience de haute qualit\u00e9.<\/p>\n<p><strong>T\u00e9l\u00e9commande universelle <\/strong><\/p>\n<p>La t\u00e9l\u00e9commande unique de votre t\u00e9l\u00e9viseur Samsung vous offre un contr\u00f4le int\u00e9gr\u00e9 de votre syst\u00e8me audiovisuel. Simplifiez votre exp\u00e9rience de divertissement en g\u00e9rant \u00e0 la fois la barre de son et le t\u00e9l\u00e9viseur avec un seul dispositif.<\/p>\n<\/p>\n<\/div>\n<p><bl-button a11yexpanded=\"false\" arialabel=\"Afficher toute la description\" class=\"read-more__btn\" full=\"false\" link=\"true\">Voir plus<\/bl-button><\/div>","protected":false},"excerpt":{"rendered":"<div class=\"keypoints\">\n<h3 class=\"keypoints__title\">Les points cl\u00e9s<\/h3>\n<ul role=\"list\">\n<li class=\"keypoints__item\" role=\"listitem\">                                        Barre de son avec caisson sans fil                      <\/li>\n<li class=\"keypoints__item\" role=\"listitem\">                          DTS &#8211;                                                      HDMI CEC, HDMI Arc, Entr\u00e9e Optique                      <\/li>\n<li class=\"keypoints__item\" role=\"listitem\">                                        LxHxP enceinte : 103 x 5.9 x 10.5 cm                      <\/li>\n<li class=\"keypoints__item keypoints__item--advantage\" role=\"listitem\"><strong>Le + :<\/strong> Les haut-parleurs lat\u00e9raux d\u00e9di\u00e9s apportent des effets de profondeur et du r\u00e9alisme \u00e0 vos contenus      <\/li>\n<\/ul>","protected":false},"featured_media":82514,"template":"","meta":{"_glsr_average":0,"_glsr_ranking":0,"_glsr_reviews":0},"product_cat":[453],"product_tag":[454,451],"class_list":{"0":"post-82515","1":"product","2":"type-product","3":"status-publish","4":"has-post-thumbnail","6":"product_cat-barre-de-son","7":"product_tag-barre-de-son","8":"product_tag-tv-image-son","10":"first","11":"instock","12":"sale","13":"shipping-taxable","14":"purchasable","15":"product-type-simple"},"_links":{"self":[{"href":"https:\/\/electromenagerexpress.com\/en\/wp-json\/wp\/v2\/product\/82515","targetHints":{"allow":["GET"]}}],"collection":[{"href":"https:\/\/electromenagerexpress.com\/en\/wp-json\/wp\/v2\/product"}],"about":[{"href":"https:\/\/electromenagerexpress.com\/en\/wp-json\/wp\/v2\/types\/product"}],"wp:featuredmedia":[{"embeddable":true,"href":"https:\/\/electromenagerexpress.com\/en\/wp-json\/wp\/v2\/media\/82514"}],"wp:attachment":[{"href":"https:\/\/electromenagerexpress.com\/en\/wp-json\/wp\/v2\/media?parent=82515"}],"wp:term":[{"taxonomy":"product_cat","embeddable":true,"href":"https:\/\/electromenagerexpress.com\/en\/wp-json\/wp\/v2\/product_cat?post=82515"},{"taxonomy":"product_tag","embeddable":true,"href":"https:\/\/electromenagerexpress.com\/en\/wp-json\/wp\/v2\/product_tag?post=82515"}],"curies":[{"name":"wp","href":"https:\/\/api.w.org\/{rel}","templated":true}]}}