{"id":82149,"date":"2024-11-24T15:30:59","date_gmt":"2024-11-24T15:30:59","guid":{"rendered":"https:\/\/electromenagerexpress.com\/product\/videoprojecteur-home-cinemala-vaguelv-hd320-bundle\/"},"modified":"2024-11-24T15:31:07","modified_gmt":"2024-11-24T15:31:07","slug":"videoprojecteur-home-cinemala-vaguelv-hd320-bundle","status":"publish","type":"product","link":"https:\/\/electromenagerexpress.com\/en\/product\/videoprojecteur-home-cinemala-vaguelv-hd320-bundle\/","title":{"rendered":"Vid\u00e9oprojecteur home cin\u00e9ma\t\t\t\t\t\t\tLA VAGUE\t\t\t\tLV-HD320 BUNDLE"},"content":{"rendered":"<div class=\"product-features__content\">\n<ul role=\"list\">\n<li class=\"product-features__item\" role=\"listitem\">\n<h3 class=\"product-features__label\">Qualit\u00e9 de l&rsquo;image<\/h3>\n<ul role=\"list\">\n<li class=\"product-features__item-list__item\" role=\"listitem\"><span class=\"is--medium\">R\u00e9solution :<\/span> 1920 x 1080 pixels conditionnent la qualit\u00e9 d&rsquo;image. Plus il y a de pixels, plus l&rsquo;image est riche\t\t\t\t\t<\/li>\n<li class=\"product-features__item-list__item\" role=\"listitem\"><span class=\"is--medium\">Luminosit\u00e9 :<\/span> 2.500 Lumens\t\t\t\t\t<\/li>\n<li class=\"product-features__item-list__item\" role=\"listitem\"><span class=\"is--medium\">Le saviez-vous :<\/span> plus le nombre de lumens est important, plus on pourra projeter dans une pi\u00e8ce lumineuse selon la technologie\t\t\t\t\t<\/li>\n<li class=\"product-features__item-list__item\" role=\"listitem\"><span class=\"is--medium\">Contraste :<\/span> 1 000:1\t\t\t\t\t<\/li>\n<li class=\"product-features__item-list__item\" role=\"listitem\"><span class=\"is--medium\">Le saviez-vous :<\/span> plus le contraste est \u00e9lev\u00e9, plus la qualit\u00e9 de l&rsquo;image est optimale, un taux de contraste \u00e9lev\u00e9 donne du relief \u00e0 l&rsquo;image\t\t\t\t\t<\/li>\n<li class=\"product-features__item-list__item\" role=\"listitem\"><span class=\"is--medium\">HDR :<\/span> non communiqu\u00e9\t\t\t\t\t<\/li>\n<\/ul>\n<\/li>\n<li class=\"product-features__item\" role=\"listitem\">\n<h3 class=\"product-features__label\">Type de projection<\/h3>\n<ul role=\"list\">\n<li class=\"product-features__item-list__item\" role=\"listitem\"><span class=\"is--medium\">Type de focale (distance du mur) :<\/span> Focale classique (1m et plus)\t\t\t\t\t<\/li>\n<li class=\"product-features__item-list__item\" role=\"listitem\"><span class=\"is--medium\">Distance de projection minimale :<\/span> 1,2 m\t\t\t\t\t<\/li>\n<li class=\"product-features__item-list__item\" role=\"listitem\"><span class=\"is--medium\">Distance de projection maximale :<\/span> 4,0 m\t\t\t\t\t<\/li>\n<li class=\"product-features__item-list__item\" role=\"listitem\"><span class=\"is--medium\">Format natif :<\/span> 16\/9\t\t\t\t\t<\/li>\n<li class=\"product-features__item-list__item\" role=\"listitem\"><span class=\"is--medium\">Zoom :<\/span> manuelle\t\t\t\t\t<\/li>\n<\/ul>\n<\/li>\n<li class=\"product-features__item\" role=\"listitem\">\n<h3 class=\"product-features__label\">Mise au point<\/h3>\n<ul role=\"list\">\n<li class=\"product-features__item-list__item\" role=\"listitem\"><span class=\"is--medium\">Mise au point :<\/span> manuelle\t\t\t\t\t<\/li>\n<li class=\"product-features__item-list__item\" role=\"listitem\"><span class=\"is--medium\">D\u00e9placement de l&rsquo;image (Lens shift) :<\/span> Non communiqu\u00e9\t\t\t\t\t<\/li>\n<li class=\"product-features__item-list__item\" role=\"listitem\"><span class=\"is--medium\">Correction du trap\u00e8ze (Keystone) :<\/span> verticale\t\t\t\t\t<\/li>\n<li class=\"product-features__item-list__item\" role=\"listitem\"><span class=\"is--medium\">Correction en degr\u00e9s :<\/span> 15\t\t\t\t\t<\/li>\n<li class=\"product-features__item-list__item\" role=\"listitem\"><span class=\"is--medium\">Le saviez-vous :<\/span> permet de corriger la d\u00e9formation de l&rsquo;image (en forme de trap\u00e8ze) lorsque celle-ci est projet\u00e9e de biais\t\t\t\t\t<\/li>\n<\/ul>\n<\/li>\n<li class=\"product-features__item\" role=\"listitem\">\n<h3 class=\"product-features__label\">Construction<\/h3>\n<ul role=\"list\">\n<li class=\"product-features__item-list__item\" role=\"listitem\"><span class=\"is--medium\">Type de lampe :<\/span> LED, consomme moins d&rsquo;\u00e9nergie qu&rsquo;une lampe classique ce qui permet d&rsquo;allonger sa dur\u00e9e de vie, de produire moins de chaleur et de bruit\t\t\t\t\t<\/li>\n<li class=\"product-features__item-list__item\" role=\"listitem\"><span class=\"is--medium\">Dur\u00e9e de vie de la lampe :<\/span> 30.000 h\t\t\t\t\t<\/li>\n<li class=\"product-features__item-list__item\" role=\"listitem\"><span class=\"is--medium\">Niveau sonore (mode normal) :<\/span> 60 dB\t\t\t\t\t<\/li>\n<li class=\"product-features__item-list__item\" role=\"listitem\"><span class=\"is--medium\">Haut parleur int\u00e9gr\u00e9 :<\/span> Oui\t\t\t\t\t<\/li>\n<li class=\"product-features__item-list__item\" role=\"listitem\"><span class=\"is--medium\">Puissance (en watts RMS) :<\/span> non communiqu\u00e9e\t\t\t\t\t<\/li>\n<li class=\"product-features__item-list__item\" role=\"listitem\"><span class=\"is--medium\">Fixation sur Tr\u00e9pied :<\/span> Oui\t\t\t\t\t<\/li>\n<li class=\"product-features__item-list__item\" role=\"listitem\"><span class=\"is--medium\">Fixation au plafond :<\/span> Oui\t\t\t\t\t<\/li>\n<li class=\"product-features__item-list__item\" role=\"listitem\"><span class=\"is--medium\">Ecran inclus :<\/span> Non\t\t\t\t\t<\/li>\n<\/ul>\n<\/li>\n<li class=\"product-features__item\" role=\"listitem\">\n<h3 class=\"product-features__label\">Connectivit\u00e9<\/h3>\n<ul role=\"list\">\n<li class=\"product-features__item-list__item\" role=\"listitem\"><span class=\"is--medium\">Bluetooth :<\/span> Non\t\t\t\t\t<\/li>\n<li class=\"product-features__item-list__item\" role=\"listitem\"><span class=\"is--medium\">Wifi :<\/span> Non\t\t\t\t\t<\/li>\n<\/ul>\n<\/li>\n<li class=\"product-features__item\" role=\"listitem\">\n<h3 class=\"product-features__label\">Alimentation et consommation<\/h3>\n<ul role=\"list\">\n<li class=\"product-features__item-list__item\" role=\"listitem\"><span class=\"is--medium\">Alimentation :<\/span> USB\t\t\t\t\t<\/li>\n<\/ul>\n<\/li>\n<li class=\"product-features__item\" role=\"listitem\">\n<h3 class=\"product-features__label\">Connectiques<\/h3>\n<ul role=\"list\">\n<li class=\"product-features__item-list__item\" role=\"listitem\"><span class=\"is--medium\">HDMI ARC (audio return chanel) :<\/span> Oui, permet d&rsquo;utiliser la t\u00e9l\u00e9commande de votre vid\u00e9oprojecteur pour allumer et r\u00e9gler le volume de votre ampli, barre de son, console de jeu branch\u00e9 en HDMI disposant \u00e9galement de la norme ARC\t\t\t\t\t<\/li>\n<li class=\"product-features__item-list__item\" role=\"listitem\"><span class=\"is--medium\">HDMI 1.4 :<\/span> 2\t\t\t\t\t<\/li>\n<li class=\"product-features__item-list__item\" role=\"listitem\"><span class=\"is--medium\">Entr\u00e9e audio :<\/span> 1\t\t\t\t\t<\/li>\n<li class=\"product-features__item-list__item\" role=\"listitem\"><span class=\"is--medium\">Port USB :<\/span> 1\t\t\t\t\t<\/li>\n<li class=\"product-features__item-list__item\" role=\"listitem\"><span class=\"is--medium\">Sortie audio :<\/span> 1\t\t\t\t\t<\/li>\n<li class=\"product-features__item-list__item\" role=\"listitem\"><span class=\"is--medium\">Sortie optique :<\/span> 1\t\t\t\t\t<\/li>\n<li class=\"product-features__item-list__item\" role=\"listitem\"><span class=\"is--medium\">Lecteur carte SD :<\/span> 1\t\t\t\t\t<\/li>\n<\/ul>\n<\/li>\n<li class=\"product-features__item\" role=\"listitem\">\n<h3 class=\"product-features__label\">Dimensions<\/h3>\n<ul role=\"list\">\n<li class=\"product-features__item-list__item\" role=\"listitem\"><span class=\"is--medium\">Dimensions l x h x p :<\/span> 16.6 x 9.5 x 22 cm\t\t\t\t\t<\/li>\n<li class=\"product-features__item-list__item\" role=\"listitem\"><span class=\"is--medium\">Poids :<\/span> 1.200,0 kg\t\t\t\t\t<\/li>\n<li class=\"product-features__item-list__item\" role=\"listitem\"><span class=\"is--medium\">Poids Brut (kg) :<\/span> 2.8\t\t\t\t\t<\/li>\n<\/ul>\n<\/li>\n<li class=\"product-features__item\" role=\"listitem\">\n<h3 class=\"product-features__label\">Informations compl\u00e9mentaires<\/h3>\n<ul role=\"list\">\n<li class=\"product-features__item-list__item\" role=\"listitem\"><span class=\"is--medium\">Fabriqu\u00e9 en :<\/span> Chine\t\t\t\t\t<\/li>\n<li class=\"product-features__item-list__item\" role=\"listitem\"><span class=\"is--medium\">Disponibilit\u00e9 des pi\u00e8ces d\u00e9tach\u00e9es (donn\u00e9es fournisseur) :<\/span> Non communiqu\u00e9e\t\t\t\t\t<\/li>\n<\/ul>\n<\/li>\n<\/ul>\n<\/div>\n<div class=\"product__disclosure-content\">\n<div class=\"js-read-more product-description__content read-more read-more--truncated\" data-read-more-name=\"description\" style=\"max-height: 500px; overflow: hidden;\">\n<h2>Projecteur LV-HD320 \u00e9cran de projection LV-STA100FP avec technologie LCD et LED pour les jeux et le home cin\u00e9ma<\/h2>\n<ul>\n<li>Projecteur multim\u00e9dia HD avec une haute qualit\u00e9 d&rsquo;affichage et une r\u00e9solution native de 1280p<\/li>\n<li>Supporte des signaux jusqu&rsquo;\u00e0 1920p FullHD<\/li>\n<li>Le rapport d&rsquo;aspect peut \u00eatre modifi\u00e9 de 16:9 \u00e0 4:3<\/li>\n<li>5 entr\u00e9es diff\u00e9rentes (USB \/ Micro-SD \/ VGA \/ AV \/ SD)<\/li>\n<li>Id\u00e9al pour regarder NETFLIX &amp; YOUTUBE en streaming (avec le Fire TV stick Amazon, Google Chromecast, Apple TV)<\/li>\n<\/ul>\n<h3>Conception portable compacte et l\u00e9g\u00e8re &#8211; id\u00e9ale pour une utilisation en d\u00e9placement<\/h3>\n<p>Ce projecteur r\u00e9unit tous les avantages de la technologie LCD et LED, et est d&rsquo;une grande polyvalence gr\u00e2ce \u00e0 sa petite taille et ses fonctionnalit\u00e9s techniques impressionnantes !<\/p>\n<p>Son design compact et son poids plume apportent \u00e0 ce projecteur LED une forte valeur ajout\u00e9e. Les LED \u00e9tant plus efficaces que les lampes classiques, leur dur\u00e9e de vie est augment\u00e9e jusqu&rsquo;\u00e0 30 000 heures. Le projecteur Mini-Lifestyle produit des images nettes aux couleurs riches et avec une profonde saturation, ce que seule la fid\u00e9lit\u00e9 couleur exceptionnelle de la technologie LCD permet.\u00a0<\/p>\n<p>L&rsquo;\u00e9cran pliable DIY est le choix id\u00e9al pour les soir\u00e9es cin\u00e9ma, pr\u00e9sentations dans les salles de conf\u00e9rences, projections publiques ou s\u00e9ances priv\u00e9es de cin\u00e9ma en plein air. Il peut \u00eatre install\u00e9 facilement pour une utilisation instantan\u00e9e en tout lieu et offre un espace de projection de 2,21m x 1,25m.<\/p>\n<p>Le projecteur LV-HD240 avec \u00e9cran inclus procure non seulement le plaisir du home cin\u00e9ma et du gaming mais repr\u00e9sente \u00e9galement une acquisition parfaite pour tous les \u00e9v\u00e9nements sportifs. Le projecteur peut \u00eatre install\u00e9 librement partout et est id\u00e9al pour les visioconf\u00e9rences (Zoom, Teams, etc.) ainsi que pour regarder en streaming NETFLIX &amp; YOUTUBE avec le Fire TV Stick Amazon, Google Chromecast ou Apple TV.<\/p>\n<ul><\/ul>\n<h3>D\u00e9tails<\/h3>\n<ul>\n<li>Dimensions de l&rsquo;article: 22 x 16,6 x 9,5cm<\/li>\n<li>Poids de l&rsquo;article: 1200 g<\/li>\n<li>Couleur: Black<\/li>\n<li>Composition: bo\u00eetier : 100% plastique, toile : 85% PVC, 15% plastique<\/li>\n<li>Alimentation: 220-240 V<\/li>\n<li>Fr\u00e9quence (Hz): 50<\/li>\n<li>Source lumineuse: LED<\/li>\n<li>R\u00e9glage du zoom: manuel<\/li>\n<li>Mettre l&rsquo;accent: manuel<\/li>\n<li>Norme Wi-Fi: Pas de Wifi<\/li>\n<li>R\u00e9solution maximale: 1920 x 1080<\/li>\n<li>R\u00e9solution native: 1280 x 720<\/li>\n<li>Type Alimentation \u00e9lectrique: Cordon d&rsquo;alimentation<\/li>\n<li>Sortie du ventilateur: Lat\u00e9ral<\/li>\n<li>Formats d&rsquo;images: 16:9, 4:3<\/li>\n<li>Caract\u00e9ristiques projecteur: Haut-parleur interne<\/li>\n<li>Domaines d&rsquo;application: Jeux, Home Cin\u00e9ma, Pr\u00e9sentations<\/li>\n<li>Champ d&rsquo;application: Mode d&#8217;emploi, C\u00e2ble d&rsquo;alimentation<\/li>\n<li>Norme de r\u00e9solution: HD720<\/li>\n<li>Type de connecteur HDMI: HDMI standard (type A)<\/li>\n<li>Type de port USB: USB standard<\/li>\n<li>Technologie de projection: LCD<\/li>\n<li>Type Connexion audio: AUX, Jack<\/li>\n<li>Type Connexion vid\u00e9o: Composite Video, HDMI, VGA<\/li>\n<li>Compatibilit\u00e9 Port USB: Lecture audio et vid\u00e9o<\/li>\n<li>Fonctions d&rsquo;\u00e9conomie d&rsquo;\u00e9nergie: Arr\u00eat automatique<\/li>\n<li>Type Lecteur de carte: Carte SDHC<\/li>\n<li>Rapport de contraste: 1000:1<\/li>\n<li>Correction de la cl\u00e9 de vo\u00fbte: 15<\/li>\n<li>Diagonale de projection (max): 450 cm<\/li>\n<li>Diagonale de projection (min): 89 cm<\/li>\n<li>Distance de projection max: 4 m<\/li>\n<li>Distance de projection min: 1,2 m<\/li>\n<li>Luminosit\u00e9 (Lumen): 2500<\/li>\n<li>Rapport de projection: 1.1400<\/li>\n<li>Nombre de ports USB: 1<\/li>\n<li>Niveau sonore (max.) (dB): 60<\/li>\n<li>Dur\u00e9e de vie maximale de l&rsquo;illuminant: 30000<\/li>\n<li>Nombre de connexions HDMI: 2<\/li>\n<li>Nombre de connexions audio: 1<\/li>\n<li>Nombre de connexions vid\u00e9o: 1<\/li>\n<li>Nombre de pi\u00e8ces: 3<\/li>\n<li>Nombre de lecteurs de cartes: 1<\/li>\n<\/ul>\n<h3>Contenu de la livraison<\/h3>\n<ul>\n<li>projecteur<\/li>\n<li>t\u00e9l\u00e9commande<\/li>\n<li>adaptateur AV<\/li>\n<li>manuel d&rsquo;instructions<\/li>\n<li>\u00e9cran de projection LV-STA100FP<\/li>\n<\/ul>\n<p>HD Multimedia-Projektor mit hoher Display-Qualit\u00e4t und 1280p, 1280&#215;720 nativer Aufl\u00f6sung; unterst\u00fctzt Signale bis zu 1920p FullHD; Supporte des signaux jusqu&rsquo;\u00e0 1920p FullHD; Le rapport d&rsquo;aspect peut \u00eatre modifi\u00e9 de 16:9 \u00e0 4:3; 5 entr\u00e9es diff\u00e9rentes (USB \/ Micro-SD \/ VGA \/ AV \/ SD)<\/p>\n<\/div>\n<p><bl-button a11yexpanded=\"false\" arialabel=\"Afficher toute la description\" class=\"read-more__btn\" full=\"false\" link=\"true\">Voir plus<\/bl-button><\/div>","protected":false},"excerpt":{"rendered":"<div class=\"keypoints\">\n<h3 class=\"keypoints__title\">Les points cl\u00e9s<\/h3>\n<ul role=\"list\">\n<li class=\"keypoints__item\" role=\"listitem\">                          LCD &#8211;                                                      Full HD                      <\/li>\n<li class=\"keypoints__item\" role=\"listitem\">                                        Focale classique (1m et plus)                      <\/li>\n<li class=\"keypoints__item\" role=\"listitem\">                          Alimentation : USB &#8211;                                                      2.500 Lumens                      <\/li>\n<li class=\"keypoints__item\" role=\"listitem\">                                        1.200,0 kg                      <\/li>\n<\/ul>","protected":false},"featured_media":82148,"template":"","meta":{"_glsr_average":0,"_glsr_ranking":0,"_glsr_reviews":0},"product_cat":[450],"product_tag":[451,452],"class_list":{"0":"post-82149","1":"product","2":"type-product","3":"status-publish","4":"has-post-thumbnail","6":"product_cat-videoprojecteur","7":"product_tag-tv-image-son","8":"product_tag-videoprojecteur","10":"first","11":"instock","12":"sale","13":"shipping-taxable","14":"purchasable","15":"product-type-simple"},"_links":{"self":[{"href":"https:\/\/electromenagerexpress.com\/en\/wp-json\/wp\/v2\/product\/82149","targetHints":{"allow":["GET"]}}],"collection":[{"href":"https:\/\/electromenagerexpress.com\/en\/wp-json\/wp\/v2\/product"}],"about":[{"href":"https:\/\/electromenagerexpress.com\/en\/wp-json\/wp\/v2\/types\/product"}],"wp:featuredmedia":[{"embeddable":true,"href":"https:\/\/electromenagerexpress.com\/en\/wp-json\/wp\/v2\/media\/82148"}],"wp:attachment":[{"href":"https:\/\/electromenagerexpress.com\/en\/wp-json\/wp\/v2\/media?parent=82149"}],"wp:term":[{"taxonomy":"product_cat","embeddable":true,"href":"https:\/\/electromenagerexpress.com\/en\/wp-json\/wp\/v2\/product_cat?post=82149"},{"taxonomy":"product_tag","embeddable":true,"href":"https:\/\/electromenagerexpress.com\/en\/wp-json\/wp\/v2\/product_tag?post=82149"}],"curies":[{"name":"wp","href":"https:\/\/api.w.org\/{rel}","templated":true}]}}