{"id":82132,"date":"2024-11-24T15:30:45","date_gmt":"2024-11-24T15:30:45","guid":{"rendered":"https:\/\/electromenagerexpress.com\/product\/videoprojecteur-home-cinemala-vaguelv-hd340-wi-fi\/"},"modified":"2024-11-24T15:30:49","modified_gmt":"2024-11-24T15:30:49","slug":"videoprojecteur-home-cinemala-vaguelv-hd340-wi-fi","status":"publish","type":"product","link":"https:\/\/electromenagerexpress.com\/en\/product\/videoprojecteur-home-cinemala-vaguelv-hd340-wi-fi\/","title":{"rendered":"Vid\u00e9oprojecteur home cin\u00e9ma\t\t\t\t\t\t\tLA VAGUE\t\t\t\tLV-HD340 Wi-Fi"},"content":{"rendered":"<div class=\"product-features__content\">\n<ul role=\"list\">\n<li class=\"product-features__item\" role=\"listitem\">\n<h3 class=\"product-features__label\">Qualit\u00e9 de l&rsquo;image<\/h3>\n<ul role=\"list\">\n<li class=\"product-features__item-list__item\" role=\"listitem\"><span class=\"is--medium\">R\u00e9solution :<\/span> 1920 x 1080 pixels conditionnent la qualit\u00e9 d&rsquo;image. Plus il y a de pixels, plus l&rsquo;image est riche\t\t\t\t\t<\/li>\n<li class=\"product-features__item-list__item\" role=\"listitem\"><span class=\"is--medium\">Luminosit\u00e9 :<\/span> 2.500 Lumens\t\t\t\t\t<\/li>\n<li class=\"product-features__item-list__item\" role=\"listitem\"><span class=\"is--medium\">Le saviez-vous :<\/span> plus le nombre de lumens est important, plus on pourra projeter dans une pi\u00e8ce lumineuse selon la technologie\t\t\t\t\t<\/li>\n<li class=\"product-features__item-list__item\" role=\"listitem\"><span class=\"is--medium\">Contraste :<\/span> 1 000:1\t\t\t\t\t<\/li>\n<li class=\"product-features__item-list__item\" role=\"listitem\"><span class=\"is--medium\">Le saviez-vous :<\/span> plus le contraste est \u00e9lev\u00e9, plus la qualit\u00e9 de l&rsquo;image est optimale, un taux de contraste \u00e9lev\u00e9 donne du relief \u00e0 l&rsquo;image\t\t\t\t\t<\/li>\n<li class=\"product-features__item-list__item\" role=\"listitem\"><span class=\"is--medium\">HDR :<\/span> non communiqu\u00e9\t\t\t\t\t<\/li>\n<\/ul>\n<\/li>\n<li class=\"product-features__item\" role=\"listitem\">\n<h3 class=\"product-features__label\">Type de projection<\/h3>\n<ul role=\"list\">\n<li class=\"product-features__item-list__item\" role=\"listitem\"><span class=\"is--medium\">Type de focale (distance du mur) :<\/span> Focale classique (1m et plus)\t\t\t\t\t<\/li>\n<li class=\"product-features__item-list__item\" role=\"listitem\"><span class=\"is--medium\">Distance de projection minimale :<\/span> 1,2 m\t\t\t\t\t<\/li>\n<li class=\"product-features__item-list__item\" role=\"listitem\"><span class=\"is--medium\">Distance de projection maximale :<\/span> 4,0 m\t\t\t\t\t<\/li>\n<li class=\"product-features__item-list__item\" role=\"listitem\"><span class=\"is--medium\">Format natif :<\/span> 16\/9\t\t\t\t\t<\/li>\n<li class=\"product-features__item-list__item\" role=\"listitem\"><span class=\"is--medium\">Zoom :<\/span> manuelle\t\t\t\t\t<\/li>\n<\/ul>\n<\/li>\n<li class=\"product-features__item\" role=\"listitem\">\n<h3 class=\"product-features__label\">Mise au point<\/h3>\n<ul role=\"list\">\n<li class=\"product-features__item-list__item\" role=\"listitem\"><span class=\"is--medium\">Mise au point :<\/span> manuelle\t\t\t\t\t<\/li>\n<li class=\"product-features__item-list__item\" role=\"listitem\"><span class=\"is--medium\">D\u00e9placement de l&rsquo;image (Lens shift) :<\/span> Non communiqu\u00e9\t\t\t\t\t<\/li>\n<li class=\"product-features__item-list__item\" role=\"listitem\"><span class=\"is--medium\">Correction du trap\u00e8ze (Keystone) :<\/span> verticale\t\t\t\t\t<\/li>\n<li class=\"product-features__item-list__item\" role=\"listitem\"><span class=\"is--medium\">Correction en degr\u00e9s :<\/span> 15\t\t\t\t\t<\/li>\n<li class=\"product-features__item-list__item\" role=\"listitem\"><span class=\"is--medium\">Le saviez-vous :<\/span> permet de corriger la d\u00e9formation de l&rsquo;image (en forme de trap\u00e8ze) lorsque celle-ci est projet\u00e9e de biais\t\t\t\t\t<\/li>\n<\/ul>\n<\/li>\n<li class=\"product-features__item\" role=\"listitem\">\n<h3 class=\"product-features__label\">Construction<\/h3>\n<ul role=\"list\">\n<li class=\"product-features__item-list__item\" role=\"listitem\"><span class=\"is--medium\">Type de lampe :<\/span> LED, consomme moins d&rsquo;\u00e9nergie qu&rsquo;une lampe classique ce qui permet d&rsquo;allonger sa dur\u00e9e de vie, de produire moins de chaleur et de bruit\t\t\t\t\t<\/li>\n<li class=\"product-features__item-list__item\" role=\"listitem\"><span class=\"is--medium\">Dur\u00e9e de vie de la lampe :<\/span> 30.000 h\t\t\t\t\t<\/li>\n<li class=\"product-features__item-list__item\" role=\"listitem\"><span class=\"is--medium\">Niveau sonore (mode normal) :<\/span> 60 dB\t\t\t\t\t<\/li>\n<li class=\"product-features__item-list__item\" role=\"listitem\"><span class=\"is--medium\">Haut parleur int\u00e9gr\u00e9 :<\/span> Oui\t\t\t\t\t<\/li>\n<li class=\"product-features__item-list__item\" role=\"listitem\"><span class=\"is--medium\">Puissance (en watts RMS) :<\/span> non communiqu\u00e9e\t\t\t\t\t<\/li>\n<li class=\"product-features__item-list__item\" role=\"listitem\"><span class=\"is--medium\">Fixation sur Tr\u00e9pied :<\/span> Oui\t\t\t\t\t<\/li>\n<li class=\"product-features__item-list__item\" role=\"listitem\"><span class=\"is--medium\">Fixation au plafond :<\/span> Oui\t\t\t\t\t<\/li>\n<li class=\"product-features__item-list__item\" role=\"listitem\"><span class=\"is--medium\">Ecran inclus :<\/span> Non\t\t\t\t\t<\/li>\n<\/ul>\n<\/li>\n<li class=\"product-features__item\" role=\"listitem\">\n<h3 class=\"product-features__label\">Connectivit\u00e9<\/h3>\n<ul role=\"list\">\n<li class=\"product-features__item-list__item\" role=\"listitem\"><span class=\"is--medium\">Bluetooth :<\/span> Non\t\t\t\t\t<\/li>\n<li class=\"product-features__item-list__item\" role=\"listitem\"><span class=\"is--medium\">Wifi :<\/span> Int\u00e9gr\u00e9\t\t\t\t\t<\/li>\n<\/ul>\n<\/li>\n<li class=\"product-features__item\" role=\"listitem\">\n<h3 class=\"product-features__label\">Alimentation et consommation<\/h3>\n<ul role=\"list\">\n<li class=\"product-features__item-list__item\" role=\"listitem\"><span class=\"is--medium\">Alimentation :<\/span> USB\t\t\t\t\t<\/li>\n<li class=\"product-features__item-list__item\" role=\"listitem\"><span class=\"is--medium\">Consommation en fonctionnement :<\/span> 60 W\t\t\t\t\t<\/li>\n<\/ul>\n<\/li>\n<li class=\"product-features__item\" role=\"listitem\">\n<h3 class=\"product-features__label\">Connectiques<\/h3>\n<ul role=\"list\">\n<li class=\"product-features__item-list__item\" role=\"listitem\"><span class=\"is--medium\">HDMI ARC (audio return chanel) :<\/span> Oui, permet d&rsquo;utiliser la t\u00e9l\u00e9commande de votre vid\u00e9oprojecteur pour allumer et r\u00e9gler le volume de votre ampli, barre de son, console de jeu branch\u00e9 en HDMI disposant \u00e9galement de la norme ARC\t\t\t\t\t<\/li>\n<li class=\"product-features__item-list__item\" role=\"listitem\"><span class=\"is--medium\">HDMI 1.4 :<\/span> 2\t\t\t\t\t<\/li>\n<li class=\"product-features__item-list__item\" role=\"listitem\"><span class=\"is--medium\">Entr\u00e9e audio :<\/span> 1\t\t\t\t\t<\/li>\n<li class=\"product-features__item-list__item\" role=\"listitem\"><span class=\"is--medium\">Port USB :<\/span> 1\t\t\t\t\t<\/li>\n<li class=\"product-features__item-list__item\" role=\"listitem\"><span class=\"is--medium\">Sortie audio :<\/span> 1\t\t\t\t\t<\/li>\n<li class=\"product-features__item-list__item\" role=\"listitem\"><span class=\"is--medium\">Sortie optique :<\/span> 1\t\t\t\t\t<\/li>\n<li class=\"product-features__item-list__item\" role=\"listitem\"><span class=\"is--medium\">Lecteur carte SD :<\/span> 1\t\t\t\t\t<\/li>\n<\/ul>\n<\/li>\n<li class=\"product-features__item\" role=\"listitem\">\n<h3 class=\"product-features__label\">Dimensions<\/h3>\n<ul role=\"list\">\n<li class=\"product-features__item-list__item\" role=\"listitem\"><span class=\"is--medium\">Dimensions l x h x p :<\/span> 16.6 x 9.5 x 22 cm\t\t\t\t\t<\/li>\n<li class=\"product-features__item-list__item\" role=\"listitem\"><span class=\"is--medium\">Poids :<\/span> 12,0 kg\t\t\t\t\t<\/li>\n<li class=\"product-features__item-list__item\" role=\"listitem\"><span class=\"is--medium\">Poids Brut (kg) :<\/span> 1.95\t\t\t\t\t<\/li>\n<\/ul>\n<\/li>\n<li class=\"product-features__item\" role=\"listitem\">\n<h3 class=\"product-features__label\">Informations compl\u00e9mentaires<\/h3>\n<ul role=\"list\">\n<li class=\"product-features__item-list__item\" role=\"listitem\"><span class=\"is--medium\">Fabriqu\u00e9 en :<\/span> Chine\t\t\t\t\t<\/li>\n<li class=\"product-features__item-list__item\" role=\"listitem\"><span class=\"is--medium\">Disponibilit\u00e9 des pi\u00e8ces d\u00e9tach\u00e9es (donn\u00e9es fournisseur) :<\/span> Non communiqu\u00e9e\t\t\t\t\t<\/li>\n<\/ul>\n<\/li>\n<\/ul>\n<\/div>\n<div class=\"product__disclosure-content\">\n<div class=\"js-read-more product-description__content read-more read-more--truncated\" data-read-more-name=\"description\" style=\"max-height: 500px; overflow: hidden;\">\n<h2>LV-HD340 Projecteur LED Wi-Fi blanc, home cin\u00e9ma et plaisir de jeu dans un format \u00e0 part<\/h2>\n<ul>\n<li>Ambiance home cin\u00e9ma LED, supporte la Full HD (jusqu&rsquo;\u00e0 1920) avec 2500 lumens<\/li>\n<li>Une technologie LED de haute qualit\u00e9 pour 30 000 heures de divertissement<\/li>\n<li>Projecteur compact pour des projections jusqu&rsquo;\u00e0 150 pouces de diagonale d&rsquo;\u00e9cran<\/li>\n<li>Possibilit\u00e9 de mise en miroir des smartphones\/tablettes via Wi-Fi<\/li>\n<li>Id\u00e9al pour regarder NETFLIX &amp; YOUTUBE en streaming (avec le Fire TV stick Amazon, Google Chromecast, Apple TV)<\/li>\n<\/ul>\n<h3>Projecteur avec de nombreuses fonctionnalit\u00e9s pour une utilisation polyvalente<\/h3>\n<p>Vivez une exp\u00e9rience de cin\u00e9ma et de gaming \u00e0 couper le souffle chez vous gr\u00e2ce \u00e0 au projecteur LED WiFi LV-HD340 LA VAGUE. Malgr\u00e9 sa petite taille, le projecteur multim\u00e9dia portable permet de v\u00e9ritables s\u00e9ances d&rsquo;amusement gr\u00e2ce \u00e0 sa technologie de projection de pointe LCD de 2 500 Lumen et supporte le Full HD (jusqu&rsquo;\u00e0 1 920p) pour le projeter sur presque toutes les surfaces. Ses interfaces polyvalentes (HDMI, USB, WiFi, entre autres) permettent une connexion Plug &amp; Play avec vos appareils multim\u00e9dia.<\/p>\n<p>Le projecteur LV-HD340 WiFi procure non seulement le plaisir du home cin\u00e9ma et du gaming mais repr\u00e9sente \u00e9galement une acquisition parfaite pour tous les \u00e9v\u00e9nements sportifs. Le projecteur peut \u00eatre install\u00e9 librement partout et est id\u00e9al pour les visioconf\u00e9rences (Zoom, Teams, etc.) ainsi que pour regarder en streaming NETFLIX &amp; YOUTUBE avec le Fire TV Stick Amazon, Google Chromecast ou Apple TV. M\u00eame les transferts miroirs sans fil en WiFi depuis votre t\u00e9l\u00e9phone portable ou tablette sont possibles.<\/p>\n<div><\/div>\n<h3>D\u00e9tails<\/h3>\n<ul>\n<li>Dimensions de l&rsquo;article: 22 x 16,6 x 9,5cm<\/li>\n<li>Poids de l&rsquo;article: 1200 g<\/li>\n<li>Couleur: White<\/li>\n<li>Composition: Bo\u00eetier : 100% plastique<\/li>\n<li>Alimentation: 220-240 V<\/li>\n<li>Fr\u00e9quence (Hz): 50<\/li>\n<li>Source lumineuse: LED<\/li>\n<li>R\u00e9glage du zoom: manuel<\/li>\n<li>Mettre l&rsquo;accent: manuel<\/li>\n<li>Norme Wi-Fi: b<\/li>\n<li>R\u00e9solution maximale: 1920 x 1080<\/li>\n<li>R\u00e9solution native: 1280 x 720<\/li>\n<li>Sortie du ventilateur: Lat\u00e9ral<\/li>\n<li>Formats d&rsquo;images: 16:9, 4:3<\/li>\n<li>Caract\u00e9ristiques projecteur: Haut-parleur interne<\/li>\n<li>Domaines d&rsquo;application: Jeux, Home Cin\u00e9ma, Pr\u00e9sentations<\/li>\n<li>Champ d&rsquo;application: Mode d&#8217;emploi, C\u00e2ble d&rsquo;alimentation<\/li>\n<li>Norme de r\u00e9solution: HD720<\/li>\n<li>Type de connecteur HDMI: HDMI standard (type A)<\/li>\n<li>Type Lecteur de carte: Carte SDHC<\/li>\n<li>Type de port USB: USB standard<\/li>\n<li>Type Alimentation \u00e9lectrique: Cordon d&rsquo;alimentation<\/li>\n<li>Technologie de projection: LCD<\/li>\n<li>Type Connexion audio: AUX, Jack<\/li>\n<li>Type Connexion vid\u00e9o: Composants vid\u00e9o, HDMI, VGA<\/li>\n<li>Compatibilit\u00e9 Port USB: Lecture audio et vid\u00e9o<\/li>\n<li>Fonctions d&rsquo;\u00e9conomie d&rsquo;\u00e9nergie: Arr\u00eat automatique<\/li>\n<li>Rapport de contraste: 1000:1<\/li>\n<li>Correction de la cl\u00e9 de vo\u00fbte: 15<\/li>\n<li>Luminosit\u00e9 (Lumen): 2500<\/li>\n<li>Nombre de pi\u00e8ces: 3<\/li>\n<li>Rapport de projection: 1.3400<\/li>\n<li>Nombre de ports USB: 1<\/li>\n<li>Niveau sonore (max.) (dB): 60<\/li>\n<li>Nombre de lecteurs de cartes: 1<\/li>\n<li>Dur\u00e9e de vie maximale de l&rsquo;illuminant: 30000<\/li>\n<li>Nombre de connexions HDMI: 2<\/li>\n<li>Nombre de connexions audio: 1<\/li>\n<li>Nombre de connexions vid\u00e9o: 1<\/li>\n<li>Longeur du cable: 1,41 m<\/li>\n<li>Puissance: 60 W<\/li>\n<li>Diagonale de projection (max): 380 cm<\/li>\n<li>Diagonale de projection (min): 81 cm<\/li>\n<li>Distance de projection max: 4 m<\/li>\n<li>Distance de projection min: 1,2 m<\/li>\n<\/ul>\n<h3>Contenu de la livraison<\/h3>\n<ul>\n<li>Projecteur<\/li>\n<li>T\u00e9l\u00e9commande<\/li>\n<li>Adaptateur AV<\/li>\n<li>Manuel d&rsquo;instructions<\/li>\n<\/ul>\n<p>1280&#215;720 native Aufl\u00f6sung; unterst\u00fctzt Signale bis zu 1080p; Une technologie LED de haute qualit\u00e9 pour 30 000 heures de divertissement; Projecteur compact pour des projections jusqu&rsquo;\u00e0 150 pouces de diagonale d&rsquo;\u00e9cran; Possibilit\u00e9 de mise en miroir des smartphones\/tablettes via Wi-Fi<\/p>\n<\/div>\n<p><bl-button a11yexpanded=\"false\" arialabel=\"Afficher toute la description\" class=\"read-more__btn\" full=\"false\" link=\"true\">Voir plus<\/bl-button><\/div>","protected":false},"excerpt":{"rendered":"<div class=\"keypoints\">\n<h3 class=\"keypoints__title\">Les points cl\u00e9s<\/h3>\n<ul role=\"list\">\n<li class=\"keypoints__item\" role=\"listitem\">                          LCD &#8211;                                                      Full HD                      <\/li>\n<li class=\"keypoints__item\" role=\"listitem\">                                        Focale classique (1m et plus)                      <\/li>\n<li class=\"keypoints__item\" role=\"listitem\">                          Alimentation : USB &#8211;                                                      2.500 Lumens                      <\/li>\n<li class=\"keypoints__item\" role=\"listitem\">                          Wifi &#8211;                                                      12,0 kg                      <\/li>\n<\/ul>","protected":false},"featured_media":82131,"template":"","meta":{"_glsr_average":0,"_glsr_ranking":0,"_glsr_reviews":0},"product_cat":[450],"product_tag":[451,452],"class_list":{"0":"post-82132","1":"product","2":"type-product","3":"status-publish","4":"has-post-thumbnail","6":"product_cat-videoprojecteur","7":"product_tag-tv-image-son","8":"product_tag-videoprojecteur","10":"first","11":"instock","12":"sale","13":"shipping-taxable","14":"purchasable","15":"product-type-simple"},"_links":{"self":[{"href":"https:\/\/electromenagerexpress.com\/en\/wp-json\/wp\/v2\/product\/82132","targetHints":{"allow":["GET"]}}],"collection":[{"href":"https:\/\/electromenagerexpress.com\/en\/wp-json\/wp\/v2\/product"}],"about":[{"href":"https:\/\/electromenagerexpress.com\/en\/wp-json\/wp\/v2\/types\/product"}],"wp:featuredmedia":[{"embeddable":true,"href":"https:\/\/electromenagerexpress.com\/en\/wp-json\/wp\/v2\/media\/82131"}],"wp:attachment":[{"href":"https:\/\/electromenagerexpress.com\/en\/wp-json\/wp\/v2\/media?parent=82132"}],"wp:term":[{"taxonomy":"product_cat","embeddable":true,"href":"https:\/\/electromenagerexpress.com\/en\/wp-json\/wp\/v2\/product_cat?post=82132"},{"taxonomy":"product_tag","embeddable":true,"href":"https:\/\/electromenagerexpress.com\/en\/wp-json\/wp\/v2\/product_tag?post=82132"}],"curies":[{"name":"wp","href":"https:\/\/api.w.org\/{rel}","templated":true}]}}