{"id":82114,"date":"2024-11-24T15:30:29","date_gmt":"2024-11-24T15:30:29","guid":{"rendered":"https:\/\/electromenagerexpress.com\/product\/videoprojecteur-portableemotnn1-netflix\/"},"modified":"2024-11-24T15:30:35","modified_gmt":"2024-11-24T15:30:35","slug":"videoprojecteur-portableemotnn1-netflix","status":"publish","type":"product","link":"https:\/\/electromenagerexpress.com\/en\/product\/videoprojecteur-portableemotnn1-netflix\/","title":{"rendered":"Vid\u00e9oprojecteur portable\t\t\t\t\t\t\tEMOTN\t\t\t\tN1 Netflix"},"content":{"rendered":"<div class=\"product-features__content\">\n<ul role=\"list\">\n<li class=\"product-features__item\" role=\"listitem\">\n<h3 class=\"product-features__label\">Qualit\u00e9 de l&rsquo;image<\/h3>\n<ul role=\"list\">\n<li class=\"product-features__item-list__item\" role=\"listitem\"><span class=\"is--medium\">R\u00e9solution :<\/span> 1920 x 1080 pixels conditionnent la qualit\u00e9 d&rsquo;image. Plus il y a de pixels, plus l&rsquo;image est riche\t\t\t\t\t<\/li>\n<li class=\"product-features__item-list__item\" role=\"listitem\"><span class=\"is--medium\">Luminosit\u00e9 :<\/span> 500 Lumens\t\t\t\t\t<\/li>\n<li class=\"product-features__item-list__item\" role=\"listitem\"><span class=\"is--medium\">Le saviez-vous :<\/span> plus le nombre de lumens est important, plus on pourra projeter dans une pi\u00e8ce lumineuse selon la technologie\t\t\t\t\t<\/li>\n<li class=\"product-features__item-list__item\" role=\"listitem\"><span class=\"is--medium\">Contraste :<\/span> 1 000:1\t\t\t\t\t<\/li>\n<li class=\"product-features__item-list__item\" role=\"listitem\"><span class=\"is--medium\">Le saviez-vous :<\/span> plus le contraste est \u00e9lev\u00e9, plus la qualit\u00e9 de l&rsquo;image est optimale, un taux de contraste \u00e9lev\u00e9 donne du relief \u00e0 l&rsquo;image\t\t\t\t\t<\/li>\n<li class=\"product-features__item-list__item\" role=\"listitem\"><span class=\"is--medium\">HDR :<\/span> oui, permet d&rsquo;augmenter le niveau de d\u00e9tail de l&rsquo;image et son contraste\t\t\t\t\t<\/li>\n<\/ul>\n<\/li>\n<li class=\"product-features__item\" role=\"listitem\">\n<h3 class=\"product-features__label\">Type de projection<\/h3>\n<ul role=\"list\">\n<li class=\"product-features__item-list__item\" role=\"listitem\"><span class=\"is--medium\">Type de focale (distance du mur) :<\/span> Focale classique (1m et plus)\t\t\t\t\t<\/li>\n<li class=\"product-features__item-list__item\" role=\"listitem\"><span class=\"is--medium\">Distance de projection minimale :<\/span> 1,7 m\t\t\t\t\t<\/li>\n<li class=\"product-features__item-list__item\" role=\"listitem\"><span class=\"is--medium\">Distance de projection maximale :<\/span> 3,1 m\t\t\t\t\t<\/li>\n<li class=\"product-features__item-list__item\" role=\"listitem\"><span class=\"is--medium\">Taille de l&rsquo;image minimale :<\/span> 60,0 m\t\t\t\t\t<\/li>\n<li class=\"product-features__item-list__item\" role=\"listitem\"><span class=\"is--medium\">Taille de l&rsquo;image maximale :<\/span> 120,0 m\t\t\t\t\t<\/li>\n<li class=\"product-features__item-list__item\" role=\"listitem\"><span class=\"is--medium\">Format natif :<\/span> 16\/9\t\t\t\t\t<\/li>\n<li class=\"product-features__item-list__item\" role=\"listitem\"><span class=\"is--medium\">Compatibilit\u00e9 3D :<\/span> non\t\t\t\t\t<\/li>\n<\/ul>\n<\/li>\n<li class=\"product-features__item\" role=\"listitem\">\n<h3 class=\"product-features__label\">Mise au point<\/h3>\n<ul role=\"list\">\n<li class=\"product-features__item-list__item\" role=\"listitem\"><span class=\"is--medium\">Mise au point :<\/span> Auto et manuelle\t\t\t\t\t<\/li>\n<li class=\"product-features__item-list__item\" role=\"listitem\"><span class=\"is--medium\">Rapport de projection :<\/span> 1.2 &#8211; 1.44 : 1\t\t\t\t\t<\/li>\n<li class=\"product-features__item-list__item\" role=\"listitem\"><span class=\"is--medium\">Le saviez-vous :<\/span> il permet de d\u00e9terminer la taille de l&rsquo;\u00e9cran en fonction du recul du projecteur, plus le rapport de projection sera \u00e9lev\u00e9 plus il faudra de recul pour installer votre vid\u00e9o\t\t\t\t\t<\/li>\n<li class=\"product-features__item-list__item\" role=\"listitem\"><span class=\"is--medium\">D\u00e9placement de l&rsquo;image (Lens shift) :<\/span> verticale et horizontale\t\t\t\t\t<\/li>\n<li class=\"product-features__item-list__item\" role=\"listitem\"><span class=\"is--medium\">Correction verticale (en pourcentage) :<\/span> 40\t\t\t\t\t<\/li>\n<li class=\"product-features__item-list__item\" role=\"listitem\"><span class=\"is--medium\">Correction horizontale (en pourcentage) :<\/span> 40\t\t\t\t\t<\/li>\n<li class=\"product-features__item-list__item\" role=\"listitem\"><span class=\"is--medium\">Le saviez-vous :<\/span> permet de d\u00e9placer l&rsquo;image sans avoir \u00e0 bouger le projecteur m\u00eame lorsque celui-ci est d\u00e9cal\u00e9, et ce sans d\u00e9formation\t\t\t\t\t<\/li>\n<li class=\"product-features__item-list__item\" role=\"listitem\"><span class=\"is--medium\">Correction du trap\u00e8ze (Keystone) :<\/span> automatique\t\t\t\t\t<\/li>\n<li class=\"product-features__item-list__item\" role=\"listitem\"><span class=\"is--medium\">Le saviez-vous :<\/span> permet de corriger la d\u00e9formation de l&rsquo;image (en forme de trap\u00e8ze) lorsque celle-ci est projet\u00e9e de biais\t\t\t\t\t<\/li>\n<\/ul>\n<\/li>\n<li class=\"product-features__item\" role=\"listitem\">\n<h3 class=\"product-features__label\">Construction<\/h3>\n<ul role=\"list\">\n<li class=\"product-features__item-list__item\" role=\"listitem\"><span class=\"is--medium\">Type de lampe :<\/span> LED, consomme moins d&rsquo;\u00e9nergie qu&rsquo;une lampe classique ce qui permet d&rsquo;allonger sa dur\u00e9e de vie, de produire moins de chaleur et de bruit\t\t\t\t\t<\/li>\n<li class=\"product-features__item-list__item\" role=\"listitem\"><span class=\"is--medium\">Dur\u00e9e de vie de la lampe :<\/span> 30.000 h\t\t\t\t\t<\/li>\n<li class=\"product-features__item-list__item\" role=\"listitem\"><span class=\"is--medium\">Niveau sonore (mode normal) :<\/span> 26 dB\t\t\t\t\t<\/li>\n<li class=\"product-features__item-list__item\" role=\"listitem\"><span class=\"is--medium\">Haut parleur int\u00e9gr\u00e9 :<\/span> Oui\t\t\t\t\t<\/li>\n<li class=\"product-features__item-list__item\" role=\"listitem\"><span class=\"is--medium\">Puissance (en watts RMS) :<\/span> 5 Watts RMS\t\t\t\t\t<\/li>\n<li class=\"product-features__item-list__item\" role=\"listitem\"><span class=\"is--medium\">Comprendre les watts RMS :<\/span> ce sont les watts r\u00e9ellement utils\u00e9s pour d\u00e9livrer la puissance de l&rsquo;enceinte\t\t\t\t\t<\/li>\n<li class=\"product-features__item-list__item\" role=\"listitem\"><span class=\"is--medium\">Fixation sur Tr\u00e9pied :<\/span> Oui\t\t\t\t\t<\/li>\n<li class=\"product-features__item-list__item\" role=\"listitem\"><span class=\"is--medium\">Fixation au plafond :<\/span> Non\t\t\t\t\t<\/li>\n<li class=\"product-features__item-list__item\" role=\"listitem\"><span class=\"is--medium\">M\u00e9moire interne :<\/span> 8 GO\t\t\t\t\t<\/li>\n<li class=\"product-features__item-list__item\" role=\"listitem\"><span class=\"is--medium\">Ecran inclus :<\/span> Non\t\t\t\t\t<\/li>\n<\/ul>\n<\/li>\n<li class=\"product-features__item\" role=\"listitem\">\n<h3 class=\"product-features__label\">Connectivit\u00e9<\/h3>\n<ul role=\"list\">\n<li class=\"product-features__item-list__item\" role=\"listitem\"><span class=\"is--medium\">Bluetooth :<\/span> bluetooth in et out\t\t\t\t\t<\/li>\n<li class=\"product-features__item-list__item\" role=\"listitem\"><span class=\"is--medium\">Fonctionnalit\u00e9 du bluetooth :<\/span> in, permet d&rsquo;envoyer sans fil un contenu sur le vid\u00e9oprojecteur et out, permet d&rsquo;envoyer le son du vid\u00e9oprojecteur vers une barre de son ou enceinte bluetooth compatible\t\t\t\t\t<\/li>\n<li class=\"product-features__item-list__item\" role=\"listitem\"><span class=\"is--medium\">Wifi :<\/span> Int\u00e9gr\u00e9\t\t\t\t\t<\/li>\n<\/ul>\n<\/li>\n<li class=\"product-features__item\" role=\"listitem\">\n<h3 class=\"product-features__label\">Alimentation et consommation<\/h3>\n<ul role=\"list\">\n<li class=\"product-features__item-list__item\" role=\"listitem\"><span class=\"is--medium\">Alimentation :<\/span> Secteur\t\t\t\t\t<\/li>\n<li class=\"product-features__item-list__item\" role=\"listitem\"><span class=\"is--medium\">Batterie incluse :<\/span> non\t\t\t\t\t<\/li>\n<li class=\"product-features__item-list__item\" role=\"listitem\"><span class=\"is--medium\">Consommation en fonctionnement :<\/span> 110 W\t\t\t\t\t<\/li>\n<\/ul>\n<\/li>\n<li class=\"product-features__item\" role=\"listitem\">\n<h3 class=\"product-features__label\">Connectiques<\/h3>\n<ul role=\"list\">\n<li class=\"product-features__item-list__item\" role=\"listitem\"><span class=\"is--medium\">HDMI 1.4 :<\/span> 1\t\t\t\t\t<\/li>\n<li class=\"product-features__item-list__item\" role=\"listitem\"><span class=\"is--medium\">Port USB :<\/span> 1\t\t\t\t\t<\/li>\n<li class=\"product-features__item-list__item\" role=\"listitem\"><span class=\"is--medium\">Sortie audio :<\/span> 0\t\t\t\t\t<\/li>\n<li class=\"product-features__item-list__item\" role=\"listitem\"><span class=\"is--medium\">Sortie optique :<\/span> 1\t\t\t\t\t<\/li>\n<\/ul>\n<\/li>\n<li class=\"product-features__item\" role=\"listitem\">\n<h3 class=\"product-features__label\">Dimensions<\/h3>\n<ul role=\"list\">\n<li class=\"product-features__item-list__item\" role=\"listitem\"><span class=\"is--medium\">Dimensions l x h x p :<\/span> 10 x 16 x 10 cm\t\t\t\t\t<\/li>\n<li class=\"product-features__item-list__item\" role=\"listitem\"><span class=\"is--medium\">Poids :<\/span> 3,6 kg\t\t\t\t\t<\/li>\n<li class=\"product-features__item-list__item\" role=\"listitem\"><span class=\"is--medium\">Poids Brut (kg) :<\/span> 3.6\t\t\t\t\t<\/li>\n<\/ul>\n<\/li>\n<li class=\"product-features__item\" role=\"listitem\">\n<h3 class=\"product-features__label\">Informations compl\u00e9mentaires<\/h3>\n<ul role=\"list\">\n<li class=\"product-features__item-list__item\" role=\"listitem\"><span class=\"is--medium\">Fabriqu\u00e9 en :<\/span> Chine\t\t\t\t\t<\/li>\n<li class=\"product-features__item-list__item\" role=\"listitem\"><span class=\"is--medium\">Disponibilit\u00e9 des pi\u00e8ces d\u00e9tach\u00e9es (donn\u00e9es fournisseur) :<\/span> Non communiqu\u00e9e\t\t\t\t\t<\/li>\n<\/ul>\n<\/li>\n<\/ul>\n<\/div>\n<div class=\"product__disclosure-content\">\n<div class=\"js-read-more product-description__content read-more read-more--truncated\" data-read-more-name=\"description\" style=\"max-height: 500px; overflow: hidden;\">\n<p><script>(window.BOOMR_mq=window.BOOMR_mq||[]).push([\"addVar\",{\"rua.upush\":\"false\",\"rua.cpush\":\"false\",\"rua.upre\":\"false\",\"rua.cpre\":\"true\",\"rua.uprl\":\"false\",\"rua.cprl\":\"false\",\"rua.cprf\":\"false\",\"rua.trans\":\"SJ-66a130a5-33dc-463a-8545-8800cfbae944\",\"rua.cook\":\"true\",\"rua.ims\":\"false\",\"rua.ufprl\":\"false\",\"rua.cfprl\":\"true\",\"rua.isuxp\":\"false\",\"rua.texp\":\"norulematch\",\"rua.ceh\":\"false\",\"rua.ueh\":\"false\",\"rua.ieh.st\":\"0\"}]);<\/script><script>!function(a){var e=\"https:\/\/s.go-mpulse.net\/boomerang\/\",t=\"addEventListener\";if(\"False\"==\"True\")a.BOOMR_config=a.BOOMR_config||{},a.BOOMR_config.PageParams=a.BOOMR_config.PageParams||{},a.BOOMR_config.PageParams.pci=!0,e=\"https:\/\/s2.go-mpulse.net\/boomerang\/\";if(window.BOOMR_API_key=\"Z4ZTB-YK2HU-DVJZV-LHY77-RXHK2\",function(){function n(e){a.BOOMR_onload=e&&e.timeStamp||(new Date).getTime()}if(!a.BOOMR||!a.BOOMR.version&&!a.BOOMR.snippetExecuted){a.BOOMR=a.BOOMR||{},a.BOOMR.snippetExecuted=!0;var i,_,o,r=document.createElement(\"iframe\");if(a[t])a[t](\"load\",n,!1);else if(a.attachEvent)a.attachEvent(\"onload\",n);r.src=\"javascript:void(0)\",r.title=\"\",r.role=\"presentation\",(r.frameElement||r).style.cssText=\"width:0;height:0;border:0;display:none;\",o=document.getElementsByTagName(\"script\")[0],o.parentNode.insertBefore(r,o);try{_=r.contentWindow.document}catch(O){i=document.domain,r.src=\"javascript:var d=document.open();d.domain='\"+i+\"';void(0);\",_=r.contentWindow.document}_.open()._l=function(){var a=this.createElement(\"script\");if(i)this.domain=i;a.id=\"boomr-if-as\",a.src=e+\"Z4ZTB-YK2HU-DVJZV-LHY77-RXHK2\",BOOMR_lstart=(new Date).getTime(),this.body.appendChild(a)},_.write(\"<bo\"+'dy onload=\"document._l();\">'),_.close()}}(),\"\".length>0)if(a&&\"performance\"in a&&a.performance&&\"function\"==typeof a.performance.setResourceTimingBufferSize)a.performance.setResourceTimingBufferSize();!function(){if(BOOMR=a.BOOMR||{},BOOMR.plugins=BOOMR.plugins||{},!BOOMR.plugins.AK){var e=\"true\"==\"true\"?1:0,t=\"cookiepresent\",n=\"m6mhkcqx2jxzmzzx6boq-f-0bb9b2c36-clientnsv4-s.akamaihd.net\",i=\"false\"==\"true\"?2:1,_={\"ak.v\":\"39\",\"ak.cp\":\"23283\",\"ak.ai\":parseInt(\"173620\",10),\"ak.ol\":\"0\",\"ak.cr\":188,\"ak.ipv\":4,\"ak.proto\":\"h2\",\"ak.rid\":\"1e2fdf5\",\"ak.r\":44715,\"ak.a2\":e,\"ak.m\":\"b\",\"ak.n\":\"essl\",\"ak.bpcip\":\"103.152.117.0\",\"ak.cport\":4699,\"ak.gh\":\"23.44.214.28\",\"ak.quicv\":\"\",\"ak.tlsv\":\"tls1.3\",\"ak.0rtt\":\"\",\"ak.0rtt.ed\":\"\",\"ak.csrc\":\"-\",\"ak.acc\":\"\",\"ak.t\":\"1731719261\",\"ak.ak\":\"hOBiQwZUYzCg5VSAfCLimQ==etgLTc7ThYW1\/6WNJpioVlFbcsg3JbOXvQArRl396KTjQ2gOzndSMyW6uIlh4g93Y4W8r\/aOuOT5W998Jt8PdQSXdaE4hkvmCW3FWkbIaGJLmVSaV5+8BZ2\/cLyt7nxM\/aSan1qYKQhh4vpAputv1ArGzHxnLk4KO8ewK3Qk1PIfhLO1WoWwedhtQY03oebYfWTY7dSpBN49sn5UyqlriJOfubTTbepiQuQG8GHXpF\/07+8uMSI1FQCjv4LoULUPV2vhvBjWlYVz8SNwSE7mOT1\/6g4es\/CeQ\/7lmPCxhU4a1tOCJcgJ60HfxTh8G5y0qOW8rql15bNNWgAikWCtwSTAxBuwv7XkOeKBnB5lbyZj6xhqm9bjiTtsPDBr6L5BJOg4\/GrcQMCaIq1jmQAOaNH4pAOHPZhfgYO9yERon5Q=\",\"ak.pv\":\"514\",\"ak.dpoabenc\":\"\",\"ak.tf\":i};if(\"\"!==t)_[\"ak.ruds\"]=t;var o={i:!1,av:function(e){var t=\"http.initiator\";if(e&&(!e[t]||\"spa_hard\"===e[t]))_[\"ak.feo\"]=void 0!==a.aFeoApplied?1:0,BOOMR.addVar(_)},rv:function(){var a=[\"ak.bpcip\",\"ak.cport\",\"ak.cr\",\"ak.csrc\",\"ak.gh\",\"ak.ipv\",\"ak.m\",\"ak.n\",\"ak.ol\",\"ak.proto\",\"ak.quicv\",\"ak.tlsv\",\"ak.0rtt\",\"ak.0rtt.ed\",\"ak.r\",\"ak.acc\",\"ak.t\",\"ak.tf\"];BOOMR.removeVar(a)}};BOOMR.plugins.AK={akVars:_,akDNSPreFetchDomain:n,init:function(){if(!o.i){var a=BOOMR.subscribe;a(\"before_beacon\",o.av,null,null),a(\"onbeacon\",o.rv,null,null),o.i=!0}return this},is_complete:function(){return!0}}}}()}(window);<\/script><\/p>\n<p style=\"text-align: center;\"><strong><span style=\"font-size: 18pt;\">Emotn N1<\/span> <\/strong><\/p>\n<p><\/p>\n<h3 class=\"has-text-align-center wp-block-heading\" style=\"text-align: center;\">Vid\u00e9oprojecteur 500 ANSI Lumens, 1080p FHD, sous Licence Officielle Netflix<\/h3>\n<p><\/p>\n<ul><\/p>\n<li style=\"text-align: left;\"><strong>Sous licence officielle Netflix :<\/strong> entrez dans la vaste biblioth\u00e8que Netflix d\u00e8s que vous allumez. La t\u00e9l\u00e9commande avec raccourcis clavier pour les trois applications de streaming populaires &#8211; Netflix, Prime Video et YouTube &#8211; vous permet d&rsquo;acc\u00e9der \u00e0 vos applications pr\u00e9f\u00e9r\u00e9es avec un simple click. YouTube Kids, Toon Googles, TIKILIVE, Open Browser et APP STORE sont \u00e9galement pr\u00eats \u00e0 rendre votre temps de divertissement plus riche et plus amusant.<img fetchpriority=\"high\" decoding=\"async\" alt=\"1\" height=\"330\" src=\"https:\/\/m.media-amazon.com\/images\/S\/aplus-media-library-service-media\/6072796a-fe3b-4b7b-a12e-794a52c40fcb.__CR0,0,1464,600_PT0_SX1464_V1___.jpg\" style=\"display: block; margin-left: auto; margin-right: auto;\" width=\"805\"\/><\/li>\n<p><\/p>\n<li style=\"text-align: left;\"><strong>Affichage dynamique avec flexibilit\u00e9 :<\/strong> avec une qualit\u00e9 FHD 1080p native, la technologie HDR10+HLG, un rapport de projection de 1,25:1 et 500 lumens ANSI, vous pouvez regarder tous vos favoris en haute d\u00e9finition et un contraste incroyable pour des blancs brillants et de vrais noirs. La taille de projection de 60&Prime;-120&Prime; et la fonction de zoom de 100% \u00e0 50% vous permettent de personnaliser librement votre \u00e9cran de cin\u00e9ma \u00e0 la maison.<img decoding=\"async\" alt=\"1\" height=\"331\" src=\"https:\/\/m.media-amazon.com\/images\/S\/aplus-media-library-service-media\/d75ebd0e-314e-435c-bc6c-466686c85aaf.__CR0,0,1464,600_PT0_SX1464_V1___.jpg\" style=\"display: block; margin-left: auto; margin-right: auto;\" width=\"806\"\/><\/li>\n<p><\/p>\n<li style=\"text-align: left;\"><strong>Faites de la configuration un jeu d&rsquo;enfant :<\/strong> gr\u00e2ce \u00e0 la mise au point automatique et \u00e0 la correction automatique de la distorsion trap\u00e9zo\u00efdale de pointe, une configuration ultra-rapide de 3 secondes vous offre la tranquillit\u00e9 d&rsquo;esprit avant de vous mettre dans l&rsquo;ambiance de vos films pr\u00e9f\u00e9r\u00e9s. Vous obtiendrez une image rectangulaire claire en quelques secondes, et l&rsquo;ensemble du processus de configuration est presque transparent.<img decoding=\"async\" alt=\"Dolby Audio\" height=\"331\" src=\"https:\/\/m.media-amazon.com\/images\/S\/aplus-media-library-service-media\/09b831b7-738a-454b-b9bc-a5e898c65d43.__CR0,0,1464,600_PT0_SX1464_V1___.jpg\" style=\"display: block; margin-left: auto; margin-right: auto;\" width=\"808\"\/><\/li>\n<p><\/p>\n<li style=\"text-align: left;\"><strong>Son de qualit\u00e9 cin\u00e9matographique :<\/strong> am\u00e9lior\u00e9 avec Dolby Audio et 2 haut-parleurs de 5 W, vous entendrez chaque son avec une clart\u00e9 exceptionnelle. Le son haute fid\u00e9lit\u00e9 vous donnera l&rsquo;impression d&rsquo;\u00eatre au coeur de l&rsquo;histoire &#8211; ce n&rsquo;est pas seulement un vid\u00e9oprojecteur : c&rsquo;est un home cin\u00e9ma. La machine optique scell\u00e9e aide \u00e0 r\u00e9duire la pollution par la poussi\u00e8re et offre une immersion durable avec des sources de lumi\u00e8re LED efficaces et un niveau de bruit inf\u00e9rieur \u00e0 26 dB.<img loading=\"lazy\" decoding=\"async\" alt=\"1\" height=\"328\" src=\"https:\/\/m.media-amazon.com\/images\/S\/aplus-media-library-service-media\/f92f58c1-b9df-4c35-8c9f-b9b07d1e4656.__CR0,0,1464,600_PT0_SX1464_V1___.jpg\" style=\"display: block; margin-left: auto; margin-right: auto;\" width=\"801\"\/><\/li>\n<p><\/p>\n<li style=\"text-align: left;\"><strong>Connectivit\u00e9 filaire et sans fil :<\/strong> con\u00e7u avec une connectivit\u00e9 polyvalente, y compris HDMI, USB, WiFi et Bluetooth, Emotn N1 se connecte \u00e0 divers appareils, pour un usage professionnel ou personnel. Dites adieu aux retards avec un WiFi 5G plus rapide et plus fluide, et dites bonjour \u00e0 un haut-parleur Bluetooth avec une connexion Bluetooth 5.0 avanc\u00e9e.<\/li>\n<p><\/ul>\n<p><script src=\"\/2CrKhy\/u\/k\/yLK5vwfx2Mgh\/uNJahbmVhzVruD\/CAoOAg\/GEt\/VBWNubXgB\" type=\"text\/javascript\"><\/script><\/p>\n<p>Emotn N1 Mini Projecteur Domestique sous Licence Officielle Netflix, Vid\u00e9oprojecteur de Cin\u00e9ma Maison avec 500 Lumens ANSI 1080P, WiFi 5G et Bluetooth 5.0<\/p>\n<\/div>\n<p><bl-button a11yexpanded=\"false\" arialabel=\"Afficher toute la description\" class=\"read-more__btn\" full=\"false\" link=\"true\">Voir plus<\/bl-button><\/div>","protected":false},"excerpt":{"rendered":"<div class=\"keypoints\">\n<h3 class=\"keypoints__title\">Les points cl\u00e9s<\/h3>\n<ul role=\"list\">\n<li class=\"keypoints__item\" role=\"listitem\">                          LCD &#8211;                                                      Full HD                      <\/li>\n<li class=\"keypoints__item\" role=\"listitem\">                                        Focale classique (1m et plus)                      <\/li>\n<li class=\"keypoints__item\" role=\"listitem\">                          Alimentation : Secteur &#8211;                                                      500 Lumens                      <\/li>\n<li class=\"keypoints__item\" role=\"listitem\">                          Wifi, Bluetooth &#8211;                                                      3,6 kg                      <\/li>\n<li class=\"keypoints__item keypoints__item--advantage\" role=\"listitem\"><strong>Le + :<\/strong> Connectivit\u00e9 polyvalente, Dolby Audio      <\/li>\n<\/ul>","protected":false},"featured_media":82113,"template":"","meta":{"_glsr_average":0,"_glsr_ranking":0,"_glsr_reviews":0},"product_cat":[450],"product_tag":[451,452],"class_list":{"0":"post-82114","1":"product","2":"type-product","3":"status-publish","4":"has-post-thumbnail","6":"product_cat-videoprojecteur","7":"product_tag-tv-image-son","8":"product_tag-videoprojecteur","10":"first","11":"instock","12":"sale","13":"shipping-taxable","14":"purchasable","15":"product-type-simple"},"_links":{"self":[{"href":"https:\/\/electromenagerexpress.com\/en\/wp-json\/wp\/v2\/product\/82114","targetHints":{"allow":["GET"]}}],"collection":[{"href":"https:\/\/electromenagerexpress.com\/en\/wp-json\/wp\/v2\/product"}],"about":[{"href":"https:\/\/electromenagerexpress.com\/en\/wp-json\/wp\/v2\/types\/product"}],"wp:featuredmedia":[{"embeddable":true,"href":"https:\/\/electromenagerexpress.com\/en\/wp-json\/wp\/v2\/media\/82113"}],"wp:attachment":[{"href":"https:\/\/electromenagerexpress.com\/en\/wp-json\/wp\/v2\/media?parent=82114"}],"wp:term":[{"taxonomy":"product_cat","embeddable":true,"href":"https:\/\/electromenagerexpress.com\/en\/wp-json\/wp\/v2\/product_cat?post=82114"},{"taxonomy":"product_tag","embeddable":true,"href":"https:\/\/electromenagerexpress.com\/en\/wp-json\/wp\/v2\/product_tag?post=82114"}],"curies":[{"name":"wp","href":"https:\/\/api.w.org\/{rel}","templated":true}]}}