{"id":82063,"date":"2024-11-24T15:29:41","date_gmt":"2024-11-24T15:29:41","guid":{"rendered":"https:\/\/electromenagerexpress.com\/product\/videoprojecteur-home-cinemadangbeimars-pro-4k-laser\/"},"modified":"2024-11-24T15:29:47","modified_gmt":"2024-11-24T15:29:47","slug":"videoprojecteur-home-cinemadangbeimars-pro-4k-laser","status":"publish","type":"product","link":"https:\/\/electromenagerexpress.com\/en\/product\/videoprojecteur-home-cinemadangbeimars-pro-4k-laser\/","title":{"rendered":"Vid\u00e9oprojecteur home cin\u00e9ma\t\t\t\t\t\t\tDANGBEI\t\t\t\tMars Pro 4K Laser"},"content":{"rendered":"<div class=\"product-features__content\">\n<ul role=\"list\">\n<li class=\"product-features__item\" role=\"listitem\">\n<h3 class=\"product-features__label\">Qualit\u00e9 de l&rsquo;image<\/h3>\n<ul role=\"list\">\n<li class=\"product-features__item-list__item\" role=\"listitem\"><span class=\"is--medium\">Technologie :<\/span> DLP, l&rsquo;image est cr\u00e9\u00e9e en projetant successivement et rapidement les couleurs d&rsquo;une roue chromatique ce qui permet d&rsquo;obtenir une image nette, des couleurs naturelles et des noirs profonds\t\t\t\t\t<\/li>\n<li class=\"product-features__item-list__item\" role=\"listitem\"><span class=\"is--medium\">R\u00e9solution :<\/span> 3840 x 2160 pixels conditionnent la qualit\u00e9 d&rsquo;image. Plus il y a de pixels, plus l&rsquo;image est riche\t\t\t\t\t<\/li>\n<li class=\"product-features__item-list__item\" role=\"listitem\"><span class=\"is--medium\">Luminosit\u00e9 :<\/span> 3.200 Lumens\t\t\t\t\t<\/li>\n<li class=\"product-features__item-list__item\" role=\"listitem\"><span class=\"is--medium\">Le saviez-vous :<\/span> plus le nombre de lumens est important, plus on pourra projeter dans une pi\u00e8ce lumineuse selon la technologie\t\t\t\t\t<\/li>\n<li class=\"product-features__item-list__item\" role=\"listitem\"><span class=\"is--medium\">Contraste :<\/span> 1 000:1\t\t\t\t\t<\/li>\n<li class=\"product-features__item-list__item\" role=\"listitem\"><span class=\"is--medium\">Le saviez-vous :<\/span> plus le contraste est \u00e9lev\u00e9, plus la qualit\u00e9 de l&rsquo;image est optimale, un taux de contraste \u00e9lev\u00e9 donne du relief \u00e0 l&rsquo;image\t\t\t\t\t<\/li>\n<li class=\"product-features__item-list__item\" role=\"listitem\"><span class=\"is--medium\">HDR :<\/span> oui, permet d&rsquo;augmenter le niveau de d\u00e9tail de l&rsquo;image et son contraste\t\t\t\t\t<\/li>\n<\/ul>\n<\/li>\n<li class=\"product-features__item\" role=\"listitem\">\n<h3 class=\"product-features__label\">Type de projection<\/h3>\n<ul role=\"list\">\n<li class=\"product-features__item-list__item\" role=\"listitem\"><span class=\"is--medium\">Type de focale (distance du mur) :<\/span> Focale classique (1m et plus)\t\t\t\t\t<\/li>\n<li class=\"product-features__item-list__item\" role=\"listitem\"><span class=\"is--medium\">Distance de projection minimale :<\/span> 2,2 m\t\t\t\t\t<\/li>\n<li class=\"product-features__item-list__item\" role=\"listitem\"><span class=\"is--medium\">Distance de projection maximale :<\/span> 5,3 m\t\t\t\t\t<\/li>\n<li class=\"product-features__item-list__item\" role=\"listitem\"><span class=\"is--medium\">Taille de l&rsquo;image minimale :<\/span> 80,0 m\t\t\t\t\t<\/li>\n<li class=\"product-features__item-list__item\" role=\"listitem\"><span class=\"is--medium\">Taille de l&rsquo;image maximale :<\/span> 150,0 m\t\t\t\t\t<\/li>\n<li class=\"product-features__item-list__item\" role=\"listitem\"><span class=\"is--medium\">Format natif :<\/span> 16\/9\t\t\t\t\t<\/li>\n<li class=\"product-features__item-list__item\" role=\"listitem\"><span class=\"is--medium\">Zoom :<\/span> 50%-100%\t\t\t\t\t<\/li>\n<li class=\"product-features__item-list__item\" role=\"listitem\"><span class=\"is--medium\">Compatibilit\u00e9 3D :<\/span> oui\t\t\t\t\t<\/li>\n<\/ul>\n<\/li>\n<li class=\"product-features__item\" role=\"listitem\">\n<h3 class=\"product-features__label\">Mise au point<\/h3>\n<ul role=\"list\">\n<li class=\"product-features__item-list__item\" role=\"listitem\"><span class=\"is--medium\">Mise au point :<\/span> Auto et manuelle\t\t\t\t\t<\/li>\n<li class=\"product-features__item-list__item\" role=\"listitem\"><span class=\"is--medium\">Rapport de projection :<\/span> 1,22 &#8211; 1,47 : 1\t\t\t\t\t<\/li>\n<li class=\"product-features__item-list__item\" role=\"listitem\"><span class=\"is--medium\">Le saviez-vous :<\/span> il permet de d\u00e9terminer la taille de l&rsquo;\u00e9cran en fonction du recul du projecteur, plus le rapport de projection sera \u00e9lev\u00e9 plus il faudra de recul pour installer votre vid\u00e9o\t\t\t\t\t<\/li>\n<li class=\"product-features__item-list__item\" role=\"listitem\"><span class=\"is--medium\">D\u00e9placement de l&rsquo;image (Lens shift) :<\/span> verticale et horizontale\t\t\t\t\t<\/li>\n<li class=\"product-features__item-list__item\" role=\"listitem\"><span class=\"is--medium\">Le saviez-vous :<\/span> permet de d\u00e9placer l&rsquo;image sans avoir \u00e0 bouger le projecteur m\u00eame lorsque celui-ci est d\u00e9cal\u00e9, et ce sans d\u00e9formation\t\t\t\t\t<\/li>\n<li class=\"product-features__item-list__item\" role=\"listitem\"><span class=\"is--medium\">Correction du trap\u00e8ze (Keystone) :<\/span> automatique\t\t\t\t\t<\/li>\n<li class=\"product-features__item-list__item\" role=\"listitem\"><span class=\"is--medium\">Correction en degr\u00e9s :<\/span> 40\t\t\t\t\t<\/li>\n<li class=\"product-features__item-list__item\" role=\"listitem\"><span class=\"is--medium\">Le saviez-vous :<\/span> permet de corriger la d\u00e9formation de l&rsquo;image (en forme de trap\u00e8ze) lorsque celle-ci est projet\u00e9e de biais\t\t\t\t\t<\/li>\n<\/ul>\n<\/li>\n<li class=\"product-features__item\" role=\"listitem\">\n<h3 class=\"product-features__label\">Construction<\/h3>\n<ul role=\"list\">\n<li class=\"product-features__item-list__item\" role=\"listitem\"><span class=\"is--medium\">Type de lampe :<\/span> Laser, permet d&rsquo;afficher une luminosit\u00e9 tr\u00e8s \u00e9lev\u00e9e pendant une longue dur\u00e9e sans diminuer sa performance ni impacter sa dur\u00e9e de vie\t\t\t\t\t<\/li>\n<li class=\"product-features__item-list__item\" role=\"listitem\"><span class=\"is--medium\">Dur\u00e9e de vie de la lampe :<\/span> 30.000 h\t\t\t\t\t<\/li>\n<li class=\"product-features__item-list__item\" role=\"listitem\"><span class=\"is--medium\">Niveau sonore (mode normal) :<\/span> 24 dB\t\t\t\t\t<\/li>\n<li class=\"product-features__item-list__item\" role=\"listitem\"><span class=\"is--medium\">Haut parleur int\u00e9gr\u00e9 :<\/span> Oui\t\t\t\t\t<\/li>\n<li class=\"product-features__item-list__item\" role=\"listitem\"><span class=\"is--medium\">Puissance (en watts RMS) :<\/span> 10 Watts RMS\t\t\t\t\t<\/li>\n<li class=\"product-features__item-list__item\" role=\"listitem\"><span class=\"is--medium\">Comprendre les watts RMS :<\/span> ce sont les watts r\u00e9ellement utils\u00e9s pour d\u00e9livrer la puissance de l&rsquo;enceinte\t\t\t\t\t<\/li>\n<li class=\"product-features__item-list__item\" role=\"listitem\"><span class=\"is--medium\">Fixation sur Tr\u00e9pied :<\/span> Oui\t\t\t\t\t<\/li>\n<li class=\"product-features__item-list__item\" role=\"listitem\"><span class=\"is--medium\">Fixation au plafond :<\/span> Oui\t\t\t\t\t<\/li>\n<li class=\"product-features__item-list__item\" role=\"listitem\"><span class=\"is--medium\">M\u00e9moire interne :<\/span> 128 GO\t\t\t\t\t<\/li>\n<li class=\"product-features__item-list__item\" role=\"listitem\"><span class=\"is--medium\">Ecran inclus :<\/span> Non\t\t\t\t\t<\/li>\n<\/ul>\n<\/li>\n<li class=\"product-features__item\" role=\"listitem\">\n<h3 class=\"product-features__label\">Connectivit\u00e9<\/h3>\n<ul role=\"list\">\n<li class=\"product-features__item-list__item\" role=\"listitem\"><span class=\"is--medium\">Bluetooth :<\/span> bluetooth in et out\t\t\t\t\t<\/li>\n<li class=\"product-features__item-list__item\" role=\"listitem\"><span class=\"is--medium\">Fonctionnalit\u00e9 du bluetooth :<\/span> in, permet d&rsquo;envoyer sans fil un contenu sur le vid\u00e9oprojecteur et out, permet d&rsquo;envoyer le son du vid\u00e9oprojecteur vers une barre de son ou enceinte bluetooth compatible\t\t\t\t\t<\/li>\n<li class=\"product-features__item-list__item\" role=\"listitem\"><span class=\"is--medium\">Wifi :<\/span> Int\u00e9gr\u00e9\t\t\t\t\t<\/li>\n<\/ul>\n<\/li>\n<li class=\"product-features__item\" role=\"listitem\">\n<h3 class=\"product-features__label\">Alimentation et consommation<\/h3>\n<ul role=\"list\">\n<li class=\"product-features__item-list__item\" role=\"listitem\"><span class=\"is--medium\">Alimentation :<\/span> Secteur\t\t\t\t\t<\/li>\n<li class=\"product-features__item-list__item\" role=\"listitem\"><span class=\"is--medium\">Batterie incluse :<\/span> non\t\t\t\t\t<\/li>\n<li class=\"product-features__item-list__item\" role=\"listitem\"><span class=\"is--medium\">Consommation en fonctionnement :<\/span> 150 W\t\t\t\t\t<\/li>\n<li class=\"product-features__item-list__item\" role=\"listitem\"><span class=\"is--medium\">Mode Eco :<\/span> oui, r\u00e9duit la luminosit\u00e9 de la lampe et le bruit du ventilateur pour \u00e9conomiser de l&rsquo;\u00e9nergie tout en prolongeant la dur\u00e9e de vie de la lampe\t\t\t\t\t<\/li>\n<li class=\"product-features__item-list__item\" role=\"listitem\"><span class=\"is--medium\">D\u00e9marrage instantan\u00e9 :<\/span> Oui\t\t\t\t\t<\/li>\n<\/ul>\n<\/li>\n<li class=\"product-features__item\" role=\"listitem\">\n<h3 class=\"product-features__label\">Connectiques<\/h3>\n<ul role=\"list\">\n<li class=\"product-features__item-list__item\" role=\"listitem\"><span class=\"is--medium\">HDMI 1.4 :<\/span> 2\t\t\t\t\t<\/li>\n<li class=\"product-features__item-list__item\" role=\"listitem\"><span class=\"is--medium\">Port USB :<\/span> 2\t\t\t\t\t<\/li>\n<li class=\"product-features__item-list__item\" role=\"listitem\"><span class=\"is--medium\">Sortie audio :<\/span> 1\t\t\t\t\t<\/li>\n<li class=\"product-features__item-list__item\" role=\"listitem\"><span class=\"is--medium\">Sortie optique :<\/span> 0\t\t\t\t\t<\/li>\n<\/ul>\n<\/li>\n<li class=\"product-features__item\" role=\"listitem\">\n<h3 class=\"product-features__label\">Dimensions<\/h3>\n<ul role=\"list\">\n<li class=\"product-features__item-list__item\" role=\"listitem\"><span class=\"is--medium\">Dimensions l x h x p :<\/span> NC x NC x NC cm\t\t\t\t\t<\/li>\n<li class=\"product-features__item-list__item\" role=\"listitem\"><span class=\"is--medium\">Poids :<\/span> 7,1 kg\t\t\t\t\t<\/li>\n<li class=\"product-features__item-list__item\" role=\"listitem\"><span class=\"is--medium\">Poids Brut (kg) :<\/span> 7.09\t\t\t\t\t<\/li>\n<\/ul>\n<\/li>\n<li class=\"product-features__item\" role=\"listitem\">\n<h3 class=\"product-features__label\">Informations compl\u00e9mentaires<\/h3>\n<ul role=\"list\">\n<li class=\"product-features__item-list__item\" role=\"listitem\"><span class=\"is--medium\">Fabriqu\u00e9 en :<\/span> Chine\t\t\t\t\t<\/li>\n<li class=\"product-features__item-list__item\" role=\"listitem\"><span class=\"is--medium\">Disponibilit\u00e9 des pi\u00e8ces d\u00e9tach\u00e9es (donn\u00e9es fournisseur) :<\/span> Non communiqu\u00e9e\t\t\t\t\t<\/li>\n<\/ul>\n<\/li>\n<\/ul>\n<\/div>\n<div class=\"product__disclosure-content\">\n<div class=\"js-read-more product-description__content read-more read-more--truncated\" data-read-more-name=\"description\" style=\"max-height: 500px; overflow: hidden;\">\n<p><script>(window.BOOMR_mq=window.BOOMR_mq||[]).push([\"addVar\",{\"rua.upush\":\"false\",\"rua.cpush\":\"false\",\"rua.upre\":\"false\",\"rua.cpre\":\"true\",\"rua.uprl\":\"false\",\"rua.cprl\":\"false\",\"rua.cprf\":\"false\",\"rua.trans\":\"SJ-66a130a5-33dc-463a-8545-8800cfbae944\",\"rua.cook\":\"true\",\"rua.ims\":\"false\",\"rua.ufprl\":\"false\",\"rua.cfprl\":\"true\",\"rua.isuxp\":\"false\",\"rua.texp\":\"norulematch\",\"rua.ceh\":\"false\",\"rua.ueh\":\"false\",\"rua.ieh.st\":\"0\"}]);<\/script><script>!function(a){var e=\"https:\/\/s.go-mpulse.net\/boomerang\/\",t=\"addEventListener\";if(\"False\"==\"True\")a.BOOMR_config=a.BOOMR_config||{},a.BOOMR_config.PageParams=a.BOOMR_config.PageParams||{},a.BOOMR_config.PageParams.pci=!0,e=\"https:\/\/s2.go-mpulse.net\/boomerang\/\";if(window.BOOMR_API_key=\"Z4ZTB-YK2HU-DVJZV-LHY77-RXHK2\",function(){function n(e){a.BOOMR_onload=e&&e.timeStamp||(new Date).getTime()}if(!a.BOOMR||!a.BOOMR.version&&!a.BOOMR.snippetExecuted){a.BOOMR=a.BOOMR||{},a.BOOMR.snippetExecuted=!0;var i,_,o,r=document.createElement(\"iframe\");if(a[t])a[t](\"load\",n,!1);else if(a.attachEvent)a.attachEvent(\"onload\",n);r.src=\"javascript:void(0)\",r.title=\"\",r.role=\"presentation\",(r.frameElement||r).style.cssText=\"width:0;height:0;border:0;display:none;\",o=document.getElementsByTagName(\"script\")[0],o.parentNode.insertBefore(r,o);try{_=r.contentWindow.document}catch(O){i=document.domain,r.src=\"javascript:var d=document.open();d.domain='\"+i+\"';void(0);\",_=r.contentWindow.document}_.open()._l=function(){var a=this.createElement(\"script\");if(i)this.domain=i;a.id=\"boomr-if-as\",a.src=e+\"Z4ZTB-YK2HU-DVJZV-LHY77-RXHK2\",BOOMR_lstart=(new Date).getTime(),this.body.appendChild(a)},_.write(\"<bo\"+'dy onload=\"document._l();\">'),_.close()}}(),\"\".length>0)if(a&&\"performance\"in a&&a.performance&&\"function\"==typeof a.performance.setResourceTimingBufferSize)a.performance.setResourceTimingBufferSize();!function(){if(BOOMR=a.BOOMR||{},BOOMR.plugins=BOOMR.plugins||{},!BOOMR.plugins.AK){var e=\"true\"==\"true\"?1:0,t=\"cookiepresent\",n=\"m6mhkcqx2jxzmzzx6aua-f-a5e257daf-clientnsv4-s.akamaihd.net\",i=\"false\"==\"true\"?2:1,_={\"ak.v\":\"39\",\"ak.cp\":\"23283\",\"ak.ai\":parseInt(\"173620\",10),\"ak.ol\":\"0\",\"ak.cr\":195,\"ak.ipv\":4,\"ak.proto\":\"h2\",\"ak.rid\":\"1e16b46\",\"ak.r\":44715,\"ak.a2\":e,\"ak.m\":\"b\",\"ak.n\":\"essl\",\"ak.bpcip\":\"103.152.117.0\",\"ak.cport\":4699,\"ak.gh\":\"23.44.214.28\",\"ak.quicv\":\"\",\"ak.tlsv\":\"tls1.3\",\"ak.0rtt\":\"\",\"ak.0rtt.ed\":\"\",\"ak.csrc\":\"-\",\"ak.acc\":\"\",\"ak.t\":\"1731719208\",\"ak.ak\":\"hOBiQwZUYzCg5VSAfCLimQ==HsC3kgD8n5AQ0zXjbempG06J4wT\/BIXHwu0VDE4kYrsbjWwCNLwdCp351cRaJ4zzBZXFTowOlNLYsVsYauFJb94BJpjYlUU3q9gv3A0un43KAWixMfUKzHhnuwEK7ybXMnlZWIJMEoaJEcM2eNgkJoej\/hTtlwPHYwna4evMxAK4hKaBYw5ghtt9KuskKfapt0gJS0RBOCD2+TIPxDI2iOp21GJhdtmyJb4eaLSA2LJVB6e+c5ySop\/LO8QuRtDz1DAawWfFM1rP7Dcp7adcMNDuYNDE6dwFYmPMxwlCy+heSaJCr3NLI8a+DvWctwZ6p54xFVPBx94Vs19H2nKCCFeX+3ixA\/qwt6z\/HexZLwmA1ucpt9Pka\/eSFc4EG4PqoZwyzDLOi1mBtvq7aXwvJ1LlPv6h1Mye4uEGeIsUBxc=\",\"ak.pv\":\"514\",\"ak.dpoabenc\":\"\",\"ak.tf\":i};if(\"\"!==t)_[\"ak.ruds\"]=t;var o={i:!1,av:function(e){var t=\"http.initiator\";if(e&&(!e[t]||\"spa_hard\"===e[t]))_[\"ak.feo\"]=void 0!==a.aFeoApplied?1:0,BOOMR.addVar(_)},rv:function(){var a=[\"ak.bpcip\",\"ak.cport\",\"ak.cr\",\"ak.csrc\",\"ak.gh\",\"ak.ipv\",\"ak.m\",\"ak.n\",\"ak.ol\",\"ak.proto\",\"ak.quicv\",\"ak.tlsv\",\"ak.0rtt\",\"ak.0rtt.ed\",\"ak.r\",\"ak.acc\",\"ak.t\",\"ak.tf\"];BOOMR.removeVar(a)}};BOOMR.plugins.AK={akVars:_,akDNSPreFetchDomain:n,init:function(){if(!o.i){var a=BOOMR.subscribe;a(\"before_beacon\",o.av,null,null),a(\"onbeacon\",o.rv,null,null),o.i=!0}return this},is_complete:function(){return!0}}}}()}(window);<\/script><\/p>\n<h2 class=\"has-text-align-center wp-block-heading\" style=\"text-align: center;\"><strong>Dangbei Mars Pro<\/strong><\/h2>\n<p><\/p>\n<h3 class=\"has-text-align-center wp-block-heading\" style=\"text-align: center;\">4K Videoprojecteur Laser, DLP, 3200 ANSI Lumens<\/h3>\n<p><\/p>\n<p>\u00a0<\/p>\n<p><\/p>\n<p><strong>Projecteur 4K<\/strong> &#8211; Le projecteur Mars Pro est dot\u00e9 d&rsquo;une r\u00e9solution avanc\u00e9e 4K (3840 x 2160p), de 3200 lumens ANSI, de la technologie HDR 10 et de la technologie HLG. Il dispose \u00e9galement d&rsquo;un moteur d&rsquo;image professionnel AI qui utilise un capteur de lumi\u00e8re et des algorithmes AI auto-d\u00e9velopp\u00e9s pour ajuster la luminosit\u00e9 de l&rsquo;\u00e9cran de mani\u00e8re pr\u00e9cise. De plus, il prend en charge l&rsquo;imagerie 3D, vous permettant de profiter de vos contenus pr\u00e9f\u00e9r\u00e9s de jour comme de nuit<img fetchpriority=\"high\" decoding=\"async\" alt=\"1\" height=\"379\" src=\"https:\/\/m.media-amazon.com\/images\/S\/aplus-media-library-service-media\/7a857486-6905-4cab-87c9-ad5180435a04.__CR0,0,1464,600_PT0_SX1464_V1___.jpg\" style=\"display: block; margin-left: auto; margin-right: auto;\" width=\"925\"\/><\/p>\n<p><\/p>\n<p><strong>OS Int\u00e9gr\u00e9 4 Go + 128 Go<\/strong> &#8211; Le syst\u00e8me d&rsquo;exploitation int\u00e9gr\u00e9 dispose de 4 Go de RAM et de 128 Go de stockage, offrant une compatibilit\u00e9 avec des milliers d&rsquo;applications telles que Netflix, YouTube, Amazon Prime, HULU, Disney+. Le syst\u00e8me d&rsquo;exploitation d\u00e9di\u00e9 et la grande capacit\u00e9 de stockage garantissent des performances globales exceptionnelles.<\/p>\n<p><\/p>\n<p><img decoding=\"async\" height=\"379\" src=\"https:\/\/boostit.cdiscount.com\/wp-content\/uploads\/2023\/03\/2-26.png?w=1000\" style=\"display: block; margin-left: auto; margin-right: auto;\" width=\"931\"\/><\/p>\n<p><\/p>\n<p><strong>Haut-parleurs Dolby \u00e0 Double Piste<\/strong> &#8211; Le projecteur vid\u00e9o Mars Pro est \u00e9quip\u00e9 de haut-parleurs Dolby Digital Plus et de la technologie DTS Studio Sound. Les deux haut-parleurs de 10 watts avec syst\u00e8me audio st\u00e9r\u00e9o offrent une puissance sonore immersive pour votre home cin\u00e9ma. De plus, gr\u00e2ce au Bluetooth 5.0, vous pouvez \u00e9galement connecter un haut-parleur externe pour une diffusion sonore encore plus puissante.<\/p>\n<p><\/p>\n<p><img decoding=\"async\" alt=\"1\" height=\"382\" src=\"https:\/\/m.media-amazon.com\/images\/S\/aplus-media-library-service-media\/b493bf6e-f2c4-4704-952b-dd83f3700b22.__CR0,0,1464,600_PT0_SX1464_V1___.jpg\" width=\"932\"\/><\/p>\n<p><\/p>\n<p><strong>Home Cin\u00e9ma Intelligent<\/strong> &#8211; La taille d&rsquo;affichage optimale pour le projecteur mobile Mars Pro est de 80 \u00e0 150 pouces (maximum de 300 pouces). Ce projecteur intelligent est dot\u00e9 de la mise au point automatique, de la correction automatique de la distorsion trap\u00e9zo\u00efdale (40 degr\u00e9s horizontalement et verticalement) et d&rsquo;autres fonctionnalit\u00e9s intelligentes qui vous permettent de profiter pleinement de votre exp\u00e9rience cin\u00e9matographique \u00e0 domicile, que ce soit \u00e0 l&rsquo;int\u00e9rieur ou \u00e0 l&rsquo;ext\u00e9rieur.<\/p>\n<p><\/p>\n<p><img loading=\"lazy\" decoding=\"async\" alt=\"1\" height=\"382\" src=\"https:\/\/m.media-amazon.com\/images\/S\/aplus-media-library-service-media\/61c734ff-1b8b-4044-9efc-e9b2d6266d3c.__CR0,0,1464,600_PT0_SX1464_V1___.jpg\" width=\"932\"\/><\/p>\n<p><\/p>\n<p><strong>Fluidit\u00e9 et stabilit\u00e9 garanties<\/strong> : Avec ses 4 Go de RAM, le Mars Pro offre une exp\u00e9rience fluide et r\u00e9active en permanence, et avec son stockage de 128 Go, vous pouvez profiter librement d&rsquo;une large gamme d&rsquo;applications. Profitez \u00e9galement d&rsquo;une garantie de 2 ans.<\/p>\n<p><\/p>\n<p><img loading=\"lazy\" decoding=\"async\" alt=\"1\" height=\"382\" src=\"https:\/\/m.media-amazon.com\/images\/S\/aplus-media-library-service-media\/eb465d97-dd9b-4623-86db-39fcf6d70210.__CR0,0,1464,600_PT0_SX1464_V1___.jpg\" width=\"932\"\/><\/p>\n<p><\/p>\n<p>\u00a0<\/p>\n<p><\/p>\n<p><strong>Q&amp;A<\/strong><\/p>\n<p><\/p>\n<p class=\"aplus-question aplus-p1\">Q1: Comment puis-je diffuser des vid\u00e9os Netflix\/YouTube sur le Dangbei Mars Pro?<\/p>\n<p><\/p>\n<p class=\"aplus-answer aplus-p2\">A1: Veuillez noter que Dangbei Mars Pro ne diffuse pas l&rsquo;application native Netflix\/YouTube. Pour y acc\u00e9der, il est recommand\u00e9 de les t\u00e9l\u00e9charger dans le \u00ab\u00a0Emotn Store\u00a0\u00bb officiel ou d&rsquo;utiliser un appareil de streaming.<\/p>\n<p><\/p>\n<p class=\"aplus-question aplus-p1\">Q2: Comment configurer le mode 3D sur le Dangbei Mars Pro?<\/p>\n<p><\/p>\n<p class=\"aplus-answer aplus-p2\">A2\uff1a1) : Lors de la lecture d&rsquo;un film ou d&rsquo;une vid\u00e9o compatible 3D, cliquez sur le bouton lat\u00e9ral de votre t\u00e9l\u00e9commande.\u00a0 2): Choisissez le mode 3D correspondant.<\/p>\n<p><\/p>\n<p class=\"aplus-question aplus-p1\">Q3: Comment puis-je mettre en miroir des appareils Android\/IOS sur le Dangbei Mars Pro?<\/p>\n<p><\/p>\n<p class=\"aplus-answer aplus-p2\">A3: Veuillez t\u00e9l\u00e9charger \u00ab\u00a0CAST\u00a0\u00bb sur \u00ab\u00a0Emotn Store\u00a0\u00bb et l&rsquo;utiliser pour diffuser vos appareils.<\/p>\n<p><script src=\"\/2CrKhy\/u\/k\/yLK5vwfx2Mgh\/uNJahbmVhzVruD\/CAoOAg\/GEt\/VBWNubXgB\" type=\"text\/javascript\"><\/script><\/p>\n<p>Dangbei 4K Videoprojecteur, 3200 ANSI Lumens Projecteur HDR 10, Android 4G+128G, Auto Focus, Trap\u00e8ze Automatique, Bluetooth 5.0, Haut-parleurs 2 * 10W Vid\u00e9o Projecteur DLP WiFi 2.4\/5G<\/p>\n<\/div>\n<p><bl-button a11yexpanded=\"false\" arialabel=\"Afficher toute la description\" class=\"read-more__btn\" full=\"false\" link=\"true\">Voir plus<\/bl-button><\/div>","protected":false},"excerpt":{"rendered":"<div class=\"keypoints\">\n<h3 class=\"keypoints__title\">Les points cl\u00e9s<\/h3>\n<ul role=\"list\">\n<li class=\"keypoints__item\" role=\"listitem\">                          DLP &#8211;                                                      Ultra HD 4K                      <\/li>\n<li class=\"keypoints__item\" role=\"listitem\">                                        Focale classique (1m et plus)                      <\/li>\n<li class=\"keypoints__item\" role=\"listitem\">                          Alimentation : Secteur &#8211;                                                      3.200 Lumens                      <\/li>\n<li class=\"keypoints__item\" role=\"listitem\">                          Wifi, Bluetooth &#8211;                                                      7,1 kg                      <\/li>\n<\/ul>","protected":false},"featured_media":82062,"template":"","meta":{"_glsr_average":0,"_glsr_ranking":0,"_glsr_reviews":0},"product_cat":[450],"product_tag":[451,452],"class_list":{"0":"post-82063","1":"product","2":"type-product","3":"status-publish","4":"has-post-thumbnail","6":"product_cat-videoprojecteur","7":"product_tag-tv-image-son","8":"product_tag-videoprojecteur","10":"first","11":"instock","12":"sale","13":"shipping-taxable","14":"purchasable","15":"product-type-simple"},"_links":{"self":[{"href":"https:\/\/electromenagerexpress.com\/en\/wp-json\/wp\/v2\/product\/82063","targetHints":{"allow":["GET"]}}],"collection":[{"href":"https:\/\/electromenagerexpress.com\/en\/wp-json\/wp\/v2\/product"}],"about":[{"href":"https:\/\/electromenagerexpress.com\/en\/wp-json\/wp\/v2\/types\/product"}],"wp:featuredmedia":[{"embeddable":true,"href":"https:\/\/electromenagerexpress.com\/en\/wp-json\/wp\/v2\/media\/82062"}],"wp:attachment":[{"href":"https:\/\/electromenagerexpress.com\/en\/wp-json\/wp\/v2\/media?parent=82063"}],"wp:term":[{"taxonomy":"product_cat","embeddable":true,"href":"https:\/\/electromenagerexpress.com\/en\/wp-json\/wp\/v2\/product_cat?post=82063"},{"taxonomy":"product_tag","embeddable":true,"href":"https:\/\/electromenagerexpress.com\/en\/wp-json\/wp\/v2\/product_tag?post=82063"}],"curies":[{"name":"wp","href":"https:\/\/api.w.org\/{rel}","templated":true}]}}