{"id":82045,"date":"2024-11-24T15:29:26","date_gmt":"2024-11-24T15:29:26","guid":{"rendered":"https:\/\/electromenagerexpress.com\/product\/videoprojecteur-portabledangbeineo-1080p-netflix\/"},"modified":"2024-11-24T15:29:33","modified_gmt":"2024-11-24T15:29:33","slug":"videoprojecteur-portabledangbeineo-1080p-netflix","status":"publish","type":"product","link":"https:\/\/electromenagerexpress.com\/en\/product\/videoprojecteur-portabledangbeineo-1080p-netflix\/","title":{"rendered":"Vid\u00e9oprojecteur portable\t\t\t\t\t\t\tDANGBEI\t\t\t\tNeo 1080p Netflix"},"content":{"rendered":"<div class=\"product-features__content\">\n<ul role=\"list\">\n<li class=\"product-features__item\" role=\"listitem\">\n<h3 class=\"product-features__label\">Qualit\u00e9 de l&rsquo;image<\/h3>\n<ul role=\"list\">\n<li class=\"product-features__item-list__item\" role=\"listitem\"><span class=\"is--medium\">Technologie :<\/span> DLP, l&rsquo;image est cr\u00e9\u00e9e en projetant successivement et rapidement les couleurs d&rsquo;une roue chromatique ce qui permet d&rsquo;obtenir une image nette, des couleurs naturelles et des noirs profonds\t\t\t\t\t<\/li>\n<li class=\"product-features__item-list__item\" role=\"listitem\"><span class=\"is--medium\">R\u00e9solution :<\/span> 1920 x 1080 pixels conditionnent la qualit\u00e9 d&rsquo;image. Plus il y a de pixels, plus l&rsquo;image est riche\t\t\t\t\t<\/li>\n<li class=\"product-features__item-list__item\" role=\"listitem\"><span class=\"is--medium\">Luminosit\u00e9 :<\/span> 540 Lumens\t\t\t\t\t<\/li>\n<li class=\"product-features__item-list__item\" role=\"listitem\"><span class=\"is--medium\">Le saviez-vous :<\/span> plus le nombre de lumens est important, plus on pourra projeter dans une pi\u00e8ce lumineuse selon la technologie\t\t\t\t\t<\/li>\n<li class=\"product-features__item-list__item\" role=\"listitem\"><span class=\"is--medium\">Contraste :<\/span> 1 000:1\t\t\t\t\t<\/li>\n<li class=\"product-features__item-list__item\" role=\"listitem\"><span class=\"is--medium\">Le saviez-vous :<\/span> plus le contraste est \u00e9lev\u00e9, plus la qualit\u00e9 de l&rsquo;image est optimale, un taux de contraste \u00e9lev\u00e9 donne du relief \u00e0 l&rsquo;image\t\t\t\t\t<\/li>\n<li class=\"product-features__item-list__item\" role=\"listitem\"><span class=\"is--medium\">HDR :<\/span> oui, permet d&rsquo;augmenter le niveau de d\u00e9tail de l&rsquo;image et son contraste\t\t\t\t\t<\/li>\n<\/ul>\n<\/li>\n<li class=\"product-features__item\" role=\"listitem\">\n<h3 class=\"product-features__label\">Type de projection<\/h3>\n<ul role=\"list\">\n<li class=\"product-features__item-list__item\" role=\"listitem\"><span class=\"is--medium\">Type de focale (distance du mur) :<\/span> Focale classique (1m et plus)\t\t\t\t\t<\/li>\n<li class=\"product-features__item-list__item\" role=\"listitem\"><span class=\"is--medium\">Distance de projection minimale :<\/span> 1,6 m\t\t\t\t\t<\/li>\n<li class=\"product-features__item-list__item\" role=\"listitem\"><span class=\"is--medium\">Distance de projection maximale :<\/span> 3,3 m\t\t\t\t\t<\/li>\n<li class=\"product-features__item-list__item\" role=\"listitem\"><span class=\"is--medium\">Taille de l&rsquo;image minimale :<\/span> 60,0 m\t\t\t\t\t<\/li>\n<li class=\"product-features__item-list__item\" role=\"listitem\"><span class=\"is--medium\">Taille de l&rsquo;image maximale :<\/span> 120,0 m\t\t\t\t\t<\/li>\n<li class=\"product-features__item-list__item\" role=\"listitem\"><span class=\"is--medium\">Format natif :<\/span> 16\/9\t\t\t\t\t<\/li>\n<li class=\"product-features__item-list__item\" role=\"listitem\"><span class=\"is--medium\">Compatibilit\u00e9 3D :<\/span> non\t\t\t\t\t<\/li>\n<\/ul>\n<\/li>\n<li class=\"product-features__item\" role=\"listitem\">\n<h3 class=\"product-features__label\">Mise au point<\/h3>\n<ul role=\"list\">\n<li class=\"product-features__item-list__item\" role=\"listitem\"><span class=\"is--medium\">Mise au point :<\/span> Auto et manuelle\t\t\t\t\t<\/li>\n<li class=\"product-features__item-list__item\" role=\"listitem\"><span class=\"is--medium\">Rapport de projection :<\/span> 1.2 : 1\t\t\t\t\t<\/li>\n<li class=\"product-features__item-list__item\" role=\"listitem\"><span class=\"is--medium\">Le saviez-vous :<\/span> il permet de d\u00e9terminer la taille de l&rsquo;\u00e9cran en fonction du recul du projecteur, plus le rapport de projection sera \u00e9lev\u00e9 plus il faudra de recul pour installer votre vid\u00e9o\t\t\t\t\t<\/li>\n<li class=\"product-features__item-list__item\" role=\"listitem\"><span class=\"is--medium\">D\u00e9placement de l&rsquo;image (Lens shift) :<\/span> verticale et horizontale\t\t\t\t\t<\/li>\n<li class=\"product-features__item-list__item\" role=\"listitem\"><span class=\"is--medium\">Le saviez-vous :<\/span> permet de d\u00e9placer l&rsquo;image sans avoir \u00e0 bouger le projecteur m\u00eame lorsque celui-ci est d\u00e9cal\u00e9, et ce sans d\u00e9formation\t\t\t\t\t<\/li>\n<li class=\"product-features__item-list__item\" role=\"listitem\"><span class=\"is--medium\">Correction du trap\u00e8ze (Keystone) :<\/span> automatique\t\t\t\t\t<\/li>\n<li class=\"product-features__item-list__item\" role=\"listitem\"><span class=\"is--medium\">Le saviez-vous :<\/span> permet de corriger la d\u00e9formation de l&rsquo;image (en forme de trap\u00e8ze) lorsque celle-ci est projet\u00e9e de biais\t\t\t\t\t<\/li>\n<\/ul>\n<\/li>\n<li class=\"product-features__item\" role=\"listitem\">\n<h3 class=\"product-features__label\">Construction<\/h3>\n<ul role=\"list\">\n<li class=\"product-features__item-list__item\" role=\"listitem\"><span class=\"is--medium\">Type de lampe :<\/span> LED, consomme moins d&rsquo;\u00e9nergie qu&rsquo;une lampe classique ce qui permet d&rsquo;allonger sa dur\u00e9e de vie, de produire moins de chaleur et de bruit\t\t\t\t\t<\/li>\n<li class=\"product-features__item-list__item\" role=\"listitem\"><span class=\"is--medium\">Dur\u00e9e de vie de la lampe :<\/span> 30.000 h\t\t\t\t\t<\/li>\n<li class=\"product-features__item-list__item\" role=\"listitem\"><span class=\"is--medium\">Niveau sonore (mode normal) :<\/span> 24 dB\t\t\t\t\t<\/li>\n<li class=\"product-features__item-list__item\" role=\"listitem\"><span class=\"is--medium\">Haut parleur int\u00e9gr\u00e9 :<\/span> Oui\t\t\t\t\t<\/li>\n<li class=\"product-features__item-list__item\" role=\"listitem\"><span class=\"is--medium\">Puissance (en watts RMS) :<\/span> 6 Watts RMS\t\t\t\t\t<\/li>\n<li class=\"product-features__item-list__item\" role=\"listitem\"><span class=\"is--medium\">Comprendre les watts RMS :<\/span> ce sont les watts r\u00e9ellement utils\u00e9s pour d\u00e9livrer la puissance de l&rsquo;enceinte\t\t\t\t\t<\/li>\n<li class=\"product-features__item-list__item\" role=\"listitem\"><span class=\"is--medium\">Fixation sur Tr\u00e9pied :<\/span> Oui\t\t\t\t\t<\/li>\n<li class=\"product-features__item-list__item\" role=\"listitem\"><span class=\"is--medium\">Fixation au plafond :<\/span> Non\t\t\t\t\t<\/li>\n<li class=\"product-features__item-list__item\" role=\"listitem\"><span class=\"is--medium\">M\u00e9moire interne :<\/span> 8 GO\t\t\t\t\t<\/li>\n<li class=\"product-features__item-list__item\" role=\"listitem\"><span class=\"is--medium\">Ecran inclus :<\/span> Non\t\t\t\t\t<\/li>\n<\/ul>\n<\/li>\n<li class=\"product-features__item\" role=\"listitem\">\n<h3 class=\"product-features__label\">Connectivit\u00e9<\/h3>\n<ul role=\"list\">\n<li class=\"product-features__item-list__item\" role=\"listitem\"><span class=\"is--medium\">Bluetooth :<\/span> bluetooth in et out\t\t\t\t\t<\/li>\n<li class=\"product-features__item-list__item\" role=\"listitem\"><span class=\"is--medium\">Fonctionnalit\u00e9 du bluetooth :<\/span> in, permet d&rsquo;envoyer sans fil un contenu sur le vid\u00e9oprojecteur et out, permet d&rsquo;envoyer le son du vid\u00e9oprojecteur vers une barre de son ou enceinte bluetooth compatible\t\t\t\t\t<\/li>\n<li class=\"product-features__item-list__item\" role=\"listitem\"><span class=\"is--medium\">Wifi :<\/span> Int\u00e9gr\u00e9\t\t\t\t\t<\/li>\n<\/ul>\n<\/li>\n<li class=\"product-features__item\" role=\"listitem\">\n<h3 class=\"product-features__label\">Alimentation et consommation<\/h3>\n<ul role=\"list\">\n<li class=\"product-features__item-list__item\" role=\"listitem\"><span class=\"is--medium\">Alimentation :<\/span> Secteur\t\t\t\t\t<\/li>\n<li class=\"product-features__item-list__item\" role=\"listitem\"><span class=\"is--medium\">Batterie incluse :<\/span> non\t\t\t\t\t<\/li>\n<li class=\"product-features__item-list__item\" role=\"listitem\"><span class=\"is--medium\">Consommation en fonctionnement :<\/span> 75 W\t\t\t\t\t<\/li>\n<\/ul>\n<\/li>\n<li class=\"product-features__item\" role=\"listitem\">\n<h3 class=\"product-features__label\">Connectiques<\/h3>\n<ul role=\"list\">\n<li class=\"product-features__item-list__item\" role=\"listitem\"><span class=\"is--medium\">HDMI 1.4 :<\/span> 1\t\t\t\t\t<\/li>\n<li class=\"product-features__item-list__item\" role=\"listitem\"><span class=\"is--medium\">Port USB :<\/span> 1\t\t\t\t\t<\/li>\n<li class=\"product-features__item-list__item\" role=\"listitem\"><span class=\"is--medium\">RJ45 (R\u00e9seau) :<\/span> 1\t\t\t\t\t<\/li>\n<li class=\"product-features__item-list__item\" role=\"listitem\"><span class=\"is--medium\">Sortie audio :<\/span> 0\t\t\t\t\t<\/li>\n<li class=\"product-features__item-list__item\" role=\"listitem\"><span class=\"is--medium\">Sortie optique :<\/span> 0\t\t\t\t\t<\/li>\n<\/ul>\n<\/li>\n<li class=\"product-features__item\" role=\"listitem\">\n<h3 class=\"product-features__label\">Dimensions<\/h3>\n<ul role=\"list\">\n<li class=\"product-features__item-list__item\" role=\"listitem\"><span class=\"is--medium\">Dimensions l x h x p :<\/span> NC x NC x NC cm\t\t\t\t\t<\/li>\n<li class=\"product-features__item-list__item\" role=\"listitem\"><span class=\"is--medium\">Poids :<\/span> 2,8 kg\t\t\t\t\t<\/li>\n<li class=\"product-features__item-list__item\" role=\"listitem\"><span class=\"is--medium\">Poids Brut (kg) :<\/span> 2.76\t\t\t\t\t<\/li>\n<\/ul>\n<\/li>\n<li class=\"product-features__item\" role=\"listitem\">\n<h3 class=\"product-features__label\">Informations compl\u00e9mentaires<\/h3>\n<ul role=\"list\">\n<li class=\"product-features__item-list__item\" role=\"listitem\"><span class=\"is--medium\">Fabriqu\u00e9 en :<\/span> Chine\t\t\t\t\t<\/li>\n<li class=\"product-features__item-list__item\" role=\"listitem\"><span class=\"is--medium\">Disponibilit\u00e9 des pi\u00e8ces d\u00e9tach\u00e9es (donn\u00e9es fournisseur) :<\/span> Non communiqu\u00e9e\t\t\t\t\t<\/li>\n<\/ul>\n<\/li>\n<\/ul>\n<\/div>\n<div class=\"product__disclosure-content\">\n<div class=\"js-read-more product-description__content read-more read-more--truncated\" data-read-more-name=\"description\" style=\"max-height: 500px; overflow: hidden;\">\n<p><script>(window.BOOMR_mq=window.BOOMR_mq||[]).push([\"addVar\",{\"rua.upush\":\"false\",\"rua.cpush\":\"false\",\"rua.upre\":\"false\",\"rua.cpre\":\"true\",\"rua.uprl\":\"false\",\"rua.cprl\":\"false\",\"rua.cprf\":\"false\",\"rua.trans\":\"SJ-66a130a5-33dc-463a-8545-8800cfbae944\",\"rua.cook\":\"true\",\"rua.ims\":\"false\",\"rua.ufprl\":\"false\",\"rua.cfprl\":\"true\",\"rua.isuxp\":\"false\",\"rua.texp\":\"norulematch\",\"rua.ceh\":\"false\",\"rua.ueh\":\"false\",\"rua.ieh.st\":\"0\"}]);<\/script><script>!function(a){var e=\"https:\/\/s.go-mpulse.net\/boomerang\/\",t=\"addEventListener\";if(\"False\"==\"True\")a.BOOMR_config=a.BOOMR_config||{},a.BOOMR_config.PageParams=a.BOOMR_config.PageParams||{},a.BOOMR_config.PageParams.pci=!0,e=\"https:\/\/s2.go-mpulse.net\/boomerang\/\";if(window.BOOMR_API_key=\"Z4ZTB-YK2HU-DVJZV-LHY77-RXHK2\",function(){function n(e){a.BOOMR_onload=e&&e.timeStamp||(new Date).getTime()}if(!a.BOOMR||!a.BOOMR.version&&!a.BOOMR.snippetExecuted){a.BOOMR=a.BOOMR||{},a.BOOMR.snippetExecuted=!0;var i,_,o,r=document.createElement(\"iframe\");if(a[t])a[t](\"load\",n,!1);else if(a.attachEvent)a.attachEvent(\"onload\",n);r.src=\"javascript:void(0)\",r.title=\"\",r.role=\"presentation\",(r.frameElement||r).style.cssText=\"width:0;height:0;border:0;display:none;\",o=document.getElementsByTagName(\"script\")[0],o.parentNode.insertBefore(r,o);try{_=r.contentWindow.document}catch(O){i=document.domain,r.src=\"javascript:var d=document.open();d.domain='\"+i+\"';void(0);\",_=r.contentWindow.document}_.open()._l=function(){var a=this.createElement(\"script\");if(i)this.domain=i;a.id=\"boomr-if-as\",a.src=e+\"Z4ZTB-YK2HU-DVJZV-LHY77-RXHK2\",BOOMR_lstart=(new Date).getTime(),this.body.appendChild(a)},_.write(\"<bo\"+'dy onload=\"document._l();\">'),_.close()}}(),\"\".length>0)if(a&&\"performance\"in a&&a.performance&&\"function\"==typeof a.performance.setResourceTimingBufferSize)a.performance.setResourceTimingBufferSize();!function(){if(BOOMR=a.BOOMR||{},BOOMR.plugins=BOOMR.plugins||{},!BOOMR.plugins.AK){var e=\"true\"==\"true\"?1:0,t=\"cookiepresent\",n=\"m6mhkcqx2jxzmzzx6anq-f-53d739fc6-clientnsv4-s.akamaihd.net\",i=\"false\"==\"true\"?2:1,_={\"ak.v\":\"39\",\"ak.cp\":\"23283\",\"ak.ai\":parseInt(\"173620\",10),\"ak.ol\":\"0\",\"ak.cr\":499,\"ak.ipv\":4,\"ak.proto\":\"h2\",\"ak.rid\":\"1e101a3\",\"ak.r\":44715,\"ak.a2\":e,\"ak.m\":\"b\",\"ak.n\":\"essl\",\"ak.bpcip\":\"103.152.117.0\",\"ak.cport\":4699,\"ak.gh\":\"23.44.214.28\",\"ak.quicv\":\"\",\"ak.tlsv\":\"tls1.3\",\"ak.0rtt\":\"\",\"ak.0rtt.ed\":\"\",\"ak.csrc\":\"-\",\"ak.acc\":\"\",\"ak.t\":\"1731719195\",\"ak.ak\":\"hOBiQwZUYzCg5VSAfCLimQ==apvAHOsa0XpaZ2wz0\/awuj92Znpl3QVcicM8DXM8EPCmLKxR+S6m8DpVw3KXo9pZuUKkPWAUJND1AvKnSd506R4qFIqT7xGHAjlJVnJJsSHh\/vQQ8sZ7X12H5dTSoXmSRj86JfOIojE\/Q\/0PxCjdk\/VRIlKbCsvthDwss3EMfYgP8NBLhOO0UnupyY6mYGdlvHVzEvcDCzQ4dTIs6z4DpCXp1TyL7oLzVqfqNu9zm5jKnwWd4Z+H3JtjmbVJlsVegRXEIf2q90nZCrl9OH+dAWPRKP\/xIvHkhejzH+gq9BxU6tOGG3gVqHKBHDOtp0Euvqz8fCMRiJWlC9rVtC5EzCcvUKg7fdXqqJkk2ltd5o5tdXYZxZMOhv5J60KdXKVS\/i9e1zGAEkJLQgo1qSEynPvpsKKz3Hby6oVITmZycPs=\",\"ak.pv\":\"514\",\"ak.dpoabenc\":\"\",\"ak.tf\":i};if(\"\"!==t)_[\"ak.ruds\"]=t;var o={i:!1,av:function(e){var t=\"http.initiator\";if(e&&(!e[t]||\"spa_hard\"===e[t]))_[\"ak.feo\"]=void 0!==a.aFeoApplied?1:0,BOOMR.addVar(_)},rv:function(){var a=[\"ak.bpcip\",\"ak.cport\",\"ak.cr\",\"ak.csrc\",\"ak.gh\",\"ak.ipv\",\"ak.m\",\"ak.n\",\"ak.ol\",\"ak.proto\",\"ak.quicv\",\"ak.tlsv\",\"ak.0rtt\",\"ak.0rtt.ed\",\"ak.r\",\"ak.acc\",\"ak.t\",\"ak.tf\"];BOOMR.removeVar(a)}};BOOMR.plugins.AK={akVars:_,akDNSPreFetchDomain:n,init:function(){if(!o.i){var a=BOOMR.subscribe;a(\"before_beacon\",o.av,null,null),a(\"onbeacon\",o.rv,null,null),o.i=!0}return this},is_complete:function(){return!0}}}}()}(window);<\/script><\/p>\n<h2 class=\"has-text-align-center wp-block-heading\" style=\"text-align: center;\"><strong>Dangbei Neo<\/strong><\/h2>\n<p><\/p>\n<h3 class=\"has-text-align-center wp-block-heading\" style=\"text-align: center;\">DLP Vid\u00e9oprojecteur, Full HD 1080P, Netflix, Youtube, Prime vid\u00e9o pr\u00e9-install\u00e9<\/h3>\n<p><\/p>\n<p><img fetchpriority=\"high\" decoding=\"async\" alt=\"1\" height=\"384\" src=\"https:\/\/m.media-amazon.com\/images\/S\/aplus-media-library-service-media\/8759c810-ae9d-4abc-8cbb-d6dd0788a98b.__CR0,0,1464,600_PT0_SX1464_V1___.jpg\" style=\"display: block; margin-left: auto; margin-right: auto;\" width=\"937\"\/><\/p>\n<p><\/p>\n<p><strong>VOS APPLICATIONSE STREAMING FAVORIES:<\/strong> Avec les licences officielles de Netflix, YouTube, Prime Video et autres pr\u00e9install\u00e9es sur le syst\u00e8me Linux du projecteur, vous pouvez profiter de vos films et de vos \u00e9missions TV pr\u00e9f\u00e9r\u00e9s sans avoir besoin d&rsquo;appareils ou de logiciels suppl\u00e9mentaires. Ce mini-cin\u00e9ma, petit mais puissant, est pr\u00eat \u00e0 vous accompagner partout avec vos films.<\/p>\n<p><\/p>\n<p><img decoding=\"async\" alt=\"1\" height=\"388\" src=\"https:\/\/m.media-amazon.com\/images\/S\/aplus-media-library-service-media\/6e6b8c7b-ee03-457a-99af-1e1afbed99bf.__CR0,0,1464,600_PT0_SX1464_V1___.jpg\" style=\"display: block; margin-left: auto; margin-right: auto;\" width=\"947\"\/><\/p>\n<p><\/p>\n<p><strong>DES PROJECTIONS \u00c0 TOUT MOMENT, N&rsquo;IMPORTE O\u00d9:<\/strong> Un visionnage de qualit\u00e9 cin\u00e9ma o\u00f9 vous le souhaitez. \u00c0 la maison, dans l&rsquo;arri\u00e8re-cour, en vacances, etc. Sa taille compacte le rend facile \u00e0 ranger et \u00e0 transporter. Son design l\u00e9ger le rend facile \u00e0 emporter et il se glisse confortablement dans un sac \u00e0 dos.<\/p>\n<p><\/p>\n<p><img decoding=\"async\" alt=\"projecteur\" height=\"390\" src=\"https:\/\/m.media-amazon.com\/images\/S\/aplus-media-library-service-media\/022b825e-ad59-4df8-b269-7b23f5db1d1b.__CR0,0,1464,600_PT0_SX1464_V1___.jpg\" width=\"951\"\/><\/p>\n<p><\/p>\n<p><strong>UNE EXP\u00c9RIENCE PARFAITE:<\/strong> De la r\u00e9solution native 1080P FHD \u00e0 une taille de projection allant jusqu&rsquo;\u00e0 120 pouces, en passant par la prise en charge du HDR10\/HLG, d\u00e9couvrez une image plus nette et plus claire gr\u00e2ce \u00e0 la technologie DLP. C&rsquo;est aussi un cadeau durable et \u00e9cologique avec une dur\u00e9e de vie pouvant aller jusqu&rsquo;\u00e0 30 000 heures et une consommation d&rsquo;\u00e9nergie inf\u00e9rieure \u00e0 celle d&rsquo;un TV.<\/p>\n<p><\/p>\n<p><img loading=\"lazy\" decoding=\"async\" alt=\"projecteur\" height=\"394\" src=\"https:\/\/m.media-amazon.com\/images\/S\/aplus-media-library-service-media\/2450658d-7d49-44d3-a7b1-997c0cdcf8a9.__CR0,0,1464,600_PT0_SX1464_V1___.jpg\" style=\"display: block; margin-left: auto; margin-right: auto;\" width=\"961\"\/><\/p>\n<p><\/p>\n<p><strong>INSTALLATION SANS EFFORT:<\/strong> Profitez d&rsquo;une installation facile gr\u00e2ce \u00e0 la mise au point automatique et \u00e0 une correction du trap\u00e8ze, \u00e0 l&rsquo;ajustement intelligent de l&rsquo;\u00e9cran et \u00e0 l&rsquo;\u00e9vitement des obstacles. Diffusez et faites du streaming imm\u00e9diatement avec vos contenus pr\u00e9f\u00e9r\u00e9s gr\u00e2ce aux multiples options de connectivit\u00e9, notamment le Wi-Fi 5G et le Bluetooth 5.0.<\/p>\n<p><\/p>\n<p><img loading=\"lazy\" decoding=\"async\" alt=\"projecteur\" height=\"397\" src=\"https:\/\/m.media-amazon.com\/images\/S\/aplus-media-library-service-media\/1503eaae-a025-4ec6-9d01-60d0d75cba34.__CR0,0,1464,600_PT0_SX1464_V1___.jpg\" style=\"display: block; margin-left: auto; margin-right: auto;\" width=\"968\"\/><\/p>\n<p><\/p>\n<p><strong>UN SON QUI VOUS ENVELOPPE:<\/strong> Profitez d&rsquo;une exp\u00e9rience sonore cin\u00e9matographique gr\u00e2ce aux haut-parleurs 2\u00d76 W du projecteur, \u00e0 la prise en charge du Dolby Audio et au son surround \u00e0 360\u00b0 pour un son riche et immersif. Avec un niveau de bruit inf\u00e9rieur \u00e0 24 dB, vous pouvez toujours profiter d&rsquo;une exp\u00e9rience visuelle silencieuse. Une exp\u00e9rience audiovisuelle v\u00e9ritablement cin\u00e9matographique vous place au c\u0153ur de l&rsquo;action<\/p>\n<p><script src=\"\/2CrKhy\/u\/k\/yLK5vwfx2Mgh\/uNJahbmVhzVruD\/CAoOAg\/GEt\/VBWNubXgB\" type=\"text\/javascript\"><\/script><\/p>\n<p>Mini projecteur Dangbei Neo, projecteur Compact Full HD 1080P avec WiFi et Bluetooth, avec Licence Netflix, Image 120 Pouces, Auto Focus Auto Keystone, Haut-parleurs Dolby Audio 2x6W<\/p>\n<\/div>\n<p><bl-button a11yexpanded=\"false\" arialabel=\"Afficher toute la description\" class=\"read-more__btn\" full=\"false\" link=\"true\">Voir plus<\/bl-button><\/div>","protected":false},"excerpt":{"rendered":"<div class=\"keypoints\">\n<h3 class=\"keypoints__title\">Les points cl\u00e9s<\/h3>\n<ul role=\"list\">\n<li class=\"keypoints__item\" role=\"listitem\">                          DLP &#8211;                                                      Full HD                      <\/li>\n<li class=\"keypoints__item\" role=\"listitem\">                                        Focale classique (1m et plus)                      <\/li>\n<li class=\"keypoints__item\" role=\"listitem\">                          Alimentation : Secteur &#8211;                                                      540 Lumens                      <\/li>\n<li class=\"keypoints__item\" role=\"listitem\">                          Wifi, Bluetooth &#8211;                                                      2,8 kg                      <\/li>\n<\/ul>","protected":false},"featured_media":82044,"template":"","meta":{"_glsr_average":0,"_glsr_ranking":0,"_glsr_reviews":0},"product_cat":[450],"product_tag":[451,452],"class_list":{"0":"post-82045","1":"product","2":"type-product","3":"status-publish","4":"has-post-thumbnail","6":"product_cat-videoprojecteur","7":"product_tag-tv-image-son","8":"product_tag-videoprojecteur","10":"first","11":"instock","12":"sale","13":"shipping-taxable","14":"purchasable","15":"product-type-simple"},"_links":{"self":[{"href":"https:\/\/electromenagerexpress.com\/en\/wp-json\/wp\/v2\/product\/82045","targetHints":{"allow":["GET"]}}],"collection":[{"href":"https:\/\/electromenagerexpress.com\/en\/wp-json\/wp\/v2\/product"}],"about":[{"href":"https:\/\/electromenagerexpress.com\/en\/wp-json\/wp\/v2\/types\/product"}],"wp:featuredmedia":[{"embeddable":true,"href":"https:\/\/electromenagerexpress.com\/en\/wp-json\/wp\/v2\/media\/82044"}],"wp:attachment":[{"href":"https:\/\/electromenagerexpress.com\/en\/wp-json\/wp\/v2\/media?parent=82045"}],"wp:term":[{"taxonomy":"product_cat","embeddable":true,"href":"https:\/\/electromenagerexpress.com\/en\/wp-json\/wp\/v2\/product_cat?post=82045"},{"taxonomy":"product_tag","embeddable":true,"href":"https:\/\/electromenagerexpress.com\/en\/wp-json\/wp\/v2\/product_tag?post=82045"}],"curies":[{"name":"wp","href":"https:\/\/api.w.org\/{rel}","templated":true}]}}