{"id":81903,"date":"2024-11-24T15:27:19","date_gmt":"2024-11-24T15:27:19","guid":{"rendered":"https:\/\/electromenagerexpress.com\/product\/videoprojecteur-portablebenqgp100\/"},"modified":"2024-11-24T15:27:30","modified_gmt":"2024-11-24T15:27:30","slug":"videoprojecteur-portablebenqgp100","status":"publish","type":"product","link":"https:\/\/electromenagerexpress.com\/en\/product\/videoprojecteur-portablebenqgp100\/","title":{"rendered":"Vid\u00e9oprojecteur portable\t\t\t\t\t\t\tBENQ\t\t\t\tGP100"},"content":{"rendered":"<div class=\"product-features__content\">\n<ul role=\"list\">\n<li class=\"product-features__item\" role=\"listitem\">\n<h3 class=\"product-features__label\">Qualit\u00e9 de l&rsquo;image<\/h3>\n<ul role=\"list\">\n<li class=\"product-features__item-list__item\" role=\"listitem\"><span class=\"is--medium\">Technologie :<\/span> DLP, l&rsquo;image est cr\u00e9\u00e9e en projetant successivement et rapidement les couleurs d&rsquo;une roue chromatique ce qui permet d&rsquo;obtenir une image nette, des couleurs naturelles et des noirs profonds\t\t\t\t\t<\/li>\n<li class=\"product-features__item-list__item\" role=\"listitem\"><span class=\"is--medium\">R\u00e9solution :<\/span> 1920 x 1080 pixels conditionnent la qualit\u00e9 d&rsquo;image. Plus il y a de pixels, plus l&rsquo;image est riche\t\t\t\t\t<\/li>\n<li class=\"product-features__item-list__item\" role=\"listitem\"><span class=\"is--medium\">Luminosit\u00e9 :<\/span> 1.000 Lumens\t\t\t\t\t<\/li>\n<li class=\"product-features__item-list__item\" role=\"listitem\"><span class=\"is--medium\">Le saviez-vous :<\/span> plus le nombre de lumens est important, plus on pourra projeter dans une pi\u00e8ce lumineuse selon la technologie\t\t\t\t\t<\/li>\n<li class=\"product-features__item-list__item\" role=\"listitem\"><span class=\"is--medium\">Contraste :<\/span> 100 000:1\t\t\t\t\t<\/li>\n<li class=\"product-features__item-list__item\" role=\"listitem\"><span class=\"is--medium\">Le saviez-vous :<\/span> plus le contraste est \u00e9lev\u00e9, plus la qualit\u00e9 de l&rsquo;image est optimale, un taux de contraste \u00e9lev\u00e9 donne du relief \u00e0 l&rsquo;image\t\t\t\t\t<\/li>\n<li class=\"product-features__item-list__item\" role=\"listitem\"><span class=\"is--medium\">HDR :<\/span> oui, permet d&rsquo;augmenter le niveau de d\u00e9tail de l&rsquo;image et son contraste\t\t\t\t\t<\/li>\n<li class=\"product-features__item-list__item\" role=\"listitem\"><span class=\"is--medium\">Mode Gaming :<\/span> oui\t\t\t\t\t<\/li>\n<\/ul>\n<\/li>\n<li class=\"product-features__item\" role=\"listitem\">\n<h3 class=\"product-features__label\">Type de projection<\/h3>\n<ul role=\"list\">\n<li class=\"product-features__item-list__item\" role=\"listitem\"><span class=\"is--medium\">Type de focale (distance du mur) :<\/span> Focale classique (1m et plus)\t\t\t\t\t<\/li>\n<li class=\"product-features__item-list__item\" role=\"listitem\"><span class=\"is--medium\">Distance de projection minimale :<\/span> 1,6 m\t\t\t\t\t<\/li>\n<li class=\"product-features__item-list__item\" role=\"listitem\"><span class=\"is--medium\">Distance de projection maximale :<\/span> 3,2 m\t\t\t\t\t<\/li>\n<li class=\"product-features__item-list__item\" role=\"listitem\"><span class=\"is--medium\">Taille de l&rsquo;image minimale :<\/span> 1,3 m\t\t\t\t\t<\/li>\n<li class=\"product-features__item-list__item\" role=\"listitem\"><span class=\"is--medium\">Taille de l&rsquo;image maximale :<\/span> 2,6 m\t\t\t\t\t<\/li>\n<li class=\"product-features__item-list__item\" role=\"listitem\"><span class=\"is--medium\">Format natif :<\/span> 16\/9\t\t\t\t\t<\/li>\n<\/ul>\n<\/li>\n<li class=\"product-features__item\" role=\"listitem\">\n<h3 class=\"product-features__label\">Mise au point<\/h3>\n<ul role=\"list\">\n<li class=\"product-features__item-list__item\" role=\"listitem\"><span class=\"is--medium\">Mise au point :<\/span> Auto et manuelle\t\t\t\t\t<\/li>\n<li class=\"product-features__item-list__item\" role=\"listitem\"><span class=\"is--medium\">Rapport de projection :<\/span> 1 &#8211; 2 : 1\t\t\t\t\t<\/li>\n<li class=\"product-features__item-list__item\" role=\"listitem\"><span class=\"is--medium\">Le saviez-vous :<\/span> il permet de d\u00e9terminer la taille de l&rsquo;\u00e9cran en fonction du recul du projecteur, plus le rapport de projection sera \u00e9lev\u00e9 plus il faudra de recul pour installer votre vid\u00e9o\t\t\t\t\t<\/li>\n<li class=\"product-features__item-list__item\" role=\"listitem\"><span class=\"is--medium\">D\u00e9placement de l&rsquo;image (Lens shift) :<\/span> non\t\t\t\t\t<\/li>\n<li class=\"product-features__item-list__item\" role=\"listitem\"><span class=\"is--medium\">Correction du trap\u00e8ze (Keystone) :<\/span> verticale et horizontale\t\t\t\t\t<\/li>\n<li class=\"product-features__item-list__item\" role=\"listitem\"><span class=\"is--medium\">Correction en degr\u00e9s :<\/span> 30\t\t\t\t\t<\/li>\n<li class=\"product-features__item-list__item\" role=\"listitem\"><span class=\"is--medium\">Le saviez-vous :<\/span> permet de corriger la d\u00e9formation de l&rsquo;image (en forme de trap\u00e8ze) lorsque celle-ci est projet\u00e9e de biais\t\t\t\t\t<\/li>\n<\/ul>\n<\/li>\n<li class=\"product-features__item\" role=\"listitem\">\n<h3 class=\"product-features__label\">Construction<\/h3>\n<ul role=\"list\">\n<li class=\"product-features__item-list__item\" role=\"listitem\"><span class=\"is--medium\">Type de lampe :<\/span> LED, consomme moins d&rsquo;\u00e9nergie qu&rsquo;une lampe classique ce qui permet d&rsquo;allonger sa dur\u00e9e de vie, de produire moins de chaleur et de bruit\t\t\t\t\t<\/li>\n<li class=\"product-features__item-list__item\" role=\"listitem\"><span class=\"is--medium\">Dur\u00e9e de vie de la lampe :<\/span> 20.000 h\t\t\t\t\t<\/li>\n<li class=\"product-features__item-list__item\" role=\"listitem\"><span class=\"is--medium\">Niveau sonore (mode \u00e9co) :<\/span> 26 dB\t\t\t\t\t<\/li>\n<li class=\"product-features__item-list__item\" role=\"listitem\"><span class=\"is--medium\">Niveau sonore (mode normal) :<\/span> 28 dB\t\t\t\t\t<\/li>\n<li class=\"product-features__item-list__item\" role=\"listitem\"><span class=\"is--medium\">Le saviez-vous :<\/span> le niveau sonore en mode standard \u00ab\u00a0le plus bruyant\u00a0\u00bb correspond \u00e0 la luminosit\u00e9 maximale de l&rsquo;appareil, le niveau sonore en mode \u00e9co quant \u00e0 lui est plus silencieux mais a une luminosit\u00e9 plus faible\t\t\t\t\t<\/li>\n<li class=\"product-features__item-list__item\" role=\"listitem\"><span class=\"is--medium\">Haut parleur int\u00e9gr\u00e9 :<\/span> Oui\t\t\t\t\t<\/li>\n<li class=\"product-features__item-list__item\" role=\"listitem\"><span class=\"is--medium\">Puissance (en watts RMS) :<\/span> 20 Watts RMS\t\t\t\t\t<\/li>\n<li class=\"product-features__item-list__item\" role=\"listitem\"><span class=\"is--medium\">Comprendre les watts RMS :<\/span> ce sont les watts r\u00e9ellement utils\u00e9s pour d\u00e9livrer la puissance de l&rsquo;enceinte\t\t\t\t\t<\/li>\n<li class=\"product-features__item-list__item\" role=\"listitem\"><span class=\"is--medium\">Fixation sur Tr\u00e9pied :<\/span> Oui\t\t\t\t\t<\/li>\n<li class=\"product-features__item-list__item\" role=\"listitem\"><span class=\"is--medium\">Fixation au plafond :<\/span> Oui\t\t\t\t\t<\/li>\n<li class=\"product-features__item-list__item\" role=\"listitem\"><span class=\"is--medium\">Ecran inclus :<\/span> Non\t\t\t\t\t<\/li>\n<\/ul>\n<\/li>\n<li class=\"product-features__item\" role=\"listitem\">\n<h3 class=\"product-features__label\">Connectivit\u00e9<\/h3>\n<ul role=\"list\">\n<li class=\"product-features__item-list__item\" role=\"listitem\"><span class=\"is--medium\">Syst\u00e8me d&rsquo;exploitation :<\/span> un vid\u00e9oprojecteur Android TV a la capacit\u00e9 de se connecter au r\u00e9seau internet et permet ainsi de faire des recherches, regarder des films et s\u00e9ries en streaming ou encore jouer \u00e0 des jeux vid\u00e9o en ligne\t\t\t\t\t<\/li>\n<li class=\"product-features__item-list__item\" role=\"listitem\"><span class=\"is--medium\">Catalogue d&rsquo;applications :<\/span> Google Play Store\t\t\t\t\t<\/li>\n<li class=\"product-features__item-list__item\" role=\"listitem\"><span class=\"is--medium\">Bluetooth :<\/span> bluetooth in et out\t\t\t\t\t<\/li>\n<li class=\"product-features__item-list__item\" role=\"listitem\"><span class=\"is--medium\">Fonctionnalit\u00e9 du bluetooth :<\/span> in, permet d&rsquo;envoyer sans fil un contenu sur le vid\u00e9oprojecteur et out, permet d&rsquo;envoyer le son du vid\u00e9oprojecteur vers une barre de son ou enceinte bluetooth compatible\t\t\t\t\t<\/li>\n<li class=\"product-features__item-list__item\" role=\"listitem\"><span class=\"is--medium\">Wifi :<\/span> Int\u00e9gr\u00e9\t\t\t\t\t<\/li>\n<li class=\"product-features__item-list__item\" role=\"listitem\"><span class=\"is--medium\">Assistant vocal int\u00e9gr\u00e9 :<\/span> Google Assistant\t\t\t\t\t<\/li>\n<li class=\"product-features__item-list__item\" role=\"listitem\"><span class=\"is--medium\">Compatible assistant vocal :<\/span> Google Assistant\t\t\t\t\t<\/li>\n<li class=\"product-features__item-list__item\" role=\"listitem\"><span class=\"is--medium\">Le saviez-vous :<\/span> l&rsquo;assistant, permet d&rsquo;effectuer une recherche par la voix pour acc\u00e9der \u00e0 des films, des \u00e9missions, mettre de la musique , augmenter le volume&#8230;.\t\t\t\t\t<\/li>\n<\/ul>\n<\/li>\n<li class=\"product-features__item\" role=\"listitem\">\n<h3 class=\"product-features__label\">Alimentation et consommation<\/h3>\n<ul role=\"list\">\n<li class=\"product-features__item-list__item\" role=\"listitem\"><span class=\"is--medium\">Alimentation :<\/span> Secteur et USB\t\t\t\t\t<\/li>\n<li class=\"product-features__item-list__item\" role=\"listitem\"><span class=\"is--medium\">Batterie incluse :<\/span> non\t\t\t\t\t<\/li>\n<li class=\"product-features__item-list__item\" role=\"listitem\"><span class=\"is--medium\">Consommation en veille :<\/span> 0,5 W\t\t\t\t\t<\/li>\n<li class=\"product-features__item-list__item\" role=\"listitem\"><span class=\"is--medium\">Consommation en fonctionnement :<\/span> 120 W\t\t\t\t\t<\/li>\n<li class=\"product-features__item-list__item\" role=\"listitem\"><span class=\"is--medium\">Mode Eco :<\/span> oui, r\u00e9duit la luminosit\u00e9 de la lampe et le bruit du ventilateur pour \u00e9conomiser de l&rsquo;\u00e9nergie tout en prolongeant la dur\u00e9e de vie de la lampe\t\t\t\t\t<\/li>\n<li class=\"product-features__item-list__item\" role=\"listitem\"><span class=\"is--medium\">D\u00e9marrage instantan\u00e9 :<\/span> Oui\t\t\t\t\t<\/li>\n<\/ul>\n<\/li>\n<li class=\"product-features__item\" role=\"listitem\">\n<h3 class=\"product-features__label\">Connectiques<\/h3>\n<ul role=\"list\">\n<li class=\"product-features__item-list__item\" role=\"listitem\"><span class=\"is--medium\">HDMI 2.0 :<\/span> 2 ports pour une belle image en 4K\t\t\t\t\t<\/li>\n<li class=\"product-features__item-list__item\" role=\"listitem\"><span class=\"is--medium\">HDMI ARC (audio return chanel) :<\/span> Oui, permet d&rsquo;utiliser la t\u00e9l\u00e9commande de votre vid\u00e9oprojecteur pour allumer et r\u00e9gler le volume de votre ampli, barre de son, console de jeu branch\u00e9 en HDMI disposant \u00e9galement de la norme ARC\t\t\t\t\t<\/li>\n<li class=\"product-features__item-list__item\" role=\"listitem\"><span class=\"is--medium\">HDMI 1.4 :<\/span> 0\t\t\t\t\t<\/li>\n<li class=\"product-features__item-list__item\" role=\"listitem\"><span class=\"is--medium\">Port USB :<\/span> 3\t\t\t\t\t<\/li>\n<li class=\"product-features__item-list__item\" role=\"listitem\"><span class=\"is--medium\">Sortie audio :<\/span> 1\t\t\t\t\t<\/li>\n<li class=\"product-features__item-list__item\" role=\"listitem\"><span class=\"is--medium\">Sortie optique :<\/span> 0\t\t\t\t\t<\/li>\n<\/ul>\n<\/li>\n<li class=\"product-features__item\" role=\"listitem\">\n<h3 class=\"product-features__label\">Dimensions<\/h3>\n<ul role=\"list\">\n<li class=\"product-features__item-list__item\" role=\"listitem\"><span class=\"is--medium\">Dimensions l x h x p :<\/span> 16.9 x 19.3 x 21.4 cm\t\t\t\t\t<\/li>\n<li class=\"product-features__item-list__item\" role=\"listitem\"><span class=\"is--medium\">Poids :<\/span> 2,9 kg\t\t\t\t\t<\/li>\n<li class=\"product-features__item-list__item\" role=\"listitem\"><span class=\"is--medium\">Poids Brut (kg) :<\/span> 4\t\t\t\t\t<\/li>\n<\/ul>\n<\/li>\n<li class=\"product-features__item\" role=\"listitem\">\n<h3 class=\"product-features__label\">Informations compl\u00e9mentaires<\/h3>\n<ul role=\"list\">\n<li class=\"product-features__item-list__item\" role=\"listitem\"><span class=\"is--medium\">Garantie :<\/span> 2 ans\t\t\t\t\t<\/li>\n<li class=\"product-features__item-list__item\" role=\"listitem\"><span class=\"is--medium\">Fabriqu\u00e9 en :<\/span> Chine\t\t\t\t\t<\/li>\n<li class=\"product-features__item-list__item\" role=\"listitem\"><span class=\"is--medium\">Disponibilit\u00e9 des pi\u00e8ces d\u00e9tach\u00e9es (donn\u00e9es fournisseur) :<\/span> Pendant 5 ans, \u00e0 compter de la date fin de fabrication\t\t\t\t\t<\/li>\n<\/ul>\n<\/li>\n<\/ul>\n<\/div>\n<div class=\"product__disclosure-content\">\n<div class=\"js-read-more product-description__content read-more read-more--truncated\" data-read-more-name=\"description\" style=\"max-height: 500px; overflow: hidden;\">\n<div class=\"product__description-content read-more\" style=\"\">\n<p>Vid\u00e9oprojecteur portable BENQ GP100 : l&rsquo;alli\u00e9 multim\u00e9dia nomade<\/p>\n<h3> <img fetchpriority=\"high\" decoding=\"async\" ,=\"\" alt=\"Vid\u00e9oprojecteur portable BENQ GP100\" class=\"wy_tableau_gauche\" height=\"270\" src=\"https:\/\/boulanger.scene7.com\/is\/image\/Boulanger\/4718755089893_h_f_l_0?wid=400&amp;hei=270\" width=\"400\"\/>Qualit\u00e9 d&rsquo;image et polyvalence                    <\/h3>\n<p>                        Le vid\u00e9oprojecteur portable BENQ GP100 se distingue par sa r\u00e9solution Full HD 1080p et sa luminosit\u00e9 de 1 000 ANSI lumens, offrant une exp\u00e9rience visuelle \u00e9clatante, que ce soit pour des pr\u00e9sentations professionnelles ou des s\u00e9ances de cin\u00e9ma \u00e0 domicile. Compatible avec les formats SDR et HDR, il assure une qualit\u00e9 d&rsquo;image optimale. Sa correction automatique du trap\u00e8ze 2D (+\/- 30 degr\u00e9s) et manuelle (+\/- 40 degr\u00e9s) permet une installation flexible et rapide, s&rsquo;adaptant \u00e0 divers environnements. De plus, avec un ratio de contraste de 100 000 : 1 et une palette de 16,7 millions de couleurs, le GP100 reproduit des images d&rsquo;une clart\u00e9 et d&rsquo;une profondeur exceptionnelles.                    <\/p>\n<\/p>\n<h3> <img decoding=\"async\" ,=\"\" alt=\"Vid\u00e9oprojecteur portable BENQ GP100\" class=\"wy_tableau_right\" height=\"270\" src=\"https:\/\/boulanger.scene7.com\/is\/image\/Boulanger\/4718755089893_h_f_l_1?wid=400&amp;hei=270\" width=\"400\"\/>Connectivit\u00e9 et sonorit\u00e9 sup\u00e9rieures                    <\/h3>\n<p>                        Con\u00e7u pour la mobilit\u00e9, le BENQ GP100 int\u00e8gre Netflix et est propuls\u00e9 par Android TV, offrant un large \u00e9ventail de contenus de divertissement. La projection sans fil est compatible avec de multiples syst\u00e8mes d&rsquo;exploitation et appareils gr\u00e2ce au Chromecast et \u00e0 Airplay. La connectivit\u00e9 USB-C permet non seulement une sortie DisplayPort mais aussi la livraison d&rsquo;\u00e9nergie, rendant ce vid\u00e9oprojecteur encore plus pratique. Pour une immersion sonore compl\u00e8te, il est \u00e9quip\u00e9 d&rsquo;un haut-parleur de 20W avec un canal 2.1 et des basses renforc\u00e9es, capable de se transformer en mode enceinte sans fil pour jouer de la musique depuis un appareil mobile sur le m\u00eame r\u00e9seau Wi-Fi. Compact et l\u00e9ger avec un poids de 2,9 kg, le GP100 est l&rsquo;outil id\u00e9al pour des pr\u00e9sentations ou des divertissements de qualit\u00e9, o\u00f9 que vous soyez.                    <\/p>\n<\/p><\/div>\n<\/p>\n<\/div>\n<p><bl-button a11yexpanded=\"false\" arialabel=\"Afficher toute la description\" class=\"read-more__btn\" full=\"false\" link=\"true\">Voir plus<\/bl-button><\/div>","protected":false},"excerpt":{"rendered":"<div class=\"keypoints\">\n<h3 class=\"keypoints__title\">Les points cl\u00e9s<\/h3>\n<ul role=\"list\">\n<li class=\"keypoints__item\" role=\"listitem\">                          DLP &#8211;                                                      Full HD                      <\/li>\n<li class=\"keypoints__item\" role=\"listitem\">                                        Focale classique (1m et plus)                      <\/li>\n<li class=\"keypoints__item\" role=\"listitem\">                          Alimentation : Secteur et USB &#8211;                                                      1.000 Lumens                      <\/li>\n<li class=\"keypoints__item\" role=\"listitem\">                          Wifi, Bluetooth &#8211;                                                      2,9 kg                      <\/li>\n<li class=\"keypoints__item keypoints__item--advantage\" role=\"listitem\"><strong>Le + :<\/strong> Le port USB-C permet de connecter des appareils nomades, Android TV      <\/li>\n<\/ul>","protected":false},"featured_media":81902,"template":"","meta":{"_glsr_average":0,"_glsr_ranking":0,"_glsr_reviews":0},"product_cat":[450],"product_tag":[451,452],"class_list":{"0":"post-81903","1":"product","2":"type-product","3":"status-publish","4":"has-post-thumbnail","6":"product_cat-videoprojecteur","7":"product_tag-tv-image-son","8":"product_tag-videoprojecteur","10":"first","11":"instock","12":"sale","13":"shipping-taxable","14":"purchasable","15":"product-type-simple"},"_links":{"self":[{"href":"https:\/\/electromenagerexpress.com\/en\/wp-json\/wp\/v2\/product\/81903","targetHints":{"allow":["GET"]}}],"collection":[{"href":"https:\/\/electromenagerexpress.com\/en\/wp-json\/wp\/v2\/product"}],"about":[{"href":"https:\/\/electromenagerexpress.com\/en\/wp-json\/wp\/v2\/types\/product"}],"wp:featuredmedia":[{"embeddable":true,"href":"https:\/\/electromenagerexpress.com\/en\/wp-json\/wp\/v2\/media\/81902"}],"wp:attachment":[{"href":"https:\/\/electromenagerexpress.com\/en\/wp-json\/wp\/v2\/media?parent=81903"}],"wp:term":[{"taxonomy":"product_cat","embeddable":true,"href":"https:\/\/electromenagerexpress.com\/en\/wp-json\/wp\/v2\/product_cat?post=81903"},{"taxonomy":"product_tag","embeddable":true,"href":"https:\/\/electromenagerexpress.com\/en\/wp-json\/wp\/v2\/product_tag?post=81903"}],"curies":[{"name":"wp","href":"https:\/\/api.w.org\/{rel}","templated":true}]}}