{"id":81898,"date":"2024-11-24T15:27:15","date_gmt":"2024-11-24T15:27:15","guid":{"rendered":"https:\/\/electromenagerexpress.com\/product\/videoprojecteur-home-cinemanebulamars-3-air\/"},"modified":"2024-11-24T15:27:17","modified_gmt":"2024-11-24T15:27:17","slug":"videoprojecteur-home-cinemanebulamars-3-air","status":"publish","type":"product","link":"https:\/\/electromenagerexpress.com\/en\/product\/videoprojecteur-home-cinemanebulamars-3-air\/","title":{"rendered":"Vid\u00e9oprojecteur home cin\u00e9ma\t\t\t\t\t\t\tNEBULA\t\t\t\tMars 3 Air"},"content":{"rendered":"<div class=\"product-features__content\">\n<ul role=\"list\">\n<li class=\"product-features__item\" role=\"listitem\">\n<h3 class=\"product-features__label\">Qualit\u00e9 de l&rsquo;image<\/h3>\n<ul role=\"list\">\n<li class=\"product-features__item-list__item\" role=\"listitem\"><span class=\"is--medium\">Technologie :<\/span> DLP, l&rsquo;image est cr\u00e9\u00e9e en projetant successivement et rapidement les couleurs d&rsquo;une roue chromatique ce qui permet d&rsquo;obtenir une image nette, des couleurs naturelles et des noirs profonds\t\t\t\t\t<\/li>\n<li class=\"product-features__item-list__item\" role=\"listitem\"><span class=\"is--medium\">R\u00e9solution :<\/span> 1920 x 1080 pixels conditionnent la qualit\u00e9 d&rsquo;image. Plus il y a de pixels, plus l&rsquo;image est riche\t\t\t\t\t<\/li>\n<li class=\"product-features__item-list__item\" role=\"listitem\"><span class=\"is--medium\">Luminosit\u00e9 :<\/span> 400 Lumens\t\t\t\t\t<\/li>\n<li class=\"product-features__item-list__item\" role=\"listitem\"><span class=\"is--medium\">Le saviez-vous :<\/span> plus le nombre de lumens est important, plus on pourra projeter dans une pi\u00e8ce lumineuse selon la technologie\t\t\t\t\t<\/li>\n<li class=\"product-features__item-list__item\" role=\"listitem\"><span class=\"is--medium\">Contraste :<\/span> 1 000:1\t\t\t\t\t<\/li>\n<li class=\"product-features__item-list__item\" role=\"listitem\"><span class=\"is--medium\">Le saviez-vous :<\/span> plus le contraste est \u00e9lev\u00e9, plus la qualit\u00e9 de l&rsquo;image est optimale, un taux de contraste \u00e9lev\u00e9 donne du relief \u00e0 l&rsquo;image\t\t\t\t\t<\/li>\n<li class=\"product-features__item-list__item\" role=\"listitem\"><span class=\"is--medium\">HDR :<\/span> non\t\t\t\t\t<\/li>\n<\/ul>\n<\/li>\n<li class=\"product-features__item\" role=\"listitem\">\n<h3 class=\"product-features__label\">Type de projection<\/h3>\n<ul role=\"list\">\n<li class=\"product-features__item-list__item\" role=\"listitem\"><span class=\"is--medium\">Type de focale (distance du mur) :<\/span> Focale classique (1m et plus)\t\t\t\t\t<\/li>\n<li class=\"product-features__item-list__item\" role=\"listitem\"><span class=\"is--medium\">Distance de projection minimale :<\/span> 80,0 cm\t\t\t\t\t<\/li>\n<li class=\"product-features__item-list__item\" role=\"listitem\"><span class=\"is--medium\">Distance de projection maximale :<\/span> 4,0 m\t\t\t\t\t<\/li>\n<li class=\"product-features__item-list__item\" role=\"listitem\"><span class=\"is--medium\">Format natif :<\/span> 16\/9\t\t\t\t\t<\/li>\n<\/ul>\n<\/li>\n<li class=\"product-features__item\" role=\"listitem\">\n<h3 class=\"product-features__label\">Mise au point<\/h3>\n<ul role=\"list\">\n<li class=\"product-features__item-list__item\" role=\"listitem\"><span class=\"is--medium\">Mise au point :<\/span> automatique\t\t\t\t\t<\/li>\n<li class=\"product-features__item-list__item\" role=\"listitem\"><span class=\"is--medium\">D\u00e9placement de l&rsquo;image (Lens shift) :<\/span> Non communiqu\u00e9\t\t\t\t\t<\/li>\n<li class=\"product-features__item-list__item\" role=\"listitem\"><span class=\"is--medium\">Correction du trap\u00e8ze (Keystone) :<\/span> automatique\t\t\t\t\t<\/li>\n<li class=\"product-features__item-list__item\" role=\"listitem\"><span class=\"is--medium\">Le saviez-vous :<\/span> permet de corriger la d\u00e9formation de l&rsquo;image (en forme de trap\u00e8ze) lorsque celle-ci est projet\u00e9e de biais\t\t\t\t\t<\/li>\n<\/ul>\n<\/li>\n<li class=\"product-features__item\" role=\"listitem\">\n<h3 class=\"product-features__label\">Construction<\/h3>\n<ul role=\"list\">\n<li class=\"product-features__item-list__item\" role=\"listitem\"><span class=\"is--medium\">Type de lampe :<\/span> LED, consomme moins d&rsquo;\u00e9nergie qu&rsquo;une lampe classique ce qui permet d&rsquo;allonger sa dur\u00e9e de vie, de produire moins de chaleur et de bruit\t\t\t\t\t<\/li>\n<li class=\"product-features__item-list__item\" role=\"listitem\"><span class=\"is--medium\">Puissance de la lampe :<\/span> 90 W\t\t\t\t\t<\/li>\n<li class=\"product-features__item-list__item\" role=\"listitem\"><span class=\"is--medium\">Le saviez-vous :<\/span> la puissance d&rsquo;une lampe (en Watts) est l&rsquo;\u00e9nergie \u00e9lectrique consomm\u00e9e par la lampe pour produire une certaine intensit\u00e9 lumineuse. La puissance d&rsquo;une lampe est toujours li\u00e9e \u00e0 sa consommation ainsi qu&rsquo;\u00e0 sa production de chaleur\t\t\t\t\t<\/li>\n<li class=\"product-features__item-list__item\" role=\"listitem\"><span class=\"is--medium\">Dur\u00e9e de vie de la lampe :<\/span> 30.000 h\t\t\t\t\t<\/li>\n<li class=\"product-features__item-list__item\" role=\"listitem\"><span class=\"is--medium\">Niveau sonore (mode \u00e9co) :<\/span> 28 dB\t\t\t\t\t<\/li>\n<li class=\"product-features__item-list__item\" role=\"listitem\"><span class=\"is--medium\">Niveau sonore (mode normal) :<\/span> 28 dB\t\t\t\t\t<\/li>\n<li class=\"product-features__item-list__item\" role=\"listitem\"><span class=\"is--medium\">Le saviez-vous :<\/span> le niveau sonore en mode standard \u00ab\u00a0le plus bruyant\u00a0\u00bb correspond \u00e0 la luminosit\u00e9 maximale de l&rsquo;appareil, le niveau sonore en mode \u00e9co quant \u00e0 lui est plus silencieux mais a une luminosit\u00e9 plus faible\t\t\t\t\t<\/li>\n<li class=\"product-features__item-list__item\" role=\"listitem\"><span class=\"is--medium\">Haut parleur int\u00e9gr\u00e9 :<\/span> Oui\t\t\t\t\t<\/li>\n<li class=\"product-features__item-list__item\" role=\"listitem\"><span class=\"is--medium\">Puissance (en watts RMS) :<\/span> 8 Watts RMS\t\t\t\t\t<\/li>\n<li class=\"product-features__item-list__item\" role=\"listitem\"><span class=\"is--medium\">Comprendre les watts RMS :<\/span> ce sont les watts r\u00e9ellement utils\u00e9s pour d\u00e9livrer la puissance de l&rsquo;enceinte\t\t\t\t\t<\/li>\n<li class=\"product-features__item-list__item\" role=\"listitem\"><span class=\"is--medium\">Fixation sur Tr\u00e9pied :<\/span> Oui\t\t\t\t\t<\/li>\n<li class=\"product-features__item-list__item\" role=\"listitem\"><span class=\"is--medium\">Fixation au plafond :<\/span> Oui\t\t\t\t\t<\/li>\n<li class=\"product-features__item-list__item\" role=\"listitem\"><span class=\"is--medium\">Ecran inclus :<\/span> Non\t\t\t\t\t<\/li>\n<\/ul>\n<\/li>\n<li class=\"product-features__item\" role=\"listitem\">\n<h3 class=\"product-features__label\">Connectivit\u00e9<\/h3>\n<ul role=\"list\">\n<li class=\"product-features__item-list__item\" role=\"listitem\"><span class=\"is--medium\">Bluetooth :<\/span> Oui\t\t\t\t\t<\/li>\n<li class=\"product-features__item-list__item\" role=\"listitem\"><span class=\"is--medium\">Wifi :<\/span> Int\u00e9gr\u00e9\t\t\t\t\t<\/li>\n<\/ul>\n<\/li>\n<li class=\"product-features__item\" role=\"listitem\">\n<h3 class=\"product-features__label\">Alimentation et consommation<\/h3>\n<ul role=\"list\">\n<li class=\"product-features__item-list__item\" role=\"listitem\"><span class=\"is--medium\">Alimentation :<\/span> Batterie\t\t\t\t\t<\/li>\n<li class=\"product-features__item-list__item\" role=\"listitem\"><span class=\"is--medium\">Autonomie de la batterie :<\/span> 2h30\t\t\t\t\t<\/li>\n<li class=\"product-features__item-list__item\" role=\"listitem\"><span class=\"is--medium\">Consommation en veille :<\/span> 50,0 W\t\t\t\t\t<\/li>\n<li class=\"product-features__item-list__item\" role=\"listitem\"><span class=\"is--medium\">Consommation en fonctionnement :<\/span> 250 W\t\t\t\t\t<\/li>\n<\/ul>\n<\/li>\n<li class=\"product-features__item\" role=\"listitem\">\n<h3 class=\"product-features__label\">Connectiques<\/h3>\n<ul role=\"list\">\n<li class=\"product-features__item-list__item\" role=\"listitem\"><span class=\"is--medium\">HDMI 2.1 :<\/span> 1 port pour une image tr\u00e8s fluide, notamment pour une console de jeu nouvelle g\u00e9n\u00e9ration\t\t\t\t\t<\/li>\n<li class=\"product-features__item-list__item\" role=\"listitem\"><span class=\"is--medium\">HDMI 1.4 :<\/span> 0\t\t\t\t\t<\/li>\n<li class=\"product-features__item-list__item\" role=\"listitem\"><span class=\"is--medium\">Port USB :<\/span> 1\t\t\t\t\t<\/li>\n<li class=\"product-features__item-list__item\" role=\"listitem\"><span class=\"is--medium\">Sortie audio :<\/span> 0\t\t\t\t\t<\/li>\n<li class=\"product-features__item-list__item\" role=\"listitem\"><span class=\"is--medium\">Sortie optique :<\/span> 0\t\t\t\t\t<\/li>\n<\/ul>\n<\/li>\n<li class=\"product-features__item\" role=\"listitem\">\n<h3 class=\"product-features__label\">Dimensions<\/h3>\n<ul role=\"list\">\n<li class=\"product-features__item-list__item\" role=\"listitem\"><span class=\"is--medium\">Dimensions l x h x p :<\/span> 12.2 x 17.8 x 13.3 cm\t\t\t\t\t<\/li>\n<li class=\"product-features__item-list__item\" role=\"listitem\"><span class=\"is--medium\">Poids :<\/span> 1,7 kg\t\t\t\t\t<\/li>\n<li class=\"product-features__item-list__item\" role=\"listitem\"><span class=\"is--medium\">Poids Brut (kg) :<\/span> 1.69\t\t\t\t\t<\/li>\n<\/ul>\n<\/li>\n<li class=\"product-features__item\" role=\"listitem\">\n<h3 class=\"product-features__label\">Informations compl\u00e9mentaires<\/h3>\n<ul role=\"list\">\n<li class=\"product-features__item-list__item\" role=\"listitem\"><span class=\"is--medium\">Garantie :<\/span> 2 ans\t\t\t\t\t<\/li>\n<li class=\"product-features__item-list__item\" role=\"listitem\"><span class=\"is--medium\">Fabriqu\u00e9 en :<\/span> Chine\t\t\t\t\t<\/li>\n<li class=\"product-features__item-list__item\" role=\"listitem\"><span class=\"is--medium\">Disponibilit\u00e9 des pi\u00e8ces d\u00e9tach\u00e9es (donn\u00e9es fournisseur) :<\/span> Pendant 5 ans, \u00e0 compter de la date fin de fabrication\t\t\t\t\t<\/li>\n<\/ul>\n<\/li>\n<\/ul>\n<\/div>\n<div class=\"product__disclosure-content\">\n<div class=\"js-read-more product-description__content read-more read-more--truncated\" data-read-more-name=\"description\" style=\"max-height: 500px; overflow: hidden;\">\n<div class=\"product__description-content read-more\" style=\"\">\n<p>Vid\u00e9oprojecteur Home Cin\u00e9ma NEBULA Mars 3 Air : immersion et mobilit\u00e9<\/p>\n<h3> <img fetchpriority=\"high\" decoding=\"async\" ,=\"\" alt=\"Vid\u00e9oprojecteur home cin\u00e9ma NEBULA Mars 3 Air\" class=\"wy_tableau_gauche\" height=\"270\" src=\"https:\/\/boulanger.scene7.com\/is\/image\/Boulanger\/0194644175887_h_f_l_0?wid=400&amp;hei=270\" width=\"400\"\/>Qualit\u00e9 d&rsquo;image et son int\u00e9gr\u00e9 pour une exp\u00e9rience cin\u00e9matographique                    <\/h3>\n<p>                        Le NEBULA Mars 3 Air se distingue par sa r\u00e9solution Full HD (1920 x 1080 pixels) qui garantit une qualit\u00e9 d&rsquo;image exceptionnelle, avec des d\u00e9tails pr\u00e9cis et des couleurs naturelles, gr\u00e2ce \u00e0 la technologie DLP. Cette technologie offre une projection nette et des noirs profonds, id\u00e9ale pour les films et les jeux vid\u00e9o. Avec une luminosit\u00e9 de 400 Lumens et un contraste de 1 000:1, le vid\u00e9oprojecteur assure une excellente visibilit\u00e9 m\u00eame dans des conditions de faible \u00e9clairage. De plus, les haut-parleurs int\u00e9gr\u00e9s de 8 Watts RMS offrent un son clair et puissant, \u00e9liminant le besoin d&rsquo;un syst\u00e8me audio externe pour une installation simplifi\u00e9e et un encombrement r\u00e9duit.                    <\/p>\n<\/p>\n<h3> <img decoding=\"async\" ,=\"\" alt=\"Vid\u00e9oprojecteur home cin\u00e9ma NEBULA Mars 3 Air\" class=\"wy_tableau_right\" height=\"270\" src=\"https:\/\/boulanger.scene7.com\/is\/image\/Boulanger\/0194644175887_h_r_l_0?wid=400&amp;hei=270\" width=\"400\"\/>Connectivit\u00e9 et facilit\u00e9 d&rsquo;utilisation                    <\/h3>\n<p>                        Le NEBULA Mars 3 Air se distingue par sa connectivit\u00e9 avanc\u00e9e, int\u00e9grant le Wi-Fi et le Bluetooth, permettant une diffusion sans fil depuis vos appareils mobiles ou une connexion \u00e0 des enceintes externes. Sa focale classique permet une installation flexible \u00e0 une distance de 1 m\u00e8tre et plus, avec une distance minimale de projection de 0,8 m\u00e8tre. La mise au point automatique et la correction du trap\u00e8ze automatique assurent une image toujours bien ajust\u00e9e. En outre, sa batterie int\u00e9gr\u00e9e offre une autonomie de 2h30, ce qui le rend id\u00e9al pour des projections en ext\u00e9rieur ou dans des pi\u00e8ces sans acc\u00e8s direct \u00e0 une prise \u00e9lectrique. Avec son design compact (12.2 x 17.8 x 13.3 cm) et son poids de seulement 1,7 kg, le Mars 3 Air est facile \u00e0 transporter pour profiter de vos contenus pr\u00e9f\u00e9r\u00e9s o\u00f9 que vous soyez.                    <\/p>\n<\/p><\/div>\n<\/p>\n<\/div>\n<p><bl-button a11yexpanded=\"false\" arialabel=\"Afficher toute la description\" class=\"read-more__btn\" full=\"false\" link=\"true\">Voir plus<\/bl-button><\/div>","protected":false},"excerpt":{"rendered":"<div class=\"keypoints\">\n<h3 class=\"keypoints__title\">Les points cl\u00e9s<\/h3>\n<ul role=\"list\">\n<li class=\"keypoints__item\" role=\"listitem\">                          DLP &#8211;                                                      Full HD                      <\/li>\n<li class=\"keypoints__item\" role=\"listitem\">                                        Focale classique (1m et plus)                      <\/li>\n<li class=\"keypoints__item\" role=\"listitem\">                          Alimentation : Batterie &#8211;                                                      400 Lumens                      <\/li>\n<li class=\"keypoints__item\" role=\"listitem\">                          Wifi, Bluetooth &#8211;                                                      1,7 kg                      <\/li>\n<li class=\"keypoints__item keypoints__item--advantage\" role=\"listitem\"><strong>Le + :<\/strong> En charge totale, visionnez jusqu&rsquo;\u00e0 2 heures 30 de films, ou \u00e9coutez jusqu&rsquo;\u00e0 8 heures de musique      <\/li>\n<\/ul>","protected":false},"featured_media":81897,"template":"","meta":{"_glsr_average":0,"_glsr_ranking":0,"_glsr_reviews":0},"product_cat":[450],"product_tag":[451,452],"class_list":{"0":"post-81898","1":"product","2":"type-product","3":"status-publish","4":"has-post-thumbnail","6":"product_cat-videoprojecteur","7":"product_tag-tv-image-son","8":"product_tag-videoprojecteur","10":"first","11":"instock","12":"sale","13":"shipping-taxable","14":"purchasable","15":"product-type-simple"},"_links":{"self":[{"href":"https:\/\/electromenagerexpress.com\/en\/wp-json\/wp\/v2\/product\/81898","targetHints":{"allow":["GET"]}}],"collection":[{"href":"https:\/\/electromenagerexpress.com\/en\/wp-json\/wp\/v2\/product"}],"about":[{"href":"https:\/\/electromenagerexpress.com\/en\/wp-json\/wp\/v2\/types\/product"}],"wp:featuredmedia":[{"embeddable":true,"href":"https:\/\/electromenagerexpress.com\/en\/wp-json\/wp\/v2\/media\/81897"}],"wp:attachment":[{"href":"https:\/\/electromenagerexpress.com\/en\/wp-json\/wp\/v2\/media?parent=81898"}],"wp:term":[{"taxonomy":"product_cat","embeddable":true,"href":"https:\/\/electromenagerexpress.com\/en\/wp-json\/wp\/v2\/product_cat?post=81898"},{"taxonomy":"product_tag","embeddable":true,"href":"https:\/\/electromenagerexpress.com\/en\/wp-json\/wp\/v2\/product_tag?post=81898"}],"curies":[{"name":"wp","href":"https:\/\/api.w.org\/{rel}","templated":true}]}}