{"id":81789,"date":"2024-11-24T15:25:33","date_gmt":"2024-11-24T15:25:33","guid":{"rendered":"https:\/\/electromenagerexpress.com\/product\/videoprojecteur-home-cinemabenqtk710\/"},"modified":"2024-11-24T15:25:43","modified_gmt":"2024-11-24T15:25:43","slug":"videoprojecteur-home-cinemabenqtk710","status":"publish","type":"product","link":"https:\/\/electromenagerexpress.com\/en\/product\/videoprojecteur-home-cinemabenqtk710\/","title":{"rendered":"Vid\u00e9oprojecteur home cin\u00e9ma\t\t\t\t\t\t\tBENQ\t\t\t\tTK710"},"content":{"rendered":"<div class=\"product-features__content\">\n<ul role=\"list\">\n<li class=\"product-features__item\" role=\"listitem\">\n<h3 class=\"product-features__label\">Qualit\u00e9 de l&rsquo;image<\/h3>\n<ul role=\"list\">\n<li class=\"product-features__item-list__item\" role=\"listitem\"><span class=\"is--medium\">Technologie :<\/span> DLP, l&rsquo;image est cr\u00e9\u00e9e en projetant successivement et rapidement les couleurs d&rsquo;une roue chromatique ce qui permet d&rsquo;obtenir une image nette, des couleurs naturelles et des noirs profonds\t\t\t\t\t<\/li>\n<li class=\"product-features__item-list__item\" role=\"listitem\"><span class=\"is--medium\">R\u00e9solution :<\/span> 3840 x 2160 pixels conditionnent la qualit\u00e9 d&rsquo;image. Plus il y a de pixels, plus l&rsquo;image est riche\t\t\t\t\t<\/li>\n<li class=\"product-features__item-list__item\" role=\"listitem\"><span class=\"is--medium\">Luminosit\u00e9 :<\/span> 3.200 Lumens\t\t\t\t\t<\/li>\n<li class=\"product-features__item-list__item\" role=\"listitem\"><span class=\"is--medium\">Le saviez-vous :<\/span> plus le nombre de lumens est important, plus on pourra projeter dans une pi\u00e8ce lumineuse selon la technologie\t\t\t\t\t<\/li>\n<li class=\"product-features__item-list__item\" role=\"listitem\"><span class=\"is--medium\">Contraste :<\/span> 600 000:1\t\t\t\t\t<\/li>\n<li class=\"product-features__item-list__item\" role=\"listitem\"><span class=\"is--medium\">Le saviez-vous :<\/span> plus le contraste est \u00e9lev\u00e9, plus la qualit\u00e9 de l&rsquo;image est optimale, un taux de contraste \u00e9lev\u00e9 donne du relief \u00e0 l&rsquo;image\t\t\t\t\t<\/li>\n<li class=\"product-features__item-list__item\" role=\"listitem\"><span class=\"is--medium\">HDR :<\/span> oui, permet d&rsquo;augmenter le niveau de d\u00e9tail de l&rsquo;image et son contraste\t\t\t\t\t<\/li>\n<li class=\"product-features__item-list__item\" role=\"listitem\"><span class=\"is--medium\">Mode Gaming :<\/span> oui\t\t\t\t\t<\/li>\n<\/ul>\n<\/li>\n<li class=\"product-features__item\" role=\"listitem\">\n<h3 class=\"product-features__label\">Type de projection<\/h3>\n<ul role=\"list\">\n<li class=\"product-features__item-list__item\" role=\"listitem\"><span class=\"is--medium\">Type de focale (distance du mur) :<\/span> Focale classique (1m et plus)\t\t\t\t\t<\/li>\n<li class=\"product-features__item-list__item\" role=\"listitem\"><span class=\"is--medium\">Distance de projection minimale :<\/span> 75,0 cm\t\t\t\t\t<\/li>\n<li class=\"product-features__item-list__item\" role=\"listitem\"><span class=\"is--medium\">Distance de projection maximale :<\/span> 10,0 m\t\t\t\t\t<\/li>\n<li class=\"product-features__item-list__item\" role=\"listitem\"><span class=\"is--medium\">Taille de l&rsquo;image maximale :<\/span> 6,6 m\t\t\t\t\t<\/li>\n<li class=\"product-features__item-list__item\" role=\"listitem\"><span class=\"is--medium\">Format natif :<\/span> 16\/9\t\t\t\t\t<\/li>\n<li class=\"product-features__item-list__item\" role=\"listitem\"><span class=\"is--medium\">Zoom :<\/span> x 1.3\t\t\t\t\t<\/li>\n<li class=\"product-features__item-list__item\" role=\"listitem\"><span class=\"is--medium\">Compatibilit\u00e9 3D :<\/span> oui\t\t\t\t\t<\/li>\n<\/ul>\n<\/li>\n<li class=\"product-features__item\" role=\"listitem\">\n<h3 class=\"product-features__label\">Mise au point<\/h3>\n<ul role=\"list\">\n<li class=\"product-features__item-list__item\" role=\"listitem\"><span class=\"is--medium\">Mise au point :<\/span> manuelle\t\t\t\t\t<\/li>\n<li class=\"product-features__item-list__item\" role=\"listitem\"><span class=\"is--medium\">Rapport de projection :<\/span> 1.15 &#8211; 1.5 : 1\t\t\t\t\t<\/li>\n<li class=\"product-features__item-list__item\" role=\"listitem\"><span class=\"is--medium\">Le saviez-vous :<\/span> il permet de d\u00e9terminer la taille de l&rsquo;\u00e9cran en fonction du recul du projecteur, plus le rapport de projection sera \u00e9lev\u00e9 plus il faudra de recul pour installer votre vid\u00e9o\t\t\t\t\t<\/li>\n<li class=\"product-features__item-list__item\" role=\"listitem\"><span class=\"is--medium\">D\u00e9placement de l&rsquo;image (Lens shift) :<\/span> verticale\t\t\t\t\t<\/li>\n<li class=\"product-features__item-list__item\" role=\"listitem\"><span class=\"is--medium\">Correction verticale (en pourcentage) :<\/span> 10\t\t\t\t\t<\/li>\n<li class=\"product-features__item-list__item\" role=\"listitem\"><span class=\"is--medium\">Le saviez-vous :<\/span> permet de d\u00e9placer l&rsquo;image sans avoir \u00e0 bouger le projecteur m\u00eame lorsque celui-ci est d\u00e9cal\u00e9, et ce sans d\u00e9formation\t\t\t\t\t<\/li>\n<li class=\"product-features__item-list__item\" role=\"listitem\"><span class=\"is--medium\">Correction du trap\u00e8ze (Keystone) :<\/span> verticale et horizontale\t\t\t\t\t<\/li>\n<li class=\"product-features__item-list__item\" role=\"listitem\"><span class=\"is--medium\">Correction en degr\u00e9s :<\/span> 30\t\t\t\t\t<\/li>\n<li class=\"product-features__item-list__item\" role=\"listitem\"><span class=\"is--medium\">Le saviez-vous :<\/span> permet de corriger la d\u00e9formation de l&rsquo;image (en forme de trap\u00e8ze) lorsque celle-ci est projet\u00e9e de biais\t\t\t\t\t<\/li>\n<\/ul>\n<\/li>\n<li class=\"product-features__item\" role=\"listitem\">\n<h3 class=\"product-features__label\">Construction<\/h3>\n<ul role=\"list\">\n<li class=\"product-features__item-list__item\" role=\"listitem\"><span class=\"is--medium\">Type de lampe :<\/span> Laser, permet d&rsquo;afficher une luminosit\u00e9 tr\u00e8s \u00e9lev\u00e9e pendant une longue dur\u00e9e sans diminuer sa performance ni impacter sa dur\u00e9e de vie\t\t\t\t\t<\/li>\n<li class=\"product-features__item-list__item\" role=\"listitem\"><span class=\"is--medium\">Puissance de la lampe :<\/span> 275 W\t\t\t\t\t<\/li>\n<li class=\"product-features__item-list__item\" role=\"listitem\"><span class=\"is--medium\">Le saviez-vous :<\/span> la puissance d&rsquo;une lampe (en Watts) est l&rsquo;\u00e9nergie \u00e9lectrique consomm\u00e9e par la lampe pour produire une certaine intensit\u00e9 lumineuse. La puissance d&rsquo;une lampe est toujours li\u00e9e \u00e0 sa consommation ainsi qu&rsquo;\u00e0 sa production de chaleur\t\t\t\t\t<\/li>\n<li class=\"product-features__item-list__item\" role=\"listitem\"><span class=\"is--medium\">Dur\u00e9e de vie de la lampe :<\/span> 20.000 h\t\t\t\t\t<\/li>\n<li class=\"product-features__item-list__item\" role=\"listitem\"><span class=\"is--medium\">Niveau sonore (mode \u00e9co) :<\/span> 28 dB\t\t\t\t\t<\/li>\n<li class=\"product-features__item-list__item\" role=\"listitem\"><span class=\"is--medium\">Niveau sonore (mode normal) :<\/span> 31 dB\t\t\t\t\t<\/li>\n<li class=\"product-features__item-list__item\" role=\"listitem\"><span class=\"is--medium\">Le saviez-vous :<\/span> le niveau sonore en mode standard \u00ab\u00a0le plus bruyant\u00a0\u00bb correspond \u00e0 la luminosit\u00e9 maximale de l&rsquo;appareil, le niveau sonore en mode \u00e9co quant \u00e0 lui est plus silencieux mais a une luminosit\u00e9 plus faible\t\t\t\t\t<\/li>\n<li class=\"product-features__item-list__item\" role=\"listitem\"><span class=\"is--medium\">Haut parleur int\u00e9gr\u00e9 :<\/span> Oui\t\t\t\t\t<\/li>\n<li class=\"product-features__item-list__item\" role=\"listitem\"><span class=\"is--medium\">Puissance (en watts RMS) :<\/span> 5 Watts RMS\t\t\t\t\t<\/li>\n<li class=\"product-features__item-list__item\" role=\"listitem\"><span class=\"is--medium\">Comprendre les watts RMS :<\/span> ce sont les watts r\u00e9ellement utils\u00e9s pour d\u00e9livrer la puissance de l&rsquo;enceinte\t\t\t\t\t<\/li>\n<li class=\"product-features__item-list__item\" role=\"listitem\"><span class=\"is--medium\">Fixation sur Tr\u00e9pied :<\/span> Non\t\t\t\t\t<\/li>\n<li class=\"product-features__item-list__item\" role=\"listitem\"><span class=\"is--medium\">Fixation au plafond :<\/span> Oui\t\t\t\t\t<\/li>\n<li class=\"product-features__item-list__item\" role=\"listitem\"><span class=\"is--medium\">Ecran inclus :<\/span> Non\t\t\t\t\t<\/li>\n<\/ul>\n<\/li>\n<li class=\"product-features__item\" role=\"listitem\">\n<h3 class=\"product-features__label\">Connectivit\u00e9<\/h3>\n<ul role=\"list\">\n<li class=\"product-features__item-list__item\" role=\"listitem\"><span class=\"is--medium\">Bluetooth :<\/span> Non\t\t\t\t\t<\/li>\n<li class=\"product-features__item-list__item\" role=\"listitem\"><span class=\"is--medium\">Wifi :<\/span> Non\t\t\t\t\t<\/li>\n<\/ul>\n<\/li>\n<li class=\"product-features__item\" role=\"listitem\">\n<h3 class=\"product-features__label\">Alimentation et consommation<\/h3>\n<ul role=\"list\">\n<li class=\"product-features__item-list__item\" role=\"listitem\"><span class=\"is--medium\">Alimentation :<\/span> Secteur\t\t\t\t\t<\/li>\n<li class=\"product-features__item-list__item\" role=\"listitem\"><span class=\"is--medium\">Consommation en veille :<\/span> 0,5 W\t\t\t\t\t<\/li>\n<li class=\"product-features__item-list__item\" role=\"listitem\"><span class=\"is--medium\">Consommation en fonctionnement :<\/span> 275 W\t\t\t\t\t<\/li>\n<li class=\"product-features__item-list__item\" role=\"listitem\"><span class=\"is--medium\">Mode Eco :<\/span> oui, r\u00e9duit la luminosit\u00e9 de la lampe et le bruit du ventilateur pour \u00e9conomiser de l&rsquo;\u00e9nergie tout en prolongeant la dur\u00e9e de vie de la lampe\t\t\t\t\t<\/li>\n<li class=\"product-features__item-list__item\" role=\"listitem\"><span class=\"is--medium\">D\u00e9marrage instantan\u00e9 :<\/span> Oui\t\t\t\t\t<\/li>\n<\/ul>\n<\/li>\n<li class=\"product-features__item\" role=\"listitem\">\n<h3 class=\"product-features__label\">Connectiques<\/h3>\n<ul role=\"list\">\n<li class=\"product-features__item-list__item\" role=\"listitem\"><span class=\"is--medium\">HDMI 2.0 :<\/span> 2 ports pour une belle image en 4K\t\t\t\t\t<\/li>\n<li class=\"product-features__item-list__item\" role=\"listitem\"><span class=\"is--medium\">HDMI ARC (audio return chanel) :<\/span> Oui, permet d&rsquo;utiliser la t\u00e9l\u00e9commande de votre vid\u00e9oprojecteur pour allumer et r\u00e9gler le volume de votre ampli, barre de son, console de jeu branch\u00e9 en HDMI disposant \u00e9galement de la norme ARC\t\t\t\t\t<\/li>\n<li class=\"product-features__item-list__item\" role=\"listitem\"><span class=\"is--medium\">HDMI 1.4 :<\/span> 0\t\t\t\t\t<\/li>\n<li class=\"product-features__item-list__item\" role=\"listitem\"><span class=\"is--medium\">Port USB :<\/span> 2\t\t\t\t\t<\/li>\n<li class=\"product-features__item-list__item\" role=\"listitem\"><span class=\"is--medium\">Sortie audio :<\/span> 1\t\t\t\t\t<\/li>\n<li class=\"product-features__item-list__item\" role=\"listitem\"><span class=\"is--medium\">Sortie optique :<\/span> 0\t\t\t\t\t<\/li>\n<\/ul>\n<\/li>\n<li class=\"product-features__item\" role=\"listitem\">\n<h3 class=\"product-features__label\">Dimensions<\/h3>\n<ul role=\"list\">\n<li class=\"product-features__item-list__item\" role=\"listitem\"><span class=\"is--medium\">Dimensions l x h x p :<\/span> 30.4 x 11.2 x 23.3 cm\t\t\t\t\t<\/li>\n<li class=\"product-features__item-list__item\" role=\"listitem\"><span class=\"is--medium\">Poids :<\/span> 3,0 kg\t\t\t\t\t<\/li>\n<li class=\"product-features__item-list__item\" role=\"listitem\"><span class=\"is--medium\">Poids Brut (kg) :<\/span> 4\t\t\t\t\t<\/li>\n<\/ul>\n<\/li>\n<li class=\"product-features__item\" role=\"listitem\">\n<h3 class=\"product-features__label\">Informations compl\u00e9mentaires<\/h3>\n<ul role=\"list\">\n<li class=\"product-features__item-list__item\" role=\"listitem\"><span class=\"is--medium\">Garantie :<\/span> 2 ans\t\t\t\t\t<\/li>\n<li class=\"product-features__item-list__item\" role=\"listitem\"><span class=\"is--medium\">Fabriqu\u00e9 en :<\/span> Chine\t\t\t\t\t<\/li>\n<li class=\"product-features__item-list__item\" role=\"listitem\"><span class=\"is--medium\">Disponibilit\u00e9 des pi\u00e8ces d\u00e9tach\u00e9es (donn\u00e9es fournisseur) :<\/span> Pendant 5 ans, \u00e0 compter de la date fin de fabrication\t\t\t\t\t<\/li>\n<\/ul>\n<\/li>\n<\/ul>\n<\/div>\n<div class=\"product__disclosure-content\">\n<div class=\"js-read-more product-description__content read-more read-more--truncated\" data-read-more-name=\"description\" style=\"max-height: 500px; overflow: hidden;\">\n<div class=\"product__description-content read-more\" style=\"\">\n<p>Plongez dans l&rsquo;univers du cin\u00e9ma avec le vid\u00e9oprojecteur BENQ TK710<\/p>\n<h3> <img fetchpriority=\"high\" decoding=\"async\" ,=\"\" alt=\"Vid\u00e9oprojecteur home cin\u00e9ma BENQ TK710\" class=\"wy_tableau_gauche\" height=\"270\" src=\"https:\/\/boulanger.scene7.com\/is\/image\/Boulanger\/4718755093548_h_f_l_0?wid=400&amp;hei=270\" width=\"400\"\/>Qualit\u00e9 d&rsquo;image exceptionnelle et installation ais\u00e9e                    <\/h3>\n<p>                        Le vid\u00e9oprojecteur BENQ TK710 red\u00e9finit l&rsquo;exp\u00e9rience home cin\u00e9ma avec une r\u00e9solution 4K UHD (3840 x 2160) et un contraste saisissant de 600,000:1, promettant des noirs profonds et des blancs \u00e9clatants. La couverture de 95% de la gamme de couleurs Rec.709 assure une fid\u00e9lit\u00e9 des couleurs remarquable pour une immersion totale. Gr\u00e2ce \u00e0 son grand zoom 1.3x et son d\u00e9calage de 10% de l&rsquo;objectif, l&rsquo;installation devient un jeu d&rsquo;enfant, permettant une flexibilit\u00e9 optimale dans le positionnement du projecteur. Avec une luminosit\u00e9 de 3200 ANSI Lumens, le TK710 garantit une image lumineuse et vibrante, m\u00eame dans des pi\u00e8ces \u00e9clair\u00e9es.                    <\/p>\n<\/p>\n<h3> <img decoding=\"async\" ,=\"\" alt=\"Vid\u00e9oprojecteur home cin\u00e9ma BENQ TK710\" class=\"wy_tableau_right\" height=\"270\" src=\"https:\/\/boulanger.scene7.com\/is\/image\/Boulanger\/4718755093548_h_f_l_1?wid=400&amp;hei=270\" width=\"400\"\/>Con\u00e7u pour le divertissement et la durabilit\u00e9                    <\/h3>\n<p>                        Que ce soit pour des sessions de jeux intenses avec une r\u00e9solution 2K ou pour des soir\u00e9es cin\u00e9ma, le BENQ TK710 est \u00e9quip\u00e9 pour offrir une exp\u00e9rience audiovisuelle de qualit\u00e9. Son syst\u00e8me de projection DLP et sa source lumineuse laser offrent une dur\u00e9e de vie prolong\u00e9e de 20,000 heures, minimisant les besoins de maintenance. Les multiples modes d&rsquo;image, tels que RPG, FPS, Cin\u00e9ma, et les r\u00e9glages HDR, s&rsquo;adaptent \u00e0 tous les contenus pour une exp\u00e9rience personnalis\u00e9e. De plus, avec des haut-parleurs 5W treVolo int\u00e9gr\u00e9s, le son est aussi captivant que l&rsquo;image. La connectivit\u00e9 est \u00e9galement au rendez-vous avec des ports HDMI, USB et Audio Out, assurant une compatibilit\u00e9 avec une large gamme d&rsquo;appareils multim\u00e9dia.                    <\/p>\n<\/p><\/div>\n<\/p>\n<\/div>\n<p><bl-button a11yexpanded=\"false\" arialabel=\"Afficher toute la description\" class=\"read-more__btn\" full=\"false\" link=\"true\">Voir plus<\/bl-button><\/div>","protected":false},"excerpt":{"rendered":"<div class=\"keypoints\">\n<h3 class=\"keypoints__title\">Les points cl\u00e9s<\/h3>\n<ul role=\"list\">\n<li class=\"keypoints__item\" role=\"listitem\">                          DLP &#8211;                                                      Ultra HD 4K                      <\/li>\n<li class=\"keypoints__item\" role=\"listitem\">                                        Focale classique (1m et plus)                      <\/li>\n<li class=\"keypoints__item\" role=\"listitem\">                          Alimentation : Secteur &#8211;                                                      3.200 Lumens                      <\/li>\n<li class=\"keypoints__item\" role=\"listitem\">                                        3,0 kg                      <\/li>\n<li class=\"keypoints__item keypoints__item--advantage\" role=\"listitem\"><strong>Le + :<\/strong> Simplicit\u00e9 de r\u00e9glage des trap\u00e8zes horizontaux et verticaux      <\/li>\n<\/ul>","protected":false},"featured_media":81788,"template":"","meta":{"_glsr_average":0,"_glsr_ranking":0,"_glsr_reviews":0},"product_cat":[450],"product_tag":[451,452],"class_list":{"0":"post-81789","1":"product","2":"type-product","3":"status-publish","4":"has-post-thumbnail","6":"product_cat-videoprojecteur","7":"product_tag-tv-image-son","8":"product_tag-videoprojecteur","10":"first","11":"instock","12":"sale","13":"shipping-taxable","14":"purchasable","15":"product-type-simple"},"_links":{"self":[{"href":"https:\/\/electromenagerexpress.com\/en\/wp-json\/wp\/v2\/product\/81789","targetHints":{"allow":["GET"]}}],"collection":[{"href":"https:\/\/electromenagerexpress.com\/en\/wp-json\/wp\/v2\/product"}],"about":[{"href":"https:\/\/electromenagerexpress.com\/en\/wp-json\/wp\/v2\/types\/product"}],"wp:featuredmedia":[{"embeddable":true,"href":"https:\/\/electromenagerexpress.com\/en\/wp-json\/wp\/v2\/media\/81788"}],"wp:attachment":[{"href":"https:\/\/electromenagerexpress.com\/en\/wp-json\/wp\/v2\/media?parent=81789"}],"wp:term":[{"taxonomy":"product_cat","embeddable":true,"href":"https:\/\/electromenagerexpress.com\/en\/wp-json\/wp\/v2\/product_cat?post=81789"},{"taxonomy":"product_tag","embeddable":true,"href":"https:\/\/electromenagerexpress.com\/en\/wp-json\/wp\/v2\/product_tag?post=81789"}],"curies":[{"name":"wp","href":"https:\/\/api.w.org\/{rel}","templated":true}]}}