{"id":81679,"date":"2024-11-24T15:23:55","date_gmt":"2024-11-24T15:23:55","guid":{"rendered":"https:\/\/electromenagerexpress.com\/product\/videoprojecteur-portableaceraopen-qf13\/"},"modified":"2024-11-24T15:24:02","modified_gmt":"2024-11-24T15:24:02","slug":"videoprojecteur-portableaceraopen-qf13","status":"publish","type":"product","link":"https:\/\/electromenagerexpress.com\/en\/product\/videoprojecteur-portableaceraopen-qf13\/","title":{"rendered":"Vid\u00e9oprojecteur portable\t\t\t\t\t\t\tACER\t\t\t\tAopen QF13"},"content":{"rendered":"<div class=\"product-features__content\">\n<ul role=\"list\">\n<li class=\"product-features__item\" role=\"listitem\">\n<h3 class=\"product-features__label\">Qualit\u00e9 de l&rsquo;image<\/h3>\n<ul role=\"list\">\n<li class=\"product-features__item-list__item\" role=\"listitem\"><span class=\"is--medium\">R\u00e9solution :<\/span> 1920 x 1080 pixels conditionnent la qualit\u00e9 d&rsquo;image. Plus il y a de pixels, plus l&rsquo;image est riche\t\t\t\t\t<\/li>\n<li class=\"product-features__item-list__item\" role=\"listitem\"><span class=\"is--medium\">Luminosit\u00e9 :<\/span> 280 Lumens\t\t\t\t\t<\/li>\n<li class=\"product-features__item-list__item\" role=\"listitem\"><span class=\"is--medium\">Le saviez-vous :<\/span> plus le nombre de lumens est important, plus on pourra projeter dans une pi\u00e8ce lumineuse selon la technologie\t\t\t\t\t<\/li>\n<li class=\"product-features__item-list__item\" role=\"listitem\"><span class=\"is--medium\">Contraste :<\/span> 1 000:1\t\t\t\t\t<\/li>\n<li class=\"product-features__item-list__item\" role=\"listitem\"><span class=\"is--medium\">Le saviez-vous :<\/span> plus le contraste est \u00e9lev\u00e9, plus la qualit\u00e9 de l&rsquo;image est optimale, un taux de contraste \u00e9lev\u00e9 donne du relief \u00e0 l&rsquo;image\t\t\t\t\t<\/li>\n<li class=\"product-features__item-list__item\" role=\"listitem\"><span class=\"is--medium\">HDR :<\/span> non\t\t\t\t\t<\/li>\n<\/ul>\n<\/li>\n<li class=\"product-features__item\" role=\"listitem\">\n<h3 class=\"product-features__label\">Type de projection<\/h3>\n<ul role=\"list\">\n<li class=\"product-features__item-list__item\" role=\"listitem\"><span class=\"is--medium\">Type de focale (distance du mur) :<\/span> Focale classique (1m et plus)\t\t\t\t\t<\/li>\n<li class=\"product-features__item-list__item\" role=\"listitem\"><span class=\"is--medium\">Distance de projection minimale :<\/span> 1,1 m\t\t\t\t\t<\/li>\n<li class=\"product-features__item-list__item\" role=\"listitem\"><span class=\"is--medium\">Distance de projection maximale :<\/span> 4,5 m\t\t\t\t\t<\/li>\n<li class=\"product-features__item-list__item\" role=\"listitem\"><span class=\"is--medium\">Format natif :<\/span> 16\/9 compatible 4\/3\t\t\t\t\t<\/li>\n<\/ul>\n<\/li>\n<li class=\"product-features__item\" role=\"listitem\">\n<h3 class=\"product-features__label\">Mise au point<\/h3>\n<ul role=\"list\">\n<li class=\"product-features__item-list__item\" role=\"listitem\"><span class=\"is--medium\">Mise au point :<\/span> Auto et manuelle\t\t\t\t\t<\/li>\n<li class=\"product-features__item-list__item\" role=\"listitem\"><span class=\"is--medium\">D\u00e9placement de l&rsquo;image (Lens shift) :<\/span> non\t\t\t\t\t<\/li>\n<li class=\"product-features__item-list__item\" role=\"listitem\"><span class=\"is--medium\">Correction du trap\u00e8ze (Keystone) :<\/span> verticale\t\t\t\t\t<\/li>\n<li class=\"product-features__item-list__item\" role=\"listitem\"><span class=\"is--medium\">Correction en degr\u00e9s :<\/span> 30\t\t\t\t\t<\/li>\n<li class=\"product-features__item-list__item\" role=\"listitem\"><span class=\"is--medium\">Le saviez-vous :<\/span> permet de corriger la d\u00e9formation de l&rsquo;image (en forme de trap\u00e8ze) lorsque celle-ci est projet\u00e9e de biais\t\t\t\t\t<\/li>\n<\/ul>\n<\/li>\n<li class=\"product-features__item\" role=\"listitem\">\n<h3 class=\"product-features__label\">Construction<\/h3>\n<ul role=\"list\">\n<li class=\"product-features__item-list__item\" role=\"listitem\"><span class=\"is--medium\">Type de lampe :<\/span> LED, consomme moins d&rsquo;\u00e9nergie qu&rsquo;une lampe classique ce qui permet d&rsquo;allonger sa dur\u00e9e de vie, de produire moins de chaleur et de bruit\t\t\t\t\t<\/li>\n<li class=\"product-features__item-list__item\" role=\"listitem\"><span class=\"is--medium\">Niveau sonore (mode normal) :<\/span> 26 dB\t\t\t\t\t<\/li>\n<li class=\"product-features__item-list__item\" role=\"listitem\"><span class=\"is--medium\">Haut parleur int\u00e9gr\u00e9 :<\/span> Oui\t\t\t\t\t<\/li>\n<li class=\"product-features__item-list__item\" role=\"listitem\"><span class=\"is--medium\">Puissance (en watts RMS) :<\/span> 5 Watts RMS\t\t\t\t\t<\/li>\n<li class=\"product-features__item-list__item\" role=\"listitem\"><span class=\"is--medium\">Comprendre les watts RMS :<\/span> ce sont les watts r\u00e9ellement utils\u00e9s pour d\u00e9livrer la puissance de l&rsquo;enceinte\t\t\t\t\t<\/li>\n<li class=\"product-features__item-list__item\" role=\"listitem\"><span class=\"is--medium\">Fixation sur Tr\u00e9pied :<\/span> Non\t\t\t\t\t<\/li>\n<li class=\"product-features__item-list__item\" role=\"listitem\"><span class=\"is--medium\">Fixation au plafond :<\/span> Non\t\t\t\t\t<\/li>\n<li class=\"product-features__item-list__item\" role=\"listitem\"><span class=\"is--medium\">Ecran inclus :<\/span> Non\t\t\t\t\t<\/li>\n<\/ul>\n<\/li>\n<li class=\"product-features__item\" role=\"listitem\">\n<h3 class=\"product-features__label\">Connectivit\u00e9<\/h3>\n<ul role=\"list\">\n<li class=\"product-features__item-list__item\" role=\"listitem\"><span class=\"is--medium\">Bluetooth :<\/span> Oui\t\t\t\t\t<\/li>\n<li class=\"product-features__item-list__item\" role=\"listitem\"><span class=\"is--medium\">Wifi :<\/span> Non\t\t\t\t\t<\/li>\n<\/ul>\n<\/li>\n<li class=\"product-features__item\" role=\"listitem\">\n<h3 class=\"product-features__label\">Alimentation et consommation<\/h3>\n<ul role=\"list\">\n<li class=\"product-features__item-list__item\" role=\"listitem\"><span class=\"is--medium\">Alimentation :<\/span> Secteur\t\t\t\t\t<\/li>\n<\/ul>\n<\/li>\n<li class=\"product-features__item\" role=\"listitem\">\n<h3 class=\"product-features__label\">Connectiques<\/h3>\n<ul role=\"list\">\n<li class=\"product-features__item-list__item\" role=\"listitem\"><span class=\"is--medium\">HDMI 1.4 :<\/span> 1\t\t\t\t\t<\/li>\n<li class=\"product-features__item-list__item\" role=\"listitem\"><span class=\"is--medium\">Port USB :<\/span> 2\t\t\t\t\t<\/li>\n<li class=\"product-features__item-list__item\" role=\"listitem\"><span class=\"is--medium\">Sortie audio :<\/span> 1\t\t\t\t\t<\/li>\n<li class=\"product-features__item-list__item\" role=\"listitem\"><span class=\"is--medium\">Sortie optique :<\/span> 0\t\t\t\t\t<\/li>\n<\/ul>\n<\/li>\n<li class=\"product-features__item\" role=\"listitem\">\n<h3 class=\"product-features__label\">Dimensions<\/h3>\n<ul role=\"list\">\n<li class=\"product-features__item-list__item\" role=\"listitem\"><span class=\"is--medium\">Dimensions l x h x p :<\/span> 18.9 x 23.9 x 13.85 cm\t\t\t\t\t<\/li>\n<li class=\"product-features__item-list__item\" role=\"listitem\"><span class=\"is--medium\">Poids :<\/span> 1,9 kg\t\t\t\t\t<\/li>\n<\/ul>\n<\/li>\n<li class=\"product-features__item\" role=\"listitem\">\n<h3 class=\"product-features__label\">Informations compl\u00e9mentaires<\/h3>\n<ul role=\"list\">\n<li class=\"product-features__item-list__item\" role=\"listitem\"><span class=\"is--medium\">Garantie :<\/span> 2 ans\t\t\t\t\t<\/li>\n<li class=\"product-features__item-list__item\" role=\"listitem\"><span class=\"is--medium\">Fabriqu\u00e9 en :<\/span> Chine\t\t\t\t\t<\/li>\n<li class=\"product-features__item-list__item\" role=\"listitem\"><span class=\"is--medium\">Disponibilit\u00e9 des pi\u00e8ces d\u00e9tach\u00e9es (donn\u00e9es fournisseur) :<\/span> Pendant 2 ans, \u00e0 compter de la date d&rsquo;achat\t\t\t\t\t<\/li>\n<\/ul>\n<\/li>\n<\/ul>\n<\/div>\n<div class=\"product__disclosure-content\">\n<div class=\"js-read-more product-description__content read-more read-more--truncated\" data-read-more-name=\"description\" style=\"max-height: 500px; overflow: hidden;\">\n<p>D\u00e9couvrez le projecteur ACER Aopen QF13 et plongez dans une exp\u00e9rience visuelle exceptionnelle dans un format compact et portable.<\/p>\n<h3><img fetchpriority=\"high\" decoding=\"async\" ,=\"\" alt=\"Projecteur ACER Aopen QF13\" class=\"wy_tableau_gauche\" height=\"270\" src=\"https:\/\/boulanger.scene7.com\/is\/image\/Boulanger\/4711121230004_h_f_l_0?wid=400&amp;hei=270\" width=\"400\"\/>Un projecteur aux multiples facettes<\/h3>\n<p>Laissez-vous surprendre par le projecteur ACER Aopen QF13 et sa <b>r\u00e9solution Full HD (1 920 x 1 080)<\/b>. Il b\u00e9n\u00e9ficie \u00e9galement d&rsquo;une luminosit\u00e9 impressionnante de 6 000 Lumens ANSI, pour des images nettes et lumineuses, m\u00eame dans des environnements \u00e9clair\u00e9s. Gr\u00e2ce \u00e0 sa source lumineuse LED, sa lampe poss\u00e8de une dur\u00e9e de vie pouvant atteindre 100 000 heures, ce qui vous assure des ann\u00e9es d&rsquo;utilisation.<\/p>\n<p>Profitez d&rsquo;une exp\u00e9rience de jeu fluide, \u00e0 l&rsquo;aide de la <b>technologie Variable Refresh Rates<\/b>, con\u00e7ue pour \u00e9liminer le d\u00e9chirement de l&rsquo;\u00e9cran lors de vos sessions de jeu. De plus, avec sa compatibilit\u00e9 1 080 p \u00e0 75 Hz, vous pouvez jouer et regarder des vid\u00e9os en haute d\u00e9finition sans compromis.<\/p>\n<h3><img decoding=\"async\" ,=\"\" alt=\"Projecteur ACER Aopen QF13\" class=\"wy_tableau_right\" height=\"270\" src=\"https:\/\/boulanger.scene7.com\/is\/image\/Boulanger\/4711121230004_h_f_l_1?wid=400&amp;hei=270\" width=\"400\"\/>La qualit\u00e9 au service du son et de l&rsquo;image<\/h3>\n<p>Le projecteur ACER Aopen QF13 est \u00e9galement \u00e9quip\u00e9 d&rsquo;un <b>haut-parleur Bluetooth<\/b>, aliment\u00e9 par la technologie Acer TrueHarmony, pour un son immersif et riche. Vous pouvez ainsi profiter de votre contenu audio n&rsquo;importe o\u00f9, sans avoir besoin d&rsquo;une enceinte suppl\u00e9mentaire.<\/p>\n<p>Avec sa conception compacte et ses fonctionnalit\u00e9s conviviales telles que la projection sans fil, la <b>mise en miroir d&rsquo;\u00e9cran<\/b> et la lecture multim\u00e9dia, le projecteur ACER Aopen QF13 offre une projection fluide. En outre, sa correction automatique de la distorsion Keystone garantit des images parfaitement align\u00e9es, m\u00eame lorsque le projecteur ne se situe pas parfaitement en face d&rsquo;un mur.<\/p>\n<\/p>\n<\/div>\n<p><bl-button a11yexpanded=\"false\" arialabel=\"Afficher toute la description\" class=\"read-more__btn\" full=\"false\" link=\"true\">Voir plus<\/bl-button><\/div>","protected":false},"excerpt":{"rendered":"<div class=\"keypoints\">\n<h3 class=\"keypoints__title\">Les points cl\u00e9s<\/h3>\n<ul role=\"list\">\n<li class=\"keypoints__item\" role=\"listitem\">                          LCD &#8211;                                                      Full HD                      <\/li>\n<li class=\"keypoints__item\" role=\"listitem\">                                        Focale classique (1m et plus)                      <\/li>\n<li class=\"keypoints__item\" role=\"listitem\">                          Alimentation : Secteur &#8211;                                                      280 Lumens                      <\/li>\n<li class=\"keypoints__item\" role=\"listitem\">                          Bluetooth &#8211;                                                      1,9 kg                      <\/li>\n<li class=\"keypoints__item keypoints__item--advantage\" role=\"listitem\"><strong>Le + :<\/strong> Design adapt\u00e9 aux d\u00e9placements      <\/li>\n<\/ul>","protected":false},"featured_media":81678,"template":"","meta":{"_glsr_average":0,"_glsr_ranking":0,"_glsr_reviews":0},"product_cat":[450],"product_tag":[451,452],"class_list":{"0":"post-81679","1":"product","2":"type-product","3":"status-publish","4":"has-post-thumbnail","6":"product_cat-videoprojecteur","7":"product_tag-tv-image-son","8":"product_tag-videoprojecteur","10":"first","11":"instock","12":"sale","13":"shipping-taxable","14":"purchasable","15":"product-type-simple"},"_links":{"self":[{"href":"https:\/\/electromenagerexpress.com\/en\/wp-json\/wp\/v2\/product\/81679","targetHints":{"allow":["GET"]}}],"collection":[{"href":"https:\/\/electromenagerexpress.com\/en\/wp-json\/wp\/v2\/product"}],"about":[{"href":"https:\/\/electromenagerexpress.com\/en\/wp-json\/wp\/v2\/types\/product"}],"wp:featuredmedia":[{"embeddable":true,"href":"https:\/\/electromenagerexpress.com\/en\/wp-json\/wp\/v2\/media\/81678"}],"wp:attachment":[{"href":"https:\/\/electromenagerexpress.com\/en\/wp-json\/wp\/v2\/media?parent=81679"}],"wp:term":[{"taxonomy":"product_cat","embeddable":true,"href":"https:\/\/electromenagerexpress.com\/en\/wp-json\/wp\/v2\/product_cat?post=81679"},{"taxonomy":"product_tag","embeddable":true,"href":"https:\/\/electromenagerexpress.com\/en\/wp-json\/wp\/v2\/product_tag?post=81679"}],"curies":[{"name":"wp","href":"https:\/\/api.w.org\/{rel}","templated":true}]}}