{"id":81627,"date":"2024-11-24T15:23:08","date_gmt":"2024-11-24T15:23:08","guid":{"rendered":"https:\/\/electromenagerexpress.com\/product\/videoprojecteur-portablekodakpico-luma-150\/"},"modified":"2024-11-24T15:23:15","modified_gmt":"2024-11-24T15:23:15","slug":"videoprojecteur-portablekodakpico-luma-150","status":"publish","type":"product","link":"https:\/\/electromenagerexpress.com\/en\/product\/videoprojecteur-portablekodakpico-luma-150\/","title":{"rendered":"Vid\u00e9oprojecteur portable\t\t\t\t\t\t\tKODAK\t\t\t\tPico Luma 150"},"content":{"rendered":"<div class=\"product-features__content\">\n<ul role=\"list\">\n<li class=\"product-features__item\" role=\"listitem\">\n<h3 class=\"product-features__label\">Qualit\u00e9 de l&rsquo;image<\/h3>\n<ul role=\"list\">\n<li class=\"product-features__item-list__item\" role=\"listitem\"><span class=\"is--medium\">Technologie :<\/span> DLP, l&rsquo;image est cr\u00e9\u00e9e en projetant successivement et rapidement les couleurs d&rsquo;une roue chromatique ce qui permet d&rsquo;obtenir une image nette, des couleurs naturelles et des noirs profonds\t\t\t\t\t<\/li>\n<li class=\"product-features__item-list__item\" role=\"listitem\"><span class=\"is--medium\">R\u00e9solution :<\/span> 854 x 480 pixels conditionnent la qualit\u00e9 d&rsquo;image. Plus il y a de pixels, plus l&rsquo;image est riche\t\t\t\t\t<\/li>\n<li class=\"product-features__item-list__item\" role=\"listitem\"><span class=\"is--medium\">Luminosit\u00e9 :<\/span> 150 Lumens\t\t\t\t\t<\/li>\n<li class=\"product-features__item-list__item\" role=\"listitem\"><span class=\"is--medium\">Le saviez-vous :<\/span> plus le nombre de lumens est important, plus on pourra projeter dans une pi\u00e8ce lumineuse selon la technologie\t\t\t\t\t<\/li>\n<li class=\"product-features__item-list__item\" role=\"listitem\"><span class=\"is--medium\">Contraste :<\/span> 1500 : 1\t\t\t\t\t<\/li>\n<li class=\"product-features__item-list__item\" role=\"listitem\"><span class=\"is--medium\">Le saviez-vous :<\/span> plus le contraste est \u00e9lev\u00e9, plus la qualit\u00e9 de l&rsquo;image est optimale, un taux de contraste \u00e9lev\u00e9 donne du relief \u00e0 l&rsquo;image\t\t\t\t\t<\/li>\n<li class=\"product-features__item-list__item\" role=\"listitem\"><span class=\"is--medium\">HDR :<\/span> non communiqu\u00e9\t\t\t\t\t<\/li>\n<\/ul>\n<\/li>\n<li class=\"product-features__item\" role=\"listitem\">\n<h3 class=\"product-features__label\">Type de projection<\/h3>\n<ul role=\"list\">\n<li class=\"product-features__item-list__item\" role=\"listitem\"><span class=\"is--medium\">Type de focale (distance du mur) :<\/span> Focale classique (1m et plus)\t\t\t\t\t<\/li>\n<li class=\"product-features__item-list__item\" role=\"listitem\"><span class=\"is--medium\">Distance de projection minimale :<\/span> 1,1 m\t\t\t\t\t<\/li>\n<li class=\"product-features__item-list__item\" role=\"listitem\"><span class=\"is--medium\">Distance de projection maximale :<\/span> 4,0 m\t\t\t\t\t<\/li>\n<li class=\"product-features__item-list__item\" role=\"listitem\"><span class=\"is--medium\">Taille de l&rsquo;image minimale :<\/span> 1,0 m\t\t\t\t\t<\/li>\n<li class=\"product-features__item-list__item\" role=\"listitem\"><span class=\"is--medium\">Taille de l&rsquo;image maximale :<\/span> 3,8 m\t\t\t\t\t<\/li>\n<li class=\"product-features__item-list__item\" role=\"listitem\"><span class=\"is--medium\">Format natif :<\/span> 16\/9\t\t\t\t\t<\/li>\n<li class=\"product-features__item-list__item\" role=\"listitem\"><span class=\"is--medium\">Compatibilit\u00e9 3D :<\/span> non\t\t\t\t\t<\/li>\n<\/ul>\n<\/li>\n<li class=\"product-features__item\" role=\"listitem\">\n<h3 class=\"product-features__label\">Mise au point<\/h3>\n<ul role=\"list\">\n<li class=\"product-features__item-list__item\" role=\"listitem\"><span class=\"is--medium\">Mise au point :<\/span> manuelle\t\t\t\t\t<\/li>\n<li class=\"product-features__item-list__item\" role=\"listitem\"><span class=\"is--medium\">Rapport de projection :<\/span> non communiqu\u00e9\t\t\t\t\t<\/li>\n<li class=\"product-features__item-list__item\" role=\"listitem\"><span class=\"is--medium\">D\u00e9placement de l&rsquo;image (Lens shift) :<\/span> non\t\t\t\t\t<\/li>\n<li class=\"product-features__item-list__item\" role=\"listitem\"><span class=\"is--medium\">Correction du trap\u00e8ze (Keystone) :<\/span> verticale et horizontale\t\t\t\t\t<\/li>\n<li class=\"product-features__item-list__item\" role=\"listitem\"><span class=\"is--medium\">Le saviez-vous :<\/span> permet de corriger la d\u00e9formation de l&rsquo;image (en forme de trap\u00e8ze) lorsque celle-ci est projet\u00e9e de biais\t\t\t\t\t<\/li>\n<\/ul>\n<\/li>\n<li class=\"product-features__item\" role=\"listitem\">\n<h3 class=\"product-features__label\">Construction<\/h3>\n<ul role=\"list\">\n<li class=\"product-features__item-list__item\" role=\"listitem\"><span class=\"is--medium\">Type de lampe :<\/span> LED, consomme moins d&rsquo;\u00e9nergie qu&rsquo;une lampe classique ce qui permet d&rsquo;allonger sa dur\u00e9e de vie, de produire moins de chaleur et de bruit\t\t\t\t\t<\/li>\n<li class=\"product-features__item-list__item\" role=\"listitem\"><span class=\"is--medium\">Dur\u00e9e de vie de la lampe :<\/span> 30.000 h\t\t\t\t\t<\/li>\n<li class=\"product-features__item-list__item\" role=\"listitem\"><span class=\"is--medium\">Niveau sonore (mode \u00e9co) :<\/span> 30 dB\t\t\t\t\t<\/li>\n<li class=\"product-features__item-list__item\" role=\"listitem\"><span class=\"is--medium\">Niveau sonore (mode normal) :<\/span> 30 dB\t\t\t\t\t<\/li>\n<li class=\"product-features__item-list__item\" role=\"listitem\"><span class=\"is--medium\">Le saviez-vous :<\/span> le niveau sonore en mode standard \u00ab\u00a0le plus bruyant\u00a0\u00bb correspond \u00e0 la luminosit\u00e9 maximale de l&rsquo;appareil, le niveau sonore en mode \u00e9co quant \u00e0 lui est plus silencieux mais a une luminosit\u00e9 plus faible\t\t\t\t\t<\/li>\n<li class=\"product-features__item-list__item\" role=\"listitem\"><span class=\"is--medium\">Haut parleur int\u00e9gr\u00e9 :<\/span> Oui\t\t\t\t\t<\/li>\n<li class=\"product-features__item-list__item\" role=\"listitem\"><span class=\"is--medium\">Puissance (en watts RMS) :<\/span> 1 Watts RMS\t\t\t\t\t<\/li>\n<li class=\"product-features__item-list__item\" role=\"listitem\"><span class=\"is--medium\">Comprendre les watts RMS :<\/span> ce sont les watts r\u00e9ellement utils\u00e9s pour d\u00e9livrer la puissance de l&rsquo;enceinte\t\t\t\t\t<\/li>\n<li class=\"product-features__item-list__item\" role=\"listitem\"><span class=\"is--medium\">Fixation sur Tr\u00e9pied :<\/span> Oui\t\t\t\t\t<\/li>\n<li class=\"product-features__item-list__item\" role=\"listitem\"><span class=\"is--medium\">Fixation au plafond :<\/span> Non\t\t\t\t\t<\/li>\n<li class=\"product-features__item-list__item\" role=\"listitem\"><span class=\"is--medium\">Ecran inclus :<\/span> Non\t\t\t\t\t<\/li>\n<\/ul>\n<\/li>\n<li class=\"product-features__item\" role=\"listitem\">\n<h3 class=\"product-features__label\">Connectivit\u00e9<\/h3>\n<ul role=\"list\">\n<li class=\"product-features__item-list__item\" role=\"listitem\"><span class=\"is--medium\">Bluetooth :<\/span> Non\t\t\t\t\t<\/li>\n<li class=\"product-features__item-list__item\" role=\"listitem\"><span class=\"is--medium\">Wifi :<\/span> Int\u00e9gr\u00e9\t\t\t\t\t<\/li>\n<li class=\"product-features__item-list__item\" role=\"listitem\"><span class=\"is--medium\">Transmetteur Wifi :<\/span> Oui\t\t\t\t\t<\/li>\n<li class=\"product-features__item-list__item\" role=\"listitem\"><span class=\"is--medium\">Airplay :<\/span> oui, une technologie Apple qui permet de partager sans connectique des contenus multim\u00e9dias ( vid\u00e9os, photos, musiques) sur le vid\u00e9oprojecteur\t\t\t\t\t<\/li>\n<li class=\"product-features__item-list__item\" role=\"listitem\"><span class=\"is--medium\">Assistant vocal int\u00e9gr\u00e9 :<\/span> non int\u00e9gr\u00e9\t\t\t\t\t<\/li>\n<li class=\"product-features__item-list__item\" role=\"listitem\"><span class=\"is--medium\">Compatible assistant vocal :<\/span> non compatible\t\t\t\t\t<\/li>\n<\/ul>\n<\/li>\n<li class=\"product-features__item\" role=\"listitem\">\n<h3 class=\"product-features__label\">Alimentation et consommation<\/h3>\n<ul role=\"list\">\n<li class=\"product-features__item-list__item\" role=\"listitem\"><span class=\"is--medium\">Alimentation :<\/span> Batterie rechargeable et USB\t\t\t\t\t<\/li>\n<li class=\"product-features__item-list__item\" role=\"listitem\"><span class=\"is--medium\">Batterie incluse :<\/span> oui\t\t\t\t\t<\/li>\n<li class=\"product-features__item-list__item\" role=\"listitem\"><span class=\"is--medium\">Autonomie de la batterie :<\/span> 3h\t\t\t\t\t<\/li>\n<li class=\"product-features__item-list__item\" role=\"listitem\"><span class=\"is--medium\">Type de batterie :<\/span> Lithium\t\t\t\t\t<\/li>\n<li class=\"product-features__item-list__item\" role=\"listitem\"><span class=\"is--medium\">Mode Eco :<\/span> oui, r\u00e9duit la luminosit\u00e9 de la lampe et le bruit du ventilateur pour \u00e9conomiser de l&rsquo;\u00e9nergie tout en prolongeant la dur\u00e9e de vie de la lampe\t\t\t\t\t<\/li>\n<\/ul>\n<\/li>\n<li class=\"product-features__item\" role=\"listitem\">\n<h3 class=\"product-features__label\">Connectiques<\/h3>\n<ul role=\"list\">\n<li class=\"product-features__item-list__item\" role=\"listitem\"><span class=\"is--medium\">HDMI 1.4 :<\/span> 1\t\t\t\t\t<\/li>\n<li class=\"product-features__item-list__item\" role=\"listitem\"><span class=\"is--medium\">Composite :<\/span> 0\t\t\t\t\t<\/li>\n<li class=\"product-features__item-list__item\" role=\"listitem\"><span class=\"is--medium\">Entr\u00e9e audio :<\/span> 0\t\t\t\t\t<\/li>\n<li class=\"product-features__item-list__item\" role=\"listitem\"><span class=\"is--medium\">Port USB :<\/span> 1\t\t\t\t\t<\/li>\n<li class=\"product-features__item-list__item\" role=\"listitem\"><span class=\"is--medium\">Sortie audio :<\/span> 1\t\t\t\t\t<\/li>\n<li class=\"product-features__item-list__item\" role=\"listitem\"><span class=\"is--medium\">Sortie optique :<\/span> 0\t\t\t\t\t<\/li>\n<li class=\"product-features__item-list__item\" role=\"listitem\"><span class=\"is--medium\">Lecteur carte SD :<\/span> 1\t\t\t\t\t<\/li>\n<li class=\"product-features__item-list__item\" role=\"listitem\"><span class=\"is--medium\">Entr\u00e9e antenne :<\/span> 0\t\t\t\t\t<\/li>\n<li class=\"product-features__item-list__item\" role=\"listitem\"><span class=\"is--medium\">RCA :<\/span> 0\t\t\t\t\t<\/li>\n<\/ul>\n<\/li>\n<li class=\"product-features__item\" role=\"listitem\">\n<h3 class=\"product-features__label\">Dimensions<\/h3>\n<ul role=\"list\">\n<li class=\"product-features__item-list__item\" role=\"listitem\"><span class=\"is--medium\">Dimensions l x h x p :<\/span> 9.9 x 2.2 x 9.9 cm\t\t\t\t\t<\/li>\n<li class=\"product-features__item-list__item\" role=\"listitem\"><span class=\"is--medium\">Poids :<\/span> 227,0 g\t\t\t\t\t<\/li>\n<li class=\"product-features__item-list__item\" role=\"listitem\"><span class=\"is--medium\">Poids Brut (kg) :<\/span> 0.495\t\t\t\t\t<\/li>\n<\/ul>\n<\/li>\n<li class=\"product-features__item\" role=\"listitem\">\n<h3 class=\"product-features__label\">Informations compl\u00e9mentaires<\/h3>\n<ul role=\"list\">\n<li class=\"product-features__item-list__item\" role=\"listitem\"><span class=\"is--medium\">Garantie :<\/span> 2 ans\t\t\t\t\t<\/li>\n<li class=\"product-features__item-list__item\" role=\"listitem\"><span class=\"is--medium\">Fabriqu\u00e9 en :<\/span> Chine\t\t\t\t\t<\/li>\n<li class=\"product-features__item-list__item\" role=\"listitem\"><span class=\"is--medium\">Disponibilit\u00e9 des pi\u00e8ces d\u00e9tach\u00e9es (donn\u00e9es fournisseur) :<\/span> Pas de pi\u00e8ce disponible\t\t\t\t\t<\/li>\n<\/ul>\n<\/li>\n<\/ul>\n<\/div>\n<div class=\"product__disclosure-content\">\n<div class=\"js-read-more product-description__content read-more read-more--truncated\" data-read-more-name=\"description\" style=\"max-height: 500px; overflow: hidden;\">\n<p>D\u00e9couvrez le projecteur KODAK Pico Luma 150 qui transformera votre salon en salle de cin\u00e9ma. Peu encombrant et l\u00e9ger, il est parfait pour une utilisation nomade. Il dispose d&rsquo;une belle autonomie et de plusieurs interfaces de connexion pour vous offrir plus de polyvalence.<\/p>\n<h3><img fetchpriority=\"high\" decoding=\"async\" ,=\"\" alt=\"Projecteur KODAK Pico Luma 150\" class=\"wy_tableau_gauche\" height=\"270\" src=\"https:\/\/boulanger.scene7.com\/is\/image\/Boulanger\/0843812105798_h_f_l_0?wid=400&amp;hei=270\" width=\"400\"\/>Un projecteur nomade qui vous suivra partout <\/h3>\n<p><b>Compact et l\u00e9ger<\/b>, le projecteur KODAK Pico Luma 150 vous permettra de projeter vos films et pr\u00e9sentations partout rapidement et facilement. Il offre une <b>luminosit\u00e9 de 150 lumens<\/b>, une <b>focale classique<\/b>, une r\u00e9solution de 854 x 480 px et une taille maximale de projection de 380 cm \u00e0 environ 4 m de distance. Le focus est ajustable, afin d&rsquo;obtenir une image la plus nette possible.<\/p>\n<p>Le projecteur \u00e0 lampe KODAK Pico Luma 150 est un appareil silencieux avec <b>un volume sonore de seulement 30 dB<\/b> pour le ventilateur de refroidissement. Id\u00e9al pour la projection de vid\u00e9os et de sons, il vous permet de partager l&rsquo;\u00e9cran d&rsquo;un p\u00e9riph\u00e9rique compatible, comme un ordinateur ou une tablette, en le dupliquant.  <\/p>\n<h3><img decoding=\"async\" ,=\"\" alt=\"Projecteur KODAK Pico Luma 150\" class=\"wy_tableau_right\" height=\"270\" src=\"https:\/\/boulanger.scene7.com\/is\/image\/Boulanger\/0843812107754_h_r_l_0?wid=400&amp;hei=270\" width=\"400\"\/>Un confort d&rsquo;utilisation optimal<\/h3>\n<p>Pour profiter de vos films et s\u00e9ries dans les meilleures conditions, le projecteur KODAK Pico Luma 150 poss\u00e8de un <b>haut-parleur int\u00e9gr\u00e9 de 2 W<\/b>. Les r\u00e9glages se font tr\u00e8s facilement \u00e0 l&rsquo;aide des <b>boutons de commande \u00e0 touches tactiles<\/b>. Si vous souhaitez le monter sur tr\u00e9pied cela est tout \u00e0 fait possible, car il dispose d&rsquo;un filetage sp\u00e9cifique.<\/p>\n<p>Le projecteur KODAK Pico Luma 150 est dot\u00e9 d&rsquo;une <b>connectique compl\u00e8te<\/b> qui vous permet de diversifier vos sources : un port HDMI, un port USB, un micro SD et une entr\u00e9e auxiliaire pour l&rsquo;audio. Sa <b>batterie rechargeable int\u00e9gr\u00e9e<\/b> offre une autonomie de 3 heures et sa lampe jusqu&rsquo;\u00e0 30 000 heures de projection.<\/p>\n<\/p>\n<\/div>\n<p><bl-button a11yexpanded=\"false\" arialabel=\"Afficher toute la description\" class=\"read-more__btn\" full=\"false\" link=\"true\">Voir plus<\/bl-button><\/div>","protected":false},"excerpt":{"rendered":"<div class=\"keypoints\">\n<h3 class=\"keypoints__title\">Les points cl\u00e9s<\/h3>\n<ul role=\"list\">\n<li class=\"keypoints__item\" role=\"listitem\">                          DLP &#8211;                                                      Standard                      <\/li>\n<li class=\"keypoints__item\" role=\"listitem\">                                        Focale classique (1m et plus)                      <\/li>\n<li class=\"keypoints__item\" role=\"listitem\">                          Alimentation : Batterie rechargeable et USB &#8211;                                                      150 Lumens                      <\/li>\n<li class=\"keypoints__item\" role=\"listitem\">                          Wifi, Airplay 2 &#8211;                                                      227,0 g                      <\/li>\n<li class=\"keypoints__item keypoints__item--advantage\" role=\"listitem\"><strong>Le + :<\/strong> Duplication d&rsquo;\u00e9cran via smartphone et batterie rechargeable int\u00e9gr\u00e9e pour l&#8217;emporter partout      <\/li>\n<\/ul>","protected":false},"featured_media":81626,"template":"","meta":{"_glsr_average":0,"_glsr_ranking":0,"_glsr_reviews":0},"product_cat":[450],"product_tag":[451,452],"class_list":{"0":"post-81627","1":"product","2":"type-product","3":"status-publish","4":"has-post-thumbnail","6":"product_cat-videoprojecteur","7":"product_tag-tv-image-son","8":"product_tag-videoprojecteur","10":"first","11":"instock","12":"sale","13":"shipping-taxable","14":"purchasable","15":"product-type-simple"},"_links":{"self":[{"href":"https:\/\/electromenagerexpress.com\/en\/wp-json\/wp\/v2\/product\/81627","targetHints":{"allow":["GET"]}}],"collection":[{"href":"https:\/\/electromenagerexpress.com\/en\/wp-json\/wp\/v2\/product"}],"about":[{"href":"https:\/\/electromenagerexpress.com\/en\/wp-json\/wp\/v2\/types\/product"}],"wp:featuredmedia":[{"embeddable":true,"href":"https:\/\/electromenagerexpress.com\/en\/wp-json\/wp\/v2\/media\/81626"}],"wp:attachment":[{"href":"https:\/\/electromenagerexpress.com\/en\/wp-json\/wp\/v2\/media?parent=81627"}],"wp:term":[{"taxonomy":"product_cat","embeddable":true,"href":"https:\/\/electromenagerexpress.com\/en\/wp-json\/wp\/v2\/product_cat?post=81627"},{"taxonomy":"product_tag","embeddable":true,"href":"https:\/\/electromenagerexpress.com\/en\/wp-json\/wp\/v2\/product_tag?post=81627"}],"curies":[{"name":"wp","href":"https:\/\/api.w.org\/{rel}","templated":true}]}}