{"id":80892,"date":"2024-11-24T15:12:01","date_gmt":"2024-11-24T15:12:01","guid":{"rendered":"https:\/\/electromenagerexpress.com\/product\/machine-a-coudrepfaffpassport-2-0\/"},"modified":"2024-11-24T15:12:15","modified_gmt":"2024-11-24T15:12:15","slug":"machine-a-coudrepfaffpassport-2-0","status":"publish","type":"product","link":"https:\/\/electromenagerexpress.com\/en\/product\/machine-a-coudrepfaffpassport-2-0\/","title":{"rendered":"Machine \u00e0 coudre\t\t\t\t\t\t\tPFAFF\t\t\t\tPassport 2.0"},"content":{"rendered":"<div class=\"product-features__content\">\n<ul role=\"list\">\n<li class=\"product-features__item\" role=\"listitem\">\n<h3 class=\"product-features__label\">Caract\u00e9ristiques g\u00e9n\u00e9rales<\/h3>\n<ul role=\"list\">\n<li class=\"product-features__item-list__item\" role=\"listitem\"><span class=\"is--medium\">Machine :<\/span> Machine \u00e0 coudre \u00e9lectronique\t\t\t\t\t<\/li>\n<li class=\"product-features__item-list__item\" role=\"listitem\"><span class=\"is--medium\">Cat\u00e9gorie :<\/span> Confection\t\t\t\t\t<\/li>\n<li class=\"product-features__item-list__item\" role=\"listitem\"><span class=\"is--medium\">Puissance :<\/span> 70 W\t\t\t\t\t<\/li>\n<li class=\"product-features__item-list__item\" role=\"listitem\"><span class=\"is--medium\">Plaque \u00e0 aiguille gradu\u00e9e :<\/span> Oui\t\t\t\t\t<\/li>\n<li class=\"product-features__item-list__item\" role=\"listitem\"><span class=\"is--medium\">Porte bobine :<\/span> 1 horizontal\t\t\t\t\t<\/li>\n<li class=\"product-features__item-list__item\" role=\"listitem\"><span class=\"is--medium\">Porte canette m\u00e9tallique :<\/span> Oui\t\t\t\t\t<\/li>\n<li class=\"product-features__item-list__item\" role=\"listitem\"><span class=\"is--medium\">Couleur :<\/span> Blanc\t\t\t\t\t<\/li>\n<li class=\"product-features__item-list__item\" role=\"listitem\"><span class=\"is--medium\">Griffe d&rsquo;entrainement :<\/span> 7 t\u00eates\t\t\t\t\t<\/li>\n<li class=\"product-features__item-list__item\" role=\"listitem\"><span class=\"is--medium\">Le saviez-vous :<\/span> situ\u00e9e sous la plaque \u00e0 aiguille, la griffe d&rsquo;entrainement fonctionne de mani\u00e8re synchronis\u00e9e avec l&rsquo;aiguille pour entrainer le tissu de mani\u00e8re r\u00e9guli\u00e8re. Au plus il y a de t\u00eates au mieux le tissu est entrain\u00e9 pour des points de couture impeccables.\t\t\t\t\t<\/li>\n<li class=\"product-features__item-list__item\" role=\"listitem\"><span class=\"is--medium\">Autres informations :<\/span> couture en piqu\u00e9 libre\t\t\t\t\t<\/li>\n<\/ul>\n<\/li>\n<li class=\"product-features__item\" role=\"listitem\">\n<h3 class=\"product-features__label\">R\u00e9glages<\/h3>\n<ul role=\"list\">\n<li class=\"product-features__item-list__item\" role=\"listitem\"><span class=\"is--medium\">Largeur du point :<\/span> manuel ou automatique (au choix de l&rsquo;utilisateur)\t\t\t\t\t<\/li>\n<li class=\"product-features__item-list__item\" role=\"listitem\"><span class=\"is--medium\">Largeur des points :<\/span> jusqu&rsquo;\u00e0 7mm\t\t\t\t\t<\/li>\n<li class=\"product-features__item-list__item\" role=\"listitem\"><span class=\"is--medium\">Longueur du point :<\/span> manuel ou automatique (au choix de l&rsquo;utilisateur)\t\t\t\t\t<\/li>\n<li class=\"product-features__item-list__item\" role=\"listitem\"><span class=\"is--medium\">Longueur des points :<\/span> non communiqu\u00e9\t\t\t\t\t<\/li>\n<li class=\"product-features__item-list__item\" role=\"listitem\"><span class=\"is--medium\">Tension du fil :<\/span> manuel ou automatique (au choix de l&rsquo;utilisateur)\t\t\t\t\t<\/li>\n<li class=\"product-features__item-list__item\" role=\"listitem\"><span class=\"is--medium\">Pression du pied de biche :<\/span> manuel ou automatique (au choix de l&rsquo;utilisateur)\t\t\t\t\t<\/li>\n<li class=\"product-features__item-list__item\" role=\"listitem\"><span class=\"is--medium\">Hauteur du pied de biche :<\/span> Oui\t\t\t\t\t<\/li>\n<li class=\"product-features__item-list__item\" role=\"listitem\"><span class=\"is--medium\">Le saviez-vous :<\/span> situ\u00e9 sous l&rsquo;aiguille, le pied de biche (ou pied presseur) sert \u00e0 plaquer le tissu contre la plaque \u00e0 aiguilles et les griffes d&rsquo;entrainement. Il existe differents mod\u00e8les comme le pied universel pour la couture de base ou encore le pied pour boutonniere\t\t\t\t\t<\/li>\n<\/ul>\n<\/li>\n<li class=\"product-features__item\" role=\"listitem\">\n<h3 class=\"product-features__label\">Contr\u00f4le de la vitesse<\/h3>\n<ul role=\"list\">\n<li class=\"product-features__item-list__item\" role=\"listitem\"><span class=\"is--medium\">Contr\u00f4le :<\/span> avec la p\u00e9dale (rh\u00e9ostat \u00e9lectronique)\t\t\t\t\t<\/li>\n<li class=\"product-features__item-list__item\" role=\"listitem\"><span class=\"is--medium\">Bouton r\u00e9gulateur de vitesse :<\/span> oui, il permet de bloquer ou d&rsquo;ajuster une vitesse d\u00e9finie (couture pr\u00e9cise \u00e0 r\u00e9aliser, sensibilit\u00e9 de la p\u00e9dale)\t\t\t\t\t<\/li>\n<\/ul>\n<\/li>\n<li class=\"product-features__item\" role=\"listitem\">\n<h3 class=\"product-features__label\">Programmes<\/h3>\n<ul role=\"list\">\n<li class=\"product-features__item-list__item\" role=\"listitem\"><span class=\"is--medium\">Nombre de programmes de points :<\/span> 70\t\t\t\t\t<\/li>\n<li class=\"product-features__item-list__item\" role=\"listitem\"><span class=\"is--medium\">Boutonni\u00e8re :<\/span> automatique 1 \u00e9tape\t\t\t\t\t<\/li>\n<li class=\"product-features__item-list__item\" role=\"listitem\"><span class=\"is--medium\">Points utilitaires :<\/span> Oui\t\t\t\t\t<\/li>\n<li class=\"product-features__item-list__item\" role=\"listitem\"><span class=\"is--medium\">Points d\u00e9coratifs :<\/span> Oui\t\t\t\t\t<\/li>\n<li class=\"product-features__item-list__item\" role=\"listitem\"><span class=\"is--medium\">Points extensibles :<\/span> Oui\t\t\t\t\t<\/li>\n<\/ul>\n<\/li>\n<li class=\"product-features__item\" role=\"listitem\">\n<h3 class=\"product-features__label\">Fonctions sp\u00e9cifiques<\/h3>\n<ul role=\"list\">\n<li class=\"product-features__item-list__item\" role=\"listitem\"><span class=\"is--medium\">Fonction double aiguille :<\/span> Oui\t\t\t\t\t<\/li>\n<li class=\"product-features__item-list__item\" role=\"listitem\"><span class=\"is--medium\">Fonction marche arri\u00e8re :<\/span> Oui\t\t\t\t\t<\/li>\n<li class=\"product-features__item-list__item\" role=\"listitem\"><span class=\"is--medium\">Fonction couture des boutons :<\/span> Oui\t\t\t\t\t<\/li>\n<li class=\"product-features__item-list__item\" role=\"listitem\"><span class=\"is--medium\">Point d&rsquo;arr\u00eat automatique :<\/span> oui, r\u00e9alise un point de renfort en d\u00e9but et fin de couture automatiquement\t\t\t\t\t<\/li>\n<li class=\"product-features__item-list__item\" role=\"listitem\"><span class=\"is--medium\">Bras libre :<\/span> non\t\t\t\t\t<\/li>\n<\/ul>\n<\/li>\n<li class=\"product-features__item\" role=\"listitem\">\n<h3 class=\"product-features__label\">Transport et rangement<\/h3>\n<ul role=\"list\">\n<li class=\"product-features__item-list__item\" role=\"listitem\"><span class=\"is--medium\">Poign\u00e9e de transport :<\/span> Oui\t\t\t\t\t<\/li>\n<li class=\"product-features__item-list__item\" role=\"listitem\"><span class=\"is--medium\">Bo\u00eete d&rsquo;accessoires int\u00e9gr\u00e9e :<\/span> Oui\t\t\t\t\t<\/li>\n<li class=\"product-features__item-list__item\" role=\"listitem\"><span class=\"is--medium\">Housse ou valise rigide pour le rangement et transport :<\/span> Oui\t\t\t\t\t<\/li>\n<\/ul>\n<\/li>\n<li class=\"product-features__item\" role=\"listitem\">\n<h3 class=\"product-features__label\">Confort d&rsquo;utilisation<\/h3>\n<ul role=\"list\">\n<li class=\"product-features__item-list__item\" role=\"listitem\"><span class=\"is--medium\">Plan de travail \u00e9clair\u00e9 :<\/span> Oui\t\t\t\t\t<\/li>\n<li class=\"product-features__item-list__item\" role=\"listitem\"><span class=\"is--medium\">Enfilage :<\/span> automatique\t\t\t\t\t<\/li>\n<li class=\"product-features__item-list__item\" role=\"listitem\"><span class=\"is--medium\">Syst\u00e8me de canette \u00e0 plat :<\/span> oui, la mise en place est facile et rapide\t\t\t\t\t<\/li>\n<li class=\"product-features__item-list__item\" role=\"listitem\"><span class=\"is--medium\">Choix position d&rsquo;arr\u00eat aiguille :<\/span> oui, lorsque vous levez le pied de la p\u00e9dale, choisissez si vous souhaitez bloquer l&rsquo;aiguille en position haute pour retirer le tissu ou en position basse pour le bloquer\t\t\t\t\t<\/li>\n<\/ul>\n<\/li>\n<li class=\"product-features__item\" role=\"listitem\">\n<h3 class=\"product-features__label\">Informations et Services<\/h3>\n<ul role=\"list\">\n<li class=\"product-features__item-list__item\" role=\"listitem\"><span class=\"is--medium\">Fabriqu\u00e9 en :<\/span> Ta\u00efwan\t\t\t\t\t<\/li>\n<li class=\"product-features__item-list__item\" role=\"listitem\"><span class=\"is--medium\">Garantie :<\/span> 2 ans\t\t\t\t\t<\/li>\n<li class=\"product-features__item-list__item\" role=\"listitem\"><span class=\"is--medium\">Disponibilit\u00e9 des pi\u00e8ces d\u00e9tach\u00e9es (donn\u00e9es fournisseur) :<\/span> Pendant 10 ans, \u00e0 compter de la date d&rsquo;achat\t\t\t\t\t<\/li>\n<li class=\"product-features__item-list__item\" role=\"listitem\"><span class=\"is--medium\">R\u00e9f\u00e9rence constructeur :<\/span> Passport 2.0\t\t\t\t\t<\/li>\n<li class=\"product-features__item-list__item\" role=\"listitem\"><span class=\"is--medium\">Marque :<\/span> PFAFF\t\t\t\t\t<\/li>\n<\/ul>\n<\/li>\n<li class=\"product-features__item\" role=\"listitem\">\n<h3 class=\"product-features__label\">Dimensions<\/h3>\n<ul role=\"list\">\n<li class=\"product-features__item-list__item\" role=\"listitem\"><span class=\"is--medium\">Dimensions l x h x p :<\/span> 40 x 28 x 19 cm\t\t\t\t\t<\/li>\n<li class=\"product-features__item-list__item\" role=\"listitem\"><span class=\"is--medium\">Poids Net (kg) :<\/span> 6,3 kg\t\t\t\t\t<\/li>\n<\/ul>\n<\/li>\n<\/ul>\n<\/div>\n<div class=\"product__disclosure-content\">\n<div class=\"js-read-more product-description__content read-more read-more--truncated\" data-read-more-name=\"description\" style=\"max-height: 500px; overflow: hidden;\">\n<h2><center><u>Machine \u00e0 coudre<\/u><\/center><\/h2>\n<h2><center><u>PFAFF Passport 2.0<\/u><\/center><\/h2>\n<p style=\"font-size:medium;text-align:justify;color:#525252\">Une machine \u00e0 coudre l\u00e9g\u00e8re, pratique et parmi les plus performantes sur le march\u00e9. N&rsquo;attendez plus pour d\u00e9couvrir la machine \u00e0 coudre PFAFF passport. Le nouvel alli\u00e9 de tous vos travaux de coutures saura vous \u00e9tonner par sa facilit\u00e9 d&rsquo;utilisation et la vari\u00e9t\u00e9 de ses fonctionnalit\u00e9s.<\/p>\n<h3 style=\"clear:both;\">\n<p style=\"font-size:large ;color:#098da7;\">Des fonctions de coutures in\u00e9dites<\/p>\n<\/h3>\n<p style=\"font-size:medium;text-align:justify;color:#525252\">Depuis plus de quarante ans, PFAFF int\u00e8gre \u00e0 ses machines \u00e0 coudre le double entra\u00eenement int\u00e9gr\u00e9. Le syst\u00e8me IDT original vous assure un entra\u00eenement du tissu r\u00e9gulier aussi bien au dessus qu&rsquo;en dessous. Avec la machine \u00e0 coudre PFAFF Passport, vous aurez \u00e0 disposition une tr\u00e8s large vari\u00e9t\u00e9 de points de 7mm. Points uilitaires, d\u00e9coratifs, de quilt, d&rsquo;aiguille d&rsquo;art ou encore fantaisie : laissez aller votre cr\u00e9ativit\u00e9 ! Pour le point boutonni\u00e8re, vous avez la possibilit\u00e9 de poser le pied pour boutonni\u00e8re et ainsi coudre en douceur des boutonni\u00e8res tout \u00e0 fait identiques. Enfin, vous serez s\u00e9duits par le splendide <b>point d&rsquo;\u00e9pingle pour appliqu\u00e9 r\u00e9glable<\/b>, pour un r\u00e9sultat toujours \u00e0 la hauteur de vos attentes. Deux broches porte-bobines accompagneront vos coutures \u00e0 l&rsquo;aiguille doubles et autres techniques plus sp\u00e9ciales.<\/p>\n<h3 style=\"clear:both;\">\n<p style=\"font-size:large ;color:#098da7;\">Un produit pratique qui vous accompagnera partout<\/p>\n<\/h3>\n<p style=\"font-size:medium;text-align:justify;color :#525252\">Portable, vous pourrez emporter la machine \u00e0 coudre PFAFF Passport partout avec vous lors de vos d\u00e9placements. Compacte et ergonomique, la machine est l\u00e9g\u00e8re car elle ne p\u00e8se que <b>6,3 kg<\/b>. Son capot rigide la prot\u00e8gera de la poussi\u00e8re mais aussi lors de son transport. Vous pouvez disposer de nombreux accessoires additionnels \u00e0 ce produit conserv\u00e9s dans un coffret, \u00e0 l&rsquo;exemple du <b>pied-de-biche PFAFF original<\/b>, qui, d\u00e9montable, vous sera tr\u00e8s facile \u00e0 remplacer. Six pieds-de-biche diff\u00e9rents sont mis \u00e0 votre disposition pour r\u00e9pondre \u00e0 tous vos besoins. Vous aurez \u00e9galement la possibilit\u00e9 de disposer d&rsquo;une rallonge optionnelle, pour vos plus grands ouvrages. Avec les 29 positions d&rsquo;aiguilles et son enfile-aiguille int\u00e9gr\u00e9, vous \u00eates \u00e9quip\u00e9 pour tout travail de couture !<\/p>\n<\/p>\n<\/div>\n<p><bl-button a11yexpanded=\"false\" arialabel=\"Afficher toute la description\" class=\"read-more__btn\" full=\"false\" link=\"true\">Voir plus<\/bl-button><\/div>","protected":false},"excerpt":{"rendered":"<div class=\"keypoints\">\n<h3 class=\"keypoints__title\">Les points cl\u00e9s<\/h3>\n<ul role=\"list\">\n<li class=\"keypoints__item\" role=\"listitem\">                                        Machine \u00e0 coudre \u00e9lectronique                      <\/li>\n<li class=\"keypoints__item\" role=\"listitem\">                                        Puissance : 70 W                      <\/li>\n<li class=\"keypoints__item\" role=\"listitem\">                                        Nombre de programmes de points : 70                      <\/li>\n<li class=\"keypoints__item\" role=\"listitem\">                                        Longueur du point : manuel ou automatique (au choix de l&rsquo;utilisateur)                      <\/li>\n<li class=\"keypoints__item keypoints__item--advantage\" role=\"listitem\"><strong>Le + :<\/strong> Double entra\u00eenement int\u00e9gr\u00e9 pour plus de facilit\u00e9 avec 70 points      <\/li>\n<\/ul>","protected":false},"featured_media":80891,"template":"","meta":{"_glsr_average":0,"_glsr_ranking":0,"_glsr_reviews":0},"product_cat":[436],"product_tag":[437,438,153],"class_list":{"0":"post-80892","1":"product","2":"type-product","3":"status-publish","4":"has-post-thumbnail","6":"product_cat-machine-a-coudre","7":"product_tag-couture","8":"product_tag-machine-a-coudre","9":"product_tag-maison-entretien","11":"first","12":"instock","13":"sale","14":"shipping-taxable","15":"purchasable","16":"product-type-simple"},"_links":{"self":[{"href":"https:\/\/electromenagerexpress.com\/en\/wp-json\/wp\/v2\/product\/80892","targetHints":{"allow":["GET"]}}],"collection":[{"href":"https:\/\/electromenagerexpress.com\/en\/wp-json\/wp\/v2\/product"}],"about":[{"href":"https:\/\/electromenagerexpress.com\/en\/wp-json\/wp\/v2\/types\/product"}],"wp:featuredmedia":[{"embeddable":true,"href":"https:\/\/electromenagerexpress.com\/en\/wp-json\/wp\/v2\/media\/80891"}],"wp:attachment":[{"href":"https:\/\/electromenagerexpress.com\/en\/wp-json\/wp\/v2\/media?parent=80892"}],"wp:term":[{"taxonomy":"product_cat","embeddable":true,"href":"https:\/\/electromenagerexpress.com\/en\/wp-json\/wp\/v2\/product_cat?post=80892"},{"taxonomy":"product_tag","embeddable":true,"href":"https:\/\/electromenagerexpress.com\/en\/wp-json\/wp\/v2\/product_tag?post=80892"}],"curies":[{"name":"wp","href":"https:\/\/api.w.org\/{rel}","templated":true}]}}