{"id":80855,"date":"2024-11-24T15:11:27","date_gmt":"2024-11-24T15:11:27","guid":{"rendered":"https:\/\/electromenagerexpress.com\/product\/machine-a-coudrebernina325\/"},"modified":"2024-11-24T15:11:27","modified_gmt":"2024-11-24T15:11:27","slug":"machine-a-coudrebernina325","status":"publish","type":"product","link":"https:\/\/electromenagerexpress.com\/en\/product\/machine-a-coudrebernina325\/","title":{"rendered":"Machine \u00e0 coudre\t\t\t\t\t\t\tBERNINA\t\t\t\t325"},"content":{"rendered":"<div class=\"product-features__content\">\n<ul role=\"list\">\n<li class=\"product-features__item\" role=\"listitem\">\n<h3 class=\"product-features__label\">Caract\u00e9ristiques g\u00e9n\u00e9rales<\/h3>\n<ul role=\"list\">\n<li class=\"product-features__item-list__item\" role=\"listitem\"><span class=\"is--medium\">Machine :<\/span> Machine \u00e0 coudre \u00e9lectronique\t\t\t\t\t<\/li>\n<li class=\"product-features__item-list__item\" role=\"listitem\"><span class=\"is--medium\">Cat\u00e9gorie :<\/span> Confection\t\t\t\t\t<\/li>\n<li class=\"product-features__item-list__item\" role=\"listitem\"><span class=\"is--medium\">Plaque \u00e0 aiguille gradu\u00e9e :<\/span> Oui\t\t\t\t\t<\/li>\n<li class=\"product-features__item-list__item\" role=\"listitem\"><span class=\"is--medium\">Porte bobine :<\/span> non concern\u00e9\t\t\t\t\t<\/li>\n<li class=\"product-features__item-list__item\" role=\"listitem\"><span class=\"is--medium\">Porte canette m\u00e9tallique :<\/span> Non\t\t\t\t\t<\/li>\n<li class=\"product-features__item-list__item\" role=\"listitem\"><span class=\"is--medium\">Couleur :<\/span> Blanc\t\t\t\t\t<\/li>\n<li class=\"product-features__item-list__item\" role=\"listitem\"><span class=\"is--medium\">Griffe d&rsquo;entrainement :<\/span> non concern\u00e9\t\t\t\t\t<\/li>\n<\/ul>\n<\/li>\n<li class=\"product-features__item\" role=\"listitem\">\n<h3 class=\"product-features__label\">R\u00e9glages<\/h3>\n<ul role=\"list\">\n<li class=\"product-features__item-list__item\" role=\"listitem\"><span class=\"is--medium\">Largeur du point :<\/span> non\t\t\t\t\t<\/li>\n<li class=\"product-features__item-list__item\" role=\"listitem\"><span class=\"is--medium\">Largeur des points :<\/span> non communiqu\u00e9\t\t\t\t\t<\/li>\n<li class=\"product-features__item-list__item\" role=\"listitem\"><span class=\"is--medium\">Longueur du point :<\/span> non\t\t\t\t\t<\/li>\n<li class=\"product-features__item-list__item\" role=\"listitem\"><span class=\"is--medium\">Longueur des points :<\/span> non communiqu\u00e9\t\t\t\t\t<\/li>\n<li class=\"product-features__item-list__item\" role=\"listitem\"><span class=\"is--medium\">Tension du fil :<\/span> non communiqu\u00e9\t\t\t\t\t<\/li>\n<li class=\"product-features__item-list__item\" role=\"listitem\"><span class=\"is--medium\">Pression du pied de biche :<\/span> non\t\t\t\t\t<\/li>\n<li class=\"product-features__item-list__item\" role=\"listitem\"><span class=\"is--medium\">Hauteur du pied de biche :<\/span> Non\t\t\t\t\t<\/li>\n<li class=\"product-features__item-list__item\" role=\"listitem\"><span class=\"is--medium\">Le saviez-vous :<\/span> situ\u00e9 sous l&rsquo;aiguille, le pied de biche (ou pied presseur) sert \u00e0 plaquer le tissu contre la plaque \u00e0 aiguilles et les griffes d&rsquo;entrainement. Il existe differents mod\u00e8les comme le pied universel pour la couture de base ou encore le pied pour boutonniere\t\t\t\t\t<\/li>\n<\/ul>\n<\/li>\n<li class=\"product-features__item\" role=\"listitem\">\n<h3 class=\"product-features__label\">Programmes<\/h3>\n<ul role=\"list\">\n<li class=\"product-features__item-list__item\" role=\"listitem\"><span class=\"is--medium\">Boutonni\u00e8re :<\/span> sans boutonni\u00e8re\t\t\t\t\t<\/li>\n<li class=\"product-features__item-list__item\" role=\"listitem\"><span class=\"is--medium\">Points utilitaires :<\/span> Oui\t\t\t\t\t<\/li>\n<li class=\"product-features__item-list__item\" role=\"listitem\"><span class=\"is--medium\">Points d\u00e9coratifs :<\/span> Oui\t\t\t\t\t<\/li>\n<li class=\"product-features__item-list__item\" role=\"listitem\"><span class=\"is--medium\">Points extensibles :<\/span> Non\t\t\t\t\t<\/li>\n<\/ul>\n<\/li>\n<li class=\"product-features__item\" role=\"listitem\">\n<h3 class=\"product-features__label\">Fonctions sp\u00e9cifiques<\/h3>\n<ul role=\"list\">\n<li class=\"product-features__item-list__item\" role=\"listitem\"><span class=\"is--medium\">Fonction marche arri\u00e8re :<\/span> Oui\t\t\t\t\t<\/li>\n<li class=\"product-features__item-list__item\" role=\"listitem\"><span class=\"is--medium\">Fonction couture des boutons :<\/span> Oui\t\t\t\t\t<\/li>\n<\/ul>\n<\/li>\n<li class=\"product-features__item\" role=\"listitem\">\n<h3 class=\"product-features__label\">Transport et rangement<\/h3>\n<ul role=\"list\">\n<li class=\"product-features__item-list__item\" role=\"listitem\"><span class=\"is--medium\">Poign\u00e9e de transport :<\/span> Oui\t\t\t\t\t<\/li>\n<li class=\"product-features__item-list__item\" role=\"listitem\"><span class=\"is--medium\">Bo\u00eete d&rsquo;accessoires int\u00e9gr\u00e9e :<\/span> Oui\t\t\t\t\t<\/li>\n<li class=\"product-features__item-list__item\" role=\"listitem\"><span class=\"is--medium\">Housse ou valise rigide pour le rangement et transport :<\/span> Non\t\t\t\t\t<\/li>\n<\/ul>\n<\/li>\n<li class=\"product-features__item\" role=\"listitem\">\n<h3 class=\"product-features__label\">Informations et Services<\/h3>\n<ul role=\"list\">\n<li class=\"product-features__item-list__item\" role=\"listitem\"><span class=\"is--medium\">Fabriqu\u00e9 en :<\/span> Chine\t\t\t\t\t<\/li>\n<li class=\"product-features__item-list__item\" role=\"listitem\"><span class=\"is--medium\">Disponibilit\u00e9 des pi\u00e8ces d\u00e9tach\u00e9es (donn\u00e9es fournisseur) :<\/span> Non communiqu\u00e9e\t\t\t\t\t<\/li>\n<li class=\"product-features__item-list__item\" role=\"listitem\"><span class=\"is--medium\">R\u00e9f\u00e9rence constructeur :<\/span> 325\t\t\t\t\t<\/li>\n<li class=\"product-features__item-list__item\" role=\"listitem\"><span class=\"is--medium\">Marque :<\/span> BERNINA\t\t\t\t\t<\/li>\n<\/ul>\n<\/li>\n<li class=\"product-features__item\" role=\"listitem\">\n<h3 class=\"product-features__label\">Dimensions<\/h3>\n<ul role=\"list\">\n<li class=\"product-features__item-list__item\" role=\"listitem\"><span class=\"is--medium\">Poids Net (kg) :<\/span> 11,0 kg\t\t\t\t\t<\/li>\n<\/ul>\n<\/li>\n<\/ul>\n<\/div>\n<div class=\"product__disclosure-content\">\n<div class=\"js-read-more product-description__content read-more read-more--truncated\" data-read-more-name=\"description\" style=\"max-height: 500px; overflow: hidden;\">\n<p>Machine \u00e0 coudre BERNINA 325 &#8211; Garantie 5 ans Premi\u00e8re machine \u00e0 coudre de la gamme Bernina, la Bernina 325 est une machine \u00e0 coudre assez petite pour s&rsquo;adapter \u00e0 n&rsquo;importe quel espace de couture. Elle est suffisamment puissante pour coudre vos mat\u00e9riaux et projets de cr\u00e9ation les plus difficiles, en toute simplicit\u00e9. Caract\u00e9ristiques: Fin de motif programmable Nombre total de points (alphabet inclus): 97 Total de points utilitaires: 15 Boutonni\u00e8re automatique 1 Boutonni\u00e8res \u00e0 plusieurs \u00e9tapes manuelles Programme de couture de boutons Programme \u00e0 repriser Points d\u00e9coratifs: 23 Points de quilt: 3 Points de croix: 3 Alphabets \u00e0 coudre: 1 Couture en marche arri\u00e8re Syst\u00e8me de crochet: CB Vitesse de couture maximale: 900 points par minute Espace de couture \u00e0 droite de l&rsquo;aiguille: 160 mm Eclairage: 8 LED Largeur maximale des points en mm: 5.5 Longueur maximale des points en mm: 5 Positions d&rsquo;aiguille: 9 Nombre de supports pour bobines: 2 Enfilage automatique M\u00e9moire \u00e0 court et long terme Marche-arr\u00eat R\u00e9gulateur de vitesse Changement des param\u00e8tre de point pendant la couture Arr\u00eat de l&rsquo;aiguille en bas \/ en haut Embobinage pendant la couture \/ broderie Une s\u00e9lection de points cr\u00e9atifs : Il suffit d&rsquo;appuyer sur un bouton pour s\u00e9lectionner les alphabets et les points 23 points d\u00e9coratifs diff\u00e9rents. Il existe de nombreux points diff\u00e9rents pouvant \u00eatre personnalis\u00e9s. Difficile de choisir son mod\u00e8le pr\u00e9f\u00e9r\u00e9 Individuelle et rapide : Personnalisez la longueur et la largeur du point. Enregistrez et r\u00e9utilisez les points. Vitesse de couture variable. Cousez \u00e0 une vitesse rapide jusqu&rsquo;\u00e0 900 points par minute. Vos ouvrages de couture sont finalis\u00e9s en un rien de temps. Un confort exceptionnel : Un \u00e9clairage LED lumineux pour vos coutures la nuit. Enregistrez facilement vos param\u00e8tres pr\u00e9f\u00e9r\u00e9s. Suivez tout ce qui se passe pour l&rsquo;\u00e9cran Petite mais \u00e9tonnante : Suffisamment d&rsquo;espace pour vos cr\u00e9ations. Confortable et parfaitement dimensionn\u00e9e. Table rallonge \u00e0 ins\u00e9rer pour \u00e9tendre l&rsquo;espace de travail. Le bras libre offre 116 cm d&rsquo;espace \u00e0 droite de l&rsquo;aiguille pour r\u00e9aliser des ouvrages audacieux et donner libre cours \u00e0 votre cr\u00e9ativit\u00e9. Premi\u00e8re machine de la gamme Bernina Simple et robuste Facile d&rsquo;utilisation \u00a0 Accessoires et pieds inclus Table rallonge pour le bras libre Tige Snap on Semelle pour les points en marche arri\u00e8re #1 Semelle pour le surjet #2 Semelle pour les boutonni\u00e8res #3 Semelle pour fermeture \u00e0 glissi\u00e8re #4 Semelle pour les points invisibles #5 Retrouvez tous les accessoires compatibles avec cette machine en cliquant ici \u00c9galement inclus : mode d&#8217;emploi en fran\u00e7ais Retrouvez tous les accessoires compatibles avec cette machine ici \u00a0 Assistance t\u00e9l\u00e9phonique, pi\u00e8ces, main-d&rsquo;\u0153uvre, frais de transport &#8211; aller\/retour &#8211; uniquement pour la France m\u00e9tropolitaine (dont la Corse), la Belgique et le Luxembourg<\/p>\n<\/div>\n<p><bl-button a11yexpanded=\"false\" arialabel=\"Afficher toute la description\" class=\"read-more__btn\" full=\"false\" link=\"true\">Voir plus<\/bl-button><\/div>","protected":false},"excerpt":{"rendered":"<div class=\"keypoints\">\n<h3 class=\"keypoints__title\">Les points cl\u00e9s<\/h3>\n<ul role=\"list\">\n<li class=\"keypoints__item\" role=\"listitem\">                                        Machine \u00e0 coudre \u00e9lectronique                      <\/li>\n<li class=\"keypoints__item\" role=\"listitem\">                                        Longueur du point : non                      <\/li>\n<\/ul>","protected":false},"featured_media":80854,"template":"","meta":{"_glsr_average":0,"_glsr_ranking":0,"_glsr_reviews":0},"product_cat":[436],"product_tag":[437,438,153],"class_list":{"0":"post-80855","1":"product","2":"type-product","3":"status-publish","4":"has-post-thumbnail","6":"product_cat-machine-a-coudre","7":"product_tag-couture","8":"product_tag-machine-a-coudre","9":"product_tag-maison-entretien","11":"first","12":"instock","13":"sale","14":"shipping-taxable","15":"purchasable","16":"product-type-simple"},"_links":{"self":[{"href":"https:\/\/electromenagerexpress.com\/en\/wp-json\/wp\/v2\/product\/80855","targetHints":{"allow":["GET"]}}],"collection":[{"href":"https:\/\/electromenagerexpress.com\/en\/wp-json\/wp\/v2\/product"}],"about":[{"href":"https:\/\/electromenagerexpress.com\/en\/wp-json\/wp\/v2\/types\/product"}],"wp:featuredmedia":[{"embeddable":true,"href":"https:\/\/electromenagerexpress.com\/en\/wp-json\/wp\/v2\/media\/80854"}],"wp:attachment":[{"href":"https:\/\/electromenagerexpress.com\/en\/wp-json\/wp\/v2\/media?parent=80855"}],"wp:term":[{"taxonomy":"product_cat","embeddable":true,"href":"https:\/\/electromenagerexpress.com\/en\/wp-json\/wp\/v2\/product_cat?post=80855"},{"taxonomy":"product_tag","embeddable":true,"href":"https:\/\/electromenagerexpress.com\/en\/wp-json\/wp\/v2\/product_tag?post=80855"}],"curies":[{"name":"wp","href":"https:\/\/api.w.org\/{rel}","templated":true}]}}