{"id":80849,"date":"2024-11-24T15:11:22","date_gmt":"2024-11-24T15:11:22","guid":{"rendered":"https:\/\/electromenagerexpress.com\/product\/machine-a-coudrejukitl-2300-sumato\/"},"modified":"2024-11-24T15:11:22","modified_gmt":"2024-11-24T15:11:22","slug":"machine-a-coudrejukitl-2300-sumato","status":"publish","type":"product","link":"https:\/\/electromenagerexpress.com\/en\/product\/machine-a-coudrejukitl-2300-sumato\/","title":{"rendered":"Machine \u00e0 coudre\t\t\t\t\t\t\tJUKI\t\t\t\tTL 2300 SUMATO"},"content":{"rendered":"<div class=\"product-features__content\">\n<ul role=\"list\">\n<li class=\"product-features__item\" role=\"listitem\">\n<h3 class=\"product-features__label\">Caract\u00e9ristiques g\u00e9n\u00e9rales<\/h3>\n<ul role=\"list\">\n<li class=\"product-features__item-list__item\" role=\"listitem\"><span class=\"is--medium\">Machine :<\/span> Machine \u00e0 coudre \u00e9lectronique\t\t\t\t\t<\/li>\n<li class=\"product-features__item-list__item\" role=\"listitem\"><span class=\"is--medium\">Cat\u00e9gorie :<\/span> Confection\t\t\t\t\t<\/li>\n<li class=\"product-features__item-list__item\" role=\"listitem\"><span class=\"is--medium\">Plaque \u00e0 aiguille gradu\u00e9e :<\/span> Oui\t\t\t\t\t<\/li>\n<li class=\"product-features__item-list__item\" role=\"listitem\"><span class=\"is--medium\">Porte bobine :<\/span> non concern\u00e9\t\t\t\t\t<\/li>\n<li class=\"product-features__item-list__item\" role=\"listitem\"><span class=\"is--medium\">Porte canette m\u00e9tallique :<\/span> Non\t\t\t\t\t<\/li>\n<li class=\"product-features__item-list__item\" role=\"listitem\"><span class=\"is--medium\">Couleur :<\/span> Blanc\t\t\t\t\t<\/li>\n<li class=\"product-features__item-list__item\" role=\"listitem\"><span class=\"is--medium\">Griffe d&rsquo;entrainement :<\/span> non concern\u00e9\t\t\t\t\t<\/li>\n<\/ul>\n<\/li>\n<li class=\"product-features__item\" role=\"listitem\">\n<h3 class=\"product-features__label\">R\u00e9glages<\/h3>\n<ul role=\"list\">\n<li class=\"product-features__item-list__item\" role=\"listitem\"><span class=\"is--medium\">Largeur du point :<\/span> non\t\t\t\t\t<\/li>\n<li class=\"product-features__item-list__item\" role=\"listitem\"><span class=\"is--medium\">Largeur des points :<\/span> non communiqu\u00e9\t\t\t\t\t<\/li>\n<li class=\"product-features__item-list__item\" role=\"listitem\"><span class=\"is--medium\">Longueur du point :<\/span> non\t\t\t\t\t<\/li>\n<li class=\"product-features__item-list__item\" role=\"listitem\"><span class=\"is--medium\">Longueur des points :<\/span> non communiqu\u00e9\t\t\t\t\t<\/li>\n<li class=\"product-features__item-list__item\" role=\"listitem\"><span class=\"is--medium\">Tension du fil :<\/span> non communiqu\u00e9\t\t\t\t\t<\/li>\n<li class=\"product-features__item-list__item\" role=\"listitem\"><span class=\"is--medium\">Pression du pied de biche :<\/span> non\t\t\t\t\t<\/li>\n<li class=\"product-features__item-list__item\" role=\"listitem\"><span class=\"is--medium\">Hauteur du pied de biche :<\/span> Non\t\t\t\t\t<\/li>\n<li class=\"product-features__item-list__item\" role=\"listitem\"><span class=\"is--medium\">Le saviez-vous :<\/span> situ\u00e9 sous l&rsquo;aiguille, le pied de biche (ou pied presseur) sert \u00e0 plaquer le tissu contre la plaque \u00e0 aiguilles et les griffes d&rsquo;entrainement. Il existe differents mod\u00e8les comme le pied universel pour la couture de base ou encore le pied pour boutonniere\t\t\t\t\t<\/li>\n<\/ul>\n<\/li>\n<li class=\"product-features__item\" role=\"listitem\">\n<h3 class=\"product-features__label\">Programmes<\/h3>\n<ul role=\"list\">\n<li class=\"product-features__item-list__item\" role=\"listitem\"><span class=\"is--medium\">Boutonni\u00e8re :<\/span> sans boutonni\u00e8re\t\t\t\t\t<\/li>\n<li class=\"product-features__item-list__item\" role=\"listitem\"><span class=\"is--medium\">Points utilitaires :<\/span> Oui\t\t\t\t\t<\/li>\n<li class=\"product-features__item-list__item\" role=\"listitem\"><span class=\"is--medium\">Points d\u00e9coratifs :<\/span> Oui\t\t\t\t\t<\/li>\n<li class=\"product-features__item-list__item\" role=\"listitem\"><span class=\"is--medium\">Points extensibles :<\/span> Non\t\t\t\t\t<\/li>\n<\/ul>\n<\/li>\n<li class=\"product-features__item\" role=\"listitem\">\n<h3 class=\"product-features__label\">Fonctions sp\u00e9cifiques<\/h3>\n<ul role=\"list\">\n<li class=\"product-features__item-list__item\" role=\"listitem\"><span class=\"is--medium\">Fonction marche arri\u00e8re :<\/span> Oui\t\t\t\t\t<\/li>\n<li class=\"product-features__item-list__item\" role=\"listitem\"><span class=\"is--medium\">Fonction couture des boutons :<\/span> Oui\t\t\t\t\t<\/li>\n<\/ul>\n<\/li>\n<li class=\"product-features__item\" role=\"listitem\">\n<h3 class=\"product-features__label\">Transport et rangement<\/h3>\n<ul role=\"list\">\n<li class=\"product-features__item-list__item\" role=\"listitem\"><span class=\"is--medium\">Poign\u00e9e de transport :<\/span> Oui\t\t\t\t\t<\/li>\n<li class=\"product-features__item-list__item\" role=\"listitem\"><span class=\"is--medium\">Bo\u00eete d&rsquo;accessoires int\u00e9gr\u00e9e :<\/span> Oui\t\t\t\t\t<\/li>\n<li class=\"product-features__item-list__item\" role=\"listitem\"><span class=\"is--medium\">Housse ou valise rigide pour le rangement et transport :<\/span> Non\t\t\t\t\t<\/li>\n<\/ul>\n<\/li>\n<li class=\"product-features__item\" role=\"listitem\">\n<h3 class=\"product-features__label\">Informations et Services<\/h3>\n<ul role=\"list\">\n<li class=\"product-features__item-list__item\" role=\"listitem\"><span class=\"is--medium\">Fabriqu\u00e9 en :<\/span> Chine\t\t\t\t\t<\/li>\n<li class=\"product-features__item-list__item\" role=\"listitem\"><span class=\"is--medium\">Disponibilit\u00e9 des pi\u00e8ces d\u00e9tach\u00e9es (donn\u00e9es fournisseur) :<\/span> Non communiqu\u00e9e\t\t\t\t\t<\/li>\n<li class=\"product-features__item-list__item\" role=\"listitem\"><span class=\"is--medium\">R\u00e9f\u00e9rence constructeur :<\/span> TL 2300 SUMATO\t\t\t\t\t<\/li>\n<li class=\"product-features__item-list__item\" role=\"listitem\"><span class=\"is--medium\">Marque :<\/span> JUKI\t\t\t\t\t<\/li>\n<\/ul>\n<\/li>\n<li class=\"product-features__item\" role=\"listitem\">\n<h3 class=\"product-features__label\">Dimensions<\/h3>\n<ul role=\"list\">\n<li class=\"product-features__item-list__item\" role=\"listitem\"><span class=\"is--medium\">Poids Net (kg) :<\/span> 20,0 kg\t\t\t\t\t<\/li>\n<\/ul>\n<\/li>\n<\/ul>\n<\/div>\n<div class=\"product__disclosure-content\">\n<div class=\"js-read-more product-description__content read-more read-more--truncated\" data-read-more-name=\"description\" style=\"max-height: 500px; overflow: hidden;\">\n<p>Machine \u00e0 coudre semi-pro JUKI TL-2300 Sumato &#8211; Garantie 5 ans La seule machine \u00e0 coudre semi-pro pour cuir et tissus lourds ! La machine \u00e0 coudre JUKI TL2300 SUMATO est une machine \u00e0 coudre m\u00e9canique point droit associant tout le savoir-faire de la marque JUKI. Performante et puissante, elle vous permet de coudre tous types de tissu du plus fin au plus \u00e9pais comme le cuir. Le pied t\u00e9flon est fourni de s\u00e9rie, afin de coudre ais\u00e9ment les mati\u00e8res qui accrochent le pied standard en m\u00e9tal La fonction Float facilite la couture des textiles stretch et des tissus moelleux (comme le velours ou les plaids), en \u00e9vitant les sauts de points et les coutures irr\u00e9guli\u00e8res. Pour utiliser des fils de toute \u00e9paisseur comme fil d&rsquo;aiguille, sans avoir \u00e0 r\u00e9aliser de grands r\u00e9glages de tension, l&rsquo;unit\u00e9 de pr\u00e9-tension de la machine \u00e0 coudre semi-pro JUKI TL2300 Sumato alimente le bloc tension de fa\u00e7on industrielle, pour une qualit\u00e9 de couture optimale. Enfin La machine \u00e0 coudre JUKI TL 2300 Sumato est la machine semi-professionnelle pour coudre des tissus \u00e9pais en denses : avec un guide-fil sp\u00e9cial pour les fils \u00e9pais, une plaque d&rsquo;aiguille particuli\u00e8rement con\u00e7ue pour ces textiles et un pied t\u00e9flon sp\u00e9cial grosses \u00e9paisseurs, coudre est un jeu d&rsquo;enfant. \u25ba La machine qu&rsquo;il vous faut pour coudre le cuir, le simili-cuir, le denim et les toiles canva : un magnifique point de couture, quelque soit l&rsquo;\u00e9paisseur qu&rsquo;elle pique. \u25ba La Juki TL 2300 Sumato travaille aussi parfaitement les tissus fins et moyennement \u00e9pais.\u00a0 Installez une aiguille taille 70 et piquez de fa\u00e7on professionnelle organza, batiste, liberty, voile et cr\u00eape georgette. Caract\u00e9ristiques couture : Stop aiguille haut ou bas : choisissez la position de votre aiguille \u00e0 l&rsquo;arr\u00eat de la couture Coupe-fil automatique command\u00e9 par bouton ou \u00e0 la p\u00e9dale Pression r\u00e9glable du pied presseur Machine performante pour coudre les mat\u00e9riaux lourds et \u00e9pais Machine qui peut \u00eatre d\u00e9plac\u00e9e facilement Espace de travail plus grand, gr\u00e2ce \u00e0 sa table d&rsquo;extension Canette verticale de type industriel pour un point plus r\u00e9gulier et un travail des tissus \u00e9pais sans difficult\u00e9 Guide-fil pour tissus \u00e9pais Double p\u00e9dale avec fonction coupe fil s\u00e9par\u00e9 \u00a0 \u00a0\u00a0 Attention cette machine utilise des aiguilles de type industriel DPx5 : les tailles 70 \u00e0 110 sont \u00e0 privil\u00e9gier avec cette machine semi-industrielle. La TL 2300 Sumato de Juki est livr\u00e9e avec ces accessoires indispensables pour les couturi\u00e8res et couturiers pros ! Caract\u00e9ristiques techniques : Vitesse de couture : 55 \u00e0 1500 points par minute Longueur de point : 6 mm maximum Lev\u00e9e du pied presseur : par levier maximum 9 mm \/ par genouill\u00e8re maximum 12 mm Crochet rotatif horizontal de type industriel Table d&rsquo;extension : 590 (l) x 335 (p) mm incluse \u00c9clairage par LED Aiguille : 134 R \u00e0 talon rond industriel \/ DPx5 Dimensions : 452(l) x 350 (h) x 219 (p) mm R\u00e9glage microm\u00e9trique de la hauteur du pied Poids : 11,9Kg \u00a0 \u00a0 Machine puissante et robuste Coupe fils automatique Grand espace de travail P\u00e9dale \u00e0 double fonction\u00a0 \u00a0 \u00a0 Accessoires et pieds inclus Genouill\u00e8re Plaque \u00e0 aiguilles pour les tissus \u00e9pais P\u00e9dale avec coupe fil Table d&rsquo;extension Tournevis sp\u00e9cial Tournevis Pinceau de nettoyage Canettes (X4) Huile Paquet d&rsquo;aiguilles (X5) &#8211; 134 R Chapeau de bobine Pied standard Pied ourleur Pied pose fermeture \u00e9clair Pied t\u00e9flon pour les tissus glissants \/ cuir \/ simili Retrouvez tous les accessoires compatibles avec cette machine en cliquant ici \u00c9galement inclus : Cordon d&rsquo;alimentation,\u00a0Housse pour le rangement de la machine, Notice en Fran\u00e7ais provisoire (Juki mettra tr\u00e8s prochainement \u00e0 disposition la notice d\u00e9finitive) Assistance t\u00e9l\u00e9phonique, pi\u00e8ces, main-d&rsquo;\u0153uvre, frais de transport &#8211; aller\/retour &#8211; uniquement pour la France m\u00e9tropolitaine (dont la Corse), la Belgique et le Luxembourg<\/p>\n<\/div>\n<p><bl-button a11yexpanded=\"false\" arialabel=\"Afficher toute la description\" class=\"read-more__btn\" full=\"false\" link=\"true\">Voir plus<\/bl-button><\/div>","protected":false},"excerpt":{"rendered":"<div class=\"keypoints\">\n<h3 class=\"keypoints__title\">Les points cl\u00e9s<\/h3>\n<ul role=\"list\">\n<li class=\"keypoints__item\" role=\"listitem\">                                        Machine \u00e0 coudre \u00e9lectronique                      <\/li>\n<li class=\"keypoints__item\" role=\"listitem\">                                        Longueur du point : non                      <\/li>\n<\/ul>","protected":false},"featured_media":80848,"template":"","meta":{"_glsr_average":0,"_glsr_ranking":0,"_glsr_reviews":0},"product_cat":[436],"product_tag":[437,438,153],"class_list":{"0":"post-80849","1":"product","2":"type-product","3":"status-publish","4":"has-post-thumbnail","6":"product_cat-machine-a-coudre","7":"product_tag-couture","8":"product_tag-machine-a-coudre","9":"product_tag-maison-entretien","11":"first","12":"instock","13":"sale","14":"shipping-taxable","15":"purchasable","16":"product-type-simple"},"_links":{"self":[{"href":"https:\/\/electromenagerexpress.com\/en\/wp-json\/wp\/v2\/product\/80849","targetHints":{"allow":["GET"]}}],"collection":[{"href":"https:\/\/electromenagerexpress.com\/en\/wp-json\/wp\/v2\/product"}],"about":[{"href":"https:\/\/electromenagerexpress.com\/en\/wp-json\/wp\/v2\/types\/product"}],"wp:featuredmedia":[{"embeddable":true,"href":"https:\/\/electromenagerexpress.com\/en\/wp-json\/wp\/v2\/media\/80848"}],"wp:attachment":[{"href":"https:\/\/electromenagerexpress.com\/en\/wp-json\/wp\/v2\/media?parent=80849"}],"wp:term":[{"taxonomy":"product_cat","embeddable":true,"href":"https:\/\/electromenagerexpress.com\/en\/wp-json\/wp\/v2\/product_cat?post=80849"},{"taxonomy":"product_tag","embeddable":true,"href":"https:\/\/electromenagerexpress.com\/en\/wp-json\/wp\/v2\/product_tag?post=80849"}],"curies":[{"name":"wp","href":"https:\/\/api.w.org\/{rel}","templated":true}]}}