{"id":80838,"date":"2024-11-24T15:11:12","date_gmt":"2024-11-24T15:11:12","guid":{"rendered":"https:\/\/electromenagerexpress.com\/product\/machine-a-coudreelnaexcellence-710\/"},"modified":"2024-11-24T15:11:12","modified_gmt":"2024-11-24T15:11:12","slug":"machine-a-coudreelnaexcellence-710","status":"publish","type":"product","link":"https:\/\/electromenagerexpress.com\/en\/product\/machine-a-coudreelnaexcellence-710\/","title":{"rendered":"Machine \u00e0 coudre\t\t\t\t\t\t\tELNA\t\t\t\tEXCELLENCE 710"},"content":{"rendered":"<div class=\"product-features__content\">\n<ul role=\"list\">\n<li class=\"product-features__item\" role=\"listitem\">\n<h3 class=\"product-features__label\">Caract\u00e9ristiques g\u00e9n\u00e9rales<\/h3>\n<ul role=\"list\">\n<li class=\"product-features__item-list__item\" role=\"listitem\"><span class=\"is--medium\">Machine :<\/span> Machine \u00e0 coudre \u00e9lectronique\t\t\t\t\t<\/li>\n<li class=\"product-features__item-list__item\" role=\"listitem\"><span class=\"is--medium\">Cat\u00e9gorie :<\/span> Confection\t\t\t\t\t<\/li>\n<li class=\"product-features__item-list__item\" role=\"listitem\"><span class=\"is--medium\">Plaque \u00e0 aiguille gradu\u00e9e :<\/span> Oui\t\t\t\t\t<\/li>\n<li class=\"product-features__item-list__item\" role=\"listitem\"><span class=\"is--medium\">Porte bobine :<\/span> non concern\u00e9\t\t\t\t\t<\/li>\n<li class=\"product-features__item-list__item\" role=\"listitem\"><span class=\"is--medium\">Porte canette m\u00e9tallique :<\/span> Non\t\t\t\t\t<\/li>\n<li class=\"product-features__item-list__item\" role=\"listitem\"><span class=\"is--medium\">Couleur :<\/span> Blanc\t\t\t\t\t<\/li>\n<li class=\"product-features__item-list__item\" role=\"listitem\"><span class=\"is--medium\">Griffe d&rsquo;entrainement :<\/span> non concern\u00e9\t\t\t\t\t<\/li>\n<\/ul>\n<\/li>\n<li class=\"product-features__item\" role=\"listitem\">\n<h3 class=\"product-features__label\">R\u00e9glages<\/h3>\n<ul role=\"list\">\n<li class=\"product-features__item-list__item\" role=\"listitem\"><span class=\"is--medium\">Largeur du point :<\/span> non\t\t\t\t\t<\/li>\n<li class=\"product-features__item-list__item\" role=\"listitem\"><span class=\"is--medium\">Largeur des points :<\/span> non communiqu\u00e9\t\t\t\t\t<\/li>\n<li class=\"product-features__item-list__item\" role=\"listitem\"><span class=\"is--medium\">Longueur du point :<\/span> non\t\t\t\t\t<\/li>\n<li class=\"product-features__item-list__item\" role=\"listitem\"><span class=\"is--medium\">Longueur des points :<\/span> non communiqu\u00e9\t\t\t\t\t<\/li>\n<li class=\"product-features__item-list__item\" role=\"listitem\"><span class=\"is--medium\">Tension du fil :<\/span> non communiqu\u00e9\t\t\t\t\t<\/li>\n<li class=\"product-features__item-list__item\" role=\"listitem\"><span class=\"is--medium\">Pression du pied de biche :<\/span> non\t\t\t\t\t<\/li>\n<li class=\"product-features__item-list__item\" role=\"listitem\"><span class=\"is--medium\">Hauteur du pied de biche :<\/span> Non\t\t\t\t\t<\/li>\n<li class=\"product-features__item-list__item\" role=\"listitem\"><span class=\"is--medium\">Le saviez-vous :<\/span> situ\u00e9 sous l&rsquo;aiguille, le pied de biche (ou pied presseur) sert \u00e0 plaquer le tissu contre la plaque \u00e0 aiguilles et les griffes d&rsquo;entrainement. Il existe differents mod\u00e8les comme le pied universel pour la couture de base ou encore le pied pour boutonniere\t\t\t\t\t<\/li>\n<\/ul>\n<\/li>\n<li class=\"product-features__item\" role=\"listitem\">\n<h3 class=\"product-features__label\">Programmes<\/h3>\n<ul role=\"list\">\n<li class=\"product-features__item-list__item\" role=\"listitem\"><span class=\"is--medium\">Boutonni\u00e8re :<\/span> sans boutonni\u00e8re\t\t\t\t\t<\/li>\n<li class=\"product-features__item-list__item\" role=\"listitem\"><span class=\"is--medium\">Points utilitaires :<\/span> Oui\t\t\t\t\t<\/li>\n<li class=\"product-features__item-list__item\" role=\"listitem\"><span class=\"is--medium\">Points d\u00e9coratifs :<\/span> Oui\t\t\t\t\t<\/li>\n<li class=\"product-features__item-list__item\" role=\"listitem\"><span class=\"is--medium\">Points extensibles :<\/span> Non\t\t\t\t\t<\/li>\n<\/ul>\n<\/li>\n<li class=\"product-features__item\" role=\"listitem\">\n<h3 class=\"product-features__label\">Fonctions sp\u00e9cifiques<\/h3>\n<ul role=\"list\">\n<li class=\"product-features__item-list__item\" role=\"listitem\"><span class=\"is--medium\">Fonction marche arri\u00e8re :<\/span> Oui\t\t\t\t\t<\/li>\n<li class=\"product-features__item-list__item\" role=\"listitem\"><span class=\"is--medium\">Fonction couture des boutons :<\/span> Oui\t\t\t\t\t<\/li>\n<\/ul>\n<\/li>\n<li class=\"product-features__item\" role=\"listitem\">\n<h3 class=\"product-features__label\">Transport et rangement<\/h3>\n<ul role=\"list\">\n<li class=\"product-features__item-list__item\" role=\"listitem\"><span class=\"is--medium\">Poign\u00e9e de transport :<\/span> Oui\t\t\t\t\t<\/li>\n<li class=\"product-features__item-list__item\" role=\"listitem\"><span class=\"is--medium\">Bo\u00eete d&rsquo;accessoires int\u00e9gr\u00e9e :<\/span> Oui\t\t\t\t\t<\/li>\n<li class=\"product-features__item-list__item\" role=\"listitem\"><span class=\"is--medium\">Housse ou valise rigide pour le rangement et transport :<\/span> Non\t\t\t\t\t<\/li>\n<\/ul>\n<\/li>\n<li class=\"product-features__item\" role=\"listitem\">\n<h3 class=\"product-features__label\">Informations et Services<\/h3>\n<ul role=\"list\">\n<li class=\"product-features__item-list__item\" role=\"listitem\"><span class=\"is--medium\">Fabriqu\u00e9 en :<\/span> Chine\t\t\t\t\t<\/li>\n<li class=\"product-features__item-list__item\" role=\"listitem\"><span class=\"is--medium\">Disponibilit\u00e9 des pi\u00e8ces d\u00e9tach\u00e9es (donn\u00e9es fournisseur) :<\/span> Non communiqu\u00e9e\t\t\t\t\t<\/li>\n<li class=\"product-features__item-list__item\" role=\"listitem\"><span class=\"is--medium\">R\u00e9f\u00e9rence constructeur :<\/span> EXCELLENCE 710\t\t\t\t\t<\/li>\n<li class=\"product-features__item-list__item\" role=\"listitem\"><span class=\"is--medium\">Marque :<\/span> ELNA\t\t\t\t\t<\/li>\n<\/ul>\n<\/li>\n<li class=\"product-features__item\" role=\"listitem\">\n<h3 class=\"product-features__label\">Dimensions<\/h3>\n<ul role=\"list\">\n<li class=\"product-features__item-list__item\" role=\"listitem\"><span class=\"is--medium\">Poids Net (kg) :<\/span> 17,0 kg\t\t\t\t\t<\/li>\n<\/ul>\n<\/li>\n<\/ul>\n<\/div>\n<div class=\"product__disclosure-content\">\n<div class=\"js-read-more product-description__content read-more read-more--truncated\" data-read-more-name=\"description\" style=\"max-height: 500px; overflow: hidden;\">\n<p>ELNA eXcellence 710 &#8211; Garantie 5 ans Avec la machine \u00e0 coudre elna eXcellence 710, vous b\u00e9n\u00e9ficiez d&rsquo;un important espace de couture, d&rsquo;une multitude de fonctions utiles et de caract\u00e9ristiques impressionnantes. La machine \u00e0 coudre elna eXcellence 710 est \u00e9quip\u00e9e d&rsquo;un syst\u00e8me de double transport, qui d\u00e9place votre tissu dessus et dessous uniform\u00e9ment et en m\u00eame temps depuis le dessus et depuis le dessous avec une pr\u00e9cision \u00e9tonnante. Il guide les couches multiples en parfaite synchronisation et permet une correspondance pr\u00e9cise des coutures, des rayures et des motifs comme les carreaux. Le pied amovible Dual Feed large est un accessoire standard. D&rsquo;autres pieds Dual Feed sont disponibles en option, comme les pieds Dual Feed Plus \u00e9troits. Ce mod\u00e8le est livr\u00e9 avec un g\u00e9n\u00e9reux kit d&rsquo;accessoires standard : ainsi vous disposez toujours du bon outil pour un large \u00e9ventail de techniques de couture et de m\u00e9thodes de quilting. Caract\u00e9ristiques : Design \u00e0 base plane (sans bras libre) Espace de couture 280 x 120 mm Bras libre (150 mm) \u00c9cran d&rsquo;affichage LCD (L 68 x H 25.5 mm) Panneau de contr\u00f4le tactile (L 78.2 x H 104.9 mm) Crochet rotatif horizontal avec couvercle de canette transparent Enfilage de canette guid\u00e9 et facilit\u00e9 avec coupe-fil Bobineur \u00e0 d\u00e9brayage automatique avec coupes-fil int\u00e9gr\u00e9s Tige porte-bobine horizontale Tige porte-bobine suppl\u00e9mentaire Enfile-aiguille int\u00e9gr\u00e9 7 griffes de transport r\u00e9tractables D\u00e9tecteur de griffe de transport Syst\u00e8me double transport amovible Dual Feed avec pied-de-biche large inclus (pied \u00e9troit Plus en option) R\u00e9glage de la tension du fil semi-automatique R\u00e9glage de la pression du pied-de-biche manuel Position extra-haute du pied-de-biche manuelle Pied-de-biche clipsable pour changement facilit\u00e9 Plaque aiguille avec convertisseur en un clic Genouill\u00e8re r\u00e9glable 5 LED blanches dispos\u00e9es \u00e0 3 endroits R\u00e9glage du d\u00e9lai de mise hors tension automatique 3 rangements pour accessoires int\u00e9gr\u00e9s Tableau de r\u00e9f\u00e9rence des points dans le couvercle sup\u00e9rieur Poign\u00e9e de transport Dimensions L 519 \u00d7 H 316 \u00d7 P 230 mm Poids 12.2 kg C\u00f4t\u00e9 couture : Largeur de point r\u00e9glable jusqu&rsquo;\u00e0 9 mm Longueur de point r\u00e9glable jusqu&rsquo;\u00e0 5 mm 170 motifs de point 11 boutonni\u00e8res automatiques en une \u00e9tape Alphabet Lettres capitales en 9 mm de hauteur Combinaisons de points comprenant jusqu&rsquo;\u00e0 50 points M\u00e9moire temporaire Reprise d&rsquo;une combinaison de points depuis le d\u00e9but Points en image miroir Couture avec aiguille jumel\u00e9e Vitesse de couture r\u00e9glable jusqu&rsquo;\u00e0 1000 points par minute 91 positions de d\u00e9centrage de l&rsquo;aiguille Syst\u00e8me double entrainement Machine tr\u00e8s bien \u00e9quip\u00e9e Pr\u00e9cise et cr\u00e9ative Pour les couturi\u00e8res passionn\u00e9es \u00a0 Accessoires et pieds inclus Plaque aiguille pour point droit Genouill\u00e8re Guide de matelassage Canettes D\u00e9coud-vite Assortiment d&rsquo;aiguilles Pinceau de nettoyage Disques fixe-bobine (petits, grands et sp\u00e9ciaux) Supports pour bobine Feutre Tige porte bobine suppl\u00e9mentaire Tournevis Stylet pour \u00e9cran tactile P\u00e9dale Pieds standard A Pieds ourlet roul\u00e9 D Pieds fermeture \u00e9clair E Pieds satin F Pieds satin \u00e0 fourche ouverte F2 Pieds Ourlet invisible G Pieds patchwork \u00bc\u201d O Pieds overlock M Pieds repriser \u00e0 fourche ferm\u00e9e PD-H Kit avec pied convertible de quilting en piqu\u00e9 libre QB-S avec 3 semelles (\u00e0 fourche ferm\u00e9e, \u00e0 fourche ouverte et transparent) Pied pour boutonni\u00e8re automatique R avec plaque stabilisatrice Pied pour pose de bouton T Pied \u00e0 double entra\u00eenement Dual Feed large AD Retrouvez tous les accessoires compatibles avec cette machine en cliquant ici \u00c9galement inclus : housse de protection semi-rigide Assistance t\u00e9l\u00e9phonique, pi\u00e8ces, main-d&rsquo;\u0153uvre, frais de transport &#8211; aller\/retour &#8211; uniquement pour la France m\u00e9tropolitaine (dont la Corse), la Belgique et le Luxembourg<\/p>\n<\/div>\n<p><bl-button a11yexpanded=\"false\" arialabel=\"Afficher toute la description\" class=\"read-more__btn\" full=\"false\" link=\"true\">Voir plus<\/bl-button><\/div>","protected":false},"excerpt":{"rendered":"<div class=\"keypoints\">\n<h3 class=\"keypoints__title\">Les points cl\u00e9s<\/h3>\n<ul role=\"list\">\n<li class=\"keypoints__item\" role=\"listitem\">                                        Machine \u00e0 coudre \u00e9lectronique                      <\/li>\n<li class=\"keypoints__item\" role=\"listitem\">                                        Longueur du point : non                      <\/li>\n<\/ul>","protected":false},"featured_media":80837,"template":"","meta":{"_glsr_average":0,"_glsr_ranking":0,"_glsr_reviews":0},"product_cat":[436],"product_tag":[437,438,153],"class_list":{"0":"post-80838","1":"product","2":"type-product","3":"status-publish","4":"has-post-thumbnail","6":"product_cat-machine-a-coudre","7":"product_tag-couture","8":"product_tag-machine-a-coudre","9":"product_tag-maison-entretien","11":"first","12":"instock","13":"sale","14":"shipping-taxable","15":"purchasable","16":"product-type-simple"},"_links":{"self":[{"href":"https:\/\/electromenagerexpress.com\/en\/wp-json\/wp\/v2\/product\/80838","targetHints":{"allow":["GET"]}}],"collection":[{"href":"https:\/\/electromenagerexpress.com\/en\/wp-json\/wp\/v2\/product"}],"about":[{"href":"https:\/\/electromenagerexpress.com\/en\/wp-json\/wp\/v2\/types\/product"}],"wp:featuredmedia":[{"embeddable":true,"href":"https:\/\/electromenagerexpress.com\/en\/wp-json\/wp\/v2\/media\/80837"}],"wp:attachment":[{"href":"https:\/\/electromenagerexpress.com\/en\/wp-json\/wp\/v2\/media?parent=80838"}],"wp:term":[{"taxonomy":"product_cat","embeddable":true,"href":"https:\/\/electromenagerexpress.com\/en\/wp-json\/wp\/v2\/product_cat?post=80838"},{"taxonomy":"product_tag","embeddable":true,"href":"https:\/\/electromenagerexpress.com\/en\/wp-json\/wp\/v2\/product_tag?post=80838"}],"curies":[{"name":"wp","href":"https:\/\/api.w.org\/{rel}","templated":true}]}}