{"id":80829,"date":"2024-11-24T15:11:03","date_gmt":"2024-11-24T15:11:03","guid":{"rendered":"https:\/\/electromenagerexpress.com\/product\/machine-a-coudrebernina540\/"},"modified":"2024-11-24T15:11:03","modified_gmt":"2024-11-24T15:11:03","slug":"machine-a-coudrebernina540","status":"publish","type":"product","link":"https:\/\/electromenagerexpress.com\/en\/product\/machine-a-coudrebernina540\/","title":{"rendered":"Machine \u00e0 coudre\t\t\t\t\t\t\tBERNINA\t\t\t\t540"},"content":{"rendered":"<div class=\"product-features__content\">\n<ul role=\"list\">\n<li class=\"product-features__item\" role=\"listitem\">\n<h3 class=\"product-features__label\">Caract\u00e9ristiques g\u00e9n\u00e9rales<\/h3>\n<ul role=\"list\">\n<li class=\"product-features__item-list__item\" role=\"listitem\"><span class=\"is--medium\">Machine :<\/span> Machine \u00e0 coudre \u00e9lectronique\t\t\t\t\t<\/li>\n<li class=\"product-features__item-list__item\" role=\"listitem\"><span class=\"is--medium\">Cat\u00e9gorie :<\/span> Confection\t\t\t\t\t<\/li>\n<li class=\"product-features__item-list__item\" role=\"listitem\"><span class=\"is--medium\">Plaque \u00e0 aiguille gradu\u00e9e :<\/span> Oui\t\t\t\t\t<\/li>\n<li class=\"product-features__item-list__item\" role=\"listitem\"><span class=\"is--medium\">Porte bobine :<\/span> non concern\u00e9\t\t\t\t\t<\/li>\n<li class=\"product-features__item-list__item\" role=\"listitem\"><span class=\"is--medium\">Porte canette m\u00e9tallique :<\/span> Non\t\t\t\t\t<\/li>\n<li class=\"product-features__item-list__item\" role=\"listitem\"><span class=\"is--medium\">Couleur :<\/span> Blanc\t\t\t\t\t<\/li>\n<li class=\"product-features__item-list__item\" role=\"listitem\"><span class=\"is--medium\">Griffe d&rsquo;entrainement :<\/span> non concern\u00e9\t\t\t\t\t<\/li>\n<\/ul>\n<\/li>\n<li class=\"product-features__item\" role=\"listitem\">\n<h3 class=\"product-features__label\">R\u00e9glages<\/h3>\n<ul role=\"list\">\n<li class=\"product-features__item-list__item\" role=\"listitem\"><span class=\"is--medium\">Largeur du point :<\/span> non\t\t\t\t\t<\/li>\n<li class=\"product-features__item-list__item\" role=\"listitem\"><span class=\"is--medium\">Largeur des points :<\/span> non communiqu\u00e9\t\t\t\t\t<\/li>\n<li class=\"product-features__item-list__item\" role=\"listitem\"><span class=\"is--medium\">Longueur du point :<\/span> non\t\t\t\t\t<\/li>\n<li class=\"product-features__item-list__item\" role=\"listitem\"><span class=\"is--medium\">Longueur des points :<\/span> non communiqu\u00e9\t\t\t\t\t<\/li>\n<li class=\"product-features__item-list__item\" role=\"listitem\"><span class=\"is--medium\">Tension du fil :<\/span> non communiqu\u00e9\t\t\t\t\t<\/li>\n<li class=\"product-features__item-list__item\" role=\"listitem\"><span class=\"is--medium\">Pression du pied de biche :<\/span> non\t\t\t\t\t<\/li>\n<li class=\"product-features__item-list__item\" role=\"listitem\"><span class=\"is--medium\">Hauteur du pied de biche :<\/span> Non\t\t\t\t\t<\/li>\n<li class=\"product-features__item-list__item\" role=\"listitem\"><span class=\"is--medium\">Le saviez-vous :<\/span> situ\u00e9 sous l&rsquo;aiguille, le pied de biche (ou pied presseur) sert \u00e0 plaquer le tissu contre la plaque \u00e0 aiguilles et les griffes d&rsquo;entrainement. Il existe differents mod\u00e8les comme le pied universel pour la couture de base ou encore le pied pour boutonniere\t\t\t\t\t<\/li>\n<\/ul>\n<\/li>\n<li class=\"product-features__item\" role=\"listitem\">\n<h3 class=\"product-features__label\">Programmes<\/h3>\n<ul role=\"list\">\n<li class=\"product-features__item-list__item\" role=\"listitem\"><span class=\"is--medium\">Boutonni\u00e8re :<\/span> sans boutonni\u00e8re\t\t\t\t\t<\/li>\n<li class=\"product-features__item-list__item\" role=\"listitem\"><span class=\"is--medium\">Points utilitaires :<\/span> Oui\t\t\t\t\t<\/li>\n<li class=\"product-features__item-list__item\" role=\"listitem\"><span class=\"is--medium\">Points d\u00e9coratifs :<\/span> Oui\t\t\t\t\t<\/li>\n<li class=\"product-features__item-list__item\" role=\"listitem\"><span class=\"is--medium\">Points extensibles :<\/span> Non\t\t\t\t\t<\/li>\n<\/ul>\n<\/li>\n<li class=\"product-features__item\" role=\"listitem\">\n<h3 class=\"product-features__label\">Fonctions sp\u00e9cifiques<\/h3>\n<ul role=\"list\">\n<li class=\"product-features__item-list__item\" role=\"listitem\"><span class=\"is--medium\">Fonction marche arri\u00e8re :<\/span> Oui\t\t\t\t\t<\/li>\n<li class=\"product-features__item-list__item\" role=\"listitem\"><span class=\"is--medium\">Fonction couture des boutons :<\/span> Oui\t\t\t\t\t<\/li>\n<\/ul>\n<\/li>\n<li class=\"product-features__item\" role=\"listitem\">\n<h3 class=\"product-features__label\">Transport et rangement<\/h3>\n<ul role=\"list\">\n<li class=\"product-features__item-list__item\" role=\"listitem\"><span class=\"is--medium\">Poign\u00e9e de transport :<\/span> Oui\t\t\t\t\t<\/li>\n<li class=\"product-features__item-list__item\" role=\"listitem\"><span class=\"is--medium\">Bo\u00eete d&rsquo;accessoires int\u00e9gr\u00e9e :<\/span> Oui\t\t\t\t\t<\/li>\n<li class=\"product-features__item-list__item\" role=\"listitem\"><span class=\"is--medium\">Housse ou valise rigide pour le rangement et transport :<\/span> Non\t\t\t\t\t<\/li>\n<\/ul>\n<\/li>\n<li class=\"product-features__item\" role=\"listitem\">\n<h3 class=\"product-features__label\">Informations et Services<\/h3>\n<ul role=\"list\">\n<li class=\"product-features__item-list__item\" role=\"listitem\"><span class=\"is--medium\">Fabriqu\u00e9 en :<\/span> Chine\t\t\t\t\t<\/li>\n<li class=\"product-features__item-list__item\" role=\"listitem\"><span class=\"is--medium\">Disponibilit\u00e9 des pi\u00e8ces d\u00e9tach\u00e9es (donn\u00e9es fournisseur) :<\/span> Non communiqu\u00e9e\t\t\t\t\t<\/li>\n<li class=\"product-features__item-list__item\" role=\"listitem\"><span class=\"is--medium\">R\u00e9f\u00e9rence constructeur :<\/span> 540\t\t\t\t\t<\/li>\n<li class=\"product-features__item-list__item\" role=\"listitem\"><span class=\"is--medium\">Marque :<\/span> BERNINA\t\t\t\t\t<\/li>\n<\/ul>\n<\/li>\n<li class=\"product-features__item\" role=\"listitem\">\n<h3 class=\"product-features__label\">Dimensions<\/h3>\n<ul role=\"list\">\n<li class=\"product-features__item-list__item\" role=\"listitem\"><span class=\"is--medium\">Poids Net (kg) :<\/span> 19,0 kg\t\t\t\t\t<\/li>\n<\/ul>\n<\/li>\n<\/ul>\n<\/div>\n<div class=\"product__disclosure-content\">\n<div class=\"js-read-more product-description__content\" data-read-more-name=\"description\" style=\"max-height: 500px; overflow: hidden;\">\n<p>Machine \u00e0 coudre BERNINA B540 &#8211; Garantie 5 ans La machine \u00e0 coudre Bernina B540 b\u00e9n\u00e9ficie de l&rsquo;excellente technologie d\u00e9velopp\u00e9e par Bernina. Son large espace de travail (215 mm), ses 9 mm de largeur de point, son coupe fils et sa vitesse de 1000 points par minute donneront pleine satisfaction \u00e0 toutes les couturi\u00e8res exigeantes qui recherchent une machine \u00e0 coudre puissante avec un point de couture aussi pr\u00e9cis qu&rsquo;une montre suisse. Notice en fran\u00e7ais. \u00a0 Caract\u00e9ristiques : Syst\u00e8me de crochet : BERNINA Hook Vitesse de couture maximale : 1000 points \/ minute Longueur du bras libre \u00e0 droite de l&rsquo;aiguille : 215 mm \u00c9cran couleur tactile : 10 cm \u00c9clairage : 12 LED 1048 points (alphabet inclus) dont: 30 de point utilitaires 14 boutonni\u00e8res 300 points d\u00e9coratifs 44 points de quilt 31 points de croix 5 alphabets \u00e0 coudre Largeur maximale des points : 9 mm Longueur maximale des points : 6 mm Positions d&rsquo;aiguille : 11 2 supports pour bobines Enfilage automatique Coupe-fil automatique M\u00e9moire (\u00e0 court et long terme) Fonctionnalit\u00e9 BSR r\u00e9gulateur de point pour le quilting : le pied 42 BSR est utilisable avec La B 540. Touche marche\/arr\u00eat R\u00e9gulateur de vitesse Surveillance du fil sup\u00e9rieur Interface USB pour connexion au PC Commande au pied BERNINA avec contr\u00f4le additionnel au talon Embobinage pendant la couture Crochet B9 Bernina Pr\u00e9cision de couture Grand \u00e9cran couleur tactile Coupe fils automatique \u00a0Puissance et pr\u00e9cision de la couture Large espace de couture \u00a0 Accessoires et pieds inclus Table rallonge pour le bras libre Syst\u00e8me mains libres FHS \/ levier de pied Pied pour points en marche arri\u00e8re #1C Pied pour surjet #2A Pied tra\u00eeneau pour boutonni\u00e8re #3A Pied pour fermeture \u00e0 glissi\u00e8re #4D Pied ouvert pour borderie #20C Retrouvez tous les accessoires compatibles avec cette machine en cliquant ici \u00c9galement inclus : Table rallonge, syst\u00e8me main libre, stylet, housse de protection, boite de accessoires magn\u00e9tique, notice en Fran\u00e7ais.\u00a0 Assistance t\u00e9l\u00e9phonique, pi\u00e8ces, main-d&rsquo;\u0153uvre, frais de transport &#8211; aller\/retour &#8211; uniquement pour la France m\u00e9tropolitaine (dont la Corse), la Belgique et le Luxembourg<\/p>\n<\/div>\n<\/div>","protected":false},"excerpt":{"rendered":"<div class=\"keypoints\">\n<h3 class=\"keypoints__title\">Les points cl\u00e9s<\/h3>\n<ul role=\"list\">\n<li class=\"keypoints__item\" role=\"listitem\">                                        Machine \u00e0 coudre \u00e9lectronique                      <\/li>\n<li class=\"keypoints__item\" role=\"listitem\">                                        Longueur du point : non                      <\/li>\n<\/ul>","protected":false},"featured_media":80828,"template":"","meta":{"_glsr_average":0,"_glsr_ranking":0,"_glsr_reviews":0},"product_cat":[436],"product_tag":[437,438,153],"class_list":{"0":"post-80829","1":"product","2":"type-product","3":"status-publish","4":"has-post-thumbnail","6":"product_cat-machine-a-coudre","7":"product_tag-couture","8":"product_tag-machine-a-coudre","9":"product_tag-maison-entretien","11":"first","12":"instock","13":"sale","14":"shipping-taxable","15":"purchasable","16":"product-type-simple"},"_links":{"self":[{"href":"https:\/\/electromenagerexpress.com\/en\/wp-json\/wp\/v2\/product\/80829","targetHints":{"allow":["GET"]}}],"collection":[{"href":"https:\/\/electromenagerexpress.com\/en\/wp-json\/wp\/v2\/product"}],"about":[{"href":"https:\/\/electromenagerexpress.com\/en\/wp-json\/wp\/v2\/types\/product"}],"wp:featuredmedia":[{"embeddable":true,"href":"https:\/\/electromenagerexpress.com\/en\/wp-json\/wp\/v2\/media\/80828"}],"wp:attachment":[{"href":"https:\/\/electromenagerexpress.com\/en\/wp-json\/wp\/v2\/media?parent=80829"}],"wp:term":[{"taxonomy":"product_cat","embeddable":true,"href":"https:\/\/electromenagerexpress.com\/en\/wp-json\/wp\/v2\/product_cat?post=80829"},{"taxonomy":"product_tag","embeddable":true,"href":"https:\/\/electromenagerexpress.com\/en\/wp-json\/wp\/v2\/product_tag?post=80829"}],"curies":[{"name":"wp","href":"https:\/\/api.w.org\/{rel}","templated":true}]}}