{"id":80819,"date":"2024-11-24T15:10:53","date_gmt":"2024-11-24T15:10:53","guid":{"rendered":"https:\/\/electromenagerexpress.com\/product\/machine-a-coudrepfaffquilt-expression-720-edition-speciale\/"},"modified":"2024-11-24T15:10:53","modified_gmt":"2024-11-24T15:10:53","slug":"machine-a-coudrepfaffquilt-expression-720-edition-speciale","status":"publish","type":"product","link":"https:\/\/electromenagerexpress.com\/en\/product\/machine-a-coudrepfaffquilt-expression-720-edition-speciale\/","title":{"rendered":"Machine \u00e0 coudre\t\t\t\t\t\t\tPFAFF\t\t\t\tQUILT EXPRESSION 720 EDITION SP\u00c9CIALE"},"content":{"rendered":"<div class=\"product-features__content\">\n<ul role=\"list\">\n<li class=\"product-features__item\" role=\"listitem\">\n<h3 class=\"product-features__label\">Caract\u00e9ristiques g\u00e9n\u00e9rales<\/h3>\n<ul role=\"list\">\n<li class=\"product-features__item-list__item\" role=\"listitem\"><span class=\"is--medium\">Machine :<\/span> Machine \u00e0 coudre \u00e9lectronique\t\t\t\t\t<\/li>\n<li class=\"product-features__item-list__item\" role=\"listitem\"><span class=\"is--medium\">Cat\u00e9gorie :<\/span> Confection\t\t\t\t\t<\/li>\n<li class=\"product-features__item-list__item\" role=\"listitem\"><span class=\"is--medium\">Plaque \u00e0 aiguille gradu\u00e9e :<\/span> Oui\t\t\t\t\t<\/li>\n<li class=\"product-features__item-list__item\" role=\"listitem\"><span class=\"is--medium\">Porte bobine :<\/span> non concern\u00e9\t\t\t\t\t<\/li>\n<li class=\"product-features__item-list__item\" role=\"listitem\"><span class=\"is--medium\">Porte canette m\u00e9tallique :<\/span> Non\t\t\t\t\t<\/li>\n<li class=\"product-features__item-list__item\" role=\"listitem\"><span class=\"is--medium\">Couleur :<\/span> Blanc\t\t\t\t\t<\/li>\n<li class=\"product-features__item-list__item\" role=\"listitem\"><span class=\"is--medium\">Griffe d&rsquo;entrainement :<\/span> non concern\u00e9\t\t\t\t\t<\/li>\n<\/ul>\n<\/li>\n<li class=\"product-features__item\" role=\"listitem\">\n<h3 class=\"product-features__label\">R\u00e9glages<\/h3>\n<ul role=\"list\">\n<li class=\"product-features__item-list__item\" role=\"listitem\"><span class=\"is--medium\">Largeur du point :<\/span> non\t\t\t\t\t<\/li>\n<li class=\"product-features__item-list__item\" role=\"listitem\"><span class=\"is--medium\">Largeur des points :<\/span> non communiqu\u00e9\t\t\t\t\t<\/li>\n<li class=\"product-features__item-list__item\" role=\"listitem\"><span class=\"is--medium\">Longueur du point :<\/span> non\t\t\t\t\t<\/li>\n<li class=\"product-features__item-list__item\" role=\"listitem\"><span class=\"is--medium\">Longueur des points :<\/span> non communiqu\u00e9\t\t\t\t\t<\/li>\n<li class=\"product-features__item-list__item\" role=\"listitem\"><span class=\"is--medium\">Tension du fil :<\/span> non communiqu\u00e9\t\t\t\t\t<\/li>\n<li class=\"product-features__item-list__item\" role=\"listitem\"><span class=\"is--medium\">Pression du pied de biche :<\/span> non\t\t\t\t\t<\/li>\n<li class=\"product-features__item-list__item\" role=\"listitem\"><span class=\"is--medium\">Hauteur du pied de biche :<\/span> Non\t\t\t\t\t<\/li>\n<li class=\"product-features__item-list__item\" role=\"listitem\"><span class=\"is--medium\">Le saviez-vous :<\/span> situ\u00e9 sous l&rsquo;aiguille, le pied de biche (ou pied presseur) sert \u00e0 plaquer le tissu contre la plaque \u00e0 aiguilles et les griffes d&rsquo;entrainement. Il existe differents mod\u00e8les comme le pied universel pour la couture de base ou encore le pied pour boutonniere\t\t\t\t\t<\/li>\n<\/ul>\n<\/li>\n<li class=\"product-features__item\" role=\"listitem\">\n<h3 class=\"product-features__label\">Programmes<\/h3>\n<ul role=\"list\">\n<li class=\"product-features__item-list__item\" role=\"listitem\"><span class=\"is--medium\">Boutonni\u00e8re :<\/span> sans boutonni\u00e8re\t\t\t\t\t<\/li>\n<li class=\"product-features__item-list__item\" role=\"listitem\"><span class=\"is--medium\">Points utilitaires :<\/span> Oui\t\t\t\t\t<\/li>\n<li class=\"product-features__item-list__item\" role=\"listitem\"><span class=\"is--medium\">Points d\u00e9coratifs :<\/span> Oui\t\t\t\t\t<\/li>\n<li class=\"product-features__item-list__item\" role=\"listitem\"><span class=\"is--medium\">Points extensibles :<\/span> Non\t\t\t\t\t<\/li>\n<\/ul>\n<\/li>\n<li class=\"product-features__item\" role=\"listitem\">\n<h3 class=\"product-features__label\">Fonctions sp\u00e9cifiques<\/h3>\n<ul role=\"list\">\n<li class=\"product-features__item-list__item\" role=\"listitem\"><span class=\"is--medium\">Fonction marche arri\u00e8re :<\/span> Oui\t\t\t\t\t<\/li>\n<li class=\"product-features__item-list__item\" role=\"listitem\"><span class=\"is--medium\">Fonction couture des boutons :<\/span> Oui\t\t\t\t\t<\/li>\n<\/ul>\n<\/li>\n<li class=\"product-features__item\" role=\"listitem\">\n<h3 class=\"product-features__label\">Transport et rangement<\/h3>\n<ul role=\"list\">\n<li class=\"product-features__item-list__item\" role=\"listitem\"><span class=\"is--medium\">Poign\u00e9e de transport :<\/span> Oui\t\t\t\t\t<\/li>\n<li class=\"product-features__item-list__item\" role=\"listitem\"><span class=\"is--medium\">Bo\u00eete d&rsquo;accessoires int\u00e9gr\u00e9e :<\/span> Oui\t\t\t\t\t<\/li>\n<li class=\"product-features__item-list__item\" role=\"listitem\"><span class=\"is--medium\">Housse ou valise rigide pour le rangement et transport :<\/span> Non\t\t\t\t\t<\/li>\n<\/ul>\n<\/li>\n<li class=\"product-features__item\" role=\"listitem\">\n<h3 class=\"product-features__label\">Informations et Services<\/h3>\n<ul role=\"list\">\n<li class=\"product-features__item-list__item\" role=\"listitem\"><span class=\"is--medium\">Fabriqu\u00e9 en :<\/span> Chine\t\t\t\t\t<\/li>\n<li class=\"product-features__item-list__item\" role=\"listitem\"><span class=\"is--medium\">Disponibilit\u00e9 des pi\u00e8ces d\u00e9tach\u00e9es (donn\u00e9es fournisseur) :<\/span> Non communiqu\u00e9e\t\t\t\t\t<\/li>\n<li class=\"product-features__item-list__item\" role=\"listitem\"><span class=\"is--medium\">R\u00e9f\u00e9rence constructeur :<\/span> QUILT EXPRESSION 720 EDITION SP\u00c9CIALE\t\t\t\t\t<\/li>\n<li class=\"product-features__item-list__item\" role=\"listitem\"><span class=\"is--medium\">Marque :<\/span> PFAFF\t\t\t\t\t<\/li>\n<\/ul>\n<\/li>\n<li class=\"product-features__item\" role=\"listitem\">\n<h3 class=\"product-features__label\">Dimensions<\/h3>\n<ul role=\"list\">\n<li class=\"product-features__item-list__item\" role=\"listitem\"><span class=\"is--medium\">Poids Net (kg) :<\/span> 17,0 kg\t\t\t\t\t<\/li>\n<\/ul>\n<\/li>\n<\/ul>\n<\/div>\n<div class=\"product__disclosure-content\">\n<div class=\"js-read-more product-description__content read-more read-more--truncated\" data-read-more-name=\"description\" style=\"max-height: 500px; overflow: hidden;\">\n<p>Machine \u00e0 coudre PFAFF Quilt Expression 720 &#8211; Edition sp\u00e9ciale &#8211; Garantie 5 ans Cette machine \u00e0 coudre PFAFF Quilt Expression 720 est une machine d&rsquo;un design tr\u00e8s \u00e9l\u00e9gant et d&rsquo;une performance incroyable. Cette machine \u00e0 coudre conjugue \u00e0 merveille un c\u00f4t\u00e9 traditionnel (double entrainement Pfaff IDT) et les derni\u00e8res technologies (pied de biche automatique, menu personnel&#8230;.). Cette machine enchantera toutes les couturi\u00e8res et quilteuses qui d\u00e9sirent avoir une machine performante, puissante et pr\u00e9cise, avec un design hors du commun. \u00a0 NOUVEAU ! Cette \u00e9dition sp\u00e9ciale de la Pfaff Expression 720 comprend un nouveau design gris clair, une housse de protection souple, et 5 pieds bonus : pied \u00e0 bord \u00e9troit pour syst\u00e8me IDT, pied pour fermeture \u00e0 glissi\u00e8re invisible, pied pour passepoil, pied pour tressage pour syst\u00e8me IDT, pied pour appliqu\u00e9 ouvert pour syst\u00e8me IDT. Caract\u00e9ristiques de la machine: Plaque de l&rsquo;aiguille pour point droit avec capteur S\u00e9quence des points Enfileur d&rsquo;aiguille int\u00e9gr\u00e9 Espace de travail \u00e9clair\u00e9 par LED Capteur de fil de canette Genouill\u00e8re \u00e9lectronique Curseur de la vitesse Crochet rotatif antiblocage Bobinage de la canette de l&rsquo;aiguille Porte-stylet int\u00e9gr\u00e9 R\u00e8gle en pouce\/cm sur la plaque de base Programmes de couture CREATIVE SIGNATURE\u2122: Tapering sur tous les points d\u00e9coratifs de 9 mm Positionnement de point Inversion de points en miroir Programme de patchwork Densit\u00e9 de point Programme d&rsquo;aiguille double Programme de point individuel Fonctions de couture: Tension du fil automatiquement r\u00e9gl\u00e9 Nombre de points: + de 400 Points Maxi jusqu&rsquo;a 52 mm Modes de mouvement libre Lev\u00e9e automatique du pied-de-biche Boutonni\u00e8re Sensormatic 37 positions de l&rsquo;aiguille 4 polices de point int\u00e9gr\u00e9es Menu personnel : la fonction m\u00e9moire vous permet d&rsquo;enregistrer points et s\u00e9quences de points Syst\u00e8me d&rsquo;aide rapide Soul\u00e8vement suppl\u00e9mentaire du pied-de-biche Aiguille en haut\/bas Coupures de fil Bouton Marche\/Arr\u00eat Red\u00e9marrage du point Point d&rsquo;arr\u00eat imm\u00e9diat Le syst\u00e8me original IDT\u2122 : Original depuis 1968, l&rsquo;entra\u00eenement double int\u00e9gr\u00e9 PFAFF\u00ae entra\u00eene pr\u00e9cis\u00e9ment tous les types de tissu du haut et du bas pour une couture parfaite \u00e0 chaque fois. \u00c9cran couleur tactile PFAFF\u00ae : Obtenez toutes les informations de couture dont vous avez besoin directement sur le magnifique \u00e9cran tactile en couleur qui mesure 70 mm x 53 mm (3.5&prime;) Grand espace de couture : L&rsquo;espace de couture \u00e0 droite de l&rsquo;aiguille est de 250 mm (10&prime;), g\u00e9nial pour coudre de grandes quantit\u00e9s de tissu ou de bourre. Fonction exclusive Stitch Creator\u2122 : Cr\u00e9ez des nouveaux points de 9 mm ou \u00e9ditez des points int\u00e9gr\u00e9s pour une cr\u00e9ativit\u00e9 sans fin. 5 pieds bonus Maxi point d\u00e9coratif jusqu&rsquo;\u00e0 52 mm de large Cr\u00e9ation de point avec Stitch Creator Pied de biche automatique Tr\u00e8s large espace de travail Confortable, robuste et simple d&rsquo;utilisation \u00a0 Accessoires et pieds inclus Filet couvre-bobine Stylo tactile Guide-bord Rond de feutrine (1) Tournevis D\u00e9coud-vite Brosse Canettes (5, dont une sur la machine) Plaque d&rsquo;aiguille point droit Porte-bobine, petit Porte-bobine, moyen Porte-bobine, grand Outil multi-usage Genouill\u00e8re 0A &#8211; Pied-de-biche standard pour syst\u00e8me IDT\u2122 1A &#8211; Pied point fantaisie pour syst\u00e8me IDT\u2122 2A &#8211; Pied point fantaisie 3 &#8211; Pied pour ourlet invisible pour syst\u00e8me IDT\u2122 4 &#8211; Pied pour fermeture \u00e0 glissi\u00e8re pour syst\u00e8me IDT\u2122 5A &#8211; Pied pour boutonni\u00e8re Sensormatic 5M &#8211; Pied pour boutonni\u00e8re manuelle 6A &#8211; Pied pour piqu\u00e9 libre Sensormatic 8 &#8211; Pied pour Maxi point Pied de quilting 1\/4&prime; Pieds bonus de cette \u00e9dition sp\u00e9ciale : Pied \u00e0 bord \u00e9troit pour syst\u00e8me IDT Pied pour fermeture \u00e0 glissi\u00e8re invisible Pied pour passepoil Pied pour tressage pour syst\u00e8me IDT Pied pour appliqu\u00e9 ouvert pour syst\u00e8me IDT Retrouvez tous les accessoires compatibles avec cette machine en cliquant ici \u00c9galement inclus : P\u00e9dale, Cordon d&rsquo;alimentation, Aiguilles, Housse souple \u00a0 Assistance t\u00e9l\u00e9phonique, pi\u00e8ces, main-d&rsquo;\u0153uvre, frais de transport &#8211; aller\/retour &#8211; uniquement pour la France m\u00e9tropolitaine (dont la Corse), la Belgique et le Luxembourg<\/p>\n<\/div>\n<p><bl-button a11yexpanded=\"false\" arialabel=\"Afficher toute la description\" class=\"read-more__btn\" full=\"false\" link=\"true\">Voir plus<\/bl-button><\/div>","protected":false},"excerpt":{"rendered":"<div class=\"keypoints\">\n<h3 class=\"keypoints__title\">Les points cl\u00e9s<\/h3>\n<ul role=\"list\">\n<li class=\"keypoints__item\" role=\"listitem\">                                        Machine \u00e0 coudre \u00e9lectronique                      <\/li>\n<li class=\"keypoints__item\" role=\"listitem\">                                        Longueur du point : non                      <\/li>\n<\/ul>","protected":false},"featured_media":80818,"template":"","meta":{"_glsr_average":0,"_glsr_ranking":0,"_glsr_reviews":0},"product_cat":[436],"product_tag":[437,438,153],"class_list":{"0":"post-80819","1":"product","2":"type-product","3":"status-publish","4":"has-post-thumbnail","6":"product_cat-machine-a-coudre","7":"product_tag-couture","8":"product_tag-machine-a-coudre","9":"product_tag-maison-entretien","11":"first","12":"instock","13":"sale","14":"shipping-taxable","15":"purchasable","16":"product-type-simple"},"_links":{"self":[{"href":"https:\/\/electromenagerexpress.com\/en\/wp-json\/wp\/v2\/product\/80819","targetHints":{"allow":["GET"]}}],"collection":[{"href":"https:\/\/electromenagerexpress.com\/en\/wp-json\/wp\/v2\/product"}],"about":[{"href":"https:\/\/electromenagerexpress.com\/en\/wp-json\/wp\/v2\/types\/product"}],"wp:featuredmedia":[{"embeddable":true,"href":"https:\/\/electromenagerexpress.com\/en\/wp-json\/wp\/v2\/media\/80818"}],"wp:attachment":[{"href":"https:\/\/electromenagerexpress.com\/en\/wp-json\/wp\/v2\/media?parent=80819"}],"wp:term":[{"taxonomy":"product_cat","embeddable":true,"href":"https:\/\/electromenagerexpress.com\/en\/wp-json\/wp\/v2\/product_cat?post=80819"},{"taxonomy":"product_tag","embeddable":true,"href":"https:\/\/electromenagerexpress.com\/en\/wp-json\/wp\/v2\/product_tag?post=80819"}],"curies":[{"name":"wp","href":"https:\/\/api.w.org\/{rel}","templated":true}]}}