{"id":80804,"date":"2024-11-24T15:10:38","date_gmt":"2024-11-24T15:10:38","guid":{"rendered":"https:\/\/electromenagerexpress.com\/product\/machine-a-coudrehusqvarna-vikingdesigner-sapphire-85\/"},"modified":"2024-11-24T15:10:38","modified_gmt":"2024-11-24T15:10:38","slug":"machine-a-coudrehusqvarna-vikingdesigner-sapphire-85","status":"publish","type":"product","link":"https:\/\/electromenagerexpress.com\/en\/product\/machine-a-coudrehusqvarna-vikingdesigner-sapphire-85\/","title":{"rendered":"Machine \u00e0 coudre\t\t\t\t\t\t\tHUSQVARNA VIKING\t\t\t\tDESIGNER SAPPHIRE 85"},"content":{"rendered":"<div class=\"product-features__content\">\n<ul role=\"list\">\n<li class=\"product-features__item\" role=\"listitem\">\n<h3 class=\"product-features__label\">Caract\u00e9ristiques g\u00e9n\u00e9rales<\/h3>\n<ul role=\"list\">\n<li class=\"product-features__item-list__item\" role=\"listitem\"><span class=\"is--medium\">Machine :<\/span> Machine \u00e0 coudre \u00e9lectronique\t\t\t\t\t<\/li>\n<li class=\"product-features__item-list__item\" role=\"listitem\"><span class=\"is--medium\">Cat\u00e9gorie :<\/span> Confection\t\t\t\t\t<\/li>\n<li class=\"product-features__item-list__item\" role=\"listitem\"><span class=\"is--medium\">Plaque \u00e0 aiguille gradu\u00e9e :<\/span> Oui\t\t\t\t\t<\/li>\n<li class=\"product-features__item-list__item\" role=\"listitem\"><span class=\"is--medium\">Porte bobine :<\/span> non concern\u00e9\t\t\t\t\t<\/li>\n<li class=\"product-features__item-list__item\" role=\"listitem\"><span class=\"is--medium\">Porte canette m\u00e9tallique :<\/span> Non\t\t\t\t\t<\/li>\n<li class=\"product-features__item-list__item\" role=\"listitem\"><span class=\"is--medium\">Couleur :<\/span> Blanc\t\t\t\t\t<\/li>\n<li class=\"product-features__item-list__item\" role=\"listitem\"><span class=\"is--medium\">Griffe d&rsquo;entrainement :<\/span> non concern\u00e9\t\t\t\t\t<\/li>\n<\/ul>\n<\/li>\n<li class=\"product-features__item\" role=\"listitem\">\n<h3 class=\"product-features__label\">R\u00e9glages<\/h3>\n<ul role=\"list\">\n<li class=\"product-features__item-list__item\" role=\"listitem\"><span class=\"is--medium\">Largeur du point :<\/span> non\t\t\t\t\t<\/li>\n<li class=\"product-features__item-list__item\" role=\"listitem\"><span class=\"is--medium\">Largeur des points :<\/span> non communiqu\u00e9\t\t\t\t\t<\/li>\n<li class=\"product-features__item-list__item\" role=\"listitem\"><span class=\"is--medium\">Longueur du point :<\/span> non\t\t\t\t\t<\/li>\n<li class=\"product-features__item-list__item\" role=\"listitem\"><span class=\"is--medium\">Longueur des points :<\/span> non communiqu\u00e9\t\t\t\t\t<\/li>\n<li class=\"product-features__item-list__item\" role=\"listitem\"><span class=\"is--medium\">Tension du fil :<\/span> non communiqu\u00e9\t\t\t\t\t<\/li>\n<li class=\"product-features__item-list__item\" role=\"listitem\"><span class=\"is--medium\">Pression du pied de biche :<\/span> non\t\t\t\t\t<\/li>\n<li class=\"product-features__item-list__item\" role=\"listitem\"><span class=\"is--medium\">Hauteur du pied de biche :<\/span> Non\t\t\t\t\t<\/li>\n<li class=\"product-features__item-list__item\" role=\"listitem\"><span class=\"is--medium\">Le saviez-vous :<\/span> situ\u00e9 sous l&rsquo;aiguille, le pied de biche (ou pied presseur) sert \u00e0 plaquer le tissu contre la plaque \u00e0 aiguilles et les griffes d&rsquo;entrainement. Il existe differents mod\u00e8les comme le pied universel pour la couture de base ou encore le pied pour boutonniere\t\t\t\t\t<\/li>\n<\/ul>\n<\/li>\n<li class=\"product-features__item\" role=\"listitem\">\n<h3 class=\"product-features__label\">Programmes<\/h3>\n<ul role=\"list\">\n<li class=\"product-features__item-list__item\" role=\"listitem\"><span class=\"is--medium\">Boutonni\u00e8re :<\/span> sans boutonni\u00e8re\t\t\t\t\t<\/li>\n<li class=\"product-features__item-list__item\" role=\"listitem\"><span class=\"is--medium\">Points utilitaires :<\/span> Oui\t\t\t\t\t<\/li>\n<li class=\"product-features__item-list__item\" role=\"listitem\"><span class=\"is--medium\">Points d\u00e9coratifs :<\/span> Oui\t\t\t\t\t<\/li>\n<li class=\"product-features__item-list__item\" role=\"listitem\"><span class=\"is--medium\">Points extensibles :<\/span> Non\t\t\t\t\t<\/li>\n<\/ul>\n<\/li>\n<li class=\"product-features__item\" role=\"listitem\">\n<h3 class=\"product-features__label\">Fonctions sp\u00e9cifiques<\/h3>\n<ul role=\"list\">\n<li class=\"product-features__item-list__item\" role=\"listitem\"><span class=\"is--medium\">Fonction marche arri\u00e8re :<\/span> Oui\t\t\t\t\t<\/li>\n<li class=\"product-features__item-list__item\" role=\"listitem\"><span class=\"is--medium\">Fonction couture des boutons :<\/span> Oui\t\t\t\t\t<\/li>\n<\/ul>\n<\/li>\n<li class=\"product-features__item\" role=\"listitem\">\n<h3 class=\"product-features__label\">Transport et rangement<\/h3>\n<ul role=\"list\">\n<li class=\"product-features__item-list__item\" role=\"listitem\"><span class=\"is--medium\">Poign\u00e9e de transport :<\/span> Oui\t\t\t\t\t<\/li>\n<li class=\"product-features__item-list__item\" role=\"listitem\"><span class=\"is--medium\">Bo\u00eete d&rsquo;accessoires int\u00e9gr\u00e9e :<\/span> Oui\t\t\t\t\t<\/li>\n<li class=\"product-features__item-list__item\" role=\"listitem\"><span class=\"is--medium\">Housse ou valise rigide pour le rangement et transport :<\/span> Non\t\t\t\t\t<\/li>\n<\/ul>\n<\/li>\n<li class=\"product-features__item\" role=\"listitem\">\n<h3 class=\"product-features__label\">Informations et Services<\/h3>\n<ul role=\"list\">\n<li class=\"product-features__item-list__item\" role=\"listitem\"><span class=\"is--medium\">Fabriqu\u00e9 en :<\/span> Chine\t\t\t\t\t<\/li>\n<li class=\"product-features__item-list__item\" role=\"listitem\"><span class=\"is--medium\">Disponibilit\u00e9 des pi\u00e8ces d\u00e9tach\u00e9es (donn\u00e9es fournisseur) :<\/span> Non communiqu\u00e9e\t\t\t\t\t<\/li>\n<li class=\"product-features__item-list__item\" role=\"listitem\"><span class=\"is--medium\">R\u00e9f\u00e9rence constructeur :<\/span> DESIGNER SAPPHIRE 85\t\t\t\t\t<\/li>\n<li class=\"product-features__item-list__item\" role=\"listitem\"><span class=\"is--medium\">Marque :<\/span> HUSQVARNA VIKING\t\t\t\t\t<\/li>\n<\/ul>\n<\/li>\n<li class=\"product-features__item\" role=\"listitem\">\n<h3 class=\"product-features__label\">Dimensions<\/h3>\n<ul role=\"list\">\n<li class=\"product-features__item-list__item\" role=\"listitem\"><span class=\"is--medium\">Poids Net (kg) :<\/span> 17,0 kg\t\t\t\t\t<\/li>\n<\/ul>\n<\/li>\n<\/ul>\n<\/div>\n<div class=\"product__disclosure-content\">\n<div class=\"js-read-more product-description__content read-more read-more--truncated\" data-read-more-name=\"description\" style=\"max-height: 500px; overflow: hidden;\">\n<p>Machine \u00e0 coudre et \u00e0 broder HUSQVARNA DESIGNER SAPPHIRE\u2122 85 &#8211; Garantie 5 ans La DESIGNER SAPPHIRE\u2122 85 est une machine \u00e0 coudre et \u00e0 broder agr\u00e9ablement intuitive et sp\u00e9cialement con\u00e7ue pour la couturi\u00e8re cr\u00e9ative. Husqvarna Viking d\u00e9mocratise la couture cr\u00e9ative ! Grand \u00e9cran tactile couleur et Guide de Couture (JoyOS Advisor) Navigation intuitive comme sur n&rsquo;importe quelle tablette ou t\u00e9l\u00e9phone intelligent. Grand \u00e9cran tactile (177&#215;99 mm) en couleur haute r\u00e9solution (1024&#215;600). Bo\u00eete \u00e0 outils intelligente pour faciliter l&rsquo;\u00e9dition, l&rsquo;acc\u00e8s en une seule touche aux outils les plus utilis\u00e9s. Interface intuitive avec tout \u00e0 port\u00e9e de main. Tutoriels interactifs &#8211; Apprenez \u00e0 coudre des cols, des ourlets, des techniques de point exclusives, \u00e0 ins\u00e9rer des fermetures \u00e0 glissi\u00e8re, \u00e0 broder de magnifiques motifs et bien plus encore directement sur l&rsquo;\u00e9cran de la machine. Instructions de couture \u2013 Indiquez le tissu et la technique que vous souhaitez coudre et la machine choisit le point de couture adapt\u00e9 Syst\u00e8me de point deLuxe\u2122 : un syst\u00e8me innovant r\u00e8gle la tension du fil d&rsquo;aiguille pour un r\u00e9sultat de haute qualit\u00e9, quel que soit le type de tissu et de fil. La solution id\u00e9ale pour les fils sp\u00e9ciaux ou m\u00e9talliques, ces derniers sont accompagn\u00e9s jusqu&rsquo;\u00e0 l&rsquo;aiguille et ne cassent plus. Exclusive Sensor System : Le pied de biche d\u00e9tecte et s&rsquo;ajuste automatiquement et constamment \u00e0 toute \u00e9paisseur de tissu pour un entra\u00eenement parfait et r\u00e9gulier durant la couture. Points d\u00e9coratifs Exclusifs : Personnalisez n&rsquo;importe quel projet avec des techniques de point brevet\u00e9es exclusives qui donnent \u00e0 vos projets des \u00e9l\u00e9ments dimensionnels irr\u00e9sistibles et sans effort. 680 points, jusqu&rsquo;\u00e0 54 mm de largeur et techniques de point exclusives y compris le point en relief, le point de paillette, le point d&rsquo;appliqu\u00e9, le point pour cordonnet, et le point th\u00e9matique. Grand \u00e9cran tactile Syst\u00e8me de point deLuxe\u2122 Exclusive Sensor System\u2122 Extensive Selection of Built-in Stitches Fonctions de couture Grande surface de couture (pr\u00e8s de 10\u201d, 250mm) 680 points de couture utilitaires et d\u00e9coratifs 15 boutonni\u00e8res automatiques Vitesse de couture jusqu&rsquo;\u00e0 1050 points par minute Puissance de per\u00e7age de l&rsquo;aiguille \u00e9lectronique Double entra\u00eenement avec pied-de-biche interchangeable inclus Bouton marche\/arr\u00eat Bouton aiguille en haut\/en bas Bouton arr\u00eat Bouton pour r\u00e9parer Bouton marche arri\u00e8re Bouton vitesse Coupe-fil automatique Boutonni\u00e8res parfaitement \u00e9quilibr\u00e9es Plaque d&rsquo;aiguille pour point droit et senseur 29 positions d&rsquo;aiguille 3 r\u00e9glages de piqu\u00e9 libre Couture en piqu\u00e9 libre avec points d\u00e9coratifs Positionnement du point \u00c9quilibre du point Tapering des points d\u00e9coratifs Espace de travail \u00e0 \u00e9clairage LED Grande vitesse (brodez jusqu&rsquo;\u00e0 1000 points par minute et cousez jusqu&rsquo;\u00e0 1050 points par minute) Senseurs de fil du dessus et de la canette Port USB Bobinage de canette \u00e0 travers l&rsquo;aiguille Moteur s\u00e9par\u00e9 pour bobiner les canettes Crochet rotatif anti-bourrage Compatible avec MySewNet D\u00e9velopp\u00e9e et con\u00e7ue en Su\u00e8de Caract\u00e9ristiques de broderie Zone de broderie g\u00e9n\u00e9reuse jusqu&rsquo;\u00e0 360x350mm sans encercler Plus de 620 motifs de broderie int\u00e9gr\u00e9s Positionnement du motif Personnalisation du motif de broderie \u00e0 l&rsquo;\u00e9cran Fa\u00e7onner le motif Appliqu\u00e9 de motif Options de point de b\u00e2ti Enregistrement fut\u00e9 Bienvenue dans les points de broderie Broder des boutonni\u00e8res et des points d\u00e9coratifs Coupure automatique des points saut\u00e9s connexion Wi-Fi Logiciels informatiques gratuits (Windows\u00ae et Mac\u00ae) Grand \u00e9cran tactile couleur Syst\u00e8me de point deLuxe\u2122 Connexion WIFI Tr\u00e8s grand espace de broderie 360 X 350 mm \u00a0 Accessoires et pieds inclus Cadre carr\u00e9 DESIGNER\u2122 Splendid 120&#215;120 Cadre couronne DESIGNER\u2122 260&#215;200 Cadre DESIGNER\u2122 Royal 360&#215;200 Plaque d&rsquo;aiguille pour point droit Filet pour le fil (2) Tournevis Brosse Canettes (11) Guides pour bordure\/piq\u00fbre Outil \u00e0 usage multiple\/anche pour bouton Pinces pour cerceau Capuchon pour petite bobine Capuchon pour bobine moyenne Capuchon pour grande bobine (2) Coussin de feutre (2) Contr\u00f4le au pied Cordon d&rsquo;alimentation Aiguilles Pied utilitaire A Pied pour point d\u00e9coratif B Pied pour boutonni\u00e8re C Pied pour point invisible D Pied pour fermeture \u00e0 glissi\u00e8re E Pied glisseur non adh\u00e9sif H Pied pour bordure J Pied pour pi\u00e8ce P Pied pour broderie\/reprisage R Pied pour mouvement lat\u00e9ral S Pied pour boutonni\u00e8re \u00e0 une \u00e9tape avec senseur Pied senseur Q Retrouvez tous les accessoires compatibles avec cette machine en cliquant ici \u00c9galement inclus : Housse rigide pour module de broderie uniquement Assistance t\u00e9l\u00e9phonique, pi\u00e8ces, main-d&rsquo;\u0153uvre, frais de transport &#8211; aller\/retour &#8211; uniquement pour la France m\u00e9tropolitaine (dont la Corse), la Belgique et le Luxembourg<\/p>\n<\/div>\n<p><bl-button a11yexpanded=\"false\" arialabel=\"Afficher toute la description\" class=\"read-more__btn\" full=\"false\" link=\"true\">Voir plus<\/bl-button><\/div>","protected":false},"excerpt":{"rendered":"<div class=\"keypoints\">\n<h3 class=\"keypoints__title\">Les points cl\u00e9s<\/h3>\n<ul role=\"list\">\n<li class=\"keypoints__item\" role=\"listitem\">                                        Machine \u00e0 coudre \u00e9lectronique                      <\/li>\n<li class=\"keypoints__item\" role=\"listitem\">                                        Longueur du point : non                      <\/li>\n<\/ul>","protected":false},"featured_media":80803,"template":"","meta":{"_glsr_average":0,"_glsr_ranking":0,"_glsr_reviews":0},"product_cat":[436],"product_tag":[437,438,153],"class_list":{"0":"post-80804","1":"product","2":"type-product","3":"status-publish","4":"has-post-thumbnail","6":"product_cat-machine-a-coudre","7":"product_tag-couture","8":"product_tag-machine-a-coudre","9":"product_tag-maison-entretien","11":"first","12":"instock","13":"sale","14":"shipping-taxable","15":"purchasable","16":"product-type-simple"},"_links":{"self":[{"href":"https:\/\/electromenagerexpress.com\/en\/wp-json\/wp\/v2\/product\/80804","targetHints":{"allow":["GET"]}}],"collection":[{"href":"https:\/\/electromenagerexpress.com\/en\/wp-json\/wp\/v2\/product"}],"about":[{"href":"https:\/\/electromenagerexpress.com\/en\/wp-json\/wp\/v2\/types\/product"}],"wp:featuredmedia":[{"embeddable":true,"href":"https:\/\/electromenagerexpress.com\/en\/wp-json\/wp\/v2\/media\/80803"}],"wp:attachment":[{"href":"https:\/\/electromenagerexpress.com\/en\/wp-json\/wp\/v2\/media?parent=80804"}],"wp:term":[{"taxonomy":"product_cat","embeddable":true,"href":"https:\/\/electromenagerexpress.com\/en\/wp-json\/wp\/v2\/product_cat?post=80804"},{"taxonomy":"product_tag","embeddable":true,"href":"https:\/\/electromenagerexpress.com\/en\/wp-json\/wp\/v2\/product_tag?post=80804"}],"curies":[{"name":"wp","href":"https:\/\/api.w.org\/{rel}","templated":true}]}}