{"id":80759,"date":"2024-11-24T15:09:56","date_gmt":"2024-11-24T15:09:56","guid":{"rendered":"https:\/\/electromenagerexpress.com\/product\/brodeusebernette-by-berninab79-2\/"},"modified":"2024-11-24T15:09:57","modified_gmt":"2024-11-24T15:09:57","slug":"brodeusebernette-by-berninab79-2","status":"publish","type":"product","link":"https:\/\/electromenagerexpress.com\/en\/product\/brodeusebernette-by-berninab79-2\/","title":{"rendered":"Brodeuse\t\t\t\t\t\t\tBERNETTE BY BERNINA\t\t\t\tB79"},"content":{"rendered":"<div class=\"product-features__content\">\n<ul role=\"list\">\n<li class=\"product-features__item\" role=\"listitem\">\n<h3 class=\"product-features__label\">Caract\u00e9ristiques g\u00e9n\u00e9rales<\/h3>\n<ul role=\"list\">\n<li class=\"product-features__item-list__item\" role=\"listitem\"><span class=\"is--medium\">Machine :<\/span> Brodeuse\t\t\t\t\t<\/li>\n<li class=\"product-features__item-list__item\" role=\"listitem\"><span class=\"is--medium\">Cat\u00e9gorie :<\/span> Confection\t\t\t\t\t<\/li>\n<li class=\"product-features__item-list__item\" role=\"listitem\"><span class=\"is--medium\">Plaque \u00e0 aiguille gradu\u00e9e :<\/span> Oui\t\t\t\t\t<\/li>\n<li class=\"product-features__item-list__item\" role=\"listitem\"><span class=\"is--medium\">Porte bobine :<\/span> non concern\u00e9\t\t\t\t\t<\/li>\n<li class=\"product-features__item-list__item\" role=\"listitem\"><span class=\"is--medium\">Porte canette m\u00e9tallique :<\/span> Non\t\t\t\t\t<\/li>\n<li class=\"product-features__item-list__item\" role=\"listitem\"><span class=\"is--medium\">Couleur :<\/span> Blanc\t\t\t\t\t<\/li>\n<li class=\"product-features__item-list__item\" role=\"listitem\"><span class=\"is--medium\">Griffe d&rsquo;entrainement :<\/span> non concern\u00e9\t\t\t\t\t<\/li>\n<\/ul>\n<\/li>\n<li class=\"product-features__item\" role=\"listitem\">\n<h3 class=\"product-features__label\">R\u00e9glages<\/h3>\n<ul role=\"list\">\n<li class=\"product-features__item-list__item\" role=\"listitem\"><span class=\"is--medium\">Largeur du point :<\/span> non\t\t\t\t\t<\/li>\n<li class=\"product-features__item-list__item\" role=\"listitem\"><span class=\"is--medium\">Largeur des points :<\/span> non communiqu\u00e9\t\t\t\t\t<\/li>\n<li class=\"product-features__item-list__item\" role=\"listitem\"><span class=\"is--medium\">Longueur du point :<\/span> non\t\t\t\t\t<\/li>\n<li class=\"product-features__item-list__item\" role=\"listitem\"><span class=\"is--medium\">Longueur des points :<\/span> non communiqu\u00e9\t\t\t\t\t<\/li>\n<li class=\"product-features__item-list__item\" role=\"listitem\"><span class=\"is--medium\">Tension du fil :<\/span> non communiqu\u00e9\t\t\t\t\t<\/li>\n<li class=\"product-features__item-list__item\" role=\"listitem\"><span class=\"is--medium\">Pression du pied de biche :<\/span> non\t\t\t\t\t<\/li>\n<li class=\"product-features__item-list__item\" role=\"listitem\"><span class=\"is--medium\">Hauteur du pied de biche :<\/span> Non\t\t\t\t\t<\/li>\n<li class=\"product-features__item-list__item\" role=\"listitem\"><span class=\"is--medium\">Le saviez-vous :<\/span> situ\u00e9 sous l&rsquo;aiguille, le pied de biche (ou pied presseur) sert \u00e0 plaquer le tissu contre la plaque \u00e0 aiguilles et les griffes d&rsquo;entrainement. Il existe differents mod\u00e8les comme le pied universel pour la couture de base ou encore le pied pour boutonniere\t\t\t\t\t<\/li>\n<\/ul>\n<\/li>\n<li class=\"product-features__item\" role=\"listitem\">\n<h3 class=\"product-features__label\">Programmes<\/h3>\n<ul role=\"list\">\n<li class=\"product-features__item-list__item\" role=\"listitem\"><span class=\"is--medium\">Boutonni\u00e8re :<\/span> sans boutonni\u00e8re\t\t\t\t\t<\/li>\n<li class=\"product-features__item-list__item\" role=\"listitem\"><span class=\"is--medium\">Points utilitaires :<\/span> Oui\t\t\t\t\t<\/li>\n<li class=\"product-features__item-list__item\" role=\"listitem\"><span class=\"is--medium\">Points d\u00e9coratifs :<\/span> Oui\t\t\t\t\t<\/li>\n<li class=\"product-features__item-list__item\" role=\"listitem\"><span class=\"is--medium\">Points extensibles :<\/span> Non\t\t\t\t\t<\/li>\n<\/ul>\n<\/li>\n<li class=\"product-features__item\" role=\"listitem\">\n<h3 class=\"product-features__label\">Fonctions sp\u00e9cifiques<\/h3>\n<ul role=\"list\">\n<li class=\"product-features__item-list__item\" role=\"listitem\"><span class=\"is--medium\">Fonction marche arri\u00e8re :<\/span> Oui\t\t\t\t\t<\/li>\n<li class=\"product-features__item-list__item\" role=\"listitem\"><span class=\"is--medium\">Fonction couture des boutons :<\/span> Oui\t\t\t\t\t<\/li>\n<\/ul>\n<\/li>\n<li class=\"product-features__item\" role=\"listitem\">\n<h3 class=\"product-features__label\">Transport et rangement<\/h3>\n<ul role=\"list\">\n<li class=\"product-features__item-list__item\" role=\"listitem\"><span class=\"is--medium\">Poign\u00e9e de transport :<\/span> Oui\t\t\t\t\t<\/li>\n<li class=\"product-features__item-list__item\" role=\"listitem\"><span class=\"is--medium\">Bo\u00eete d&rsquo;accessoires int\u00e9gr\u00e9e :<\/span> Oui\t\t\t\t\t<\/li>\n<li class=\"product-features__item-list__item\" role=\"listitem\"><span class=\"is--medium\">Housse ou valise rigide pour le rangement et transport :<\/span> Non\t\t\t\t\t<\/li>\n<\/ul>\n<\/li>\n<li class=\"product-features__item\" role=\"listitem\">\n<h3 class=\"product-features__label\">Informations et Services<\/h3>\n<ul role=\"list\">\n<li class=\"product-features__item-list__item\" role=\"listitem\"><span class=\"is--medium\">Fabriqu\u00e9 en :<\/span> Chine\t\t\t\t\t<\/li>\n<li class=\"product-features__item-list__item\" role=\"listitem\"><span class=\"is--medium\">Disponibilit\u00e9 des pi\u00e8ces d\u00e9tach\u00e9es (donn\u00e9es fournisseur) :<\/span> Non communiqu\u00e9e\t\t\t\t\t<\/li>\n<li class=\"product-features__item-list__item\" role=\"listitem\"><span class=\"is--medium\">R\u00e9f\u00e9rence constructeur :<\/span> B79\t\t\t\t\t<\/li>\n<li class=\"product-features__item-list__item\" role=\"listitem\"><span class=\"is--medium\">Marque :<\/span> BERNETTE BY BERNINA\t\t\t\t\t<\/li>\n<\/ul>\n<\/li>\n<li class=\"product-features__item\" role=\"listitem\">\n<h3 class=\"product-features__label\">Dimensions<\/h3>\n<ul role=\"list\">\n<li class=\"product-features__item-list__item\" role=\"listitem\"><span class=\"is--medium\">Poids Net (kg) :<\/span> 21,0 kg\t\t\t\t\t<\/li>\n<\/ul>\n<\/li>\n<\/ul>\n<\/div>\n<div class=\"product__disclosure-content\">\n<div class=\"js-read-more product-description__content read-more read-more--truncated\" data-read-more-name=\"description\" style=\"max-height: 500px; overflow: hidden;\">\n<p>Machine \u00e0 coudre et \u00e0 broder BERNETTE b79 &#8211; Garantie 5 ans Dans la nouvelle gamme Bernette, voici la plus compl\u00e8te: la machine \u00e0 coudre et \u00e0 broder BERNETTE b79 associe couture et broderie. vous retrouverez dans cette machine les caract\u00e9ristiques de la machine \u00e0 coudre BERNETTE b77 (double entrainement, compensation automatique de la pression du pied de biche, vitesse de couture 1000 points par minute), et ceux de la machine \u00e0 broder BERNETTE b70 (grand espace de broderie 260 x 160 mm, possibilit\u00e9 de lire tous les formats de broderie, simplicit\u00e9 d&rsquo;utilisation avec son grand \u00e9cran couleurs tactile&#8230;etc&#8230;). Caract\u00e9ristiques: \u00c9cran tactile 5&prime; Boutons multifonctions R\u00e9gulateur de vitesse Syst\u00e8me de crochet : \u00e0 plat Longueur du bras libre: 215 mm Bras libre (\u00e0 droite de l&rsquo;aiguille): 230 mm Espace de travail (largeur \/ hauteur): 230 mm \/ 120 mm Pression du pied r\u00e9glable manuellement Coupe fils automatique Bouton Start\/Stop \u00c9clairage: 4 LED Enfileur automatique Aiguille stop Haut \/ bas Tension du fil sup\u00e9rieur r\u00e9glable manuellement Releveur automatique du pied de biche Capteur Fil sup\u00e9rieur Capteur fil int\u00e9rieur Double entra\u00eenement Vitesse maximum en couture: 1000 point par minute S\u00e9curit\u00e9 double aiguille Nombre total de motifs de points: 500 Boutonni\u00e8res et \u0153illets inclus: 17 (en 1 \u00e9tape) Points utilitaires (y compris les points extensibles): 22 Points de reprise: 2 Points d\u00e9coratifs: 133 Points quilts: 35 Alphabets: 3 Largeur maximale de point: 7 mm Longueur maximale de point: 5 mm Griffe r\u00e9tractable M\u00e9moire personnelle Fonction de s\u00e9curisation automatique Espace de broderie de 260 x 160 mm Vitesse maximale de broderie: 850 points par minute Motifs de broderie int\u00e9gr\u00e9s: 200 Combinaison de motifs M\u00e9moire pour propres conceptions R\u00e9duire le nombre de changement de couleurs Compatible avec CutWork Modification de la conception dans l&rsquo;affichage: miroir, virage, \u00e9chelle Tutoriel de couture Tutoriel de broderie Conseiller en couture Double transport : Avec le double transport, il est facile de coudre plusieurs \u00e9paisseurs, des tissus difficiles comme le cuir ou la soie, ainsi que des tissus tricot\u00e9s et extensibles comme le jersey, sans que le tissu glisse ou que la couture ne soit ondul\u00e9e. Bernette vous propose une large gamme de pieds de biche compatibles avec le double transport. D\u00e9tection de la plaque \u00e0 aiguille : Votre machine reconna\u00eet la plaque \u00e0 aiguille utilis\u00e9e. Toutes les aiguilles applicables sont illustr\u00e9es et la plaque de largeur de point ajustable est adapt\u00e9e automatiquement. Compensation automatique de la pression du pied presseur : Pendant le processus de couture, votre machine reconna\u00eet l&rsquo;\u00e9paisseur du tissu et ajuste automatiquement la pression du pied de biche. Le tissu est transport\u00e9 uniform\u00e9ment. Conseil et tutoriel de couture : le conseiller couture vous aide ! en proposant un point, une aiguille, un fil et un pied de biche utile pour votre projet de couture en ajustant votre machine automatiquement Le tutoriel de couture contient des informations sur l&rsquo;utilisation de votre machine et des explications sur diff\u00e9rents sujets de couture Machine simple et conviviale Double entrainement Grand espace de travail Multi format de broderies \u00a0 Accessoires et pieds inclus Plaque d&rsquo;aiguille pour point droit Cadre pour broderie S (5,0 x 7,0 cm) Cadre pour broderie M (12,0 x 18,0 cm) Cadre pour broderie L (16,0 x 26,0 cm) Canettes (3x) Filet de bobine Assortiments d&rsquo;aiguilles (2x) Pinceau et d\u00e9coud-vite Disque de d\u00e9roulement du fil, grands Disque de d\u00e9roulement du fil, moyen Disques de d\u00e9roulement du fil, petits (2x) Rondelle de feutre Second support de bobine de fil Stylet Guide lin\u00e9aire Tournevis Housse de protection P\u00e9dale pipette d&rsquo;huile Genouill\u00e8re Table d&rsquo;extension Pied pour couture de bouton Pied pour boutonni\u00e8res Pied de broderie Pied pour broderie Pied oscillant pour broderie Pied pour fermeture \u00e0 glissi\u00e8re pour l&rsquo;entra\u00eenement biface Pied zigzag pour l&rsquo;entra\u00eenement biface Pied de surjet pour l&rsquo;entra\u00eenement biface Pied pour points invisibles pour l&rsquo;entra\u00eenement biface Pied ouvert pour broderie pour l&rsquo;entra\u00eenement biface Retrouvez tous les accessoires compatibles avec cette machine en cliquant ici \u00c9galement inclus : mode d&#8217;emploi t\u00e9l\u00e9chargeable en fran\u00e7ais. Assistance t\u00e9l\u00e9phonique, pi\u00e8ces, main-d&rsquo;\u0153uvre, frais de transport &#8211; aller\/retour &#8211; uniquement pour la France m\u00e9tropolitaine (dont la Corse), la Belgique et le Luxembourg T\u00e9l\u00e9chargez le mode d&#8217;emploi ici T\u00e9l\u00e9chargez le guide de d\u00e9marrage rapide ici<\/p>\n<\/div>\n<p><bl-button a11yexpanded=\"false\" arialabel=\"Afficher toute la description\" class=\"read-more__btn\" full=\"false\" link=\"true\">Voir plus<\/bl-button><\/div>","protected":false},"excerpt":{"rendered":"<div class=\"keypoints\">\n<h3 class=\"keypoints__title\">Les points cl\u00e9s<\/h3>\n<ul role=\"list\">\n<li class=\"keypoints__item\" role=\"listitem\">                                        Brodeuse                      <\/li>\n<li class=\"keypoints__item\" role=\"listitem\">                                        Longueur du point : non                      <\/li>\n<\/ul>","protected":false},"featured_media":80758,"template":"","meta":{"_glsr_average":0,"_glsr_ranking":0,"_glsr_reviews":0},"product_cat":[439],"product_tag":[437,440,153],"class_list":{"0":"post-80759","1":"product","2":"type-product","3":"status-publish","4":"has-post-thumbnail","6":"product_cat-machine-a-broder","7":"product_tag-couture","8":"product_tag-machine-a-broder","9":"product_tag-maison-entretien","11":"first","12":"instock","13":"sale","14":"shipping-taxable","15":"purchasable","16":"product-type-simple"},"_links":{"self":[{"href":"https:\/\/electromenagerexpress.com\/en\/wp-json\/wp\/v2\/product\/80759","targetHints":{"allow":["GET"]}}],"collection":[{"href":"https:\/\/electromenagerexpress.com\/en\/wp-json\/wp\/v2\/product"}],"about":[{"href":"https:\/\/electromenagerexpress.com\/en\/wp-json\/wp\/v2\/types\/product"}],"wp:featuredmedia":[{"embeddable":true,"href":"https:\/\/electromenagerexpress.com\/en\/wp-json\/wp\/v2\/media\/80758"}],"wp:attachment":[{"href":"https:\/\/electromenagerexpress.com\/en\/wp-json\/wp\/v2\/media?parent=80759"}],"wp:term":[{"taxonomy":"product_cat","embeddable":true,"href":"https:\/\/electromenagerexpress.com\/en\/wp-json\/wp\/v2\/product_cat?post=80759"},{"taxonomy":"product_tag","embeddable":true,"href":"https:\/\/electromenagerexpress.com\/en\/wp-json\/wp\/v2\/product_tag?post=80759"}],"curies":[{"name":"wp","href":"https:\/\/api.w.org\/{rel}","templated":true}]}}