{"id":80753,"date":"2024-11-24T15:09:51","date_gmt":"2024-11-24T15:09:51","guid":{"rendered":"https:\/\/electromenagerexpress.com\/product\/machine-a-coudrebrotherinnov-is-a16\/"},"modified":"2024-11-24T15:09:51","modified_gmt":"2024-11-24T15:09:51","slug":"machine-a-coudrebrotherinnov-is-a16","status":"publish","type":"product","link":"https:\/\/electromenagerexpress.com\/en\/product\/machine-a-coudrebrotherinnov-is-a16\/","title":{"rendered":"Machine \u00e0 coudre\t\t\t\t\t\t\tBROTHER\t\t\t\tINNOV IS A16"},"content":{"rendered":"<div class=\"product-features__content\">\n<ul role=\"list\">\n<li class=\"product-features__item\" role=\"listitem\">\n<h3 class=\"product-features__label\">Caract\u00e9ristiques g\u00e9n\u00e9rales<\/h3>\n<ul role=\"list\">\n<li class=\"product-features__item-list__item\" role=\"listitem\"><span class=\"is--medium\">Machine :<\/span> Machine \u00e0 coudre \u00e9lectronique\t\t\t\t\t<\/li>\n<li class=\"product-features__item-list__item\" role=\"listitem\"><span class=\"is--medium\">Cat\u00e9gorie :<\/span> Confection\t\t\t\t\t<\/li>\n<li class=\"product-features__item-list__item\" role=\"listitem\"><span class=\"is--medium\">Plaque \u00e0 aiguille gradu\u00e9e :<\/span> Oui\t\t\t\t\t<\/li>\n<li class=\"product-features__item-list__item\" role=\"listitem\"><span class=\"is--medium\">Porte bobine :<\/span> non concern\u00e9\t\t\t\t\t<\/li>\n<li class=\"product-features__item-list__item\" role=\"listitem\"><span class=\"is--medium\">Porte canette m\u00e9tallique :<\/span> Non\t\t\t\t\t<\/li>\n<li class=\"product-features__item-list__item\" role=\"listitem\"><span class=\"is--medium\">Couleur :<\/span> Blanc\t\t\t\t\t<\/li>\n<li class=\"product-features__item-list__item\" role=\"listitem\"><span class=\"is--medium\">Griffe d&rsquo;entrainement :<\/span> non concern\u00e9\t\t\t\t\t<\/li>\n<\/ul>\n<\/li>\n<li class=\"product-features__item\" role=\"listitem\">\n<h3 class=\"product-features__label\">R\u00e9glages<\/h3>\n<ul role=\"list\">\n<li class=\"product-features__item-list__item\" role=\"listitem\"><span class=\"is--medium\">Largeur du point :<\/span> non\t\t\t\t\t<\/li>\n<li class=\"product-features__item-list__item\" role=\"listitem\"><span class=\"is--medium\">Largeur des points :<\/span> non communiqu\u00e9\t\t\t\t\t<\/li>\n<li class=\"product-features__item-list__item\" role=\"listitem\"><span class=\"is--medium\">Longueur du point :<\/span> non\t\t\t\t\t<\/li>\n<li class=\"product-features__item-list__item\" role=\"listitem\"><span class=\"is--medium\">Longueur des points :<\/span> non communiqu\u00e9\t\t\t\t\t<\/li>\n<li class=\"product-features__item-list__item\" role=\"listitem\"><span class=\"is--medium\">Tension du fil :<\/span> non communiqu\u00e9\t\t\t\t\t<\/li>\n<li class=\"product-features__item-list__item\" role=\"listitem\"><span class=\"is--medium\">Pression du pied de biche :<\/span> non\t\t\t\t\t<\/li>\n<li class=\"product-features__item-list__item\" role=\"listitem\"><span class=\"is--medium\">Hauteur du pied de biche :<\/span> Non\t\t\t\t\t<\/li>\n<li class=\"product-features__item-list__item\" role=\"listitem\"><span class=\"is--medium\">Le saviez-vous :<\/span> situ\u00e9 sous l&rsquo;aiguille, le pied de biche (ou pied presseur) sert \u00e0 plaquer le tissu contre la plaque \u00e0 aiguilles et les griffes d&rsquo;entrainement. Il existe differents mod\u00e8les comme le pied universel pour la couture de base ou encore le pied pour boutonniere\t\t\t\t\t<\/li>\n<\/ul>\n<\/li>\n<li class=\"product-features__item\" role=\"listitem\">\n<h3 class=\"product-features__label\">Programmes<\/h3>\n<ul role=\"list\">\n<li class=\"product-features__item-list__item\" role=\"listitem\"><span class=\"is--medium\">Boutonni\u00e8re :<\/span> sans boutonni\u00e8re\t\t\t\t\t<\/li>\n<li class=\"product-features__item-list__item\" role=\"listitem\"><span class=\"is--medium\">Points utilitaires :<\/span> Oui\t\t\t\t\t<\/li>\n<li class=\"product-features__item-list__item\" role=\"listitem\"><span class=\"is--medium\">Points d\u00e9coratifs :<\/span> Oui\t\t\t\t\t<\/li>\n<li class=\"product-features__item-list__item\" role=\"listitem\"><span class=\"is--medium\">Points extensibles :<\/span> Non\t\t\t\t\t<\/li>\n<\/ul>\n<\/li>\n<li class=\"product-features__item\" role=\"listitem\">\n<h3 class=\"product-features__label\">Fonctions sp\u00e9cifiques<\/h3>\n<ul role=\"list\">\n<li class=\"product-features__item-list__item\" role=\"listitem\"><span class=\"is--medium\">Fonction marche arri\u00e8re :<\/span> Oui\t\t\t\t\t<\/li>\n<li class=\"product-features__item-list__item\" role=\"listitem\"><span class=\"is--medium\">Fonction couture des boutons :<\/span> Oui\t\t\t\t\t<\/li>\n<\/ul>\n<\/li>\n<li class=\"product-features__item\" role=\"listitem\">\n<h3 class=\"product-features__label\">Transport et rangement<\/h3>\n<ul role=\"list\">\n<li class=\"product-features__item-list__item\" role=\"listitem\"><span class=\"is--medium\">Poign\u00e9e de transport :<\/span> Oui\t\t\t\t\t<\/li>\n<li class=\"product-features__item-list__item\" role=\"listitem\"><span class=\"is--medium\">Bo\u00eete d&rsquo;accessoires int\u00e9gr\u00e9e :<\/span> Oui\t\t\t\t\t<\/li>\n<li class=\"product-features__item-list__item\" role=\"listitem\"><span class=\"is--medium\">Housse ou valise rigide pour le rangement et transport :<\/span> Non\t\t\t\t\t<\/li>\n<\/ul>\n<\/li>\n<li class=\"product-features__item\" role=\"listitem\">\n<h3 class=\"product-features__label\">Informations et Services<\/h3>\n<ul role=\"list\">\n<li class=\"product-features__item-list__item\" role=\"listitem\"><span class=\"is--medium\">Fabriqu\u00e9 en :<\/span> Chine\t\t\t\t\t<\/li>\n<li class=\"product-features__item-list__item\" role=\"listitem\"><span class=\"is--medium\">Disponibilit\u00e9 des pi\u00e8ces d\u00e9tach\u00e9es (donn\u00e9es fournisseur) :<\/span> Non communiqu\u00e9e\t\t\t\t\t<\/li>\n<li class=\"product-features__item-list__item\" role=\"listitem\"><span class=\"is--medium\">R\u00e9f\u00e9rence constructeur :<\/span> INNOV IS A16\t\t\t\t\t<\/li>\n<li class=\"product-features__item-list__item\" role=\"listitem\"><span class=\"is--medium\">Marque :<\/span> BROTHER\t\t\t\t\t<\/li>\n<\/ul>\n<\/li>\n<li class=\"product-features__item\" role=\"listitem\">\n<h3 class=\"product-features__label\">Dimensions<\/h3>\n<ul role=\"list\">\n<li class=\"product-features__item-list__item\" role=\"listitem\"><span class=\"is--medium\">Poids Net (kg) :<\/span> 10,0 kg\t\t\t\t\t<\/li>\n<\/ul>\n<\/li>\n<\/ul>\n<\/div>\n<div class=\"product__disclosure-content\">\n<div class=\"js-read-more product-description__content read-more read-more--truncated\" data-read-more-name=\"description\" style=\"max-height: 500px; overflow: hidden;\">\n<p>Machine \u00e0 coudre Brother Innov-is A16 &#8211; Garantie 5 ans La machine \u00e0 coudre BROTHER Innov-is A16 est le choix id\u00e9al pour passer du stade de novice \u00e0 une utilisation progressant dans l&rsquo;Art de l&rsquo;aiguille. Sa molette simple d&#8217;emploi facilite la s\u00e9lection des points. Avec son syst\u00e8me d&rsquo;enfilage de l&rsquo;aiguille avanc\u00e9 et sa mise en place rapide de la canette, vous serez pr\u00eat \u00e0 coudre en quelques secondes. La simplicit\u00e9 n&rsquo;est pas synonyme de compromis. L&rsquo;Innov-is A16 poss\u00e8de toutes les fonctions essentielles, que vous soyez un d\u00e9butant complet ou un utilisateur interm\u00e9diaire accompli. \u00a0 Caract\u00e9ristiques: 16 points, dont 3 styles de boutonni\u00e8re en une seule \u00e9tape S\u00e9lection de points par molette \u00c9cran LCD de 6,6cm Syst\u00e8me perfectionn\u00e9 d&rsquo;enfilage d&rsquo;aiguille Touche point de renfort (sans \u00e9clairage) 7 griffes d&rsquo;entra\u00eenement Mise en place rapide de la canette horizontale \u00c9clairage LED Bras libre Abaissement des griffes d&rsquo;entra\u00eenement Remplissage de la canette Position d&rsquo;arr\u00eat de l&rsquo;aiguille (haut\/bas) R\u00e9glage de la tension du fil sup\u00e9rieur Bouton antibascule du pied de biche Pied de biche encliquetable R\u00e9glage de la longueur et de la largeur de point Touche marche\/arr\u00eat Variateur de vitesse de couture Point inverse \/ de renfort Compartiment \u00e0 accessoires Poids de la machine: 6.6kg 16 points de couture : Une vari\u00e9t\u00e9 de points de couture pour tous les besoins couturi\u00e8res ! Pied J &amp; griffes d&rsquo;entrainement plus longs : Le tissu se d\u00e9place sous le pied tout en douceur et la puissance d&rsquo;entra\u00eenement est am\u00e9lior\u00e9e. Lorsque le tissu touche le pied, l&rsquo;angle est faible. La puissance d&rsquo;entra\u00eenement est am\u00e9lior\u00e9e: les griffes sont plus longues. Commandes conviviales et intuitives : Brother garde toujours \u00e0 l&rsquo;esprit la convivialit\u00e9 et le confort d&rsquo;utilisation. Les commandes centralis\u00e9es et \u00e0 port\u00e9e de main facilitent vraiment la couture. Tout a \u00e9t\u00e9 \u00e9tudi\u00e9 pour rendre vos manipulations rapides. Barre aiguille fixe : Pour une meilleure solidit\u00e9 du produit. Am\u00e9liore la stabilit\u00e9 lors de la couture ou lors de la manipulation de l&rsquo;enfile-aiguille. Prise en main facile Rapport qualit\u00e9\/ Prix Enfile aiguille simple \u00e0 utiliser Douce et silencieuse \u00a0 \u00a0 Accessoires et pieds inclus Jeu d&rsquo;aiguilles Aiguille jumel\u00e9e 4 canettes D\u00e9couseur Brosse de nettoyage Tournevis en forme de disque Tournevis Porte-bobine suppl\u00e9mentaire Couvercles de bobine (grand + moyen + petit) Filet de la bobine Bo\u00eetier de la canette Pied zigzag &lsquo;J&rsquo; (sur la machine) Pied pour faufilage &lsquo;G&rsquo; Pied pour fermetures \u00e0 glissi\u00e8re &lsquo;I&rsquo; Pied pour point invisible &lsquo;R&rsquo; Pied pour boutons &lsquo;M&rsquo; Pied pour boutonni\u00e8res &lsquo;A&rsquo; Retrouvez tous les accessoires compatibles avec cette machine en cliquant ici \u00c9galement inclus : Housse souple, P\u00e9dale, Sac d&rsquo;accessoires, Manuel d&rsquo;instructions Assistance t\u00e9l\u00e9phonique, pi\u00e8ces, main-d&rsquo;\u0153uvre, frais de transport &#8211; aller\/retour &#8211; uniquement pour la France m\u00e9tropolitaine (dont la Corse), la Belgique et le Luxembourg<\/p>\n<\/div>\n<p><bl-button a11yexpanded=\"false\" arialabel=\"Afficher toute la description\" class=\"read-more__btn\" full=\"false\" link=\"true\">Voir plus<\/bl-button><\/div>","protected":false},"excerpt":{"rendered":"<div class=\"keypoints\">\n<h3 class=\"keypoints__title\">Les points cl\u00e9s<\/h3>\n<ul role=\"list\">\n<li class=\"keypoints__item\" role=\"listitem\">                                        Machine \u00e0 coudre \u00e9lectronique                      <\/li>\n<li class=\"keypoints__item\" role=\"listitem\">                                        Longueur du point : non                      <\/li>\n<\/ul>","protected":false},"featured_media":80752,"template":"","meta":{"_glsr_average":0,"_glsr_ranking":0,"_glsr_reviews":0},"product_cat":[436],"product_tag":[437,438,153],"class_list":{"0":"post-80753","1":"product","2":"type-product","3":"status-publish","4":"has-post-thumbnail","6":"product_cat-machine-a-coudre","7":"product_tag-couture","8":"product_tag-machine-a-coudre","9":"product_tag-maison-entretien","11":"first","12":"instock","13":"sale","14":"shipping-taxable","15":"purchasable","16":"product-type-simple"},"_links":{"self":[{"href":"https:\/\/electromenagerexpress.com\/en\/wp-json\/wp\/v2\/product\/80753","targetHints":{"allow":["GET"]}}],"collection":[{"href":"https:\/\/electromenagerexpress.com\/en\/wp-json\/wp\/v2\/product"}],"about":[{"href":"https:\/\/electromenagerexpress.com\/en\/wp-json\/wp\/v2\/types\/product"}],"wp:featuredmedia":[{"embeddable":true,"href":"https:\/\/electromenagerexpress.com\/en\/wp-json\/wp\/v2\/media\/80752"}],"wp:attachment":[{"href":"https:\/\/electromenagerexpress.com\/en\/wp-json\/wp\/v2\/media?parent=80753"}],"wp:term":[{"taxonomy":"product_cat","embeddable":true,"href":"https:\/\/electromenagerexpress.com\/en\/wp-json\/wp\/v2\/product_cat?post=80753"},{"taxonomy":"product_tag","embeddable":true,"href":"https:\/\/electromenagerexpress.com\/en\/wp-json\/wp\/v2\/product_tag?post=80753"}],"curies":[{"name":"wp","href":"https:\/\/api.w.org\/{rel}","templated":true}]}}