{"id":80749,"date":"2024-11-24T15:09:48","date_gmt":"2024-11-24T15:09:48","guid":{"rendered":"https:\/\/electromenagerexpress.com\/product\/surjeteuseberninal460\/"},"modified":"2024-11-24T15:09:48","modified_gmt":"2024-11-24T15:09:48","slug":"surjeteuseberninal460","status":"publish","type":"product","link":"https:\/\/electromenagerexpress.com\/en\/product\/surjeteuseberninal460\/","title":{"rendered":"Surjeteuse\t\t\t\t\t\t\tBERNINA\t\t\t\tL460"},"content":{"rendered":"<div class=\"product-features__content\">\n<ul role=\"list\">\n<li class=\"product-features__item\" role=\"listitem\">\n<h3 class=\"product-features__label\">Caract\u00e9ristiques g\u00e9n\u00e9rales<\/h3>\n<ul role=\"list\">\n<li class=\"product-features__item-list__item\" role=\"listitem\"><span class=\"is--medium\">Machine :<\/span> Surjeteuse\t\t\t\t\t<\/li>\n<li class=\"product-features__item-list__item\" role=\"listitem\"><span class=\"is--medium\">Cat\u00e9gorie :<\/span> Confection\t\t\t\t\t<\/li>\n<li class=\"product-features__item-list__item\" role=\"listitem\"><span class=\"is--medium\">Plaque \u00e0 aiguille gradu\u00e9e :<\/span> Oui\t\t\t\t\t<\/li>\n<li class=\"product-features__item-list__item\" role=\"listitem\"><span class=\"is--medium\">Porte bobine :<\/span> non concern\u00e9\t\t\t\t\t<\/li>\n<li class=\"product-features__item-list__item\" role=\"listitem\"><span class=\"is--medium\">Porte canette m\u00e9tallique :<\/span> Non\t\t\t\t\t<\/li>\n<li class=\"product-features__item-list__item\" role=\"listitem\"><span class=\"is--medium\">Couleur :<\/span> Blanc\t\t\t\t\t<\/li>\n<li class=\"product-features__item-list__item\" role=\"listitem\"><span class=\"is--medium\">Griffe d&rsquo;entrainement :<\/span> non concern\u00e9\t\t\t\t\t<\/li>\n<\/ul>\n<\/li>\n<li class=\"product-features__item\" role=\"listitem\">\n<h3 class=\"product-features__label\">R\u00e9glages<\/h3>\n<ul role=\"list\">\n<li class=\"product-features__item-list__item\" role=\"listitem\"><span class=\"is--medium\">Largeur du point :<\/span> non\t\t\t\t\t<\/li>\n<li class=\"product-features__item-list__item\" role=\"listitem\"><span class=\"is--medium\">Largeur des points :<\/span> non communiqu\u00e9\t\t\t\t\t<\/li>\n<li class=\"product-features__item-list__item\" role=\"listitem\"><span class=\"is--medium\">Longueur du point :<\/span> non\t\t\t\t\t<\/li>\n<li class=\"product-features__item-list__item\" role=\"listitem\"><span class=\"is--medium\">Longueur des points :<\/span> non communiqu\u00e9\t\t\t\t\t<\/li>\n<li class=\"product-features__item-list__item\" role=\"listitem\"><span class=\"is--medium\">Tension du fil :<\/span> non communiqu\u00e9\t\t\t\t\t<\/li>\n<li class=\"product-features__item-list__item\" role=\"listitem\"><span class=\"is--medium\">Pression du pied de biche :<\/span> non\t\t\t\t\t<\/li>\n<li class=\"product-features__item-list__item\" role=\"listitem\"><span class=\"is--medium\">Hauteur du pied de biche :<\/span> Non\t\t\t\t\t<\/li>\n<li class=\"product-features__item-list__item\" role=\"listitem\"><span class=\"is--medium\">Le saviez-vous :<\/span> situ\u00e9 sous l&rsquo;aiguille, le pied de biche (ou pied presseur) sert \u00e0 plaquer le tissu contre la plaque \u00e0 aiguilles et les griffes d&rsquo;entrainement. Il existe differents mod\u00e8les comme le pied universel pour la couture de base ou encore le pied pour boutonniere\t\t\t\t\t<\/li>\n<\/ul>\n<\/li>\n<li class=\"product-features__item\" role=\"listitem\">\n<h3 class=\"product-features__label\">Programmes<\/h3>\n<ul role=\"list\">\n<li class=\"product-features__item-list__item\" role=\"listitem\"><span class=\"is--medium\">Boutonni\u00e8re :<\/span> sans boutonni\u00e8re\t\t\t\t\t<\/li>\n<li class=\"product-features__item-list__item\" role=\"listitem\"><span class=\"is--medium\">Points utilitaires :<\/span> Oui\t\t\t\t\t<\/li>\n<li class=\"product-features__item-list__item\" role=\"listitem\"><span class=\"is--medium\">Points d\u00e9coratifs :<\/span> Oui\t\t\t\t\t<\/li>\n<li class=\"product-features__item-list__item\" role=\"listitem\"><span class=\"is--medium\">Points extensibles :<\/span> Non\t\t\t\t\t<\/li>\n<\/ul>\n<\/li>\n<li class=\"product-features__item\" role=\"listitem\">\n<h3 class=\"product-features__label\">Fonctions sp\u00e9cifiques<\/h3>\n<ul role=\"list\">\n<li class=\"product-features__item-list__item\" role=\"listitem\"><span class=\"is--medium\">Fonction marche arri\u00e8re :<\/span> Non\t\t\t\t\t<\/li>\n<li class=\"product-features__item-list__item\" role=\"listitem\"><span class=\"is--medium\">Fonction couture des boutons :<\/span> Oui\t\t\t\t\t<\/li>\n<\/ul>\n<\/li>\n<li class=\"product-features__item\" role=\"listitem\">\n<h3 class=\"product-features__label\">Transport et rangement<\/h3>\n<ul role=\"list\">\n<li class=\"product-features__item-list__item\" role=\"listitem\"><span class=\"is--medium\">Poign\u00e9e de transport :<\/span> Oui\t\t\t\t\t<\/li>\n<li class=\"product-features__item-list__item\" role=\"listitem\"><span class=\"is--medium\">Bo\u00eete d&rsquo;accessoires int\u00e9gr\u00e9e :<\/span> Oui\t\t\t\t\t<\/li>\n<li class=\"product-features__item-list__item\" role=\"listitem\"><span class=\"is--medium\">Housse ou valise rigide pour le rangement et transport :<\/span> Non\t\t\t\t\t<\/li>\n<\/ul>\n<\/li>\n<li class=\"product-features__item\" role=\"listitem\">\n<h3 class=\"product-features__label\">Informations et Services<\/h3>\n<ul role=\"list\">\n<li class=\"product-features__item-list__item\" role=\"listitem\"><span class=\"is--medium\">Fabriqu\u00e9 en :<\/span> Chine\t\t\t\t\t<\/li>\n<li class=\"product-features__item-list__item\" role=\"listitem\"><span class=\"is--medium\">Disponibilit\u00e9 des pi\u00e8ces d\u00e9tach\u00e9es (donn\u00e9es fournisseur) :<\/span> Non communiqu\u00e9e\t\t\t\t\t<\/li>\n<li class=\"product-features__item-list__item\" role=\"listitem\"><span class=\"is--medium\">R\u00e9f\u00e9rence constructeur :<\/span> L460\t\t\t\t\t<\/li>\n<li class=\"product-features__item-list__item\" role=\"listitem\"><span class=\"is--medium\">Marque :<\/span> BERNINA\t\t\t\t\t<\/li>\n<\/ul>\n<\/li>\n<li class=\"product-features__item\" role=\"listitem\">\n<h3 class=\"product-features__label\">Dimensions<\/h3>\n<ul role=\"list\">\n<li class=\"product-features__item-list__item\" role=\"listitem\"><span class=\"is--medium\">Poids Net (kg) :<\/span> 14,0 kg\t\t\t\t\t<\/li>\n<\/ul>\n<\/li>\n<\/ul>\n<\/div>\n<div class=\"product__disclosure-content\">\n<div class=\"js-read-more product-description__content read-more read-more--truncated\" data-read-more-name=\"description\" style=\"max-height: 500px; overflow: hidden;\">\n<p>Surjeteuse Bernina L460 &#8211; Garantie 5 ans Avec la surjeteuse BERNINA L460, vous gagnez en temps et en vitesse dans votre travail avec ses 1500 points par minute. Vos projets de couture prennent forme rapidement et avec peu d&rsquo;efforts. La fonction MCT (exclusivit\u00e9 Bernina) rend la surjeteuse BERNINA facile \u00e0 utiliser et assure une haute qualit\u00e9 jusqu&rsquo;au dernier point. Pour coudre de mani\u00e8re cr\u00e9ative les tricots et les tissus stretch, la surjeteuse Bernina L460 sera \u00e0 vos cot\u00e9s. Elle propose un contr\u00f4le exceptionnel de la vitesse gr\u00e2ce \u00e0 la p\u00e9dale BERNINA et au moteur \u00e0 courant continu (CC). Il permet de coudre point par point et d&rsquo;atteindre une vitesse de pointe de 1.500 points par minute. Vous r\u00e9aliserez des coutures et des ourlets en un temps record avec une qualit\u00e9 de point optimale. L&rsquo;arr\u00eat haut automatique garantit que les aiguilles et les crochets se trouvent toujours dans une position correcte. Notice en fran\u00e7ais. \u00a0 Caract\u00e9ristiques : 16 points Micro thread Control (mtc) Largeur de couture en point de surjet de 3 \u00e0 9 mm Couteau sup\u00e9rieur entra\u00een\u00e9 par le bas Levier de pied-de-biche en 2 \u00e9tapes Pression du pied-de-biche en 5 \u00e9tapes Levier pour l&rsquo;ourlet roul\u00e9 int\u00e9gr\u00e9 dans la plaque d&rsquo;aiguille Vitesse de couture : 1500 points par minute \u00c9clairage LED Syst\u00e8me mains libres (FHS) Bernina &#8211; le levier de pied permet de lever le pied-de-biche : Avec le syst\u00e8me mains libres Bernina (FHS), vous avez toujours les deux mains libres pour coudre et d\u00e9placer le tissu : une genouill\u00e8re permet de lever le pied de biche quand n\u00e9cessaire. Le syst\u00e8me FHS facilite le travail de tissus fins ou particuli\u00e8rement lourds, car vous pouvez les tenir des deux mains pendant la couture P\u00e9dale Bernina incluse : Contr\u00f4le de la vitesse de haute qualit\u00e9 gr\u00e2ce \u00e0 la p\u00e9dale Bernina et au moteur DC performant Possibilit\u00e9 de coudre lentement point par point pour un maximum de 1500 points par minute Table rallonge pour une plus grande surface de travail : Plus grande surface de travail pour les grands projets de surjet Commande facile : Tous les r\u00e9glages peuvent \u00eatre modifi\u00e9s pendant le travail de couture, y compris la largeur de coupe entre 3 et 9 mm et la longueur de point entre 0.8 et 4 mm Contr\u00f4le du fil brevet\u00e9 mtc (micro thread control) : la quantit\u00e9 de fil de la boucle s&rsquo;ajuste au bord du tissu Pour des coutures professionnelles, des bords et des ourlets propres jusqu&rsquo;\u00e0 9 mm de largeur Enfilage facile : Enfileur manuel pour un enfilage facile et ergonomique Les chemins d&rsquo;enfilages grav\u00e9s en couleur et le volant indicateur de position permettent un enfilage facile Bon \u00e9clairage de la zone des boucleurs et des aiguilles : Facilite l&rsquo;enfilage des boucleurs et des aiguilles \u00c9clairage sans ombre pour une couture pr\u00e9cise y compris sur des tissus sombres Beaucoup de place pour les accessoires : Les accessoires les plus souvent utilis\u00e9s sont bien rang\u00e9s dans le couvercle du boucleur et accessibles \u00e0 tout moment Le guide de couture, le disque de d\u00e9roulement du fil et les outils peuvent se ranger dans le coffret \u00e0 accessoires s\u00e9par\u00e9 D\u00e9couvrez une grande diversit\u00e9 de pieds-de-biche optionnels pour une couture cr\u00e9ative avec la surjeteuse. Table rallonge Syst\u00e8me mains libres (FHS) (genoux) Enfilage simplifi\u00e9 Vitesse 1500 points \/mm Syst\u00e8me MTC \u00a0 Accessoires et Pieds inclus : Accessoires : Syst\u00e8me mains libres (FHS) Bernina avec levier au niveau du genou : genouill\u00e8re Table rallonge Recouvrement du crochet sup\u00e9rieur ( convertisseur) Guide ourlet Set d&rsquo;aiguilles Pieds : Pied de biche de surjet standard \u00c9galement inclus : Housse de protection, R\u00e9cipient pour les chutes de tissus \u00a0 Retrouvez tous les accessoires compatibles avec cette machine ici \u00a0 Assistance t\u00e9l\u00e9phonique, pi\u00e8ces, main-d&rsquo;\u0153uvre, frais de transport &#8211; aller\/retour &#8211; uniquement pour la France m\u00e9tropolitaine (dont la Corse), la Belgique et le Luxembourg<\/p>\n<\/div>\n<p><bl-button a11yexpanded=\"false\" arialabel=\"Afficher toute la description\" class=\"read-more__btn\" full=\"false\" link=\"true\">Voir plus<\/bl-button><\/div>","protected":false},"excerpt":{"rendered":"<div class=\"keypoints\">\n<h3 class=\"keypoints__title\">Les points cl\u00e9s<\/h3>\n<ul role=\"list\">\n<li class=\"keypoints__item\" role=\"listitem\">                                        Surjeteuse                      <\/li>\n<li class=\"keypoints__item\" role=\"listitem\">                                        Longueur du point : non                      <\/li>\n<\/ul>","protected":false},"featured_media":80748,"template":"","meta":{"_glsr_average":0,"_glsr_ranking":0,"_glsr_reviews":0},"product_cat":[441],"product_tag":[437,153,442],"class_list":{"0":"post-80749","1":"product","2":"type-product","3":"status-publish","4":"has-post-thumbnail","6":"product_cat-surjeteuse","7":"product_tag-couture","8":"product_tag-maison-entretien","9":"product_tag-surjeteuse","11":"first","12":"instock","13":"sale","14":"shipping-taxable","15":"purchasable","16":"product-type-simple"},"_links":{"self":[{"href":"https:\/\/electromenagerexpress.com\/en\/wp-json\/wp\/v2\/product\/80749","targetHints":{"allow":["GET"]}}],"collection":[{"href":"https:\/\/electromenagerexpress.com\/en\/wp-json\/wp\/v2\/product"}],"about":[{"href":"https:\/\/electromenagerexpress.com\/en\/wp-json\/wp\/v2\/types\/product"}],"wp:featuredmedia":[{"embeddable":true,"href":"https:\/\/electromenagerexpress.com\/en\/wp-json\/wp\/v2\/media\/80748"}],"wp:attachment":[{"href":"https:\/\/electromenagerexpress.com\/en\/wp-json\/wp\/v2\/media?parent=80749"}],"wp:term":[{"taxonomy":"product_cat","embeddable":true,"href":"https:\/\/electromenagerexpress.com\/en\/wp-json\/wp\/v2\/product_cat?post=80749"},{"taxonomy":"product_tag","embeddable":true,"href":"https:\/\/electromenagerexpress.com\/en\/wp-json\/wp\/v2\/product_tag?post=80749"}],"curies":[{"name":"wp","href":"https:\/\/api.w.org\/{rel}","templated":true}]}}