{"id":80720,"date":"2024-11-24T15:09:21","date_gmt":"2024-11-24T15:09:21","guid":{"rendered":"https:\/\/electromenagerexpress.com\/product\/machine-a-coudrejukihzl-g120\/"},"modified":"2024-11-24T15:09:21","modified_gmt":"2024-11-24T15:09:21","slug":"machine-a-coudrejukihzl-g120","status":"publish","type":"product","link":"https:\/\/electromenagerexpress.com\/en\/product\/machine-a-coudrejukihzl-g120\/","title":{"rendered":"Machine \u00e0 coudre\t\t\t\t\t\t\tJUKI\t\t\t\tHZL G120"},"content":{"rendered":"<div class=\"product-features__content\">\n<ul role=\"list\">\n<li class=\"product-features__item\" role=\"listitem\">\n<h3 class=\"product-features__label\">Caract\u00e9ristiques g\u00e9n\u00e9rales<\/h3>\n<ul role=\"list\">\n<li class=\"product-features__item-list__item\" role=\"listitem\"><span class=\"is--medium\">Machine :<\/span> Machine \u00e0 coudre \u00e9lectronique\t\t\t\t\t<\/li>\n<li class=\"product-features__item-list__item\" role=\"listitem\"><span class=\"is--medium\">Cat\u00e9gorie :<\/span> Confection\t\t\t\t\t<\/li>\n<li class=\"product-features__item-list__item\" role=\"listitem\"><span class=\"is--medium\">Plaque \u00e0 aiguille gradu\u00e9e :<\/span> Oui\t\t\t\t\t<\/li>\n<li class=\"product-features__item-list__item\" role=\"listitem\"><span class=\"is--medium\">Porte bobine :<\/span> non concern\u00e9\t\t\t\t\t<\/li>\n<li class=\"product-features__item-list__item\" role=\"listitem\"><span class=\"is--medium\">Porte canette m\u00e9tallique :<\/span> Non\t\t\t\t\t<\/li>\n<li class=\"product-features__item-list__item\" role=\"listitem\"><span class=\"is--medium\">Couleur :<\/span> Blanc\t\t\t\t\t<\/li>\n<li class=\"product-features__item-list__item\" role=\"listitem\"><span class=\"is--medium\">Griffe d&rsquo;entrainement :<\/span> non concern\u00e9\t\t\t\t\t<\/li>\n<\/ul>\n<\/li>\n<li class=\"product-features__item\" role=\"listitem\">\n<h3 class=\"product-features__label\">R\u00e9glages<\/h3>\n<ul role=\"list\">\n<li class=\"product-features__item-list__item\" role=\"listitem\"><span class=\"is--medium\">Largeur du point :<\/span> non\t\t\t\t\t<\/li>\n<li class=\"product-features__item-list__item\" role=\"listitem\"><span class=\"is--medium\">Largeur des points :<\/span> non communiqu\u00e9\t\t\t\t\t<\/li>\n<li class=\"product-features__item-list__item\" role=\"listitem\"><span class=\"is--medium\">Longueur du point :<\/span> non\t\t\t\t\t<\/li>\n<li class=\"product-features__item-list__item\" role=\"listitem\"><span class=\"is--medium\">Longueur des points :<\/span> non communiqu\u00e9\t\t\t\t\t<\/li>\n<li class=\"product-features__item-list__item\" role=\"listitem\"><span class=\"is--medium\">Tension du fil :<\/span> non communiqu\u00e9\t\t\t\t\t<\/li>\n<li class=\"product-features__item-list__item\" role=\"listitem\"><span class=\"is--medium\">Pression du pied de biche :<\/span> non\t\t\t\t\t<\/li>\n<li class=\"product-features__item-list__item\" role=\"listitem\"><span class=\"is--medium\">Hauteur du pied de biche :<\/span> Non\t\t\t\t\t<\/li>\n<li class=\"product-features__item-list__item\" role=\"listitem\"><span class=\"is--medium\">Le saviez-vous :<\/span> situ\u00e9 sous l&rsquo;aiguille, le pied de biche (ou pied presseur) sert \u00e0 plaquer le tissu contre la plaque \u00e0 aiguilles et les griffes d&rsquo;entrainement. Il existe differents mod\u00e8les comme le pied universel pour la couture de base ou encore le pied pour boutonniere\t\t\t\t\t<\/li>\n<\/ul>\n<\/li>\n<li class=\"product-features__item\" role=\"listitem\">\n<h3 class=\"product-features__label\">Programmes<\/h3>\n<ul role=\"list\">\n<li class=\"product-features__item-list__item\" role=\"listitem\"><span class=\"is--medium\">Boutonni\u00e8re :<\/span> sans boutonni\u00e8re\t\t\t\t\t<\/li>\n<li class=\"product-features__item-list__item\" role=\"listitem\"><span class=\"is--medium\">Points utilitaires :<\/span> Oui\t\t\t\t\t<\/li>\n<li class=\"product-features__item-list__item\" role=\"listitem\"><span class=\"is--medium\">Points d\u00e9coratifs :<\/span> Oui\t\t\t\t\t<\/li>\n<li class=\"product-features__item-list__item\" role=\"listitem\"><span class=\"is--medium\">Points extensibles :<\/span> Non\t\t\t\t\t<\/li>\n<\/ul>\n<\/li>\n<li class=\"product-features__item\" role=\"listitem\">\n<h3 class=\"product-features__label\">Fonctions sp\u00e9cifiques<\/h3>\n<ul role=\"list\">\n<li class=\"product-features__item-list__item\" role=\"listitem\"><span class=\"is--medium\">Fonction marche arri\u00e8re :<\/span> Oui\t\t\t\t\t<\/li>\n<li class=\"product-features__item-list__item\" role=\"listitem\"><span class=\"is--medium\">Fonction couture des boutons :<\/span> Oui\t\t\t\t\t<\/li>\n<\/ul>\n<\/li>\n<li class=\"product-features__item\" role=\"listitem\">\n<h3 class=\"product-features__label\">Transport et rangement<\/h3>\n<ul role=\"list\">\n<li class=\"product-features__item-list__item\" role=\"listitem\"><span class=\"is--medium\">Poign\u00e9e de transport :<\/span> Oui\t\t\t\t\t<\/li>\n<li class=\"product-features__item-list__item\" role=\"listitem\"><span class=\"is--medium\">Bo\u00eete d&rsquo;accessoires int\u00e9gr\u00e9e :<\/span> Oui\t\t\t\t\t<\/li>\n<li class=\"product-features__item-list__item\" role=\"listitem\"><span class=\"is--medium\">Housse ou valise rigide pour le rangement et transport :<\/span> Non\t\t\t\t\t<\/li>\n<\/ul>\n<\/li>\n<li class=\"product-features__item\" role=\"listitem\">\n<h3 class=\"product-features__label\">Informations et Services<\/h3>\n<ul role=\"list\">\n<li class=\"product-features__item-list__item\" role=\"listitem\"><span class=\"is--medium\">Fabriqu\u00e9 en :<\/span> Chine\t\t\t\t\t<\/li>\n<li class=\"product-features__item-list__item\" role=\"listitem\"><span class=\"is--medium\">Disponibilit\u00e9 des pi\u00e8ces d\u00e9tach\u00e9es (donn\u00e9es fournisseur) :<\/span> Non communiqu\u00e9e\t\t\t\t\t<\/li>\n<li class=\"product-features__item-list__item\" role=\"listitem\"><span class=\"is--medium\">R\u00e9f\u00e9rence constructeur :<\/span> HZL G120\t\t\t\t\t<\/li>\n<li class=\"product-features__item-list__item\" role=\"listitem\"><span class=\"is--medium\">Marque :<\/span> JUKI\t\t\t\t\t<\/li>\n<\/ul>\n<\/li>\n<li class=\"product-features__item\" role=\"listitem\">\n<h3 class=\"product-features__label\">Dimensions<\/h3>\n<ul role=\"list\">\n<li class=\"product-features__item-list__item\" role=\"listitem\"><span class=\"is--medium\">Poids Net (kg) :<\/span> 13,0 kg\t\t\t\t\t<\/li>\n<\/ul>\n<\/li>\n<\/ul>\n<\/div>\n<div class=\"product__disclosure-content\">\n<div class=\"js-read-more product-description__content\" data-read-more-name=\"description\" style=\"max-height: 500px; overflow: hidden;\">\n<p>Machine \u00e0 coudre m\u00e9canique JUKI HZL-G120 &#8211; Garantie 5 ans La Machine \u00e0 coudre \u00e9lectronique JUKI HZL-G120 est une machine \u00e0 coudre robuste, simple d&rsquo;utilisation et tr\u00e8s performante. Cette machine \u00e0 coudre est dot\u00e9e d&rsquo;une griffe d&rsquo;entrainement \u00e0 mouvement rectangulaire issue de la technologie industrielle. Cette technologie vous permettra de coudre n&rsquo;importe quel type de tissu. Cette machine \u00e0 coudre est id\u00e9ale pour les couturi\u00e8res qui d\u00e9sirent utiliser une machine simple, robuste et tr\u00e8s performante. Avec son r\u00e9gulateur de vitesse, elle peut \u00eatre utilis\u00e9e sans p\u00e9dale et il est possible de r\u00e9guler sa vitesse de mani\u00e8re tr\u00e8s pr\u00e9cise. C&rsquo;est une des machines \u00e0 coudre les plus performantes de sa cat\u00e9gorie. Livr\u00e9e avec une housse de protection et le mode d&#8217;emploi en fran\u00e7ais. \u00a0 Caract\u00e9ristiques : 180 points 1 alphabet L&rsquo;enfilage automatique 8 boutonni\u00e8res de haute qualit\u00e9 L&rsquo;\u00e9clairage par LED L&rsquo;entra\u00eenement de griffe par mouvement rectangulaire issu de la technologie industrielle fonction m\u00e9moire : enregistrez votre point de couture. Large espace de couture Pr\u00e9paration rapide de la canette Vitesse : 900 points\/minute Longueur de point : 5mm max Largeur Zigzag : 7mm max Dimensions : 445(L) x 292(H) x 223(P) mm \u00a0 \u00a0 Simplicit\u00e9 d&rsquo;enfilage et d&rsquo;utilisation Enfile aiguille automatique Griffe \u00e0 mouvement rectangulaire (Technologie industrielle) R\u00e9gulateur de vitesse Rapport qualit\u00e9 prix \u00a0 \u00a0 Accessoires et pieds inclus Tournevis en T D\u00e9couseur \/ Brosse de nettoyage Kit d&rsquo;aiguilles Coiffes (petite et grande) Canettes x4 Pied presseur standard Pied pour surjeter Pied fermeture \u00e0 glissi\u00e8re Pied ourlet invisible Pied boutonni\u00e8re manuelle Pied boutonni\u00e8re automatique Retrouvez tous les accessoires compatibles avec cette machine en cliquant ici \u00c9galement inclus : P\u00e9dale, manuel d&rsquo;instruction, cordon d&rsquo;alimentation, DVD du mode d&#8217;emploi Assistance t\u00e9l\u00e9phonique, pi\u00e8ces, main-d&rsquo;\u0153uvre, frais de transport &#8211; aller\/retour &#8211; uniquement pour la France m\u00e9tropolitaine (dont la Corse), la Belgique et le Luxembourg<\/p>\n<\/div>\n<\/div>","protected":false},"excerpt":{"rendered":"<div class=\"keypoints\">\n<h3 class=\"keypoints__title\">Les points cl\u00e9s<\/h3>\n<ul role=\"list\">\n<li class=\"keypoints__item\" role=\"listitem\">                                        Machine \u00e0 coudre \u00e9lectronique                      <\/li>\n<li class=\"keypoints__item\" role=\"listitem\">                                        Longueur du point : non                      <\/li>\n<\/ul>","protected":false},"featured_media":80719,"template":"","meta":{"_glsr_average":0,"_glsr_ranking":0,"_glsr_reviews":0},"product_cat":[436],"product_tag":[437,438,153],"class_list":{"0":"post-80720","1":"product","2":"type-product","3":"status-publish","4":"has-post-thumbnail","6":"product_cat-machine-a-coudre","7":"product_tag-couture","8":"product_tag-machine-a-coudre","9":"product_tag-maison-entretien","11":"first","12":"instock","13":"sale","14":"shipping-taxable","15":"purchasable","16":"product-type-simple"},"_links":{"self":[{"href":"https:\/\/electromenagerexpress.com\/en\/wp-json\/wp\/v2\/product\/80720","targetHints":{"allow":["GET"]}}],"collection":[{"href":"https:\/\/electromenagerexpress.com\/en\/wp-json\/wp\/v2\/product"}],"about":[{"href":"https:\/\/electromenagerexpress.com\/en\/wp-json\/wp\/v2\/types\/product"}],"wp:featuredmedia":[{"embeddable":true,"href":"https:\/\/electromenagerexpress.com\/en\/wp-json\/wp\/v2\/media\/80719"}],"wp:attachment":[{"href":"https:\/\/electromenagerexpress.com\/en\/wp-json\/wp\/v2\/media?parent=80720"}],"wp:term":[{"taxonomy":"product_cat","embeddable":true,"href":"https:\/\/electromenagerexpress.com\/en\/wp-json\/wp\/v2\/product_cat?post=80720"},{"taxonomy":"product_tag","embeddable":true,"href":"https:\/\/electromenagerexpress.com\/en\/wp-json\/wp\/v2\/product_tag?post=80720"}],"curies":[{"name":"wp","href":"https:\/\/api.w.org\/{rel}","templated":true}]}}