{"id":80716,"date":"2024-11-24T15:09:18","date_gmt":"2024-11-24T15:09:18","guid":{"rendered":"https:\/\/electromenagerexpress.com\/product\/prym610027\/"},"modified":"2024-11-24T15:09:18","modified_gmt":"2024-11-24T15:09:18","slug":"prym610027","status":"publish","type":"product","link":"https:\/\/electromenagerexpress.com\/en\/product\/prym610027\/","title":{"rendered":"PRYM\t\t\t\t610027"},"content":{"rendered":"<div class=\"product-features__content\">\n<ul role=\"list\">\n<li class=\"product-features__item\" role=\"listitem\">\n<h3 class=\"product-features__label\">Informations et Services<\/h3>\n<ul role=\"list\">\n<li class=\"product-features__item-list__item\" role=\"listitem\"><span class=\"is--medium\">Disponibilit\u00e9 des pi\u00e8ces d\u00e9tach\u00e9es (donn\u00e9es fournisseur) :<\/span> Non communiqu\u00e9e\t\t\t\t\t<\/li>\n<\/ul>\n<\/li>\n<\/ul>\n<\/div>\n<div class=\"product__disclosure-content\">\n<div class=\"js-read-more product-description__content read-more read-more--truncated\" data-read-more-name=\"description\" style=\"max-height: 500px; overflow: hidden;\">\n<p>Le mannequin couture Lady Valet dispose d&rsquo;un pied et cou en bois naturel. Tr\u00e8s esth\u00e9tique, il pourra tr\u00e8s bien \u00eatre utilis\u00e9 comme \u00e9l\u00e9ment de d\u00e9coration.<\/p>\n<p>Avec en Bonus GRATUIT :<\/p>\n<ul> <\/p>\n<li>1 Arrondisseur \u00e0 poudre<\/li>\n<p> <\/p>\n<li>1 brosse pour le mannequin<\/li>\n<p> <\/p>\n<li>1 centim\u00e8tre de couturi\u00e8re<\/li>\n<p><\/ul>\n<p>Le plus produit : Le buste du mannequin peut se r\u00e9gler en hauteur<\/p>\n<ul> <\/p>\n<li>Tour de poitrine en cm 100\/119<\/li>\n<p> <\/p>\n<li>Tour de taille en cm 74\/94<\/li>\n<p> <\/p>\n<li>Tour de hanches en cm 102\/122<\/li>\n<p> <\/p>\n<li>4 boutons poitrine<\/li>\n<p> <\/p>\n<li>2 boutons ceinture<\/li>\n<p> <\/p>\n<li>4 boutons hanche<\/li>\n<p> <\/p>\n<li>10 boutons auto-r\u00e9glage pr\u00e9cis<\/li>\n<p> <\/p>\n<li>1 molette pour le cou<\/li>\n<p><\/ul>\n<p>\u00a0<\/p>\n<ul> <\/p>\n<li>Rev\u00eatement : Maille double mousse.<\/li>\n<p> <\/p>\n<li>R\u00e9glage du cou : oui<\/li>\n<p> <\/p>\n<li>R\u00e9glage de la hauteur : oui<\/li>\n<p> <\/p>\n<li>Indicateur d&rsquo;ourlet : oui<\/li>\n<p><\/ul>\n<p>Fabrication Union Europ\u00e9enne<\/p>\n<\/p>\n<\/div>\n<p><bl-button a11yexpanded=\"false\" arialabel=\"Afficher toute la description\" class=\"read-more__btn\" full=\"false\" link=\"true\"><\/bl-button><\/div>","protected":false},"excerpt":{"rendered":"<p>None<\/p>","protected":false},"featured_media":80715,"template":"","meta":{"_glsr_average":0,"_glsr_ranking":0,"_glsr_reviews":0},"product_cat":[446],"product_tag":[448,447,153],"class_list":{"0":"post-80716","1":"product","2":"type-product","3":"status-publish","4":"has-post-thumbnail","6":"product_cat-accessoire-couture","7":"product_tag-accessoire-couture","8":"product_tag-accessoires-maison-entretien","9":"product_tag-maison-entretien","11":"first","12":"instock","13":"sale","14":"shipping-taxable","15":"purchasable","16":"product-type-simple"},"_links":{"self":[{"href":"https:\/\/electromenagerexpress.com\/en\/wp-json\/wp\/v2\/product\/80716","targetHints":{"allow":["GET"]}}],"collection":[{"href":"https:\/\/electromenagerexpress.com\/en\/wp-json\/wp\/v2\/product"}],"about":[{"href":"https:\/\/electromenagerexpress.com\/en\/wp-json\/wp\/v2\/types\/product"}],"wp:featuredmedia":[{"embeddable":true,"href":"https:\/\/electromenagerexpress.com\/en\/wp-json\/wp\/v2\/media\/80715"}],"wp:attachment":[{"href":"https:\/\/electromenagerexpress.com\/en\/wp-json\/wp\/v2\/media?parent=80716"}],"wp:term":[{"taxonomy":"product_cat","embeddable":true,"href":"https:\/\/electromenagerexpress.com\/en\/wp-json\/wp\/v2\/product_cat?post=80716"},{"taxonomy":"product_tag","embeddable":true,"href":"https:\/\/electromenagerexpress.com\/en\/wp-json\/wp\/v2\/product_tag?post=80716"}],"curies":[{"name":"wp","href":"https:\/\/api.w.org\/{rel}","templated":true}]}}