{"id":80714,"date":"2024-11-24T15:09:16","date_gmt":"2024-11-24T15:09:16","guid":{"rendered":"https:\/\/electromenagerexpress.com\/product\/machine-a-coudreelnaexcellence-720-pro\/"},"modified":"2024-11-24T15:09:16","modified_gmt":"2024-11-24T15:09:16","slug":"machine-a-coudreelnaexcellence-720-pro","status":"publish","type":"product","link":"https:\/\/electromenagerexpress.com\/en\/product\/machine-a-coudreelnaexcellence-720-pro\/","title":{"rendered":"Machine \u00e0 coudre\t\t\t\t\t\t\tELNA\t\t\t\tEXCELLENCE 720 PRO"},"content":{"rendered":"<div class=\"product-features__content\">\n<ul role=\"list\">\n<li class=\"product-features__item\" role=\"listitem\">\n<h3 class=\"product-features__label\">Caract\u00e9ristiques g\u00e9n\u00e9rales<\/h3>\n<ul role=\"list\">\n<li class=\"product-features__item-list__item\" role=\"listitem\"><span class=\"is--medium\">Machine :<\/span> Machine \u00e0 coudre \u00e9lectronique\t\t\t\t\t<\/li>\n<li class=\"product-features__item-list__item\" role=\"listitem\"><span class=\"is--medium\">Cat\u00e9gorie :<\/span> Confection\t\t\t\t\t<\/li>\n<li class=\"product-features__item-list__item\" role=\"listitem\"><span class=\"is--medium\">Plaque \u00e0 aiguille gradu\u00e9e :<\/span> Oui\t\t\t\t\t<\/li>\n<li class=\"product-features__item-list__item\" role=\"listitem\"><span class=\"is--medium\">Porte bobine :<\/span> non concern\u00e9\t\t\t\t\t<\/li>\n<li class=\"product-features__item-list__item\" role=\"listitem\"><span class=\"is--medium\">Porte canette m\u00e9tallique :<\/span> Non\t\t\t\t\t<\/li>\n<li class=\"product-features__item-list__item\" role=\"listitem\"><span class=\"is--medium\">Couleur :<\/span> Blanc\t\t\t\t\t<\/li>\n<li class=\"product-features__item-list__item\" role=\"listitem\"><span class=\"is--medium\">Griffe d&rsquo;entrainement :<\/span> non concern\u00e9\t\t\t\t\t<\/li>\n<\/ul>\n<\/li>\n<li class=\"product-features__item\" role=\"listitem\">\n<h3 class=\"product-features__label\">R\u00e9glages<\/h3>\n<ul role=\"list\">\n<li class=\"product-features__item-list__item\" role=\"listitem\"><span class=\"is--medium\">Largeur du point :<\/span> non\t\t\t\t\t<\/li>\n<li class=\"product-features__item-list__item\" role=\"listitem\"><span class=\"is--medium\">Largeur des points :<\/span> non communiqu\u00e9\t\t\t\t\t<\/li>\n<li class=\"product-features__item-list__item\" role=\"listitem\"><span class=\"is--medium\">Longueur du point :<\/span> non\t\t\t\t\t<\/li>\n<li class=\"product-features__item-list__item\" role=\"listitem\"><span class=\"is--medium\">Longueur des points :<\/span> non communiqu\u00e9\t\t\t\t\t<\/li>\n<li class=\"product-features__item-list__item\" role=\"listitem\"><span class=\"is--medium\">Tension du fil :<\/span> non communiqu\u00e9\t\t\t\t\t<\/li>\n<li class=\"product-features__item-list__item\" role=\"listitem\"><span class=\"is--medium\">Pression du pied de biche :<\/span> non\t\t\t\t\t<\/li>\n<li class=\"product-features__item-list__item\" role=\"listitem\"><span class=\"is--medium\">Hauteur du pied de biche :<\/span> Non\t\t\t\t\t<\/li>\n<li class=\"product-features__item-list__item\" role=\"listitem\"><span class=\"is--medium\">Le saviez-vous :<\/span> situ\u00e9 sous l&rsquo;aiguille, le pied de biche (ou pied presseur) sert \u00e0 plaquer le tissu contre la plaque \u00e0 aiguilles et les griffes d&rsquo;entrainement. Il existe differents mod\u00e8les comme le pied universel pour la couture de base ou encore le pied pour boutonniere\t\t\t\t\t<\/li>\n<\/ul>\n<\/li>\n<li class=\"product-features__item\" role=\"listitem\">\n<h3 class=\"product-features__label\">Programmes<\/h3>\n<ul role=\"list\">\n<li class=\"product-features__item-list__item\" role=\"listitem\"><span class=\"is--medium\">Boutonni\u00e8re :<\/span> sans boutonni\u00e8re\t\t\t\t\t<\/li>\n<li class=\"product-features__item-list__item\" role=\"listitem\"><span class=\"is--medium\">Points utilitaires :<\/span> Oui\t\t\t\t\t<\/li>\n<li class=\"product-features__item-list__item\" role=\"listitem\"><span class=\"is--medium\">Points d\u00e9coratifs :<\/span> Oui\t\t\t\t\t<\/li>\n<li class=\"product-features__item-list__item\" role=\"listitem\"><span class=\"is--medium\">Points extensibles :<\/span> Non\t\t\t\t\t<\/li>\n<\/ul>\n<\/li>\n<li class=\"product-features__item\" role=\"listitem\">\n<h3 class=\"product-features__label\">Fonctions sp\u00e9cifiques<\/h3>\n<ul role=\"list\">\n<li class=\"product-features__item-list__item\" role=\"listitem\"><span class=\"is--medium\">Fonction marche arri\u00e8re :<\/span> Oui\t\t\t\t\t<\/li>\n<li class=\"product-features__item-list__item\" role=\"listitem\"><span class=\"is--medium\">Fonction couture des boutons :<\/span> Oui\t\t\t\t\t<\/li>\n<\/ul>\n<\/li>\n<li class=\"product-features__item\" role=\"listitem\">\n<h3 class=\"product-features__label\">Transport et rangement<\/h3>\n<ul role=\"list\">\n<li class=\"product-features__item-list__item\" role=\"listitem\"><span class=\"is--medium\">Poign\u00e9e de transport :<\/span> Oui\t\t\t\t\t<\/li>\n<li class=\"product-features__item-list__item\" role=\"listitem\"><span class=\"is--medium\">Bo\u00eete d&rsquo;accessoires int\u00e9gr\u00e9e :<\/span> Oui\t\t\t\t\t<\/li>\n<li class=\"product-features__item-list__item\" role=\"listitem\"><span class=\"is--medium\">Housse ou valise rigide pour le rangement et transport :<\/span> Non\t\t\t\t\t<\/li>\n<\/ul>\n<\/li>\n<li class=\"product-features__item\" role=\"listitem\">\n<h3 class=\"product-features__label\">Informations et Services<\/h3>\n<ul role=\"list\">\n<li class=\"product-features__item-list__item\" role=\"listitem\"><span class=\"is--medium\">Fabriqu\u00e9 en :<\/span> Chine\t\t\t\t\t<\/li>\n<li class=\"product-features__item-list__item\" role=\"listitem\"><span class=\"is--medium\">Disponibilit\u00e9 des pi\u00e8ces d\u00e9tach\u00e9es (donn\u00e9es fournisseur) :<\/span> Non communiqu\u00e9e\t\t\t\t\t<\/li>\n<li class=\"product-features__item-list__item\" role=\"listitem\"><span class=\"is--medium\">R\u00e9f\u00e9rence constructeur :<\/span> EXCELLENCE 720 PRO\t\t\t\t\t<\/li>\n<li class=\"product-features__item-list__item\" role=\"listitem\"><span class=\"is--medium\">Marque :<\/span> ELNA\t\t\t\t\t<\/li>\n<\/ul>\n<\/li>\n<li class=\"product-features__item\" role=\"listitem\">\n<h3 class=\"product-features__label\">Dimensions<\/h3>\n<ul role=\"list\">\n<li class=\"product-features__item-list__item\" role=\"listitem\"><span class=\"is--medium\">Poids Net (kg) :<\/span> 22,0 kg\t\t\t\t\t<\/li>\n<\/ul>\n<\/li>\n<\/ul>\n<\/div>\n<div class=\"product__disclosure-content\">\n<div class=\"js-read-more product-description__content read-more read-more--truncated\" data-read-more-name=\"description\" style=\"max-height: 500px; overflow: hidden;\">\n<p>Machine \u00e0 coudre ELNA eXcellence 720 Pro &#8211; Garantie 5 ans La machine \u00e0 coudre \u00e9lectronique ELNA eXcellence 720Pro est une machine qui convient aux retoucheuses et pour le quilting. Elle propose 200 points de couture, le diff\u00e9rentiel ajustable, 7 griffes d&rsquo;entrainement, un grand \u00e9cran LCD, un long bras de 25.5 cm, le coupe fil automatique, l&rsquo;enfile aiguille automatique et une genouill\u00e8re. La vitesse de couture est de 1200 points par minute. La machine \u00e0 coudre Elna eXcellence\u00a0 720 pro est une machine plateau (sans bras libre). Cette Elna eXcellence 720 Pro est tr\u00e8s puissante et simple \u00e0 utiliser. Avec son long bras, son coupe fil et ces 9 mm de largeur de points, cette machine \u00e0 coudre semi-industrielle donnera pleine satisfaction aux couturi\u00e8res exigeantes, cherchant une machine \u00e0 coudre robuste et puissante. Notice en Fran\u00e7ais. \u00a0 Caract\u00e9ristiques: Technologie \u00e0 crochet rotatif horizontal Grand \u00e9cran LCD \u00e9clair\u00e9 Bras long offrant une grande surface de couture (25.5 cm) Diff\u00e9rentiel ajustable 200 Points de couture 9 Boutonni\u00e8res automatiques 3 Alphabets R\u00e9glage de la pression du pied de biche R\u00e9glage de la tension du fil Genouill\u00e8re Enfile-aiguille automatique. Coupe fil automatique et programmable Vitesse de couture r\u00e9glable allant jusqu&rsquo;\u00e0 1200 points par minute Fonction aiguille en bas ou en haut Touche miroir, face \u00e0 face et inversion Moteur de canette s\u00e9par\u00e9 Possibilit\u00e9 de coudre avec des grosses bobines de fil (c\u00f4ne) R\u00e9glage de la longueur du point 5 mm maximum R\u00e9glage de la largeur du point 9 mm maximum R\u00e9glage de la position d&rsquo;aiguille (91 positions) Griffe d&rsquo;entra\u00eenement 7 \u00e9l\u00e9ments Abaissement des griffes d&rsquo;entra\u00eenement avec d\u00e9tecteur de griffe \u00a0 Machine long bras Variateur de vitesse et vitesse de couture R\u00e9glage de la pression du pied de biche R\u00e9glage du diff\u00e9rentiel Possibilit\u00e9 de coudre avec des c\u00f4nes Enfile aiguille automatique Coupe fils automatique et programmable Largeur de point de 9 mm Porte pied double entrainement \u00a0 \u00a0 Accessoires et pieds inclus Guide de matelassage Plaque \u00e0 aiguille pour point droit Tournevis Cl\u00e9 pour vis Jeu d&rsquo;aiguilles Brosse anti-peluche D\u00e9couseur Disques fixe-bobine (grand et petit mod\u00e8le) 5 Canettes Housse de protection Table \u00e0 matelasser Bo\u00eete d&rsquo;accessoires P\u00e9dale Pied m\u00e9tallique standard (A) Pied de surjet (C) Pied ourleur (D) Pied \u00e0 semelle \u00e9troite (E) Pied point bourdon (F) Pied point bourdon \u00e0 fourche ouverte (F-2) Pied pour ourlet invisible (G) Pied overlock (M) Pied pour patchwork 1\/4 pouce (O) Pied \u00e0 broder\/repriser \u00e0 fourche ouverte (PD-H) Pied de boutonni\u00e8re automatique (R) Porte-pied pour double transport syst\u00e8me large avec semelle (AD) Pied pour bouton (T) Pied quilting avec ses 3 t\u00eates Pied de qualit\u00e9 professionnelle HP Retrouvez tous les accessoires compatibles avec cette machine en cliquant ici \u00c9galement inclus : Genouill\u00e8re, House de protection, manuel d&rsquo;utilisation en fran\u00e7ais en DVD, c\u00e2ble d&rsquo;alimentation. \u00a0 Assistance t\u00e9l\u00e9phonique, pi\u00e8ces, main-d&rsquo;\u0153uvre, frais de transport &#8211; aller\/retour &#8211; uniquement pour la France m\u00e9tropolitaine (dont la Corse), la Belgique et le Luxembourg<\/p>\n<\/div>\n<p><bl-button a11yexpanded=\"false\" arialabel=\"Afficher toute la description\" class=\"read-more__btn\" full=\"false\" link=\"true\">Voir plus<\/bl-button><\/div>","protected":false},"excerpt":{"rendered":"<div class=\"keypoints\">\n<h3 class=\"keypoints__title\">Les points cl\u00e9s<\/h3>\n<ul role=\"list\">\n<li class=\"keypoints__item\" role=\"listitem\">                                        Machine \u00e0 coudre \u00e9lectronique                      <\/li>\n<li class=\"keypoints__item\" role=\"listitem\">                                        Longueur du point : non                      <\/li>\n<\/ul>","protected":false},"featured_media":80713,"template":"","meta":{"_glsr_average":0,"_glsr_ranking":0,"_glsr_reviews":0},"product_cat":[436],"product_tag":[437,438,153],"class_list":{"0":"post-80714","1":"product","2":"type-product","3":"status-publish","4":"has-post-thumbnail","6":"product_cat-machine-a-coudre","7":"product_tag-couture","8":"product_tag-machine-a-coudre","9":"product_tag-maison-entretien","11":"first","12":"instock","13":"sale","14":"shipping-taxable","15":"purchasable","16":"product-type-simple"},"_links":{"self":[{"href":"https:\/\/electromenagerexpress.com\/en\/wp-json\/wp\/v2\/product\/80714","targetHints":{"allow":["GET"]}}],"collection":[{"href":"https:\/\/electromenagerexpress.com\/en\/wp-json\/wp\/v2\/product"}],"about":[{"href":"https:\/\/electromenagerexpress.com\/en\/wp-json\/wp\/v2\/types\/product"}],"wp:featuredmedia":[{"embeddable":true,"href":"https:\/\/electromenagerexpress.com\/en\/wp-json\/wp\/v2\/media\/80713"}],"wp:attachment":[{"href":"https:\/\/electromenagerexpress.com\/en\/wp-json\/wp\/v2\/media?parent=80714"}],"wp:term":[{"taxonomy":"product_cat","embeddable":true,"href":"https:\/\/electromenagerexpress.com\/en\/wp-json\/wp\/v2\/product_cat?post=80714"},{"taxonomy":"product_tag","embeddable":true,"href":"https:\/\/electromenagerexpress.com\/en\/wp-json\/wp\/v2\/product_tag?post=80714"}],"curies":[{"name":"wp","href":"https:\/\/api.w.org\/{rel}","templated":true}]}}