{"id":80712,"date":"2024-11-24T15:09:14","date_gmt":"2024-11-24T15:09:14","guid":{"rendered":"https:\/\/electromenagerexpress.com\/product\/machine-a-coudreelnaexperience-450\/"},"modified":"2024-11-24T15:09:14","modified_gmt":"2024-11-24T15:09:14","slug":"machine-a-coudreelnaexperience-450","status":"publish","type":"product","link":"https:\/\/electromenagerexpress.com\/en\/product\/machine-a-coudreelnaexperience-450\/","title":{"rendered":"Machine \u00e0 coudre\t\t\t\t\t\t\tELNA\t\t\t\tEXPERIENCE 450"},"content":{"rendered":"<div class=\"product-features__content\">\n<ul role=\"list\">\n<li class=\"product-features__item\" role=\"listitem\">\n<h3 class=\"product-features__label\">Caract\u00e9ristiques g\u00e9n\u00e9rales<\/h3>\n<ul role=\"list\">\n<li class=\"product-features__item-list__item\" role=\"listitem\"><span class=\"is--medium\">Machine :<\/span> Machine \u00e0 coudre \u00e9lectronique\t\t\t\t\t<\/li>\n<li class=\"product-features__item-list__item\" role=\"listitem\"><span class=\"is--medium\">Cat\u00e9gorie :<\/span> Confection\t\t\t\t\t<\/li>\n<li class=\"product-features__item-list__item\" role=\"listitem\"><span class=\"is--medium\">Plaque \u00e0 aiguille gradu\u00e9e :<\/span> Oui\t\t\t\t\t<\/li>\n<li class=\"product-features__item-list__item\" role=\"listitem\"><span class=\"is--medium\">Porte bobine :<\/span> non concern\u00e9\t\t\t\t\t<\/li>\n<li class=\"product-features__item-list__item\" role=\"listitem\"><span class=\"is--medium\">Porte canette m\u00e9tallique :<\/span> Non\t\t\t\t\t<\/li>\n<li class=\"product-features__item-list__item\" role=\"listitem\"><span class=\"is--medium\">Couleur :<\/span> Blanc\t\t\t\t\t<\/li>\n<li class=\"product-features__item-list__item\" role=\"listitem\"><span class=\"is--medium\">Griffe d&rsquo;entrainement :<\/span> non concern\u00e9\t\t\t\t\t<\/li>\n<\/ul>\n<\/li>\n<li class=\"product-features__item\" role=\"listitem\">\n<h3 class=\"product-features__label\">R\u00e9glages<\/h3>\n<ul role=\"list\">\n<li class=\"product-features__item-list__item\" role=\"listitem\"><span class=\"is--medium\">Largeur du point :<\/span> non\t\t\t\t\t<\/li>\n<li class=\"product-features__item-list__item\" role=\"listitem\"><span class=\"is--medium\">Largeur des points :<\/span> non communiqu\u00e9\t\t\t\t\t<\/li>\n<li class=\"product-features__item-list__item\" role=\"listitem\"><span class=\"is--medium\">Longueur du point :<\/span> non\t\t\t\t\t<\/li>\n<li class=\"product-features__item-list__item\" role=\"listitem\"><span class=\"is--medium\">Longueur des points :<\/span> non communiqu\u00e9\t\t\t\t\t<\/li>\n<li class=\"product-features__item-list__item\" role=\"listitem\"><span class=\"is--medium\">Tension du fil :<\/span> non communiqu\u00e9\t\t\t\t\t<\/li>\n<li class=\"product-features__item-list__item\" role=\"listitem\"><span class=\"is--medium\">Pression du pied de biche :<\/span> non\t\t\t\t\t<\/li>\n<li class=\"product-features__item-list__item\" role=\"listitem\"><span class=\"is--medium\">Hauteur du pied de biche :<\/span> Non\t\t\t\t\t<\/li>\n<li class=\"product-features__item-list__item\" role=\"listitem\"><span class=\"is--medium\">Le saviez-vous :<\/span> situ\u00e9 sous l&rsquo;aiguille, le pied de biche (ou pied presseur) sert \u00e0 plaquer le tissu contre la plaque \u00e0 aiguilles et les griffes d&rsquo;entrainement. Il existe differents mod\u00e8les comme le pied universel pour la couture de base ou encore le pied pour boutonniere\t\t\t\t\t<\/li>\n<\/ul>\n<\/li>\n<li class=\"product-features__item\" role=\"listitem\">\n<h3 class=\"product-features__label\">Programmes<\/h3>\n<ul role=\"list\">\n<li class=\"product-features__item-list__item\" role=\"listitem\"><span class=\"is--medium\">Boutonni\u00e8re :<\/span> sans boutonni\u00e8re\t\t\t\t\t<\/li>\n<li class=\"product-features__item-list__item\" role=\"listitem\"><span class=\"is--medium\">Points utilitaires :<\/span> Oui\t\t\t\t\t<\/li>\n<li class=\"product-features__item-list__item\" role=\"listitem\"><span class=\"is--medium\">Points d\u00e9coratifs :<\/span> Oui\t\t\t\t\t<\/li>\n<li class=\"product-features__item-list__item\" role=\"listitem\"><span class=\"is--medium\">Points extensibles :<\/span> Non\t\t\t\t\t<\/li>\n<\/ul>\n<\/li>\n<li class=\"product-features__item\" role=\"listitem\">\n<h3 class=\"product-features__label\">Fonctions sp\u00e9cifiques<\/h3>\n<ul role=\"list\">\n<li class=\"product-features__item-list__item\" role=\"listitem\"><span class=\"is--medium\">Fonction marche arri\u00e8re :<\/span> Oui\t\t\t\t\t<\/li>\n<li class=\"product-features__item-list__item\" role=\"listitem\"><span class=\"is--medium\">Fonction couture des boutons :<\/span> Oui\t\t\t\t\t<\/li>\n<\/ul>\n<\/li>\n<li class=\"product-features__item\" role=\"listitem\">\n<h3 class=\"product-features__label\">Transport et rangement<\/h3>\n<ul role=\"list\">\n<li class=\"product-features__item-list__item\" role=\"listitem\"><span class=\"is--medium\">Poign\u00e9e de transport :<\/span> Oui\t\t\t\t\t<\/li>\n<li class=\"product-features__item-list__item\" role=\"listitem\"><span class=\"is--medium\">Bo\u00eete d&rsquo;accessoires int\u00e9gr\u00e9e :<\/span> Oui\t\t\t\t\t<\/li>\n<li class=\"product-features__item-list__item\" role=\"listitem\"><span class=\"is--medium\">Housse ou valise rigide pour le rangement et transport :<\/span> Non\t\t\t\t\t<\/li>\n<\/ul>\n<\/li>\n<li class=\"product-features__item\" role=\"listitem\">\n<h3 class=\"product-features__label\">Informations et Services<\/h3>\n<ul role=\"list\">\n<li class=\"product-features__item-list__item\" role=\"listitem\"><span class=\"is--medium\">Fabriqu\u00e9 en :<\/span> Chine\t\t\t\t\t<\/li>\n<li class=\"product-features__item-list__item\" role=\"listitem\"><span class=\"is--medium\">Disponibilit\u00e9 des pi\u00e8ces d\u00e9tach\u00e9es (donn\u00e9es fournisseur) :<\/span> Non communiqu\u00e9e\t\t\t\t\t<\/li>\n<li class=\"product-features__item-list__item\" role=\"listitem\"><span class=\"is--medium\">R\u00e9f\u00e9rence constructeur :<\/span> EXPERIENCE 450\t\t\t\t\t<\/li>\n<li class=\"product-features__item-list__item\" role=\"listitem\"><span class=\"is--medium\">Marque :<\/span> ELNA\t\t\t\t\t<\/li>\n<\/ul>\n<\/li>\n<li class=\"product-features__item\" role=\"listitem\">\n<h3 class=\"product-features__label\">Dimensions<\/h3>\n<ul role=\"list\">\n<li class=\"product-features__item-list__item\" role=\"listitem\"><span class=\"is--medium\">Poids Net (kg) :<\/span> 5,0 kg\t\t\t\t\t<\/li>\n<\/ul>\n<\/li>\n<\/ul>\n<\/div>\n<div class=\"product__disclosure-content\">\n<div class=\"js-read-more product-description__content read-more read-more--truncated\" data-read-more-name=\"description\" style=\"max-height: 500px; overflow: hidden;\">\n<p>Machine \u00e0 coudre \u00e9lectronique ELNA eXperience 450 &#8211; Garantie 5 ans La machine \u00e0 coudre Elna eXperience 450 est une machine de petite taille mais performante. Avec ses 30 points de couture et sa vitesse de 820 points par minute, elle a tout d&rsquo;une grande ..:\u00a0 Enfile aiguille, r\u00e9gulateur de vitesse, point d&rsquo;arr\u00eat automatique &#8230;. C &lsquo;est une machine id\u00e9ale pour des couturi\u00e8res qui recherchent une machine nomade \u00e0 transporter dans des cours de couture. Caract\u00e9ristiques g\u00e9n\u00e9rales: Bras libre \u00c9cran LCD Crochet rotatif horizontal avec couvercle de canette transparent Bobineur: d\u00e9brayage automatique Enfile aiguille int\u00e9gr\u00e9 4 griffes de transport Tige porte-Bobine horizontale R\u00e9glage de la tension du fil Manuel Pied-de-biche clipsable Position extra-haute du pied-de-biche manuel \u00c9clairage par LED Taille L385 x H282 x P150 mm Poids: 5 Kg Fonctions avec Touches en acc\u00e8s direct: Start\/Stop Marche arri\u00e8re Point d&rsquo;arr\u00eat Position de l&rsquo;aiguille haute\/basse Touches de s\u00e9lection de points par chiffres correspondants Couture: Nombre de points : 30 1 boutonni\u00e8re en 4 \u00e9tapes Largeur maximale de point: 5 mm Longueur maximale de point 4 mm Vitesse de couture maximale: 820 points par minute \u00a0 Des pieds de biches suppl\u00e9mentaires inclus : En plus du pied standard, trois pieds-de-biche suppl\u00e9mentaires sont inclus : fermeture \u00e0 glissi\u00e8re, points de satin et boutonni\u00e8re. Faciles \u00e0 changer gr\u00e2ce au syst\u00e8me de pied-de-biche encliquetable, ils facilitent les t\u00e2ches de couture sp\u00e9cifiques. 30 motifs de points : Une s\u00e9lection de 30 points fonctionnels et d\u00e9coratifs vous permettra de r\u00e9aliser un large \u00e9ventail de t\u00e2ches et d&rsquo;obtenir de superbes effets. Le tableau des points est visible imm\u00e9diatement sur l&rsquo;avant de la machine. La longueur et la largeur standard du point sont automatiquement d\u00e9finies, mais peuvent \u00e9galement \u00eatre ajust\u00e9es manuellement selon vos besoins Touches d&rsquo;acc\u00e8s direct aux fonctions : La machine \u00e0 coudre elna eXperience 450 poss\u00e8de des fonctions indispensables qui peuvent \u00eatre facilement utilis\u00e9es en appuyant simplement sur un bouton (Start\/Stop, marche arri\u00e8re, point d&rsquo;arr\u00eat et position d&rsquo;aiguille) Bras libre : Indispensable pour coudre des \u00e9l\u00e9ments tubulaires, par exemple des manches ou les ourlets d&rsquo;un pantalon, de m\u00eame que pour des projets plus petits et le reprisage. Enfile aiguille int\u00e9gr\u00e9 : En un tour de main, votre aiguille est enfil\u00e9e! Gagnez un temps pr\u00e9cieux et mettez-vous directement au travail. Crochet rotatif horizontal : Cette fonction assure une couture plus fluide et \u00e9vite les bourrages. Facile \u00e0 ins\u00e9rer, son couvercle transparent permet de voir lorsque la canette est vide. \u00a0 Simplicit\u00e9 d&rsquo;utilisation Petite et l\u00e9g\u00e8re, tout en restant performante Bon rapport qualit\u00e9 \/ prix \u00a0 \u00a0 Accessoires et pieds inclus 3 Canettes D\u00e9coud-vite Assortiment d&rsquo;aiguilles 1 Disque fixe-bobine grand 1 Disque fixe-bobine petit Support porte-bobine Tige porte-bobine suppl\u00e9mentaire Tournevis Pinceau de nettoyage P\u00e9dale Pied standard A Pied pour fermeture \u00e9clair E Pied pour point satin F Pied pour boutonni\u00e8re J (5mm de largeur) Retrouvez tous les accessoires compatibles avec cette machine en cliquant ici \u00a0 Assistance t\u00e9l\u00e9phonique, pi\u00e8ces, main-d&rsquo;\u0153uvre, frais de transport &#8211; aller\/retour &#8211; uniquement pour la France m\u00e9tropolitaine (dont la Corse), la Belgique et le Luxembourg<\/p>\n<\/div>\n<p><bl-button a11yexpanded=\"false\" arialabel=\"Afficher toute la description\" class=\"read-more__btn\" full=\"false\" link=\"true\">Voir plus<\/bl-button><\/div>","protected":false},"excerpt":{"rendered":"<div class=\"keypoints\">\n<h3 class=\"keypoints__title\">Les points cl\u00e9s<\/h3>\n<ul role=\"list\">\n<li class=\"keypoints__item\" role=\"listitem\">                                        Machine \u00e0 coudre \u00e9lectronique                      <\/li>\n<li class=\"keypoints__item\" role=\"listitem\">                                        Longueur du point : non                      <\/li>\n<\/ul>","protected":false},"featured_media":80711,"template":"","meta":{"_glsr_average":0,"_glsr_ranking":0,"_glsr_reviews":0},"product_cat":[436],"product_tag":[437,438,153],"class_list":{"0":"post-80712","1":"product","2":"type-product","3":"status-publish","4":"has-post-thumbnail","6":"product_cat-machine-a-coudre","7":"product_tag-couture","8":"product_tag-machine-a-coudre","9":"product_tag-maison-entretien","11":"first","12":"instock","13":"sale","14":"shipping-taxable","15":"purchasable","16":"product-type-simple"},"_links":{"self":[{"href":"https:\/\/electromenagerexpress.com\/en\/wp-json\/wp\/v2\/product\/80712","targetHints":{"allow":["GET"]}}],"collection":[{"href":"https:\/\/electromenagerexpress.com\/en\/wp-json\/wp\/v2\/product"}],"about":[{"href":"https:\/\/electromenagerexpress.com\/en\/wp-json\/wp\/v2\/types\/product"}],"wp:featuredmedia":[{"embeddable":true,"href":"https:\/\/electromenagerexpress.com\/en\/wp-json\/wp\/v2\/media\/80711"}],"wp:attachment":[{"href":"https:\/\/electromenagerexpress.com\/en\/wp-json\/wp\/v2\/media?parent=80712"}],"wp:term":[{"taxonomy":"product_cat","embeddable":true,"href":"https:\/\/electromenagerexpress.com\/en\/wp-json\/wp\/v2\/product_cat?post=80712"},{"taxonomy":"product_tag","embeddable":true,"href":"https:\/\/electromenagerexpress.com\/en\/wp-json\/wp\/v2\/product_tag?post=80712"}],"curies":[{"name":"wp","href":"https:\/\/api.w.org\/{rel}","templated":true}]}}