{"id":80667,"date":"2024-11-24T15:08:31","date_gmt":"2024-11-24T15:08:31","guid":{"rendered":"https:\/\/electromenagerexpress.com\/product\/surjeteuseelnaextend-864air\/"},"modified":"2024-11-24T15:08:32","modified_gmt":"2024-11-24T15:08:32","slug":"surjeteuseelnaextend-864air","status":"publish","type":"product","link":"https:\/\/electromenagerexpress.com\/en\/product\/surjeteuseelnaextend-864air\/","title":{"rendered":"Surjeteuse\t\t\t\t\t\t\tELNA\t\t\t\tEXTEND 864AIR"},"content":{"rendered":"<div class=\"product-features__content\">\n<ul role=\"list\">\n<li class=\"product-features__item\" role=\"listitem\">\n<h3 class=\"product-features__label\">Caract\u00e9ristiques g\u00e9n\u00e9rales<\/h3>\n<ul role=\"list\">\n<li class=\"product-features__item-list__item\" role=\"listitem\"><span class=\"is--medium\">Machine :<\/span> Surjeteuse\t\t\t\t\t<\/li>\n<li class=\"product-features__item-list__item\" role=\"listitem\"><span class=\"is--medium\">Cat\u00e9gorie :<\/span> Confection\t\t\t\t\t<\/li>\n<li class=\"product-features__item-list__item\" role=\"listitem\"><span class=\"is--medium\">Plaque \u00e0 aiguille gradu\u00e9e :<\/span> Oui\t\t\t\t\t<\/li>\n<li class=\"product-features__item-list__item\" role=\"listitem\"><span class=\"is--medium\">Porte bobine :<\/span> non concern\u00e9\t\t\t\t\t<\/li>\n<li class=\"product-features__item-list__item\" role=\"listitem\"><span class=\"is--medium\">Porte canette m\u00e9tallique :<\/span> Non\t\t\t\t\t<\/li>\n<li class=\"product-features__item-list__item\" role=\"listitem\"><span class=\"is--medium\">Couleur :<\/span> Blanc\t\t\t\t\t<\/li>\n<li class=\"product-features__item-list__item\" role=\"listitem\"><span class=\"is--medium\">Griffe d&rsquo;entrainement :<\/span> non concern\u00e9\t\t\t\t\t<\/li>\n<\/ul>\n<\/li>\n<li class=\"product-features__item\" role=\"listitem\">\n<h3 class=\"product-features__label\">R\u00e9glages<\/h3>\n<ul role=\"list\">\n<li class=\"product-features__item-list__item\" role=\"listitem\"><span class=\"is--medium\">Largeur du point :<\/span> non\t\t\t\t\t<\/li>\n<li class=\"product-features__item-list__item\" role=\"listitem\"><span class=\"is--medium\">Largeur des points :<\/span> non communiqu\u00e9\t\t\t\t\t<\/li>\n<li class=\"product-features__item-list__item\" role=\"listitem\"><span class=\"is--medium\">Longueur du point :<\/span> non\t\t\t\t\t<\/li>\n<li class=\"product-features__item-list__item\" role=\"listitem\"><span class=\"is--medium\">Longueur des points :<\/span> non communiqu\u00e9\t\t\t\t\t<\/li>\n<li class=\"product-features__item-list__item\" role=\"listitem\"><span class=\"is--medium\">Tension du fil :<\/span> non communiqu\u00e9\t\t\t\t\t<\/li>\n<li class=\"product-features__item-list__item\" role=\"listitem\"><span class=\"is--medium\">Pression du pied de biche :<\/span> non\t\t\t\t\t<\/li>\n<li class=\"product-features__item-list__item\" role=\"listitem\"><span class=\"is--medium\">Hauteur du pied de biche :<\/span> Non\t\t\t\t\t<\/li>\n<li class=\"product-features__item-list__item\" role=\"listitem\"><span class=\"is--medium\">Le saviez-vous :<\/span> situ\u00e9 sous l&rsquo;aiguille, le pied de biche (ou pied presseur) sert \u00e0 plaquer le tissu contre la plaque \u00e0 aiguilles et les griffes d&rsquo;entrainement. Il existe differents mod\u00e8les comme le pied universel pour la couture de base ou encore le pied pour boutonniere\t\t\t\t\t<\/li>\n<\/ul>\n<\/li>\n<li class=\"product-features__item\" role=\"listitem\">\n<h3 class=\"product-features__label\">Programmes<\/h3>\n<ul role=\"list\">\n<li class=\"product-features__item-list__item\" role=\"listitem\"><span class=\"is--medium\">Boutonni\u00e8re :<\/span> sans boutonni\u00e8re\t\t\t\t\t<\/li>\n<li class=\"product-features__item-list__item\" role=\"listitem\"><span class=\"is--medium\">Points utilitaires :<\/span> Oui\t\t\t\t\t<\/li>\n<li class=\"product-features__item-list__item\" role=\"listitem\"><span class=\"is--medium\">Points d\u00e9coratifs :<\/span> Oui\t\t\t\t\t<\/li>\n<li class=\"product-features__item-list__item\" role=\"listitem\"><span class=\"is--medium\">Points extensibles :<\/span> Non\t\t\t\t\t<\/li>\n<\/ul>\n<\/li>\n<li class=\"product-features__item\" role=\"listitem\">\n<h3 class=\"product-features__label\">Fonctions sp\u00e9cifiques<\/h3>\n<ul role=\"list\">\n<li class=\"product-features__item-list__item\" role=\"listitem\"><span class=\"is--medium\">Fonction marche arri\u00e8re :<\/span> Non\t\t\t\t\t<\/li>\n<li class=\"product-features__item-list__item\" role=\"listitem\"><span class=\"is--medium\">Fonction couture des boutons :<\/span> Oui\t\t\t\t\t<\/li>\n<\/ul>\n<\/li>\n<li class=\"product-features__item\" role=\"listitem\">\n<h3 class=\"product-features__label\">Transport et rangement<\/h3>\n<ul role=\"list\">\n<li class=\"product-features__item-list__item\" role=\"listitem\"><span class=\"is--medium\">Poign\u00e9e de transport :<\/span> Oui\t\t\t\t\t<\/li>\n<li class=\"product-features__item-list__item\" role=\"listitem\"><span class=\"is--medium\">Bo\u00eete d&rsquo;accessoires int\u00e9gr\u00e9e :<\/span> Oui\t\t\t\t\t<\/li>\n<li class=\"product-features__item-list__item\" role=\"listitem\"><span class=\"is--medium\">Housse ou valise rigide pour le rangement et transport :<\/span> Non\t\t\t\t\t<\/li>\n<\/ul>\n<\/li>\n<li class=\"product-features__item\" role=\"listitem\">\n<h3 class=\"product-features__label\">Informations et Services<\/h3>\n<ul role=\"list\">\n<li class=\"product-features__item-list__item\" role=\"listitem\"><span class=\"is--medium\">Fabriqu\u00e9 en :<\/span> Chine\t\t\t\t\t<\/li>\n<li class=\"product-features__item-list__item\" role=\"listitem\"><span class=\"is--medium\">Disponibilit\u00e9 des pi\u00e8ces d\u00e9tach\u00e9es (donn\u00e9es fournisseur) :<\/span> Non communiqu\u00e9e\t\t\t\t\t<\/li>\n<li class=\"product-features__item-list__item\" role=\"listitem\"><span class=\"is--medium\">R\u00e9f\u00e9rence constructeur :<\/span> EXTEND 864AIR\t\t\t\t\t<\/li>\n<li class=\"product-features__item-list__item\" role=\"listitem\"><span class=\"is--medium\">Marque :<\/span> ELNA\t\t\t\t\t<\/li>\n<\/ul>\n<\/li>\n<li class=\"product-features__item\" role=\"listitem\">\n<h3 class=\"product-features__label\">Dimensions<\/h3>\n<ul role=\"list\">\n<li class=\"product-features__item-list__item\" role=\"listitem\"><span class=\"is--medium\">Poids Net (kg) :<\/span> 12,0 kg\t\t\t\t\t<\/li>\n<\/ul>\n<\/li>\n<\/ul>\n<\/div>\n<div class=\"product__disclosure-content\">\n<div class=\"js-read-more product-description__content read-more read-more--truncated\" data-read-more-name=\"description\" style=\"max-height: 500px; overflow: hidden;\">\n<p>Surjeteuse avec enfilage \u00e0 air puls\u00e9 ELNA eXtend 864AIR &#8211; Garantie 5 ans La surjeteuse ELNA 864 AIR propose un enfilage \u00e0 air puls\u00e9. Avec sa simplicit\u00e9 d&rsquo;utilisation et de mise en oeuvre, cette surjeteuse s\u00e9duira toutes les couturi\u00e8res qui recherchent une machine simple et confortable \u00e0 utiliser. La contrainte d&rsquo;enfilage \u00e9tant simplifi\u00e9e, vous pourrez pleinement utiliser toutes les possibilit\u00e9s de cette surjeteuse Elna 864 AIR. \u00a0 \u00a0 Caract\u00e9ristiques: Nombre de programme: 13 Nombre de fils: 2, 3 et 4 fils Nombre d&rsquo;aiguilles: 1 ou 2 aiguilles Longueur du point: de 1 \u00e0 5 mm Transport diff\u00e9rentiel r\u00e9glable: de 0.5 \u00e0 2 Ouverture du couteau sup\u00e9rieur: 10 mm R\u00e9glage de la largeur de coupe en utilisant l&rsquo;aiguille droite: de 5,5 \u00e0 7,5 mm R\u00e9glage de la largeur de coupe en utilisant l&rsquo;aiguille gauche: de 3,3 \u00e0 5,3 mm Vitesse de couture maximale: 1300 points par minute Syst\u00e8me d&rsquo;enfilage \u00e0 air puls\u00e9 (manuel) Enfile-aiguille int\u00e9gr\u00e9 Guides d&rsquo;enfilage not\u00e9s par couleur Griffes de transport: 8 griffes Coupe-fil int\u00e9gr\u00e9 R\u00e9glage de la pression du pied-de-biche: s\u00e9lecteur 5 positions Contr\u00f4le de la tension du fil: Manuel Position extra-haute du pied-de-biche: 5,5 mm Pied-de-biche encliquetable Dispositif de roulott\u00e9 instantan\u00e9 Convertisseur 2 fils Syst\u00e8me de s\u00e9curit\u00e9: couvercle du boucleur \/ couvercle lat\u00e9ral \/ Levier du pied-de-biche Eclairage: 1 LED dispos\u00e9 \u00e0 1 endroit Nombre de porte-bobines: 4 Antenne t\u00e9lescopique Poign\u00e9e de transport Programmes 4 fils: overlock extensible surjet d\u00e9coratif fronceur Programmes 3 fils: overlock large et \u00e9troit roulott\u00e9 ourlet \u00e9troit bordure picot flatlock nervures Programmes 2 fils: flatlock roulott\u00e9 \u00a0 Enfilage \u00e0 air puls\u00e9 Enfile aiguille automatique Simplicit\u00e9 d&rsquo;utilisation Qualit\u00e9 de fabrication \u00a0 Syst\u00e8me d&rsquo;enfilage \u00e0 air Le nouveau syst\u00e8me d&rsquo;enfilage \u00e0 air facilite l&rsquo;enfilage de votre machine. Vous pouvez enfiler simplement les boucleurs sup\u00e9rieur et inf\u00e9rieur, en ins\u00e9rant le fil dans chaque port, puis en actionnant le levier d&rsquo;enfilage: de l&rsquo;air sous pression pousse le fil \u00e0 travers le boucleur et la t\u00e2che est termin\u00e9e. Une fonctionnalit\u00e9 qui permet de gagner du temps pour coudre sans encombre. Enfile-aiguille int\u00e9gr\u00e9 L&rsquo;enfile-aiguille int\u00e9gr\u00e9, tr\u00e8s pratique, met un terme \u00e0 l&rsquo;enfilage fastidieux et vous permettra de commencer \u00e0 coudre rapidement ou de changer de fil pendant la couture. Pour ce faire, glissez simplement le levier de l&rsquo;enfile-aiguille vers le bas et enfilez facilement l&rsquo;aiguille droite et celle de gauche. \u00a0 \u00a0 \u00a0 Syst\u00e8me d&rsquo;entra\u00eenement \u00e0 8 griffes Le nombre \u00e9lev\u00e9 des griffes de transport de l&rsquo;Elna eXtend 864AIR assure un entra\u00eenement parfait et en douceur de tous les types de tissu, de l\u00e9gers \u00e0 \u00e9pais, en passant par le jersey ou toute autre mati\u00e8re extensible. \u00a0 Molette de r\u00e9glage de la pression du pied-de-biche \u00e0 5 niveaux Vous pouvez r\u00e9gler la pression du pied-de-biche en fonction du tissu sur lequel vous cousez. La possibilit\u00e9 de choisir cinq diff\u00e9rents niveaux vous permet de travailler une large gamme de mati\u00e8res tr\u00e8s facilement. Pour une couture standard, vous pouvez simplement r\u00e9gler la molette sur \u201cN\u201d. \u00a0 \u00a0 Accessoires : Coffret d&rsquo;accessoires Tournevis large et petit Pince Assortiment d&rsquo;aiguilles Filets Disques fixe-bobine (larges) Pinceau de nettoyage Burette d&rsquo;huile Couteau sup\u00e9rieur de rechange Cl\u00e9 Support aiguille Enfile boucleur inf\u00e9rieur R\u00e9cipient pour chutes de tissu \u00a0 \u00c9galement inclus : P\u00e9dale, Housse de protection \u00a0 Retrouvez tous les accessoires compatibles avec cette machine ici \u00a0 Assistance t\u00e9l\u00e9phonique, pi\u00e8ces, main-d&rsquo;\u0153uvre, frais de transport &#8211; aller\/retour &#8211; uniquement pour la France m\u00e9tropolitaine (dont la Corse), la Belgique et le Luxembourg<\/p>\n<\/div>\n<p><bl-button a11yexpanded=\"false\" arialabel=\"Afficher toute la description\" class=\"read-more__btn\" full=\"false\" link=\"true\">Voir plus<\/bl-button><\/div>","protected":false},"excerpt":{"rendered":"<div class=\"keypoints\">\n<h3 class=\"keypoints__title\">Les points cl\u00e9s<\/h3>\n<ul role=\"list\">\n<li class=\"keypoints__item\" role=\"listitem\">                                        Surjeteuse                      <\/li>\n<li class=\"keypoints__item\" role=\"listitem\">                                        Longueur du point : non                      <\/li>\n<\/ul>","protected":false},"featured_media":80666,"template":"","meta":{"_glsr_average":0,"_glsr_ranking":0,"_glsr_reviews":0},"product_cat":[441],"product_tag":[437,153,442],"class_list":{"0":"post-80667","1":"product","2":"type-product","3":"status-publish","4":"has-post-thumbnail","6":"product_cat-surjeteuse","7":"product_tag-couture","8":"product_tag-maison-entretien","9":"product_tag-surjeteuse","11":"first","12":"instock","13":"sale","14":"shipping-taxable","15":"purchasable","16":"product-type-simple"},"_links":{"self":[{"href":"https:\/\/electromenagerexpress.com\/en\/wp-json\/wp\/v2\/product\/80667","targetHints":{"allow":["GET"]}}],"collection":[{"href":"https:\/\/electromenagerexpress.com\/en\/wp-json\/wp\/v2\/product"}],"about":[{"href":"https:\/\/electromenagerexpress.com\/en\/wp-json\/wp\/v2\/types\/product"}],"wp:featuredmedia":[{"embeddable":true,"href":"https:\/\/electromenagerexpress.com\/en\/wp-json\/wp\/v2\/media\/80666"}],"wp:attachment":[{"href":"https:\/\/electromenagerexpress.com\/en\/wp-json\/wp\/v2\/media?parent=80667"}],"wp:term":[{"taxonomy":"product_cat","embeddable":true,"href":"https:\/\/electromenagerexpress.com\/en\/wp-json\/wp\/v2\/product_cat?post=80667"},{"taxonomy":"product_tag","embeddable":true,"href":"https:\/\/electromenagerexpress.com\/en\/wp-json\/wp\/v2\/product_tag?post=80667"}],"curies":[{"name":"wp","href":"https:\/\/api.w.org\/{rel}","templated":true}]}}