{"id":80643,"date":"2024-11-24T15:08:11","date_gmt":"2024-11-24T15:08:11","guid":{"rendered":"https:\/\/electromenagerexpress.com\/product\/surjeteusebrother3034dwt\/"},"modified":"2024-11-24T15:08:11","modified_gmt":"2024-11-24T15:08:11","slug":"surjeteusebrother3034dwt","status":"publish","type":"product","link":"https:\/\/electromenagerexpress.com\/en\/product\/surjeteusebrother3034dwt\/","title":{"rendered":"Surjeteuse\t\t\t\t\t\t\tBROTHER\t\t\t\t3034DWT"},"content":{"rendered":"<div class=\"product-features__content\">\n<ul role=\"list\">\n<li class=\"product-features__item\" role=\"listitem\">\n<h3 class=\"product-features__label\">Caract\u00e9ristiques g\u00e9n\u00e9rales<\/h3>\n<ul role=\"list\">\n<li class=\"product-features__item-list__item\" role=\"listitem\"><span class=\"is--medium\">Machine :<\/span> Surjeteuse\t\t\t\t\t<\/li>\n<li class=\"product-features__item-list__item\" role=\"listitem\"><span class=\"is--medium\">Cat\u00e9gorie :<\/span> Confection\t\t\t\t\t<\/li>\n<li class=\"product-features__item-list__item\" role=\"listitem\"><span class=\"is--medium\">Plaque \u00e0 aiguille gradu\u00e9e :<\/span> Oui\t\t\t\t\t<\/li>\n<li class=\"product-features__item-list__item\" role=\"listitem\"><span class=\"is--medium\">Porte bobine :<\/span> non concern\u00e9\t\t\t\t\t<\/li>\n<li class=\"product-features__item-list__item\" role=\"listitem\"><span class=\"is--medium\">Porte canette m\u00e9tallique :<\/span> Non\t\t\t\t\t<\/li>\n<li class=\"product-features__item-list__item\" role=\"listitem\"><span class=\"is--medium\">Couleur :<\/span> Blanc\t\t\t\t\t<\/li>\n<li class=\"product-features__item-list__item\" role=\"listitem\"><span class=\"is--medium\">Griffe d&rsquo;entrainement :<\/span> non concern\u00e9\t\t\t\t\t<\/li>\n<\/ul>\n<\/li>\n<li class=\"product-features__item\" role=\"listitem\">\n<h3 class=\"product-features__label\">R\u00e9glages<\/h3>\n<ul role=\"list\">\n<li class=\"product-features__item-list__item\" role=\"listitem\"><span class=\"is--medium\">Largeur du point :<\/span> non\t\t\t\t\t<\/li>\n<li class=\"product-features__item-list__item\" role=\"listitem\"><span class=\"is--medium\">Largeur des points :<\/span> non communiqu\u00e9\t\t\t\t\t<\/li>\n<li class=\"product-features__item-list__item\" role=\"listitem\"><span class=\"is--medium\">Longueur du point :<\/span> non\t\t\t\t\t<\/li>\n<li class=\"product-features__item-list__item\" role=\"listitem\"><span class=\"is--medium\">Longueur des points :<\/span> non communiqu\u00e9\t\t\t\t\t<\/li>\n<li class=\"product-features__item-list__item\" role=\"listitem\"><span class=\"is--medium\">Tension du fil :<\/span> non communiqu\u00e9\t\t\t\t\t<\/li>\n<li class=\"product-features__item-list__item\" role=\"listitem\"><span class=\"is--medium\">Pression du pied de biche :<\/span> non\t\t\t\t\t<\/li>\n<li class=\"product-features__item-list__item\" role=\"listitem\"><span class=\"is--medium\">Hauteur du pied de biche :<\/span> Non\t\t\t\t\t<\/li>\n<li class=\"product-features__item-list__item\" role=\"listitem\"><span class=\"is--medium\">Le saviez-vous :<\/span> situ\u00e9 sous l&rsquo;aiguille, le pied de biche (ou pied presseur) sert \u00e0 plaquer le tissu contre la plaque \u00e0 aiguilles et les griffes d&rsquo;entrainement. Il existe differents mod\u00e8les comme le pied universel pour la couture de base ou encore le pied pour boutonniere\t\t\t\t\t<\/li>\n<\/ul>\n<\/li>\n<li class=\"product-features__item\" role=\"listitem\">\n<h3 class=\"product-features__label\">Programmes<\/h3>\n<ul role=\"list\">\n<li class=\"product-features__item-list__item\" role=\"listitem\"><span class=\"is--medium\">Boutonni\u00e8re :<\/span> sans boutonni\u00e8re\t\t\t\t\t<\/li>\n<li class=\"product-features__item-list__item\" role=\"listitem\"><span class=\"is--medium\">Points utilitaires :<\/span> Oui\t\t\t\t\t<\/li>\n<li class=\"product-features__item-list__item\" role=\"listitem\"><span class=\"is--medium\">Points d\u00e9coratifs :<\/span> Oui\t\t\t\t\t<\/li>\n<li class=\"product-features__item-list__item\" role=\"listitem\"><span class=\"is--medium\">Points extensibles :<\/span> Non\t\t\t\t\t<\/li>\n<\/ul>\n<\/li>\n<li class=\"product-features__item\" role=\"listitem\">\n<h3 class=\"product-features__label\">Fonctions sp\u00e9cifiques<\/h3>\n<ul role=\"list\">\n<li class=\"product-features__item-list__item\" role=\"listitem\"><span class=\"is--medium\">Fonction marche arri\u00e8re :<\/span> Non\t\t\t\t\t<\/li>\n<li class=\"product-features__item-list__item\" role=\"listitem\"><span class=\"is--medium\">Fonction couture des boutons :<\/span> Oui\t\t\t\t\t<\/li>\n<\/ul>\n<\/li>\n<li class=\"product-features__item\" role=\"listitem\">\n<h3 class=\"product-features__label\">Transport et rangement<\/h3>\n<ul role=\"list\">\n<li class=\"product-features__item-list__item\" role=\"listitem\"><span class=\"is--medium\">Poign\u00e9e de transport :<\/span> Oui\t\t\t\t\t<\/li>\n<li class=\"product-features__item-list__item\" role=\"listitem\"><span class=\"is--medium\">Bo\u00eete d&rsquo;accessoires int\u00e9gr\u00e9e :<\/span> Oui\t\t\t\t\t<\/li>\n<li class=\"product-features__item-list__item\" role=\"listitem\"><span class=\"is--medium\">Housse ou valise rigide pour le rangement et transport :<\/span> Non\t\t\t\t\t<\/li>\n<\/ul>\n<\/li>\n<li class=\"product-features__item\" role=\"listitem\">\n<h3 class=\"product-features__label\">Informations et Services<\/h3>\n<ul role=\"list\">\n<li class=\"product-features__item-list__item\" role=\"listitem\"><span class=\"is--medium\">Fabriqu\u00e9 en :<\/span> Chine\t\t\t\t\t<\/li>\n<li class=\"product-features__item-list__item\" role=\"listitem\"><span class=\"is--medium\">Disponibilit\u00e9 des pi\u00e8ces d\u00e9tach\u00e9es (donn\u00e9es fournisseur) :<\/span> Non communiqu\u00e9e\t\t\t\t\t<\/li>\n<li class=\"product-features__item-list__item\" role=\"listitem\"><span class=\"is--medium\">R\u00e9f\u00e9rence constructeur :<\/span> 3034DWT\t\t\t\t\t<\/li>\n<li class=\"product-features__item-list__item\" role=\"listitem\"><span class=\"is--medium\">Marque :<\/span> BROTHER\t\t\t\t\t<\/li>\n<\/ul>\n<\/li>\n<li class=\"product-features__item\" role=\"listitem\">\n<h3 class=\"product-features__label\">Dimensions<\/h3>\n<ul role=\"list\">\n<li class=\"product-features__item-list__item\" role=\"listitem\"><span class=\"is--medium\">Poids Net (kg) :<\/span> 8,0 kg\t\t\t\t\t<\/li>\n<\/ul>\n<\/li>\n<\/ul>\n<\/div>\n<div class=\"product__disclosure-content\">\n<div class=\"js-read-more product-description__content\" data-read-more-name=\"description\" style=\"max-height: 500px; overflow: hidden;\">\n<p>Surjeteuse BROTHER 3034DWT &#8211; Garantie 5 ans Surjeteuse 3 et 4 fils compl\u00e8te avec bac \u00e0 d\u00e9chets, table extension incluse, pied passe poil et pied fronceur. Enfilage ultra rapide et simple du boucleur inf\u00e9rieur, diff\u00e9rentiel, possibilit\u00e9 de faire des ourlets roulott\u00e9s, simple d&rsquo;utilisation. Tr\u00e8s bon rapport qualit\u00e9 prix, notice en Fran\u00e7ais. Machine conviviale avec syst\u00e8me d&rsquo;enfilage simplifi\u00e9 gr\u00e2ce \u00e0 son guide avec code couleur. c&rsquo;est une surjeteuse l\u00e9g\u00e8re et compacte facile \u00e0 transporter. \u00a0 Caract\u00e9ristiques : Bras libre. Syst\u00e8me d&rsquo;enfilage ultra simplifi\u00e9 Diff\u00e9rentiel assurant une couture parfaite sur tout type de tissus Mise en place rapide du doigt mailleur pour ourlet roulott\u00e9 Moteur tr\u00e8s puissant (1300 tours\/minute) Largeur et longueur du point r\u00e9glables Poids de la machine: 5.7kg \u00a0 Simplicit\u00e9 d&rsquo;enfilage et d&rsquo;utilisation Bras libre Table d&rsquo;extension incluse R\u00e9glage de la pression du pied de biche \u00a0 Accessoires inclus : Accessoires : Pochette pour accessoires Pinces Filet Disque bloque-bobine Tournevis hexagonal Jeu d&rsquo;aiguilles Pied fronceur Pied passepoil Bac \u00e0 d\u00e9chets Table d&rsquo;extension\u00a0 Pied pour point invisble \u00c9galement inclus : housse de protection, p\u00e9dale, DVD d&rsquo;instructions \u00a0 Retrouvez tous les accessoires compatibles avec cette machine en cliquant ici \u00a0 Assistance t\u00e9l\u00e9phonique, pi\u00e8ces, main-d&rsquo;\u0153uvre, frais de transport &#8211; aller\/retour &#8211; uniquement pour la France m\u00e9tropolitaine (dont la Corse), la Belgique et le Luxembourg<\/p>\n<\/div>\n<\/div>","protected":false},"excerpt":{"rendered":"<div class=\"keypoints\">\n<h3 class=\"keypoints__title\">Les points cl\u00e9s<\/h3>\n<ul role=\"list\">\n<li class=\"keypoints__item\" role=\"listitem\">                                        Surjeteuse                      <\/li>\n<li class=\"keypoints__item\" role=\"listitem\">                                        Longueur du point : non                      <\/li>\n<\/ul>","protected":false},"featured_media":80642,"template":"","meta":{"_glsr_average":0,"_glsr_ranking":0,"_glsr_reviews":0},"product_cat":[441],"product_tag":[437,153,442],"class_list":{"0":"post-80643","1":"product","2":"type-product","3":"status-publish","4":"has-post-thumbnail","6":"product_cat-surjeteuse","7":"product_tag-couture","8":"product_tag-maison-entretien","9":"product_tag-surjeteuse","11":"first","12":"instock","13":"sale","14":"shipping-taxable","15":"purchasable","16":"product-type-simple"},"_links":{"self":[{"href":"https:\/\/electromenagerexpress.com\/en\/wp-json\/wp\/v2\/product\/80643","targetHints":{"allow":["GET"]}}],"collection":[{"href":"https:\/\/electromenagerexpress.com\/en\/wp-json\/wp\/v2\/product"}],"about":[{"href":"https:\/\/electromenagerexpress.com\/en\/wp-json\/wp\/v2\/types\/product"}],"wp:featuredmedia":[{"embeddable":true,"href":"https:\/\/electromenagerexpress.com\/en\/wp-json\/wp\/v2\/media\/80642"}],"wp:attachment":[{"href":"https:\/\/electromenagerexpress.com\/en\/wp-json\/wp\/v2\/media?parent=80643"}],"wp:term":[{"taxonomy":"product_cat","embeddable":true,"href":"https:\/\/electromenagerexpress.com\/en\/wp-json\/wp\/v2\/product_cat?post=80643"},{"taxonomy":"product_tag","embeddable":true,"href":"https:\/\/electromenagerexpress.com\/en\/wp-json\/wp\/v2\/product_tag?post=80643"}],"curies":[{"name":"wp","href":"https:\/\/api.w.org\/{rel}","templated":true}]}}