{"id":80631,"date":"2024-11-24T15:07:57","date_gmt":"2024-11-24T15:07:57","guid":{"rendered":"https:\/\/electromenagerexpress.com\/product\/machine-a-coudrehusqvarna-vikingbrilliance-75q\/"},"modified":"2024-11-24T15:07:57","modified_gmt":"2024-11-24T15:07:57","slug":"machine-a-coudrehusqvarna-vikingbrilliance-75q","status":"publish","type":"product","link":"https:\/\/electromenagerexpress.com\/en\/product\/machine-a-coudrehusqvarna-vikingbrilliance-75q\/","title":{"rendered":"Machine \u00e0 coudre\t\t\t\t\t\t\tHUSQVARNA VIKING\t\t\t\tBRILLIANCE 75Q"},"content":{"rendered":"<div class=\"product-features__content\">\n<ul role=\"list\">\n<li class=\"product-features__item\" role=\"listitem\">\n<h3 class=\"product-features__label\">Caract\u00e9ristiques g\u00e9n\u00e9rales<\/h3>\n<ul role=\"list\">\n<li class=\"product-features__item-list__item\" role=\"listitem\"><span class=\"is--medium\">Machine :<\/span> Machine \u00e0 coudre \u00e9lectronique\t\t\t\t\t<\/li>\n<li class=\"product-features__item-list__item\" role=\"listitem\"><span class=\"is--medium\">Cat\u00e9gorie :<\/span> Confection\t\t\t\t\t<\/li>\n<li class=\"product-features__item-list__item\" role=\"listitem\"><span class=\"is--medium\">Plaque \u00e0 aiguille gradu\u00e9e :<\/span> Oui\t\t\t\t\t<\/li>\n<li class=\"product-features__item-list__item\" role=\"listitem\"><span class=\"is--medium\">Porte bobine :<\/span> non concern\u00e9\t\t\t\t\t<\/li>\n<li class=\"product-features__item-list__item\" role=\"listitem\"><span class=\"is--medium\">Porte canette m\u00e9tallique :<\/span> Non\t\t\t\t\t<\/li>\n<li class=\"product-features__item-list__item\" role=\"listitem\"><span class=\"is--medium\">Couleur :<\/span> Blanc\t\t\t\t\t<\/li>\n<li class=\"product-features__item-list__item\" role=\"listitem\"><span class=\"is--medium\">Griffe d&rsquo;entrainement :<\/span> non concern\u00e9\t\t\t\t\t<\/li>\n<\/ul>\n<\/li>\n<li class=\"product-features__item\" role=\"listitem\">\n<h3 class=\"product-features__label\">R\u00e9glages<\/h3>\n<ul role=\"list\">\n<li class=\"product-features__item-list__item\" role=\"listitem\"><span class=\"is--medium\">Largeur du point :<\/span> non\t\t\t\t\t<\/li>\n<li class=\"product-features__item-list__item\" role=\"listitem\"><span class=\"is--medium\">Largeur des points :<\/span> non communiqu\u00e9\t\t\t\t\t<\/li>\n<li class=\"product-features__item-list__item\" role=\"listitem\"><span class=\"is--medium\">Longueur du point :<\/span> non\t\t\t\t\t<\/li>\n<li class=\"product-features__item-list__item\" role=\"listitem\"><span class=\"is--medium\">Longueur des points :<\/span> non communiqu\u00e9\t\t\t\t\t<\/li>\n<li class=\"product-features__item-list__item\" role=\"listitem\"><span class=\"is--medium\">Tension du fil :<\/span> non communiqu\u00e9\t\t\t\t\t<\/li>\n<li class=\"product-features__item-list__item\" role=\"listitem\"><span class=\"is--medium\">Pression du pied de biche :<\/span> non\t\t\t\t\t<\/li>\n<li class=\"product-features__item-list__item\" role=\"listitem\"><span class=\"is--medium\">Hauteur du pied de biche :<\/span> Non\t\t\t\t\t<\/li>\n<li class=\"product-features__item-list__item\" role=\"listitem\"><span class=\"is--medium\">Le saviez-vous :<\/span> situ\u00e9 sous l&rsquo;aiguille, le pied de biche (ou pied presseur) sert \u00e0 plaquer le tissu contre la plaque \u00e0 aiguilles et les griffes d&rsquo;entrainement. Il existe differents mod\u00e8les comme le pied universel pour la couture de base ou encore le pied pour boutonniere\t\t\t\t\t<\/li>\n<\/ul>\n<\/li>\n<li class=\"product-features__item\" role=\"listitem\">\n<h3 class=\"product-features__label\">Programmes<\/h3>\n<ul role=\"list\">\n<li class=\"product-features__item-list__item\" role=\"listitem\"><span class=\"is--medium\">Boutonni\u00e8re :<\/span> sans boutonni\u00e8re\t\t\t\t\t<\/li>\n<li class=\"product-features__item-list__item\" role=\"listitem\"><span class=\"is--medium\">Points utilitaires :<\/span> Oui\t\t\t\t\t<\/li>\n<li class=\"product-features__item-list__item\" role=\"listitem\"><span class=\"is--medium\">Points d\u00e9coratifs :<\/span> Oui\t\t\t\t\t<\/li>\n<li class=\"product-features__item-list__item\" role=\"listitem\"><span class=\"is--medium\">Points extensibles :<\/span> Non\t\t\t\t\t<\/li>\n<\/ul>\n<\/li>\n<li class=\"product-features__item\" role=\"listitem\">\n<h3 class=\"product-features__label\">Fonctions sp\u00e9cifiques<\/h3>\n<ul role=\"list\">\n<li class=\"product-features__item-list__item\" role=\"listitem\"><span class=\"is--medium\">Fonction marche arri\u00e8re :<\/span> Oui\t\t\t\t\t<\/li>\n<li class=\"product-features__item-list__item\" role=\"listitem\"><span class=\"is--medium\">Fonction couture des boutons :<\/span> Oui\t\t\t\t\t<\/li>\n<\/ul>\n<\/li>\n<li class=\"product-features__item\" role=\"listitem\">\n<h3 class=\"product-features__label\">Transport et rangement<\/h3>\n<ul role=\"list\">\n<li class=\"product-features__item-list__item\" role=\"listitem\"><span class=\"is--medium\">Poign\u00e9e de transport :<\/span> Oui\t\t\t\t\t<\/li>\n<li class=\"product-features__item-list__item\" role=\"listitem\"><span class=\"is--medium\">Bo\u00eete d&rsquo;accessoires int\u00e9gr\u00e9e :<\/span> Oui\t\t\t\t\t<\/li>\n<li class=\"product-features__item-list__item\" role=\"listitem\"><span class=\"is--medium\">Housse ou valise rigide pour le rangement et transport :<\/span> Non\t\t\t\t\t<\/li>\n<\/ul>\n<\/li>\n<li class=\"product-features__item\" role=\"listitem\">\n<h3 class=\"product-features__label\">Informations et Services<\/h3>\n<ul role=\"list\">\n<li class=\"product-features__item-list__item\" role=\"listitem\"><span class=\"is--medium\">Fabriqu\u00e9 en :<\/span> Chine\t\t\t\t\t<\/li>\n<li class=\"product-features__item-list__item\" role=\"listitem\"><span class=\"is--medium\">Disponibilit\u00e9 des pi\u00e8ces d\u00e9tach\u00e9es (donn\u00e9es fournisseur) :<\/span> Non communiqu\u00e9e\t\t\t\t\t<\/li>\n<li class=\"product-features__item-list__item\" role=\"listitem\"><span class=\"is--medium\">R\u00e9f\u00e9rence constructeur :<\/span> BRILLIANCE 75Q\t\t\t\t\t<\/li>\n<li class=\"product-features__item-list__item\" role=\"listitem\"><span class=\"is--medium\">Marque :<\/span> HUSQVARNA VIKING\t\t\t\t\t<\/li>\n<\/ul>\n<\/li>\n<li class=\"product-features__item\" role=\"listitem\">\n<h3 class=\"product-features__label\">Dimensions<\/h3>\n<ul role=\"list\">\n<li class=\"product-features__item-list__item\" role=\"listitem\"><span class=\"is--medium\">Poids Net (kg) :<\/span> 16,0 kg\t\t\t\t\t<\/li>\n<\/ul>\n<\/li>\n<\/ul>\n<\/div>\n<div class=\"product__disclosure-content\">\n<div class=\"js-read-more product-description__content read-more read-more--truncated\" data-read-more-name=\"description\" style=\"max-height: 500px; overflow: hidden;\">\n<p>Machine \u00e0 coudre HUSQVARNA BRILLIANCE 75Q &#8211; Garantie 5 ans R\u00e9alisez vos r\u00eaves gr\u00e2ce \u00e0 la machine \u00e0 coudre HUSQVARNA VIKING\u00ae BRILLIANCE\u2122 75Q. D&rsquo;un design innovant, cette machine \u00e0 coudre haut de gamme est un concentr\u00e9 de technologie. Les couturi\u00e8res exigeantes trouveront dans cette machine \u00e0 coudre HUSQVARNA VIKING\u00ae BRILLIANCE\u2122 75Q tout ce quelles recherchent, notamment la facilit\u00e9 d&rsquo;utilisation, la pr\u00e9cision et la puissance. Caract\u00e9ristiques: \u00c9cran couleur tactile interactif 3.5\u201d (70&#215;53 mm), r\u00e9solution 320&#215;240 Surface de couture spacieuse de 250 mm (10\u201d) Fonction exclusive SEWING ADVISOR\u00ae Techniques de point exclusives HUSQVARNA VIKING\u00ae, y compris les points dimensionnels (brevet\u00e9s) et les points \u00e0 th\u00e8me. Technologie exclusive SENSOR SYSTEM\u2122 Plus de 460 points int\u00e9gr\u00e9s, class\u00e9s dans 19 cat\u00e9gories Boutons de fonctions de couture pratiques : aiguille en haut\/en bas, marche\/arr\u00eat, stop, fix Coupe-fil automatique 4 alphabets de couture, avec majuscules et minuscules Plaque \u00e0 aiguille pour point droit et capteur Couture en mouvement lat\u00e9ral jusqu&rsquo;\u00e0 54 mm de large 11 styles de boutonni\u00e8res parfaitement \u00e9quilibr\u00e9es 29 positions d&rsquo;aiguillePiqu\u00e9 libre avec tous les points 2 modes de piqu\u00e9 libre S\u00e9curit\u00e9 de largeur de point Fonction de tapering d\u00e9coratif Positionnement de point 24 m\u00e9moires permanentes dans \u00ab Mes points \u00bb Inversion de points en miroir S\u00e9curit\u00e9 d&rsquo;aiguille double R\u00e9glage automatique \u00e9lectronique de la tension de fil Enfile-aiguille int\u00e9gr\u00e9 Capteur de fil de canette avec alerte \u00c9clairage LED de l&rsquo;espace de travail Abaissement automatique des griffes d&rsquo;entra\u00eenement Bobinage de canette \u00e0 partir de l&rsquo;aiguille Aide rapide R\u00e8gle de 43 cm (17\u201d) sur le socle R\u00e8gle \u00e0 boutons sur le socle Porte-stylet int\u00e9gr\u00e9 Couvercle rigide de protection pour le rangement Possibilit\u00e9 de mise \u00e0 jour Port USB \u00a0 La beaut\u00e9 en mouvement : La machine BRILLIANCE\u2122 75Q a \u00e9t\u00e9 con\u00e7ue pour les couturi\u00e8res et les quilteuses. Choisissez entre deux r\u00e9glages de piqu\u00e9 libre pour le quilting ou de superbes broderies en piqu\u00e9 libre avec n&rsquo;importe quel point. Choisissez le r\u00e9glage de piqu\u00e9 libre vous convenant le mieux : l&rsquo;action ressort en piqu\u00e9 libre ou le piqu\u00e9 libre flottant. Vous obtiendrez des r\u00e9sultats spectaculaires ! Des possibilit\u00e9s illimit\u00e9es : Les possibilit\u00e9s sont immenses, avec plus de 460 points class\u00e9s dans 19 cat\u00e9gories pour une s\u00e9lection facile et des points de jusqu&rsquo;\u00e0 54 mm de large. Cousez avec les techniques de point exclusives brevet\u00e9es ou choisissez parmi 4 alphabets de couture contenant des majuscules et des minuscules pour faciliter la programmation. Ecran tactile couleur Fonction exclusive SEWING ADVISOR\u00ae Coupe fil automatique Grand espace de travail \u00a0 Accessoires et pieds inclus Plaque pour point droit Pied utilitaire A Pied pour point d\u00e9coratifs B Pied pour boutonni\u00e8re C Pied pour ourlet invisible D Pied pour fermeture \u00e0 glissi\u00e8re E Pied antiadh\u00e9sif H Pied bordeur J Pied P d&rsquo;assemblage 1\/4&prime; pour courtepointe Pied R pour broderie\/racommodage Pied S pour couture en mouvement lat\u00e9ral Pied senseur pour boutonni\u00e8re une \u00e9tape Pied ouvert transparent Retrouvez tous les accessoires compatibles avec cette machine en cliquant ici \u00c9galement inclus : Notice en fran\u00e7ais Assistance t\u00e9l\u00e9phonique, pi\u00e8ces, main-d&rsquo;\u0153uvre, frais de transport &#8211; aller\/retour &#8211; uniquement pour la France m\u00e9tropolitaine (dont la Corse), la Belgique et le Luxembourg<\/p>\n<\/div>\n<p><bl-button a11yexpanded=\"false\" arialabel=\"Afficher toute la description\" class=\"read-more__btn\" full=\"false\" link=\"true\">Voir plus<\/bl-button><\/div>","protected":false},"excerpt":{"rendered":"<div class=\"keypoints\">\n<h3 class=\"keypoints__title\">Les points cl\u00e9s<\/h3>\n<ul role=\"list\">\n<li class=\"keypoints__item\" role=\"listitem\">                                        Machine \u00e0 coudre \u00e9lectronique                      <\/li>\n<li class=\"keypoints__item\" role=\"listitem\">                                        Longueur du point : non                      <\/li>\n<\/ul>","protected":false},"featured_media":80630,"template":"","meta":{"_glsr_average":0,"_glsr_ranking":0,"_glsr_reviews":0},"product_cat":[436],"product_tag":[437,438,153],"class_list":{"0":"post-80631","1":"product","2":"type-product","3":"status-publish","4":"has-post-thumbnail","6":"product_cat-machine-a-coudre","7":"product_tag-couture","8":"product_tag-machine-a-coudre","9":"product_tag-maison-entretien","11":"first","12":"instock","13":"sale","14":"shipping-taxable","15":"purchasable","16":"product-type-simple"},"_links":{"self":[{"href":"https:\/\/electromenagerexpress.com\/en\/wp-json\/wp\/v2\/product\/80631","targetHints":{"allow":["GET"]}}],"collection":[{"href":"https:\/\/electromenagerexpress.com\/en\/wp-json\/wp\/v2\/product"}],"about":[{"href":"https:\/\/electromenagerexpress.com\/en\/wp-json\/wp\/v2\/types\/product"}],"wp:featuredmedia":[{"embeddable":true,"href":"https:\/\/electromenagerexpress.com\/en\/wp-json\/wp\/v2\/media\/80630"}],"wp:attachment":[{"href":"https:\/\/electromenagerexpress.com\/en\/wp-json\/wp\/v2\/media?parent=80631"}],"wp:term":[{"taxonomy":"product_cat","embeddable":true,"href":"https:\/\/electromenagerexpress.com\/en\/wp-json\/wp\/v2\/product_cat?post=80631"},{"taxonomy":"product_tag","embeddable":true,"href":"https:\/\/electromenagerexpress.com\/en\/wp-json\/wp\/v2\/product_tag?post=80631"}],"curies":[{"name":"wp","href":"https:\/\/api.w.org\/{rel}","templated":true}]}}